{"id":69011,"date":"2025-11-25T16:33:04","date_gmt":"2025-11-25T13:33:04","guid":{"rendered":"https:\/\/malinashop.lt\/?post_type=product&#038;p=69011"},"modified":"2026-02-10T13:15:26","modified_gmt":"2026-02-10T10:15:26","slug":"vita-liberata-fabulous-self-tanning-gradual-lotion-laipsniskas-idegis-200ml","status":"publish","type":"product","link":"https:\/\/www.malinashop.lt\/en\/shop\/vita-liberata-fabulous-self-tanning-gradual-lotion-laipsniskas-idegis-200ml\/","title":{"rendered":"VITA LIBERATA FABULOUS SELF TANNING GRADUAL LOTION laipsni\u0161kas \u012fdegis, 200ml"},"content":{"rendered":"<p data-start=\"161\" data-end=\"539\"><strong data-start=\"161\" data-end=\"215\">VITA LIBERATA Fabulous Self Tanning Gradual Lotion<\/strong> \u2013 tai kasdieniam naudojimui sukurtas, od\u0105 dr\u0117kinantis ir laipsni\u0161k\u0105, nat\u016braliai atrodant\u012f \u012fdeg\u012f suteikiantis losjonas. Priemon\u0117 puikiai tinka sausai, jautriai, brand\u017eiai ar pigmentuotai odai, nes formul\u0117je gausu od\u0105 puosel\u0117jan\u010di\u0173, sertifikuot\u0173 augalini\u0173 ekstrakt\u0173 bei hialurono, kuris giliai dr\u0117kina ir atkuria elastingum\u0105.<\/p>\n<p data-start=\"541\" data-end=\"803\">\u0160is \u201edu viename\u201c losjonas dr\u0117kina od\u0105 ir tuo pa\u010diu \u0161velniai stiprina jos atspalv\u012f, tod\u0117l \u012fdegis formuojasi palaipsniui ir atrodo nat\u016braliai. D\u0117l Odour Remove\u2122 technologijos produktas yra visi\u0161kai bekvapis, nesukelia diskomforto ir nepalieka \u017eymi\u0173 ant drabu\u017ei\u0173.<\/p>\n<p data-start=\"805\" data-end=\"1015\">Moisture Locking sistema palaiko odos dr\u0117gm\u0119 iki 72 val., o ekologi\u0161ki ekstraktai, tokie kaip alijo\u0161ius, pantenolis, avie\u010di\u0173 ir ginkmed\u017eio ekstraktai, suteikia raminam\u0105j\u012f, antioksidacin\u012f ir atkuriam\u0105j\u012f poveik\u012f.<\/p>\n<p data-start=\"1017\" data-end=\"1145\">Losjonas \u012fvertintas \u201eThink Dirty\u201c sistemoje net 0 bal\u0173 \u2013 tai rei\u0161kia maksimaliai \u0161vari\u0105, saugi\u0105 ir sveikatai palanki\u0105 formul\u0119.<\/p>\n<p data-start=\"1147\" data-end=\"1259\">Tinka naudoti tiek k\u016bnui, tiek veidui. Puikus pasirinkimas norint i\u0161laikyti pHenomenal serijos \u012fdegio rezultat\u0105.<\/p>\n<h4 data-start=\"1261\" data-end=\"1279\"><strong data-start=\"1265\" data-end=\"1279\">Privalumai<\/strong><\/h4>\n<ul data-start=\"1280\" data-end=\"1587\">\n<li data-start=\"1280\" data-end=\"1325\">\n<p data-start=\"1282\" data-end=\"1325\">Laipsni\u0161kas, nat\u016braliai atrodantis \u012fdegis<\/p>\n<\/li>\n<li data-start=\"1326\" data-end=\"1360\">\n<p data-start=\"1328\" data-end=\"1360\">Dr\u0117kina ir maitina od\u0105 kasdien<\/p>\n<\/li>\n<li data-start=\"1361\" data-end=\"1380\">\n<p data-start=\"1363\" data-end=\"1380\">Bekvap\u0117 formul\u0117<\/p>\n<\/li>\n<li data-start=\"1381\" data-end=\"1407\">\n<p data-start=\"1383\" data-end=\"1407\">Ne suteplioja drabu\u017ei\u0173<\/p>\n<\/li>\n<li data-start=\"1408\" data-end=\"1455\">\n<p data-start=\"1410\" data-end=\"1455\">Stiprina savaiminio \u012fdegio priemoni\u0173 efekt\u0105<\/p>\n<\/li>\n<li data-start=\"1456\" data-end=\"1511\">\n<p data-start=\"1458\" data-end=\"1511\">Be alkoholio, sulfat\u0173, silikon\u0173 ir sintetini\u0173 kvap\u0173<\/p>\n<\/li>\n<li data-start=\"1512\" data-end=\"1561\">\n<p data-start=\"1514\" data-end=\"1561\">Ekologi\u0161ki augaliniai ekstraktai + hialuronas<\/p>\n<\/li>\n<li data-start=\"1562\" data-end=\"1587\">\n<p data-start=\"1564\" data-end=\"1587\">Tinka veidui ir k\u016bnui<\/p>\n<\/li>\n<\/ul>\n<h4 data-start=\"1589\" data-end=\"1634\"><strong data-start=\"1593\" data-end=\"1634\">Sud\u0117tyje esantys aktyvieji ekstraktai<\/strong><\/h4>\n<ul data-start=\"1635\" data-end=\"1973\">\n<li data-start=\"1635\" data-end=\"1668\">\n<p data-start=\"1637\" data-end=\"1668\">Alijo\u0161ius \u2013 dr\u0117kina ir ramina<\/p>\n<\/li>\n<li data-start=\"1669\" data-end=\"1700\">\n<p data-start=\"1671\" data-end=\"1700\">Pantenolis \u2013 odos dr\u0117kiklis<\/p>\n<\/li>\n<li data-start=\"1701\" data-end=\"1747\">\n<p data-start=\"1703\" data-end=\"1747\">Taukmed\u017ei\u0173 sviestas \u2013 mink\u0161tina ir maitina<\/p>\n<\/li>\n<li data-start=\"1748\" data-end=\"1807\">\n<p data-start=\"1750\" data-end=\"1807\">Melion\u0173 ir avie\u010di\u0173 ekstraktai \u2013 antioksidantai, dr\u0117kina<\/p>\n<\/li>\n<li data-start=\"1808\" data-end=\"1853\">\n<p data-start=\"1810\" data-end=\"1853\">Ginkmedis \u2013 jaunina ir suteikia stangrumo<\/p>\n<\/li>\n<li data-start=\"1854\" data-end=\"1887\">\n<p data-start=\"1856\" data-end=\"1887\">Saldymedis \u2013 lygina ir ramina<\/p>\n<\/li>\n<li data-start=\"1888\" data-end=\"1926\">\n<p data-start=\"1890\" data-end=\"1926\">Hialuronas \u2013 intensyvus dr\u0117kinimas<\/p>\n<\/li>\n<li data-start=\"1927\" data-end=\"1973\">\n<p data-start=\"1929\" data-end=\"1973\">Vynuogi\u0173 ekstraktas \u2013 apsaugo odos barjer\u0105<\/p>\n<\/li>\n<\/ul>\n<h4 data-start=\"1975\" data-end=\"1993\"><strong data-start=\"1979\" data-end=\"1993\">Naudojimas<\/strong><\/h4>\n<p data-start=\"1994\" data-end=\"2273\">Tepkite ant \u0161varios, nu\u0161veistos odos. Prie\u0161 proced\u016br\u0105 venkite aliejini\u0173 priemoni\u0173. Losjon\u0105 paskirstykite tolygiai sukamaisiais judesiais. Po naudojimo nusiplaukite rankas.<br data-start=\"2165\" data-end=\"2168\" \/>Norint palaikyti intensyvesn\u012f \u012fdeg\u012f, derinkite su Vita Liberata savaiminio \u012fdegio putomis arba losjonais.<\/p>\n","protected":false},"excerpt":{"rendered":"<p data-start=\"2314\" data-end=\"2570\">Laipsni\u0161kai \u012fdeg\u012f suteikiantis, dr\u0117kinantis VITA LIBERATA Fabulous losjonas su hialuronu ir ekologi\u0161kais augaliniais ekstraktais. Bekvap\u0117 formul\u0117, netepa drabu\u017ei\u0173, tinka visiems odos tipams. Idealiai palaiko savaiminio \u012fdegio efekt\u0105. Tinka k\u016bnui ir veidui.<\/p>\n","protected":false},"featured_media":62245,"template":"","meta":[],"product_brand":[1407],"product_cat":[541,731],"product_tag":[1627],"class_list":{"0":"post-69011","1":"product","2":"type-product","3":"status-publish","4":"has-post-thumbnail","6":"product_brand-vita-liberata","7":"product_cat-kuno-kremai","8":"product_cat-kunui","9":"product_tag-vita-liberata","11":"first","12":"outofstock","13":"purchasable","14":"product-type-simple"},"yoast_head":"<!-- This site is optimized with the Yoast SEO plugin v27.4 - https:\/\/yoast.com\/product\/yoast-seo-wordpress\/ -->\n<title>VITA LIBERATA FABULOUS SELF TANNING GRADUAL LOTION laipsni\u0161kas \u012fdegis, 200ml - MalinaShop.lt J\u016bs\u0173 sveikatai ir gro\u017eiui.<\/title>\n<meta name=\"description\" content=\"VITA LIBERATA Fabulous \u2013 bekvapis, dr\u0117kinantis laipsni\u0161ko \u012fdegio losjonas su hialuronu. Nat\u016bralus atspalvis, \u0161vari sud\u0117tis, tinka visiems odos tipams.\" \/>\n<meta name=\"robots\" content=\"index, follow, max-snippet:-1, max-image-preview:large, max-video-preview:-1\" \/>\n<link rel=\"canonical\" href=\"https:\/\/www.malinashop.lt\/en\/shop\/vita-liberata-fabulous-self-tanning-gradual-lotion-laipsniskas-idegis-200ml\/\" \/>\n<meta property=\"og:locale\" content=\"en_GB\" \/>\n<meta property=\"og:type\" content=\"article\" \/>\n<meta property=\"og:title\" content=\"VITA LIBERATA FABULOUS SELF TANNING GRADUAL LOTION laipsni\u0161kas \u012fdegis, 200ml - MalinaShop.lt J\u016bs\u0173 sveikatai ir gro\u017eiui.\" \/>\n<meta property=\"og:description\" content=\"VITA LIBERATA Fabulous \u2013 bekvapis, dr\u0117kinantis laipsni\u0161ko \u012fdegio losjonas su hialuronu. Nat\u016bralus atspalvis, \u0161vari sud\u0117tis, tinka visiems odos tipams.\" \/>\n<meta property=\"og:url\" content=\"https:\/\/www.malinashop.lt\/en\/shop\/vita-liberata-fabulous-self-tanning-gradual-lotion-laipsniskas-idegis-200ml\/\" \/>\n<meta property=\"og:site_name\" content=\"MalinaShop.lt J\u016bs\u0173 sveikatai ir gro\u017eiui.\" \/>\n<meta property=\"article:modified_time\" content=\"2026-02-10T10:15:26+00:00\" \/>\n<meta property=\"og:image\" content=\"https:\/\/www.malinashop.lt\/wp-content\/uploads\/2025\/11\/vita-liberata-fabulous-gradual-tanning-lotion-untinted-laipsnisko-idegio-losjonas.jpg\" \/>\n\t<meta property=\"og:image:width\" content=\"500\" \/>\n\t<meta property=\"og:image:height\" content=\"500\" \/>\n\t<meta property=\"og:image:type\" content=\"image\/jpeg\" \/>\n<meta name=\"twitter:card\" content=\"summary_large_image\" \/>\n<script type=\"application\/ld+json\" class=\"yoast-schema-graph\">{\"@context\":\"https:\\\/\\\/schema.org\",\"@graph\":[{\"@type\":\"WebPage\",\"@id\":\"https:\\\/\\\/www.malinashop.lt\\\/en\\\/shop\\\/vita-liberata-fabulous-self-tanning-gradual-lotion-laipsniskas-idegis-200ml\\\/\",\"url\":\"https:\\\/\\\/www.malinashop.lt\\\/en\\\/shop\\\/vita-liberata-fabulous-self-tanning-gradual-lotion-laipsniskas-idegis-200ml\\\/\",\"name\":\"VITA LIBERATA FABULOUS SELF TANNING GRADUAL LOTION laipsni\u0161kas \u012fdegis, 200ml - MalinaShop.lt J\u016bs\u0173 sveikatai ir gro\u017eiui.\",\"isPartOf\":{\"@id\":\"https:\\\/\\\/www.malinashop.lt\\\/en\\\/#website\"},\"primaryImageOfPage\":{\"@id\":\"https:\\\/\\\/www.malinashop.lt\\\/en\\\/shop\\\/vita-liberata-fabulous-self-tanning-gradual-lotion-laipsniskas-idegis-200ml\\\/#primaryimage\"},\"image\":{\"@id\":\"https:\\\/\\\/www.malinashop.lt\\\/en\\\/shop\\\/vita-liberata-fabulous-self-tanning-gradual-lotion-laipsniskas-idegis-200ml\\\/#primaryimage\"},\"thumbnailUrl\":\"https:\\\/\\\/www.malinashop.lt\\\/wp-content\\\/uploads\\\/2025\\\/11\\\/vita-liberata-fabulous-gradual-tanning-lotion-untinted-laipsnisko-idegio-losjonas.jpg\",\"datePublished\":\"2025-11-25T13:33:04+00:00\",\"dateModified\":\"2026-02-10T10:15:26+00:00\",\"description\":\"VITA LIBERATA Fabulous \u2013 bekvapis, dr\u0117kinantis laipsni\u0161ko \u012fdegio losjonas su hialuronu. Nat\u016bralus atspalvis, \u0161vari sud\u0117tis, tinka visiems odos tipams.\",\"breadcrumb\":{\"@id\":\"https:\\\/\\\/www.malinashop.lt\\\/en\\\/shop\\\/vita-liberata-fabulous-self-tanning-gradual-lotion-laipsniskas-idegis-200ml\\\/#breadcrumb\"},\"inLanguage\":\"en-GB\",\"potentialAction\":[{\"@type\":\"ReadAction\",\"target\":[\"https:\\\/\\\/www.malinashop.lt\\\/en\\\/shop\\\/vita-liberata-fabulous-self-tanning-gradual-lotion-laipsniskas-idegis-200ml\\\/\"]}]},{\"@type\":\"ImageObject\",\"inLanguage\":\"en-GB\",\"@id\":\"https:\\\/\\\/www.malinashop.lt\\\/en\\\/shop\\\/vita-liberata-fabulous-self-tanning-gradual-lotion-laipsniskas-idegis-200ml\\\/#primaryimage\",\"url\":\"https:\\\/\\\/www.malinashop.lt\\\/wp-content\\\/uploads\\\/2025\\\/11\\\/vita-liberata-fabulous-gradual-tanning-lotion-untinted-laipsnisko-idegio-losjonas.jpg\",\"contentUrl\":\"https:\\\/\\\/www.malinashop.lt\\\/wp-content\\\/uploads\\\/2025\\\/11\\\/vita-liberata-fabulous-gradual-tanning-lotion-untinted-laipsnisko-idegio-losjonas.jpg\",\"width\":500,\"height\":500},{\"@type\":\"BreadcrumbList\",\"@id\":\"https:\\\/\\\/www.malinashop.lt\\\/en\\\/shop\\\/vita-liberata-fabulous-self-tanning-gradual-lotion-laipsniskas-idegis-200ml\\\/#breadcrumb\",\"itemListElement\":[{\"@type\":\"ListItem\",\"position\":1,\"name\":\"Home\",\"item\":\"https:\\\/\\\/www.malinashop.lt\\\/en\\\/\"},{\"@type\":\"ListItem\",\"position\":2,\"name\":\"Parduotuv\u0117\",\"item\":\"https:\\\/\\\/www.malinashop.lt\\\/en\\\/parduotuve\\\/\"},{\"@type\":\"ListItem\",\"position\":3,\"name\":\"VITA LIBERATA FABULOUS SELF TANNING GRADUAL LOTION laipsni\u0161kas \u012fdegis, 200ml\"}]},{\"@type\":\"WebSite\",\"@id\":\"https:\\\/\\\/www.malinashop.lt\\\/en\\\/#website\",\"url\":\"https:\\\/\\\/www.malinashop.lt\\\/en\\\/\",\"name\":\"COM Group Ecommerce\",\"description\":\"MalinaShop.lt - Gro\u017eio ir sveikatos produktai i\u0161 patikim\u0173 preki\u0173 \u017eenkl\u0173. Atraskite auk\u0161tos kokyb\u0117s kosmetik\u0105 u\u017e puiki\u0105 kain\u0105.\",\"publisher\":{\"@id\":\"https:\\\/\\\/www.malinashop.lt\\\/en\\\/#organization\"},\"potentialAction\":[{\"@type\":\"SearchAction\",\"target\":{\"@type\":\"EntryPoint\",\"urlTemplate\":\"https:\\\/\\\/www.malinashop.lt\\\/en\\\/?s={search_term_string}\"},\"query-input\":{\"@type\":\"PropertyValueSpecification\",\"valueRequired\":true,\"valueName\":\"search_term_string\"}}],\"inLanguage\":\"en-GB\"},{\"@type\":\"Organization\",\"@id\":\"https:\\\/\\\/www.malinashop.lt\\\/en\\\/#organization\",\"name\":\"COM Group Ecommerce\",\"url\":\"https:\\\/\\\/www.malinashop.lt\\\/en\\\/\",\"logo\":{\"@type\":\"ImageObject\",\"inLanguage\":\"en-GB\",\"@id\":\"https:\\\/\\\/www.malinashop.lt\\\/en\\\/#\\\/schema\\\/logo\\\/image\\\/\",\"url\":\"https:\\\/\\\/www.malinashop.lt\\\/wp-content\\\/uploads\\\/2024\\\/08\\\/462559670_3787732518133670_9795632669273463_n-e1731525914575.png\",\"contentUrl\":\"https:\\\/\\\/www.malinashop.lt\\\/wp-content\\\/uploads\\\/2024\\\/08\\\/462559670_3787732518133670_9795632669273463_n-e1731525914575.png\",\"width\":180,\"height\":60,\"caption\":\"COM Group Ecommerce\"},\"image\":{\"@id\":\"https:\\\/\\\/www.malinashop.lt\\\/en\\\/#\\\/schema\\\/logo\\\/image\\\/\"}}]}<\/script>\n<!-- \/ Yoast SEO plugin. -->","yoast_head_json":{"title":"VITA LIBERATA FABULOUS SELF TANNING GRADUAL LOTION laipsni\u0161kas \u012fdegis, 200ml - MalinaShop.lt J\u016bs\u0173 sveikatai ir gro\u017eiui.","description":"VITA LIBERATA Fabulous \u2013 bekvapis, dr\u0117kinantis laipsni\u0161ko \u012fdegio losjonas su hialuronu. Nat\u016bralus atspalvis, \u0161vari sud\u0117tis, tinka visiems odos tipams.","robots":{"index":"index","follow":"follow","max-snippet":"max-snippet:-1","max-image-preview":"max-image-preview:large","max-video-preview":"max-video-preview:-1"},"canonical":"https:\/\/www.malinashop.lt\/en\/shop\/vita-liberata-fabulous-self-tanning-gradual-lotion-laipsniskas-idegis-200ml\/","og_locale":"en_GB","og_type":"article","og_title":"VITA LIBERATA FABULOUS SELF TANNING GRADUAL LOTION laipsni\u0161kas \u012fdegis, 200ml - MalinaShop.lt J\u016bs\u0173 sveikatai ir gro\u017eiui.","og_description":"VITA LIBERATA Fabulous \u2013 bekvapis, dr\u0117kinantis laipsni\u0161ko \u012fdegio losjonas su hialuronu. Nat\u016bralus atspalvis, \u0161vari sud\u0117tis, tinka visiems odos tipams.","og_url":"https:\/\/www.malinashop.lt\/en\/shop\/vita-liberata-fabulous-self-tanning-gradual-lotion-laipsniskas-idegis-200ml\/","og_site_name":"MalinaShop.lt J\u016bs\u0173 sveikatai ir gro\u017eiui.","article_modified_time":"2026-02-10T10:15:26+00:00","og_image":[{"width":500,"height":500,"url":"https:\/\/www.malinashop.lt\/wp-content\/uploads\/2025\/11\/vita-liberata-fabulous-gradual-tanning-lotion-untinted-laipsnisko-idegio-losjonas.jpg","type":"image\/jpeg"}],"twitter_card":"summary_large_image","schema":{"@context":"https:\/\/schema.org","@graph":[{"@type":"WebPage","@id":"https:\/\/www.malinashop.lt\/en\/shop\/vita-liberata-fabulous-self-tanning-gradual-lotion-laipsniskas-idegis-200ml\/","url":"https:\/\/www.malinashop.lt\/en\/shop\/vita-liberata-fabulous-self-tanning-gradual-lotion-laipsniskas-idegis-200ml\/","name":"VITA LIBERATA FABULOUS SELF TANNING GRADUAL LOTION laipsni\u0161kas \u012fdegis, 200ml - MalinaShop.lt J\u016bs\u0173 sveikatai ir gro\u017eiui.","isPartOf":{"@id":"https:\/\/www.malinashop.lt\/en\/#website"},"primaryImageOfPage":{"@id":"https:\/\/www.malinashop.lt\/en\/shop\/vita-liberata-fabulous-self-tanning-gradual-lotion-laipsniskas-idegis-200ml\/#primaryimage"},"image":{"@id":"https:\/\/www.malinashop.lt\/en\/shop\/vita-liberata-fabulous-self-tanning-gradual-lotion-laipsniskas-idegis-200ml\/#primaryimage"},"thumbnailUrl":"https:\/\/www.malinashop.lt\/wp-content\/uploads\/2025\/11\/vita-liberata-fabulous-gradual-tanning-lotion-untinted-laipsnisko-idegio-losjonas.jpg","datePublished":"2025-11-25T13:33:04+00:00","dateModified":"2026-02-10T10:15:26+00:00","description":"VITA LIBERATA Fabulous \u2013 bekvapis, dr\u0117kinantis laipsni\u0161ko \u012fdegio losjonas su hialuronu. Nat\u016bralus atspalvis, \u0161vari sud\u0117tis, tinka visiems odos tipams.","breadcrumb":{"@id":"https:\/\/www.malinashop.lt\/en\/shop\/vita-liberata-fabulous-self-tanning-gradual-lotion-laipsniskas-idegis-200ml\/#breadcrumb"},"inLanguage":"en-GB","potentialAction":[{"@type":"ReadAction","target":["https:\/\/www.malinashop.lt\/en\/shop\/vita-liberata-fabulous-self-tanning-gradual-lotion-laipsniskas-idegis-200ml\/"]}]},{"@type":"ImageObject","inLanguage":"en-GB","@id":"https:\/\/www.malinashop.lt\/en\/shop\/vita-liberata-fabulous-self-tanning-gradual-lotion-laipsniskas-idegis-200ml\/#primaryimage","url":"https:\/\/www.malinashop.lt\/wp-content\/uploads\/2025\/11\/vita-liberata-fabulous-gradual-tanning-lotion-untinted-laipsnisko-idegio-losjonas.jpg","contentUrl":"https:\/\/www.malinashop.lt\/wp-content\/uploads\/2025\/11\/vita-liberata-fabulous-gradual-tanning-lotion-untinted-laipsnisko-idegio-losjonas.jpg","width":500,"height":500},{"@type":"BreadcrumbList","@id":"https:\/\/www.malinashop.lt\/en\/shop\/vita-liberata-fabulous-self-tanning-gradual-lotion-laipsniskas-idegis-200ml\/#breadcrumb","itemListElement":[{"@type":"ListItem","position":1,"name":"Home","item":"https:\/\/www.malinashop.lt\/en\/"},{"@type":"ListItem","position":2,"name":"Parduotuv\u0117","item":"https:\/\/www.malinashop.lt\/en\/parduotuve\/"},{"@type":"ListItem","position":3,"name":"VITA LIBERATA FABULOUS SELF TANNING GRADUAL LOTION laipsni\u0161kas \u012fdegis, 200ml"}]},{"@type":"WebSite","@id":"https:\/\/www.malinashop.lt\/en\/#website","url":"https:\/\/www.malinashop.lt\/en\/","name":"COM Group Ecommerce","description":"MalinaShop.lt - Gro\u017eio ir sveikatos produktai i\u0161 patikim\u0173 preki\u0173 \u017eenkl\u0173. Atraskite auk\u0161tos kokyb\u0117s kosmetik\u0105 u\u017e puiki\u0105 kain\u0105.","publisher":{"@id":"https:\/\/www.malinashop.lt\/en\/#organization"},"potentialAction":[{"@type":"SearchAction","target":{"@type":"EntryPoint","urlTemplate":"https:\/\/www.malinashop.lt\/en\/?s={search_term_string}"},"query-input":{"@type":"PropertyValueSpecification","valueRequired":true,"valueName":"search_term_string"}}],"inLanguage":"en-GB"},{"@type":"Organization","@id":"https:\/\/www.malinashop.lt\/en\/#organization","name":"COM Group Ecommerce","url":"https:\/\/www.malinashop.lt\/en\/","logo":{"@type":"ImageObject","inLanguage":"en-GB","@id":"https:\/\/www.malinashop.lt\/en\/#\/schema\/logo\/image\/","url":"https:\/\/www.malinashop.lt\/wp-content\/uploads\/2024\/08\/462559670_3787732518133670_9795632669273463_n-e1731525914575.png","contentUrl":"https:\/\/www.malinashop.lt\/wp-content\/uploads\/2024\/08\/462559670_3787732518133670_9795632669273463_n-e1731525914575.png","width":180,"height":60,"caption":"COM Group Ecommerce"},"image":{"@id":"https:\/\/www.malinashop.lt\/en\/#\/schema\/logo\/image\/"}}]}},"jetpack_sharing_enabled":true,"_links":{"self":[{"href":"https:\/\/www.malinashop.lt\/en\/wp-json\/wp\/v2\/product\/69011","targetHints":{"allow":["GET"]}}],"collection":[{"href":"https:\/\/www.malinashop.lt\/en\/wp-json\/wp\/v2\/product"}],"about":[{"href":"https:\/\/www.malinashop.lt\/en\/wp-json\/wp\/v2\/types\/product"}],"version-history":[{"count":2,"href":"https:\/\/www.malinashop.lt\/en\/wp-json\/wp\/v2\/product\/69011\/revisions"}],"predecessor-version":[{"id":72004,"href":"https:\/\/www.malinashop.lt\/en\/wp-json\/wp\/v2\/product\/69011\/revisions\/72004"}],"wp:featuredmedia":[{"embeddable":true,"href":"https:\/\/www.malinashop.lt\/en\/wp-json\/wp\/v2\/media\/62245"}],"wp:attachment":[{"href":"https:\/\/www.malinashop.lt\/en\/wp-json\/wp\/v2\/media?parent=69011"}],"wp:term":[{"taxonomy":"product_brand","embeddable":true,"href":"https:\/\/www.malinashop.lt\/en\/wp-json\/wp\/v2\/product_brand?post=69011"},{"taxonomy":"product_cat","embeddable":true,"href":"https:\/\/www.malinashop.lt\/en\/wp-json\/wp\/v2\/product_cat?post=69011"},{"taxonomy":"product_tag","embeddable":true,"href":"https:\/\/www.malinashop.lt\/en\/wp-json\/wp\/v2\/product_tag?post=69011"}],"curies":[{"name":"wp","href":"https:\/\/api.w.org\/{rel}","templated":true}]}}