{"id":68989,"date":"2025-11-25T16:33:04","date_gmt":"2025-11-25T13:33:04","guid":{"rendered":"https:\/\/malinashop.lt\/?post_type=product&#038;p=68989"},"modified":"2026-02-10T13:12:41","modified_gmt":"2026-02-10T10:12:41","slug":"sla-paris-akiu-seseliu-palete-blend-it-811-05-6x1g","status":"publish","type":"product","link":"https:\/\/www.malinashop.lt\/en\/shop\/sla-paris-akiu-seseliu-palete-blend-it-811-05-6x1g\/","title":{"rendered":"SLA PARIS aki\u0173 \u0161e\u0161\u0117li\u0173 palet\u0117 BLEND IT 811-05, 6x1g"},"content":{"rendered":"<p><strong data-start=\"48\" data-end=\"99\">SLA PARIS aki\u0173 \u0161e\u0161\u0117li\u0173 palet\u0117 BLEND IT (811-05)<\/strong> \u2013 tai kompakti\u0161ka, profesionalios kokyb\u0117s \u0161e\u0161\u0117li\u0173 palet\u0117, skirta lengvam ir tiksliam aki\u0173 makia\u017eui. Palet\u0117je rasite <strong data-start=\"216\" data-end=\"265\">6 mikronizuotus, itin pigmentuotus atspalvius<\/strong>, kurie nesubyra, lengvai sklaidosi ir leid\u017eia sukurti tiek kasdienius, tiek ry\u0161kius vakaro makia\u017eo \u012fvaizd\u017eius.<br data-start=\"376\" data-end=\"379\" \/>D\u0117l savo nedidelio dyd\u017eio \u0161i \u0161e\u0161\u0117li\u0173 palet\u0117 puikiai telpa kosmetin\u0117je ir tinka kelion\u0117ms. \u201eBlend It\u201c \u2013 idealus pasirinkimas norin\u010dioms sodri\u0173 spalv\u0173, patogaus naudojimo ir ilgaam\u017ei\u0161ko rezultato.<\/p>\n","protected":false},"excerpt":{"rendered":"<p data-start=\"617\" data-end=\"801\">Kompakti\u0161ka <strong data-start=\"629\" data-end=\"651\">SLA PARIS BLEND IT<\/strong> aki\u0173 \u0161e\u0161\u0117li\u0173 palet\u0117 su 6 intensyviai pigmentuotais, mikronizuotais atspalviais. \u0160e\u0161\u0117liai nebyra, lengvai sklaidosi ir tinka bet kokiam aki\u0173 makia\u017eui.<\/p>\n","protected":false},"featured_media":62206,"template":"","meta":[],"product_brand":[1527],"product_cat":[102,528],"product_tag":[1623],"class_list":{"0":"post-68989","1":"product","2":"type-product","3":"status-publish","4":"has-post-thumbnail","6":"product_brand-sla-paris","7":"product_cat-dekoratyvine-kosmetika","8":"product_cat-modeliavimo-priemones","9":"product_tag-sla-paris","11":"first","12":"instock","13":"purchasable","14":"product-type-simple"},"yoast_head":"<!-- This site is optimized with the Yoast SEO plugin v27.4 - https:\/\/yoast.com\/product\/yoast-seo-wordpress\/ -->\n<title>SLA PARIS aki\u0173 \u0161e\u0161\u0117li\u0173 palet\u0117 BLEND IT 811-05, 6x1g - MalinaShop.lt J\u016bs\u0173 sveikatai ir gro\u017eiui.<\/title>\n<meta name=\"description\" content=\"SLA PARIS BLEND IT aki\u0173 \u0161e\u0161\u0117li\u0173 palet\u0117 \u2013 6 pigmentuoti, nebyrantys atspalviai kasdieniam ir vakariniam makia\u017eui. Kompakti\u0161ka ir patogi kelion\u0117ms.\" \/>\n<meta name=\"robots\" content=\"index, follow, max-snippet:-1, max-image-preview:large, max-video-preview:-1\" \/>\n<link rel=\"canonical\" href=\"https:\/\/www.malinashop.lt\/en\/shop\/sla-paris-akiu-seseliu-palete-blend-it-811-05-6x1g\/\" \/>\n<meta property=\"og:locale\" content=\"en_GB\" \/>\n<meta property=\"og:type\" content=\"article\" \/>\n<meta property=\"og:title\" content=\"SLA PARIS aki\u0173 \u0161e\u0161\u0117li\u0173 palet\u0117 BLEND IT 811-05, 6x1g - MalinaShop.lt J\u016bs\u0173 sveikatai ir gro\u017eiui.\" \/>\n<meta property=\"og:description\" content=\"SLA PARIS BLEND IT aki\u0173 \u0161e\u0161\u0117li\u0173 palet\u0117 \u2013 6 pigmentuoti, nebyrantys atspalviai kasdieniam ir vakariniam makia\u017eui. Kompakti\u0161ka ir patogi kelion\u0117ms.\" \/>\n<meta property=\"og:url\" content=\"https:\/\/www.malinashop.lt\/en\/shop\/sla-paris-akiu-seseliu-palete-blend-it-811-05-6x1g\/\" \/>\n<meta property=\"og:site_name\" content=\"MalinaShop.lt J\u016bs\u0173 sveikatai ir gro\u017eiui.\" \/>\n<meta property=\"article:modified_time\" content=\"2026-02-10T10:12:41+00:00\" \/>\n<meta property=\"og:image\" content=\"https:\/\/www.malinashop.lt\/wp-content\/uploads\/2025\/11\/akiu-seseliu-palete-blend-it-6x1g.jpg\" \/>\n\t<meta property=\"og:image:width\" content=\"800\" \/>\n\t<meta property=\"og:image:height\" content=\"800\" \/>\n\t<meta property=\"og:image:type\" content=\"image\/jpeg\" \/>\n<meta name=\"twitter:card\" content=\"summary_large_image\" \/>\n<script type=\"application\/ld+json\" class=\"yoast-schema-graph\">{\"@context\":\"https:\\\/\\\/schema.org\",\"@graph\":[{\"@type\":\"WebPage\",\"@id\":\"https:\\\/\\\/www.malinashop.lt\\\/en\\\/shop\\\/sla-paris-akiu-seseliu-palete-blend-it-811-05-6x1g\\\/\",\"url\":\"https:\\\/\\\/www.malinashop.lt\\\/en\\\/shop\\\/sla-paris-akiu-seseliu-palete-blend-it-811-05-6x1g\\\/\",\"name\":\"SLA PARIS aki\u0173 \u0161e\u0161\u0117li\u0173 palet\u0117 BLEND IT 811-05, 6x1g - MalinaShop.lt J\u016bs\u0173 sveikatai ir gro\u017eiui.\",\"isPartOf\":{\"@id\":\"https:\\\/\\\/www.malinashop.lt\\\/#website\"},\"primaryImageOfPage\":{\"@id\":\"https:\\\/\\\/www.malinashop.lt\\\/en\\\/shop\\\/sla-paris-akiu-seseliu-palete-blend-it-811-05-6x1g\\\/#primaryimage\"},\"image\":{\"@id\":\"https:\\\/\\\/www.malinashop.lt\\\/en\\\/shop\\\/sla-paris-akiu-seseliu-palete-blend-it-811-05-6x1g\\\/#primaryimage\"},\"thumbnailUrl\":\"https:\\\/\\\/www.malinashop.lt\\\/wp-content\\\/uploads\\\/2025\\\/11\\\/akiu-seseliu-palete-blend-it-6x1g.jpg\",\"datePublished\":\"2025-11-25T13:33:04+00:00\",\"dateModified\":\"2026-02-10T10:12:41+00:00\",\"description\":\"SLA PARIS BLEND IT aki\u0173 \u0161e\u0161\u0117li\u0173 palet\u0117 \u2013 6 pigmentuoti, nebyrantys atspalviai kasdieniam ir vakariniam makia\u017eui. Kompakti\u0161ka ir patogi kelion\u0117ms.\",\"breadcrumb\":{\"@id\":\"https:\\\/\\\/www.malinashop.lt\\\/en\\\/shop\\\/sla-paris-akiu-seseliu-palete-blend-it-811-05-6x1g\\\/#breadcrumb\"},\"inLanguage\":\"en-GB\",\"potentialAction\":[{\"@type\":\"ReadAction\",\"target\":[\"https:\\\/\\\/www.malinashop.lt\\\/en\\\/shop\\\/sla-paris-akiu-seseliu-palete-blend-it-811-05-6x1g\\\/\"]}]},{\"@type\":\"ImageObject\",\"inLanguage\":\"en-GB\",\"@id\":\"https:\\\/\\\/www.malinashop.lt\\\/en\\\/shop\\\/sla-paris-akiu-seseliu-palete-blend-it-811-05-6x1g\\\/#primaryimage\",\"url\":\"https:\\\/\\\/www.malinashop.lt\\\/wp-content\\\/uploads\\\/2025\\\/11\\\/akiu-seseliu-palete-blend-it-6x1g.jpg\",\"contentUrl\":\"https:\\\/\\\/www.malinashop.lt\\\/wp-content\\\/uploads\\\/2025\\\/11\\\/akiu-seseliu-palete-blend-it-6x1g.jpg\",\"width\":800,\"height\":800},{\"@type\":\"BreadcrumbList\",\"@id\":\"https:\\\/\\\/www.malinashop.lt\\\/en\\\/shop\\\/sla-paris-akiu-seseliu-palete-blend-it-811-05-6x1g\\\/#breadcrumb\",\"itemListElement\":[{\"@type\":\"ListItem\",\"position\":1,\"name\":\"Pagrindinis\",\"item\":\"https:\\\/\\\/www.malinashop.lt\\\/\"},{\"@type\":\"ListItem\",\"position\":2,\"name\":\"Parduotuv\u0117\",\"item\":\"https:\\\/\\\/www.malinashop.lt\\\/en\\\/parduotuve\\\/\"},{\"@type\":\"ListItem\",\"position\":3,\"name\":\"SLA PARIS aki\u0173 \u0161e\u0161\u0117li\u0173 palet\u0117 BLEND IT 811-05, 6x1g\"}]},{\"@type\":\"WebSite\",\"@id\":\"https:\\\/\\\/www.malinashop.lt\\\/#website\",\"url\":\"https:\\\/\\\/www.malinashop.lt\\\/\",\"name\":\"COM Group Ecommerce\",\"description\":\"MalinaShop.lt - Gro\u017eio ir sveikatos produktai i\u0161 patikim\u0173 preki\u0173 \u017eenkl\u0173. Atraskite auk\u0161tos kokyb\u0117s kosmetik\u0105 u\u017e puiki\u0105 kain\u0105.\",\"publisher\":{\"@id\":\"https:\\\/\\\/www.malinashop.lt\\\/#organization\"},\"potentialAction\":[{\"@type\":\"SearchAction\",\"target\":{\"@type\":\"EntryPoint\",\"urlTemplate\":\"https:\\\/\\\/www.malinashop.lt\\\/?s={search_term_string}\"},\"query-input\":{\"@type\":\"PropertyValueSpecification\",\"valueRequired\":true,\"valueName\":\"search_term_string\"}}],\"inLanguage\":\"en-GB\"},{\"@type\":\"Organization\",\"@id\":\"https:\\\/\\\/www.malinashop.lt\\\/#organization\",\"name\":\"COM Group Ecommerce\",\"url\":\"https:\\\/\\\/www.malinashop.lt\\\/\",\"logo\":{\"@type\":\"ImageObject\",\"inLanguage\":\"en-GB\",\"@id\":\"https:\\\/\\\/www.malinashop.lt\\\/#\\\/schema\\\/logo\\\/image\\\/\",\"url\":\"https:\\\/\\\/www.malinashop.lt\\\/wp-content\\\/uploads\\\/2024\\\/08\\\/462559670_3787732518133670_9795632669273463_n-e1731525914575.png\",\"contentUrl\":\"https:\\\/\\\/www.malinashop.lt\\\/wp-content\\\/uploads\\\/2024\\\/08\\\/462559670_3787732518133670_9795632669273463_n-e1731525914575.png\",\"width\":180,\"height\":60,\"caption\":\"COM Group Ecommerce\"},\"image\":{\"@id\":\"https:\\\/\\\/www.malinashop.lt\\\/#\\\/schema\\\/logo\\\/image\\\/\"}}]}<\/script>\n<!-- \/ Yoast SEO plugin. -->","yoast_head_json":{"title":"SLA PARIS aki\u0173 \u0161e\u0161\u0117li\u0173 palet\u0117 BLEND IT 811-05, 6x1g - MalinaShop.lt J\u016bs\u0173 sveikatai ir gro\u017eiui.","description":"SLA PARIS BLEND IT aki\u0173 \u0161e\u0161\u0117li\u0173 palet\u0117 \u2013 6 pigmentuoti, nebyrantys atspalviai kasdieniam ir vakariniam makia\u017eui. Kompakti\u0161ka ir patogi kelion\u0117ms.","robots":{"index":"index","follow":"follow","max-snippet":"max-snippet:-1","max-image-preview":"max-image-preview:large","max-video-preview":"max-video-preview:-1"},"canonical":"https:\/\/www.malinashop.lt\/en\/shop\/sla-paris-akiu-seseliu-palete-blend-it-811-05-6x1g\/","og_locale":"en_GB","og_type":"article","og_title":"SLA PARIS aki\u0173 \u0161e\u0161\u0117li\u0173 palet\u0117 BLEND IT 811-05, 6x1g - MalinaShop.lt J\u016bs\u0173 sveikatai ir gro\u017eiui.","og_description":"SLA PARIS BLEND IT aki\u0173 \u0161e\u0161\u0117li\u0173 palet\u0117 \u2013 6 pigmentuoti, nebyrantys atspalviai kasdieniam ir vakariniam makia\u017eui. Kompakti\u0161ka ir patogi kelion\u0117ms.","og_url":"https:\/\/www.malinashop.lt\/en\/shop\/sla-paris-akiu-seseliu-palete-blend-it-811-05-6x1g\/","og_site_name":"MalinaShop.lt J\u016bs\u0173 sveikatai ir gro\u017eiui.","article_modified_time":"2026-02-10T10:12:41+00:00","og_image":[{"width":800,"height":800,"url":"https:\/\/www.malinashop.lt\/wp-content\/uploads\/2025\/11\/akiu-seseliu-palete-blend-it-6x1g.jpg","type":"image\/jpeg"}],"twitter_card":"summary_large_image","schema":{"@context":"https:\/\/schema.org","@graph":[{"@type":"WebPage","@id":"https:\/\/www.malinashop.lt\/en\/shop\/sla-paris-akiu-seseliu-palete-blend-it-811-05-6x1g\/","url":"https:\/\/www.malinashop.lt\/en\/shop\/sla-paris-akiu-seseliu-palete-blend-it-811-05-6x1g\/","name":"SLA PARIS aki\u0173 \u0161e\u0161\u0117li\u0173 palet\u0117 BLEND IT 811-05, 6x1g - MalinaShop.lt J\u016bs\u0173 sveikatai ir gro\u017eiui.","isPartOf":{"@id":"https:\/\/www.malinashop.lt\/#website"},"primaryImageOfPage":{"@id":"https:\/\/www.malinashop.lt\/en\/shop\/sla-paris-akiu-seseliu-palete-blend-it-811-05-6x1g\/#primaryimage"},"image":{"@id":"https:\/\/www.malinashop.lt\/en\/shop\/sla-paris-akiu-seseliu-palete-blend-it-811-05-6x1g\/#primaryimage"},"thumbnailUrl":"https:\/\/www.malinashop.lt\/wp-content\/uploads\/2025\/11\/akiu-seseliu-palete-blend-it-6x1g.jpg","datePublished":"2025-11-25T13:33:04+00:00","dateModified":"2026-02-10T10:12:41+00:00","description":"SLA PARIS BLEND IT aki\u0173 \u0161e\u0161\u0117li\u0173 palet\u0117 \u2013 6 pigmentuoti, nebyrantys atspalviai kasdieniam ir vakariniam makia\u017eui. Kompakti\u0161ka ir patogi kelion\u0117ms.","breadcrumb":{"@id":"https:\/\/www.malinashop.lt\/en\/shop\/sla-paris-akiu-seseliu-palete-blend-it-811-05-6x1g\/#breadcrumb"},"inLanguage":"en-GB","potentialAction":[{"@type":"ReadAction","target":["https:\/\/www.malinashop.lt\/en\/shop\/sla-paris-akiu-seseliu-palete-blend-it-811-05-6x1g\/"]}]},{"@type":"ImageObject","inLanguage":"en-GB","@id":"https:\/\/www.malinashop.lt\/en\/shop\/sla-paris-akiu-seseliu-palete-blend-it-811-05-6x1g\/#primaryimage","url":"https:\/\/www.malinashop.lt\/wp-content\/uploads\/2025\/11\/akiu-seseliu-palete-blend-it-6x1g.jpg","contentUrl":"https:\/\/www.malinashop.lt\/wp-content\/uploads\/2025\/11\/akiu-seseliu-palete-blend-it-6x1g.jpg","width":800,"height":800},{"@type":"BreadcrumbList","@id":"https:\/\/www.malinashop.lt\/en\/shop\/sla-paris-akiu-seseliu-palete-blend-it-811-05-6x1g\/#breadcrumb","itemListElement":[{"@type":"ListItem","position":1,"name":"Pagrindinis","item":"https:\/\/www.malinashop.lt\/"},{"@type":"ListItem","position":2,"name":"Parduotuv\u0117","item":"https:\/\/www.malinashop.lt\/en\/parduotuve\/"},{"@type":"ListItem","position":3,"name":"SLA PARIS aki\u0173 \u0161e\u0161\u0117li\u0173 palet\u0117 BLEND IT 811-05, 6x1g"}]},{"@type":"WebSite","@id":"https:\/\/www.malinashop.lt\/#website","url":"https:\/\/www.malinashop.lt\/","name":"COM Group Ecommerce","description":"MalinaShop.lt - Gro\u017eio ir sveikatos produktai i\u0161 patikim\u0173 preki\u0173 \u017eenkl\u0173. Atraskite auk\u0161tos kokyb\u0117s kosmetik\u0105 u\u017e puiki\u0105 kain\u0105.","publisher":{"@id":"https:\/\/www.malinashop.lt\/#organization"},"potentialAction":[{"@type":"SearchAction","target":{"@type":"EntryPoint","urlTemplate":"https:\/\/www.malinashop.lt\/?s={search_term_string}"},"query-input":{"@type":"PropertyValueSpecification","valueRequired":true,"valueName":"search_term_string"}}],"inLanguage":"en-GB"},{"@type":"Organization","@id":"https:\/\/www.malinashop.lt\/#organization","name":"COM Group Ecommerce","url":"https:\/\/www.malinashop.lt\/","logo":{"@type":"ImageObject","inLanguage":"en-GB","@id":"https:\/\/www.malinashop.lt\/#\/schema\/logo\/image\/","url":"https:\/\/www.malinashop.lt\/wp-content\/uploads\/2024\/08\/462559670_3787732518133670_9795632669273463_n-e1731525914575.png","contentUrl":"https:\/\/www.malinashop.lt\/wp-content\/uploads\/2024\/08\/462559670_3787732518133670_9795632669273463_n-e1731525914575.png","width":180,"height":60,"caption":"COM Group Ecommerce"},"image":{"@id":"https:\/\/www.malinashop.lt\/#\/schema\/logo\/image\/"}}]}},"jetpack_sharing_enabled":true,"_links":{"self":[{"href":"https:\/\/www.malinashop.lt\/en\/wp-json\/wp\/v2\/product\/68989","targetHints":{"allow":["GET"]}}],"collection":[{"href":"https:\/\/www.malinashop.lt\/en\/wp-json\/wp\/v2\/product"}],"about":[{"href":"https:\/\/www.malinashop.lt\/en\/wp-json\/wp\/v2\/types\/product"}],"version-history":[{"count":2,"href":"https:\/\/www.malinashop.lt\/en\/wp-json\/wp\/v2\/product\/68989\/revisions"}],"predecessor-version":[{"id":71983,"href":"https:\/\/www.malinashop.lt\/en\/wp-json\/wp\/v2\/product\/68989\/revisions\/71983"}],"wp:featuredmedia":[{"embeddable":true,"href":"https:\/\/www.malinashop.lt\/en\/wp-json\/wp\/v2\/media\/62206"}],"wp:attachment":[{"href":"https:\/\/www.malinashop.lt\/en\/wp-json\/wp\/v2\/media?parent=68989"}],"wp:term":[{"taxonomy":"product_brand","embeddable":true,"href":"https:\/\/www.malinashop.lt\/en\/wp-json\/wp\/v2\/product_brand?post=68989"},{"taxonomy":"product_cat","embeddable":true,"href":"https:\/\/www.malinashop.lt\/en\/wp-json\/wp\/v2\/product_cat?post=68989"},{"taxonomy":"product_tag","embeddable":true,"href":"https:\/\/www.malinashop.lt\/en\/wp-json\/wp\/v2\/product_tag?post=68989"}],"curies":[{"name":"wp","href":"https:\/\/api.w.org\/{rel}","templated":true}]}}