{"id":68985,"date":"2025-11-25T16:33:04","date_gmt":"2025-11-25T13:33:04","guid":{"rendered":"https:\/\/malinashop.lt\/?post_type=product&#038;p=68985"},"modified":"2026-02-10T13:12:41","modified_gmt":"2026-02-10T10:12:41","slug":"sla-paris-lupu-piestukas-crayons-coral-love","status":"publish","type":"product","link":"https:\/\/www.malinashop.lt\/en\/shop\/sla-paris-lupu-piestukas-crayons-coral-love\/","title":{"rendered":"SLA PARIS l\u016bp\u0173 pie\u0161tukas CRAYONS CORAL LOVE"},"content":{"rendered":"<p data-start=\"161\" data-end=\"475\"><strong data-start=\"161\" data-end=\"217\">SLA PARIS l\u016bp\u0173 pie\u0161tukas CRAYONS CORAL LOVE (100-25)<\/strong> \u2013 tai itin pigmentuotas, mink\u0161tos tekst\u016bros l\u016bp\u0173 kont\u016bro pie\u0161tukas, sukurtas tobulai suderinti su ilgalaiki\u0173 l\u016bp\u0173 blizgi\u0173 kolekcija. CORAL LOVE atspalvis i\u0161siskiria subtiliu, gaiviu koraliniu tonu, kuris idealiai tinka tiek kasdieniam, tiek vakaro makia\u017eui.<\/p>\n<p data-start=\"477\" data-end=\"743\">Kremin\u0117 pie\u0161tuko formul\u0117 leid\u017eia lengvai ir tiksliai sukurti nat\u016bral\u0173 arba ry\u0161kesn\u012f l\u016bp\u0173 kont\u016br\u0105, i\u0161laikant tolyg\u0173 ir ilgai i\u0161liekant\u012f rezultat\u0105. Pie\u0161tukas puikiai retu\u0161uojasi, tod\u0117l j\u012f galima naudoti tiek vien\u0105, tiek derinant su m\u0117gstamais l\u016bp\u0173 blizgiais ar da\u017eais.<\/p>\n<p data-start=\"745\" data-end=\"924\">CRAYONS kolekcija sukurta taip, kad kiekvienas atspalvis tur\u0117t\u0173 savo atitinkam\u0105 l\u016bp\u0173 blizg\u012f, o CORAL LOVE \u2013 tai puikus pasirinkimas lengvam, gaiviam ir gyvybingam l\u016bp\u0173 \u012fvaizd\u017eiui.<\/p>\n","protected":false},"excerpt":{"rendered":"<p data-start=\"966\" data-end=\"1225\">SLA PARIS CRAYONS CORAL LOVE \u2013 mink\u0161tos tekst\u016bros, labai pigmentuotas l\u016bp\u0173 pie\u0161tukas, puikiai tinkantis tiksliam ir ilgai i\u0161liekan\u010diam l\u016bp\u0173 kont\u016brui. Derinamas su ilgalaiki\u0173 blizgi\u0173 kolekcija, lengvai retu\u0161uojasi ir suteikia nat\u016braliai i\u0161rai\u0161king\u0105 l\u016bp\u0173 form\u0105.<\/p>\n","protected":false},"featured_media":62200,"template":"","meta":[],"product_brand":[1527],"product_cat":[102,708,529],"product_tag":[1623],"class_list":{"0":"post-68985","1":"product","2":"type-product","3":"status-publish","4":"has-post-thumbnail","6":"product_brand-sla-paris","7":"product_cat-dekoratyvine-kosmetika","8":"product_cat-lupoms","9":"product_cat-lupu-piestukai","10":"product_tag-sla-paris","12":"first","13":"instock","14":"purchasable","15":"product-type-simple"},"yoast_head":"<!-- This site is optimized with the Yoast SEO plugin v27.4 - https:\/\/yoast.com\/product\/yoast-seo-wordpress\/ -->\n<title>SLA PARIS l\u016bp\u0173 pie\u0161tukas CRAYONS CORAL LOVE - MalinaShop.lt J\u016bs\u0173 sveikatai ir gro\u017eiui.<\/title>\n<meta name=\"description\" content=\"SLA PARIS CRAYONS CORAL LOVE \u2013 mink\u0161tas, labai pigmentuotas l\u016bp\u0173 pie\u0161tukas tiksliam ir ilgai i\u0161liekan\u010diam kont\u016brui. Puikiai dera su l\u016bp\u0173 blizgiais.\" \/>\n<meta name=\"robots\" content=\"index, follow, max-snippet:-1, max-image-preview:large, max-video-preview:-1\" \/>\n<link rel=\"canonical\" href=\"https:\/\/www.malinashop.lt\/en\/shop\/sla-paris-lupu-piestukas-crayons-coral-love\/\" \/>\n<meta property=\"og:locale\" content=\"en_GB\" \/>\n<meta property=\"og:type\" content=\"article\" \/>\n<meta property=\"og:title\" content=\"SLA PARIS l\u016bp\u0173 pie\u0161tukas CRAYONS CORAL LOVE - MalinaShop.lt J\u016bs\u0173 sveikatai ir gro\u017eiui.\" \/>\n<meta property=\"og:description\" content=\"SLA PARIS CRAYONS CORAL LOVE \u2013 mink\u0161tas, labai pigmentuotas l\u016bp\u0173 pie\u0161tukas tiksliam ir ilgai i\u0161liekan\u010diam kont\u016brui. Puikiai dera su l\u016bp\u0173 blizgiais.\" \/>\n<meta property=\"og:url\" content=\"https:\/\/www.malinashop.lt\/en\/shop\/sla-paris-lupu-piestukas-crayons-coral-love\/\" \/>\n<meta property=\"og:site_name\" content=\"MalinaShop.lt J\u016bs\u0173 sveikatai ir gro\u017eiui.\" \/>\n<meta property=\"article:modified_time\" content=\"2026-02-10T10:12:41+00:00\" \/>\n<meta property=\"og:image\" content=\"https:\/\/www.malinashop.lt\/wp-content\/uploads\/2025\/11\/lupu-piestukas-crayons-coral-love.jpg\" \/>\n\t<meta property=\"og:image:width\" content=\"800\" \/>\n\t<meta property=\"og:image:height\" content=\"800\" \/>\n\t<meta property=\"og:image:type\" content=\"image\/jpeg\" \/>\n<meta name=\"twitter:card\" content=\"summary_large_image\" \/>\n<script type=\"application\/ld+json\" class=\"yoast-schema-graph\">{\"@context\":\"https:\\\/\\\/schema.org\",\"@graph\":[{\"@type\":\"WebPage\",\"@id\":\"https:\\\/\\\/www.malinashop.lt\\\/en\\\/shop\\\/sla-paris-lupu-piestukas-crayons-coral-love\\\/\",\"url\":\"https:\\\/\\\/www.malinashop.lt\\\/en\\\/shop\\\/sla-paris-lupu-piestukas-crayons-coral-love\\\/\",\"name\":\"SLA PARIS l\u016bp\u0173 pie\u0161tukas CRAYONS CORAL LOVE - MalinaShop.lt J\u016bs\u0173 sveikatai ir gro\u017eiui.\",\"isPartOf\":{\"@id\":\"https:\\\/\\\/www.malinashop.lt\\\/en\\\/#website\"},\"primaryImageOfPage\":{\"@id\":\"https:\\\/\\\/www.malinashop.lt\\\/en\\\/shop\\\/sla-paris-lupu-piestukas-crayons-coral-love\\\/#primaryimage\"},\"image\":{\"@id\":\"https:\\\/\\\/www.malinashop.lt\\\/en\\\/shop\\\/sla-paris-lupu-piestukas-crayons-coral-love\\\/#primaryimage\"},\"thumbnailUrl\":\"https:\\\/\\\/www.malinashop.lt\\\/wp-content\\\/uploads\\\/2025\\\/11\\\/lupu-piestukas-crayons-coral-love.jpg\",\"datePublished\":\"2025-11-25T13:33:04+00:00\",\"dateModified\":\"2026-02-10T10:12:41+00:00\",\"description\":\"SLA PARIS CRAYONS CORAL LOVE \u2013 mink\u0161tas, labai pigmentuotas l\u016bp\u0173 pie\u0161tukas tiksliam ir ilgai i\u0161liekan\u010diam kont\u016brui. Puikiai dera su l\u016bp\u0173 blizgiais.\",\"breadcrumb\":{\"@id\":\"https:\\\/\\\/www.malinashop.lt\\\/en\\\/shop\\\/sla-paris-lupu-piestukas-crayons-coral-love\\\/#breadcrumb\"},\"inLanguage\":\"en-GB\",\"potentialAction\":[{\"@type\":\"ReadAction\",\"target\":[\"https:\\\/\\\/www.malinashop.lt\\\/en\\\/shop\\\/sla-paris-lupu-piestukas-crayons-coral-love\\\/\"]}]},{\"@type\":\"ImageObject\",\"inLanguage\":\"en-GB\",\"@id\":\"https:\\\/\\\/www.malinashop.lt\\\/en\\\/shop\\\/sla-paris-lupu-piestukas-crayons-coral-love\\\/#primaryimage\",\"url\":\"https:\\\/\\\/www.malinashop.lt\\\/wp-content\\\/uploads\\\/2025\\\/11\\\/lupu-piestukas-crayons-coral-love.jpg\",\"contentUrl\":\"https:\\\/\\\/www.malinashop.lt\\\/wp-content\\\/uploads\\\/2025\\\/11\\\/lupu-piestukas-crayons-coral-love.jpg\",\"width\":800,\"height\":800},{\"@type\":\"BreadcrumbList\",\"@id\":\"https:\\\/\\\/www.malinashop.lt\\\/en\\\/shop\\\/sla-paris-lupu-piestukas-crayons-coral-love\\\/#breadcrumb\",\"itemListElement\":[{\"@type\":\"ListItem\",\"position\":1,\"name\":\"Home\",\"item\":\"https:\\\/\\\/www.malinashop.lt\\\/en\\\/\"},{\"@type\":\"ListItem\",\"position\":2,\"name\":\"Parduotuv\u0117\",\"item\":\"https:\\\/\\\/www.malinashop.lt\\\/en\\\/parduotuve\\\/\"},{\"@type\":\"ListItem\",\"position\":3,\"name\":\"SLA PARIS l\u016bp\u0173 pie\u0161tukas CRAYONS CORAL LOVE\"}]},{\"@type\":\"WebSite\",\"@id\":\"https:\\\/\\\/www.malinashop.lt\\\/en\\\/#website\",\"url\":\"https:\\\/\\\/www.malinashop.lt\\\/en\\\/\",\"name\":\"COM Group Ecommerce\",\"description\":\"MalinaShop.lt - Gro\u017eio ir sveikatos produktai i\u0161 patikim\u0173 preki\u0173 \u017eenkl\u0173. Atraskite auk\u0161tos kokyb\u0117s kosmetik\u0105 u\u017e puiki\u0105 kain\u0105.\",\"publisher\":{\"@id\":\"https:\\\/\\\/www.malinashop.lt\\\/en\\\/#organization\"},\"potentialAction\":[{\"@type\":\"SearchAction\",\"target\":{\"@type\":\"EntryPoint\",\"urlTemplate\":\"https:\\\/\\\/www.malinashop.lt\\\/en\\\/?s={search_term_string}\"},\"query-input\":{\"@type\":\"PropertyValueSpecification\",\"valueRequired\":true,\"valueName\":\"search_term_string\"}}],\"inLanguage\":\"en-GB\"},{\"@type\":\"Organization\",\"@id\":\"https:\\\/\\\/www.malinashop.lt\\\/en\\\/#organization\",\"name\":\"COM Group Ecommerce\",\"url\":\"https:\\\/\\\/www.malinashop.lt\\\/en\\\/\",\"logo\":{\"@type\":\"ImageObject\",\"inLanguage\":\"en-GB\",\"@id\":\"https:\\\/\\\/www.malinashop.lt\\\/en\\\/#\\\/schema\\\/logo\\\/image\\\/\",\"url\":\"https:\\\/\\\/www.malinashop.lt\\\/wp-content\\\/uploads\\\/2024\\\/08\\\/462559670_3787732518133670_9795632669273463_n-e1731525914575.png\",\"contentUrl\":\"https:\\\/\\\/www.malinashop.lt\\\/wp-content\\\/uploads\\\/2024\\\/08\\\/462559670_3787732518133670_9795632669273463_n-e1731525914575.png\",\"width\":180,\"height\":60,\"caption\":\"COM Group Ecommerce\"},\"image\":{\"@id\":\"https:\\\/\\\/www.malinashop.lt\\\/en\\\/#\\\/schema\\\/logo\\\/image\\\/\"}}]}<\/script>\n<!-- \/ Yoast SEO plugin. -->","yoast_head_json":{"title":"SLA PARIS l\u016bp\u0173 pie\u0161tukas CRAYONS CORAL LOVE - MalinaShop.lt J\u016bs\u0173 sveikatai ir gro\u017eiui.","description":"SLA PARIS CRAYONS CORAL LOVE \u2013 mink\u0161tas, labai pigmentuotas l\u016bp\u0173 pie\u0161tukas tiksliam ir ilgai i\u0161liekan\u010diam kont\u016brui. Puikiai dera su l\u016bp\u0173 blizgiais.","robots":{"index":"index","follow":"follow","max-snippet":"max-snippet:-1","max-image-preview":"max-image-preview:large","max-video-preview":"max-video-preview:-1"},"canonical":"https:\/\/www.malinashop.lt\/en\/shop\/sla-paris-lupu-piestukas-crayons-coral-love\/","og_locale":"en_GB","og_type":"article","og_title":"SLA PARIS l\u016bp\u0173 pie\u0161tukas CRAYONS CORAL LOVE - MalinaShop.lt J\u016bs\u0173 sveikatai ir gro\u017eiui.","og_description":"SLA PARIS CRAYONS CORAL LOVE \u2013 mink\u0161tas, labai pigmentuotas l\u016bp\u0173 pie\u0161tukas tiksliam ir ilgai i\u0161liekan\u010diam kont\u016brui. Puikiai dera su l\u016bp\u0173 blizgiais.","og_url":"https:\/\/www.malinashop.lt\/en\/shop\/sla-paris-lupu-piestukas-crayons-coral-love\/","og_site_name":"MalinaShop.lt J\u016bs\u0173 sveikatai ir gro\u017eiui.","article_modified_time":"2026-02-10T10:12:41+00:00","og_image":[{"width":800,"height":800,"url":"https:\/\/www.malinashop.lt\/wp-content\/uploads\/2025\/11\/lupu-piestukas-crayons-coral-love.jpg","type":"image\/jpeg"}],"twitter_card":"summary_large_image","schema":{"@context":"https:\/\/schema.org","@graph":[{"@type":"WebPage","@id":"https:\/\/www.malinashop.lt\/en\/shop\/sla-paris-lupu-piestukas-crayons-coral-love\/","url":"https:\/\/www.malinashop.lt\/en\/shop\/sla-paris-lupu-piestukas-crayons-coral-love\/","name":"SLA PARIS l\u016bp\u0173 pie\u0161tukas CRAYONS CORAL LOVE - MalinaShop.lt J\u016bs\u0173 sveikatai ir gro\u017eiui.","isPartOf":{"@id":"https:\/\/www.malinashop.lt\/en\/#website"},"primaryImageOfPage":{"@id":"https:\/\/www.malinashop.lt\/en\/shop\/sla-paris-lupu-piestukas-crayons-coral-love\/#primaryimage"},"image":{"@id":"https:\/\/www.malinashop.lt\/en\/shop\/sla-paris-lupu-piestukas-crayons-coral-love\/#primaryimage"},"thumbnailUrl":"https:\/\/www.malinashop.lt\/wp-content\/uploads\/2025\/11\/lupu-piestukas-crayons-coral-love.jpg","datePublished":"2025-11-25T13:33:04+00:00","dateModified":"2026-02-10T10:12:41+00:00","description":"SLA PARIS CRAYONS CORAL LOVE \u2013 mink\u0161tas, labai pigmentuotas l\u016bp\u0173 pie\u0161tukas tiksliam ir ilgai i\u0161liekan\u010diam kont\u016brui. Puikiai dera su l\u016bp\u0173 blizgiais.","breadcrumb":{"@id":"https:\/\/www.malinashop.lt\/en\/shop\/sla-paris-lupu-piestukas-crayons-coral-love\/#breadcrumb"},"inLanguage":"en-GB","potentialAction":[{"@type":"ReadAction","target":["https:\/\/www.malinashop.lt\/en\/shop\/sla-paris-lupu-piestukas-crayons-coral-love\/"]}]},{"@type":"ImageObject","inLanguage":"en-GB","@id":"https:\/\/www.malinashop.lt\/en\/shop\/sla-paris-lupu-piestukas-crayons-coral-love\/#primaryimage","url":"https:\/\/www.malinashop.lt\/wp-content\/uploads\/2025\/11\/lupu-piestukas-crayons-coral-love.jpg","contentUrl":"https:\/\/www.malinashop.lt\/wp-content\/uploads\/2025\/11\/lupu-piestukas-crayons-coral-love.jpg","width":800,"height":800},{"@type":"BreadcrumbList","@id":"https:\/\/www.malinashop.lt\/en\/shop\/sla-paris-lupu-piestukas-crayons-coral-love\/#breadcrumb","itemListElement":[{"@type":"ListItem","position":1,"name":"Home","item":"https:\/\/www.malinashop.lt\/en\/"},{"@type":"ListItem","position":2,"name":"Parduotuv\u0117","item":"https:\/\/www.malinashop.lt\/en\/parduotuve\/"},{"@type":"ListItem","position":3,"name":"SLA PARIS l\u016bp\u0173 pie\u0161tukas CRAYONS CORAL LOVE"}]},{"@type":"WebSite","@id":"https:\/\/www.malinashop.lt\/en\/#website","url":"https:\/\/www.malinashop.lt\/en\/","name":"COM Group Ecommerce","description":"MalinaShop.lt - Gro\u017eio ir sveikatos produktai i\u0161 patikim\u0173 preki\u0173 \u017eenkl\u0173. Atraskite auk\u0161tos kokyb\u0117s kosmetik\u0105 u\u017e puiki\u0105 kain\u0105.","publisher":{"@id":"https:\/\/www.malinashop.lt\/en\/#organization"},"potentialAction":[{"@type":"SearchAction","target":{"@type":"EntryPoint","urlTemplate":"https:\/\/www.malinashop.lt\/en\/?s={search_term_string}"},"query-input":{"@type":"PropertyValueSpecification","valueRequired":true,"valueName":"search_term_string"}}],"inLanguage":"en-GB"},{"@type":"Organization","@id":"https:\/\/www.malinashop.lt\/en\/#organization","name":"COM Group Ecommerce","url":"https:\/\/www.malinashop.lt\/en\/","logo":{"@type":"ImageObject","inLanguage":"en-GB","@id":"https:\/\/www.malinashop.lt\/en\/#\/schema\/logo\/image\/","url":"https:\/\/www.malinashop.lt\/wp-content\/uploads\/2024\/08\/462559670_3787732518133670_9795632669273463_n-e1731525914575.png","contentUrl":"https:\/\/www.malinashop.lt\/wp-content\/uploads\/2024\/08\/462559670_3787732518133670_9795632669273463_n-e1731525914575.png","width":180,"height":60,"caption":"COM Group Ecommerce"},"image":{"@id":"https:\/\/www.malinashop.lt\/en\/#\/schema\/logo\/image\/"}}]}},"jetpack_sharing_enabled":true,"_links":{"self":[{"href":"https:\/\/www.malinashop.lt\/en\/wp-json\/wp\/v2\/product\/68985","targetHints":{"allow":["GET"]}}],"collection":[{"href":"https:\/\/www.malinashop.lt\/en\/wp-json\/wp\/v2\/product"}],"about":[{"href":"https:\/\/www.malinashop.lt\/en\/wp-json\/wp\/v2\/types\/product"}],"version-history":[{"count":2,"href":"https:\/\/www.malinashop.lt\/en\/wp-json\/wp\/v2\/product\/68985\/revisions"}],"predecessor-version":[{"id":71852,"href":"https:\/\/www.malinashop.lt\/en\/wp-json\/wp\/v2\/product\/68985\/revisions\/71852"}],"wp:featuredmedia":[{"embeddable":true,"href":"https:\/\/www.malinashop.lt\/en\/wp-json\/wp\/v2\/media\/62200"}],"wp:attachment":[{"href":"https:\/\/www.malinashop.lt\/en\/wp-json\/wp\/v2\/media?parent=68985"}],"wp:term":[{"taxonomy":"product_brand","embeddable":true,"href":"https:\/\/www.malinashop.lt\/en\/wp-json\/wp\/v2\/product_brand?post=68985"},{"taxonomy":"product_cat","embeddable":true,"href":"https:\/\/www.malinashop.lt\/en\/wp-json\/wp\/v2\/product_cat?post=68985"},{"taxonomy":"product_tag","embeddable":true,"href":"https:\/\/www.malinashop.lt\/en\/wp-json\/wp\/v2\/product_tag?post=68985"}],"curies":[{"name":"wp","href":"https:\/\/api.w.org\/{rel}","templated":true}]}}