{"id":68983,"date":"2025-11-25T16:33:04","date_gmt":"2025-11-25T13:33:04","guid":{"rendered":"https:\/\/malinashop.lt\/?post_type=product&#038;p=68983"},"modified":"2026-02-10T13:12:40","modified_gmt":"2026-02-10T10:12:40","slug":"sla-paris-lupu-piestukas-crayons-boyfriend","status":"publish","type":"product","link":"https:\/\/www.malinashop.lt\/en\/shop\/sla-paris-lupu-piestukas-crayons-boyfriend\/","title":{"rendered":"SLA PARIS l\u016bp\u0173 pie\u0161tukas CRAYONS BOYFRIEND"},"content":{"rendered":"<p data-start=\"160\" data-end=\"501\"><strong data-start=\"160\" data-end=\"215\">SLA PARIS l\u016bp\u0173 pie\u0161tukas CRAYONS BOYFRIEND (100-23)<\/strong> \u2013 tai mink\u0161tos konsistencijos, intensyviai pigmentuotas l\u016bp\u0173 kont\u016bro pie\u0161tukas, sukurtas tobulai tiksliai l\u016bp\u0173 linijai formuoti. \u0160i spalva <em data-start=\"355\" data-end=\"366\">Boyfriend<\/em> sukurta specialiai der\u0117ti su ilgalaikiu blizgiu <strong data-start=\"415\" data-end=\"425\">Taylor<\/strong>, tod\u0117l puikiai i\u0161ry\u0161kina l\u016bp\u0173 form\u0105 ir u\u017etikrina skland\u0173 makia\u017eo rezultat\u0105.<\/p>\n<p data-start=\"503\" data-end=\"755\">D\u0117l \u0161velnios tekst\u016bros pie\u0161tukas lengvai slysta per od\u0105, nepa\u017eeid\u017eia l\u016bp\u0173, nesausina ir padeda ilgiau i\u0161laikyti l\u016bp\u0173 da\u017eus ar blizges\u012f. Naudodami \u0161\u012f pie\u0161tuk\u0105 lengvai sukursite tvarking\u0105, ry\u0161k\u0173 ir ilgaam\u017e\u012f l\u016bp\u0173 makia\u017e\u0105, i\u0161ry\u0161kinant nat\u016brali\u0105 l\u016bp\u0173 form\u0105.<\/p>\n<p data-start=\"757\" data-end=\"1016\"><strong data-start=\"757\" data-end=\"814\">Puikus pasirinkimas kasdieniam ir vakariniam makia\u017eui<\/strong>, kai reikia tikslaus kont\u016bro ir ilgalaikio rezultato. Pie\u0161tuko pigmentacija leid\u017eia naudojim\u0105 ir be papildomo l\u016bp\u0173 produkto \u2013 norint \u0161velnaus matinio efekto galima dengti vienu sluoksniu ant vis\u0173 l\u016bp\u0173.<\/p>\n","protected":false},"excerpt":{"rendered":"<p data-start=\"1060\" data-end=\"1282\">Mink\u0161tas, stipriai pigmentuotas l\u016bp\u0173 pie\u0161tukas SLA PARIS CRAYONS BOYFRIEND, sukurtas specialiai ilgalaikiam blizgesiui \u201eTaylor\u201c. U\u017etikrina tiksl\u0173 l\u016bp\u0173 kont\u016br\u0105, lengvai slysta ir suteikia ilgai i\u0161liekant\u012f makia\u017eo rezultat\u0105.<\/p>\n","protected":false},"featured_media":62197,"template":"","meta":[],"product_brand":[1527],"product_cat":[102,708,529],"product_tag":[1623],"class_list":{"0":"post-68983","1":"product","2":"type-product","3":"status-publish","4":"has-post-thumbnail","6":"product_brand-sla-paris","7":"product_cat-dekoratyvine-kosmetika","8":"product_cat-lupoms","9":"product_cat-lupu-piestukai","10":"product_tag-sla-paris","12":"first","13":"instock","14":"purchasable","15":"product-type-simple"},"yoast_head":"<!-- This site is optimized with the Yoast SEO plugin v27.4 - https:\/\/yoast.com\/product\/yoast-seo-wordpress\/ -->\n<title>SLA PARIS l\u016bp\u0173 pie\u0161tukas CRAYONS BOYFRIEND - MalinaShop.lt J\u016bs\u0173 sveikatai ir gro\u017eiui.<\/title>\n<meta name=\"description\" content=\"SLA PARIS l\u016bp\u0173 pie\u0161tukas CRAYONS BOYFRIEND \u2013 mink\u0161tas, pigmentuotas pie\u0161tukas tiksliam kont\u016brui, ilgalaikiam makia\u017eui. Idealiai dera su blizgesiu \u201eTaylor\u201c.\" \/>\n<meta name=\"robots\" content=\"index, follow, max-snippet:-1, max-image-preview:large, max-video-preview:-1\" \/>\n<link rel=\"canonical\" href=\"https:\/\/www.malinashop.lt\/en\/shop\/sla-paris-lupu-piestukas-crayons-boyfriend\/\" \/>\n<meta property=\"og:locale\" content=\"en_GB\" \/>\n<meta property=\"og:type\" content=\"article\" \/>\n<meta property=\"og:title\" content=\"SLA PARIS l\u016bp\u0173 pie\u0161tukas CRAYONS BOYFRIEND - MalinaShop.lt J\u016bs\u0173 sveikatai ir gro\u017eiui.\" \/>\n<meta property=\"og:description\" content=\"SLA PARIS l\u016bp\u0173 pie\u0161tukas CRAYONS BOYFRIEND \u2013 mink\u0161tas, pigmentuotas pie\u0161tukas tiksliam kont\u016brui, ilgalaikiam makia\u017eui. Idealiai dera su blizgesiu \u201eTaylor\u201c.\" \/>\n<meta property=\"og:url\" content=\"https:\/\/www.malinashop.lt\/en\/shop\/sla-paris-lupu-piestukas-crayons-boyfriend\/\" \/>\n<meta property=\"og:site_name\" content=\"MalinaShop.lt J\u016bs\u0173 sveikatai ir gro\u017eiui.\" \/>\n<meta property=\"article:modified_time\" content=\"2026-02-10T10:12:40+00:00\" \/>\n<meta property=\"og:image\" content=\"https:\/\/www.malinashop.lt\/wp-content\/uploads\/2025\/11\/lupu-piestukas-crayons-boyfriend.jpg\" \/>\n\t<meta property=\"og:image:width\" content=\"800\" \/>\n\t<meta property=\"og:image:height\" content=\"800\" \/>\n\t<meta property=\"og:image:type\" content=\"image\/jpeg\" \/>\n<meta name=\"twitter:card\" content=\"summary_large_image\" \/>\n<script type=\"application\/ld+json\" class=\"yoast-schema-graph\">{\"@context\":\"https:\\\/\\\/schema.org\",\"@graph\":[{\"@type\":\"WebPage\",\"@id\":\"https:\\\/\\\/www.malinashop.lt\\\/shop\\\/sla-paris-lupu-piestukas-crayons-boyfriend\\\/\",\"url\":\"https:\\\/\\\/www.malinashop.lt\\\/shop\\\/sla-paris-lupu-piestukas-crayons-boyfriend\\\/\",\"name\":\"SLA PARIS l\u016bp\u0173 pie\u0161tukas CRAYONS BOYFRIEND - MalinaShop.lt J\u016bs\u0173 sveikatai ir gro\u017eiui.\",\"isPartOf\":{\"@id\":\"https:\\\/\\\/www.malinashop.lt\\\/#website\"},\"primaryImageOfPage\":{\"@id\":\"https:\\\/\\\/www.malinashop.lt\\\/shop\\\/sla-paris-lupu-piestukas-crayons-boyfriend\\\/#primaryimage\"},\"image\":{\"@id\":\"https:\\\/\\\/www.malinashop.lt\\\/shop\\\/sla-paris-lupu-piestukas-crayons-boyfriend\\\/#primaryimage\"},\"thumbnailUrl\":\"https:\\\/\\\/www.malinashop.lt\\\/wp-content\\\/uploads\\\/2025\\\/11\\\/lupu-piestukas-crayons-boyfriend.jpg\",\"datePublished\":\"2025-11-25T13:33:04+00:00\",\"dateModified\":\"2026-02-10T10:12:40+00:00\",\"description\":\"SLA PARIS l\u016bp\u0173 pie\u0161tukas CRAYONS BOYFRIEND \u2013 mink\u0161tas, pigmentuotas pie\u0161tukas tiksliam kont\u016brui, ilgalaikiam makia\u017eui. Idealiai dera su blizgesiu \u201eTaylor\u201c.\",\"breadcrumb\":{\"@id\":\"https:\\\/\\\/www.malinashop.lt\\\/shop\\\/sla-paris-lupu-piestukas-crayons-boyfriend\\\/#breadcrumb\"},\"inLanguage\":\"en-GB\",\"potentialAction\":[{\"@type\":\"ReadAction\",\"target\":[\"https:\\\/\\\/www.malinashop.lt\\\/shop\\\/sla-paris-lupu-piestukas-crayons-boyfriend\\\/\"]}]},{\"@type\":\"ImageObject\",\"inLanguage\":\"en-GB\",\"@id\":\"https:\\\/\\\/www.malinashop.lt\\\/shop\\\/sla-paris-lupu-piestukas-crayons-boyfriend\\\/#primaryimage\",\"url\":\"https:\\\/\\\/www.malinashop.lt\\\/wp-content\\\/uploads\\\/2025\\\/11\\\/lupu-piestukas-crayons-boyfriend.jpg\",\"contentUrl\":\"https:\\\/\\\/www.malinashop.lt\\\/wp-content\\\/uploads\\\/2025\\\/11\\\/lupu-piestukas-crayons-boyfriend.jpg\",\"width\":800,\"height\":800},{\"@type\":\"BreadcrumbList\",\"@id\":\"https:\\\/\\\/www.malinashop.lt\\\/shop\\\/sla-paris-lupu-piestukas-crayons-boyfriend\\\/#breadcrumb\",\"itemListElement\":[{\"@type\":\"ListItem\",\"position\":1,\"name\":\"Pagrindinis\",\"item\":\"https:\\\/\\\/www.malinashop.lt\\\/\"},{\"@type\":\"ListItem\",\"position\":2,\"name\":\"Parduotuv\u0117\",\"item\":\"https:\\\/\\\/www.malinashop.lt\\\/en\\\/parduotuve\\\/\"},{\"@type\":\"ListItem\",\"position\":3,\"name\":\"SLA PARIS l\u016bp\u0173 pie\u0161tukas CRAYONS BOYFRIEND\"}]},{\"@type\":\"WebSite\",\"@id\":\"https:\\\/\\\/www.malinashop.lt\\\/#website\",\"url\":\"https:\\\/\\\/www.malinashop.lt\\\/\",\"name\":\"COM Group Ecommerce\",\"description\":\"MalinaShop.lt - Gro\u017eio ir sveikatos produktai i\u0161 patikim\u0173 preki\u0173 \u017eenkl\u0173. Atraskite auk\u0161tos kokyb\u0117s kosmetik\u0105 u\u017e puiki\u0105 kain\u0105.\",\"publisher\":{\"@id\":\"https:\\\/\\\/www.malinashop.lt\\\/#organization\"},\"potentialAction\":[{\"@type\":\"SearchAction\",\"target\":{\"@type\":\"EntryPoint\",\"urlTemplate\":\"https:\\\/\\\/www.malinashop.lt\\\/?s={search_term_string}\"},\"query-input\":{\"@type\":\"PropertyValueSpecification\",\"valueRequired\":true,\"valueName\":\"search_term_string\"}}],\"inLanguage\":\"en-GB\"},{\"@type\":\"Organization\",\"@id\":\"https:\\\/\\\/www.malinashop.lt\\\/#organization\",\"name\":\"COM Group Ecommerce\",\"url\":\"https:\\\/\\\/www.malinashop.lt\\\/\",\"logo\":{\"@type\":\"ImageObject\",\"inLanguage\":\"en-GB\",\"@id\":\"https:\\\/\\\/www.malinashop.lt\\\/#\\\/schema\\\/logo\\\/image\\\/\",\"url\":\"https:\\\/\\\/www.malinashop.lt\\\/wp-content\\\/uploads\\\/2024\\\/08\\\/462559670_3787732518133670_9795632669273463_n-e1731525914575.png\",\"contentUrl\":\"https:\\\/\\\/www.malinashop.lt\\\/wp-content\\\/uploads\\\/2024\\\/08\\\/462559670_3787732518133670_9795632669273463_n-e1731525914575.png\",\"width\":180,\"height\":60,\"caption\":\"COM Group Ecommerce\"},\"image\":{\"@id\":\"https:\\\/\\\/www.malinashop.lt\\\/#\\\/schema\\\/logo\\\/image\\\/\"}}]}<\/script>\n<!-- \/ Yoast SEO plugin. -->","yoast_head_json":{"title":"SLA PARIS l\u016bp\u0173 pie\u0161tukas CRAYONS BOYFRIEND - MalinaShop.lt J\u016bs\u0173 sveikatai ir gro\u017eiui.","description":"SLA PARIS l\u016bp\u0173 pie\u0161tukas CRAYONS BOYFRIEND \u2013 mink\u0161tas, pigmentuotas pie\u0161tukas tiksliam kont\u016brui, ilgalaikiam makia\u017eui. Idealiai dera su blizgesiu \u201eTaylor\u201c.","robots":{"index":"index","follow":"follow","max-snippet":"max-snippet:-1","max-image-preview":"max-image-preview:large","max-video-preview":"max-video-preview:-1"},"canonical":"https:\/\/www.malinashop.lt\/en\/shop\/sla-paris-lupu-piestukas-crayons-boyfriend\/","og_locale":"en_GB","og_type":"article","og_title":"SLA PARIS l\u016bp\u0173 pie\u0161tukas CRAYONS BOYFRIEND - MalinaShop.lt J\u016bs\u0173 sveikatai ir gro\u017eiui.","og_description":"SLA PARIS l\u016bp\u0173 pie\u0161tukas CRAYONS BOYFRIEND \u2013 mink\u0161tas, pigmentuotas pie\u0161tukas tiksliam kont\u016brui, ilgalaikiam makia\u017eui. Idealiai dera su blizgesiu \u201eTaylor\u201c.","og_url":"https:\/\/www.malinashop.lt\/en\/shop\/sla-paris-lupu-piestukas-crayons-boyfriend\/","og_site_name":"MalinaShop.lt J\u016bs\u0173 sveikatai ir gro\u017eiui.","article_modified_time":"2026-02-10T10:12:40+00:00","og_image":[{"width":800,"height":800,"url":"https:\/\/www.malinashop.lt\/wp-content\/uploads\/2025\/11\/lupu-piestukas-crayons-boyfriend.jpg","type":"image\/jpeg"}],"twitter_card":"summary_large_image","schema":{"@context":"https:\/\/schema.org","@graph":[{"@type":"WebPage","@id":"https:\/\/www.malinashop.lt\/shop\/sla-paris-lupu-piestukas-crayons-boyfriend\/","url":"https:\/\/www.malinashop.lt\/shop\/sla-paris-lupu-piestukas-crayons-boyfriend\/","name":"SLA PARIS l\u016bp\u0173 pie\u0161tukas CRAYONS BOYFRIEND - MalinaShop.lt J\u016bs\u0173 sveikatai ir gro\u017eiui.","isPartOf":{"@id":"https:\/\/www.malinashop.lt\/#website"},"primaryImageOfPage":{"@id":"https:\/\/www.malinashop.lt\/shop\/sla-paris-lupu-piestukas-crayons-boyfriend\/#primaryimage"},"image":{"@id":"https:\/\/www.malinashop.lt\/shop\/sla-paris-lupu-piestukas-crayons-boyfriend\/#primaryimage"},"thumbnailUrl":"https:\/\/www.malinashop.lt\/wp-content\/uploads\/2025\/11\/lupu-piestukas-crayons-boyfriend.jpg","datePublished":"2025-11-25T13:33:04+00:00","dateModified":"2026-02-10T10:12:40+00:00","description":"SLA PARIS l\u016bp\u0173 pie\u0161tukas CRAYONS BOYFRIEND \u2013 mink\u0161tas, pigmentuotas pie\u0161tukas tiksliam kont\u016brui, ilgalaikiam makia\u017eui. Idealiai dera su blizgesiu \u201eTaylor\u201c.","breadcrumb":{"@id":"https:\/\/www.malinashop.lt\/shop\/sla-paris-lupu-piestukas-crayons-boyfriend\/#breadcrumb"},"inLanguage":"en-GB","potentialAction":[{"@type":"ReadAction","target":["https:\/\/www.malinashop.lt\/shop\/sla-paris-lupu-piestukas-crayons-boyfriend\/"]}]},{"@type":"ImageObject","inLanguage":"en-GB","@id":"https:\/\/www.malinashop.lt\/shop\/sla-paris-lupu-piestukas-crayons-boyfriend\/#primaryimage","url":"https:\/\/www.malinashop.lt\/wp-content\/uploads\/2025\/11\/lupu-piestukas-crayons-boyfriend.jpg","contentUrl":"https:\/\/www.malinashop.lt\/wp-content\/uploads\/2025\/11\/lupu-piestukas-crayons-boyfriend.jpg","width":800,"height":800},{"@type":"BreadcrumbList","@id":"https:\/\/www.malinashop.lt\/shop\/sla-paris-lupu-piestukas-crayons-boyfriend\/#breadcrumb","itemListElement":[{"@type":"ListItem","position":1,"name":"Pagrindinis","item":"https:\/\/www.malinashop.lt\/"},{"@type":"ListItem","position":2,"name":"Parduotuv\u0117","item":"https:\/\/www.malinashop.lt\/en\/parduotuve\/"},{"@type":"ListItem","position":3,"name":"SLA PARIS l\u016bp\u0173 pie\u0161tukas CRAYONS BOYFRIEND"}]},{"@type":"WebSite","@id":"https:\/\/www.malinashop.lt\/#website","url":"https:\/\/www.malinashop.lt\/","name":"COM Group Ecommerce","description":"MalinaShop.lt - Gro\u017eio ir sveikatos produktai i\u0161 patikim\u0173 preki\u0173 \u017eenkl\u0173. Atraskite auk\u0161tos kokyb\u0117s kosmetik\u0105 u\u017e puiki\u0105 kain\u0105.","publisher":{"@id":"https:\/\/www.malinashop.lt\/#organization"},"potentialAction":[{"@type":"SearchAction","target":{"@type":"EntryPoint","urlTemplate":"https:\/\/www.malinashop.lt\/?s={search_term_string}"},"query-input":{"@type":"PropertyValueSpecification","valueRequired":true,"valueName":"search_term_string"}}],"inLanguage":"en-GB"},{"@type":"Organization","@id":"https:\/\/www.malinashop.lt\/#organization","name":"COM Group Ecommerce","url":"https:\/\/www.malinashop.lt\/","logo":{"@type":"ImageObject","inLanguage":"en-GB","@id":"https:\/\/www.malinashop.lt\/#\/schema\/logo\/image\/","url":"https:\/\/www.malinashop.lt\/wp-content\/uploads\/2024\/08\/462559670_3787732518133670_9795632669273463_n-e1731525914575.png","contentUrl":"https:\/\/www.malinashop.lt\/wp-content\/uploads\/2024\/08\/462559670_3787732518133670_9795632669273463_n-e1731525914575.png","width":180,"height":60,"caption":"COM Group Ecommerce"},"image":{"@id":"https:\/\/www.malinashop.lt\/#\/schema\/logo\/image\/"}}]}},"jetpack_sharing_enabled":true,"_links":{"self":[{"href":"https:\/\/www.malinashop.lt\/en\/wp-json\/wp\/v2\/product\/68983","targetHints":{"allow":["GET"]}}],"collection":[{"href":"https:\/\/www.malinashop.lt\/en\/wp-json\/wp\/v2\/product"}],"about":[{"href":"https:\/\/www.malinashop.lt\/en\/wp-json\/wp\/v2\/types\/product"}],"version-history":[{"count":2,"href":"https:\/\/www.malinashop.lt\/en\/wp-json\/wp\/v2\/product\/68983\/revisions"}],"predecessor-version":[{"id":71851,"href":"https:\/\/www.malinashop.lt\/en\/wp-json\/wp\/v2\/product\/68983\/revisions\/71851"}],"wp:featuredmedia":[{"embeddable":true,"href":"https:\/\/www.malinashop.lt\/en\/wp-json\/wp\/v2\/media\/62197"}],"wp:attachment":[{"href":"https:\/\/www.malinashop.lt\/en\/wp-json\/wp\/v2\/media?parent=68983"}],"wp:term":[{"taxonomy":"product_brand","embeddable":true,"href":"https:\/\/www.malinashop.lt\/en\/wp-json\/wp\/v2\/product_brand?post=68983"},{"taxonomy":"product_cat","embeddable":true,"href":"https:\/\/www.malinashop.lt\/en\/wp-json\/wp\/v2\/product_cat?post=68983"},{"taxonomy":"product_tag","embeddable":true,"href":"https:\/\/www.malinashop.lt\/en\/wp-json\/wp\/v2\/product_tag?post=68983"}],"curies":[{"name":"wp","href":"https:\/\/api.w.org\/{rel}","templated":true}]}}