{"id":68981,"date":"2025-11-25T16:33:04","date_gmt":"2025-11-25T13:33:04","guid":{"rendered":"https:\/\/malinashop.lt\/?post_type=product&#038;p=68981"},"modified":"2026-02-10T13:12:40","modified_gmt":"2026-02-10T10:12:40","slug":"sla-paris-vandeniui-atsparus-antakiu-piestukas-102-52","status":"publish","type":"product","link":"https:\/\/www.malinashop.lt\/en\/shop\/sla-paris-vandeniui-atsparus-antakiu-piestukas-102-52\/","title":{"rendered":"SLA PARIS vandeniui atsparus antaki\u0173 pie\u0161tukas 102-52"},"content":{"rendered":"<p data-start=\"134\" data-end=\"404\"><strong data-start=\"134\" data-end=\"193\">SLA PARIS vandeniui atsparus antaki\u0173 pie\u0161tukas (102-52)<\/strong> \u2013 tai profesionalus \u012frankis, skirtas lengvai ir tiksliai pary\u0161kinti bei formuoti antakius. I\u0161sukamas pie\u0161tukas su integruotomis \u0161ukut\u0117mis leid\u017eia nat\u016braliai pakoreguoti form\u0105 ir tolygiai paskirstyti pigment\u0105.<\/p>\n<p data-start=\"406\" data-end=\"684\">\u0160velni ir itin pigmentuota tekst\u016bra u\u017etikrina glotn\u0173 slydim\u0105 bei tiksl\u0173 rezultat\u0105, tod\u0117l tinka tiek pradedan\u010dioms, tiek profesionalioms makia\u017eo meistr\u0117ms. Vandeniui atspari formul\u0117 garantuoja ilgalaik\u012f efekt\u0105 \u2013 antakiai i\u0161lieka tvarkingi vis\u0105 dien\u0105, net ir esant dr\u0117gnam orui.<\/p>\n<p data-start=\"686\" data-end=\"970\">Naudojimas: pasirinkite tinkam\u0105 antaki\u0173 trafaret\u0105, priglauskite j\u012f prie antakio ir naudodami kirst\u0105 \u0161epet\u0117l\u012f arba SLA Nr. 53 \u0161epet\u0117l\u012f paskirstykite va\u0161ko pagrind\u0105, kad suformuotum\u0117te norim\u0105 antakio linij\u0105. Rezultat\u0105 u\u017etvirtinkite \u0161e\u0161\u0117liais i\u0161 komplekto, kad spalva i\u0161likt\u0173 dar ilgiau.<\/p>\n","protected":false},"excerpt":{"rendered":"<p data-start=\"1012\" data-end=\"1265\">Profesionalus SLA PARIS vandeniui atsparus antaki\u0173 pie\u0161tukas su integruotomis \u0161ukut\u0117mis padeda tiksliai suformuoti antakius ir suteikia jiems nat\u016bral\u0173, ilgai i\u0161liekant\u012f rezultat\u0105. \u0160velni, pigmentuota tekst\u016bra lengvai slysta ir yra paprastai koreguojama.<\/p>\n","protected":false},"featured_media":62193,"template":"","meta":[],"product_brand":[1527],"product_cat":[1297,102],"product_tag":[1623],"class_list":{"0":"post-68981","1":"product","2":"type-product","3":"status-publish","4":"has-post-thumbnail","6":"product_brand-sla-paris","7":"product_cat-antakiams","8":"product_cat-dekoratyvine-kosmetika","9":"product_tag-sla-paris","11":"first","12":"instock","13":"purchasable","14":"product-type-simple"},"yoast_head":"<!-- This site is optimized with the Yoast SEO plugin v27.4 - https:\/\/yoast.com\/product\/yoast-seo-wordpress\/ -->\n<title>SLA PARIS vandeniui atsparus antaki\u0173 pie\u0161tukas 102-52 - MalinaShop.lt J\u016bs\u0173 sveikatai ir gro\u017eiui.<\/title>\n<meta name=\"description\" content=\"SLA PARIS vandeniui atsparus antaki\u0173 pie\u0161tukas \u2013 i\u0161sukamas, pigmentuotas ir ilgai i\u0161liekantis. Lengvas formavimas ir nat\u016bralus rezultatas visai dienai.\" \/>\n<meta name=\"robots\" content=\"index, follow, max-snippet:-1, max-image-preview:large, max-video-preview:-1\" \/>\n<link rel=\"canonical\" href=\"https:\/\/www.malinashop.lt\/en\/shop\/sla-paris-vandeniui-atsparus-antakiu-piestukas-102-52\/\" \/>\n<meta property=\"og:locale\" content=\"en_GB\" \/>\n<meta property=\"og:type\" content=\"article\" \/>\n<meta property=\"og:title\" content=\"SLA PARIS vandeniui atsparus antaki\u0173 pie\u0161tukas 102-52 - MalinaShop.lt J\u016bs\u0173 sveikatai ir gro\u017eiui.\" \/>\n<meta property=\"og:description\" content=\"SLA PARIS vandeniui atsparus antaki\u0173 pie\u0161tukas \u2013 i\u0161sukamas, pigmentuotas ir ilgai i\u0161liekantis. Lengvas formavimas ir nat\u016bralus rezultatas visai dienai.\" \/>\n<meta property=\"og:url\" content=\"https:\/\/www.malinashop.lt\/en\/shop\/sla-paris-vandeniui-atsparus-antakiu-piestukas-102-52\/\" \/>\n<meta property=\"og:site_name\" content=\"MalinaShop.lt J\u016bs\u0173 sveikatai ir gro\u017eiui.\" \/>\n<meta property=\"article:modified_time\" content=\"2026-02-10T10:12:40+00:00\" \/>\n<meta property=\"og:image\" content=\"https:\/\/www.malinashop.lt\/wp-content\/uploads\/2025\/11\/vaneniui-atsparus-antakiu-piestukas-52.png\" \/>\n\t<meta property=\"og:image:width\" content=\"800\" \/>\n\t<meta property=\"og:image:height\" content=\"800\" \/>\n\t<meta property=\"og:image:type\" content=\"image\/png\" \/>\n<meta name=\"twitter:card\" content=\"summary_large_image\" \/>\n<script type=\"application\/ld+json\" class=\"yoast-schema-graph\">{\"@context\":\"https:\\\/\\\/schema.org\",\"@graph\":[{\"@type\":\"WebPage\",\"@id\":\"https:\\\/\\\/www.malinashop.lt\\\/lt_lt\\\/shop\\\/sla-paris-vandeniui-atsparus-antakiu-piestukas-102-52\\\/\",\"url\":\"https:\\\/\\\/www.malinashop.lt\\\/lt_lt\\\/shop\\\/sla-paris-vandeniui-atsparus-antakiu-piestukas-102-52\\\/\",\"name\":\"SLA PARIS vandeniui atsparus antaki\u0173 pie\u0161tukas 102-52 - MalinaShop.lt J\u016bs\u0173 sveikatai ir gro\u017eiui.\",\"isPartOf\":{\"@id\":\"https:\\\/\\\/www.malinashop.lt\\\/#website\"},\"primaryImageOfPage\":{\"@id\":\"https:\\\/\\\/www.malinashop.lt\\\/lt_lt\\\/shop\\\/sla-paris-vandeniui-atsparus-antakiu-piestukas-102-52\\\/#primaryimage\"},\"image\":{\"@id\":\"https:\\\/\\\/www.malinashop.lt\\\/lt_lt\\\/shop\\\/sla-paris-vandeniui-atsparus-antakiu-piestukas-102-52\\\/#primaryimage\"},\"thumbnailUrl\":\"https:\\\/\\\/www.malinashop.lt\\\/wp-content\\\/uploads\\\/2025\\\/11\\\/vaneniui-atsparus-antakiu-piestukas-52.png\",\"datePublished\":\"2025-11-25T13:33:04+00:00\",\"dateModified\":\"2026-02-10T10:12:40+00:00\",\"description\":\"SLA PARIS vandeniui atsparus antaki\u0173 pie\u0161tukas \u2013 i\u0161sukamas, pigmentuotas ir ilgai i\u0161liekantis. Lengvas formavimas ir nat\u016bralus rezultatas visai dienai.\",\"breadcrumb\":{\"@id\":\"https:\\\/\\\/www.malinashop.lt\\\/lt_lt\\\/shop\\\/sla-paris-vandeniui-atsparus-antakiu-piestukas-102-52\\\/#breadcrumb\"},\"inLanguage\":\"en-GB\",\"potentialAction\":[{\"@type\":\"ReadAction\",\"target\":[\"https:\\\/\\\/www.malinashop.lt\\\/lt_lt\\\/shop\\\/sla-paris-vandeniui-atsparus-antakiu-piestukas-102-52\\\/\"]}]},{\"@type\":\"ImageObject\",\"inLanguage\":\"en-GB\",\"@id\":\"https:\\\/\\\/www.malinashop.lt\\\/lt_lt\\\/shop\\\/sla-paris-vandeniui-atsparus-antakiu-piestukas-102-52\\\/#primaryimage\",\"url\":\"https:\\\/\\\/www.malinashop.lt\\\/wp-content\\\/uploads\\\/2025\\\/11\\\/vaneniui-atsparus-antakiu-piestukas-52.png\",\"contentUrl\":\"https:\\\/\\\/www.malinashop.lt\\\/wp-content\\\/uploads\\\/2025\\\/11\\\/vaneniui-atsparus-antakiu-piestukas-52.png\",\"width\":800,\"height\":800},{\"@type\":\"BreadcrumbList\",\"@id\":\"https:\\\/\\\/www.malinashop.lt\\\/lt_lt\\\/shop\\\/sla-paris-vandeniui-atsparus-antakiu-piestukas-102-52\\\/#breadcrumb\",\"itemListElement\":[{\"@type\":\"ListItem\",\"position\":1,\"name\":\"Pagrindinis\",\"item\":\"https:\\\/\\\/www.malinashop.lt\\\/\"},{\"@type\":\"ListItem\",\"position\":2,\"name\":\"Parduotuv\u0117\",\"item\":\"https:\\\/\\\/www.malinashop.lt\\\/en\\\/parduotuve\\\/\"},{\"@type\":\"ListItem\",\"position\":3,\"name\":\"SLA PARIS vandeniui atsparus antaki\u0173 pie\u0161tukas 102-52\"}]},{\"@type\":\"WebSite\",\"@id\":\"https:\\\/\\\/www.malinashop.lt\\\/#website\",\"url\":\"https:\\\/\\\/www.malinashop.lt\\\/\",\"name\":\"COM Group Ecommerce\",\"description\":\"MalinaShop.lt - Gro\u017eio ir sveikatos produktai i\u0161 patikim\u0173 preki\u0173 \u017eenkl\u0173. Atraskite auk\u0161tos kokyb\u0117s kosmetik\u0105 u\u017e puiki\u0105 kain\u0105.\",\"publisher\":{\"@id\":\"https:\\\/\\\/www.malinashop.lt\\\/#organization\"},\"potentialAction\":[{\"@type\":\"SearchAction\",\"target\":{\"@type\":\"EntryPoint\",\"urlTemplate\":\"https:\\\/\\\/www.malinashop.lt\\\/?s={search_term_string}\"},\"query-input\":{\"@type\":\"PropertyValueSpecification\",\"valueRequired\":true,\"valueName\":\"search_term_string\"}}],\"inLanguage\":\"en-GB\"},{\"@type\":\"Organization\",\"@id\":\"https:\\\/\\\/www.malinashop.lt\\\/#organization\",\"name\":\"COM Group Ecommerce\",\"url\":\"https:\\\/\\\/www.malinashop.lt\\\/\",\"logo\":{\"@type\":\"ImageObject\",\"inLanguage\":\"en-GB\",\"@id\":\"https:\\\/\\\/www.malinashop.lt\\\/#\\\/schema\\\/logo\\\/image\\\/\",\"url\":\"https:\\\/\\\/www.malinashop.lt\\\/wp-content\\\/uploads\\\/2024\\\/08\\\/462559670_3787732518133670_9795632669273463_n-e1731525914575.png\",\"contentUrl\":\"https:\\\/\\\/www.malinashop.lt\\\/wp-content\\\/uploads\\\/2024\\\/08\\\/462559670_3787732518133670_9795632669273463_n-e1731525914575.png\",\"width\":180,\"height\":60,\"caption\":\"COM Group Ecommerce\"},\"image\":{\"@id\":\"https:\\\/\\\/www.malinashop.lt\\\/#\\\/schema\\\/logo\\\/image\\\/\"}}]}<\/script>\n<!-- \/ Yoast SEO plugin. -->","yoast_head_json":{"title":"SLA PARIS vandeniui atsparus antaki\u0173 pie\u0161tukas 102-52 - MalinaShop.lt J\u016bs\u0173 sveikatai ir gro\u017eiui.","description":"SLA PARIS vandeniui atsparus antaki\u0173 pie\u0161tukas \u2013 i\u0161sukamas, pigmentuotas ir ilgai i\u0161liekantis. Lengvas formavimas ir nat\u016bralus rezultatas visai dienai.","robots":{"index":"index","follow":"follow","max-snippet":"max-snippet:-1","max-image-preview":"max-image-preview:large","max-video-preview":"max-video-preview:-1"},"canonical":"https:\/\/www.malinashop.lt\/en\/shop\/sla-paris-vandeniui-atsparus-antakiu-piestukas-102-52\/","og_locale":"en_GB","og_type":"article","og_title":"SLA PARIS vandeniui atsparus antaki\u0173 pie\u0161tukas 102-52 - MalinaShop.lt J\u016bs\u0173 sveikatai ir gro\u017eiui.","og_description":"SLA PARIS vandeniui atsparus antaki\u0173 pie\u0161tukas \u2013 i\u0161sukamas, pigmentuotas ir ilgai i\u0161liekantis. Lengvas formavimas ir nat\u016bralus rezultatas visai dienai.","og_url":"https:\/\/www.malinashop.lt\/en\/shop\/sla-paris-vandeniui-atsparus-antakiu-piestukas-102-52\/","og_site_name":"MalinaShop.lt J\u016bs\u0173 sveikatai ir gro\u017eiui.","article_modified_time":"2026-02-10T10:12:40+00:00","og_image":[{"width":800,"height":800,"url":"https:\/\/www.malinashop.lt\/wp-content\/uploads\/2025\/11\/vaneniui-atsparus-antakiu-piestukas-52.png","type":"image\/png"}],"twitter_card":"summary_large_image","schema":{"@context":"https:\/\/schema.org","@graph":[{"@type":"WebPage","@id":"https:\/\/www.malinashop.lt\/lt_lt\/shop\/sla-paris-vandeniui-atsparus-antakiu-piestukas-102-52\/","url":"https:\/\/www.malinashop.lt\/lt_lt\/shop\/sla-paris-vandeniui-atsparus-antakiu-piestukas-102-52\/","name":"SLA PARIS vandeniui atsparus antaki\u0173 pie\u0161tukas 102-52 - MalinaShop.lt J\u016bs\u0173 sveikatai ir gro\u017eiui.","isPartOf":{"@id":"https:\/\/www.malinashop.lt\/#website"},"primaryImageOfPage":{"@id":"https:\/\/www.malinashop.lt\/lt_lt\/shop\/sla-paris-vandeniui-atsparus-antakiu-piestukas-102-52\/#primaryimage"},"image":{"@id":"https:\/\/www.malinashop.lt\/lt_lt\/shop\/sla-paris-vandeniui-atsparus-antakiu-piestukas-102-52\/#primaryimage"},"thumbnailUrl":"https:\/\/www.malinashop.lt\/wp-content\/uploads\/2025\/11\/vaneniui-atsparus-antakiu-piestukas-52.png","datePublished":"2025-11-25T13:33:04+00:00","dateModified":"2026-02-10T10:12:40+00:00","description":"SLA PARIS vandeniui atsparus antaki\u0173 pie\u0161tukas \u2013 i\u0161sukamas, pigmentuotas ir ilgai i\u0161liekantis. Lengvas formavimas ir nat\u016bralus rezultatas visai dienai.","breadcrumb":{"@id":"https:\/\/www.malinashop.lt\/lt_lt\/shop\/sla-paris-vandeniui-atsparus-antakiu-piestukas-102-52\/#breadcrumb"},"inLanguage":"en-GB","potentialAction":[{"@type":"ReadAction","target":["https:\/\/www.malinashop.lt\/lt_lt\/shop\/sla-paris-vandeniui-atsparus-antakiu-piestukas-102-52\/"]}]},{"@type":"ImageObject","inLanguage":"en-GB","@id":"https:\/\/www.malinashop.lt\/lt_lt\/shop\/sla-paris-vandeniui-atsparus-antakiu-piestukas-102-52\/#primaryimage","url":"https:\/\/www.malinashop.lt\/wp-content\/uploads\/2025\/11\/vaneniui-atsparus-antakiu-piestukas-52.png","contentUrl":"https:\/\/www.malinashop.lt\/wp-content\/uploads\/2025\/11\/vaneniui-atsparus-antakiu-piestukas-52.png","width":800,"height":800},{"@type":"BreadcrumbList","@id":"https:\/\/www.malinashop.lt\/lt_lt\/shop\/sla-paris-vandeniui-atsparus-antakiu-piestukas-102-52\/#breadcrumb","itemListElement":[{"@type":"ListItem","position":1,"name":"Pagrindinis","item":"https:\/\/www.malinashop.lt\/"},{"@type":"ListItem","position":2,"name":"Parduotuv\u0117","item":"https:\/\/www.malinashop.lt\/en\/parduotuve\/"},{"@type":"ListItem","position":3,"name":"SLA PARIS vandeniui atsparus antaki\u0173 pie\u0161tukas 102-52"}]},{"@type":"WebSite","@id":"https:\/\/www.malinashop.lt\/#website","url":"https:\/\/www.malinashop.lt\/","name":"COM Group Ecommerce","description":"MalinaShop.lt - Gro\u017eio ir sveikatos produktai i\u0161 patikim\u0173 preki\u0173 \u017eenkl\u0173. Atraskite auk\u0161tos kokyb\u0117s kosmetik\u0105 u\u017e puiki\u0105 kain\u0105.","publisher":{"@id":"https:\/\/www.malinashop.lt\/#organization"},"potentialAction":[{"@type":"SearchAction","target":{"@type":"EntryPoint","urlTemplate":"https:\/\/www.malinashop.lt\/?s={search_term_string}"},"query-input":{"@type":"PropertyValueSpecification","valueRequired":true,"valueName":"search_term_string"}}],"inLanguage":"en-GB"},{"@type":"Organization","@id":"https:\/\/www.malinashop.lt\/#organization","name":"COM Group Ecommerce","url":"https:\/\/www.malinashop.lt\/","logo":{"@type":"ImageObject","inLanguage":"en-GB","@id":"https:\/\/www.malinashop.lt\/#\/schema\/logo\/image\/","url":"https:\/\/www.malinashop.lt\/wp-content\/uploads\/2024\/08\/462559670_3787732518133670_9795632669273463_n-e1731525914575.png","contentUrl":"https:\/\/www.malinashop.lt\/wp-content\/uploads\/2024\/08\/462559670_3787732518133670_9795632669273463_n-e1731525914575.png","width":180,"height":60,"caption":"COM Group Ecommerce"},"image":{"@id":"https:\/\/www.malinashop.lt\/#\/schema\/logo\/image\/"}}]}},"jetpack_sharing_enabled":true,"_links":{"self":[{"href":"https:\/\/www.malinashop.lt\/en\/wp-json\/wp\/v2\/product\/68981","targetHints":{"allow":["GET"]}}],"collection":[{"href":"https:\/\/www.malinashop.lt\/en\/wp-json\/wp\/v2\/product"}],"about":[{"href":"https:\/\/www.malinashop.lt\/en\/wp-json\/wp\/v2\/types\/product"}],"version-history":[{"count":2,"href":"https:\/\/www.malinashop.lt\/en\/wp-json\/wp\/v2\/product\/68981\/revisions"}],"predecessor-version":[{"id":71860,"href":"https:\/\/www.malinashop.lt\/en\/wp-json\/wp\/v2\/product\/68981\/revisions\/71860"}],"wp:featuredmedia":[{"embeddable":true,"href":"https:\/\/www.malinashop.lt\/en\/wp-json\/wp\/v2\/media\/62193"}],"wp:attachment":[{"href":"https:\/\/www.malinashop.lt\/en\/wp-json\/wp\/v2\/media?parent=68981"}],"wp:term":[{"taxonomy":"product_brand","embeddable":true,"href":"https:\/\/www.malinashop.lt\/en\/wp-json\/wp\/v2\/product_brand?post=68981"},{"taxonomy":"product_cat","embeddable":true,"href":"https:\/\/www.malinashop.lt\/en\/wp-json\/wp\/v2\/product_cat?post=68981"},{"taxonomy":"product_tag","embeddable":true,"href":"https:\/\/www.malinashop.lt\/en\/wp-json\/wp\/v2\/product_tag?post=68981"}],"curies":[{"name":"wp","href":"https:\/\/api.w.org\/{rel}","templated":true}]}}