{"id":68957,"date":"2025-11-25T16:32:57","date_gmt":"2025-11-25T13:32:57","guid":{"rendered":"https:\/\/malinashop.lt\/?post_type=product&#038;p=68957"},"modified":"2026-02-10T13:05:04","modified_gmt":"2026-02-10T10:05:04","slug":"sienna-x-molio-kauke-150ml","status":"publish","type":"product","link":"https:\/\/www.malinashop.lt\/en\/shop\/sienna-x-molio-kauke-150ml\/","title":{"rendered":"SIENNA-X molio kauk\u0117, 150ml"},"content":{"rendered":"<p data-start=\"229\" data-end=\"590\"><strong data-start=\"229\" data-end=\"312\">SIENNA-X molio kauk\u0117, 150 ml \u2013 intensyviai valanti ir od\u0105 detoksikuojanti kauk\u0117<\/strong>, sukurta pagerinti riebios, mi\u0161rios ir problemati\u0161kos odos b\u016bkl\u0119. Formul\u0117je esantys aktyvieji ingredientai \u2013 Chia s\u0117kl\u0173 ekstraktas, kaolinas, bentonito molis, greipfrut\u0173 ir guavos ekstraktai \u2013 giliai valo poras, \u0161alina riebal\u0173 pertekli\u0173 ir suteikia odai glotnumo bei skaistumo.<\/p>\n<p data-start=\"592\" data-end=\"964\">Chia s\u0117kl\u0173 ekstraktas padeda kovoti su odos dehidratacija ir dirglumu, ma\u017eina d\u0117meli\u0173 i\u0161ry\u0161k\u0117jim\u0105 bei suteikia odai komforto poj\u016bt\u012f. Greipfrut\u0173 ekstraktas tonizuoja ir sutraukia poras, tod\u0117l kauk\u0117 ypa\u010d tinka riebiai ir spuoguotai odai. Kaolinas ir bentonito molis detoksikuoja, \u0161velniai \u0161vei\u010dia ir valo odos pavir\u0161i\u0173, o guavos ekstraktas prisideda prie odos jaunatvi\u0161kumo.<\/p>\n<p data-start=\"966\" data-end=\"1087\">Naudojant kauk\u0119 reguliariai, oda tampa pastebimai \u0161varesn\u0117, gaivesn\u0117 ir \u0161vytinti, pager\u0117ja jos tonas ir bendras balansas.<\/p>\n<h4 data-start=\"1089\" data-end=\"1110\"><strong data-start=\"1093\" data-end=\"1108\">Naudojimas:<\/strong><\/h4>\n<p data-start=\"1111\" data-end=\"1279\">U\u017etepkite kauk\u0119 ant \u0161varios odos, palaikykite 10 minu\u010di\u0173 ir nuplaukite \u0161iltu vandeniu.<br data-start=\"1197\" data-end=\"1200\" \/>Tinka: <strong data-start=\"1207\" data-end=\"1223\">riebiai odai<\/strong>, <strong data-start=\"1225\" data-end=\"1244\">mi\u0161riai T zonai<\/strong>, <strong data-start=\"1246\" data-end=\"1278\">pa\u017eeistai ir spuoguotai odai<\/strong>.<\/p>\n<h4 data-start=\"1281\" data-end=\"1305\"><strong data-start=\"1285\" data-end=\"1303\">TOP patarimas:<\/strong><\/h4>\n<p data-start=\"1306\" data-end=\"1450\">Kurkite dvigub\u0105 proced\u016br\u0105 \u2013 molio kauk\u0119 naudokite T zonoje, o dr\u0117kinan\u010di\u0105 kauk\u0119 tepkite ant sausesni\u0173 viet\u0173. Taip oda taps lygesn\u0117 ir sveikesn\u0117.<\/p>\n<h4 data-start=\"1452\" data-end=\"1480\"><strong data-start=\"1456\" data-end=\"1480\">Pagrindin\u0117s savyb\u0117s:<\/strong><\/h4>\n<ul data-start=\"1481\" data-end=\"1622\">\n<li data-start=\"1481\" data-end=\"1505\">\n<p data-start=\"1483\" data-end=\"1505\">85% nat\u016brali sud\u0117tis<\/p>\n<\/li>\n<li data-start=\"1506\" data-end=\"1549\">\n<p data-start=\"1508\" data-end=\"1549\">Dermatologi\u0161kai ir klini\u0161kai patikrinta<\/p>\n<\/li>\n<li data-start=\"1550\" data-end=\"1575\">\n<p data-start=\"1552\" data-end=\"1575\">\u0160velni ir maloni odai<\/p>\n<\/li>\n<li data-start=\"1576\" data-end=\"1599\">\n<p data-start=\"1578\" data-end=\"1599\">Tinka jautriai odai<\/p>\n<\/li>\n<li data-start=\"1600\" data-end=\"1622\">\n<p data-start=\"1602\" data-end=\"1622\">Draugi\u0161ka veganams<\/p>\n<\/li>\n<\/ul>\n<h4 data-start=\"1624\" data-end=\"1655\"><strong data-start=\"1628\" data-end=\"1655\">Aktyvieji ingredientai:<\/strong><\/h4>\n<ul data-start=\"1656\" data-end=\"2021\">\n<li data-start=\"1656\" data-end=\"1719\">\n<p data-start=\"1658\" data-end=\"1719\"><strong data-start=\"1658\" data-end=\"1683\">Chia s\u0117kl\u0173 ekstraktas<\/strong> \u2013 dr\u0117kina, ramina, ma\u017eina d\u0117meles<\/p>\n<\/li>\n<li data-start=\"1720\" data-end=\"1765\">\n<p data-start=\"1722\" data-end=\"1765\"><strong data-start=\"1722\" data-end=\"1734\">Kaolinas<\/strong> \u2013 valo, \u0161velniai eksfoliuoja<\/p>\n<\/li>\n<li data-start=\"1766\" data-end=\"1837\">\n<p data-start=\"1768\" data-end=\"1837\"><strong data-start=\"1768\" data-end=\"1789\">Guavos ekstraktas<\/strong> \u2013 l\u0117tina sen\u0117jimo po\u017eymius, vitamin\u0173 \u0161altinis<\/p>\n<\/li>\n<li data-start=\"1838\" data-end=\"1896\">\n<p data-start=\"1840\" data-end=\"1896\"><strong data-start=\"1840\" data-end=\"1865\">Greipfrut\u0173 ekstraktas<\/strong> \u2013 tonizuoja, sutraukia poras<\/p>\n<\/li>\n<li data-start=\"1897\" data-end=\"1963\">\n<p data-start=\"1899\" data-end=\"1963\"><strong data-start=\"1899\" data-end=\"1918\">Bentonito molis<\/strong> \u2013 detoksikuoja ir \u0161alina riebal\u0173 pertekli\u0173<\/p>\n<\/li>\n<li data-start=\"1964\" data-end=\"2021\">\n<p data-start=\"1966\" data-end=\"2021\"><strong data-start=\"1966\" data-end=\"1996\">Pranc\u016bzijos \u017ealiasis molis<\/strong> \u2013 valo ir glotnina od\u0105<\/p>\n<\/li>\n<\/ul>\n","protected":false},"excerpt":{"rendered":"<p data-start=\"2065\" data-end=\"2275\">Intensyviai valanti <strong data-start=\"2085\" data-end=\"2109\">SIENNA-X molio kauk\u0117<\/strong> su Chia, greipfrut\u0173 ir guavos ekstraktais giliai valo poras, ma\u017eina riebal\u0173 pertekli\u0173 ir suteikia odai skaistumo. Idealiai tinka riebiai, mi\u0161riai ir spuoguotai odai.<\/p>\n","protected":false},"featured_media":62147,"template":"","meta":[],"product_brand":[1529],"product_cat":[553,728],"product_tag":[1618],"class_list":{"0":"post-68957","1":"product","2":"type-product","3":"status-publish","4":"has-post-thumbnail","6":"product_brand-sienna-x","7":"product_cat-veido-kaukes","8":"product_cat-veidui","9":"product_tag-sienna-x","11":"first","12":"instock","13":"purchasable","14":"product-type-simple"},"yoast_head":"<!-- This site is optimized with the Yoast SEO plugin v27.4 - https:\/\/yoast.com\/product\/yoast-seo-wordpress\/ -->\n<title>SIENNA-X molio kauk\u0117, 150ml - MalinaShop.lt J\u016bs\u0173 sveikatai ir gro\u017eiui.<\/title>\n<meta name=\"description\" content=\"SIENNA-X molio kauk\u0117 valo poras, ma\u017eina riebal\u0173 pertekli\u0173 ir ramina od\u0105. Tinka riebiai, mi\u0161riai ir spuoguotai odai. Skaisti, gaivi ir sveika oda kasdien.\" \/>\n<meta name=\"robots\" content=\"index, follow, max-snippet:-1, max-image-preview:large, max-video-preview:-1\" \/>\n<link rel=\"canonical\" href=\"https:\/\/www.malinashop.lt\/en\/shop\/sienna-x-molio-kauke-150ml\/\" \/>\n<meta property=\"og:locale\" content=\"en_GB\" \/>\n<meta property=\"og:type\" content=\"article\" \/>\n<meta property=\"og:title\" content=\"SIENNA-X molio kauk\u0117, 150ml - MalinaShop.lt J\u016bs\u0173 sveikatai ir gro\u017eiui.\" \/>\n<meta property=\"og:description\" content=\"SIENNA-X molio kauk\u0117 valo poras, ma\u017eina riebal\u0173 pertekli\u0173 ir ramina od\u0105. Tinka riebiai, mi\u0161riai ir spuoguotai odai. Skaisti, gaivi ir sveika oda kasdien.\" \/>\n<meta property=\"og:url\" content=\"https:\/\/www.malinashop.lt\/en\/shop\/sienna-x-molio-kauke-150ml\/\" \/>\n<meta property=\"og:site_name\" content=\"MalinaShop.lt J\u016bs\u0173 sveikatai ir gro\u017eiui.\" \/>\n<meta property=\"article:modified_time\" content=\"2026-02-10T10:05:04+00:00\" \/>\n<meta property=\"og:image\" content=\"https:\/\/www.malinashop.lt\/wp-content\/uploads\/2025\/11\/molio-kauke-sienna-x-clay-mask-150ml.jpg\" \/>\n\t<meta property=\"og:image:width\" content=\"800\" \/>\n\t<meta property=\"og:image:height\" content=\"1020\" \/>\n\t<meta property=\"og:image:type\" content=\"image\/jpeg\" \/>\n<meta name=\"twitter:card\" content=\"summary_large_image\" \/>\n<script type=\"application\/ld+json\" class=\"yoast-schema-graph\">{\"@context\":\"https:\\\/\\\/schema.org\",\"@graph\":[{\"@type\":\"WebPage\",\"@id\":\"https:\\\/\\\/www.malinashop.lt\\\/en\\\/shop\\\/sienna-x-molio-kauke-150ml\\\/\",\"url\":\"https:\\\/\\\/www.malinashop.lt\\\/en\\\/shop\\\/sienna-x-molio-kauke-150ml\\\/\",\"name\":\"SIENNA-X molio kauk\u0117, 150ml - MalinaShop.lt J\u016bs\u0173 sveikatai ir gro\u017eiui.\",\"isPartOf\":{\"@id\":\"https:\\\/\\\/www.malinashop.lt\\\/en\\\/#website\"},\"primaryImageOfPage\":{\"@id\":\"https:\\\/\\\/www.malinashop.lt\\\/en\\\/shop\\\/sienna-x-molio-kauke-150ml\\\/#primaryimage\"},\"image\":{\"@id\":\"https:\\\/\\\/www.malinashop.lt\\\/en\\\/shop\\\/sienna-x-molio-kauke-150ml\\\/#primaryimage\"},\"thumbnailUrl\":\"https:\\\/\\\/www.malinashop.lt\\\/wp-content\\\/uploads\\\/2025\\\/11\\\/molio-kauke-sienna-x-clay-mask-150ml.jpg\",\"datePublished\":\"2025-11-25T13:32:57+00:00\",\"dateModified\":\"2026-02-10T10:05:04+00:00\",\"description\":\"SIENNA-X molio kauk\u0117 valo poras, ma\u017eina riebal\u0173 pertekli\u0173 ir ramina od\u0105. Tinka riebiai, mi\u0161riai ir spuoguotai odai. Skaisti, gaivi ir sveika oda kasdien.\",\"breadcrumb\":{\"@id\":\"https:\\\/\\\/www.malinashop.lt\\\/en\\\/shop\\\/sienna-x-molio-kauke-150ml\\\/#breadcrumb\"},\"inLanguage\":\"en-GB\",\"potentialAction\":[{\"@type\":\"ReadAction\",\"target\":[\"https:\\\/\\\/www.malinashop.lt\\\/en\\\/shop\\\/sienna-x-molio-kauke-150ml\\\/\"]}]},{\"@type\":\"ImageObject\",\"inLanguage\":\"en-GB\",\"@id\":\"https:\\\/\\\/www.malinashop.lt\\\/en\\\/shop\\\/sienna-x-molio-kauke-150ml\\\/#primaryimage\",\"url\":\"https:\\\/\\\/www.malinashop.lt\\\/wp-content\\\/uploads\\\/2025\\\/11\\\/molio-kauke-sienna-x-clay-mask-150ml.jpg\",\"contentUrl\":\"https:\\\/\\\/www.malinashop.lt\\\/wp-content\\\/uploads\\\/2025\\\/11\\\/molio-kauke-sienna-x-clay-mask-150ml.jpg\",\"width\":800,\"height\":1020},{\"@type\":\"BreadcrumbList\",\"@id\":\"https:\\\/\\\/www.malinashop.lt\\\/en\\\/shop\\\/sienna-x-molio-kauke-150ml\\\/#breadcrumb\",\"itemListElement\":[{\"@type\":\"ListItem\",\"position\":1,\"name\":\"Home\",\"item\":\"https:\\\/\\\/www.malinashop.lt\\\/en\\\/\"},{\"@type\":\"ListItem\",\"position\":2,\"name\":\"Parduotuv\u0117\",\"item\":\"https:\\\/\\\/www.malinashop.lt\\\/en\\\/parduotuve\\\/\"},{\"@type\":\"ListItem\",\"position\":3,\"name\":\"SIENNA-X molio kauk\u0117, 150ml\"}]},{\"@type\":\"WebSite\",\"@id\":\"https:\\\/\\\/www.malinashop.lt\\\/en\\\/#website\",\"url\":\"https:\\\/\\\/www.malinashop.lt\\\/en\\\/\",\"name\":\"COM Group Ecommerce\",\"description\":\"MalinaShop.lt - Gro\u017eio ir sveikatos produktai i\u0161 patikim\u0173 preki\u0173 \u017eenkl\u0173. Atraskite auk\u0161tos kokyb\u0117s kosmetik\u0105 u\u017e puiki\u0105 kain\u0105.\",\"publisher\":{\"@id\":\"https:\\\/\\\/www.malinashop.lt\\\/en\\\/#organization\"},\"potentialAction\":[{\"@type\":\"SearchAction\",\"target\":{\"@type\":\"EntryPoint\",\"urlTemplate\":\"https:\\\/\\\/www.malinashop.lt\\\/en\\\/?s={search_term_string}\"},\"query-input\":{\"@type\":\"PropertyValueSpecification\",\"valueRequired\":true,\"valueName\":\"search_term_string\"}}],\"inLanguage\":\"en-GB\"},{\"@type\":\"Organization\",\"@id\":\"https:\\\/\\\/www.malinashop.lt\\\/en\\\/#organization\",\"name\":\"COM Group Ecommerce\",\"url\":\"https:\\\/\\\/www.malinashop.lt\\\/en\\\/\",\"logo\":{\"@type\":\"ImageObject\",\"inLanguage\":\"en-GB\",\"@id\":\"https:\\\/\\\/www.malinashop.lt\\\/en\\\/#\\\/schema\\\/logo\\\/image\\\/\",\"url\":\"https:\\\/\\\/www.malinashop.lt\\\/wp-content\\\/uploads\\\/2024\\\/08\\\/462559670_3787732518133670_9795632669273463_n-e1731525914575.png\",\"contentUrl\":\"https:\\\/\\\/www.malinashop.lt\\\/wp-content\\\/uploads\\\/2024\\\/08\\\/462559670_3787732518133670_9795632669273463_n-e1731525914575.png\",\"width\":180,\"height\":60,\"caption\":\"COM Group Ecommerce\"},\"image\":{\"@id\":\"https:\\\/\\\/www.malinashop.lt\\\/en\\\/#\\\/schema\\\/logo\\\/image\\\/\"}}]}<\/script>\n<!-- \/ Yoast SEO plugin. -->","yoast_head_json":{"title":"SIENNA-X molio kauk\u0117, 150ml - MalinaShop.lt J\u016bs\u0173 sveikatai ir gro\u017eiui.","description":"SIENNA-X molio kauk\u0117 valo poras, ma\u017eina riebal\u0173 pertekli\u0173 ir ramina od\u0105. Tinka riebiai, mi\u0161riai ir spuoguotai odai. Skaisti, gaivi ir sveika oda kasdien.","robots":{"index":"index","follow":"follow","max-snippet":"max-snippet:-1","max-image-preview":"max-image-preview:large","max-video-preview":"max-video-preview:-1"},"canonical":"https:\/\/www.malinashop.lt\/en\/shop\/sienna-x-molio-kauke-150ml\/","og_locale":"en_GB","og_type":"article","og_title":"SIENNA-X molio kauk\u0117, 150ml - MalinaShop.lt J\u016bs\u0173 sveikatai ir gro\u017eiui.","og_description":"SIENNA-X molio kauk\u0117 valo poras, ma\u017eina riebal\u0173 pertekli\u0173 ir ramina od\u0105. Tinka riebiai, mi\u0161riai ir spuoguotai odai. Skaisti, gaivi ir sveika oda kasdien.","og_url":"https:\/\/www.malinashop.lt\/en\/shop\/sienna-x-molio-kauke-150ml\/","og_site_name":"MalinaShop.lt J\u016bs\u0173 sveikatai ir gro\u017eiui.","article_modified_time":"2026-02-10T10:05:04+00:00","og_image":[{"width":800,"height":1020,"url":"https:\/\/www.malinashop.lt\/wp-content\/uploads\/2025\/11\/molio-kauke-sienna-x-clay-mask-150ml.jpg","type":"image\/jpeg"}],"twitter_card":"summary_large_image","schema":{"@context":"https:\/\/schema.org","@graph":[{"@type":"WebPage","@id":"https:\/\/www.malinashop.lt\/en\/shop\/sienna-x-molio-kauke-150ml\/","url":"https:\/\/www.malinashop.lt\/en\/shop\/sienna-x-molio-kauke-150ml\/","name":"SIENNA-X molio kauk\u0117, 150ml - MalinaShop.lt J\u016bs\u0173 sveikatai ir gro\u017eiui.","isPartOf":{"@id":"https:\/\/www.malinashop.lt\/en\/#website"},"primaryImageOfPage":{"@id":"https:\/\/www.malinashop.lt\/en\/shop\/sienna-x-molio-kauke-150ml\/#primaryimage"},"image":{"@id":"https:\/\/www.malinashop.lt\/en\/shop\/sienna-x-molio-kauke-150ml\/#primaryimage"},"thumbnailUrl":"https:\/\/www.malinashop.lt\/wp-content\/uploads\/2025\/11\/molio-kauke-sienna-x-clay-mask-150ml.jpg","datePublished":"2025-11-25T13:32:57+00:00","dateModified":"2026-02-10T10:05:04+00:00","description":"SIENNA-X molio kauk\u0117 valo poras, ma\u017eina riebal\u0173 pertekli\u0173 ir ramina od\u0105. Tinka riebiai, mi\u0161riai ir spuoguotai odai. Skaisti, gaivi ir sveika oda kasdien.","breadcrumb":{"@id":"https:\/\/www.malinashop.lt\/en\/shop\/sienna-x-molio-kauke-150ml\/#breadcrumb"},"inLanguage":"en-GB","potentialAction":[{"@type":"ReadAction","target":["https:\/\/www.malinashop.lt\/en\/shop\/sienna-x-molio-kauke-150ml\/"]}]},{"@type":"ImageObject","inLanguage":"en-GB","@id":"https:\/\/www.malinashop.lt\/en\/shop\/sienna-x-molio-kauke-150ml\/#primaryimage","url":"https:\/\/www.malinashop.lt\/wp-content\/uploads\/2025\/11\/molio-kauke-sienna-x-clay-mask-150ml.jpg","contentUrl":"https:\/\/www.malinashop.lt\/wp-content\/uploads\/2025\/11\/molio-kauke-sienna-x-clay-mask-150ml.jpg","width":800,"height":1020},{"@type":"BreadcrumbList","@id":"https:\/\/www.malinashop.lt\/en\/shop\/sienna-x-molio-kauke-150ml\/#breadcrumb","itemListElement":[{"@type":"ListItem","position":1,"name":"Home","item":"https:\/\/www.malinashop.lt\/en\/"},{"@type":"ListItem","position":2,"name":"Parduotuv\u0117","item":"https:\/\/www.malinashop.lt\/en\/parduotuve\/"},{"@type":"ListItem","position":3,"name":"SIENNA-X molio kauk\u0117, 150ml"}]},{"@type":"WebSite","@id":"https:\/\/www.malinashop.lt\/en\/#website","url":"https:\/\/www.malinashop.lt\/en\/","name":"COM Group Ecommerce","description":"MalinaShop.lt - Gro\u017eio ir sveikatos produktai i\u0161 patikim\u0173 preki\u0173 \u017eenkl\u0173. Atraskite auk\u0161tos kokyb\u0117s kosmetik\u0105 u\u017e puiki\u0105 kain\u0105.","publisher":{"@id":"https:\/\/www.malinashop.lt\/en\/#organization"},"potentialAction":[{"@type":"SearchAction","target":{"@type":"EntryPoint","urlTemplate":"https:\/\/www.malinashop.lt\/en\/?s={search_term_string}"},"query-input":{"@type":"PropertyValueSpecification","valueRequired":true,"valueName":"search_term_string"}}],"inLanguage":"en-GB"},{"@type":"Organization","@id":"https:\/\/www.malinashop.lt\/en\/#organization","name":"COM Group Ecommerce","url":"https:\/\/www.malinashop.lt\/en\/","logo":{"@type":"ImageObject","inLanguage":"en-GB","@id":"https:\/\/www.malinashop.lt\/en\/#\/schema\/logo\/image\/","url":"https:\/\/www.malinashop.lt\/wp-content\/uploads\/2024\/08\/462559670_3787732518133670_9795632669273463_n-e1731525914575.png","contentUrl":"https:\/\/www.malinashop.lt\/wp-content\/uploads\/2024\/08\/462559670_3787732518133670_9795632669273463_n-e1731525914575.png","width":180,"height":60,"caption":"COM Group Ecommerce"},"image":{"@id":"https:\/\/www.malinashop.lt\/en\/#\/schema\/logo\/image\/"}}]}},"jetpack_sharing_enabled":true,"_links":{"self":[{"href":"https:\/\/www.malinashop.lt\/en\/wp-json\/wp\/v2\/product\/68957","targetHints":{"allow":["GET"]}}],"collection":[{"href":"https:\/\/www.malinashop.lt\/en\/wp-json\/wp\/v2\/product"}],"about":[{"href":"https:\/\/www.malinashop.lt\/en\/wp-json\/wp\/v2\/types\/product"}],"version-history":[{"count":2,"href":"https:\/\/www.malinashop.lt\/en\/wp-json\/wp\/v2\/product\/68957\/revisions"}],"predecessor-version":[{"id":72027,"href":"https:\/\/www.malinashop.lt\/en\/wp-json\/wp\/v2\/product\/68957\/revisions\/72027"}],"wp:featuredmedia":[{"embeddable":true,"href":"https:\/\/www.malinashop.lt\/en\/wp-json\/wp\/v2\/media\/62147"}],"wp:attachment":[{"href":"https:\/\/www.malinashop.lt\/en\/wp-json\/wp\/v2\/media?parent=68957"}],"wp:term":[{"taxonomy":"product_brand","embeddable":true,"href":"https:\/\/www.malinashop.lt\/en\/wp-json\/wp\/v2\/product_brand?post=68957"},{"taxonomy":"product_cat","embeddable":true,"href":"https:\/\/www.malinashop.lt\/en\/wp-json\/wp\/v2\/product_cat?post=68957"},{"taxonomy":"product_tag","embeddable":true,"href":"https:\/\/www.malinashop.lt\/en\/wp-json\/wp\/v2\/product_tag?post=68957"}],"curies":[{"name":"wp","href":"https:\/\/api.w.org\/{rel}","templated":true}]}}