{"id":68943,"date":"2025-11-25T16:32:57","date_gmt":"2025-11-25T13:32:57","guid":{"rendered":"https:\/\/malinashop.lt\/?post_type=product&#038;p=68943"},"modified":"2026-02-10T13:12:43","modified_gmt":"2026-02-10T10:12:43","slug":"sla-paris-lupu-piestukas-dermographic-beige-opera","status":"publish","type":"product","link":"https:\/\/www.malinashop.lt\/en\/shop\/sla-paris-lupu-piestukas-dermographic-beige-opera\/","title":{"rendered":"SLA PARIS l\u016bp\u0173 pie\u0161tukas dermographic BEIGE OPERA, 1,5g\/15cm"},"content":{"rendered":"<p data-start=\"195\" data-end=\"491\"><strong data-start=\"195\" data-end=\"248\">SLA PARIS l\u016bp\u0173 pie\u0161tukas Dermographic BEIGE OPERA<\/strong> \u2013 tai profesionalus l\u016bp\u0173 kont\u016bro pie\u0161tukas, pasi\u017eymintis kremin\u0117s konsistencijos tekst\u016bra ir intensyviu pigmentu. Jis leid\u017eia sukurti tiksl\u0173, ai\u0161k\u0173 ir ilgai i\u0161liekant\u012f l\u016bp\u0173 kont\u016br\u0105, kuris padeda i\u0161laikyti ideali\u0105 l\u016bp\u0173 form\u0105 visos dienos metu.<\/p>\n<p data-start=\"493\" data-end=\"713\">Mink\u0161ta pie\u0161tuko formul\u0117 lengvai slysta per od\u0105, tod\u0117l kont\u016br\u0105 nubr\u0117\u0161ite be pastang\u0173, o spalva tolygiai pasiskirstys. Priemon\u0117 puikiai tinka tiek nat\u016braliam l\u016bp\u0173 pary\u0161kinimui, tiek ry\u0161kesni\u0173 makia\u017eo \u012fvaizd\u017ei\u0173 suk\u016brimui.<\/p>\n<p data-start=\"715\" data-end=\"993\">Sud\u0117tyje esantys maitinamieji ingredientai \u2013 <strong data-start=\"760\" data-end=\"780\">kakavos sviestas<\/strong>, <strong data-start=\"782\" data-end=\"805\">taukmed\u017eio sviestas<\/strong> ir <strong data-start=\"809\" data-end=\"829\">nat\u016bralus va\u0161kas<\/strong> \u2013 dr\u0117kina, \u0161velnina ir apsaugo l\u016bpas nuo i\u0161saus\u0117jimo. Pie\u0161tukas lengvai retu\u0161uojamas \u0161epet\u0117liu, tod\u0117l galite sukurti skland\u0173 per\u0117jim\u0105 tarp kont\u016bro ir l\u016bp\u0173 spalvos.<\/p>\n<p data-start=\"995\" data-end=\"1192\"><strong data-start=\"995\" data-end=\"1010\">Naudojimas:<\/strong> prie\u0161 pie\u0161tuko naudojim\u0105 rekomenduojama j\u012f padro\u017eti. Kont\u016br\u0105 prad\u0117kite formuoti nuo vir\u0161utin\u0117s l\u016bpos centro, jud\u0117kite link kampu\u010di\u0173, tuomet retu\u0161uokite \u0161epet\u0117liu SLA Nr. 04 arba R4.<\/p>\n<p data-start=\"1194\" data-end=\"1256\">Produktas be fenoksietanolio ir PGED. Netestuotas su gyv\u016bnais.<\/p>\n","protected":false},"excerpt":{"rendered":"<p data-start=\"1300\" data-end=\"1519\">Profesionalus SLA PARIS l\u016bp\u0173 pie\u0161tukas su kremin\u0117s tekst\u016bros formule, leid\u017eian\u010dia lengvai sukurti tiksl\u0173 l\u016bp\u0173 kont\u016br\u0105. Maitinantys ingredientai dr\u0117kina ir apsaugo l\u016bpas, o pigmentas suteikia ilgalaik\u012f makia\u017eo rezultat\u0105.<\/p>\n","protected":false},"featured_media":62114,"template":"","meta":[],"product_brand":[1527],"product_cat":[102,708,529],"product_tag":[1623],"class_list":{"0":"post-68943","1":"product","2":"type-product","3":"status-publish","4":"has-post-thumbnail","6":"product_brand-sla-paris","7":"product_cat-dekoratyvine-kosmetika","8":"product_cat-lupoms","9":"product_cat-lupu-piestukai","10":"product_tag-sla-paris","12":"first","13":"instock","14":"purchasable","15":"product-type-simple"},"yoast_head":"<!-- This site is optimized with the Yoast SEO plugin v27.4 - https:\/\/yoast.com\/product\/yoast-seo-wordpress\/ -->\n<title>SLA PARIS l\u016bp\u0173 pie\u0161tukas dermographic BEIGE OPERA, 1,5g\/15cm - MalinaShop.lt J\u016bs\u0173 sveikatai ir gro\u017eiui.<\/title>\n<meta name=\"description\" content=\"SLA PARIS BEIGE OPERA l\u016bp\u0173 pie\u0161tukas \u2013 kreminis, tikslus ir ilgai i\u0161liekantis kont\u016bras su dr\u0117kinan\u010diais ingredientais.\" \/>\n<meta name=\"robots\" content=\"index, follow, max-snippet:-1, max-image-preview:large, max-video-preview:-1\" \/>\n<link rel=\"canonical\" href=\"https:\/\/www.malinashop.lt\/en\/shop\/sla-paris-lupu-piestukas-dermographic-beige-opera\/\" \/>\n<meta property=\"og:locale\" content=\"en_GB\" \/>\n<meta property=\"og:type\" content=\"article\" \/>\n<meta property=\"og:title\" content=\"SLA PARIS l\u016bp\u0173 pie\u0161tukas dermographic BEIGE OPERA, 1,5g\/15cm - MalinaShop.lt J\u016bs\u0173 sveikatai ir gro\u017eiui.\" \/>\n<meta property=\"og:description\" content=\"SLA PARIS BEIGE OPERA l\u016bp\u0173 pie\u0161tukas \u2013 kreminis, tikslus ir ilgai i\u0161liekantis kont\u016bras su dr\u0117kinan\u010diais ingredientais.\" \/>\n<meta property=\"og:url\" content=\"https:\/\/www.malinashop.lt\/en\/shop\/sla-paris-lupu-piestukas-dermographic-beige-opera\/\" \/>\n<meta property=\"og:site_name\" content=\"MalinaShop.lt J\u016bs\u0173 sveikatai ir gro\u017eiui.\" \/>\n<meta property=\"article:modified_time\" content=\"2026-02-10T10:12:43+00:00\" \/>\n<meta property=\"og:image\" content=\"https:\/\/www.malinashop.lt\/wp-content\/uploads\/2025\/11\/lupu-piestukas-dermographic-beige-opera-15g15cm.jpg\" \/>\n\t<meta property=\"og:image:width\" content=\"800\" \/>\n\t<meta property=\"og:image:height\" content=\"800\" \/>\n\t<meta property=\"og:image:type\" content=\"image\/jpeg\" \/>\n<meta name=\"twitter:card\" content=\"summary_large_image\" \/>\n<script type=\"application\/ld+json\" class=\"yoast-schema-graph\">{\"@context\":\"https:\\\/\\\/schema.org\",\"@graph\":[{\"@type\":\"WebPage\",\"@id\":\"https:\\\/\\\/www.malinashop.lt\\\/lt_lt\\\/shop\\\/sla-paris-lupu-piestukas-dermographic-beige-opera\\\/\",\"url\":\"https:\\\/\\\/www.malinashop.lt\\\/lt_lt\\\/shop\\\/sla-paris-lupu-piestukas-dermographic-beige-opera\\\/\",\"name\":\"SLA PARIS l\u016bp\u0173 pie\u0161tukas dermographic BEIGE OPERA, 1,5g\\\/15cm - MalinaShop.lt J\u016bs\u0173 sveikatai ir gro\u017eiui.\",\"isPartOf\":{\"@id\":\"https:\\\/\\\/www.malinashop.lt\\\/#website\"},\"primaryImageOfPage\":{\"@id\":\"https:\\\/\\\/www.malinashop.lt\\\/lt_lt\\\/shop\\\/sla-paris-lupu-piestukas-dermographic-beige-opera\\\/#primaryimage\"},\"image\":{\"@id\":\"https:\\\/\\\/www.malinashop.lt\\\/lt_lt\\\/shop\\\/sla-paris-lupu-piestukas-dermographic-beige-opera\\\/#primaryimage\"},\"thumbnailUrl\":\"https:\\\/\\\/www.malinashop.lt\\\/wp-content\\\/uploads\\\/2025\\\/11\\\/lupu-piestukas-dermographic-beige-opera-15g15cm.jpg\",\"datePublished\":\"2025-11-25T13:32:57+00:00\",\"dateModified\":\"2026-02-10T10:12:43+00:00\",\"description\":\"SLA PARIS BEIGE OPERA l\u016bp\u0173 pie\u0161tukas \u2013 kreminis, tikslus ir ilgai i\u0161liekantis kont\u016bras su dr\u0117kinan\u010diais ingredientais.\",\"breadcrumb\":{\"@id\":\"https:\\\/\\\/www.malinashop.lt\\\/lt_lt\\\/shop\\\/sla-paris-lupu-piestukas-dermographic-beige-opera\\\/#breadcrumb\"},\"inLanguage\":\"en-GB\",\"potentialAction\":[{\"@type\":\"ReadAction\",\"target\":[\"https:\\\/\\\/www.malinashop.lt\\\/lt_lt\\\/shop\\\/sla-paris-lupu-piestukas-dermographic-beige-opera\\\/\"]}]},{\"@type\":\"ImageObject\",\"inLanguage\":\"en-GB\",\"@id\":\"https:\\\/\\\/www.malinashop.lt\\\/lt_lt\\\/shop\\\/sla-paris-lupu-piestukas-dermographic-beige-opera\\\/#primaryimage\",\"url\":\"https:\\\/\\\/www.malinashop.lt\\\/wp-content\\\/uploads\\\/2025\\\/11\\\/lupu-piestukas-dermographic-beige-opera-15g15cm.jpg\",\"contentUrl\":\"https:\\\/\\\/www.malinashop.lt\\\/wp-content\\\/uploads\\\/2025\\\/11\\\/lupu-piestukas-dermographic-beige-opera-15g15cm.jpg\",\"width\":800,\"height\":800},{\"@type\":\"BreadcrumbList\",\"@id\":\"https:\\\/\\\/www.malinashop.lt\\\/lt_lt\\\/shop\\\/sla-paris-lupu-piestukas-dermographic-beige-opera\\\/#breadcrumb\",\"itemListElement\":[{\"@type\":\"ListItem\",\"position\":1,\"name\":\"Pagrindinis\",\"item\":\"https:\\\/\\\/www.malinashop.lt\\\/\"},{\"@type\":\"ListItem\",\"position\":2,\"name\":\"Parduotuv\u0117\",\"item\":\"https:\\\/\\\/www.malinashop.lt\\\/en\\\/parduotuve\\\/\"},{\"@type\":\"ListItem\",\"position\":3,\"name\":\"SLA PARIS l\u016bp\u0173 pie\u0161tukas dermographic BEIGE OPERA, 1,5g\\\/15cm\"}]},{\"@type\":\"WebSite\",\"@id\":\"https:\\\/\\\/www.malinashop.lt\\\/#website\",\"url\":\"https:\\\/\\\/www.malinashop.lt\\\/\",\"name\":\"COM Group Ecommerce\",\"description\":\"MalinaShop.lt - Gro\u017eio ir sveikatos produktai i\u0161 patikim\u0173 preki\u0173 \u017eenkl\u0173. Atraskite auk\u0161tos kokyb\u0117s kosmetik\u0105 u\u017e puiki\u0105 kain\u0105.\",\"publisher\":{\"@id\":\"https:\\\/\\\/www.malinashop.lt\\\/#organization\"},\"potentialAction\":[{\"@type\":\"SearchAction\",\"target\":{\"@type\":\"EntryPoint\",\"urlTemplate\":\"https:\\\/\\\/www.malinashop.lt\\\/?s={search_term_string}\"},\"query-input\":{\"@type\":\"PropertyValueSpecification\",\"valueRequired\":true,\"valueName\":\"search_term_string\"}}],\"inLanguage\":\"en-GB\"},{\"@type\":\"Organization\",\"@id\":\"https:\\\/\\\/www.malinashop.lt\\\/#organization\",\"name\":\"COM Group Ecommerce\",\"url\":\"https:\\\/\\\/www.malinashop.lt\\\/\",\"logo\":{\"@type\":\"ImageObject\",\"inLanguage\":\"en-GB\",\"@id\":\"https:\\\/\\\/www.malinashop.lt\\\/#\\\/schema\\\/logo\\\/image\\\/\",\"url\":\"https:\\\/\\\/www.malinashop.lt\\\/wp-content\\\/uploads\\\/2024\\\/08\\\/462559670_3787732518133670_9795632669273463_n-e1731525914575.png\",\"contentUrl\":\"https:\\\/\\\/www.malinashop.lt\\\/wp-content\\\/uploads\\\/2024\\\/08\\\/462559670_3787732518133670_9795632669273463_n-e1731525914575.png\",\"width\":180,\"height\":60,\"caption\":\"COM Group Ecommerce\"},\"image\":{\"@id\":\"https:\\\/\\\/www.malinashop.lt\\\/#\\\/schema\\\/logo\\\/image\\\/\"}}]}<\/script>\n<!-- \/ Yoast SEO plugin. -->","yoast_head_json":{"title":"SLA PARIS l\u016bp\u0173 pie\u0161tukas dermographic BEIGE OPERA, 1,5g\/15cm - MalinaShop.lt J\u016bs\u0173 sveikatai ir gro\u017eiui.","description":"SLA PARIS BEIGE OPERA l\u016bp\u0173 pie\u0161tukas \u2013 kreminis, tikslus ir ilgai i\u0161liekantis kont\u016bras su dr\u0117kinan\u010diais ingredientais.","robots":{"index":"index","follow":"follow","max-snippet":"max-snippet:-1","max-image-preview":"max-image-preview:large","max-video-preview":"max-video-preview:-1"},"canonical":"https:\/\/www.malinashop.lt\/en\/shop\/sla-paris-lupu-piestukas-dermographic-beige-opera\/","og_locale":"en_GB","og_type":"article","og_title":"SLA PARIS l\u016bp\u0173 pie\u0161tukas dermographic BEIGE OPERA, 1,5g\/15cm - MalinaShop.lt J\u016bs\u0173 sveikatai ir gro\u017eiui.","og_description":"SLA PARIS BEIGE OPERA l\u016bp\u0173 pie\u0161tukas \u2013 kreminis, tikslus ir ilgai i\u0161liekantis kont\u016bras su dr\u0117kinan\u010diais ingredientais.","og_url":"https:\/\/www.malinashop.lt\/en\/shop\/sla-paris-lupu-piestukas-dermographic-beige-opera\/","og_site_name":"MalinaShop.lt J\u016bs\u0173 sveikatai ir gro\u017eiui.","article_modified_time":"2026-02-10T10:12:43+00:00","og_image":[{"width":800,"height":800,"url":"https:\/\/www.malinashop.lt\/wp-content\/uploads\/2025\/11\/lupu-piestukas-dermographic-beige-opera-15g15cm.jpg","type":"image\/jpeg"}],"twitter_card":"summary_large_image","schema":{"@context":"https:\/\/schema.org","@graph":[{"@type":"WebPage","@id":"https:\/\/www.malinashop.lt\/lt_lt\/shop\/sla-paris-lupu-piestukas-dermographic-beige-opera\/","url":"https:\/\/www.malinashop.lt\/lt_lt\/shop\/sla-paris-lupu-piestukas-dermographic-beige-opera\/","name":"SLA PARIS l\u016bp\u0173 pie\u0161tukas dermographic BEIGE OPERA, 1,5g\/15cm - MalinaShop.lt J\u016bs\u0173 sveikatai ir gro\u017eiui.","isPartOf":{"@id":"https:\/\/www.malinashop.lt\/#website"},"primaryImageOfPage":{"@id":"https:\/\/www.malinashop.lt\/lt_lt\/shop\/sla-paris-lupu-piestukas-dermographic-beige-opera\/#primaryimage"},"image":{"@id":"https:\/\/www.malinashop.lt\/lt_lt\/shop\/sla-paris-lupu-piestukas-dermographic-beige-opera\/#primaryimage"},"thumbnailUrl":"https:\/\/www.malinashop.lt\/wp-content\/uploads\/2025\/11\/lupu-piestukas-dermographic-beige-opera-15g15cm.jpg","datePublished":"2025-11-25T13:32:57+00:00","dateModified":"2026-02-10T10:12:43+00:00","description":"SLA PARIS BEIGE OPERA l\u016bp\u0173 pie\u0161tukas \u2013 kreminis, tikslus ir ilgai i\u0161liekantis kont\u016bras su dr\u0117kinan\u010diais ingredientais.","breadcrumb":{"@id":"https:\/\/www.malinashop.lt\/lt_lt\/shop\/sla-paris-lupu-piestukas-dermographic-beige-opera\/#breadcrumb"},"inLanguage":"en-GB","potentialAction":[{"@type":"ReadAction","target":["https:\/\/www.malinashop.lt\/lt_lt\/shop\/sla-paris-lupu-piestukas-dermographic-beige-opera\/"]}]},{"@type":"ImageObject","inLanguage":"en-GB","@id":"https:\/\/www.malinashop.lt\/lt_lt\/shop\/sla-paris-lupu-piestukas-dermographic-beige-opera\/#primaryimage","url":"https:\/\/www.malinashop.lt\/wp-content\/uploads\/2025\/11\/lupu-piestukas-dermographic-beige-opera-15g15cm.jpg","contentUrl":"https:\/\/www.malinashop.lt\/wp-content\/uploads\/2025\/11\/lupu-piestukas-dermographic-beige-opera-15g15cm.jpg","width":800,"height":800},{"@type":"BreadcrumbList","@id":"https:\/\/www.malinashop.lt\/lt_lt\/shop\/sla-paris-lupu-piestukas-dermographic-beige-opera\/#breadcrumb","itemListElement":[{"@type":"ListItem","position":1,"name":"Pagrindinis","item":"https:\/\/www.malinashop.lt\/"},{"@type":"ListItem","position":2,"name":"Parduotuv\u0117","item":"https:\/\/www.malinashop.lt\/en\/parduotuve\/"},{"@type":"ListItem","position":3,"name":"SLA PARIS l\u016bp\u0173 pie\u0161tukas dermographic BEIGE OPERA, 1,5g\/15cm"}]},{"@type":"WebSite","@id":"https:\/\/www.malinashop.lt\/#website","url":"https:\/\/www.malinashop.lt\/","name":"COM Group Ecommerce","description":"MalinaShop.lt - Gro\u017eio ir sveikatos produktai i\u0161 patikim\u0173 preki\u0173 \u017eenkl\u0173. Atraskite auk\u0161tos kokyb\u0117s kosmetik\u0105 u\u017e puiki\u0105 kain\u0105.","publisher":{"@id":"https:\/\/www.malinashop.lt\/#organization"},"potentialAction":[{"@type":"SearchAction","target":{"@type":"EntryPoint","urlTemplate":"https:\/\/www.malinashop.lt\/?s={search_term_string}"},"query-input":{"@type":"PropertyValueSpecification","valueRequired":true,"valueName":"search_term_string"}}],"inLanguage":"en-GB"},{"@type":"Organization","@id":"https:\/\/www.malinashop.lt\/#organization","name":"COM Group Ecommerce","url":"https:\/\/www.malinashop.lt\/","logo":{"@type":"ImageObject","inLanguage":"en-GB","@id":"https:\/\/www.malinashop.lt\/#\/schema\/logo\/image\/","url":"https:\/\/www.malinashop.lt\/wp-content\/uploads\/2024\/08\/462559670_3787732518133670_9795632669273463_n-e1731525914575.png","contentUrl":"https:\/\/www.malinashop.lt\/wp-content\/uploads\/2024\/08\/462559670_3787732518133670_9795632669273463_n-e1731525914575.png","width":180,"height":60,"caption":"COM Group Ecommerce"},"image":{"@id":"https:\/\/www.malinashop.lt\/#\/schema\/logo\/image\/"}}]}},"jetpack_sharing_enabled":true,"_links":{"self":[{"href":"https:\/\/www.malinashop.lt\/en\/wp-json\/wp\/v2\/product\/68943","targetHints":{"allow":["GET"]}}],"collection":[{"href":"https:\/\/www.malinashop.lt\/en\/wp-json\/wp\/v2\/product"}],"about":[{"href":"https:\/\/www.malinashop.lt\/en\/wp-json\/wp\/v2\/types\/product"}],"version-history":[{"count":2,"href":"https:\/\/www.malinashop.lt\/en\/wp-json\/wp\/v2\/product\/68943\/revisions"}],"predecessor-version":[{"id":71842,"href":"https:\/\/www.malinashop.lt\/en\/wp-json\/wp\/v2\/product\/68943\/revisions\/71842"}],"wp:featuredmedia":[{"embeddable":true,"href":"https:\/\/www.malinashop.lt\/en\/wp-json\/wp\/v2\/media\/62114"}],"wp:attachment":[{"href":"https:\/\/www.malinashop.lt\/en\/wp-json\/wp\/v2\/media?parent=68943"}],"wp:term":[{"taxonomy":"product_brand","embeddable":true,"href":"https:\/\/www.malinashop.lt\/en\/wp-json\/wp\/v2\/product_brand?post=68943"},{"taxonomy":"product_cat","embeddable":true,"href":"https:\/\/www.malinashop.lt\/en\/wp-json\/wp\/v2\/product_cat?post=68943"},{"taxonomy":"product_tag","embeddable":true,"href":"https:\/\/www.malinashop.lt\/en\/wp-json\/wp\/v2\/product_tag?post=68943"}],"curies":[{"name":"wp","href":"https:\/\/api.w.org\/{rel}","templated":true}]}}