{"id":68941,"date":"2025-11-25T16:32:57","date_gmt":"2025-11-25T13:32:57","guid":{"rendered":"https:\/\/malinashop.lt\/?post_type=product&#038;p=68941"},"modified":"2026-03-09T17:08:02","modified_gmt":"2026-03-09T14:08:02","slug":"sla-paris-lupu-piestukas-crayons-cocoon-nude-100-22","status":"publish","type":"product","link":"https:\/\/www.malinashop.lt\/en\/shop\/sla-paris-lupu-piestukas-crayons-cocoon-nude-100-22\/","title":{"rendered":"SLA PARIS l\u016bp\u0173 pie\u0161tukas CRAYONS COCOON NUDE"},"content":{"rendered":"<p data-start=\"136\" data-end=\"446\"><strong data-start=\"136\" data-end=\"193\">SLA PARIS l\u016bp\u0173 pie\u0161tukas Crayons Cocoon Nude (100\u201322)<\/strong> \u2013 tai itin mink\u0161tos konsistencijos, intensyviai pigmentuotas l\u016bp\u0173 pie\u0161tukas, sukurtas precizi\u0161kai l\u016bp\u0173 kont\u016bro formavimo ir spalvos ry\u0161kumo m\u0117g\u0117joms. Pie\u0161tukas glotniai slysta per l\u016bpas, nesausina ir leid\u017eia i\u0161gauti tiek subtil\u0173, tiek ry\u0161kesn\u012f kont\u016br\u0105.<\/p>\n<p data-start=\"448\" data-end=\"716\">Crayons kolekcija sukurta taip, kad tobulai der\u0117t\u0173 su ilgalaikiais l\u016bp\u0173 blizgesiais, u\u017etikrindama nepriekai\u0161ting\u0105 makia\u017e\u0105 visai dienai. \u0160i Nude atspalvio versija suteikia nat\u016braliai atrodan\u010di\u0105, universali\u0105 spalv\u0105, puikiai tinkan\u010di\u0105 kasdieniam ir vakariniam \u012fvaizd\u017eiui.<\/p>\n<p data-start=\"718\" data-end=\"841\">Idealus pasirinkimas norin\u010dioms i\u0161ry\u0161kinti l\u016bp\u0173 form\u0105, pailginti makia\u017eo i\u0161silaikym\u0105 ir sukurti dail\u0173, esteti\u0161k\u0105 rezultat\u0105.<\/p>\n","protected":false},"excerpt":{"rendered":"<p data-start=\"884\" data-end=\"1088\">Intensyviai pigmentuotas, mink\u0161tos tekst\u016bros SLA PARIS l\u016bp\u0173 pie\u0161tukas Nude atspalviu. Puikiai formuoja kont\u016br\u0105 ir dera su ilgalaikiais l\u016bp\u0173 blizgesiais, suteikdamas nat\u016bral\u0173 ir ilgai i\u0161liekant\u012f rezultat\u0105.<\/p>\n","protected":false},"featured_media":62111,"template":"","meta":[],"product_brand":[1527],"product_cat":[102,708,529],"product_tag":[1623],"class_list":{"0":"post-68941","1":"product","2":"type-product","3":"status-publish","4":"has-post-thumbnail","6":"product_brand-sla-paris","7":"product_cat-dekoratyvine-kosmetika","8":"product_cat-lupoms","9":"product_cat-lupu-piestukai","10":"product_tag-sla-paris","12":"first","13":"instock","14":"purchasable","15":"product-type-simple"},"yoast_head":"<!-- This site is optimized with the Yoast SEO plugin v27.4 - https:\/\/yoast.com\/product\/yoast-seo-wordpress\/ -->\n<title>SLA PARIS l\u016bp\u0173 pie\u0161tukas CRAYONS COCOON NUDE - MalinaShop.lt J\u016bs\u0173 sveikatai ir gro\u017eiui.<\/title>\n<meta name=\"description\" content=\"SLA PARIS Crayons Cocoon Nude \u2013 mink\u0161tas, pigmentuotas l\u016bp\u0173 pie\u0161tukas, puikiai formuojantis kont\u016br\u0105 ir derantis su ilgalaikiais l\u016bp\u0173 blizgesiais.\" \/>\n<meta name=\"robots\" content=\"index, follow, max-snippet:-1, max-image-preview:large, max-video-preview:-1\" \/>\n<link rel=\"canonical\" href=\"https:\/\/www.malinashop.lt\/en\/shop\/sla-paris-lupu-piestukas-crayons-cocoon-nude-100-22\/\" \/>\n<meta property=\"og:locale\" content=\"en_GB\" \/>\n<meta property=\"og:type\" content=\"article\" \/>\n<meta property=\"og:title\" content=\"SLA PARIS l\u016bp\u0173 pie\u0161tukas CRAYONS COCOON NUDE - MalinaShop.lt J\u016bs\u0173 sveikatai ir gro\u017eiui.\" \/>\n<meta property=\"og:description\" content=\"SLA PARIS Crayons Cocoon Nude \u2013 mink\u0161tas, pigmentuotas l\u016bp\u0173 pie\u0161tukas, puikiai formuojantis kont\u016br\u0105 ir derantis su ilgalaikiais l\u016bp\u0173 blizgesiais.\" \/>\n<meta property=\"og:url\" content=\"https:\/\/www.malinashop.lt\/en\/shop\/sla-paris-lupu-piestukas-crayons-cocoon-nude-100-22\/\" \/>\n<meta property=\"og:site_name\" content=\"MalinaShop.lt J\u016bs\u0173 sveikatai ir gro\u017eiui.\" \/>\n<meta property=\"article:modified_time\" content=\"2026-03-09T14:08:02+00:00\" \/>\n<meta property=\"og:image\" content=\"https:\/\/www.malinashop.lt\/wp-content\/uploads\/2025\/11\/lupu-piestukas-crayons-cocoon-nude.jpg\" \/>\n\t<meta property=\"og:image:width\" content=\"800\" \/>\n\t<meta property=\"og:image:height\" content=\"800\" \/>\n\t<meta property=\"og:image:type\" content=\"image\/jpeg\" \/>\n<meta name=\"twitter:card\" content=\"summary_large_image\" \/>\n<script type=\"application\/ld+json\" class=\"yoast-schema-graph\">{\"@context\":\"https:\\\/\\\/schema.org\",\"@graph\":[{\"@type\":\"WebPage\",\"@id\":\"https:\\\/\\\/www.malinashop.lt\\\/shop\\\/sla-paris-lupu-piestukas-crayons-cocoon-nude-100-22\\\/\",\"url\":\"https:\\\/\\\/www.malinashop.lt\\\/shop\\\/sla-paris-lupu-piestukas-crayons-cocoon-nude-100-22\\\/\",\"name\":\"SLA PARIS l\u016bp\u0173 pie\u0161tukas CRAYONS COCOON NUDE - MalinaShop.lt J\u016bs\u0173 sveikatai ir gro\u017eiui.\",\"isPartOf\":{\"@id\":\"https:\\\/\\\/www.malinashop.lt\\\/#website\"},\"primaryImageOfPage\":{\"@id\":\"https:\\\/\\\/www.malinashop.lt\\\/shop\\\/sla-paris-lupu-piestukas-crayons-cocoon-nude-100-22\\\/#primaryimage\"},\"image\":{\"@id\":\"https:\\\/\\\/www.malinashop.lt\\\/shop\\\/sla-paris-lupu-piestukas-crayons-cocoon-nude-100-22\\\/#primaryimage\"},\"thumbnailUrl\":\"https:\\\/\\\/www.malinashop.lt\\\/wp-content\\\/uploads\\\/2025\\\/11\\\/lupu-piestukas-crayons-cocoon-nude.jpg\",\"datePublished\":\"2025-11-25T13:32:57+00:00\",\"dateModified\":\"2026-03-09T14:08:02+00:00\",\"description\":\"SLA PARIS Crayons Cocoon Nude \u2013 mink\u0161tas, pigmentuotas l\u016bp\u0173 pie\u0161tukas, puikiai formuojantis kont\u016br\u0105 ir derantis su ilgalaikiais l\u016bp\u0173 blizgesiais.\",\"breadcrumb\":{\"@id\":\"https:\\\/\\\/www.malinashop.lt\\\/shop\\\/sla-paris-lupu-piestukas-crayons-cocoon-nude-100-22\\\/#breadcrumb\"},\"inLanguage\":\"en-GB\",\"potentialAction\":[{\"@type\":\"ReadAction\",\"target\":[\"https:\\\/\\\/www.malinashop.lt\\\/shop\\\/sla-paris-lupu-piestukas-crayons-cocoon-nude-100-22\\\/\"]}]},{\"@type\":\"ImageObject\",\"inLanguage\":\"en-GB\",\"@id\":\"https:\\\/\\\/www.malinashop.lt\\\/shop\\\/sla-paris-lupu-piestukas-crayons-cocoon-nude-100-22\\\/#primaryimage\",\"url\":\"https:\\\/\\\/www.malinashop.lt\\\/wp-content\\\/uploads\\\/2025\\\/11\\\/lupu-piestukas-crayons-cocoon-nude.jpg\",\"contentUrl\":\"https:\\\/\\\/www.malinashop.lt\\\/wp-content\\\/uploads\\\/2025\\\/11\\\/lupu-piestukas-crayons-cocoon-nude.jpg\",\"width\":800,\"height\":800},{\"@type\":\"BreadcrumbList\",\"@id\":\"https:\\\/\\\/www.malinashop.lt\\\/shop\\\/sla-paris-lupu-piestukas-crayons-cocoon-nude-100-22\\\/#breadcrumb\",\"itemListElement\":[{\"@type\":\"ListItem\",\"position\":1,\"name\":\"Pagrindinis\",\"item\":\"https:\\\/\\\/www.malinashop.lt\\\/\"},{\"@type\":\"ListItem\",\"position\":2,\"name\":\"Parduotuv\u0117\",\"item\":\"https:\\\/\\\/www.malinashop.lt\\\/en\\\/parduotuve\\\/\"},{\"@type\":\"ListItem\",\"position\":3,\"name\":\"SLA PARIS l\u016bp\u0173 pie\u0161tukas CRAYONS COCOON NUDE\"}]},{\"@type\":\"WebSite\",\"@id\":\"https:\\\/\\\/www.malinashop.lt\\\/#website\",\"url\":\"https:\\\/\\\/www.malinashop.lt\\\/\",\"name\":\"COM Group Ecommerce\",\"description\":\"MalinaShop.lt - Gro\u017eio ir sveikatos produktai i\u0161 patikim\u0173 preki\u0173 \u017eenkl\u0173. Atraskite auk\u0161tos kokyb\u0117s kosmetik\u0105 u\u017e puiki\u0105 kain\u0105.\",\"publisher\":{\"@id\":\"https:\\\/\\\/www.malinashop.lt\\\/#organization\"},\"potentialAction\":[{\"@type\":\"SearchAction\",\"target\":{\"@type\":\"EntryPoint\",\"urlTemplate\":\"https:\\\/\\\/www.malinashop.lt\\\/?s={search_term_string}\"},\"query-input\":{\"@type\":\"PropertyValueSpecification\",\"valueRequired\":true,\"valueName\":\"search_term_string\"}}],\"inLanguage\":\"en-GB\"},{\"@type\":\"Organization\",\"@id\":\"https:\\\/\\\/www.malinashop.lt\\\/#organization\",\"name\":\"COM Group Ecommerce\",\"url\":\"https:\\\/\\\/www.malinashop.lt\\\/\",\"logo\":{\"@type\":\"ImageObject\",\"inLanguage\":\"en-GB\",\"@id\":\"https:\\\/\\\/www.malinashop.lt\\\/#\\\/schema\\\/logo\\\/image\\\/\",\"url\":\"https:\\\/\\\/www.malinashop.lt\\\/wp-content\\\/uploads\\\/2024\\\/08\\\/462559670_3787732518133670_9795632669273463_n-e1731525914575.png\",\"contentUrl\":\"https:\\\/\\\/www.malinashop.lt\\\/wp-content\\\/uploads\\\/2024\\\/08\\\/462559670_3787732518133670_9795632669273463_n-e1731525914575.png\",\"width\":180,\"height\":60,\"caption\":\"COM Group Ecommerce\"},\"image\":{\"@id\":\"https:\\\/\\\/www.malinashop.lt\\\/#\\\/schema\\\/logo\\\/image\\\/\"}}]}<\/script>\n<!-- \/ Yoast SEO plugin. -->","yoast_head_json":{"title":"SLA PARIS l\u016bp\u0173 pie\u0161tukas CRAYONS COCOON NUDE - MalinaShop.lt J\u016bs\u0173 sveikatai ir gro\u017eiui.","description":"SLA PARIS Crayons Cocoon Nude \u2013 mink\u0161tas, pigmentuotas l\u016bp\u0173 pie\u0161tukas, puikiai formuojantis kont\u016br\u0105 ir derantis su ilgalaikiais l\u016bp\u0173 blizgesiais.","robots":{"index":"index","follow":"follow","max-snippet":"max-snippet:-1","max-image-preview":"max-image-preview:large","max-video-preview":"max-video-preview:-1"},"canonical":"https:\/\/www.malinashop.lt\/en\/shop\/sla-paris-lupu-piestukas-crayons-cocoon-nude-100-22\/","og_locale":"en_GB","og_type":"article","og_title":"SLA PARIS l\u016bp\u0173 pie\u0161tukas CRAYONS COCOON NUDE - MalinaShop.lt J\u016bs\u0173 sveikatai ir gro\u017eiui.","og_description":"SLA PARIS Crayons Cocoon Nude \u2013 mink\u0161tas, pigmentuotas l\u016bp\u0173 pie\u0161tukas, puikiai formuojantis kont\u016br\u0105 ir derantis su ilgalaikiais l\u016bp\u0173 blizgesiais.","og_url":"https:\/\/www.malinashop.lt\/en\/shop\/sla-paris-lupu-piestukas-crayons-cocoon-nude-100-22\/","og_site_name":"MalinaShop.lt J\u016bs\u0173 sveikatai ir gro\u017eiui.","article_modified_time":"2026-03-09T14:08:02+00:00","og_image":[{"width":800,"height":800,"url":"https:\/\/www.malinashop.lt\/wp-content\/uploads\/2025\/11\/lupu-piestukas-crayons-cocoon-nude.jpg","type":"image\/jpeg"}],"twitter_card":"summary_large_image","schema":{"@context":"https:\/\/schema.org","@graph":[{"@type":"WebPage","@id":"https:\/\/www.malinashop.lt\/shop\/sla-paris-lupu-piestukas-crayons-cocoon-nude-100-22\/","url":"https:\/\/www.malinashop.lt\/shop\/sla-paris-lupu-piestukas-crayons-cocoon-nude-100-22\/","name":"SLA PARIS l\u016bp\u0173 pie\u0161tukas CRAYONS COCOON NUDE - MalinaShop.lt J\u016bs\u0173 sveikatai ir gro\u017eiui.","isPartOf":{"@id":"https:\/\/www.malinashop.lt\/#website"},"primaryImageOfPage":{"@id":"https:\/\/www.malinashop.lt\/shop\/sla-paris-lupu-piestukas-crayons-cocoon-nude-100-22\/#primaryimage"},"image":{"@id":"https:\/\/www.malinashop.lt\/shop\/sla-paris-lupu-piestukas-crayons-cocoon-nude-100-22\/#primaryimage"},"thumbnailUrl":"https:\/\/www.malinashop.lt\/wp-content\/uploads\/2025\/11\/lupu-piestukas-crayons-cocoon-nude.jpg","datePublished":"2025-11-25T13:32:57+00:00","dateModified":"2026-03-09T14:08:02+00:00","description":"SLA PARIS Crayons Cocoon Nude \u2013 mink\u0161tas, pigmentuotas l\u016bp\u0173 pie\u0161tukas, puikiai formuojantis kont\u016br\u0105 ir derantis su ilgalaikiais l\u016bp\u0173 blizgesiais.","breadcrumb":{"@id":"https:\/\/www.malinashop.lt\/shop\/sla-paris-lupu-piestukas-crayons-cocoon-nude-100-22\/#breadcrumb"},"inLanguage":"en-GB","potentialAction":[{"@type":"ReadAction","target":["https:\/\/www.malinashop.lt\/shop\/sla-paris-lupu-piestukas-crayons-cocoon-nude-100-22\/"]}]},{"@type":"ImageObject","inLanguage":"en-GB","@id":"https:\/\/www.malinashop.lt\/shop\/sla-paris-lupu-piestukas-crayons-cocoon-nude-100-22\/#primaryimage","url":"https:\/\/www.malinashop.lt\/wp-content\/uploads\/2025\/11\/lupu-piestukas-crayons-cocoon-nude.jpg","contentUrl":"https:\/\/www.malinashop.lt\/wp-content\/uploads\/2025\/11\/lupu-piestukas-crayons-cocoon-nude.jpg","width":800,"height":800},{"@type":"BreadcrumbList","@id":"https:\/\/www.malinashop.lt\/shop\/sla-paris-lupu-piestukas-crayons-cocoon-nude-100-22\/#breadcrumb","itemListElement":[{"@type":"ListItem","position":1,"name":"Pagrindinis","item":"https:\/\/www.malinashop.lt\/"},{"@type":"ListItem","position":2,"name":"Parduotuv\u0117","item":"https:\/\/www.malinashop.lt\/en\/parduotuve\/"},{"@type":"ListItem","position":3,"name":"SLA PARIS l\u016bp\u0173 pie\u0161tukas CRAYONS COCOON NUDE"}]},{"@type":"WebSite","@id":"https:\/\/www.malinashop.lt\/#website","url":"https:\/\/www.malinashop.lt\/","name":"COM Group Ecommerce","description":"MalinaShop.lt - Gro\u017eio ir sveikatos produktai i\u0161 patikim\u0173 preki\u0173 \u017eenkl\u0173. Atraskite auk\u0161tos kokyb\u0117s kosmetik\u0105 u\u017e puiki\u0105 kain\u0105.","publisher":{"@id":"https:\/\/www.malinashop.lt\/#organization"},"potentialAction":[{"@type":"SearchAction","target":{"@type":"EntryPoint","urlTemplate":"https:\/\/www.malinashop.lt\/?s={search_term_string}"},"query-input":{"@type":"PropertyValueSpecification","valueRequired":true,"valueName":"search_term_string"}}],"inLanguage":"en-GB"},{"@type":"Organization","@id":"https:\/\/www.malinashop.lt\/#organization","name":"COM Group Ecommerce","url":"https:\/\/www.malinashop.lt\/","logo":{"@type":"ImageObject","inLanguage":"en-GB","@id":"https:\/\/www.malinashop.lt\/#\/schema\/logo\/image\/","url":"https:\/\/www.malinashop.lt\/wp-content\/uploads\/2024\/08\/462559670_3787732518133670_9795632669273463_n-e1731525914575.png","contentUrl":"https:\/\/www.malinashop.lt\/wp-content\/uploads\/2024\/08\/462559670_3787732518133670_9795632669273463_n-e1731525914575.png","width":180,"height":60,"caption":"COM Group Ecommerce"},"image":{"@id":"https:\/\/www.malinashop.lt\/#\/schema\/logo\/image\/"}}]}},"jetpack_sharing_enabled":true,"_links":{"self":[{"href":"https:\/\/www.malinashop.lt\/en\/wp-json\/wp\/v2\/product\/68941","targetHints":{"allow":["GET"]}}],"collection":[{"href":"https:\/\/www.malinashop.lt\/en\/wp-json\/wp\/v2\/product"}],"about":[{"href":"https:\/\/www.malinashop.lt\/en\/wp-json\/wp\/v2\/types\/product"}],"version-history":[{"count":2,"href":"https:\/\/www.malinashop.lt\/en\/wp-json\/wp\/v2\/product\/68941\/revisions"}],"predecessor-version":[{"id":71841,"href":"https:\/\/www.malinashop.lt\/en\/wp-json\/wp\/v2\/product\/68941\/revisions\/71841"}],"wp:featuredmedia":[{"embeddable":true,"href":"https:\/\/www.malinashop.lt\/en\/wp-json\/wp\/v2\/media\/62111"}],"wp:attachment":[{"href":"https:\/\/www.malinashop.lt\/en\/wp-json\/wp\/v2\/media?parent=68941"}],"wp:term":[{"taxonomy":"product_brand","embeddable":true,"href":"https:\/\/www.malinashop.lt\/en\/wp-json\/wp\/v2\/product_brand?post=68941"},{"taxonomy":"product_cat","embeddable":true,"href":"https:\/\/www.malinashop.lt\/en\/wp-json\/wp\/v2\/product_cat?post=68941"},{"taxonomy":"product_tag","embeddable":true,"href":"https:\/\/www.malinashop.lt\/en\/wp-json\/wp\/v2\/product_tag?post=68941"}],"curies":[{"name":"wp","href":"https:\/\/api.w.org\/{rel}","templated":true}]}}