{"id":68935,"date":"2025-11-25T16:32:51","date_gmt":"2025-11-25T13:32:51","guid":{"rendered":"https:\/\/malinashop.lt\/?post_type=product&#038;p=68935"},"modified":"2026-02-10T13:12:46","modified_gmt":"2026-02-10T10:12:46","slug":"sla-paris-sepetelis-akims-mua","status":"publish","type":"product","link":"https:\/\/www.malinashop.lt\/en\/shop\/sla-paris-sepetelis-akims-mua\/","title":{"rendered":"SLA PARIS \u0161epet\u0117lis akims MUA"},"content":{"rendered":"<p><strong data-start=\"45\" data-end=\"65\">SLA PARIS MUA 56<\/strong> \u2013 profesionalams sukurtas <strong data-start=\"92\" data-end=\"128\">veganinis aki\u0173 makia\u017eo \u0161epet\u0117lis<\/strong>, pagamintas i\u0161 auk\u0161tos kokyb\u0117s sintetinio plauko. Jo \u0161veln\u016bs, p\u016bsti \u0161ereliai idealiai tinka <strong data-start=\"221\" data-end=\"243\">\u0161e\u0161\u0117li\u0173 sklaidymui<\/strong>, per\u0117jim\u0173 i\u0161liejinimui ir nat\u016bralaus aki\u0173 makia\u017eo suk\u016brimui.<br data-start=\"304\" data-end=\"307\" \/>\u0160is \u0161epet\u0117lis u\u017etikrina tiksl\u0173, tolyg\u0173 rezultat\u0105 ir yra itin patogus tiek kasdieniam, tiek profesionaliam naudojimui. Lengvai pri\u017ei\u016brimas ir ilgaam\u017eis, tod\u0117l tampa nepakei\u010diama makia\u017eo priemone kiekvienai kosmetinei.<\/p>\n","protected":false},"excerpt":{"rendered":"<p data-start=\"566\" data-end=\"725\">Profesionalus <strong data-start=\"580\" data-end=\"600\">SLA PARIS MUA 56<\/strong> veganinis aki\u0173 \u0161epet\u0117lis su p\u016bstais sintetinio plauko \u0161ereliais, skirtas \u0161e\u0161\u0117li\u0173 sklaidymui ir \u0161velniems per\u0117jimams makia\u017ee.<\/p>\n","protected":false},"featured_media":62102,"template":"","meta":[],"product_brand":[1527],"product_cat":[102,795],"product_tag":[1623],"class_list":{"0":"post-68935","1":"product","2":"type-product","3":"status-publish","4":"has-post-thumbnail","6":"product_brand-sla-paris","7":"product_cat-dekoratyvine-kosmetika","8":"product_cat-makiazo-sepeteliai","9":"product_tag-sla-paris","11":"first","12":"instock","13":"purchasable","14":"product-type-simple"},"yoast_head":"<!-- This site is optimized with the Yoast SEO plugin v27.4 - https:\/\/yoast.com\/product\/yoast-seo-wordpress\/ -->\n<title>SLA PARIS \u0161epet\u0117lis akims MUA - MalinaShop.lt J\u016bs\u0173 sveikatai ir gro\u017eiui.<\/title>\n<meta name=\"description\" content=\"SLA PARIS MUA 56 \u2013 veganinis aki\u0173 \u0161epet\u0117lis su p\u016bstais sintetinio plauko \u0161ereliais, idealiai tinkantis \u0161e\u0161\u0117li\u0173 sklaidymui ir nat\u016braliam makia\u017eui.\" \/>\n<meta name=\"robots\" content=\"index, follow, max-snippet:-1, max-image-preview:large, max-video-preview:-1\" \/>\n<link rel=\"canonical\" href=\"https:\/\/www.malinashop.lt\/en\/shop\/sla-paris-sepetelis-akims-mua\/\" \/>\n<meta property=\"og:locale\" content=\"en_GB\" \/>\n<meta property=\"og:type\" content=\"article\" \/>\n<meta property=\"og:title\" content=\"SLA PARIS \u0161epet\u0117lis akims MUA - MalinaShop.lt J\u016bs\u0173 sveikatai ir gro\u017eiui.\" \/>\n<meta property=\"og:description\" content=\"SLA PARIS MUA 56 \u2013 veganinis aki\u0173 \u0161epet\u0117lis su p\u016bstais sintetinio plauko \u0161ereliais, idealiai tinkantis \u0161e\u0161\u0117li\u0173 sklaidymui ir nat\u016braliam makia\u017eui.\" \/>\n<meta property=\"og:url\" content=\"https:\/\/www.malinashop.lt\/en\/shop\/sla-paris-sepetelis-akims-mua\/\" \/>\n<meta property=\"og:site_name\" content=\"MalinaShop.lt J\u016bs\u0173 sveikatai ir gro\u017eiui.\" \/>\n<meta property=\"article:modified_time\" content=\"2026-02-10T10:12:46+00:00\" \/>\n<meta property=\"og:image\" content=\"https:\/\/www.malinashop.lt\/wp-content\/uploads\/2025\/11\/mua-sepetelis-akims-56.jpg\" \/>\n\t<meta property=\"og:image:width\" content=\"800\" \/>\n\t<meta property=\"og:image:height\" content=\"800\" \/>\n\t<meta property=\"og:image:type\" content=\"image\/jpeg\" \/>\n<meta name=\"twitter:card\" content=\"summary_large_image\" \/>\n<script type=\"application\/ld+json\" class=\"yoast-schema-graph\">{\"@context\":\"https:\\\/\\\/schema.org\",\"@graph\":[{\"@type\":\"WebPage\",\"@id\":\"https:\\\/\\\/www.malinashop.lt\\\/shop\\\/sla-paris-sepetelis-akims-mua\\\/\",\"url\":\"https:\\\/\\\/www.malinashop.lt\\\/shop\\\/sla-paris-sepetelis-akims-mua\\\/\",\"name\":\"SLA PARIS \u0161epet\u0117lis akims MUA - MalinaShop.lt J\u016bs\u0173 sveikatai ir gro\u017eiui.\",\"isPartOf\":{\"@id\":\"https:\\\/\\\/www.malinashop.lt\\\/#website\"},\"primaryImageOfPage\":{\"@id\":\"https:\\\/\\\/www.malinashop.lt\\\/shop\\\/sla-paris-sepetelis-akims-mua\\\/#primaryimage\"},\"image\":{\"@id\":\"https:\\\/\\\/www.malinashop.lt\\\/shop\\\/sla-paris-sepetelis-akims-mua\\\/#primaryimage\"},\"thumbnailUrl\":\"https:\\\/\\\/www.malinashop.lt\\\/wp-content\\\/uploads\\\/2025\\\/11\\\/mua-sepetelis-akims-56.jpg\",\"datePublished\":\"2025-11-25T13:32:51+00:00\",\"dateModified\":\"2026-02-10T10:12:46+00:00\",\"description\":\"SLA PARIS MUA 56 \u2013 veganinis aki\u0173 \u0161epet\u0117lis su p\u016bstais sintetinio plauko \u0161ereliais, idealiai tinkantis \u0161e\u0161\u0117li\u0173 sklaidymui ir nat\u016braliam makia\u017eui.\",\"breadcrumb\":{\"@id\":\"https:\\\/\\\/www.malinashop.lt\\\/shop\\\/sla-paris-sepetelis-akims-mua\\\/#breadcrumb\"},\"inLanguage\":\"en-GB\",\"potentialAction\":[{\"@type\":\"ReadAction\",\"target\":[\"https:\\\/\\\/www.malinashop.lt\\\/shop\\\/sla-paris-sepetelis-akims-mua\\\/\"]}]},{\"@type\":\"ImageObject\",\"inLanguage\":\"en-GB\",\"@id\":\"https:\\\/\\\/www.malinashop.lt\\\/shop\\\/sla-paris-sepetelis-akims-mua\\\/#primaryimage\",\"url\":\"https:\\\/\\\/www.malinashop.lt\\\/wp-content\\\/uploads\\\/2025\\\/11\\\/mua-sepetelis-akims-56.jpg\",\"contentUrl\":\"https:\\\/\\\/www.malinashop.lt\\\/wp-content\\\/uploads\\\/2025\\\/11\\\/mua-sepetelis-akims-56.jpg\",\"width\":800,\"height\":800},{\"@type\":\"BreadcrumbList\",\"@id\":\"https:\\\/\\\/www.malinashop.lt\\\/shop\\\/sla-paris-sepetelis-akims-mua\\\/#breadcrumb\",\"itemListElement\":[{\"@type\":\"ListItem\",\"position\":1,\"name\":\"Pagrindinis\",\"item\":\"https:\\\/\\\/www.malinashop.lt\\\/\"},{\"@type\":\"ListItem\",\"position\":2,\"name\":\"Parduotuv\u0117\",\"item\":\"https:\\\/\\\/www.malinashop.lt\\\/en\\\/parduotuve\\\/\"},{\"@type\":\"ListItem\",\"position\":3,\"name\":\"SLA PARIS \u0161epet\u0117lis akims MUA\"}]},{\"@type\":\"WebSite\",\"@id\":\"https:\\\/\\\/www.malinashop.lt\\\/#website\",\"url\":\"https:\\\/\\\/www.malinashop.lt\\\/\",\"name\":\"COM Group Ecommerce\",\"description\":\"MalinaShop.lt - Gro\u017eio ir sveikatos produktai i\u0161 patikim\u0173 preki\u0173 \u017eenkl\u0173. Atraskite auk\u0161tos kokyb\u0117s kosmetik\u0105 u\u017e puiki\u0105 kain\u0105.\",\"publisher\":{\"@id\":\"https:\\\/\\\/www.malinashop.lt\\\/#organization\"},\"potentialAction\":[{\"@type\":\"SearchAction\",\"target\":{\"@type\":\"EntryPoint\",\"urlTemplate\":\"https:\\\/\\\/www.malinashop.lt\\\/?s={search_term_string}\"},\"query-input\":{\"@type\":\"PropertyValueSpecification\",\"valueRequired\":true,\"valueName\":\"search_term_string\"}}],\"inLanguage\":\"en-GB\"},{\"@type\":\"Organization\",\"@id\":\"https:\\\/\\\/www.malinashop.lt\\\/#organization\",\"name\":\"COM Group Ecommerce\",\"url\":\"https:\\\/\\\/www.malinashop.lt\\\/\",\"logo\":{\"@type\":\"ImageObject\",\"inLanguage\":\"en-GB\",\"@id\":\"https:\\\/\\\/www.malinashop.lt\\\/#\\\/schema\\\/logo\\\/image\\\/\",\"url\":\"https:\\\/\\\/www.malinashop.lt\\\/wp-content\\\/uploads\\\/2024\\\/08\\\/462559670_3787732518133670_9795632669273463_n-e1731525914575.png\",\"contentUrl\":\"https:\\\/\\\/www.malinashop.lt\\\/wp-content\\\/uploads\\\/2024\\\/08\\\/462559670_3787732518133670_9795632669273463_n-e1731525914575.png\",\"width\":180,\"height\":60,\"caption\":\"COM Group Ecommerce\"},\"image\":{\"@id\":\"https:\\\/\\\/www.malinashop.lt\\\/#\\\/schema\\\/logo\\\/image\\\/\"}}]}<\/script>\n<!-- \/ Yoast SEO plugin. -->","yoast_head_json":{"title":"SLA PARIS \u0161epet\u0117lis akims MUA - MalinaShop.lt J\u016bs\u0173 sveikatai ir gro\u017eiui.","description":"SLA PARIS MUA 56 \u2013 veganinis aki\u0173 \u0161epet\u0117lis su p\u016bstais sintetinio plauko \u0161ereliais, idealiai tinkantis \u0161e\u0161\u0117li\u0173 sklaidymui ir nat\u016braliam makia\u017eui.","robots":{"index":"index","follow":"follow","max-snippet":"max-snippet:-1","max-image-preview":"max-image-preview:large","max-video-preview":"max-video-preview:-1"},"canonical":"https:\/\/www.malinashop.lt\/en\/shop\/sla-paris-sepetelis-akims-mua\/","og_locale":"en_GB","og_type":"article","og_title":"SLA PARIS \u0161epet\u0117lis akims MUA - MalinaShop.lt J\u016bs\u0173 sveikatai ir gro\u017eiui.","og_description":"SLA PARIS MUA 56 \u2013 veganinis aki\u0173 \u0161epet\u0117lis su p\u016bstais sintetinio plauko \u0161ereliais, idealiai tinkantis \u0161e\u0161\u0117li\u0173 sklaidymui ir nat\u016braliam makia\u017eui.","og_url":"https:\/\/www.malinashop.lt\/en\/shop\/sla-paris-sepetelis-akims-mua\/","og_site_name":"MalinaShop.lt J\u016bs\u0173 sveikatai ir gro\u017eiui.","article_modified_time":"2026-02-10T10:12:46+00:00","og_image":[{"width":800,"height":800,"url":"https:\/\/www.malinashop.lt\/wp-content\/uploads\/2025\/11\/mua-sepetelis-akims-56.jpg","type":"image\/jpeg"}],"twitter_card":"summary_large_image","schema":{"@context":"https:\/\/schema.org","@graph":[{"@type":"WebPage","@id":"https:\/\/www.malinashop.lt\/shop\/sla-paris-sepetelis-akims-mua\/","url":"https:\/\/www.malinashop.lt\/shop\/sla-paris-sepetelis-akims-mua\/","name":"SLA PARIS \u0161epet\u0117lis akims MUA - MalinaShop.lt J\u016bs\u0173 sveikatai ir gro\u017eiui.","isPartOf":{"@id":"https:\/\/www.malinashop.lt\/#website"},"primaryImageOfPage":{"@id":"https:\/\/www.malinashop.lt\/shop\/sla-paris-sepetelis-akims-mua\/#primaryimage"},"image":{"@id":"https:\/\/www.malinashop.lt\/shop\/sla-paris-sepetelis-akims-mua\/#primaryimage"},"thumbnailUrl":"https:\/\/www.malinashop.lt\/wp-content\/uploads\/2025\/11\/mua-sepetelis-akims-56.jpg","datePublished":"2025-11-25T13:32:51+00:00","dateModified":"2026-02-10T10:12:46+00:00","description":"SLA PARIS MUA 56 \u2013 veganinis aki\u0173 \u0161epet\u0117lis su p\u016bstais sintetinio plauko \u0161ereliais, idealiai tinkantis \u0161e\u0161\u0117li\u0173 sklaidymui ir nat\u016braliam makia\u017eui.","breadcrumb":{"@id":"https:\/\/www.malinashop.lt\/shop\/sla-paris-sepetelis-akims-mua\/#breadcrumb"},"inLanguage":"en-GB","potentialAction":[{"@type":"ReadAction","target":["https:\/\/www.malinashop.lt\/shop\/sla-paris-sepetelis-akims-mua\/"]}]},{"@type":"ImageObject","inLanguage":"en-GB","@id":"https:\/\/www.malinashop.lt\/shop\/sla-paris-sepetelis-akims-mua\/#primaryimage","url":"https:\/\/www.malinashop.lt\/wp-content\/uploads\/2025\/11\/mua-sepetelis-akims-56.jpg","contentUrl":"https:\/\/www.malinashop.lt\/wp-content\/uploads\/2025\/11\/mua-sepetelis-akims-56.jpg","width":800,"height":800},{"@type":"BreadcrumbList","@id":"https:\/\/www.malinashop.lt\/shop\/sla-paris-sepetelis-akims-mua\/#breadcrumb","itemListElement":[{"@type":"ListItem","position":1,"name":"Pagrindinis","item":"https:\/\/www.malinashop.lt\/"},{"@type":"ListItem","position":2,"name":"Parduotuv\u0117","item":"https:\/\/www.malinashop.lt\/en\/parduotuve\/"},{"@type":"ListItem","position":3,"name":"SLA PARIS \u0161epet\u0117lis akims MUA"}]},{"@type":"WebSite","@id":"https:\/\/www.malinashop.lt\/#website","url":"https:\/\/www.malinashop.lt\/","name":"COM Group Ecommerce","description":"MalinaShop.lt - Gro\u017eio ir sveikatos produktai i\u0161 patikim\u0173 preki\u0173 \u017eenkl\u0173. Atraskite auk\u0161tos kokyb\u0117s kosmetik\u0105 u\u017e puiki\u0105 kain\u0105.","publisher":{"@id":"https:\/\/www.malinashop.lt\/#organization"},"potentialAction":[{"@type":"SearchAction","target":{"@type":"EntryPoint","urlTemplate":"https:\/\/www.malinashop.lt\/?s={search_term_string}"},"query-input":{"@type":"PropertyValueSpecification","valueRequired":true,"valueName":"search_term_string"}}],"inLanguage":"en-GB"},{"@type":"Organization","@id":"https:\/\/www.malinashop.lt\/#organization","name":"COM Group Ecommerce","url":"https:\/\/www.malinashop.lt\/","logo":{"@type":"ImageObject","inLanguage":"en-GB","@id":"https:\/\/www.malinashop.lt\/#\/schema\/logo\/image\/","url":"https:\/\/www.malinashop.lt\/wp-content\/uploads\/2024\/08\/462559670_3787732518133670_9795632669273463_n-e1731525914575.png","contentUrl":"https:\/\/www.malinashop.lt\/wp-content\/uploads\/2024\/08\/462559670_3787732518133670_9795632669273463_n-e1731525914575.png","width":180,"height":60,"caption":"COM Group Ecommerce"},"image":{"@id":"https:\/\/www.malinashop.lt\/#\/schema\/logo\/image\/"}}]}},"jetpack_sharing_enabled":true,"_links":{"self":[{"href":"https:\/\/www.malinashop.lt\/en\/wp-json\/wp\/v2\/product\/68935","targetHints":{"allow":["GET"]}}],"collection":[{"href":"https:\/\/www.malinashop.lt\/en\/wp-json\/wp\/v2\/product"}],"about":[{"href":"https:\/\/www.malinashop.lt\/en\/wp-json\/wp\/v2\/types\/product"}],"version-history":[{"count":2,"href":"https:\/\/www.malinashop.lt\/en\/wp-json\/wp\/v2\/product\/68935\/revisions"}],"predecessor-version":[{"id":71876,"href":"https:\/\/www.malinashop.lt\/en\/wp-json\/wp\/v2\/product\/68935\/revisions\/71876"}],"wp:featuredmedia":[{"embeddable":true,"href":"https:\/\/www.malinashop.lt\/en\/wp-json\/wp\/v2\/media\/62102"}],"wp:attachment":[{"href":"https:\/\/www.malinashop.lt\/en\/wp-json\/wp\/v2\/media?parent=68935"}],"wp:term":[{"taxonomy":"product_brand","embeddable":true,"href":"https:\/\/www.malinashop.lt\/en\/wp-json\/wp\/v2\/product_brand?post=68935"},{"taxonomy":"product_cat","embeddable":true,"href":"https:\/\/www.malinashop.lt\/en\/wp-json\/wp\/v2\/product_cat?post=68935"},{"taxonomy":"product_tag","embeddable":true,"href":"https:\/\/www.malinashop.lt\/en\/wp-json\/wp\/v2\/product_tag?post=68935"}],"curies":[{"name":"wp","href":"https:\/\/api.w.org\/{rel}","templated":true}]}}