{"id":68931,"date":"2025-11-25T16:32:51","date_gmt":"2025-11-25T13:32:51","guid":{"rendered":"https:\/\/malinashop.lt\/?post_type=product&#038;p=68931"},"modified":"2026-02-10T13:12:45","modified_gmt":"2026-02-10T10:12:45","slug":"sla-paris-sepetelis-biriai-pudrai-mua","status":"publish","type":"product","link":"https:\/\/www.malinashop.lt\/en\/shop\/sla-paris-sepetelis-biriai-pudrai-mua\/","title":{"rendered":"SLA PARIS \u0161epet\u0117lis biriai pudrai MUA"},"content":{"rendered":"<p><strong data-start=\"137\" data-end=\"157\">SLA PARIS MUA 24<\/strong> \u2013 tai profesionalus, vegani\u0161kas makia\u017eo \u0161epet\u0117lis, sukurtas idealiam biri\u0173 ir kompaktini\u0173 pudr\u0173 padengimui. Auk\u0161tos kokyb\u0117s sintetiniai \u0161ereliai \u0161velniai lie\u010dia od\u0105, tolygiai paskirsto produkt\u0105 ir suteikia nat\u016braliai glotn\u0173 rezultat\u0105.<br data-start=\"392\" data-end=\"395\" \/>\u0160is MUA Vegan Brush 24 \u0161epet\u0117lis yra lengvas, patogus naudoti ir tinkamas tiek kasdieniam, tiek profesionaliam makia\u017eui. D\u0117l universalaus dyd\u017eio juo lengvai pasieksite visas veido zonas, o pudra padengs od\u0105 lygiai ir be dry\u017ei\u0173.<br data-start=\"622\" data-end=\"625\" \/>Jei ie\u0161kote patikimo, ilgaam\u017eio ir 100 % vegani\u0161ko \u0161epet\u0117lio \u2013 SLA PARIS MUA 24 yra puikus pasirinkimas.<\/p>\n","protected":false},"excerpt":{"rendered":"<p data-start=\"772\" data-end=\"961\">Profesionalus SLA PARIS MUA 24 vegani\u0161kas \u0161epet\u0117lis, skirtas biri\u0173 ir kompaktini\u0173 pudr\u0173 tolygiam padengimui. Sintetiniai \u0161ereliai \u0161velniai paskirsto produkt\u0105 ir suteikia nat\u016bral\u0173 rezultat\u0105.<\/p>\n","protected":false},"featured_media":62096,"template":"","meta":[],"product_brand":[1527],"product_cat":[102,795],"product_tag":[1623],"class_list":{"0":"post-68931","1":"product","2":"type-product","3":"status-publish","4":"has-post-thumbnail","6":"product_brand-sla-paris","7":"product_cat-dekoratyvine-kosmetika","8":"product_cat-makiazo-sepeteliai","9":"product_tag-sla-paris","11":"first","12":"instock","13":"purchasable","14":"product-type-simple"},"yoast_head":"<!-- This site is optimized with the Yoast SEO plugin v27.4 - https:\/\/yoast.com\/product\/yoast-seo-wordpress\/ -->\n<title>SLA PARIS \u0161epet\u0117lis biriai pudrai MUA - MalinaShop.lt J\u016bs\u0173 sveikatai ir gro\u017eiui.<\/title>\n<meta name=\"description\" content=\"SLA PARIS MUA 24 vegani\u0161kas \u0161epet\u0117lis biriai ir kompaktinei pudrai. \u0160veln\u016bs sintetiniai \u0161ereliai ir tolygus padengimas profesionaliam rezultatui.\" \/>\n<meta name=\"robots\" content=\"index, follow, max-snippet:-1, max-image-preview:large, max-video-preview:-1\" \/>\n<link rel=\"canonical\" href=\"https:\/\/www.malinashop.lt\/en\/shop\/sla-paris-sepetelis-biriai-pudrai-mua\/\" \/>\n<meta property=\"og:locale\" content=\"en_GB\" \/>\n<meta property=\"og:type\" content=\"article\" \/>\n<meta property=\"og:title\" content=\"SLA PARIS \u0161epet\u0117lis biriai pudrai MUA - MalinaShop.lt J\u016bs\u0173 sveikatai ir gro\u017eiui.\" \/>\n<meta property=\"og:description\" content=\"SLA PARIS MUA 24 vegani\u0161kas \u0161epet\u0117lis biriai ir kompaktinei pudrai. \u0160veln\u016bs sintetiniai \u0161ereliai ir tolygus padengimas profesionaliam rezultatui.\" \/>\n<meta property=\"og:url\" content=\"https:\/\/www.malinashop.lt\/en\/shop\/sla-paris-sepetelis-biriai-pudrai-mua\/\" \/>\n<meta property=\"og:site_name\" content=\"MalinaShop.lt J\u016bs\u0173 sveikatai ir gro\u017eiui.\" \/>\n<meta property=\"article:modified_time\" content=\"2026-02-10T10:12:45+00:00\" \/>\n<meta property=\"og:image\" content=\"https:\/\/www.malinashop.lt\/wp-content\/uploads\/2025\/11\/mua-sepetelis-biriai-pudrai-24.jpg\" \/>\n\t<meta property=\"og:image:width\" content=\"800\" \/>\n\t<meta property=\"og:image:height\" content=\"800\" \/>\n\t<meta property=\"og:image:type\" content=\"image\/jpeg\" \/>\n<meta name=\"twitter:card\" content=\"summary_large_image\" \/>\n<script type=\"application\/ld+json\" class=\"yoast-schema-graph\">{\"@context\":\"https:\\\/\\\/schema.org\",\"@graph\":[{\"@type\":\"WebPage\",\"@id\":\"https:\\\/\\\/www.malinashop.lt\\\/shop\\\/sla-paris-sepetelis-biriai-pudrai-mua\\\/\",\"url\":\"https:\\\/\\\/www.malinashop.lt\\\/shop\\\/sla-paris-sepetelis-biriai-pudrai-mua\\\/\",\"name\":\"SLA PARIS \u0161epet\u0117lis biriai pudrai MUA - MalinaShop.lt J\u016bs\u0173 sveikatai ir gro\u017eiui.\",\"isPartOf\":{\"@id\":\"https:\\\/\\\/www.malinashop.lt\\\/#website\"},\"primaryImageOfPage\":{\"@id\":\"https:\\\/\\\/www.malinashop.lt\\\/shop\\\/sla-paris-sepetelis-biriai-pudrai-mua\\\/#primaryimage\"},\"image\":{\"@id\":\"https:\\\/\\\/www.malinashop.lt\\\/shop\\\/sla-paris-sepetelis-biriai-pudrai-mua\\\/#primaryimage\"},\"thumbnailUrl\":\"https:\\\/\\\/www.malinashop.lt\\\/wp-content\\\/uploads\\\/2025\\\/11\\\/mua-sepetelis-biriai-pudrai-24.jpg\",\"datePublished\":\"2025-11-25T13:32:51+00:00\",\"dateModified\":\"2026-02-10T10:12:45+00:00\",\"description\":\"SLA PARIS MUA 24 vegani\u0161kas \u0161epet\u0117lis biriai ir kompaktinei pudrai. \u0160veln\u016bs sintetiniai \u0161ereliai ir tolygus padengimas profesionaliam rezultatui.\",\"breadcrumb\":{\"@id\":\"https:\\\/\\\/www.malinashop.lt\\\/shop\\\/sla-paris-sepetelis-biriai-pudrai-mua\\\/#breadcrumb\"},\"inLanguage\":\"en-GB\",\"potentialAction\":[{\"@type\":\"ReadAction\",\"target\":[\"https:\\\/\\\/www.malinashop.lt\\\/shop\\\/sla-paris-sepetelis-biriai-pudrai-mua\\\/\"]}]},{\"@type\":\"ImageObject\",\"inLanguage\":\"en-GB\",\"@id\":\"https:\\\/\\\/www.malinashop.lt\\\/shop\\\/sla-paris-sepetelis-biriai-pudrai-mua\\\/#primaryimage\",\"url\":\"https:\\\/\\\/www.malinashop.lt\\\/wp-content\\\/uploads\\\/2025\\\/11\\\/mua-sepetelis-biriai-pudrai-24.jpg\",\"contentUrl\":\"https:\\\/\\\/www.malinashop.lt\\\/wp-content\\\/uploads\\\/2025\\\/11\\\/mua-sepetelis-biriai-pudrai-24.jpg\",\"width\":800,\"height\":800},{\"@type\":\"BreadcrumbList\",\"@id\":\"https:\\\/\\\/www.malinashop.lt\\\/shop\\\/sla-paris-sepetelis-biriai-pudrai-mua\\\/#breadcrumb\",\"itemListElement\":[{\"@type\":\"ListItem\",\"position\":1,\"name\":\"Pagrindinis\",\"item\":\"https:\\\/\\\/www.malinashop.lt\\\/\"},{\"@type\":\"ListItem\",\"position\":2,\"name\":\"Parduotuv\u0117\",\"item\":\"https:\\\/\\\/www.malinashop.lt\\\/en\\\/parduotuve\\\/\"},{\"@type\":\"ListItem\",\"position\":3,\"name\":\"SLA PARIS \u0161epet\u0117lis biriai pudrai MUA\"}]},{\"@type\":\"WebSite\",\"@id\":\"https:\\\/\\\/www.malinashop.lt\\\/#website\",\"url\":\"https:\\\/\\\/www.malinashop.lt\\\/\",\"name\":\"COM Group Ecommerce\",\"description\":\"MalinaShop.lt - Gro\u017eio ir sveikatos produktai i\u0161 patikim\u0173 preki\u0173 \u017eenkl\u0173. Atraskite auk\u0161tos kokyb\u0117s kosmetik\u0105 u\u017e puiki\u0105 kain\u0105.\",\"publisher\":{\"@id\":\"https:\\\/\\\/www.malinashop.lt\\\/#organization\"},\"potentialAction\":[{\"@type\":\"SearchAction\",\"target\":{\"@type\":\"EntryPoint\",\"urlTemplate\":\"https:\\\/\\\/www.malinashop.lt\\\/?s={search_term_string}\"},\"query-input\":{\"@type\":\"PropertyValueSpecification\",\"valueRequired\":true,\"valueName\":\"search_term_string\"}}],\"inLanguage\":\"en-GB\"},{\"@type\":\"Organization\",\"@id\":\"https:\\\/\\\/www.malinashop.lt\\\/#organization\",\"name\":\"COM Group Ecommerce\",\"url\":\"https:\\\/\\\/www.malinashop.lt\\\/\",\"logo\":{\"@type\":\"ImageObject\",\"inLanguage\":\"en-GB\",\"@id\":\"https:\\\/\\\/www.malinashop.lt\\\/#\\\/schema\\\/logo\\\/image\\\/\",\"url\":\"https:\\\/\\\/www.malinashop.lt\\\/wp-content\\\/uploads\\\/2024\\\/08\\\/462559670_3787732518133670_9795632669273463_n-e1731525914575.png\",\"contentUrl\":\"https:\\\/\\\/www.malinashop.lt\\\/wp-content\\\/uploads\\\/2024\\\/08\\\/462559670_3787732518133670_9795632669273463_n-e1731525914575.png\",\"width\":180,\"height\":60,\"caption\":\"COM Group Ecommerce\"},\"image\":{\"@id\":\"https:\\\/\\\/www.malinashop.lt\\\/#\\\/schema\\\/logo\\\/image\\\/\"}}]}<\/script>\n<!-- \/ Yoast SEO plugin. -->","yoast_head_json":{"title":"SLA PARIS \u0161epet\u0117lis biriai pudrai MUA - MalinaShop.lt J\u016bs\u0173 sveikatai ir gro\u017eiui.","description":"SLA PARIS MUA 24 vegani\u0161kas \u0161epet\u0117lis biriai ir kompaktinei pudrai. \u0160veln\u016bs sintetiniai \u0161ereliai ir tolygus padengimas profesionaliam rezultatui.","robots":{"index":"index","follow":"follow","max-snippet":"max-snippet:-1","max-image-preview":"max-image-preview:large","max-video-preview":"max-video-preview:-1"},"canonical":"https:\/\/www.malinashop.lt\/en\/shop\/sla-paris-sepetelis-biriai-pudrai-mua\/","og_locale":"en_GB","og_type":"article","og_title":"SLA PARIS \u0161epet\u0117lis biriai pudrai MUA - MalinaShop.lt J\u016bs\u0173 sveikatai ir gro\u017eiui.","og_description":"SLA PARIS MUA 24 vegani\u0161kas \u0161epet\u0117lis biriai ir kompaktinei pudrai. \u0160veln\u016bs sintetiniai \u0161ereliai ir tolygus padengimas profesionaliam rezultatui.","og_url":"https:\/\/www.malinashop.lt\/en\/shop\/sla-paris-sepetelis-biriai-pudrai-mua\/","og_site_name":"MalinaShop.lt J\u016bs\u0173 sveikatai ir gro\u017eiui.","article_modified_time":"2026-02-10T10:12:45+00:00","og_image":[{"width":800,"height":800,"url":"https:\/\/www.malinashop.lt\/wp-content\/uploads\/2025\/11\/mua-sepetelis-biriai-pudrai-24.jpg","type":"image\/jpeg"}],"twitter_card":"summary_large_image","schema":{"@context":"https:\/\/schema.org","@graph":[{"@type":"WebPage","@id":"https:\/\/www.malinashop.lt\/shop\/sla-paris-sepetelis-biriai-pudrai-mua\/","url":"https:\/\/www.malinashop.lt\/shop\/sla-paris-sepetelis-biriai-pudrai-mua\/","name":"SLA PARIS \u0161epet\u0117lis biriai pudrai MUA - MalinaShop.lt J\u016bs\u0173 sveikatai ir gro\u017eiui.","isPartOf":{"@id":"https:\/\/www.malinashop.lt\/#website"},"primaryImageOfPage":{"@id":"https:\/\/www.malinashop.lt\/shop\/sla-paris-sepetelis-biriai-pudrai-mua\/#primaryimage"},"image":{"@id":"https:\/\/www.malinashop.lt\/shop\/sla-paris-sepetelis-biriai-pudrai-mua\/#primaryimage"},"thumbnailUrl":"https:\/\/www.malinashop.lt\/wp-content\/uploads\/2025\/11\/mua-sepetelis-biriai-pudrai-24.jpg","datePublished":"2025-11-25T13:32:51+00:00","dateModified":"2026-02-10T10:12:45+00:00","description":"SLA PARIS MUA 24 vegani\u0161kas \u0161epet\u0117lis biriai ir kompaktinei pudrai. \u0160veln\u016bs sintetiniai \u0161ereliai ir tolygus padengimas profesionaliam rezultatui.","breadcrumb":{"@id":"https:\/\/www.malinashop.lt\/shop\/sla-paris-sepetelis-biriai-pudrai-mua\/#breadcrumb"},"inLanguage":"en-GB","potentialAction":[{"@type":"ReadAction","target":["https:\/\/www.malinashop.lt\/shop\/sla-paris-sepetelis-biriai-pudrai-mua\/"]}]},{"@type":"ImageObject","inLanguage":"en-GB","@id":"https:\/\/www.malinashop.lt\/shop\/sla-paris-sepetelis-biriai-pudrai-mua\/#primaryimage","url":"https:\/\/www.malinashop.lt\/wp-content\/uploads\/2025\/11\/mua-sepetelis-biriai-pudrai-24.jpg","contentUrl":"https:\/\/www.malinashop.lt\/wp-content\/uploads\/2025\/11\/mua-sepetelis-biriai-pudrai-24.jpg","width":800,"height":800},{"@type":"BreadcrumbList","@id":"https:\/\/www.malinashop.lt\/shop\/sla-paris-sepetelis-biriai-pudrai-mua\/#breadcrumb","itemListElement":[{"@type":"ListItem","position":1,"name":"Pagrindinis","item":"https:\/\/www.malinashop.lt\/"},{"@type":"ListItem","position":2,"name":"Parduotuv\u0117","item":"https:\/\/www.malinashop.lt\/en\/parduotuve\/"},{"@type":"ListItem","position":3,"name":"SLA PARIS \u0161epet\u0117lis biriai pudrai MUA"}]},{"@type":"WebSite","@id":"https:\/\/www.malinashop.lt\/#website","url":"https:\/\/www.malinashop.lt\/","name":"COM Group Ecommerce","description":"MalinaShop.lt - Gro\u017eio ir sveikatos produktai i\u0161 patikim\u0173 preki\u0173 \u017eenkl\u0173. Atraskite auk\u0161tos kokyb\u0117s kosmetik\u0105 u\u017e puiki\u0105 kain\u0105.","publisher":{"@id":"https:\/\/www.malinashop.lt\/#organization"},"potentialAction":[{"@type":"SearchAction","target":{"@type":"EntryPoint","urlTemplate":"https:\/\/www.malinashop.lt\/?s={search_term_string}"},"query-input":{"@type":"PropertyValueSpecification","valueRequired":true,"valueName":"search_term_string"}}],"inLanguage":"en-GB"},{"@type":"Organization","@id":"https:\/\/www.malinashop.lt\/#organization","name":"COM Group Ecommerce","url":"https:\/\/www.malinashop.lt\/","logo":{"@type":"ImageObject","inLanguage":"en-GB","@id":"https:\/\/www.malinashop.lt\/#\/schema\/logo\/image\/","url":"https:\/\/www.malinashop.lt\/wp-content\/uploads\/2024\/08\/462559670_3787732518133670_9795632669273463_n-e1731525914575.png","contentUrl":"https:\/\/www.malinashop.lt\/wp-content\/uploads\/2024\/08\/462559670_3787732518133670_9795632669273463_n-e1731525914575.png","width":180,"height":60,"caption":"COM Group Ecommerce"},"image":{"@id":"https:\/\/www.malinashop.lt\/#\/schema\/logo\/image\/"}}]}},"jetpack_sharing_enabled":true,"_links":{"self":[{"href":"https:\/\/www.malinashop.lt\/en\/wp-json\/wp\/v2\/product\/68931","targetHints":{"allow":["GET"]}}],"collection":[{"href":"https:\/\/www.malinashop.lt\/en\/wp-json\/wp\/v2\/product"}],"about":[{"href":"https:\/\/www.malinashop.lt\/en\/wp-json\/wp\/v2\/types\/product"}],"version-history":[{"count":2,"href":"https:\/\/www.malinashop.lt\/en\/wp-json\/wp\/v2\/product\/68931\/revisions"}],"predecessor-version":[{"id":71874,"href":"https:\/\/www.malinashop.lt\/en\/wp-json\/wp\/v2\/product\/68931\/revisions\/71874"}],"wp:featuredmedia":[{"embeddable":true,"href":"https:\/\/www.malinashop.lt\/en\/wp-json\/wp\/v2\/media\/62096"}],"wp:attachment":[{"href":"https:\/\/www.malinashop.lt\/en\/wp-json\/wp\/v2\/media?parent=68931"}],"wp:term":[{"taxonomy":"product_brand","embeddable":true,"href":"https:\/\/www.malinashop.lt\/en\/wp-json\/wp\/v2\/product_brand?post=68931"},{"taxonomy":"product_cat","embeddable":true,"href":"https:\/\/www.malinashop.lt\/en\/wp-json\/wp\/v2\/product_cat?post=68931"},{"taxonomy":"product_tag","embeddable":true,"href":"https:\/\/www.malinashop.lt\/en\/wp-json\/wp\/v2\/product_tag?post=68931"}],"curies":[{"name":"wp","href":"https:\/\/api.w.org\/{rel}","templated":true}]}}