{"id":68929,"date":"2025-11-25T16:32:51","date_gmt":"2025-11-25T13:32:51","guid":{"rendered":"https:\/\/malinashop.lt\/?post_type=product&#038;p=68929"},"modified":"2026-02-10T13:12:45","modified_gmt":"2026-02-10T10:12:45","slug":"sla-paris-sepetelis-skaistalams-konturui-mua","status":"publish","type":"product","link":"https:\/\/www.malinashop.lt\/en\/shop\/sla-paris-sepetelis-skaistalams-konturui-mua\/","title":{"rendered":"SLA PARIS \u0161epet\u0117lis skaistalams &#8211; kont\u016brui MUA"},"content":{"rendered":"<p data-start=\"119\" data-end=\"406\"><strong data-start=\"119\" data-end=\"177\">SLA PARIS \u0161epet\u0117lis skaistalams ir kont\u016bravimui MUA 28<\/strong> \u2013 tai profesionalams sukurtas vegani\u0161kas makia\u017eo \u0161epet\u0117lis i\u0161 auk\u0161tos kokyb\u0117s sintetini\u0173 plaukeli\u0173. Jis idealiai tinka skland\u017eiam skaistal\u0173, bronzanto ar kont\u016bravimo priemoni\u0173 padengimui, suteikiant nat\u016bral\u0173 ir tolyg\u0173 rezultat\u0105.<\/p>\n<p data-start=\"408\" data-end=\"726\">Ergonomi\u0161ka \u0161epet\u0117lio forma padeda tiksliai i\u0161gauti norimas linijas ir \u0161velniai i\u0161sklaidyti produkt\u0105, tod\u0117l makia\u017eas atrodo profesionaliai net atliekant j\u012f namuose. MUA serijos \u0161epet\u0117liai yra ilgaam\u017eiai, malon\u016bs odai ir lengvai pri\u017ei\u016brimi, tod\u0117l puikiai tinka tiek pradedantiesiems, tiek patyrusiems makia\u017eo meistrams.<\/p>\n","protected":false},"excerpt":{"rendered":"<p data-start=\"782\" data-end=\"976\">Profesionalus vegani\u0161kas SLA PARIS \u0161epet\u0117lis MUA 28, skirtas skaistalams ir kont\u016bravimui. Sintetinio plauko \u0161ereliai leid\u017eia tiksliai ir tolygiai padengti produkt\u0105, i\u0161gaunant nat\u016bral\u0173 rezultat\u0105.<\/p>\n","protected":false},"featured_media":62093,"template":"","meta":[],"product_brand":[1527],"product_cat":[795],"product_tag":[1623],"class_list":{"0":"post-68929","1":"product","2":"type-product","3":"status-publish","4":"has-post-thumbnail","6":"product_brand-sla-paris","7":"product_cat-makiazo-sepeteliai","8":"product_tag-sla-paris","10":"first","11":"instock","12":"purchasable","13":"product-type-simple"},"yoast_head":"<!-- This site is optimized with the Yoast SEO plugin v27.4 - https:\/\/yoast.com\/product\/yoast-seo-wordpress\/ -->\n<title>SLA PARIS \u0161epet\u0117lis skaistalams - kont\u016brui MUA - MalinaShop.lt J\u016bs\u0173 sveikatai ir gro\u017eiui.<\/title>\n<meta name=\"description\" content=\"SLA PARIS MUA 28 vegani\u0161kas \u0161epet\u0117lis skaistalams ir kont\u016bravimui. Kokybi\u0161ki sintetiniai \u0161ereliai, profesionalus makia\u017eo rezultatas kiekvien\u0105 kart\u0105.\" \/>\n<meta name=\"robots\" content=\"index, follow, max-snippet:-1, max-image-preview:large, max-video-preview:-1\" \/>\n<link rel=\"canonical\" href=\"https:\/\/www.malinashop.lt\/en\/shop\/sla-paris-sepetelis-skaistalams-konturui-mua\/\" \/>\n<meta property=\"og:locale\" content=\"en_GB\" \/>\n<meta property=\"og:type\" content=\"article\" \/>\n<meta property=\"og:title\" content=\"SLA PARIS \u0161epet\u0117lis skaistalams - kont\u016brui MUA - MalinaShop.lt J\u016bs\u0173 sveikatai ir gro\u017eiui.\" \/>\n<meta property=\"og:description\" content=\"SLA PARIS MUA 28 vegani\u0161kas \u0161epet\u0117lis skaistalams ir kont\u016bravimui. Kokybi\u0161ki sintetiniai \u0161ereliai, profesionalus makia\u017eo rezultatas kiekvien\u0105 kart\u0105.\" \/>\n<meta property=\"og:url\" content=\"https:\/\/www.malinashop.lt\/en\/shop\/sla-paris-sepetelis-skaistalams-konturui-mua\/\" \/>\n<meta property=\"og:site_name\" content=\"MalinaShop.lt J\u016bs\u0173 sveikatai ir gro\u017eiui.\" \/>\n<meta property=\"article:modified_time\" content=\"2026-02-10T10:12:45+00:00\" \/>\n<meta property=\"og:image\" content=\"https:\/\/www.malinashop.lt\/wp-content\/uploads\/2025\/11\/mua-sepetelis-skaistalams-konturui-28.jpg\" \/>\n\t<meta property=\"og:image:width\" content=\"367\" \/>\n\t<meta property=\"og:image:height\" content=\"444\" \/>\n\t<meta property=\"og:image:type\" content=\"image\/jpeg\" \/>\n<meta name=\"twitter:card\" content=\"summary_large_image\" \/>\n<script type=\"application\/ld+json\" class=\"yoast-schema-graph\">{\"@context\":\"https:\\\/\\\/schema.org\",\"@graph\":[{\"@type\":\"WebPage\",\"@id\":\"https:\\\/\\\/www.malinashop.lt\\\/en\\\/shop\\\/sla-paris-sepetelis-skaistalams-konturui-mua\\\/\",\"url\":\"https:\\\/\\\/www.malinashop.lt\\\/en\\\/shop\\\/sla-paris-sepetelis-skaistalams-konturui-mua\\\/\",\"name\":\"SLA PARIS \u0161epet\u0117lis skaistalams - kont\u016brui MUA - MalinaShop.lt J\u016bs\u0173 sveikatai ir gro\u017eiui.\",\"isPartOf\":{\"@id\":\"https:\\\/\\\/www.malinashop.lt\\\/#website\"},\"primaryImageOfPage\":{\"@id\":\"https:\\\/\\\/www.malinashop.lt\\\/en\\\/shop\\\/sla-paris-sepetelis-skaistalams-konturui-mua\\\/#primaryimage\"},\"image\":{\"@id\":\"https:\\\/\\\/www.malinashop.lt\\\/en\\\/shop\\\/sla-paris-sepetelis-skaistalams-konturui-mua\\\/#primaryimage\"},\"thumbnailUrl\":\"https:\\\/\\\/www.malinashop.lt\\\/wp-content\\\/uploads\\\/2025\\\/11\\\/mua-sepetelis-skaistalams-konturui-28.jpg\",\"datePublished\":\"2025-11-25T13:32:51+00:00\",\"dateModified\":\"2026-02-10T10:12:45+00:00\",\"description\":\"SLA PARIS MUA 28 vegani\u0161kas \u0161epet\u0117lis skaistalams ir kont\u016bravimui. Kokybi\u0161ki sintetiniai \u0161ereliai, profesionalus makia\u017eo rezultatas kiekvien\u0105 kart\u0105.\",\"breadcrumb\":{\"@id\":\"https:\\\/\\\/www.malinashop.lt\\\/en\\\/shop\\\/sla-paris-sepetelis-skaistalams-konturui-mua\\\/#breadcrumb\"},\"inLanguage\":\"en-GB\",\"potentialAction\":[{\"@type\":\"ReadAction\",\"target\":[\"https:\\\/\\\/www.malinashop.lt\\\/en\\\/shop\\\/sla-paris-sepetelis-skaistalams-konturui-mua\\\/\"]}]},{\"@type\":\"ImageObject\",\"inLanguage\":\"en-GB\",\"@id\":\"https:\\\/\\\/www.malinashop.lt\\\/en\\\/shop\\\/sla-paris-sepetelis-skaistalams-konturui-mua\\\/#primaryimage\",\"url\":\"https:\\\/\\\/www.malinashop.lt\\\/wp-content\\\/uploads\\\/2025\\\/11\\\/mua-sepetelis-skaistalams-konturui-28.jpg\",\"contentUrl\":\"https:\\\/\\\/www.malinashop.lt\\\/wp-content\\\/uploads\\\/2025\\\/11\\\/mua-sepetelis-skaistalams-konturui-28.jpg\",\"width\":367,\"height\":444},{\"@type\":\"BreadcrumbList\",\"@id\":\"https:\\\/\\\/www.malinashop.lt\\\/en\\\/shop\\\/sla-paris-sepetelis-skaistalams-konturui-mua\\\/#breadcrumb\",\"itemListElement\":[{\"@type\":\"ListItem\",\"position\":1,\"name\":\"Pagrindinis\",\"item\":\"https:\\\/\\\/www.malinashop.lt\\\/\"},{\"@type\":\"ListItem\",\"position\":2,\"name\":\"Parduotuv\u0117\",\"item\":\"https:\\\/\\\/www.malinashop.lt\\\/en\\\/parduotuve\\\/\"},{\"@type\":\"ListItem\",\"position\":3,\"name\":\"SLA PARIS \u0161epet\u0117lis skaistalams &#8211; kont\u016brui MUA\"}]},{\"@type\":\"WebSite\",\"@id\":\"https:\\\/\\\/www.malinashop.lt\\\/#website\",\"url\":\"https:\\\/\\\/www.malinashop.lt\\\/\",\"name\":\"COM Group Ecommerce\",\"description\":\"MalinaShop.lt - Gro\u017eio ir sveikatos produktai i\u0161 patikim\u0173 preki\u0173 \u017eenkl\u0173. Atraskite auk\u0161tos kokyb\u0117s kosmetik\u0105 u\u017e puiki\u0105 kain\u0105.\",\"publisher\":{\"@id\":\"https:\\\/\\\/www.malinashop.lt\\\/#organization\"},\"potentialAction\":[{\"@type\":\"SearchAction\",\"target\":{\"@type\":\"EntryPoint\",\"urlTemplate\":\"https:\\\/\\\/www.malinashop.lt\\\/?s={search_term_string}\"},\"query-input\":{\"@type\":\"PropertyValueSpecification\",\"valueRequired\":true,\"valueName\":\"search_term_string\"}}],\"inLanguage\":\"en-GB\"},{\"@type\":\"Organization\",\"@id\":\"https:\\\/\\\/www.malinashop.lt\\\/#organization\",\"name\":\"COM Group Ecommerce\",\"url\":\"https:\\\/\\\/www.malinashop.lt\\\/\",\"logo\":{\"@type\":\"ImageObject\",\"inLanguage\":\"en-GB\",\"@id\":\"https:\\\/\\\/www.malinashop.lt\\\/#\\\/schema\\\/logo\\\/image\\\/\",\"url\":\"https:\\\/\\\/www.malinashop.lt\\\/wp-content\\\/uploads\\\/2024\\\/08\\\/462559670_3787732518133670_9795632669273463_n-e1731525914575.png\",\"contentUrl\":\"https:\\\/\\\/www.malinashop.lt\\\/wp-content\\\/uploads\\\/2024\\\/08\\\/462559670_3787732518133670_9795632669273463_n-e1731525914575.png\",\"width\":180,\"height\":60,\"caption\":\"COM Group Ecommerce\"},\"image\":{\"@id\":\"https:\\\/\\\/www.malinashop.lt\\\/#\\\/schema\\\/logo\\\/image\\\/\"}}]}<\/script>\n<!-- \/ Yoast SEO plugin. -->","yoast_head_json":{"title":"SLA PARIS \u0161epet\u0117lis skaistalams - kont\u016brui MUA - MalinaShop.lt J\u016bs\u0173 sveikatai ir gro\u017eiui.","description":"SLA PARIS MUA 28 vegani\u0161kas \u0161epet\u0117lis skaistalams ir kont\u016bravimui. Kokybi\u0161ki sintetiniai \u0161ereliai, profesionalus makia\u017eo rezultatas kiekvien\u0105 kart\u0105.","robots":{"index":"index","follow":"follow","max-snippet":"max-snippet:-1","max-image-preview":"max-image-preview:large","max-video-preview":"max-video-preview:-1"},"canonical":"https:\/\/www.malinashop.lt\/en\/shop\/sla-paris-sepetelis-skaistalams-konturui-mua\/","og_locale":"en_GB","og_type":"article","og_title":"SLA PARIS \u0161epet\u0117lis skaistalams - kont\u016brui MUA - MalinaShop.lt J\u016bs\u0173 sveikatai ir gro\u017eiui.","og_description":"SLA PARIS MUA 28 vegani\u0161kas \u0161epet\u0117lis skaistalams ir kont\u016bravimui. Kokybi\u0161ki sintetiniai \u0161ereliai, profesionalus makia\u017eo rezultatas kiekvien\u0105 kart\u0105.","og_url":"https:\/\/www.malinashop.lt\/en\/shop\/sla-paris-sepetelis-skaistalams-konturui-mua\/","og_site_name":"MalinaShop.lt J\u016bs\u0173 sveikatai ir gro\u017eiui.","article_modified_time":"2026-02-10T10:12:45+00:00","og_image":[{"width":367,"height":444,"url":"https:\/\/www.malinashop.lt\/wp-content\/uploads\/2025\/11\/mua-sepetelis-skaistalams-konturui-28.jpg","type":"image\/jpeg"}],"twitter_card":"summary_large_image","schema":{"@context":"https:\/\/schema.org","@graph":[{"@type":"WebPage","@id":"https:\/\/www.malinashop.lt\/en\/shop\/sla-paris-sepetelis-skaistalams-konturui-mua\/","url":"https:\/\/www.malinashop.lt\/en\/shop\/sla-paris-sepetelis-skaistalams-konturui-mua\/","name":"SLA PARIS \u0161epet\u0117lis skaistalams - kont\u016brui MUA - MalinaShop.lt J\u016bs\u0173 sveikatai ir gro\u017eiui.","isPartOf":{"@id":"https:\/\/www.malinashop.lt\/#website"},"primaryImageOfPage":{"@id":"https:\/\/www.malinashop.lt\/en\/shop\/sla-paris-sepetelis-skaistalams-konturui-mua\/#primaryimage"},"image":{"@id":"https:\/\/www.malinashop.lt\/en\/shop\/sla-paris-sepetelis-skaistalams-konturui-mua\/#primaryimage"},"thumbnailUrl":"https:\/\/www.malinashop.lt\/wp-content\/uploads\/2025\/11\/mua-sepetelis-skaistalams-konturui-28.jpg","datePublished":"2025-11-25T13:32:51+00:00","dateModified":"2026-02-10T10:12:45+00:00","description":"SLA PARIS MUA 28 vegani\u0161kas \u0161epet\u0117lis skaistalams ir kont\u016bravimui. Kokybi\u0161ki sintetiniai \u0161ereliai, profesionalus makia\u017eo rezultatas kiekvien\u0105 kart\u0105.","breadcrumb":{"@id":"https:\/\/www.malinashop.lt\/en\/shop\/sla-paris-sepetelis-skaistalams-konturui-mua\/#breadcrumb"},"inLanguage":"en-GB","potentialAction":[{"@type":"ReadAction","target":["https:\/\/www.malinashop.lt\/en\/shop\/sla-paris-sepetelis-skaistalams-konturui-mua\/"]}]},{"@type":"ImageObject","inLanguage":"en-GB","@id":"https:\/\/www.malinashop.lt\/en\/shop\/sla-paris-sepetelis-skaistalams-konturui-mua\/#primaryimage","url":"https:\/\/www.malinashop.lt\/wp-content\/uploads\/2025\/11\/mua-sepetelis-skaistalams-konturui-28.jpg","contentUrl":"https:\/\/www.malinashop.lt\/wp-content\/uploads\/2025\/11\/mua-sepetelis-skaistalams-konturui-28.jpg","width":367,"height":444},{"@type":"BreadcrumbList","@id":"https:\/\/www.malinashop.lt\/en\/shop\/sla-paris-sepetelis-skaistalams-konturui-mua\/#breadcrumb","itemListElement":[{"@type":"ListItem","position":1,"name":"Pagrindinis","item":"https:\/\/www.malinashop.lt\/"},{"@type":"ListItem","position":2,"name":"Parduotuv\u0117","item":"https:\/\/www.malinashop.lt\/en\/parduotuve\/"},{"@type":"ListItem","position":3,"name":"SLA PARIS \u0161epet\u0117lis skaistalams &#8211; kont\u016brui MUA"}]},{"@type":"WebSite","@id":"https:\/\/www.malinashop.lt\/#website","url":"https:\/\/www.malinashop.lt\/","name":"COM Group Ecommerce","description":"MalinaShop.lt - Gro\u017eio ir sveikatos produktai i\u0161 patikim\u0173 preki\u0173 \u017eenkl\u0173. Atraskite auk\u0161tos kokyb\u0117s kosmetik\u0105 u\u017e puiki\u0105 kain\u0105.","publisher":{"@id":"https:\/\/www.malinashop.lt\/#organization"},"potentialAction":[{"@type":"SearchAction","target":{"@type":"EntryPoint","urlTemplate":"https:\/\/www.malinashop.lt\/?s={search_term_string}"},"query-input":{"@type":"PropertyValueSpecification","valueRequired":true,"valueName":"search_term_string"}}],"inLanguage":"en-GB"},{"@type":"Organization","@id":"https:\/\/www.malinashop.lt\/#organization","name":"COM Group Ecommerce","url":"https:\/\/www.malinashop.lt\/","logo":{"@type":"ImageObject","inLanguage":"en-GB","@id":"https:\/\/www.malinashop.lt\/#\/schema\/logo\/image\/","url":"https:\/\/www.malinashop.lt\/wp-content\/uploads\/2024\/08\/462559670_3787732518133670_9795632669273463_n-e1731525914575.png","contentUrl":"https:\/\/www.malinashop.lt\/wp-content\/uploads\/2024\/08\/462559670_3787732518133670_9795632669273463_n-e1731525914575.png","width":180,"height":60,"caption":"COM Group Ecommerce"},"image":{"@id":"https:\/\/www.malinashop.lt\/#\/schema\/logo\/image\/"}}]}},"jetpack_sharing_enabled":true,"_links":{"self":[{"href":"https:\/\/www.malinashop.lt\/en\/wp-json\/wp\/v2\/product\/68929","targetHints":{"allow":["GET"]}}],"collection":[{"href":"https:\/\/www.malinashop.lt\/en\/wp-json\/wp\/v2\/product"}],"about":[{"href":"https:\/\/www.malinashop.lt\/en\/wp-json\/wp\/v2\/types\/product"}],"version-history":[{"count":2,"href":"https:\/\/www.malinashop.lt\/en\/wp-json\/wp\/v2\/product\/68929\/revisions"}],"predecessor-version":[{"id":71873,"href":"https:\/\/www.malinashop.lt\/en\/wp-json\/wp\/v2\/product\/68929\/revisions\/71873"}],"wp:featuredmedia":[{"embeddable":true,"href":"https:\/\/www.malinashop.lt\/en\/wp-json\/wp\/v2\/media\/62093"}],"wp:attachment":[{"href":"https:\/\/www.malinashop.lt\/en\/wp-json\/wp\/v2\/media?parent=68929"}],"wp:term":[{"taxonomy":"product_brand","embeddable":true,"href":"https:\/\/www.malinashop.lt\/en\/wp-json\/wp\/v2\/product_brand?post=68929"},{"taxonomy":"product_cat","embeddable":true,"href":"https:\/\/www.malinashop.lt\/en\/wp-json\/wp\/v2\/product_cat?post=68929"},{"taxonomy":"product_tag","embeddable":true,"href":"https:\/\/www.malinashop.lt\/en\/wp-json\/wp\/v2\/product_tag?post=68929"}],"curies":[{"name":"wp","href":"https:\/\/api.w.org\/{rel}","templated":true}]}}