{"id":65652,"date":"2025-11-24T18:52:59","date_gmt":"2025-11-24T15:52:59","guid":{"rendered":"https:\/\/malinashop.lt\/?post_type=product&#038;p=65652"},"modified":"2026-02-10T12:47:48","modified_gmt":"2026-02-10T09:47:48","slug":"paese-lupu-dazai-nudelightful-409-cinnamon-latte-4-5g","status":"publish","type":"product","link":"https:\/\/www.malinashop.lt\/en\/shop\/paese-lupu-dazai-nudelightful-409-cinnamon-latte-4-5g\/","title":{"rendered":"PAESE l\u016bp\u0173 da\u017eai NUDElightful 409 Cinnamon Latte, 4.5g"},"content":{"rendered":"<p data-start=\"92\" data-end=\"500\">PAESE NUDElightful l\u016bp\u0173 da\u017eai <strong data-start=\"122\" data-end=\"144\">409 Cinnamon Latte<\/strong> atspalvyje suteikia nat\u016braliai atrodant\u012f, \u0161veln\u0173 ir komforti\u0161k\u0105 l\u016bp\u0173 \u012fvaizd\u012f. Kremin\u0117 tekst\u016bra lengvai slysta per l\u016bpas, intensyviai jas dr\u0117kina ir suteikia subtil\u0173 \u0161vyt\u0117jim\u0105. Formul\u0117je esantis <strong data-start=\"339\" data-end=\"362\">Maxi-Lip kompleksas<\/strong> su nat\u016braliu peptidu skatina kolageno ir hialurono r\u016bg\u0161ties gamyb\u0105, tod\u0117l l\u016bpos tampa putlesn\u0117s, elastingesn\u0117s ir vizualiai glotnesn\u0117s.<\/p>\n<p data-start=\"502\" data-end=\"780\">Papildomas <strong data-start=\"513\" data-end=\"540\">Liperfection kompleksas<\/strong> aktyvina mikrocirkuliacij\u0105, suteikdamas sveikai rausv\u0105 efekt\u0105 ir i\u0161ry\u0161kindamas nat\u016brali\u0105 l\u016bp\u0173 form\u0105. \u0160is atspalvis puikiai tinka kasdieniam ir vakariniam makia\u017eui, o lengvai pri\u017ei\u016brinti formul\u0117 padeda suma\u017einti smulki\u0173 rauk\u0161leli\u0173 matomum\u0105.<\/p>\n<p data-start=\"782\" data-end=\"798\"><strong data-start=\"782\" data-end=\"792\">T\u016bris:<\/strong> 4,5 g<\/p>\n","protected":false},"excerpt":{"rendered":"<p data-start=\"840\" data-end=\"1020\">PAESE NUDElightful 409 Cinnamon Latte \u2013 dr\u0117kinantys ir l\u016bpas putlinantys l\u016bp\u0173 da\u017eai su Maxi-Lip ir Liperfection kompleksais, suteikiantys nat\u016bral\u0173, glotn\u0173 ir \u0161vytint\u012f l\u016bp\u0173 \u012fvaizd\u012f.<\/p>\n","protected":false},"featured_media":65654,"template":"","meta":[],"product_brand":[1534],"product_cat":[102,708,533],"product_tag":[1614],"class_list":{"0":"post-65652","1":"product","2":"type-product","3":"status-publish","4":"has-post-thumbnail","6":"product_brand-paese","7":"product_cat-dekoratyvine-kosmetika","8":"product_cat-lupoms","9":"product_cat-lupu-dazai","10":"product_tag-paese","12":"first","13":"instock","14":"purchasable","15":"product-type-simple"},"yoast_head":"<!-- This site is optimized with the Yoast SEO plugin v27.4 - https:\/\/yoast.com\/product\/yoast-seo-wordpress\/ -->\n<title>PAESE l\u016bp\u0173 da\u017eai NUDElightful 409 Cinnamon Latte, 4.5g - MalinaShop.lt J\u016bs\u0173 sveikatai ir gro\u017eiui.<\/title>\n<meta name=\"description\" content=\"PAESE NUDElightful 409 Cinnamon Latte \u2013 dr\u0117kinantys, putlinantys l\u016bp\u0173 da\u017eai su nat\u016braliu efektu ir kremin\u0117s tekst\u016bros formule. Glotnios l\u016bpos kasdien.\" \/>\n<meta name=\"robots\" content=\"index, follow, max-snippet:-1, max-image-preview:large, max-video-preview:-1\" \/>\n<link rel=\"canonical\" href=\"https:\/\/www.malinashop.lt\/en\/shop\/paese-lupu-dazai-nudelightful-409-cinnamon-latte-4-5g\/\" \/>\n<meta property=\"og:locale\" content=\"en_GB\" \/>\n<meta property=\"og:type\" content=\"article\" \/>\n<meta property=\"og:title\" content=\"PAESE l\u016bp\u0173 da\u017eai NUDElightful 409 Cinnamon Latte, 4.5g - MalinaShop.lt J\u016bs\u0173 sveikatai ir gro\u017eiui.\" \/>\n<meta property=\"og:description\" content=\"PAESE NUDElightful 409 Cinnamon Latte \u2013 dr\u0117kinantys, putlinantys l\u016bp\u0173 da\u017eai su nat\u016braliu efektu ir kremin\u0117s tekst\u016bros formule. Glotnios l\u016bpos kasdien.\" \/>\n<meta property=\"og:url\" content=\"https:\/\/www.malinashop.lt\/en\/shop\/paese-lupu-dazai-nudelightful-409-cinnamon-latte-4-5g\/\" \/>\n<meta property=\"og:site_name\" content=\"MalinaShop.lt J\u016bs\u0173 sveikatai ir gro\u017eiui.\" \/>\n<meta property=\"article:modified_time\" content=\"2026-02-10T09:47:48+00:00\" \/>\n<meta property=\"og:image\" content=\"https:\/\/www.malinashop.lt\/wp-content\/uploads\/2025\/11\/5902627628306.jpg\" \/>\n\t<meta property=\"og:image:width\" content=\"600\" \/>\n\t<meta property=\"og:image:height\" content=\"600\" \/>\n\t<meta property=\"og:image:type\" content=\"image\/jpeg\" \/>\n<meta name=\"twitter:card\" content=\"summary_large_image\" \/>\n<script type=\"application\/ld+json\" class=\"yoast-schema-graph\">{\"@context\":\"https:\\\/\\\/schema.org\",\"@graph\":[{\"@type\":\"WebPage\",\"@id\":\"https:\\\/\\\/www.malinashop.lt\\\/shop\\\/paese-lupu-dazai-nudelightful-409-cinnamon-latte-4-5g\\\/\",\"url\":\"https:\\\/\\\/www.malinashop.lt\\\/shop\\\/paese-lupu-dazai-nudelightful-409-cinnamon-latte-4-5g\\\/\",\"name\":\"PAESE l\u016bp\u0173 da\u017eai NUDElightful 409 Cinnamon Latte, 4.5g - MalinaShop.lt J\u016bs\u0173 sveikatai ir gro\u017eiui.\",\"isPartOf\":{\"@id\":\"https:\\\/\\\/www.malinashop.lt\\\/#website\"},\"primaryImageOfPage\":{\"@id\":\"https:\\\/\\\/www.malinashop.lt\\\/shop\\\/paese-lupu-dazai-nudelightful-409-cinnamon-latte-4-5g\\\/#primaryimage\"},\"image\":{\"@id\":\"https:\\\/\\\/www.malinashop.lt\\\/shop\\\/paese-lupu-dazai-nudelightful-409-cinnamon-latte-4-5g\\\/#primaryimage\"},\"thumbnailUrl\":\"https:\\\/\\\/www.malinashop.lt\\\/wp-content\\\/uploads\\\/2025\\\/11\\\/5902627628306.jpg\",\"datePublished\":\"2025-11-24T15:52:59+00:00\",\"dateModified\":\"2026-02-10T09:47:48+00:00\",\"description\":\"PAESE NUDElightful 409 Cinnamon Latte \u2013 dr\u0117kinantys, putlinantys l\u016bp\u0173 da\u017eai su nat\u016braliu efektu ir kremin\u0117s tekst\u016bros formule. Glotnios l\u016bpos kasdien.\",\"breadcrumb\":{\"@id\":\"https:\\\/\\\/www.malinashop.lt\\\/shop\\\/paese-lupu-dazai-nudelightful-409-cinnamon-latte-4-5g\\\/#breadcrumb\"},\"inLanguage\":\"en-GB\",\"potentialAction\":[{\"@type\":\"ReadAction\",\"target\":[\"https:\\\/\\\/www.malinashop.lt\\\/shop\\\/paese-lupu-dazai-nudelightful-409-cinnamon-latte-4-5g\\\/\"]}]},{\"@type\":\"ImageObject\",\"inLanguage\":\"en-GB\",\"@id\":\"https:\\\/\\\/www.malinashop.lt\\\/shop\\\/paese-lupu-dazai-nudelightful-409-cinnamon-latte-4-5g\\\/#primaryimage\",\"url\":\"https:\\\/\\\/www.malinashop.lt\\\/wp-content\\\/uploads\\\/2025\\\/11\\\/5902627628306.jpg\",\"contentUrl\":\"https:\\\/\\\/www.malinashop.lt\\\/wp-content\\\/uploads\\\/2025\\\/11\\\/5902627628306.jpg\",\"width\":600,\"height\":600},{\"@type\":\"BreadcrumbList\",\"@id\":\"https:\\\/\\\/www.malinashop.lt\\\/shop\\\/paese-lupu-dazai-nudelightful-409-cinnamon-latte-4-5g\\\/#breadcrumb\",\"itemListElement\":[{\"@type\":\"ListItem\",\"position\":1,\"name\":\"Pagrindinis\",\"item\":\"https:\\\/\\\/www.malinashop.lt\\\/\"},{\"@type\":\"ListItem\",\"position\":2,\"name\":\"Parduotuv\u0117\",\"item\":\"https:\\\/\\\/www.malinashop.lt\\\/en\\\/parduotuve\\\/\"},{\"@type\":\"ListItem\",\"position\":3,\"name\":\"PAESE l\u016bp\u0173 da\u017eai NUDElightful 409 Cinnamon Latte, 4.5g\"}]},{\"@type\":\"WebSite\",\"@id\":\"https:\\\/\\\/www.malinashop.lt\\\/#website\",\"url\":\"https:\\\/\\\/www.malinashop.lt\\\/\",\"name\":\"COM Group Ecommerce\",\"description\":\"MalinaShop.lt - Gro\u017eio ir sveikatos produktai i\u0161 patikim\u0173 preki\u0173 \u017eenkl\u0173. Atraskite auk\u0161tos kokyb\u0117s kosmetik\u0105 u\u017e puiki\u0105 kain\u0105.\",\"publisher\":{\"@id\":\"https:\\\/\\\/www.malinashop.lt\\\/#organization\"},\"potentialAction\":[{\"@type\":\"SearchAction\",\"target\":{\"@type\":\"EntryPoint\",\"urlTemplate\":\"https:\\\/\\\/www.malinashop.lt\\\/?s={search_term_string}\"},\"query-input\":{\"@type\":\"PropertyValueSpecification\",\"valueRequired\":true,\"valueName\":\"search_term_string\"}}],\"inLanguage\":\"en-GB\"},{\"@type\":\"Organization\",\"@id\":\"https:\\\/\\\/www.malinashop.lt\\\/#organization\",\"name\":\"COM Group Ecommerce\",\"url\":\"https:\\\/\\\/www.malinashop.lt\\\/\",\"logo\":{\"@type\":\"ImageObject\",\"inLanguage\":\"en-GB\",\"@id\":\"https:\\\/\\\/www.malinashop.lt\\\/#\\\/schema\\\/logo\\\/image\\\/\",\"url\":\"https:\\\/\\\/www.malinashop.lt\\\/wp-content\\\/uploads\\\/2024\\\/08\\\/462559670_3787732518133670_9795632669273463_n-e1731525914575.png\",\"contentUrl\":\"https:\\\/\\\/www.malinashop.lt\\\/wp-content\\\/uploads\\\/2024\\\/08\\\/462559670_3787732518133670_9795632669273463_n-e1731525914575.png\",\"width\":180,\"height\":60,\"caption\":\"COM Group Ecommerce\"},\"image\":{\"@id\":\"https:\\\/\\\/www.malinashop.lt\\\/#\\\/schema\\\/logo\\\/image\\\/\"}}]}<\/script>\n<!-- \/ Yoast SEO plugin. -->","yoast_head_json":{"title":"PAESE l\u016bp\u0173 da\u017eai NUDElightful 409 Cinnamon Latte, 4.5g - MalinaShop.lt J\u016bs\u0173 sveikatai ir gro\u017eiui.","description":"PAESE NUDElightful 409 Cinnamon Latte \u2013 dr\u0117kinantys, putlinantys l\u016bp\u0173 da\u017eai su nat\u016braliu efektu ir kremin\u0117s tekst\u016bros formule. Glotnios l\u016bpos kasdien.","robots":{"index":"index","follow":"follow","max-snippet":"max-snippet:-1","max-image-preview":"max-image-preview:large","max-video-preview":"max-video-preview:-1"},"canonical":"https:\/\/www.malinashop.lt\/en\/shop\/paese-lupu-dazai-nudelightful-409-cinnamon-latte-4-5g\/","og_locale":"en_GB","og_type":"article","og_title":"PAESE l\u016bp\u0173 da\u017eai NUDElightful 409 Cinnamon Latte, 4.5g - MalinaShop.lt J\u016bs\u0173 sveikatai ir gro\u017eiui.","og_description":"PAESE NUDElightful 409 Cinnamon Latte \u2013 dr\u0117kinantys, putlinantys l\u016bp\u0173 da\u017eai su nat\u016braliu efektu ir kremin\u0117s tekst\u016bros formule. Glotnios l\u016bpos kasdien.","og_url":"https:\/\/www.malinashop.lt\/en\/shop\/paese-lupu-dazai-nudelightful-409-cinnamon-latte-4-5g\/","og_site_name":"MalinaShop.lt J\u016bs\u0173 sveikatai ir gro\u017eiui.","article_modified_time":"2026-02-10T09:47:48+00:00","og_image":[{"width":600,"height":600,"url":"https:\/\/www.malinashop.lt\/wp-content\/uploads\/2025\/11\/5902627628306.jpg","type":"image\/jpeg"}],"twitter_card":"summary_large_image","schema":{"@context":"https:\/\/schema.org","@graph":[{"@type":"WebPage","@id":"https:\/\/www.malinashop.lt\/shop\/paese-lupu-dazai-nudelightful-409-cinnamon-latte-4-5g\/","url":"https:\/\/www.malinashop.lt\/shop\/paese-lupu-dazai-nudelightful-409-cinnamon-latte-4-5g\/","name":"PAESE l\u016bp\u0173 da\u017eai NUDElightful 409 Cinnamon Latte, 4.5g - MalinaShop.lt J\u016bs\u0173 sveikatai ir gro\u017eiui.","isPartOf":{"@id":"https:\/\/www.malinashop.lt\/#website"},"primaryImageOfPage":{"@id":"https:\/\/www.malinashop.lt\/shop\/paese-lupu-dazai-nudelightful-409-cinnamon-latte-4-5g\/#primaryimage"},"image":{"@id":"https:\/\/www.malinashop.lt\/shop\/paese-lupu-dazai-nudelightful-409-cinnamon-latte-4-5g\/#primaryimage"},"thumbnailUrl":"https:\/\/www.malinashop.lt\/wp-content\/uploads\/2025\/11\/5902627628306.jpg","datePublished":"2025-11-24T15:52:59+00:00","dateModified":"2026-02-10T09:47:48+00:00","description":"PAESE NUDElightful 409 Cinnamon Latte \u2013 dr\u0117kinantys, putlinantys l\u016bp\u0173 da\u017eai su nat\u016braliu efektu ir kremin\u0117s tekst\u016bros formule. Glotnios l\u016bpos kasdien.","breadcrumb":{"@id":"https:\/\/www.malinashop.lt\/shop\/paese-lupu-dazai-nudelightful-409-cinnamon-latte-4-5g\/#breadcrumb"},"inLanguage":"en-GB","potentialAction":[{"@type":"ReadAction","target":["https:\/\/www.malinashop.lt\/shop\/paese-lupu-dazai-nudelightful-409-cinnamon-latte-4-5g\/"]}]},{"@type":"ImageObject","inLanguage":"en-GB","@id":"https:\/\/www.malinashop.lt\/shop\/paese-lupu-dazai-nudelightful-409-cinnamon-latte-4-5g\/#primaryimage","url":"https:\/\/www.malinashop.lt\/wp-content\/uploads\/2025\/11\/5902627628306.jpg","contentUrl":"https:\/\/www.malinashop.lt\/wp-content\/uploads\/2025\/11\/5902627628306.jpg","width":600,"height":600},{"@type":"BreadcrumbList","@id":"https:\/\/www.malinashop.lt\/shop\/paese-lupu-dazai-nudelightful-409-cinnamon-latte-4-5g\/#breadcrumb","itemListElement":[{"@type":"ListItem","position":1,"name":"Pagrindinis","item":"https:\/\/www.malinashop.lt\/"},{"@type":"ListItem","position":2,"name":"Parduotuv\u0117","item":"https:\/\/www.malinashop.lt\/en\/parduotuve\/"},{"@type":"ListItem","position":3,"name":"PAESE l\u016bp\u0173 da\u017eai NUDElightful 409 Cinnamon Latte, 4.5g"}]},{"@type":"WebSite","@id":"https:\/\/www.malinashop.lt\/#website","url":"https:\/\/www.malinashop.lt\/","name":"COM Group Ecommerce","description":"MalinaShop.lt - Gro\u017eio ir sveikatos produktai i\u0161 patikim\u0173 preki\u0173 \u017eenkl\u0173. Atraskite auk\u0161tos kokyb\u0117s kosmetik\u0105 u\u017e puiki\u0105 kain\u0105.","publisher":{"@id":"https:\/\/www.malinashop.lt\/#organization"},"potentialAction":[{"@type":"SearchAction","target":{"@type":"EntryPoint","urlTemplate":"https:\/\/www.malinashop.lt\/?s={search_term_string}"},"query-input":{"@type":"PropertyValueSpecification","valueRequired":true,"valueName":"search_term_string"}}],"inLanguage":"en-GB"},{"@type":"Organization","@id":"https:\/\/www.malinashop.lt\/#organization","name":"COM Group Ecommerce","url":"https:\/\/www.malinashop.lt\/","logo":{"@type":"ImageObject","inLanguage":"en-GB","@id":"https:\/\/www.malinashop.lt\/#\/schema\/logo\/image\/","url":"https:\/\/www.malinashop.lt\/wp-content\/uploads\/2024\/08\/462559670_3787732518133670_9795632669273463_n-e1731525914575.png","contentUrl":"https:\/\/www.malinashop.lt\/wp-content\/uploads\/2024\/08\/462559670_3787732518133670_9795632669273463_n-e1731525914575.png","width":180,"height":60,"caption":"COM Group Ecommerce"},"image":{"@id":"https:\/\/www.malinashop.lt\/#\/schema\/logo\/image\/"}}]}},"jetpack_sharing_enabled":true,"_links":{"self":[{"href":"https:\/\/www.malinashop.lt\/en\/wp-json\/wp\/v2\/product\/65652","targetHints":{"allow":["GET"]}}],"collection":[{"href":"https:\/\/www.malinashop.lt\/en\/wp-json\/wp\/v2\/product"}],"about":[{"href":"https:\/\/www.malinashop.lt\/en\/wp-json\/wp\/v2\/types\/product"}],"version-history":[{"count":2,"href":"https:\/\/www.malinashop.lt\/en\/wp-json\/wp\/v2\/product\/65652\/revisions"}],"predecessor-version":[{"id":72146,"href":"https:\/\/www.malinashop.lt\/en\/wp-json\/wp\/v2\/product\/65652\/revisions\/72146"}],"wp:featuredmedia":[{"embeddable":true,"href":"https:\/\/www.malinashop.lt\/en\/wp-json\/wp\/v2\/media\/65654"}],"wp:attachment":[{"href":"https:\/\/www.malinashop.lt\/en\/wp-json\/wp\/v2\/media?parent=65652"}],"wp:term":[{"taxonomy":"product_brand","embeddable":true,"href":"https:\/\/www.malinashop.lt\/en\/wp-json\/wp\/v2\/product_brand?post=65652"},{"taxonomy":"product_cat","embeddable":true,"href":"https:\/\/www.malinashop.lt\/en\/wp-json\/wp\/v2\/product_cat?post=65652"},{"taxonomy":"product_tag","embeddable":true,"href":"https:\/\/www.malinashop.lt\/en\/wp-json\/wp\/v2\/product_tag?post=65652"}],"curies":[{"name":"wp","href":"https:\/\/api.w.org\/{rel}","templated":true}]}}