{"id":65588,"date":"2025-11-24T18:51:36","date_gmt":"2025-11-24T15:51:36","guid":{"rendered":"https:\/\/malinashop.lt\/?post_type=product&#038;p=65588"},"modified":"2026-02-10T12:47:51","modified_gmt":"2026-02-10T09:47:51","slug":"paese-makiazo-dulksna-su-spf-50-75ml","status":"publish","type":"product","link":"https:\/\/www.malinashop.lt\/en\/shop\/paese-makiazo-dulksna-su-spf-50-75ml\/","title":{"rendered":"PAESE makia\u017eo dulksna su SPF 50, 75ml"},"content":{"rendered":"<p data-start=\"281\" data-end=\"585\"><strong data-start=\"281\" data-end=\"316\">PAESE makia\u017eo dulksna su SPF 50<\/strong> \u2013 tai ypa\u010d lengva, inovatyvios formul\u0117s apsaugin\u0117 veido dulksna, skirta patogiai kasdienei apsaugai nuo saul\u0117s. Auk\u0161tas <strong data-start=\"437\" data-end=\"447\">SPF 50<\/strong> filtras efektyviai padeda apsaugoti od\u0105 nuo kenksming\u0173 UVA ir UVB spinduli\u0173, kurie skatina odos sen\u0117jim\u0105 ir pigmentini\u0173 d\u0117mi\u0173 atsiradim\u0105.<\/p>\n<p data-start=\"587\" data-end=\"834\">\u0160i dulksna i\u0161siskiria tuo, kad j\u0105 galima <strong data-start=\"628\" data-end=\"659\">purk\u0161ti tiesiai ant makia\u017eo<\/strong>, nepa\u017eeid\u017eiant jo ir nepaliekant lipnumo ar balt\u0173 \u017eymi\u0173. Lengva tekst\u016bra greitai susigeria, suteikia odai komforto poj\u016bt\u012f ir padeda i\u0161laikyti gaiv\u0173 \u012fvaizd\u012f visos dienos metu.<\/p>\n<p data-start=\"836\" data-end=\"1083\">Formul\u0117 papildyta dr\u0117kinan\u010diais ir maitinan\u010diais ingredientais, kurie padeda i\u0161laikyti odos elastingum\u0105, \u0161velnum\u0105 bei apsaugoti j\u0105 nuo i\u0161orini\u0173 veiksni\u0173. Puikus pasirinkimas tiek kasdieniam naudojimui, tiek aktyviai dienai mieste ar kelioni\u0173 metu.<\/p>\n<p data-start=\"1085\" data-end=\"1109\"><strong data-start=\"1085\" data-end=\"1109\">Pagrindin\u0117s savyb\u0117s:<\/strong><\/p>\n<ul data-start=\"1110\" data-end=\"1331\">\n<li data-start=\"1110\" data-end=\"1148\">\n<p data-start=\"1112\" data-end=\"1148\">Auk\u0161ta apsauga nuo saul\u0117s <strong data-start=\"1138\" data-end=\"1148\">SPF 50<\/strong><\/p>\n<\/li>\n<li data-start=\"1149\" data-end=\"1181\">\n<p data-start=\"1151\" data-end=\"1181\">Galima purk\u0161ti <strong data-start=\"1166\" data-end=\"1181\">ant makia\u017eo<\/strong><\/p>\n<\/li>\n<li data-start=\"1182\" data-end=\"1214\">\n<p data-start=\"1184\" data-end=\"1214\">Lengva, neapsunkinanti dulksna<\/p>\n<\/li>\n<li data-start=\"1215\" data-end=\"1253\">\n<p data-start=\"1217\" data-end=\"1253\">Greitai susigeria, nepalieka riebumo<\/p>\n<\/li>\n<li data-start=\"1254\" data-end=\"1283\">\n<p data-start=\"1256\" data-end=\"1283\">Tinka kasdieniam naudojimui<\/p>\n<\/li>\n<li data-start=\"1284\" data-end=\"1331\">\n<p data-start=\"1286\" data-end=\"1331\">Patogi pakuot\u0117 atnaujinti apsaug\u0105 dienos metu<\/p>\n<\/li>\n<\/ul>\n","protected":false},"excerpt":{"rendered":"<p data-start=\"1375\" data-end=\"1554\">Lengva <strong data-start=\"1382\" data-end=\"1415\">PAESE veido dulksna su SPF 50<\/strong>, skirta patogiai apsaugai nuo saul\u0117s net ir ant makia\u017eo. Neapsunkina odos, greitai susigeria ir padeda i\u0161laikyti gaiv\u0173 \u012fvaizd\u012f vis\u0105 dien\u0105.<\/p>\n","protected":false},"featured_media":65590,"template":"","meta":[],"product_brand":[1534],"product_cat":[556,728],"product_tag":[1614],"class_list":{"0":"post-65588","1":"product","2":"type-product","3":"status-publish","4":"has-post-thumbnail","6":"product_brand-paese","7":"product_cat-veido-dulksna","8":"product_cat-veidui","9":"product_tag-paese","11":"first","12":"instock","13":"purchasable","14":"product-type-simple"},"yoast_head":"<!-- This site is optimized with the Yoast SEO plugin v27.4 - https:\/\/yoast.com\/product\/yoast-seo-wordpress\/ -->\n<title>PAESE makia\u017eo dulksna su SPF 50, 75ml - MalinaShop.lt J\u016bs\u0173 sveikatai ir gro\u017eiui.<\/title>\n<meta name=\"description\" content=\"PAESE makia\u017eo dulksna su SPF 50 \u2013 lengva veido apsauga nuo saul\u0117s, tinkama purk\u0161ti ant makia\u017eo. Patogu naudoti vis\u0105 dien\u0105.\" \/>\n<meta name=\"robots\" content=\"index, follow, max-snippet:-1, max-image-preview:large, max-video-preview:-1\" \/>\n<link rel=\"canonical\" href=\"https:\/\/www.malinashop.lt\/en\/shop\/paese-makiazo-dulksna-su-spf-50-75ml\/\" \/>\n<meta property=\"og:locale\" content=\"en_GB\" \/>\n<meta property=\"og:type\" content=\"article\" \/>\n<meta property=\"og:title\" content=\"PAESE makia\u017eo dulksna su SPF 50, 75ml - MalinaShop.lt J\u016bs\u0173 sveikatai ir gro\u017eiui.\" \/>\n<meta property=\"og:description\" content=\"PAESE makia\u017eo dulksna su SPF 50 \u2013 lengva veido apsauga nuo saul\u0117s, tinkama purk\u0161ti ant makia\u017eo. Patogu naudoti vis\u0105 dien\u0105.\" \/>\n<meta property=\"og:url\" content=\"https:\/\/www.malinashop.lt\/en\/shop\/paese-makiazo-dulksna-su-spf-50-75ml\/\" \/>\n<meta property=\"og:site_name\" content=\"MalinaShop.lt J\u016bs\u0173 sveikatai ir gro\u017eiui.\" \/>\n<meta property=\"article:modified_time\" content=\"2026-02-10T09:47:51+00:00\" \/>\n<meta property=\"og:image\" content=\"https:\/\/www.malinashop.lt\/wp-content\/uploads\/2025\/11\/5902627627941.png\" \/>\n\t<meta property=\"og:image:width\" content=\"600\" \/>\n\t<meta property=\"og:image:height\" content=\"600\" \/>\n\t<meta property=\"og:image:type\" content=\"image\/png\" \/>\n<meta name=\"twitter:card\" content=\"summary_large_image\" \/>\n<script type=\"application\/ld+json\" class=\"yoast-schema-graph\">{\"@context\":\"https:\\\/\\\/schema.org\",\"@graph\":[{\"@type\":\"WebPage\",\"@id\":\"https:\\\/\\\/www.malinashop.lt\\\/en\\\/shop\\\/paese-makiazo-dulksna-su-spf-50-75ml\\\/\",\"url\":\"https:\\\/\\\/www.malinashop.lt\\\/en\\\/shop\\\/paese-makiazo-dulksna-su-spf-50-75ml\\\/\",\"name\":\"PAESE makia\u017eo dulksna su SPF 50, 75ml - MalinaShop.lt J\u016bs\u0173 sveikatai ir gro\u017eiui.\",\"isPartOf\":{\"@id\":\"https:\\\/\\\/www.malinashop.lt\\\/en\\\/#website\"},\"primaryImageOfPage\":{\"@id\":\"https:\\\/\\\/www.malinashop.lt\\\/en\\\/shop\\\/paese-makiazo-dulksna-su-spf-50-75ml\\\/#primaryimage\"},\"image\":{\"@id\":\"https:\\\/\\\/www.malinashop.lt\\\/en\\\/shop\\\/paese-makiazo-dulksna-su-spf-50-75ml\\\/#primaryimage\"},\"thumbnailUrl\":\"https:\\\/\\\/www.malinashop.lt\\\/wp-content\\\/uploads\\\/2025\\\/11\\\/5902627627941.png\",\"datePublished\":\"2025-11-24T15:51:36+00:00\",\"dateModified\":\"2026-02-10T09:47:51+00:00\",\"description\":\"PAESE makia\u017eo dulksna su SPF 50 \u2013 lengva veido apsauga nuo saul\u0117s, tinkama purk\u0161ti ant makia\u017eo. Patogu naudoti vis\u0105 dien\u0105.\",\"breadcrumb\":{\"@id\":\"https:\\\/\\\/www.malinashop.lt\\\/en\\\/shop\\\/paese-makiazo-dulksna-su-spf-50-75ml\\\/#breadcrumb\"},\"inLanguage\":\"en-GB\",\"potentialAction\":[{\"@type\":\"ReadAction\",\"target\":[\"https:\\\/\\\/www.malinashop.lt\\\/en\\\/shop\\\/paese-makiazo-dulksna-su-spf-50-75ml\\\/\"]}]},{\"@type\":\"ImageObject\",\"inLanguage\":\"en-GB\",\"@id\":\"https:\\\/\\\/www.malinashop.lt\\\/en\\\/shop\\\/paese-makiazo-dulksna-su-spf-50-75ml\\\/#primaryimage\",\"url\":\"https:\\\/\\\/www.malinashop.lt\\\/wp-content\\\/uploads\\\/2025\\\/11\\\/5902627627941.png\",\"contentUrl\":\"https:\\\/\\\/www.malinashop.lt\\\/wp-content\\\/uploads\\\/2025\\\/11\\\/5902627627941.png\",\"width\":600,\"height\":600},{\"@type\":\"BreadcrumbList\",\"@id\":\"https:\\\/\\\/www.malinashop.lt\\\/en\\\/shop\\\/paese-makiazo-dulksna-su-spf-50-75ml\\\/#breadcrumb\",\"itemListElement\":[{\"@type\":\"ListItem\",\"position\":1,\"name\":\"Home\",\"item\":\"https:\\\/\\\/www.malinashop.lt\\\/en\\\/\"},{\"@type\":\"ListItem\",\"position\":2,\"name\":\"Parduotuv\u0117\",\"item\":\"https:\\\/\\\/www.malinashop.lt\\\/en\\\/parduotuve\\\/\"},{\"@type\":\"ListItem\",\"position\":3,\"name\":\"PAESE makia\u017eo dulksna su SPF 50, 75ml\"}]},{\"@type\":\"WebSite\",\"@id\":\"https:\\\/\\\/www.malinashop.lt\\\/en\\\/#website\",\"url\":\"https:\\\/\\\/www.malinashop.lt\\\/en\\\/\",\"name\":\"COM Group Ecommerce\",\"description\":\"MalinaShop.lt - Gro\u017eio ir sveikatos produktai i\u0161 patikim\u0173 preki\u0173 \u017eenkl\u0173. Atraskite auk\u0161tos kokyb\u0117s kosmetik\u0105 u\u017e puiki\u0105 kain\u0105.\",\"publisher\":{\"@id\":\"https:\\\/\\\/www.malinashop.lt\\\/en\\\/#organization\"},\"potentialAction\":[{\"@type\":\"SearchAction\",\"target\":{\"@type\":\"EntryPoint\",\"urlTemplate\":\"https:\\\/\\\/www.malinashop.lt\\\/en\\\/?s={search_term_string}\"},\"query-input\":{\"@type\":\"PropertyValueSpecification\",\"valueRequired\":true,\"valueName\":\"search_term_string\"}}],\"inLanguage\":\"en-GB\"},{\"@type\":\"Organization\",\"@id\":\"https:\\\/\\\/www.malinashop.lt\\\/en\\\/#organization\",\"name\":\"COM Group Ecommerce\",\"url\":\"https:\\\/\\\/www.malinashop.lt\\\/en\\\/\",\"logo\":{\"@type\":\"ImageObject\",\"inLanguage\":\"en-GB\",\"@id\":\"https:\\\/\\\/www.malinashop.lt\\\/en\\\/#\\\/schema\\\/logo\\\/image\\\/\",\"url\":\"https:\\\/\\\/www.malinashop.lt\\\/wp-content\\\/uploads\\\/2024\\\/08\\\/462559670_3787732518133670_9795632669273463_n-e1731525914575.png\",\"contentUrl\":\"https:\\\/\\\/www.malinashop.lt\\\/wp-content\\\/uploads\\\/2024\\\/08\\\/462559670_3787732518133670_9795632669273463_n-e1731525914575.png\",\"width\":180,\"height\":60,\"caption\":\"COM Group Ecommerce\"},\"image\":{\"@id\":\"https:\\\/\\\/www.malinashop.lt\\\/en\\\/#\\\/schema\\\/logo\\\/image\\\/\"}}]}<\/script>\n<!-- \/ Yoast SEO plugin. -->","yoast_head_json":{"title":"PAESE makia\u017eo dulksna su SPF 50, 75ml - MalinaShop.lt J\u016bs\u0173 sveikatai ir gro\u017eiui.","description":"PAESE makia\u017eo dulksna su SPF 50 \u2013 lengva veido apsauga nuo saul\u0117s, tinkama purk\u0161ti ant makia\u017eo. Patogu naudoti vis\u0105 dien\u0105.","robots":{"index":"index","follow":"follow","max-snippet":"max-snippet:-1","max-image-preview":"max-image-preview:large","max-video-preview":"max-video-preview:-1"},"canonical":"https:\/\/www.malinashop.lt\/en\/shop\/paese-makiazo-dulksna-su-spf-50-75ml\/","og_locale":"en_GB","og_type":"article","og_title":"PAESE makia\u017eo dulksna su SPF 50, 75ml - MalinaShop.lt J\u016bs\u0173 sveikatai ir gro\u017eiui.","og_description":"PAESE makia\u017eo dulksna su SPF 50 \u2013 lengva veido apsauga nuo saul\u0117s, tinkama purk\u0161ti ant makia\u017eo. Patogu naudoti vis\u0105 dien\u0105.","og_url":"https:\/\/www.malinashop.lt\/en\/shop\/paese-makiazo-dulksna-su-spf-50-75ml\/","og_site_name":"MalinaShop.lt J\u016bs\u0173 sveikatai ir gro\u017eiui.","article_modified_time":"2026-02-10T09:47:51+00:00","og_image":[{"width":600,"height":600,"url":"https:\/\/www.malinashop.lt\/wp-content\/uploads\/2025\/11\/5902627627941.png","type":"image\/png"}],"twitter_card":"summary_large_image","schema":{"@context":"https:\/\/schema.org","@graph":[{"@type":"WebPage","@id":"https:\/\/www.malinashop.lt\/en\/shop\/paese-makiazo-dulksna-su-spf-50-75ml\/","url":"https:\/\/www.malinashop.lt\/en\/shop\/paese-makiazo-dulksna-su-spf-50-75ml\/","name":"PAESE makia\u017eo dulksna su SPF 50, 75ml - MalinaShop.lt J\u016bs\u0173 sveikatai ir gro\u017eiui.","isPartOf":{"@id":"https:\/\/www.malinashop.lt\/en\/#website"},"primaryImageOfPage":{"@id":"https:\/\/www.malinashop.lt\/en\/shop\/paese-makiazo-dulksna-su-spf-50-75ml\/#primaryimage"},"image":{"@id":"https:\/\/www.malinashop.lt\/en\/shop\/paese-makiazo-dulksna-su-spf-50-75ml\/#primaryimage"},"thumbnailUrl":"https:\/\/www.malinashop.lt\/wp-content\/uploads\/2025\/11\/5902627627941.png","datePublished":"2025-11-24T15:51:36+00:00","dateModified":"2026-02-10T09:47:51+00:00","description":"PAESE makia\u017eo dulksna su SPF 50 \u2013 lengva veido apsauga nuo saul\u0117s, tinkama purk\u0161ti ant makia\u017eo. Patogu naudoti vis\u0105 dien\u0105.","breadcrumb":{"@id":"https:\/\/www.malinashop.lt\/en\/shop\/paese-makiazo-dulksna-su-spf-50-75ml\/#breadcrumb"},"inLanguage":"en-GB","potentialAction":[{"@type":"ReadAction","target":["https:\/\/www.malinashop.lt\/en\/shop\/paese-makiazo-dulksna-su-spf-50-75ml\/"]}]},{"@type":"ImageObject","inLanguage":"en-GB","@id":"https:\/\/www.malinashop.lt\/en\/shop\/paese-makiazo-dulksna-su-spf-50-75ml\/#primaryimage","url":"https:\/\/www.malinashop.lt\/wp-content\/uploads\/2025\/11\/5902627627941.png","contentUrl":"https:\/\/www.malinashop.lt\/wp-content\/uploads\/2025\/11\/5902627627941.png","width":600,"height":600},{"@type":"BreadcrumbList","@id":"https:\/\/www.malinashop.lt\/en\/shop\/paese-makiazo-dulksna-su-spf-50-75ml\/#breadcrumb","itemListElement":[{"@type":"ListItem","position":1,"name":"Home","item":"https:\/\/www.malinashop.lt\/en\/"},{"@type":"ListItem","position":2,"name":"Parduotuv\u0117","item":"https:\/\/www.malinashop.lt\/en\/parduotuve\/"},{"@type":"ListItem","position":3,"name":"PAESE makia\u017eo dulksna su SPF 50, 75ml"}]},{"@type":"WebSite","@id":"https:\/\/www.malinashop.lt\/en\/#website","url":"https:\/\/www.malinashop.lt\/en\/","name":"COM Group Ecommerce","description":"MalinaShop.lt - Gro\u017eio ir sveikatos produktai i\u0161 patikim\u0173 preki\u0173 \u017eenkl\u0173. Atraskite auk\u0161tos kokyb\u0117s kosmetik\u0105 u\u017e puiki\u0105 kain\u0105.","publisher":{"@id":"https:\/\/www.malinashop.lt\/en\/#organization"},"potentialAction":[{"@type":"SearchAction","target":{"@type":"EntryPoint","urlTemplate":"https:\/\/www.malinashop.lt\/en\/?s={search_term_string}"},"query-input":{"@type":"PropertyValueSpecification","valueRequired":true,"valueName":"search_term_string"}}],"inLanguage":"en-GB"},{"@type":"Organization","@id":"https:\/\/www.malinashop.lt\/en\/#organization","name":"COM Group Ecommerce","url":"https:\/\/www.malinashop.lt\/en\/","logo":{"@type":"ImageObject","inLanguage":"en-GB","@id":"https:\/\/www.malinashop.lt\/en\/#\/schema\/logo\/image\/","url":"https:\/\/www.malinashop.lt\/wp-content\/uploads\/2024\/08\/462559670_3787732518133670_9795632669273463_n-e1731525914575.png","contentUrl":"https:\/\/www.malinashop.lt\/wp-content\/uploads\/2024\/08\/462559670_3787732518133670_9795632669273463_n-e1731525914575.png","width":180,"height":60,"caption":"COM Group Ecommerce"},"image":{"@id":"https:\/\/www.malinashop.lt\/en\/#\/schema\/logo\/image\/"}}]}},"jetpack_sharing_enabled":true,"_links":{"self":[{"href":"https:\/\/www.malinashop.lt\/en\/wp-json\/wp\/v2\/product\/65588","targetHints":{"allow":["GET"]}}],"collection":[{"href":"https:\/\/www.malinashop.lt\/en\/wp-json\/wp\/v2\/product"}],"about":[{"href":"https:\/\/www.malinashop.lt\/en\/wp-json\/wp\/v2\/types\/product"}],"version-history":[{"count":2,"href":"https:\/\/www.malinashop.lt\/en\/wp-json\/wp\/v2\/product\/65588\/revisions"}],"predecessor-version":[{"id":72288,"href":"https:\/\/www.malinashop.lt\/en\/wp-json\/wp\/v2\/product\/65588\/revisions\/72288"}],"wp:featuredmedia":[{"embeddable":true,"href":"https:\/\/www.malinashop.lt\/en\/wp-json\/wp\/v2\/media\/65590"}],"wp:attachment":[{"href":"https:\/\/www.malinashop.lt\/en\/wp-json\/wp\/v2\/media?parent=65588"}],"wp:term":[{"taxonomy":"product_brand","embeddable":true,"href":"https:\/\/www.malinashop.lt\/en\/wp-json\/wp\/v2\/product_brand?post=65588"},{"taxonomy":"product_cat","embeddable":true,"href":"https:\/\/www.malinashop.lt\/en\/wp-json\/wp\/v2\/product_cat?post=65588"},{"taxonomy":"product_tag","embeddable":true,"href":"https:\/\/www.malinashop.lt\/en\/wp-json\/wp\/v2\/product_tag?post=65588"}],"curies":[{"name":"wp","href":"https:\/\/api.w.org\/{rel}","templated":true}]}}