{"id":65583,"date":"2025-11-24T18:51:36","date_gmt":"2025-11-24T15:51:36","guid":{"rendered":"https:\/\/malinashop.lt\/?post_type=product&#038;p=65583"},"modified":"2026-02-10T12:47:51","modified_gmt":"2026-02-10T09:47:51","slug":"paese-get-the-glow-look-daugiafunkcinis-svytejima-suteikiantis-veido-kremas-30ml","status":"publish","type":"product","link":"https:\/\/www.malinashop.lt\/en\/shop\/paese-get-the-glow-look-daugiafunkcinis-svytejima-suteikiantis-veido-kremas-30ml\/","title":{"rendered":"PAESE GET THE GLOW LOOK daugiafunkcinis \u0161vyt\u0117jim\u0105 suteikiantis veido kremas, 30ml"},"content":{"rendered":"<p data-start=\"206\" data-end=\"542\"><strong data-start=\"206\" data-end=\"293\">PAESE daugiafunkcinis \u0161vyt\u0117jim\u0105 suteikiantis veido kremas GET THE GLOW LOOK (30 ml)<\/strong> \u2013 tai lengvos tekst\u016bros, od\u0105 lyginantis ir spindesio suteikiantis kremas, puikiai tinkantis kasdienei odos prie\u017ei\u016brai. Jis gali b\u016bti naudojamas kaip dr\u0117kinamasis kremas arba makia\u017eo baz\u0117, suteikianti gaiv\u0173, nat\u016braliai \u0161vytint\u012f \u012fvaizd\u012f visai dienai.<\/p>\n<p data-start=\"544\" data-end=\"801\">Formul\u0117 praturtinta <strong data-start=\"564\" data-end=\"600\">\u0161vies\u0105 atspindin\u010diais pigmentais<\/strong>, kurie opti\u0161kai lygina odos pavir\u0161i\u0173 ir suteikia i\u0161 karto matom\u0105 spindes\u012f. Kremas greitai \u012fsigeria, nepalieka lipnumo ir nesikaupia porose, tod\u0117l tinka \u012fvairiems odos tipams, net ir problemi\u0161kai odai.<\/p>\n<p data-start=\"803\" data-end=\"832\">Reguliarus naudojimas padeda:<\/p>\n<ul data-start=\"833\" data-end=\"1015\">\n<li data-start=\"833\" data-end=\"862\">\n<p data-start=\"835\" data-end=\"862\">Dr\u0117kinti ir maitinti od\u0105.<\/p>\n<\/li>\n<li data-start=\"863\" data-end=\"911\">\n<p data-start=\"865\" data-end=\"911\">Suma\u017einti nuovargio po\u017eymius ir papilk\u0117jim\u0105.<\/p>\n<\/li>\n<li data-start=\"912\" data-end=\"978\">\n<p data-start=\"914\" data-end=\"978\">I\u0161lyginti odos ton\u0105 ir sukurti gaiv\u0173, sveiko \u0161vyt\u0117jimo efekt\u0105.<\/p>\n<\/li>\n<li data-start=\"979\" data-end=\"1015\">\n<p data-start=\"981\" data-end=\"1015\">Nuraminti paraudim\u0105 ir jautrum\u0105.<\/p>\n<\/li>\n<\/ul>\n<p data-start=\"1017\" data-end=\"1206\">Sud\u0117tyje rasite <strong data-start=\"1033\" data-end=\"1048\">niacinamido<\/strong>, <strong data-start=\"1050\" data-end=\"1062\">squalane<\/strong>, <strong data-start=\"1064\" data-end=\"1086\">hialurono r\u016bg\u0161ties<\/strong>, <strong data-start=\"1088\" data-end=\"1118\">laukin\u0117s kriau\u0161\u0117s aliejaus<\/strong>, <strong data-start=\"1120\" data-end=\"1141\">persik\u0173 ekstrakto<\/strong>, kurie intensyviai puosel\u0117ja od\u0105 ir palaiko jos dr\u0117gm\u0117s balans\u0105.<\/p>\n<p data-start=\"1208\" data-end=\"1225\"><strong data-start=\"1208\" data-end=\"1225\">T\u016bris: 30 ml.<\/strong><\/p>\n","protected":false},"excerpt":{"rendered":"<p data-start=\"1279\" data-end=\"1499\">Daugiafunkcinis \u0161vyt\u0117jim\u0105 suteikiantis veido kremas, tinkantis kaip dr\u0117kiklis arba makia\u017eo pagrindas. Suteikia odai spindesio, lygina ton\u0105, dr\u0117kina ir ma\u017eina nuovargio po\u017eymius. Lengva tekst\u016bra tinka visiems odos tipams.<\/p>\n","protected":false},"featured_media":65585,"template":"","meta":[],"product_brand":[1534],"product_cat":[187,728],"product_tag":[1614],"class_list":{"0":"post-65583","1":"product","2":"type-product","3":"status-publish","4":"has-post-thumbnail","6":"product_brand-paese","7":"product_cat-veido-kremai","8":"product_cat-veidui","9":"product_tag-paese","11":"first","12":"instock","13":"purchasable","14":"product-type-simple"},"yoast_head":"<!-- This site is optimized with the Yoast SEO plugin v27.4 - https:\/\/yoast.com\/product\/yoast-seo-wordpress\/ -->\n<title>PAESE GET THE GLOW LOOK daugiafunkcinis \u0161vyt\u0117jim\u0105 suteikiantis veido kremas, 30ml - MalinaShop.lt J\u016bs\u0173 sveikatai ir gro\u017eiui.<\/title>\n<meta name=\"description\" content=\"PAESE GET THE GLOW LOOK veido kremas \u2013 lengvos tekst\u016bros, \u0161vyt\u0117jim\u0105 suteikiantis ir od\u0105 dr\u0117kinantis kremas kasdienai. Lygina odos ton\u0105.\" \/>\n<meta name=\"robots\" content=\"index, follow, max-snippet:-1, max-image-preview:large, max-video-preview:-1\" \/>\n<link rel=\"canonical\" href=\"https:\/\/www.malinashop.lt\/en\/shop\/paese-get-the-glow-look-daugiafunkcinis-svytejima-suteikiantis-veido-kremas-30ml\/\" \/>\n<meta property=\"og:locale\" content=\"en_GB\" \/>\n<meta property=\"og:type\" content=\"article\" \/>\n<meta property=\"og:title\" content=\"PAESE GET THE GLOW LOOK daugiafunkcinis \u0161vyt\u0117jim\u0105 suteikiantis veido kremas, 30ml - MalinaShop.lt J\u016bs\u0173 sveikatai ir gro\u017eiui.\" \/>\n<meta property=\"og:description\" content=\"PAESE GET THE GLOW LOOK veido kremas \u2013 lengvos tekst\u016bros, \u0161vyt\u0117jim\u0105 suteikiantis ir od\u0105 dr\u0117kinantis kremas kasdienai. Lygina odos ton\u0105.\" \/>\n<meta property=\"og:url\" content=\"https:\/\/www.malinashop.lt\/en\/shop\/paese-get-the-glow-look-daugiafunkcinis-svytejima-suteikiantis-veido-kremas-30ml\/\" \/>\n<meta property=\"og:site_name\" content=\"MalinaShop.lt J\u016bs\u0173 sveikatai ir gro\u017eiui.\" \/>\n<meta property=\"article:modified_time\" content=\"2026-02-10T09:47:51+00:00\" \/>\n<meta property=\"og:image\" content=\"https:\/\/www.malinashop.lt\/wp-content\/uploads\/2025\/11\/5902627626821.jpg\" \/>\n\t<meta property=\"og:image:width\" content=\"600\" \/>\n\t<meta property=\"og:image:height\" content=\"600\" \/>\n\t<meta property=\"og:image:type\" content=\"image\/jpeg\" \/>\n<meta name=\"twitter:card\" content=\"summary_large_image\" \/>\n<script type=\"application\/ld+json\" class=\"yoast-schema-graph\">{\"@context\":\"https:\\\/\\\/schema.org\",\"@graph\":[{\"@type\":\"WebPage\",\"@id\":\"https:\\\/\\\/www.malinashop.lt\\\/shop\\\/paese-get-the-glow-look-daugiafunkcinis-svytejima-suteikiantis-veido-kremas-30ml\\\/\",\"url\":\"https:\\\/\\\/www.malinashop.lt\\\/shop\\\/paese-get-the-glow-look-daugiafunkcinis-svytejima-suteikiantis-veido-kremas-30ml\\\/\",\"name\":\"PAESE GET THE GLOW LOOK daugiafunkcinis \u0161vyt\u0117jim\u0105 suteikiantis veido kremas, 30ml - MalinaShop.lt J\u016bs\u0173 sveikatai ir gro\u017eiui.\",\"isPartOf\":{\"@id\":\"https:\\\/\\\/www.malinashop.lt\\\/#website\"},\"primaryImageOfPage\":{\"@id\":\"https:\\\/\\\/www.malinashop.lt\\\/shop\\\/paese-get-the-glow-look-daugiafunkcinis-svytejima-suteikiantis-veido-kremas-30ml\\\/#primaryimage\"},\"image\":{\"@id\":\"https:\\\/\\\/www.malinashop.lt\\\/shop\\\/paese-get-the-glow-look-daugiafunkcinis-svytejima-suteikiantis-veido-kremas-30ml\\\/#primaryimage\"},\"thumbnailUrl\":\"https:\\\/\\\/www.malinashop.lt\\\/wp-content\\\/uploads\\\/2025\\\/11\\\/5902627626821.jpg\",\"datePublished\":\"2025-11-24T15:51:36+00:00\",\"dateModified\":\"2026-02-10T09:47:51+00:00\",\"description\":\"PAESE GET THE GLOW LOOK veido kremas \u2013 lengvos tekst\u016bros, \u0161vyt\u0117jim\u0105 suteikiantis ir od\u0105 dr\u0117kinantis kremas kasdienai. Lygina odos ton\u0105.\",\"breadcrumb\":{\"@id\":\"https:\\\/\\\/www.malinashop.lt\\\/shop\\\/paese-get-the-glow-look-daugiafunkcinis-svytejima-suteikiantis-veido-kremas-30ml\\\/#breadcrumb\"},\"inLanguage\":\"en-GB\",\"potentialAction\":[{\"@type\":\"ReadAction\",\"target\":[\"https:\\\/\\\/www.malinashop.lt\\\/shop\\\/paese-get-the-glow-look-daugiafunkcinis-svytejima-suteikiantis-veido-kremas-30ml\\\/\"]}]},{\"@type\":\"ImageObject\",\"inLanguage\":\"en-GB\",\"@id\":\"https:\\\/\\\/www.malinashop.lt\\\/shop\\\/paese-get-the-glow-look-daugiafunkcinis-svytejima-suteikiantis-veido-kremas-30ml\\\/#primaryimage\",\"url\":\"https:\\\/\\\/www.malinashop.lt\\\/wp-content\\\/uploads\\\/2025\\\/11\\\/5902627626821.jpg\",\"contentUrl\":\"https:\\\/\\\/www.malinashop.lt\\\/wp-content\\\/uploads\\\/2025\\\/11\\\/5902627626821.jpg\",\"width\":600,\"height\":600},{\"@type\":\"BreadcrumbList\",\"@id\":\"https:\\\/\\\/www.malinashop.lt\\\/shop\\\/paese-get-the-glow-look-daugiafunkcinis-svytejima-suteikiantis-veido-kremas-30ml\\\/#breadcrumb\",\"itemListElement\":[{\"@type\":\"ListItem\",\"position\":1,\"name\":\"Pagrindinis\",\"item\":\"https:\\\/\\\/www.malinashop.lt\\\/\"},{\"@type\":\"ListItem\",\"position\":2,\"name\":\"Parduotuv\u0117\",\"item\":\"https:\\\/\\\/www.malinashop.lt\\\/en\\\/parduotuve\\\/\"},{\"@type\":\"ListItem\",\"position\":3,\"name\":\"PAESE GET THE GLOW LOOK daugiafunkcinis \u0161vyt\u0117jim\u0105 suteikiantis veido kremas, 30ml\"}]},{\"@type\":\"WebSite\",\"@id\":\"https:\\\/\\\/www.malinashop.lt\\\/#website\",\"url\":\"https:\\\/\\\/www.malinashop.lt\\\/\",\"name\":\"COM Group Ecommerce\",\"description\":\"MalinaShop.lt - Gro\u017eio ir sveikatos produktai i\u0161 patikim\u0173 preki\u0173 \u017eenkl\u0173. Atraskite auk\u0161tos kokyb\u0117s kosmetik\u0105 u\u017e puiki\u0105 kain\u0105.\",\"publisher\":{\"@id\":\"https:\\\/\\\/www.malinashop.lt\\\/#organization\"},\"potentialAction\":[{\"@type\":\"SearchAction\",\"target\":{\"@type\":\"EntryPoint\",\"urlTemplate\":\"https:\\\/\\\/www.malinashop.lt\\\/?s={search_term_string}\"},\"query-input\":{\"@type\":\"PropertyValueSpecification\",\"valueRequired\":true,\"valueName\":\"search_term_string\"}}],\"inLanguage\":\"en-GB\"},{\"@type\":\"Organization\",\"@id\":\"https:\\\/\\\/www.malinashop.lt\\\/#organization\",\"name\":\"COM Group Ecommerce\",\"url\":\"https:\\\/\\\/www.malinashop.lt\\\/\",\"logo\":{\"@type\":\"ImageObject\",\"inLanguage\":\"en-GB\",\"@id\":\"https:\\\/\\\/www.malinashop.lt\\\/#\\\/schema\\\/logo\\\/image\\\/\",\"url\":\"https:\\\/\\\/www.malinashop.lt\\\/wp-content\\\/uploads\\\/2024\\\/08\\\/462559670_3787732518133670_9795632669273463_n-e1731525914575.png\",\"contentUrl\":\"https:\\\/\\\/www.malinashop.lt\\\/wp-content\\\/uploads\\\/2024\\\/08\\\/462559670_3787732518133670_9795632669273463_n-e1731525914575.png\",\"width\":180,\"height\":60,\"caption\":\"COM Group Ecommerce\"},\"image\":{\"@id\":\"https:\\\/\\\/www.malinashop.lt\\\/#\\\/schema\\\/logo\\\/image\\\/\"}}]}<\/script>\n<!-- \/ Yoast SEO plugin. -->","yoast_head_json":{"title":"PAESE GET THE GLOW LOOK daugiafunkcinis \u0161vyt\u0117jim\u0105 suteikiantis veido kremas, 30ml - MalinaShop.lt J\u016bs\u0173 sveikatai ir gro\u017eiui.","description":"PAESE GET THE GLOW LOOK veido kremas \u2013 lengvos tekst\u016bros, \u0161vyt\u0117jim\u0105 suteikiantis ir od\u0105 dr\u0117kinantis kremas kasdienai. Lygina odos ton\u0105.","robots":{"index":"index","follow":"follow","max-snippet":"max-snippet:-1","max-image-preview":"max-image-preview:large","max-video-preview":"max-video-preview:-1"},"canonical":"https:\/\/www.malinashop.lt\/en\/shop\/paese-get-the-glow-look-daugiafunkcinis-svytejima-suteikiantis-veido-kremas-30ml\/","og_locale":"en_GB","og_type":"article","og_title":"PAESE GET THE GLOW LOOK daugiafunkcinis \u0161vyt\u0117jim\u0105 suteikiantis veido kremas, 30ml - MalinaShop.lt J\u016bs\u0173 sveikatai ir gro\u017eiui.","og_description":"PAESE GET THE GLOW LOOK veido kremas \u2013 lengvos tekst\u016bros, \u0161vyt\u0117jim\u0105 suteikiantis ir od\u0105 dr\u0117kinantis kremas kasdienai. Lygina odos ton\u0105.","og_url":"https:\/\/www.malinashop.lt\/en\/shop\/paese-get-the-glow-look-daugiafunkcinis-svytejima-suteikiantis-veido-kremas-30ml\/","og_site_name":"MalinaShop.lt J\u016bs\u0173 sveikatai ir gro\u017eiui.","article_modified_time":"2026-02-10T09:47:51+00:00","og_image":[{"width":600,"height":600,"url":"https:\/\/www.malinashop.lt\/wp-content\/uploads\/2025\/11\/5902627626821.jpg","type":"image\/jpeg"}],"twitter_card":"summary_large_image","schema":{"@context":"https:\/\/schema.org","@graph":[{"@type":"WebPage","@id":"https:\/\/www.malinashop.lt\/shop\/paese-get-the-glow-look-daugiafunkcinis-svytejima-suteikiantis-veido-kremas-30ml\/","url":"https:\/\/www.malinashop.lt\/shop\/paese-get-the-glow-look-daugiafunkcinis-svytejima-suteikiantis-veido-kremas-30ml\/","name":"PAESE GET THE GLOW LOOK daugiafunkcinis \u0161vyt\u0117jim\u0105 suteikiantis veido kremas, 30ml - MalinaShop.lt J\u016bs\u0173 sveikatai ir gro\u017eiui.","isPartOf":{"@id":"https:\/\/www.malinashop.lt\/#website"},"primaryImageOfPage":{"@id":"https:\/\/www.malinashop.lt\/shop\/paese-get-the-glow-look-daugiafunkcinis-svytejima-suteikiantis-veido-kremas-30ml\/#primaryimage"},"image":{"@id":"https:\/\/www.malinashop.lt\/shop\/paese-get-the-glow-look-daugiafunkcinis-svytejima-suteikiantis-veido-kremas-30ml\/#primaryimage"},"thumbnailUrl":"https:\/\/www.malinashop.lt\/wp-content\/uploads\/2025\/11\/5902627626821.jpg","datePublished":"2025-11-24T15:51:36+00:00","dateModified":"2026-02-10T09:47:51+00:00","description":"PAESE GET THE GLOW LOOK veido kremas \u2013 lengvos tekst\u016bros, \u0161vyt\u0117jim\u0105 suteikiantis ir od\u0105 dr\u0117kinantis kremas kasdienai. Lygina odos ton\u0105.","breadcrumb":{"@id":"https:\/\/www.malinashop.lt\/shop\/paese-get-the-glow-look-daugiafunkcinis-svytejima-suteikiantis-veido-kremas-30ml\/#breadcrumb"},"inLanguage":"en-GB","potentialAction":[{"@type":"ReadAction","target":["https:\/\/www.malinashop.lt\/shop\/paese-get-the-glow-look-daugiafunkcinis-svytejima-suteikiantis-veido-kremas-30ml\/"]}]},{"@type":"ImageObject","inLanguage":"en-GB","@id":"https:\/\/www.malinashop.lt\/shop\/paese-get-the-glow-look-daugiafunkcinis-svytejima-suteikiantis-veido-kremas-30ml\/#primaryimage","url":"https:\/\/www.malinashop.lt\/wp-content\/uploads\/2025\/11\/5902627626821.jpg","contentUrl":"https:\/\/www.malinashop.lt\/wp-content\/uploads\/2025\/11\/5902627626821.jpg","width":600,"height":600},{"@type":"BreadcrumbList","@id":"https:\/\/www.malinashop.lt\/shop\/paese-get-the-glow-look-daugiafunkcinis-svytejima-suteikiantis-veido-kremas-30ml\/#breadcrumb","itemListElement":[{"@type":"ListItem","position":1,"name":"Pagrindinis","item":"https:\/\/www.malinashop.lt\/"},{"@type":"ListItem","position":2,"name":"Parduotuv\u0117","item":"https:\/\/www.malinashop.lt\/en\/parduotuve\/"},{"@type":"ListItem","position":3,"name":"PAESE GET THE GLOW LOOK daugiafunkcinis \u0161vyt\u0117jim\u0105 suteikiantis veido kremas, 30ml"}]},{"@type":"WebSite","@id":"https:\/\/www.malinashop.lt\/#website","url":"https:\/\/www.malinashop.lt\/","name":"COM Group Ecommerce","description":"MalinaShop.lt - Gro\u017eio ir sveikatos produktai i\u0161 patikim\u0173 preki\u0173 \u017eenkl\u0173. Atraskite auk\u0161tos kokyb\u0117s kosmetik\u0105 u\u017e puiki\u0105 kain\u0105.","publisher":{"@id":"https:\/\/www.malinashop.lt\/#organization"},"potentialAction":[{"@type":"SearchAction","target":{"@type":"EntryPoint","urlTemplate":"https:\/\/www.malinashop.lt\/?s={search_term_string}"},"query-input":{"@type":"PropertyValueSpecification","valueRequired":true,"valueName":"search_term_string"}}],"inLanguage":"en-GB"},{"@type":"Organization","@id":"https:\/\/www.malinashop.lt\/#organization","name":"COM Group Ecommerce","url":"https:\/\/www.malinashop.lt\/","logo":{"@type":"ImageObject","inLanguage":"en-GB","@id":"https:\/\/www.malinashop.lt\/#\/schema\/logo\/image\/","url":"https:\/\/www.malinashop.lt\/wp-content\/uploads\/2024\/08\/462559670_3787732518133670_9795632669273463_n-e1731525914575.png","contentUrl":"https:\/\/www.malinashop.lt\/wp-content\/uploads\/2024\/08\/462559670_3787732518133670_9795632669273463_n-e1731525914575.png","width":180,"height":60,"caption":"COM Group Ecommerce"},"image":{"@id":"https:\/\/www.malinashop.lt\/#\/schema\/logo\/image\/"}}]}},"jetpack_sharing_enabled":true,"_links":{"self":[{"href":"https:\/\/www.malinashop.lt\/en\/wp-json\/wp\/v2\/product\/65583","targetHints":{"allow":["GET"]}}],"collection":[{"href":"https:\/\/www.malinashop.lt\/en\/wp-json\/wp\/v2\/product"}],"about":[{"href":"https:\/\/www.malinashop.lt\/en\/wp-json\/wp\/v2\/types\/product"}],"version-history":[{"count":2,"href":"https:\/\/www.malinashop.lt\/en\/wp-json\/wp\/v2\/product\/65583\/revisions"}],"predecessor-version":[{"id":72261,"href":"https:\/\/www.malinashop.lt\/en\/wp-json\/wp\/v2\/product\/65583\/revisions\/72261"}],"wp:featuredmedia":[{"embeddable":true,"href":"https:\/\/www.malinashop.lt\/en\/wp-json\/wp\/v2\/media\/65585"}],"wp:attachment":[{"href":"https:\/\/www.malinashop.lt\/en\/wp-json\/wp\/v2\/media?parent=65583"}],"wp:term":[{"taxonomy":"product_brand","embeddable":true,"href":"https:\/\/www.malinashop.lt\/en\/wp-json\/wp\/v2\/product_brand?post=65583"},{"taxonomy":"product_cat","embeddable":true,"href":"https:\/\/www.malinashop.lt\/en\/wp-json\/wp\/v2\/product_cat?post=65583"},{"taxonomy":"product_tag","embeddable":true,"href":"https:\/\/www.malinashop.lt\/en\/wp-json\/wp\/v2\/product_tag?post=65583"}],"curies":[{"name":"wp","href":"https:\/\/api.w.org\/{rel}","templated":true}]}}