{"id":65579,"date":"2025-11-24T18:51:36","date_gmt":"2025-11-24T15:51:36","guid":{"rendered":"https:\/\/malinashop.lt\/?post_type=product&#038;p=65579"},"modified":"2026-02-10T12:47:50","modified_gmt":"2026-02-10T09:47:50","slug":"paese-get-the-glow-look-4w-medium-beige-daugiafunkcinis-svytejima-suteikiantis-makiazo-pagrindas-30ml","status":"publish","type":"product","link":"https:\/\/www.malinashop.lt\/en\/shop\/paese-get-the-glow-look-4w-medium-beige-daugiafunkcinis-svytejima-suteikiantis-makiazo-pagrindas-30ml\/","title":{"rendered":"PAESE GET THE GLOW LOOK (4W MEDIUM BEIGE) daugiafunkcinis \u0161vyt\u0117jim\u0105 suteikiantis makia\u017eo pagrindas, 30ml"},"content":{"rendered":"<p data-start=\"126\" data-end=\"355\"><strong data-start=\"126\" data-end=\"153\">PAESE GET THE GLOW LOOK<\/strong> \u2013 tai daugiafunkcinis, lengvos tekst\u016bros makia\u017eo pagrindas, suteikiantis odai nat\u016bral\u0173 \u0161vyt\u0117jim\u0105 ir gaiv\u0173 \u012fvaizd\u012f. Atspalvis <strong data-start=\"279\" data-end=\"298\">4W Medium Beige<\/strong> idealiai tinka vidutinio tono odai su \u0161iltais potoniais.<\/p>\n<p data-start=\"357\" data-end=\"616\">Makia\u017eo pagrindas suteikia <strong data-start=\"384\" data-end=\"420\">lengv\u0105, sluoksniuojam\u0105 padengim\u0105<\/strong>, kur\u012f galima pritaikyti pagal poreik\u012f \u2013 nuo subtilaus odos tono i\u0161lyginimo iki ry\u0161kesnio, labiau pastebimo efekto. Produktas lengvai susilieja su oda, neapsunkina jos ir nesukuria kauk\u0117s poj\u016b\u010dio.<\/p>\n<p data-start=\"618\" data-end=\"815\">Aksomin\u0117 formul\u0117 padeda <strong data-start=\"642\" data-end=\"685\">optiniu b\u016bdu pasl\u0117pti smulkius tr\u016bkumus<\/strong>, i\u0161lygina odos pavir\u0161i\u0173 ir pabr\u0117\u017eia nat\u016bral\u0173, sveik\u0105 spindes\u012f. Puikiai tinka kasdieniam naudojimui bei nat\u016braliam makia\u017eui kurti.<\/p>\n<p data-start=\"817\" data-end=\"829\"><strong data-start=\"817\" data-end=\"829\">Savyb\u0117s:<\/strong><\/p>\n<ul data-start=\"830\" data-end=\"1035\">\n<li data-start=\"830\" data-end=\"861\">\n<p data-start=\"832\" data-end=\"861\">Suteikia nat\u016bral\u0173 \u0161vyt\u0117jim\u0105<\/p>\n<\/li>\n<li data-start=\"862\" data-end=\"901\">\n<p data-start=\"864\" data-end=\"901\">Lengvas, neapsunkinantis padengimas<\/p>\n<\/li>\n<li data-start=\"902\" data-end=\"947\">\n<p data-start=\"904\" data-end=\"947\">Galimyb\u0117 sluoksniuoti pagal norim\u0105 efekt\u0105<\/p>\n<\/li>\n<li data-start=\"948\" data-end=\"976\">\n<p data-start=\"950\" data-end=\"976\">Lengvai susilieja su oda<\/p>\n<\/li>\n<li data-start=\"977\" data-end=\"1003\">\n<p data-start=\"979\" data-end=\"1003\">I\u0161lygina odos tekst\u016br\u0105<\/p>\n<\/li>\n<li data-start=\"1004\" data-end=\"1035\">\n<p data-start=\"1006\" data-end=\"1035\">Tinka kasdieniam naudojimui<\/p>\n<\/li>\n<\/ul>\n<p data-start=\"1037\" data-end=\"1053\"><strong data-start=\"1037\" data-end=\"1047\">T\u016bris:<\/strong> 30 ml<\/p>\n","protected":false},"excerpt":{"rendered":"<p data-start=\"1091\" data-end=\"1234\">Lengvas, \u0161vyt\u0117jim\u0105 suteikiantis makia\u017eo pagrindas su sluoksniuojamu padengimu. I\u0161lygina odos ton\u0105, suteikia nat\u016bral\u0173 spindes\u012f ir gaiv\u0173 \u012fvaizd\u012f.<\/p>\n","protected":false},"featured_media":65581,"template":"","meta":[],"product_brand":[1534],"product_cat":[102,530],"product_tag":[1614],"class_list":{"0":"post-65579","1":"product","2":"type-product","3":"status-publish","4":"has-post-thumbnail","6":"product_brand-paese","7":"product_cat-dekoratyvine-kosmetika","8":"product_cat-makiazo-pagrindas","9":"product_tag-paese","11":"first","12":"instock","13":"purchasable","14":"product-type-simple"},"yoast_head":"<!-- This site is optimized with the Yoast SEO plugin v27.4 - https:\/\/yoast.com\/product\/yoast-seo-wordpress\/ -->\n<title>PAESE GET THE GLOW LOOK (4W MEDIUM BEIGE) daugiafunkcinis \u0161vyt\u0117jim\u0105 suteikiantis makia\u017eo pagrindas, 30ml - MalinaShop.lt J\u016bs\u0173 sveikatai ir gro\u017eiui.<\/title>\n<meta name=\"description\" content=\"PAESE GET THE GLOW LOOK 4W Medium Beige \u2013 lengvas, \u0161vyt\u0117jim\u0105 suteikiantis makia\u017eo pagrindas su nat\u016braliu, sluoksniuojamu padengimu. 30 ml.\" \/>\n<meta name=\"robots\" content=\"index, follow, max-snippet:-1, max-image-preview:large, max-video-preview:-1\" \/>\n<link rel=\"canonical\" href=\"https:\/\/www.malinashop.lt\/en\/shop\/paese-get-the-glow-look-4w-medium-beige-daugiafunkcinis-svytejima-suteikiantis-makiazo-pagrindas-30ml\/\" \/>\n<meta property=\"og:locale\" content=\"en_GB\" \/>\n<meta property=\"og:type\" content=\"article\" \/>\n<meta property=\"og:title\" content=\"PAESE GET THE GLOW LOOK (4W MEDIUM BEIGE) daugiafunkcinis \u0161vyt\u0117jim\u0105 suteikiantis makia\u017eo pagrindas, 30ml - MalinaShop.lt J\u016bs\u0173 sveikatai ir gro\u017eiui.\" \/>\n<meta property=\"og:description\" content=\"PAESE GET THE GLOW LOOK 4W Medium Beige \u2013 lengvas, \u0161vyt\u0117jim\u0105 suteikiantis makia\u017eo pagrindas su nat\u016braliu, sluoksniuojamu padengimu. 30 ml.\" \/>\n<meta property=\"og:url\" content=\"https:\/\/www.malinashop.lt\/en\/shop\/paese-get-the-glow-look-4w-medium-beige-daugiafunkcinis-svytejima-suteikiantis-makiazo-pagrindas-30ml\/\" \/>\n<meta property=\"og:site_name\" content=\"MalinaShop.lt J\u016bs\u0173 sveikatai ir gro\u017eiui.\" \/>\n<meta property=\"article:modified_time\" content=\"2026-02-10T09:47:50+00:00\" \/>\n<meta property=\"og:image\" content=\"https:\/\/www.malinashop.lt\/wp-content\/uploads\/2025\/11\/5902627626906.jpg\" \/>\n\t<meta property=\"og:image:width\" content=\"600\" \/>\n\t<meta property=\"og:image:height\" content=\"600\" \/>\n\t<meta property=\"og:image:type\" content=\"image\/jpeg\" \/>\n<meta name=\"twitter:card\" content=\"summary_large_image\" \/>\n<script type=\"application\/ld+json\" class=\"yoast-schema-graph\">{\"@context\":\"https:\\\/\\\/schema.org\",\"@graph\":[{\"@type\":\"WebPage\",\"@id\":\"https:\\\/\\\/www.malinashop.lt\\\/shop\\\/paese-get-the-glow-look-4w-medium-beige-daugiafunkcinis-svytejima-suteikiantis-makiazo-pagrindas-30ml\\\/\",\"url\":\"https:\\\/\\\/www.malinashop.lt\\\/shop\\\/paese-get-the-glow-look-4w-medium-beige-daugiafunkcinis-svytejima-suteikiantis-makiazo-pagrindas-30ml\\\/\",\"name\":\"PAESE GET THE GLOW LOOK (4W MEDIUM BEIGE) daugiafunkcinis \u0161vyt\u0117jim\u0105 suteikiantis makia\u017eo pagrindas, 30ml - MalinaShop.lt J\u016bs\u0173 sveikatai ir gro\u017eiui.\",\"isPartOf\":{\"@id\":\"https:\\\/\\\/www.malinashop.lt\\\/#website\"},\"primaryImageOfPage\":{\"@id\":\"https:\\\/\\\/www.malinashop.lt\\\/shop\\\/paese-get-the-glow-look-4w-medium-beige-daugiafunkcinis-svytejima-suteikiantis-makiazo-pagrindas-30ml\\\/#primaryimage\"},\"image\":{\"@id\":\"https:\\\/\\\/www.malinashop.lt\\\/shop\\\/paese-get-the-glow-look-4w-medium-beige-daugiafunkcinis-svytejima-suteikiantis-makiazo-pagrindas-30ml\\\/#primaryimage\"},\"thumbnailUrl\":\"https:\\\/\\\/www.malinashop.lt\\\/wp-content\\\/uploads\\\/2025\\\/11\\\/5902627626906.jpg\",\"datePublished\":\"2025-11-24T15:51:36+00:00\",\"dateModified\":\"2026-02-10T09:47:50+00:00\",\"description\":\"PAESE GET THE GLOW LOOK 4W Medium Beige \u2013 lengvas, \u0161vyt\u0117jim\u0105 suteikiantis makia\u017eo pagrindas su nat\u016braliu, sluoksniuojamu padengimu. 30 ml.\",\"breadcrumb\":{\"@id\":\"https:\\\/\\\/www.malinashop.lt\\\/shop\\\/paese-get-the-glow-look-4w-medium-beige-daugiafunkcinis-svytejima-suteikiantis-makiazo-pagrindas-30ml\\\/#breadcrumb\"},\"inLanguage\":\"en-GB\",\"potentialAction\":[{\"@type\":\"ReadAction\",\"target\":[\"https:\\\/\\\/www.malinashop.lt\\\/shop\\\/paese-get-the-glow-look-4w-medium-beige-daugiafunkcinis-svytejima-suteikiantis-makiazo-pagrindas-30ml\\\/\"]}]},{\"@type\":\"ImageObject\",\"inLanguage\":\"en-GB\",\"@id\":\"https:\\\/\\\/www.malinashop.lt\\\/shop\\\/paese-get-the-glow-look-4w-medium-beige-daugiafunkcinis-svytejima-suteikiantis-makiazo-pagrindas-30ml\\\/#primaryimage\",\"url\":\"https:\\\/\\\/www.malinashop.lt\\\/wp-content\\\/uploads\\\/2025\\\/11\\\/5902627626906.jpg\",\"contentUrl\":\"https:\\\/\\\/www.malinashop.lt\\\/wp-content\\\/uploads\\\/2025\\\/11\\\/5902627626906.jpg\",\"width\":600,\"height\":600},{\"@type\":\"BreadcrumbList\",\"@id\":\"https:\\\/\\\/www.malinashop.lt\\\/shop\\\/paese-get-the-glow-look-4w-medium-beige-daugiafunkcinis-svytejima-suteikiantis-makiazo-pagrindas-30ml\\\/#breadcrumb\",\"itemListElement\":[{\"@type\":\"ListItem\",\"position\":1,\"name\":\"Pagrindinis\",\"item\":\"https:\\\/\\\/www.malinashop.lt\\\/\"},{\"@type\":\"ListItem\",\"position\":2,\"name\":\"Parduotuv\u0117\",\"item\":\"https:\\\/\\\/www.malinashop.lt\\\/en\\\/parduotuve\\\/\"},{\"@type\":\"ListItem\",\"position\":3,\"name\":\"PAESE GET THE GLOW LOOK (4W MEDIUM BEIGE) daugiafunkcinis \u0161vyt\u0117jim\u0105 suteikiantis makia\u017eo pagrindas, 30ml\"}]},{\"@type\":\"WebSite\",\"@id\":\"https:\\\/\\\/www.malinashop.lt\\\/#website\",\"url\":\"https:\\\/\\\/www.malinashop.lt\\\/\",\"name\":\"COM Group Ecommerce\",\"description\":\"MalinaShop.lt - Gro\u017eio ir sveikatos produktai i\u0161 patikim\u0173 preki\u0173 \u017eenkl\u0173. Atraskite auk\u0161tos kokyb\u0117s kosmetik\u0105 u\u017e puiki\u0105 kain\u0105.\",\"publisher\":{\"@id\":\"https:\\\/\\\/www.malinashop.lt\\\/#organization\"},\"potentialAction\":[{\"@type\":\"SearchAction\",\"target\":{\"@type\":\"EntryPoint\",\"urlTemplate\":\"https:\\\/\\\/www.malinashop.lt\\\/?s={search_term_string}\"},\"query-input\":{\"@type\":\"PropertyValueSpecification\",\"valueRequired\":true,\"valueName\":\"search_term_string\"}}],\"inLanguage\":\"en-GB\"},{\"@type\":\"Organization\",\"@id\":\"https:\\\/\\\/www.malinashop.lt\\\/#organization\",\"name\":\"COM Group Ecommerce\",\"url\":\"https:\\\/\\\/www.malinashop.lt\\\/\",\"logo\":{\"@type\":\"ImageObject\",\"inLanguage\":\"en-GB\",\"@id\":\"https:\\\/\\\/www.malinashop.lt\\\/#\\\/schema\\\/logo\\\/image\\\/\",\"url\":\"https:\\\/\\\/www.malinashop.lt\\\/wp-content\\\/uploads\\\/2024\\\/08\\\/462559670_3787732518133670_9795632669273463_n-e1731525914575.png\",\"contentUrl\":\"https:\\\/\\\/www.malinashop.lt\\\/wp-content\\\/uploads\\\/2024\\\/08\\\/462559670_3787732518133670_9795632669273463_n-e1731525914575.png\",\"width\":180,\"height\":60,\"caption\":\"COM Group Ecommerce\"},\"image\":{\"@id\":\"https:\\\/\\\/www.malinashop.lt\\\/#\\\/schema\\\/logo\\\/image\\\/\"}}]}<\/script>\n<!-- \/ Yoast SEO plugin. -->","yoast_head_json":{"title":"PAESE GET THE GLOW LOOK (4W MEDIUM BEIGE) daugiafunkcinis \u0161vyt\u0117jim\u0105 suteikiantis makia\u017eo pagrindas, 30ml - MalinaShop.lt J\u016bs\u0173 sveikatai ir gro\u017eiui.","description":"PAESE GET THE GLOW LOOK 4W Medium Beige \u2013 lengvas, \u0161vyt\u0117jim\u0105 suteikiantis makia\u017eo pagrindas su nat\u016braliu, sluoksniuojamu padengimu. 30 ml.","robots":{"index":"index","follow":"follow","max-snippet":"max-snippet:-1","max-image-preview":"max-image-preview:large","max-video-preview":"max-video-preview:-1"},"canonical":"https:\/\/www.malinashop.lt\/en\/shop\/paese-get-the-glow-look-4w-medium-beige-daugiafunkcinis-svytejima-suteikiantis-makiazo-pagrindas-30ml\/","og_locale":"en_GB","og_type":"article","og_title":"PAESE GET THE GLOW LOOK (4W MEDIUM BEIGE) daugiafunkcinis \u0161vyt\u0117jim\u0105 suteikiantis makia\u017eo pagrindas, 30ml - MalinaShop.lt J\u016bs\u0173 sveikatai ir gro\u017eiui.","og_description":"PAESE GET THE GLOW LOOK 4W Medium Beige \u2013 lengvas, \u0161vyt\u0117jim\u0105 suteikiantis makia\u017eo pagrindas su nat\u016braliu, sluoksniuojamu padengimu. 30 ml.","og_url":"https:\/\/www.malinashop.lt\/en\/shop\/paese-get-the-glow-look-4w-medium-beige-daugiafunkcinis-svytejima-suteikiantis-makiazo-pagrindas-30ml\/","og_site_name":"MalinaShop.lt J\u016bs\u0173 sveikatai ir gro\u017eiui.","article_modified_time":"2026-02-10T09:47:50+00:00","og_image":[{"width":600,"height":600,"url":"https:\/\/www.malinashop.lt\/wp-content\/uploads\/2025\/11\/5902627626906.jpg","type":"image\/jpeg"}],"twitter_card":"summary_large_image","schema":{"@context":"https:\/\/schema.org","@graph":[{"@type":"WebPage","@id":"https:\/\/www.malinashop.lt\/shop\/paese-get-the-glow-look-4w-medium-beige-daugiafunkcinis-svytejima-suteikiantis-makiazo-pagrindas-30ml\/","url":"https:\/\/www.malinashop.lt\/shop\/paese-get-the-glow-look-4w-medium-beige-daugiafunkcinis-svytejima-suteikiantis-makiazo-pagrindas-30ml\/","name":"PAESE GET THE GLOW LOOK (4W MEDIUM BEIGE) daugiafunkcinis \u0161vyt\u0117jim\u0105 suteikiantis makia\u017eo pagrindas, 30ml - MalinaShop.lt J\u016bs\u0173 sveikatai ir gro\u017eiui.","isPartOf":{"@id":"https:\/\/www.malinashop.lt\/#website"},"primaryImageOfPage":{"@id":"https:\/\/www.malinashop.lt\/shop\/paese-get-the-glow-look-4w-medium-beige-daugiafunkcinis-svytejima-suteikiantis-makiazo-pagrindas-30ml\/#primaryimage"},"image":{"@id":"https:\/\/www.malinashop.lt\/shop\/paese-get-the-glow-look-4w-medium-beige-daugiafunkcinis-svytejima-suteikiantis-makiazo-pagrindas-30ml\/#primaryimage"},"thumbnailUrl":"https:\/\/www.malinashop.lt\/wp-content\/uploads\/2025\/11\/5902627626906.jpg","datePublished":"2025-11-24T15:51:36+00:00","dateModified":"2026-02-10T09:47:50+00:00","description":"PAESE GET THE GLOW LOOK 4W Medium Beige \u2013 lengvas, \u0161vyt\u0117jim\u0105 suteikiantis makia\u017eo pagrindas su nat\u016braliu, sluoksniuojamu padengimu. 30 ml.","breadcrumb":{"@id":"https:\/\/www.malinashop.lt\/shop\/paese-get-the-glow-look-4w-medium-beige-daugiafunkcinis-svytejima-suteikiantis-makiazo-pagrindas-30ml\/#breadcrumb"},"inLanguage":"en-GB","potentialAction":[{"@type":"ReadAction","target":["https:\/\/www.malinashop.lt\/shop\/paese-get-the-glow-look-4w-medium-beige-daugiafunkcinis-svytejima-suteikiantis-makiazo-pagrindas-30ml\/"]}]},{"@type":"ImageObject","inLanguage":"en-GB","@id":"https:\/\/www.malinashop.lt\/shop\/paese-get-the-glow-look-4w-medium-beige-daugiafunkcinis-svytejima-suteikiantis-makiazo-pagrindas-30ml\/#primaryimage","url":"https:\/\/www.malinashop.lt\/wp-content\/uploads\/2025\/11\/5902627626906.jpg","contentUrl":"https:\/\/www.malinashop.lt\/wp-content\/uploads\/2025\/11\/5902627626906.jpg","width":600,"height":600},{"@type":"BreadcrumbList","@id":"https:\/\/www.malinashop.lt\/shop\/paese-get-the-glow-look-4w-medium-beige-daugiafunkcinis-svytejima-suteikiantis-makiazo-pagrindas-30ml\/#breadcrumb","itemListElement":[{"@type":"ListItem","position":1,"name":"Pagrindinis","item":"https:\/\/www.malinashop.lt\/"},{"@type":"ListItem","position":2,"name":"Parduotuv\u0117","item":"https:\/\/www.malinashop.lt\/en\/parduotuve\/"},{"@type":"ListItem","position":3,"name":"PAESE GET THE GLOW LOOK (4W MEDIUM BEIGE) daugiafunkcinis \u0161vyt\u0117jim\u0105 suteikiantis makia\u017eo pagrindas, 30ml"}]},{"@type":"WebSite","@id":"https:\/\/www.malinashop.lt\/#website","url":"https:\/\/www.malinashop.lt\/","name":"COM Group Ecommerce","description":"MalinaShop.lt - Gro\u017eio ir sveikatos produktai i\u0161 patikim\u0173 preki\u0173 \u017eenkl\u0173. Atraskite auk\u0161tos kokyb\u0117s kosmetik\u0105 u\u017e puiki\u0105 kain\u0105.","publisher":{"@id":"https:\/\/www.malinashop.lt\/#organization"},"potentialAction":[{"@type":"SearchAction","target":{"@type":"EntryPoint","urlTemplate":"https:\/\/www.malinashop.lt\/?s={search_term_string}"},"query-input":{"@type":"PropertyValueSpecification","valueRequired":true,"valueName":"search_term_string"}}],"inLanguage":"en-GB"},{"@type":"Organization","@id":"https:\/\/www.malinashop.lt\/#organization","name":"COM Group Ecommerce","url":"https:\/\/www.malinashop.lt\/","logo":{"@type":"ImageObject","inLanguage":"en-GB","@id":"https:\/\/www.malinashop.lt\/#\/schema\/logo\/image\/","url":"https:\/\/www.malinashop.lt\/wp-content\/uploads\/2024\/08\/462559670_3787732518133670_9795632669273463_n-e1731525914575.png","contentUrl":"https:\/\/www.malinashop.lt\/wp-content\/uploads\/2024\/08\/462559670_3787732518133670_9795632669273463_n-e1731525914575.png","width":180,"height":60,"caption":"COM Group Ecommerce"},"image":{"@id":"https:\/\/www.malinashop.lt\/#\/schema\/logo\/image\/"}}]}},"jetpack_sharing_enabled":true,"_links":{"self":[{"href":"https:\/\/www.malinashop.lt\/en\/wp-json\/wp\/v2\/product\/65579","targetHints":{"allow":["GET"]}}],"collection":[{"href":"https:\/\/www.malinashop.lt\/en\/wp-json\/wp\/v2\/product"}],"about":[{"href":"https:\/\/www.malinashop.lt\/en\/wp-json\/wp\/v2\/types\/product"}],"version-history":[{"count":2,"href":"https:\/\/www.malinashop.lt\/en\/wp-json\/wp\/v2\/product\/65579\/revisions"}],"predecessor-version":[{"id":72282,"href":"https:\/\/www.malinashop.lt\/en\/wp-json\/wp\/v2\/product\/65579\/revisions\/72282"}],"wp:featuredmedia":[{"embeddable":true,"href":"https:\/\/www.malinashop.lt\/en\/wp-json\/wp\/v2\/media\/65581"}],"wp:attachment":[{"href":"https:\/\/www.malinashop.lt\/en\/wp-json\/wp\/v2\/media?parent=65579"}],"wp:term":[{"taxonomy":"product_brand","embeddable":true,"href":"https:\/\/www.malinashop.lt\/en\/wp-json\/wp\/v2\/product_brand?post=65579"},{"taxonomy":"product_cat","embeddable":true,"href":"https:\/\/www.malinashop.lt\/en\/wp-json\/wp\/v2\/product_cat?post=65579"},{"taxonomy":"product_tag","embeddable":true,"href":"https:\/\/www.malinashop.lt\/en\/wp-json\/wp\/v2\/product_tag?post=65579"}],"curies":[{"name":"wp","href":"https:\/\/api.w.org\/{rel}","templated":true}]}}