{"id":65556,"date":"2025-11-24T18:51:19","date_gmt":"2025-11-24T15:51:19","guid":{"rendered":"https:\/\/malinashop.lt\/?post_type=product&#038;p=65556"},"modified":"2026-02-10T12:47:52","modified_gmt":"2026-02-10T09:47:52","slug":"paese-get-the-glow-look-daugiafunkcine-veido-ir-akiu-makiazo-palete-16g","status":"publish","type":"product","link":"https:\/\/www.malinashop.lt\/en\/shop\/paese-get-the-glow-look-daugiafunkcine-veido-ir-akiu-makiazo-palete-16g\/","title":{"rendered":"PAESE GET THE GLOW LOOK daugiafunkcin\u0117 veido ir aki\u0173 makia\u017eo palet\u0117, 16g"},"content":{"rendered":"<p data-start=\"214\" data-end=\"482\"><strong data-start=\"214\" data-end=\"241\">PAESE GET THE GLOW LOOK<\/strong> \u2013 tai universali daugiafunkcin\u0117 veido ir aki\u0173 makia\u017eo palet\u0117, skirta tiek kasdieniam, tiek vakariniam \u012fvaizd\u017eiui kurti. Vienoje palet\u0117je rasite visk\u0105, ko reikia i\u0161baigtam makia\u017eui: <strong data-start=\"423\" data-end=\"481\">4 aki\u0173 \u0161e\u0161\u0117lius, skaistalus, bronzant\u0105 ir highlighter\u012f<\/strong>.<\/p>\n<p data-start=\"484\" data-end=\"854\">Kruop\u0161\u010diai suderintos spalvos padeda subtiliai pabr\u0117\u017eti veido bruo\u017eus, suteikia odai sveiko \u0161vyt\u0117jimo ir leid\u017eia lengvai kurti \u012fvairius makia\u017eo stilius. <strong data-start=\"637\" data-end=\"651\">Skaistalai<\/strong> suteikia veidui gaivumo, <strong data-start=\"677\" data-end=\"691\">bronzantas<\/strong> padeda i\u0161ry\u0161kinti kont\u016brus, o <strong data-start=\"722\" data-end=\"739\">highlighteris<\/strong> u\u017ebaigia makia\u017e\u0105 subtiliu spindesiu. Universal\u016bs <strong data-start=\"789\" data-end=\"806\">aki\u0173 \u0161e\u0161\u0117liai<\/strong> tinka tiek dieniniam, tiek vakariniam makia\u017eui.<\/p>\n<p data-start=\"856\" data-end=\"1129\">\u0160ilkin\u0117s, lengvos tekst\u016bros formul\u0117 tolygiai pasiskirsto ant odos, <strong data-start=\"923\" data-end=\"952\">nenubyra ir i\u0161lieka ilgai<\/strong>. Palet\u0117 praturtinta <strong data-start=\"973\" data-end=\"1002\">persiko kauliuko aliejumi<\/strong>, kuris suteikia produktams aksomin\u0119 tekst\u016br\u0105 ir nat\u016bral\u0173, sveikai atrodant\u012f fini\u0161\u0105. Spalv\u0173 gama tinka <strong data-start=\"1105\" data-end=\"1128\">visiems odos tonams<\/strong>.<\/p>\n","protected":false},"excerpt":{"rendered":"<p data-start=\"1171\" data-end=\"1373\">Daugiafunkcin\u0117 veido ir aki\u0173 makia\u017eo palet\u0117 su aki\u0173 \u0161e\u0161\u0117liais, skaistalais, bronzantu ir highlighteriu. \u0160ilkin\u0117 tekst\u016bra, nat\u016bralus \u0161vyt\u0117jimas ir universalios spalvos kasdieniam bei vakariniam makia\u017eui.<\/p>\n","protected":false},"featured_media":65558,"template":"","meta":[],"product_brand":[1534],"product_cat":[102,528],"product_tag":[1614],"class_list":{"0":"post-65556","1":"product","2":"type-product","3":"status-publish","4":"has-post-thumbnail","6":"product_brand-paese","7":"product_cat-dekoratyvine-kosmetika","8":"product_cat-modeliavimo-priemones","9":"product_tag-paese","11":"first","12":"instock","13":"purchasable","14":"product-type-simple"},"yoast_head":"<!-- This site is optimized with the Yoast SEO plugin v27.4 - https:\/\/yoast.com\/product\/yoast-seo-wordpress\/ -->\n<title>PAESE GET THE GLOW LOOK daugiafunkcin\u0117 veido ir aki\u0173 makia\u017eo palet\u0117, 16g - MalinaShop.lt J\u016bs\u0173 sveikatai ir gro\u017eiui.<\/title>\n<meta name=\"description\" content=\"PAESE GET THE GLOW LOOK daugiafunkcin\u0117 veido ir aki\u0173 makia\u017eo palet\u0117 su skaistalais, bronzantu, highlighteriu ir aki\u0173 \u0161e\u0161\u0117liais. Nat\u016bralus \u0161vyt\u0117jimas.\" \/>\n<meta name=\"robots\" content=\"index, follow, max-snippet:-1, max-image-preview:large, max-video-preview:-1\" \/>\n<link rel=\"canonical\" href=\"https:\/\/www.malinashop.lt\/en\/shop\/paese-get-the-glow-look-daugiafunkcine-veido-ir-akiu-makiazo-palete-16g\/\" \/>\n<meta property=\"og:locale\" content=\"en_GB\" \/>\n<meta property=\"og:type\" content=\"article\" \/>\n<meta property=\"og:title\" content=\"PAESE GET THE GLOW LOOK daugiafunkcin\u0117 veido ir aki\u0173 makia\u017eo palet\u0117, 16g - MalinaShop.lt J\u016bs\u0173 sveikatai ir gro\u017eiui.\" \/>\n<meta property=\"og:description\" content=\"PAESE GET THE GLOW LOOK daugiafunkcin\u0117 veido ir aki\u0173 makia\u017eo palet\u0117 su skaistalais, bronzantu, highlighteriu ir aki\u0173 \u0161e\u0161\u0117liais. Nat\u016bralus \u0161vyt\u0117jimas.\" \/>\n<meta property=\"og:url\" content=\"https:\/\/www.malinashop.lt\/en\/shop\/paese-get-the-glow-look-daugiafunkcine-veido-ir-akiu-makiazo-palete-16g\/\" \/>\n<meta property=\"og:site_name\" content=\"MalinaShop.lt J\u016bs\u0173 sveikatai ir gro\u017eiui.\" \/>\n<meta property=\"article:modified_time\" content=\"2026-02-10T09:47:52+00:00\" \/>\n<meta property=\"og:image\" content=\"https:\/\/www.malinashop.lt\/wp-content\/uploads\/2025\/11\/5902627626807.jpg\" \/>\n\t<meta property=\"og:image:width\" content=\"1000\" \/>\n\t<meta property=\"og:image:height\" content=\"1000\" \/>\n\t<meta property=\"og:image:type\" content=\"image\/jpeg\" \/>\n<meta name=\"twitter:card\" content=\"summary_large_image\" \/>\n<script type=\"application\/ld+json\" class=\"yoast-schema-graph\">{\"@context\":\"https:\\\/\\\/schema.org\",\"@graph\":[{\"@type\":\"WebPage\",\"@id\":\"https:\\\/\\\/www.malinashop.lt\\\/en\\\/shop\\\/paese-get-the-glow-look-daugiafunkcine-veido-ir-akiu-makiazo-palete-16g\\\/\",\"url\":\"https:\\\/\\\/www.malinashop.lt\\\/en\\\/shop\\\/paese-get-the-glow-look-daugiafunkcine-veido-ir-akiu-makiazo-palete-16g\\\/\",\"name\":\"PAESE GET THE GLOW LOOK daugiafunkcin\u0117 veido ir aki\u0173 makia\u017eo palet\u0117, 16g - MalinaShop.lt J\u016bs\u0173 sveikatai ir gro\u017eiui.\",\"isPartOf\":{\"@id\":\"https:\\\/\\\/www.malinashop.lt\\\/en\\\/#website\"},\"primaryImageOfPage\":{\"@id\":\"https:\\\/\\\/www.malinashop.lt\\\/en\\\/shop\\\/paese-get-the-glow-look-daugiafunkcine-veido-ir-akiu-makiazo-palete-16g\\\/#primaryimage\"},\"image\":{\"@id\":\"https:\\\/\\\/www.malinashop.lt\\\/en\\\/shop\\\/paese-get-the-glow-look-daugiafunkcine-veido-ir-akiu-makiazo-palete-16g\\\/#primaryimage\"},\"thumbnailUrl\":\"https:\\\/\\\/www.malinashop.lt\\\/wp-content\\\/uploads\\\/2025\\\/11\\\/5902627626807.jpg\",\"datePublished\":\"2025-11-24T15:51:19+00:00\",\"dateModified\":\"2026-02-10T09:47:52+00:00\",\"description\":\"PAESE GET THE GLOW LOOK daugiafunkcin\u0117 veido ir aki\u0173 makia\u017eo palet\u0117 su skaistalais, bronzantu, highlighteriu ir aki\u0173 \u0161e\u0161\u0117liais. Nat\u016bralus \u0161vyt\u0117jimas.\",\"breadcrumb\":{\"@id\":\"https:\\\/\\\/www.malinashop.lt\\\/en\\\/shop\\\/paese-get-the-glow-look-daugiafunkcine-veido-ir-akiu-makiazo-palete-16g\\\/#breadcrumb\"},\"inLanguage\":\"en-GB\",\"potentialAction\":[{\"@type\":\"ReadAction\",\"target\":[\"https:\\\/\\\/www.malinashop.lt\\\/en\\\/shop\\\/paese-get-the-glow-look-daugiafunkcine-veido-ir-akiu-makiazo-palete-16g\\\/\"]}]},{\"@type\":\"ImageObject\",\"inLanguage\":\"en-GB\",\"@id\":\"https:\\\/\\\/www.malinashop.lt\\\/en\\\/shop\\\/paese-get-the-glow-look-daugiafunkcine-veido-ir-akiu-makiazo-palete-16g\\\/#primaryimage\",\"url\":\"https:\\\/\\\/www.malinashop.lt\\\/wp-content\\\/uploads\\\/2025\\\/11\\\/5902627626807.jpg\",\"contentUrl\":\"https:\\\/\\\/www.malinashop.lt\\\/wp-content\\\/uploads\\\/2025\\\/11\\\/5902627626807.jpg\",\"width\":1000,\"height\":1000},{\"@type\":\"BreadcrumbList\",\"@id\":\"https:\\\/\\\/www.malinashop.lt\\\/en\\\/shop\\\/paese-get-the-glow-look-daugiafunkcine-veido-ir-akiu-makiazo-palete-16g\\\/#breadcrumb\",\"itemListElement\":[{\"@type\":\"ListItem\",\"position\":1,\"name\":\"Home\",\"item\":\"https:\\\/\\\/www.malinashop.lt\\\/en\\\/\"},{\"@type\":\"ListItem\",\"position\":2,\"name\":\"Parduotuv\u0117\",\"item\":\"https:\\\/\\\/www.malinashop.lt\\\/en\\\/parduotuve\\\/\"},{\"@type\":\"ListItem\",\"position\":3,\"name\":\"PAESE GET THE GLOW LOOK daugiafunkcin\u0117 veido ir aki\u0173 makia\u017eo palet\u0117, 16g\"}]},{\"@type\":\"WebSite\",\"@id\":\"https:\\\/\\\/www.malinashop.lt\\\/en\\\/#website\",\"url\":\"https:\\\/\\\/www.malinashop.lt\\\/en\\\/\",\"name\":\"COM Group Ecommerce\",\"description\":\"MalinaShop.lt - Gro\u017eio ir sveikatos produktai i\u0161 patikim\u0173 preki\u0173 \u017eenkl\u0173. Atraskite auk\u0161tos kokyb\u0117s kosmetik\u0105 u\u017e puiki\u0105 kain\u0105.\",\"publisher\":{\"@id\":\"https:\\\/\\\/www.malinashop.lt\\\/en\\\/#organization\"},\"potentialAction\":[{\"@type\":\"SearchAction\",\"target\":{\"@type\":\"EntryPoint\",\"urlTemplate\":\"https:\\\/\\\/www.malinashop.lt\\\/en\\\/?s={search_term_string}\"},\"query-input\":{\"@type\":\"PropertyValueSpecification\",\"valueRequired\":true,\"valueName\":\"search_term_string\"}}],\"inLanguage\":\"en-GB\"},{\"@type\":\"Organization\",\"@id\":\"https:\\\/\\\/www.malinashop.lt\\\/en\\\/#organization\",\"name\":\"COM Group Ecommerce\",\"url\":\"https:\\\/\\\/www.malinashop.lt\\\/en\\\/\",\"logo\":{\"@type\":\"ImageObject\",\"inLanguage\":\"en-GB\",\"@id\":\"https:\\\/\\\/www.malinashop.lt\\\/en\\\/#\\\/schema\\\/logo\\\/image\\\/\",\"url\":\"https:\\\/\\\/www.malinashop.lt\\\/wp-content\\\/uploads\\\/2024\\\/08\\\/462559670_3787732518133670_9795632669273463_n-e1731525914575.png\",\"contentUrl\":\"https:\\\/\\\/www.malinashop.lt\\\/wp-content\\\/uploads\\\/2024\\\/08\\\/462559670_3787732518133670_9795632669273463_n-e1731525914575.png\",\"width\":180,\"height\":60,\"caption\":\"COM Group Ecommerce\"},\"image\":{\"@id\":\"https:\\\/\\\/www.malinashop.lt\\\/en\\\/#\\\/schema\\\/logo\\\/image\\\/\"}}]}<\/script>\n<!-- \/ Yoast SEO plugin. -->","yoast_head_json":{"title":"PAESE GET THE GLOW LOOK daugiafunkcin\u0117 veido ir aki\u0173 makia\u017eo palet\u0117, 16g - MalinaShop.lt J\u016bs\u0173 sveikatai ir gro\u017eiui.","description":"PAESE GET THE GLOW LOOK daugiafunkcin\u0117 veido ir aki\u0173 makia\u017eo palet\u0117 su skaistalais, bronzantu, highlighteriu ir aki\u0173 \u0161e\u0161\u0117liais. Nat\u016bralus \u0161vyt\u0117jimas.","robots":{"index":"index","follow":"follow","max-snippet":"max-snippet:-1","max-image-preview":"max-image-preview:large","max-video-preview":"max-video-preview:-1"},"canonical":"https:\/\/www.malinashop.lt\/en\/shop\/paese-get-the-glow-look-daugiafunkcine-veido-ir-akiu-makiazo-palete-16g\/","og_locale":"en_GB","og_type":"article","og_title":"PAESE GET THE GLOW LOOK daugiafunkcin\u0117 veido ir aki\u0173 makia\u017eo palet\u0117, 16g - MalinaShop.lt J\u016bs\u0173 sveikatai ir gro\u017eiui.","og_description":"PAESE GET THE GLOW LOOK daugiafunkcin\u0117 veido ir aki\u0173 makia\u017eo palet\u0117 su skaistalais, bronzantu, highlighteriu ir aki\u0173 \u0161e\u0161\u0117liais. Nat\u016bralus \u0161vyt\u0117jimas.","og_url":"https:\/\/www.malinashop.lt\/en\/shop\/paese-get-the-glow-look-daugiafunkcine-veido-ir-akiu-makiazo-palete-16g\/","og_site_name":"MalinaShop.lt J\u016bs\u0173 sveikatai ir gro\u017eiui.","article_modified_time":"2026-02-10T09:47:52+00:00","og_image":[{"width":1000,"height":1000,"url":"https:\/\/www.malinashop.lt\/wp-content\/uploads\/2025\/11\/5902627626807.jpg","type":"image\/jpeg"}],"twitter_card":"summary_large_image","schema":{"@context":"https:\/\/schema.org","@graph":[{"@type":"WebPage","@id":"https:\/\/www.malinashop.lt\/en\/shop\/paese-get-the-glow-look-daugiafunkcine-veido-ir-akiu-makiazo-palete-16g\/","url":"https:\/\/www.malinashop.lt\/en\/shop\/paese-get-the-glow-look-daugiafunkcine-veido-ir-akiu-makiazo-palete-16g\/","name":"PAESE GET THE GLOW LOOK daugiafunkcin\u0117 veido ir aki\u0173 makia\u017eo palet\u0117, 16g - MalinaShop.lt J\u016bs\u0173 sveikatai ir gro\u017eiui.","isPartOf":{"@id":"https:\/\/www.malinashop.lt\/en\/#website"},"primaryImageOfPage":{"@id":"https:\/\/www.malinashop.lt\/en\/shop\/paese-get-the-glow-look-daugiafunkcine-veido-ir-akiu-makiazo-palete-16g\/#primaryimage"},"image":{"@id":"https:\/\/www.malinashop.lt\/en\/shop\/paese-get-the-glow-look-daugiafunkcine-veido-ir-akiu-makiazo-palete-16g\/#primaryimage"},"thumbnailUrl":"https:\/\/www.malinashop.lt\/wp-content\/uploads\/2025\/11\/5902627626807.jpg","datePublished":"2025-11-24T15:51:19+00:00","dateModified":"2026-02-10T09:47:52+00:00","description":"PAESE GET THE GLOW LOOK daugiafunkcin\u0117 veido ir aki\u0173 makia\u017eo palet\u0117 su skaistalais, bronzantu, highlighteriu ir aki\u0173 \u0161e\u0161\u0117liais. Nat\u016bralus \u0161vyt\u0117jimas.","breadcrumb":{"@id":"https:\/\/www.malinashop.lt\/en\/shop\/paese-get-the-glow-look-daugiafunkcine-veido-ir-akiu-makiazo-palete-16g\/#breadcrumb"},"inLanguage":"en-GB","potentialAction":[{"@type":"ReadAction","target":["https:\/\/www.malinashop.lt\/en\/shop\/paese-get-the-glow-look-daugiafunkcine-veido-ir-akiu-makiazo-palete-16g\/"]}]},{"@type":"ImageObject","inLanguage":"en-GB","@id":"https:\/\/www.malinashop.lt\/en\/shop\/paese-get-the-glow-look-daugiafunkcine-veido-ir-akiu-makiazo-palete-16g\/#primaryimage","url":"https:\/\/www.malinashop.lt\/wp-content\/uploads\/2025\/11\/5902627626807.jpg","contentUrl":"https:\/\/www.malinashop.lt\/wp-content\/uploads\/2025\/11\/5902627626807.jpg","width":1000,"height":1000},{"@type":"BreadcrumbList","@id":"https:\/\/www.malinashop.lt\/en\/shop\/paese-get-the-glow-look-daugiafunkcine-veido-ir-akiu-makiazo-palete-16g\/#breadcrumb","itemListElement":[{"@type":"ListItem","position":1,"name":"Home","item":"https:\/\/www.malinashop.lt\/en\/"},{"@type":"ListItem","position":2,"name":"Parduotuv\u0117","item":"https:\/\/www.malinashop.lt\/en\/parduotuve\/"},{"@type":"ListItem","position":3,"name":"PAESE GET THE GLOW LOOK daugiafunkcin\u0117 veido ir aki\u0173 makia\u017eo palet\u0117, 16g"}]},{"@type":"WebSite","@id":"https:\/\/www.malinashop.lt\/en\/#website","url":"https:\/\/www.malinashop.lt\/en\/","name":"COM Group Ecommerce","description":"MalinaShop.lt - Gro\u017eio ir sveikatos produktai i\u0161 patikim\u0173 preki\u0173 \u017eenkl\u0173. Atraskite auk\u0161tos kokyb\u0117s kosmetik\u0105 u\u017e puiki\u0105 kain\u0105.","publisher":{"@id":"https:\/\/www.malinashop.lt\/en\/#organization"},"potentialAction":[{"@type":"SearchAction","target":{"@type":"EntryPoint","urlTemplate":"https:\/\/www.malinashop.lt\/en\/?s={search_term_string}"},"query-input":{"@type":"PropertyValueSpecification","valueRequired":true,"valueName":"search_term_string"}}],"inLanguage":"en-GB"},{"@type":"Organization","@id":"https:\/\/www.malinashop.lt\/en\/#organization","name":"COM Group Ecommerce","url":"https:\/\/www.malinashop.lt\/en\/","logo":{"@type":"ImageObject","inLanguage":"en-GB","@id":"https:\/\/www.malinashop.lt\/en\/#\/schema\/logo\/image\/","url":"https:\/\/www.malinashop.lt\/wp-content\/uploads\/2024\/08\/462559670_3787732518133670_9795632669273463_n-e1731525914575.png","contentUrl":"https:\/\/www.malinashop.lt\/wp-content\/uploads\/2024\/08\/462559670_3787732518133670_9795632669273463_n-e1731525914575.png","width":180,"height":60,"caption":"COM Group Ecommerce"},"image":{"@id":"https:\/\/www.malinashop.lt\/en\/#\/schema\/logo\/image\/"}}]}},"jetpack_sharing_enabled":true,"_links":{"self":[{"href":"https:\/\/www.malinashop.lt\/en\/wp-json\/wp\/v2\/product\/65556","targetHints":{"allow":["GET"]}}],"collection":[{"href":"https:\/\/www.malinashop.lt\/en\/wp-json\/wp\/v2\/product"}],"about":[{"href":"https:\/\/www.malinashop.lt\/en\/wp-json\/wp\/v2\/types\/product"}],"version-history":[{"count":2,"href":"https:\/\/www.malinashop.lt\/en\/wp-json\/wp\/v2\/product\/65556\/revisions"}],"predecessor-version":[{"id":72276,"href":"https:\/\/www.malinashop.lt\/en\/wp-json\/wp\/v2\/product\/65556\/revisions\/72276"}],"wp:featuredmedia":[{"embeddable":true,"href":"https:\/\/www.malinashop.lt\/en\/wp-json\/wp\/v2\/media\/65558"}],"wp:attachment":[{"href":"https:\/\/www.malinashop.lt\/en\/wp-json\/wp\/v2\/media?parent=65556"}],"wp:term":[{"taxonomy":"product_brand","embeddable":true,"href":"https:\/\/www.malinashop.lt\/en\/wp-json\/wp\/v2\/product_brand?post=65556"},{"taxonomy":"product_cat","embeddable":true,"href":"https:\/\/www.malinashop.lt\/en\/wp-json\/wp\/v2\/product_cat?post=65556"},{"taxonomy":"product_tag","embeddable":true,"href":"https:\/\/www.malinashop.lt\/en\/wp-json\/wp\/v2\/product_tag?post=65556"}],"curies":[{"name":"wp","href":"https:\/\/api.w.org\/{rel}","templated":true}]}}