{"id":65323,"date":"2025-11-24T18:48:53","date_gmt":"2025-11-24T15:48:53","guid":{"rendered":"https:\/\/malinashop.lt\/?post_type=product&#038;p=65323"},"modified":"2026-02-10T12:47:53","modified_gmt":"2026-02-10T09:47:53","slug":"paese-selfglow-highlighter-ultra-65-g","status":"publish","type":"product","link":"https:\/\/www.malinashop.lt\/en\/shop\/paese-selfglow-highlighter-ultra-65-g\/","title":{"rendered":"PAESE SELFGLOW HIGHLIGHTER Ultra, 6,5 g"},"content":{"rendered":"<p data-start=\"126\" data-end=\"438\"><strong data-start=\"126\" data-end=\"169\">PAESE SELFGLOW HIGHLIGHTER Ultra, 6,5 g<\/strong> \u2013 auk\u0161tos kokyb\u0117s \u0161vyt\u0117jimo suteikianti priemon\u0117, skirta subtiliam arba intensyvesniam odos spindesiui i\u0161gauti. Smulk\u016bs, \u0161vies\u0105 atspindintys perlai tolygiai susilieja su oda ir suteikia jai prabang\u0173, sveikai \u0161vytint\u012f efekt\u0105, nepaliekant sunkios ar pudri\u0161kos tekst\u016bros.<\/p>\n<p data-start=\"440\" data-end=\"694\">\u0160is highlighteris leid\u017eia lengvai reguliuoti \u0161vyt\u0117jimo intensyvum\u0105 \u2013 nuo nat\u016bralaus, \u0161ilkinio spindesio iki ry\u0161kaus satininio efekto. Lengva formul\u0117 u\u017etikrina tolyg\u0173 dengim\u0105 ir komforti\u0161k\u0105 poj\u016bt\u012f vis\u0105 dien\u0105. Puikiai tinka naudoti tiek veidui, tiek k\u016bnui.<\/p>\n<p data-start=\"696\" data-end=\"926\"><strong data-start=\"696\" data-end=\"711\">Naudojimas:<\/strong><br data-start=\"711\" data-end=\"714\" \/>Tepkite ant skruostikauli\u0173, formuodami C raid\u0117s linij\u0105. Nor\u0117dami intensyvesnio \u0161vyt\u0117jimo, tepkite ant skruostikauli\u0173, nosies tiltelio, vidini\u0173 aki\u0173 kampu\u010di\u0173, i\u0161kirpt\u0117s ar kit\u0173 viet\u0173, kur norite pary\u0161kinti \u0161vies\u0105.<\/p>\n<p data-start=\"928\" data-end=\"945\"><strong data-start=\"928\" data-end=\"939\">Kiekis:<\/strong> 6,5 g<\/p>\n","protected":false},"excerpt":{"rendered":"<p data-start=\"986\" data-end=\"1128\">\u0160vyt\u0117jimo suteikiantis highlighteris su smulkiais perlais, suteikiantis odai nat\u016bral\u0173 arba intensyv\u0173 satinin\u012f spindes\u012f. Tinka veidui ir k\u016bnui.<\/p>\n","protected":false},"featured_media":65325,"template":"","meta":[],"product_brand":[1534],"product_cat":[102,528,526],"product_tag":[1614],"class_list":{"0":"post-65323","1":"product","2":"type-product","3":"status-publish","4":"has-post-thumbnail","6":"product_brand-paese","7":"product_cat-dekoratyvine-kosmetika","8":"product_cat-modeliavimo-priemones","9":"product_cat-skaistalai","10":"product_tag-paese","12":"first","13":"instock","14":"purchasable","15":"product-type-simple"},"yoast_head":"<!-- This site is optimized with the Yoast SEO plugin v27.4 - https:\/\/yoast.com\/product\/yoast-seo-wordpress\/ -->\n<title>PAESE SELFGLOW HIGHLIGHTER Ultra, 6,5 g - MalinaShop.lt J\u016bs\u0173 sveikatai ir gro\u017eiui.<\/title>\n<meta name=\"description\" content=\"PAESE SELFGLOW HIGHLIGHTER Ultra \u2013 \u0161vyt\u0117jimo suteikianti priemon\u0117 su perlais, suteikianti nat\u016bral\u0173 arba satinin\u012f spindes\u012f. Tinka veidui ir k\u016bnui, 6,5 g.\" \/>\n<meta name=\"robots\" content=\"index, follow, max-snippet:-1, max-image-preview:large, max-video-preview:-1\" \/>\n<link rel=\"canonical\" href=\"https:\/\/www.malinashop.lt\/en\/shop\/paese-selfglow-highlighter-ultra-65-g\/\" \/>\n<meta property=\"og:locale\" content=\"en_GB\" \/>\n<meta property=\"og:type\" content=\"article\" \/>\n<meta property=\"og:title\" content=\"PAESE SELFGLOW HIGHLIGHTER Ultra, 6,5 g - MalinaShop.lt J\u016bs\u0173 sveikatai ir gro\u017eiui.\" \/>\n<meta property=\"og:description\" content=\"PAESE SELFGLOW HIGHLIGHTER Ultra \u2013 \u0161vyt\u0117jimo suteikianti priemon\u0117 su perlais, suteikianti nat\u016bral\u0173 arba satinin\u012f spindes\u012f. Tinka veidui ir k\u016bnui, 6,5 g.\" \/>\n<meta property=\"og:url\" content=\"https:\/\/www.malinashop.lt\/en\/shop\/paese-selfglow-highlighter-ultra-65-g\/\" \/>\n<meta property=\"og:site_name\" content=\"MalinaShop.lt J\u016bs\u0173 sveikatai ir gro\u017eiui.\" \/>\n<meta property=\"article:modified_time\" content=\"2026-02-10T09:47:53+00:00\" \/>\n<meta property=\"og:image\" content=\"https:\/\/www.malinashop.lt\/wp-content\/uploads\/2025\/11\/higliter.jpg\" \/>\n\t<meta property=\"og:image:width\" content=\"1000\" \/>\n\t<meta property=\"og:image:height\" content=\"1000\" \/>\n\t<meta property=\"og:image:type\" content=\"image\/jpeg\" \/>\n<meta name=\"twitter:card\" content=\"summary_large_image\" \/>\n<script type=\"application\/ld+json\" class=\"yoast-schema-graph\">{\"@context\":\"https:\\\/\\\/schema.org\",\"@graph\":[{\"@type\":\"WebPage\",\"@id\":\"https:\\\/\\\/www.malinashop.lt\\\/shop\\\/paese-selfglow-highlighter-ultra-65-g\\\/\",\"url\":\"https:\\\/\\\/www.malinashop.lt\\\/shop\\\/paese-selfglow-highlighter-ultra-65-g\\\/\",\"name\":\"PAESE SELFGLOW HIGHLIGHTER Ultra, 6,5 g - MalinaShop.lt J\u016bs\u0173 sveikatai ir gro\u017eiui.\",\"isPartOf\":{\"@id\":\"https:\\\/\\\/www.malinashop.lt\\\/#website\"},\"primaryImageOfPage\":{\"@id\":\"https:\\\/\\\/www.malinashop.lt\\\/shop\\\/paese-selfglow-highlighter-ultra-65-g\\\/#primaryimage\"},\"image\":{\"@id\":\"https:\\\/\\\/www.malinashop.lt\\\/shop\\\/paese-selfglow-highlighter-ultra-65-g\\\/#primaryimage\"},\"thumbnailUrl\":\"https:\\\/\\\/www.malinashop.lt\\\/wp-content\\\/uploads\\\/2025\\\/11\\\/higliter.jpg\",\"datePublished\":\"2025-11-24T15:48:53+00:00\",\"dateModified\":\"2026-02-10T09:47:53+00:00\",\"description\":\"PAESE SELFGLOW HIGHLIGHTER Ultra \u2013 \u0161vyt\u0117jimo suteikianti priemon\u0117 su perlais, suteikianti nat\u016bral\u0173 arba satinin\u012f spindes\u012f. Tinka veidui ir k\u016bnui, 6,5 g.\",\"breadcrumb\":{\"@id\":\"https:\\\/\\\/www.malinashop.lt\\\/shop\\\/paese-selfglow-highlighter-ultra-65-g\\\/#breadcrumb\"},\"inLanguage\":\"en-GB\",\"potentialAction\":[{\"@type\":\"ReadAction\",\"target\":[\"https:\\\/\\\/www.malinashop.lt\\\/shop\\\/paese-selfglow-highlighter-ultra-65-g\\\/\"]}]},{\"@type\":\"ImageObject\",\"inLanguage\":\"en-GB\",\"@id\":\"https:\\\/\\\/www.malinashop.lt\\\/shop\\\/paese-selfglow-highlighter-ultra-65-g\\\/#primaryimage\",\"url\":\"https:\\\/\\\/www.malinashop.lt\\\/wp-content\\\/uploads\\\/2025\\\/11\\\/higliter.jpg\",\"contentUrl\":\"https:\\\/\\\/www.malinashop.lt\\\/wp-content\\\/uploads\\\/2025\\\/11\\\/higliter.jpg\",\"width\":1000,\"height\":1000},{\"@type\":\"BreadcrumbList\",\"@id\":\"https:\\\/\\\/www.malinashop.lt\\\/shop\\\/paese-selfglow-highlighter-ultra-65-g\\\/#breadcrumb\",\"itemListElement\":[{\"@type\":\"ListItem\",\"position\":1,\"name\":\"Pagrindinis\",\"item\":\"https:\\\/\\\/www.malinashop.lt\\\/\"},{\"@type\":\"ListItem\",\"position\":2,\"name\":\"Parduotuv\u0117\",\"item\":\"https:\\\/\\\/www.malinashop.lt\\\/en\\\/parduotuve\\\/\"},{\"@type\":\"ListItem\",\"position\":3,\"name\":\"PAESE SELFGLOW HIGHLIGHTER Ultra, 6,5 g\"}]},{\"@type\":\"WebSite\",\"@id\":\"https:\\\/\\\/www.malinashop.lt\\\/#website\",\"url\":\"https:\\\/\\\/www.malinashop.lt\\\/\",\"name\":\"COM Group Ecommerce\",\"description\":\"MalinaShop.lt - Gro\u017eio ir sveikatos produktai i\u0161 patikim\u0173 preki\u0173 \u017eenkl\u0173. Atraskite auk\u0161tos kokyb\u0117s kosmetik\u0105 u\u017e puiki\u0105 kain\u0105.\",\"publisher\":{\"@id\":\"https:\\\/\\\/www.malinashop.lt\\\/#organization\"},\"potentialAction\":[{\"@type\":\"SearchAction\",\"target\":{\"@type\":\"EntryPoint\",\"urlTemplate\":\"https:\\\/\\\/www.malinashop.lt\\\/?s={search_term_string}\"},\"query-input\":{\"@type\":\"PropertyValueSpecification\",\"valueRequired\":true,\"valueName\":\"search_term_string\"}}],\"inLanguage\":\"en-GB\"},{\"@type\":\"Organization\",\"@id\":\"https:\\\/\\\/www.malinashop.lt\\\/#organization\",\"name\":\"COM Group Ecommerce\",\"url\":\"https:\\\/\\\/www.malinashop.lt\\\/\",\"logo\":{\"@type\":\"ImageObject\",\"inLanguage\":\"en-GB\",\"@id\":\"https:\\\/\\\/www.malinashop.lt\\\/#\\\/schema\\\/logo\\\/image\\\/\",\"url\":\"https:\\\/\\\/www.malinashop.lt\\\/wp-content\\\/uploads\\\/2024\\\/08\\\/462559670_3787732518133670_9795632669273463_n-e1731525914575.png\",\"contentUrl\":\"https:\\\/\\\/www.malinashop.lt\\\/wp-content\\\/uploads\\\/2024\\\/08\\\/462559670_3787732518133670_9795632669273463_n-e1731525914575.png\",\"width\":180,\"height\":60,\"caption\":\"COM Group Ecommerce\"},\"image\":{\"@id\":\"https:\\\/\\\/www.malinashop.lt\\\/#\\\/schema\\\/logo\\\/image\\\/\"}}]}<\/script>\n<!-- \/ Yoast SEO plugin. -->","yoast_head_json":{"title":"PAESE SELFGLOW HIGHLIGHTER Ultra, 6,5 g - MalinaShop.lt J\u016bs\u0173 sveikatai ir gro\u017eiui.","description":"PAESE SELFGLOW HIGHLIGHTER Ultra \u2013 \u0161vyt\u0117jimo suteikianti priemon\u0117 su perlais, suteikianti nat\u016bral\u0173 arba satinin\u012f spindes\u012f. Tinka veidui ir k\u016bnui, 6,5 g.","robots":{"index":"index","follow":"follow","max-snippet":"max-snippet:-1","max-image-preview":"max-image-preview:large","max-video-preview":"max-video-preview:-1"},"canonical":"https:\/\/www.malinashop.lt\/en\/shop\/paese-selfglow-highlighter-ultra-65-g\/","og_locale":"en_GB","og_type":"article","og_title":"PAESE SELFGLOW HIGHLIGHTER Ultra, 6,5 g - MalinaShop.lt J\u016bs\u0173 sveikatai ir gro\u017eiui.","og_description":"PAESE SELFGLOW HIGHLIGHTER Ultra \u2013 \u0161vyt\u0117jimo suteikianti priemon\u0117 su perlais, suteikianti nat\u016bral\u0173 arba satinin\u012f spindes\u012f. Tinka veidui ir k\u016bnui, 6,5 g.","og_url":"https:\/\/www.malinashop.lt\/en\/shop\/paese-selfglow-highlighter-ultra-65-g\/","og_site_name":"MalinaShop.lt J\u016bs\u0173 sveikatai ir gro\u017eiui.","article_modified_time":"2026-02-10T09:47:53+00:00","og_image":[{"width":1000,"height":1000,"url":"https:\/\/www.malinashop.lt\/wp-content\/uploads\/2025\/11\/higliter.jpg","type":"image\/jpeg"}],"twitter_card":"summary_large_image","schema":{"@context":"https:\/\/schema.org","@graph":[{"@type":"WebPage","@id":"https:\/\/www.malinashop.lt\/shop\/paese-selfglow-highlighter-ultra-65-g\/","url":"https:\/\/www.malinashop.lt\/shop\/paese-selfglow-highlighter-ultra-65-g\/","name":"PAESE SELFGLOW HIGHLIGHTER Ultra, 6,5 g - MalinaShop.lt J\u016bs\u0173 sveikatai ir gro\u017eiui.","isPartOf":{"@id":"https:\/\/www.malinashop.lt\/#website"},"primaryImageOfPage":{"@id":"https:\/\/www.malinashop.lt\/shop\/paese-selfglow-highlighter-ultra-65-g\/#primaryimage"},"image":{"@id":"https:\/\/www.malinashop.lt\/shop\/paese-selfglow-highlighter-ultra-65-g\/#primaryimage"},"thumbnailUrl":"https:\/\/www.malinashop.lt\/wp-content\/uploads\/2025\/11\/higliter.jpg","datePublished":"2025-11-24T15:48:53+00:00","dateModified":"2026-02-10T09:47:53+00:00","description":"PAESE SELFGLOW HIGHLIGHTER Ultra \u2013 \u0161vyt\u0117jimo suteikianti priemon\u0117 su perlais, suteikianti nat\u016bral\u0173 arba satinin\u012f spindes\u012f. Tinka veidui ir k\u016bnui, 6,5 g.","breadcrumb":{"@id":"https:\/\/www.malinashop.lt\/shop\/paese-selfglow-highlighter-ultra-65-g\/#breadcrumb"},"inLanguage":"en-GB","potentialAction":[{"@type":"ReadAction","target":["https:\/\/www.malinashop.lt\/shop\/paese-selfglow-highlighter-ultra-65-g\/"]}]},{"@type":"ImageObject","inLanguage":"en-GB","@id":"https:\/\/www.malinashop.lt\/shop\/paese-selfglow-highlighter-ultra-65-g\/#primaryimage","url":"https:\/\/www.malinashop.lt\/wp-content\/uploads\/2025\/11\/higliter.jpg","contentUrl":"https:\/\/www.malinashop.lt\/wp-content\/uploads\/2025\/11\/higliter.jpg","width":1000,"height":1000},{"@type":"BreadcrumbList","@id":"https:\/\/www.malinashop.lt\/shop\/paese-selfglow-highlighter-ultra-65-g\/#breadcrumb","itemListElement":[{"@type":"ListItem","position":1,"name":"Pagrindinis","item":"https:\/\/www.malinashop.lt\/"},{"@type":"ListItem","position":2,"name":"Parduotuv\u0117","item":"https:\/\/www.malinashop.lt\/en\/parduotuve\/"},{"@type":"ListItem","position":3,"name":"PAESE SELFGLOW HIGHLIGHTER Ultra, 6,5 g"}]},{"@type":"WebSite","@id":"https:\/\/www.malinashop.lt\/#website","url":"https:\/\/www.malinashop.lt\/","name":"COM Group Ecommerce","description":"MalinaShop.lt - Gro\u017eio ir sveikatos produktai i\u0161 patikim\u0173 preki\u0173 \u017eenkl\u0173. Atraskite auk\u0161tos kokyb\u0117s kosmetik\u0105 u\u017e puiki\u0105 kain\u0105.","publisher":{"@id":"https:\/\/www.malinashop.lt\/#organization"},"potentialAction":[{"@type":"SearchAction","target":{"@type":"EntryPoint","urlTemplate":"https:\/\/www.malinashop.lt\/?s={search_term_string}"},"query-input":{"@type":"PropertyValueSpecification","valueRequired":true,"valueName":"search_term_string"}}],"inLanguage":"en-GB"},{"@type":"Organization","@id":"https:\/\/www.malinashop.lt\/#organization","name":"COM Group Ecommerce","url":"https:\/\/www.malinashop.lt\/","logo":{"@type":"ImageObject","inLanguage":"en-GB","@id":"https:\/\/www.malinashop.lt\/#\/schema\/logo\/image\/","url":"https:\/\/www.malinashop.lt\/wp-content\/uploads\/2024\/08\/462559670_3787732518133670_9795632669273463_n-e1731525914575.png","contentUrl":"https:\/\/www.malinashop.lt\/wp-content\/uploads\/2024\/08\/462559670_3787732518133670_9795632669273463_n-e1731525914575.png","width":180,"height":60,"caption":"COM Group Ecommerce"},"image":{"@id":"https:\/\/www.malinashop.lt\/#\/schema\/logo\/image\/"}}]}},"jetpack_sharing_enabled":true,"_links":{"self":[{"href":"https:\/\/www.malinashop.lt\/en\/wp-json\/wp\/v2\/product\/65323","targetHints":{"allow":["GET"]}}],"collection":[{"href":"https:\/\/www.malinashop.lt\/en\/wp-json\/wp\/v2\/product"}],"about":[{"href":"https:\/\/www.malinashop.lt\/en\/wp-json\/wp\/v2\/types\/product"}],"version-history":[{"count":2,"href":"https:\/\/www.malinashop.lt\/en\/wp-json\/wp\/v2\/product\/65323\/revisions"}],"predecessor-version":[{"id":72295,"href":"https:\/\/www.malinashop.lt\/en\/wp-json\/wp\/v2\/product\/65323\/revisions\/72295"}],"wp:featuredmedia":[{"embeddable":true,"href":"https:\/\/www.malinashop.lt\/en\/wp-json\/wp\/v2\/media\/65325"}],"wp:attachment":[{"href":"https:\/\/www.malinashop.lt\/en\/wp-json\/wp\/v2\/media?parent=65323"}],"wp:term":[{"taxonomy":"product_brand","embeddable":true,"href":"https:\/\/www.malinashop.lt\/en\/wp-json\/wp\/v2\/product_brand?post=65323"},{"taxonomy":"product_cat","embeddable":true,"href":"https:\/\/www.malinashop.lt\/en\/wp-json\/wp\/v2\/product_cat?post=65323"},{"taxonomy":"product_tag","embeddable":true,"href":"https:\/\/www.malinashop.lt\/en\/wp-json\/wp\/v2\/product_tag?post=65323"}],"curies":[{"name":"wp","href":"https:\/\/api.w.org\/{rel}","templated":true}]}}