{"id":65319,"date":"2025-11-24T18:48:53","date_gmt":"2025-11-24T15:48:53","guid":{"rendered":"https:\/\/malinashop.lt\/?post_type=product&#038;p=65319"},"modified":"2026-02-10T12:47:53","modified_gmt":"2026-02-10T09:47:53","slug":"paese-selfglow-bronzantas-02-warm-10-g","status":"publish","type":"product","link":"https:\/\/www.malinashop.lt\/en\/shop\/paese-selfglow-bronzantas-02-warm-10-g\/","title":{"rendered":"PAESE SELFGLOW bronzantas 02 Warm, 10 g"},"content":{"rendered":"<p data-start=\"229\" data-end=\"476\"><strong data-start=\"229\" data-end=\"263\">PAESE SELFGLOW BRONZER 02 Warm<\/strong> \u2013 tai veido bronzantas, suteikiantis nat\u016bral\u0173, saul\u0117s pabu\u010diuotos odos efekt\u0105. \u0160iltas atspalvis idealiai tinka veido kont\u016bravimui ir subtiliam veido bruo\u017e\u0173 pary\u0161kinimui, i\u0161laikant harmoning\u0105 ir esteti\u0161k\u0105 \u012fvaizd\u012f.<\/p>\n<p data-start=\"478\" data-end=\"739\">Lengvos tekst\u016bros bronzantas tolygiai pasiskirsto ant odos, lengvai sklaidosi ir puikiai prisitaiko prie odos tono. Jis nepalieka d\u0117mi\u0173, nesub\u0117ga \u012f rauk\u0161leles ir leid\u017eia sluoksniuoti produkt\u0105 pagal norim\u0105 intensyvum\u0105 \u2013 nuo \u0161velnaus \u012fdegio iki ry\u0161kesnio kont\u016bro.<\/p>\n<p data-start=\"741\" data-end=\"872\">Tinka naudoti tiek kasdieniam makia\u017eui, tiek profesionaliems \u012fvaizd\u017eiams kurti. Oda atrodo gyvybinga, \u0161ilta ir nat\u016braliai \u0161vytinti.<\/p>\n<p data-start=\"874\" data-end=\"889\"><strong data-start=\"874\" data-end=\"884\">T\u016bris:<\/strong> 10 g<\/p>\n","protected":false},"excerpt":{"rendered":"<p data-start=\"929\" data-end=\"1076\">Veido bronzantas su \u0161iltu atspalviu, suteikiantis nat\u016bral\u0173 \u012fdegio efekt\u0105. Lengvai sklaidosi, tolygiai dengiasi ir puikiai tinka veido kont\u016bravimui.<\/p>\n","protected":false},"featured_media":65321,"template":"","meta":[],"product_brand":[1534],"product_cat":[793,102],"product_tag":[1614],"class_list":{"0":"post-65319","1":"product","2":"type-product","3":"status-publish","4":"has-post-thumbnail","6":"product_brand-paese","7":"product_cat-bronzantai-2","8":"product_cat-dekoratyvine-kosmetika","9":"product_tag-paese","11":"first","12":"instock","13":"purchasable","14":"product-type-simple"},"yoast_head":"<!-- This site is optimized with the Yoast SEO plugin v27.4 - https:\/\/yoast.com\/product\/yoast-seo-wordpress\/ -->\n<title>PAESE SELFGLOW bronzantas 02 Warm, 10 g - MalinaShop.lt J\u016bs\u0173 sveikatai ir gro\u017eiui.<\/title>\n<meta name=\"description\" content=\"PAESE SELFGLOW BRONZER 02 Warm \u2013 veido bronzantas su \u0161iltu atspalviu, suteikiantis saul\u0117s pabu\u010diuotos odos efekt\u0105. Puikiai tinka kont\u016bravimui. 10 g\" \/>\n<meta name=\"robots\" content=\"index, follow, max-snippet:-1, max-image-preview:large, max-video-preview:-1\" \/>\n<link rel=\"canonical\" href=\"https:\/\/www.malinashop.lt\/en\/shop\/paese-selfglow-bronzantas-02-warm-10-g\/\" \/>\n<meta property=\"og:locale\" content=\"en_GB\" \/>\n<meta property=\"og:type\" content=\"article\" \/>\n<meta property=\"og:title\" content=\"PAESE SELFGLOW bronzantas 02 Warm, 10 g - MalinaShop.lt J\u016bs\u0173 sveikatai ir gro\u017eiui.\" \/>\n<meta property=\"og:description\" content=\"PAESE SELFGLOW BRONZER 02 Warm \u2013 veido bronzantas su \u0161iltu atspalviu, suteikiantis saul\u0117s pabu\u010diuotos odos efekt\u0105. Puikiai tinka kont\u016bravimui. 10 g\" \/>\n<meta property=\"og:url\" content=\"https:\/\/www.malinashop.lt\/en\/shop\/paese-selfglow-bronzantas-02-warm-10-g\/\" \/>\n<meta property=\"og:site_name\" content=\"MalinaShop.lt J\u016bs\u0173 sveikatai ir gro\u017eiui.\" \/>\n<meta property=\"article:modified_time\" content=\"2026-02-10T09:47:53+00:00\" \/>\n<meta property=\"og:image\" content=\"https:\/\/www.malinashop.lt\/wp-content\/uploads\/2025\/11\/BRONZER-GOOD.jpg\" \/>\n\t<meta property=\"og:image:width\" content=\"1000\" \/>\n\t<meta property=\"og:image:height\" content=\"1000\" \/>\n\t<meta property=\"og:image:type\" content=\"image\/jpeg\" \/>\n<meta name=\"twitter:card\" content=\"summary_large_image\" \/>\n<script type=\"application\/ld+json\" class=\"yoast-schema-graph\">{\"@context\":\"https:\\\/\\\/schema.org\",\"@graph\":[{\"@type\":\"WebPage\",\"@id\":\"https:\\\/\\\/www.malinashop.lt\\\/lt_lt\\\/shop\\\/paese-selfglow-bronzantas-02-warm-10-g\\\/\",\"url\":\"https:\\\/\\\/www.malinashop.lt\\\/lt_lt\\\/shop\\\/paese-selfglow-bronzantas-02-warm-10-g\\\/\",\"name\":\"PAESE SELFGLOW bronzantas 02 Warm, 10 g - MalinaShop.lt J\u016bs\u0173 sveikatai ir gro\u017eiui.\",\"isPartOf\":{\"@id\":\"https:\\\/\\\/www.malinashop.lt\\\/#website\"},\"primaryImageOfPage\":{\"@id\":\"https:\\\/\\\/www.malinashop.lt\\\/lt_lt\\\/shop\\\/paese-selfglow-bronzantas-02-warm-10-g\\\/#primaryimage\"},\"image\":{\"@id\":\"https:\\\/\\\/www.malinashop.lt\\\/lt_lt\\\/shop\\\/paese-selfglow-bronzantas-02-warm-10-g\\\/#primaryimage\"},\"thumbnailUrl\":\"https:\\\/\\\/www.malinashop.lt\\\/wp-content\\\/uploads\\\/2025\\\/11\\\/BRONZER-GOOD.jpg\",\"datePublished\":\"2025-11-24T15:48:53+00:00\",\"dateModified\":\"2026-02-10T09:47:53+00:00\",\"description\":\"PAESE SELFGLOW BRONZER 02 Warm \u2013 veido bronzantas su \u0161iltu atspalviu, suteikiantis saul\u0117s pabu\u010diuotos odos efekt\u0105. Puikiai tinka kont\u016bravimui. 10 g\",\"breadcrumb\":{\"@id\":\"https:\\\/\\\/www.malinashop.lt\\\/lt_lt\\\/shop\\\/paese-selfglow-bronzantas-02-warm-10-g\\\/#breadcrumb\"},\"inLanguage\":\"en-GB\",\"potentialAction\":[{\"@type\":\"ReadAction\",\"target\":[\"https:\\\/\\\/www.malinashop.lt\\\/lt_lt\\\/shop\\\/paese-selfglow-bronzantas-02-warm-10-g\\\/\"]}]},{\"@type\":\"ImageObject\",\"inLanguage\":\"en-GB\",\"@id\":\"https:\\\/\\\/www.malinashop.lt\\\/lt_lt\\\/shop\\\/paese-selfglow-bronzantas-02-warm-10-g\\\/#primaryimage\",\"url\":\"https:\\\/\\\/www.malinashop.lt\\\/wp-content\\\/uploads\\\/2025\\\/11\\\/BRONZER-GOOD.jpg\",\"contentUrl\":\"https:\\\/\\\/www.malinashop.lt\\\/wp-content\\\/uploads\\\/2025\\\/11\\\/BRONZER-GOOD.jpg\",\"width\":1000,\"height\":1000},{\"@type\":\"BreadcrumbList\",\"@id\":\"https:\\\/\\\/www.malinashop.lt\\\/lt_lt\\\/shop\\\/paese-selfglow-bronzantas-02-warm-10-g\\\/#breadcrumb\",\"itemListElement\":[{\"@type\":\"ListItem\",\"position\":1,\"name\":\"Pagrindinis\",\"item\":\"https:\\\/\\\/www.malinashop.lt\\\/\"},{\"@type\":\"ListItem\",\"position\":2,\"name\":\"Parduotuv\u0117\",\"item\":\"https:\\\/\\\/www.malinashop.lt\\\/en\\\/parduotuve\\\/\"},{\"@type\":\"ListItem\",\"position\":3,\"name\":\"PAESE SELFGLOW bronzantas 02 Warm, 10 g\"}]},{\"@type\":\"WebSite\",\"@id\":\"https:\\\/\\\/www.malinashop.lt\\\/#website\",\"url\":\"https:\\\/\\\/www.malinashop.lt\\\/\",\"name\":\"COM Group Ecommerce\",\"description\":\"MalinaShop.lt - Gro\u017eio ir sveikatos produktai i\u0161 patikim\u0173 preki\u0173 \u017eenkl\u0173. Atraskite auk\u0161tos kokyb\u0117s kosmetik\u0105 u\u017e puiki\u0105 kain\u0105.\",\"publisher\":{\"@id\":\"https:\\\/\\\/www.malinashop.lt\\\/#organization\"},\"potentialAction\":[{\"@type\":\"SearchAction\",\"target\":{\"@type\":\"EntryPoint\",\"urlTemplate\":\"https:\\\/\\\/www.malinashop.lt\\\/?s={search_term_string}\"},\"query-input\":{\"@type\":\"PropertyValueSpecification\",\"valueRequired\":true,\"valueName\":\"search_term_string\"}}],\"inLanguage\":\"en-GB\"},{\"@type\":\"Organization\",\"@id\":\"https:\\\/\\\/www.malinashop.lt\\\/#organization\",\"name\":\"COM Group Ecommerce\",\"url\":\"https:\\\/\\\/www.malinashop.lt\\\/\",\"logo\":{\"@type\":\"ImageObject\",\"inLanguage\":\"en-GB\",\"@id\":\"https:\\\/\\\/www.malinashop.lt\\\/#\\\/schema\\\/logo\\\/image\\\/\",\"url\":\"https:\\\/\\\/www.malinashop.lt\\\/wp-content\\\/uploads\\\/2024\\\/08\\\/462559670_3787732518133670_9795632669273463_n-e1731525914575.png\",\"contentUrl\":\"https:\\\/\\\/www.malinashop.lt\\\/wp-content\\\/uploads\\\/2024\\\/08\\\/462559670_3787732518133670_9795632669273463_n-e1731525914575.png\",\"width\":180,\"height\":60,\"caption\":\"COM Group Ecommerce\"},\"image\":{\"@id\":\"https:\\\/\\\/www.malinashop.lt\\\/#\\\/schema\\\/logo\\\/image\\\/\"}}]}<\/script>\n<!-- \/ Yoast SEO plugin. -->","yoast_head_json":{"title":"PAESE SELFGLOW bronzantas 02 Warm, 10 g - MalinaShop.lt J\u016bs\u0173 sveikatai ir gro\u017eiui.","description":"PAESE SELFGLOW BRONZER 02 Warm \u2013 veido bronzantas su \u0161iltu atspalviu, suteikiantis saul\u0117s pabu\u010diuotos odos efekt\u0105. Puikiai tinka kont\u016bravimui. 10 g","robots":{"index":"index","follow":"follow","max-snippet":"max-snippet:-1","max-image-preview":"max-image-preview:large","max-video-preview":"max-video-preview:-1"},"canonical":"https:\/\/www.malinashop.lt\/en\/shop\/paese-selfglow-bronzantas-02-warm-10-g\/","og_locale":"en_GB","og_type":"article","og_title":"PAESE SELFGLOW bronzantas 02 Warm, 10 g - MalinaShop.lt J\u016bs\u0173 sveikatai ir gro\u017eiui.","og_description":"PAESE SELFGLOW BRONZER 02 Warm \u2013 veido bronzantas su \u0161iltu atspalviu, suteikiantis saul\u0117s pabu\u010diuotos odos efekt\u0105. Puikiai tinka kont\u016bravimui. 10 g","og_url":"https:\/\/www.malinashop.lt\/en\/shop\/paese-selfglow-bronzantas-02-warm-10-g\/","og_site_name":"MalinaShop.lt J\u016bs\u0173 sveikatai ir gro\u017eiui.","article_modified_time":"2026-02-10T09:47:53+00:00","og_image":[{"width":1000,"height":1000,"url":"https:\/\/www.malinashop.lt\/wp-content\/uploads\/2025\/11\/BRONZER-GOOD.jpg","type":"image\/jpeg"}],"twitter_card":"summary_large_image","schema":{"@context":"https:\/\/schema.org","@graph":[{"@type":"WebPage","@id":"https:\/\/www.malinashop.lt\/lt_lt\/shop\/paese-selfglow-bronzantas-02-warm-10-g\/","url":"https:\/\/www.malinashop.lt\/lt_lt\/shop\/paese-selfglow-bronzantas-02-warm-10-g\/","name":"PAESE SELFGLOW bronzantas 02 Warm, 10 g - MalinaShop.lt J\u016bs\u0173 sveikatai ir gro\u017eiui.","isPartOf":{"@id":"https:\/\/www.malinashop.lt\/#website"},"primaryImageOfPage":{"@id":"https:\/\/www.malinashop.lt\/lt_lt\/shop\/paese-selfglow-bronzantas-02-warm-10-g\/#primaryimage"},"image":{"@id":"https:\/\/www.malinashop.lt\/lt_lt\/shop\/paese-selfglow-bronzantas-02-warm-10-g\/#primaryimage"},"thumbnailUrl":"https:\/\/www.malinashop.lt\/wp-content\/uploads\/2025\/11\/BRONZER-GOOD.jpg","datePublished":"2025-11-24T15:48:53+00:00","dateModified":"2026-02-10T09:47:53+00:00","description":"PAESE SELFGLOW BRONZER 02 Warm \u2013 veido bronzantas su \u0161iltu atspalviu, suteikiantis saul\u0117s pabu\u010diuotos odos efekt\u0105. Puikiai tinka kont\u016bravimui. 10 g","breadcrumb":{"@id":"https:\/\/www.malinashop.lt\/lt_lt\/shop\/paese-selfglow-bronzantas-02-warm-10-g\/#breadcrumb"},"inLanguage":"en-GB","potentialAction":[{"@type":"ReadAction","target":["https:\/\/www.malinashop.lt\/lt_lt\/shop\/paese-selfglow-bronzantas-02-warm-10-g\/"]}]},{"@type":"ImageObject","inLanguage":"en-GB","@id":"https:\/\/www.malinashop.lt\/lt_lt\/shop\/paese-selfglow-bronzantas-02-warm-10-g\/#primaryimage","url":"https:\/\/www.malinashop.lt\/wp-content\/uploads\/2025\/11\/BRONZER-GOOD.jpg","contentUrl":"https:\/\/www.malinashop.lt\/wp-content\/uploads\/2025\/11\/BRONZER-GOOD.jpg","width":1000,"height":1000},{"@type":"BreadcrumbList","@id":"https:\/\/www.malinashop.lt\/lt_lt\/shop\/paese-selfglow-bronzantas-02-warm-10-g\/#breadcrumb","itemListElement":[{"@type":"ListItem","position":1,"name":"Pagrindinis","item":"https:\/\/www.malinashop.lt\/"},{"@type":"ListItem","position":2,"name":"Parduotuv\u0117","item":"https:\/\/www.malinashop.lt\/en\/parduotuve\/"},{"@type":"ListItem","position":3,"name":"PAESE SELFGLOW bronzantas 02 Warm, 10 g"}]},{"@type":"WebSite","@id":"https:\/\/www.malinashop.lt\/#website","url":"https:\/\/www.malinashop.lt\/","name":"COM Group Ecommerce","description":"MalinaShop.lt - Gro\u017eio ir sveikatos produktai i\u0161 patikim\u0173 preki\u0173 \u017eenkl\u0173. Atraskite auk\u0161tos kokyb\u0117s kosmetik\u0105 u\u017e puiki\u0105 kain\u0105.","publisher":{"@id":"https:\/\/www.malinashop.lt\/#organization"},"potentialAction":[{"@type":"SearchAction","target":{"@type":"EntryPoint","urlTemplate":"https:\/\/www.malinashop.lt\/?s={search_term_string}"},"query-input":{"@type":"PropertyValueSpecification","valueRequired":true,"valueName":"search_term_string"}}],"inLanguage":"en-GB"},{"@type":"Organization","@id":"https:\/\/www.malinashop.lt\/#organization","name":"COM Group Ecommerce","url":"https:\/\/www.malinashop.lt\/","logo":{"@type":"ImageObject","inLanguage":"en-GB","@id":"https:\/\/www.malinashop.lt\/#\/schema\/logo\/image\/","url":"https:\/\/www.malinashop.lt\/wp-content\/uploads\/2024\/08\/462559670_3787732518133670_9795632669273463_n-e1731525914575.png","contentUrl":"https:\/\/www.malinashop.lt\/wp-content\/uploads\/2024\/08\/462559670_3787732518133670_9795632669273463_n-e1731525914575.png","width":180,"height":60,"caption":"COM Group Ecommerce"},"image":{"@id":"https:\/\/www.malinashop.lt\/#\/schema\/logo\/image\/"}}]}},"jetpack_sharing_enabled":true,"_links":{"self":[{"href":"https:\/\/www.malinashop.lt\/en\/wp-json\/wp\/v2\/product\/65319","targetHints":{"allow":["GET"]}}],"collection":[{"href":"https:\/\/www.malinashop.lt\/en\/wp-json\/wp\/v2\/product"}],"about":[{"href":"https:\/\/www.malinashop.lt\/en\/wp-json\/wp\/v2\/types\/product"}],"version-history":[{"count":2,"href":"https:\/\/www.malinashop.lt\/en\/wp-json\/wp\/v2\/product\/65319\/revisions"}],"predecessor-version":[{"id":72294,"href":"https:\/\/www.malinashop.lt\/en\/wp-json\/wp\/v2\/product\/65319\/revisions\/72294"}],"wp:featuredmedia":[{"embeddable":true,"href":"https:\/\/www.malinashop.lt\/en\/wp-json\/wp\/v2\/media\/65321"}],"wp:attachment":[{"href":"https:\/\/www.malinashop.lt\/en\/wp-json\/wp\/v2\/media?parent=65319"}],"wp:term":[{"taxonomy":"product_brand","embeddable":true,"href":"https:\/\/www.malinashop.lt\/en\/wp-json\/wp\/v2\/product_brand?post=65319"},{"taxonomy":"product_cat","embeddable":true,"href":"https:\/\/www.malinashop.lt\/en\/wp-json\/wp\/v2\/product_cat?post=65319"},{"taxonomy":"product_tag","embeddable":true,"href":"https:\/\/www.malinashop.lt\/en\/wp-json\/wp\/v2\/product_tag?post=65319"}],"curies":[{"name":"wp","href":"https:\/\/api.w.org\/{rel}","templated":true}]}}