{"id":65307,"date":"2025-11-24T18:48:53","date_gmt":"2025-11-24T15:48:53","guid":{"rendered":"https:\/\/malinashop.lt\/?post_type=product&#038;p=65307"},"modified":"2026-02-10T12:47:52","modified_gmt":"2026-02-10T09:47:52","slug":"paese-selfglow-blush-04-crush-skaistalai-3-g","status":"publish","type":"product","link":"https:\/\/www.malinashop.lt\/en\/shop\/paese-selfglow-blush-04-crush-skaistalai-3-g\/","title":{"rendered":"PAESE SELFGLOW BLUSH 04 Crush skaistalai, 3 g"},"content":{"rendered":"<p data-start=\"48\" data-end=\"613\"><strong data-start=\"48\" data-end=\"81\">PAESE SELFGLOW BLUSH 04 Crush<\/strong> \u2013 tai lengvai sklaidomi skaistalai, suteikiantys veidui nat\u016bralaus spindesio ir gaivaus rausvumo efekt\u0105. \u0160i serija si\u016blo tris skirtingas tekst\u016bras \u2013 matin\u0119, matin\u0119 su \u0161velniu blizgesiu ir \u0161ilkini\u0105-\u0161vytin\u010di\u0105, tod\u0117l galite lengvai pritaikyti skaistalus skirtingiems makia\u017eo \u012fvaizd\u017eiams.<br data-start=\"366\" data-end=\"369\" \/>D\u0117l sodrios pigmentacijos ir tolygaus dengimo \u0161ie skaistalai puikiai tinka tiek subtiliam dieniniam, tiek ry\u0161kesniam vakariniam makia\u017eui. Itin maloni tekst\u016bra lengvai \u012fsilieja \u012f od\u0105 ir i\u0161lieka vis\u0105 dien\u0105, suteikdama nepriekai\u0161ting\u0105 rezultat\u0105.<\/p>\n<p data-start=\"615\" data-end=\"629\">T\u016bris: <strong data-start=\"622\" data-end=\"629\">3 g<\/strong><\/p>\n","protected":false},"excerpt":{"rendered":"<p data-start=\"673\" data-end=\"872\">PAESE SELFGLOW BLUSH 04 Crush \u2013 ilgai i\u0161liekantys, pigmentuoti skaistalai, suteikiantys odai nat\u016bralaus spindesio ir \u0161velnaus rausvumo. Tinka skirtingoms makia\u017eo technikoms d\u0117l trij\u0173 galim\u0173 tekst\u016br\u0173.<\/p>\n","protected":false},"featured_media":65309,"template":"","meta":[],"product_brand":[1534],"product_cat":[102,526],"product_tag":[1614],"class_list":{"0":"post-65307","1":"product","2":"type-product","3":"status-publish","4":"has-post-thumbnail","6":"product_brand-paese","7":"product_cat-dekoratyvine-kosmetika","8":"product_cat-skaistalai","9":"product_tag-paese","11":"first","12":"instock","13":"purchasable","14":"product-type-simple"},"yoast_head":"<!-- This site is optimized with the Yoast SEO plugin v27.4 - https:\/\/yoast.com\/product\/yoast-seo-wordpress\/ -->\n<title>PAESE SELFGLOW BLUSH 04 Crush skaistalai, 3 g - MalinaShop.lt J\u016bs\u0173 sveikatai ir gro\u017eiui.<\/title>\n<meta name=\"description\" content=\"PAESE SELFGLOW BLUSH 04 Crush \u2013 pigmentuoti, ilgai i\u0161liekantys skaistalai, suteikiantys nat\u016bral\u0173 spindes\u012f ir gaiv\u0173 skruost\u0173 atspalv\u012f. T\u016bris 3 g.\" \/>\n<meta name=\"robots\" content=\"index, follow, max-snippet:-1, max-image-preview:large, max-video-preview:-1\" \/>\n<link rel=\"canonical\" href=\"https:\/\/www.malinashop.lt\/en\/shop\/paese-selfglow-blush-04-crush-skaistalai-3-g\/\" \/>\n<meta property=\"og:locale\" content=\"en_GB\" \/>\n<meta property=\"og:type\" content=\"article\" \/>\n<meta property=\"og:title\" content=\"PAESE SELFGLOW BLUSH 04 Crush skaistalai, 3 g - MalinaShop.lt J\u016bs\u0173 sveikatai ir gro\u017eiui.\" \/>\n<meta property=\"og:description\" content=\"PAESE SELFGLOW BLUSH 04 Crush \u2013 pigmentuoti, ilgai i\u0161liekantys skaistalai, suteikiantys nat\u016bral\u0173 spindes\u012f ir gaiv\u0173 skruost\u0173 atspalv\u012f. T\u016bris 3 g.\" \/>\n<meta property=\"og:url\" content=\"https:\/\/www.malinashop.lt\/en\/shop\/paese-selfglow-blush-04-crush-skaistalai-3-g\/\" \/>\n<meta property=\"og:site_name\" content=\"MalinaShop.lt J\u016bs\u0173 sveikatai ir gro\u017eiui.\" \/>\n<meta property=\"article:modified_time\" content=\"2026-02-10T09:47:52+00:00\" \/>\n<meta property=\"og:image\" content=\"https:\/\/www.malinashop.lt\/wp-content\/uploads\/2025\/11\/PAESE-skaistala10.jpg\" \/>\n\t<meta property=\"og:image:width\" content=\"1000\" \/>\n\t<meta property=\"og:image:height\" content=\"1000\" \/>\n\t<meta property=\"og:image:type\" content=\"image\/jpeg\" \/>\n<meta name=\"twitter:card\" content=\"summary_large_image\" \/>\n<script type=\"application\/ld+json\" class=\"yoast-schema-graph\">{\"@context\":\"https:\\\/\\\/schema.org\",\"@graph\":[{\"@type\":\"WebPage\",\"@id\":\"https:\\\/\\\/www.malinashop.lt\\\/en\\\/shop\\\/paese-selfglow-blush-04-crush-skaistalai-3-g\\\/\",\"url\":\"https:\\\/\\\/www.malinashop.lt\\\/en\\\/shop\\\/paese-selfglow-blush-04-crush-skaistalai-3-g\\\/\",\"name\":\"PAESE SELFGLOW BLUSH 04 Crush skaistalai, 3 g - MalinaShop.lt J\u016bs\u0173 sveikatai ir gro\u017eiui.\",\"isPartOf\":{\"@id\":\"https:\\\/\\\/www.malinashop.lt\\\/#website\"},\"primaryImageOfPage\":{\"@id\":\"https:\\\/\\\/www.malinashop.lt\\\/en\\\/shop\\\/paese-selfglow-blush-04-crush-skaistalai-3-g\\\/#primaryimage\"},\"image\":{\"@id\":\"https:\\\/\\\/www.malinashop.lt\\\/en\\\/shop\\\/paese-selfglow-blush-04-crush-skaistalai-3-g\\\/#primaryimage\"},\"thumbnailUrl\":\"https:\\\/\\\/www.malinashop.lt\\\/wp-content\\\/uploads\\\/2025\\\/11\\\/PAESE-skaistala10.jpg\",\"datePublished\":\"2025-11-24T15:48:53+00:00\",\"dateModified\":\"2026-02-10T09:47:52+00:00\",\"description\":\"PAESE SELFGLOW BLUSH 04 Crush \u2013 pigmentuoti, ilgai i\u0161liekantys skaistalai, suteikiantys nat\u016bral\u0173 spindes\u012f ir gaiv\u0173 skruost\u0173 atspalv\u012f. T\u016bris 3 g.\",\"breadcrumb\":{\"@id\":\"https:\\\/\\\/www.malinashop.lt\\\/en\\\/shop\\\/paese-selfglow-blush-04-crush-skaistalai-3-g\\\/#breadcrumb\"},\"inLanguage\":\"en-GB\",\"potentialAction\":[{\"@type\":\"ReadAction\",\"target\":[\"https:\\\/\\\/www.malinashop.lt\\\/en\\\/shop\\\/paese-selfglow-blush-04-crush-skaistalai-3-g\\\/\"]}]},{\"@type\":\"ImageObject\",\"inLanguage\":\"en-GB\",\"@id\":\"https:\\\/\\\/www.malinashop.lt\\\/en\\\/shop\\\/paese-selfglow-blush-04-crush-skaistalai-3-g\\\/#primaryimage\",\"url\":\"https:\\\/\\\/www.malinashop.lt\\\/wp-content\\\/uploads\\\/2025\\\/11\\\/PAESE-skaistala10.jpg\",\"contentUrl\":\"https:\\\/\\\/www.malinashop.lt\\\/wp-content\\\/uploads\\\/2025\\\/11\\\/PAESE-skaistala10.jpg\",\"width\":1000,\"height\":1000},{\"@type\":\"BreadcrumbList\",\"@id\":\"https:\\\/\\\/www.malinashop.lt\\\/en\\\/shop\\\/paese-selfglow-blush-04-crush-skaistalai-3-g\\\/#breadcrumb\",\"itemListElement\":[{\"@type\":\"ListItem\",\"position\":1,\"name\":\"Pagrindinis\",\"item\":\"https:\\\/\\\/www.malinashop.lt\\\/\"},{\"@type\":\"ListItem\",\"position\":2,\"name\":\"Parduotuv\u0117\",\"item\":\"https:\\\/\\\/www.malinashop.lt\\\/en\\\/parduotuve\\\/\"},{\"@type\":\"ListItem\",\"position\":3,\"name\":\"PAESE SELFGLOW BLUSH 04 Crush skaistalai, 3 g\"}]},{\"@type\":\"WebSite\",\"@id\":\"https:\\\/\\\/www.malinashop.lt\\\/#website\",\"url\":\"https:\\\/\\\/www.malinashop.lt\\\/\",\"name\":\"COM Group Ecommerce\",\"description\":\"MalinaShop.lt - Gro\u017eio ir sveikatos produktai i\u0161 patikim\u0173 preki\u0173 \u017eenkl\u0173. Atraskite auk\u0161tos kokyb\u0117s kosmetik\u0105 u\u017e puiki\u0105 kain\u0105.\",\"publisher\":{\"@id\":\"https:\\\/\\\/www.malinashop.lt\\\/#organization\"},\"potentialAction\":[{\"@type\":\"SearchAction\",\"target\":{\"@type\":\"EntryPoint\",\"urlTemplate\":\"https:\\\/\\\/www.malinashop.lt\\\/?s={search_term_string}\"},\"query-input\":{\"@type\":\"PropertyValueSpecification\",\"valueRequired\":true,\"valueName\":\"search_term_string\"}}],\"inLanguage\":\"en-GB\"},{\"@type\":\"Organization\",\"@id\":\"https:\\\/\\\/www.malinashop.lt\\\/#organization\",\"name\":\"COM Group Ecommerce\",\"url\":\"https:\\\/\\\/www.malinashop.lt\\\/\",\"logo\":{\"@type\":\"ImageObject\",\"inLanguage\":\"en-GB\",\"@id\":\"https:\\\/\\\/www.malinashop.lt\\\/#\\\/schema\\\/logo\\\/image\\\/\",\"url\":\"https:\\\/\\\/www.malinashop.lt\\\/wp-content\\\/uploads\\\/2024\\\/08\\\/462559670_3787732518133670_9795632669273463_n-e1731525914575.png\",\"contentUrl\":\"https:\\\/\\\/www.malinashop.lt\\\/wp-content\\\/uploads\\\/2024\\\/08\\\/462559670_3787732518133670_9795632669273463_n-e1731525914575.png\",\"width\":180,\"height\":60,\"caption\":\"COM Group Ecommerce\"},\"image\":{\"@id\":\"https:\\\/\\\/www.malinashop.lt\\\/#\\\/schema\\\/logo\\\/image\\\/\"}}]}<\/script>\n<!-- \/ Yoast SEO plugin. -->","yoast_head_json":{"title":"PAESE SELFGLOW BLUSH 04 Crush skaistalai, 3 g - MalinaShop.lt J\u016bs\u0173 sveikatai ir gro\u017eiui.","description":"PAESE SELFGLOW BLUSH 04 Crush \u2013 pigmentuoti, ilgai i\u0161liekantys skaistalai, suteikiantys nat\u016bral\u0173 spindes\u012f ir gaiv\u0173 skruost\u0173 atspalv\u012f. T\u016bris 3 g.","robots":{"index":"index","follow":"follow","max-snippet":"max-snippet:-1","max-image-preview":"max-image-preview:large","max-video-preview":"max-video-preview:-1"},"canonical":"https:\/\/www.malinashop.lt\/en\/shop\/paese-selfglow-blush-04-crush-skaistalai-3-g\/","og_locale":"en_GB","og_type":"article","og_title":"PAESE SELFGLOW BLUSH 04 Crush skaistalai, 3 g - MalinaShop.lt J\u016bs\u0173 sveikatai ir gro\u017eiui.","og_description":"PAESE SELFGLOW BLUSH 04 Crush \u2013 pigmentuoti, ilgai i\u0161liekantys skaistalai, suteikiantys nat\u016bral\u0173 spindes\u012f ir gaiv\u0173 skruost\u0173 atspalv\u012f. T\u016bris 3 g.","og_url":"https:\/\/www.malinashop.lt\/en\/shop\/paese-selfglow-blush-04-crush-skaistalai-3-g\/","og_site_name":"MalinaShop.lt J\u016bs\u0173 sveikatai ir gro\u017eiui.","article_modified_time":"2026-02-10T09:47:52+00:00","og_image":[{"width":1000,"height":1000,"url":"https:\/\/www.malinashop.lt\/wp-content\/uploads\/2025\/11\/PAESE-skaistala10.jpg","type":"image\/jpeg"}],"twitter_card":"summary_large_image","schema":{"@context":"https:\/\/schema.org","@graph":[{"@type":"WebPage","@id":"https:\/\/www.malinashop.lt\/en\/shop\/paese-selfglow-blush-04-crush-skaistalai-3-g\/","url":"https:\/\/www.malinashop.lt\/en\/shop\/paese-selfglow-blush-04-crush-skaistalai-3-g\/","name":"PAESE SELFGLOW BLUSH 04 Crush skaistalai, 3 g - MalinaShop.lt J\u016bs\u0173 sveikatai ir gro\u017eiui.","isPartOf":{"@id":"https:\/\/www.malinashop.lt\/#website"},"primaryImageOfPage":{"@id":"https:\/\/www.malinashop.lt\/en\/shop\/paese-selfglow-blush-04-crush-skaistalai-3-g\/#primaryimage"},"image":{"@id":"https:\/\/www.malinashop.lt\/en\/shop\/paese-selfglow-blush-04-crush-skaistalai-3-g\/#primaryimage"},"thumbnailUrl":"https:\/\/www.malinashop.lt\/wp-content\/uploads\/2025\/11\/PAESE-skaistala10.jpg","datePublished":"2025-11-24T15:48:53+00:00","dateModified":"2026-02-10T09:47:52+00:00","description":"PAESE SELFGLOW BLUSH 04 Crush \u2013 pigmentuoti, ilgai i\u0161liekantys skaistalai, suteikiantys nat\u016bral\u0173 spindes\u012f ir gaiv\u0173 skruost\u0173 atspalv\u012f. T\u016bris 3 g.","breadcrumb":{"@id":"https:\/\/www.malinashop.lt\/en\/shop\/paese-selfglow-blush-04-crush-skaistalai-3-g\/#breadcrumb"},"inLanguage":"en-GB","potentialAction":[{"@type":"ReadAction","target":["https:\/\/www.malinashop.lt\/en\/shop\/paese-selfglow-blush-04-crush-skaistalai-3-g\/"]}]},{"@type":"ImageObject","inLanguage":"en-GB","@id":"https:\/\/www.malinashop.lt\/en\/shop\/paese-selfglow-blush-04-crush-skaistalai-3-g\/#primaryimage","url":"https:\/\/www.malinashop.lt\/wp-content\/uploads\/2025\/11\/PAESE-skaistala10.jpg","contentUrl":"https:\/\/www.malinashop.lt\/wp-content\/uploads\/2025\/11\/PAESE-skaistala10.jpg","width":1000,"height":1000},{"@type":"BreadcrumbList","@id":"https:\/\/www.malinashop.lt\/en\/shop\/paese-selfglow-blush-04-crush-skaistalai-3-g\/#breadcrumb","itemListElement":[{"@type":"ListItem","position":1,"name":"Pagrindinis","item":"https:\/\/www.malinashop.lt\/"},{"@type":"ListItem","position":2,"name":"Parduotuv\u0117","item":"https:\/\/www.malinashop.lt\/en\/parduotuve\/"},{"@type":"ListItem","position":3,"name":"PAESE SELFGLOW BLUSH 04 Crush skaistalai, 3 g"}]},{"@type":"WebSite","@id":"https:\/\/www.malinashop.lt\/#website","url":"https:\/\/www.malinashop.lt\/","name":"COM Group Ecommerce","description":"MalinaShop.lt - Gro\u017eio ir sveikatos produktai i\u0161 patikim\u0173 preki\u0173 \u017eenkl\u0173. Atraskite auk\u0161tos kokyb\u0117s kosmetik\u0105 u\u017e puiki\u0105 kain\u0105.","publisher":{"@id":"https:\/\/www.malinashop.lt\/#organization"},"potentialAction":[{"@type":"SearchAction","target":{"@type":"EntryPoint","urlTemplate":"https:\/\/www.malinashop.lt\/?s={search_term_string}"},"query-input":{"@type":"PropertyValueSpecification","valueRequired":true,"valueName":"search_term_string"}}],"inLanguage":"en-GB"},{"@type":"Organization","@id":"https:\/\/www.malinashop.lt\/#organization","name":"COM Group Ecommerce","url":"https:\/\/www.malinashop.lt\/","logo":{"@type":"ImageObject","inLanguage":"en-GB","@id":"https:\/\/www.malinashop.lt\/#\/schema\/logo\/image\/","url":"https:\/\/www.malinashop.lt\/wp-content\/uploads\/2024\/08\/462559670_3787732518133670_9795632669273463_n-e1731525914575.png","contentUrl":"https:\/\/www.malinashop.lt\/wp-content\/uploads\/2024\/08\/462559670_3787732518133670_9795632669273463_n-e1731525914575.png","width":180,"height":60,"caption":"COM Group Ecommerce"},"image":{"@id":"https:\/\/www.malinashop.lt\/#\/schema\/logo\/image\/"}}]}},"jetpack_sharing_enabled":true,"_links":{"self":[{"href":"https:\/\/www.malinashop.lt\/en\/wp-json\/wp\/v2\/product\/65307","targetHints":{"allow":["GET"]}}],"collection":[{"href":"https:\/\/www.malinashop.lt\/en\/wp-json\/wp\/v2\/product"}],"about":[{"href":"https:\/\/www.malinashop.lt\/en\/wp-json\/wp\/v2\/types\/product"}],"version-history":[{"count":2,"href":"https:\/\/www.malinashop.lt\/en\/wp-json\/wp\/v2\/product\/65307\/revisions"}],"predecessor-version":[{"id":72213,"href":"https:\/\/www.malinashop.lt\/en\/wp-json\/wp\/v2\/product\/65307\/revisions\/72213"}],"wp:featuredmedia":[{"embeddable":true,"href":"https:\/\/www.malinashop.lt\/en\/wp-json\/wp\/v2\/media\/65309"}],"wp:attachment":[{"href":"https:\/\/www.malinashop.lt\/en\/wp-json\/wp\/v2\/media?parent=65307"}],"wp:term":[{"taxonomy":"product_brand","embeddable":true,"href":"https:\/\/www.malinashop.lt\/en\/wp-json\/wp\/v2\/product_brand?post=65307"},{"taxonomy":"product_cat","embeddable":true,"href":"https:\/\/www.malinashop.lt\/en\/wp-json\/wp\/v2\/product_cat?post=65307"},{"taxonomy":"product_tag","embeddable":true,"href":"https:\/\/www.malinashop.lt\/en\/wp-json\/wp\/v2\/product_tag?post=65307"}],"curies":[{"name":"wp","href":"https:\/\/api.w.org\/{rel}","templated":true}]}}