{"id":65299,"date":"2025-11-24T18:48:40","date_gmt":"2025-11-24T15:48:40","guid":{"rendered":"https:\/\/malinashop.lt\/?post_type=product&#038;p=65299"},"modified":"2026-02-10T12:47:53","modified_gmt":"2026-02-10T09:47:53","slug":"paese-selfglow-blush-01-rosy-skaistalai-3-g","status":"publish","type":"product","link":"https:\/\/www.malinashop.lt\/en\/shop\/paese-selfglow-blush-01-rosy-skaistalai-3-g\/","title":{"rendered":"PAESE SELFGLOW BLUSH 01 Rosy skaistalai, 3 g"},"content":{"rendered":"<p data-start=\"163\" data-end=\"458\"><strong data-start=\"163\" data-end=\"206\">PAESE SELFGLOW BLUSH 01 Rosy skaistalai<\/strong> \u2013 tai lengvai sklaidomi, ilgai i\u0161liekantys skaistalai, suteikiantys veidui gaiv\u0173 ir sveikai atrodant\u012f spindes\u012f. \u0160i Rosy atspalvio versija puikiai tinka tiek kasdieniam, tiek vakariniam makia\u017eui, nes leid\u017eia sukurti nuo subtilaus iki ry\u0161kaus rezultato.<\/p>\n<p data-start=\"460\" data-end=\"799\">Selfglow kolekcijoje pateikiamos trys skirtingos tekst\u016bros \u2013 <strong data-start=\"521\" data-end=\"584\">matin\u0117 su \u0161velniais blizgu\u010diais, matin\u0117 ir \u0161ilkin\u0117-\u0161vytinti<\/strong>, tod\u0117l galite lengvai priderinti produkt\u0105 prie savo odos tipo ir norimo \u012fvaizd\u017eio. Skaistalai pasi\u017eymi puikia pigmentacija ir tolygiu padengimu, tod\u0117l lengvai suteiksite veidui nat\u016bralaus skaistumo bei gyvybingumo.<\/p>\n<p data-start=\"801\" data-end=\"815\">T\u016bris: <strong data-start=\"808\" data-end=\"815\">3 g<\/strong><\/p>\n","protected":false},"excerpt":{"rendered":"<p data-start=\"859\" data-end=\"1110\">PAESE SELFGLOW BLUSH 01 Rosy \u2013 lengvai sklaidosi, ilgai i\u0161liekantys ir puikiai pigmentuoti skaistalai, suteikiantys veidui nat\u016bral\u0173 spindes\u012f ir gaiv\u0173 \u012fvaizd\u012f. Trys tekst\u016bros pasirinkimai leid\u017eia sukurti tiek subtil\u0173, tiek ry\u0161kesn\u012f makia\u017e\u0105. T\u016bris: 3 g.<\/p>\n","protected":false},"featured_media":65301,"template":"","meta":[],"product_brand":[1534],"product_cat":[102,526],"product_tag":[1614],"class_list":{"0":"post-65299","1":"product","2":"type-product","3":"status-publish","4":"has-post-thumbnail","6":"product_brand-paese","7":"product_cat-dekoratyvine-kosmetika","8":"product_cat-skaistalai","9":"product_tag-paese","11":"first","12":"instock","13":"purchasable","14":"product-type-simple"},"yoast_head":"<!-- This site is optimized with the Yoast SEO plugin v27.4 - https:\/\/yoast.com\/product\/yoast-seo-wordpress\/ -->\n<title>PAESE SELFGLOW BLUSH 01 Rosy skaistalai, 3 g - MalinaShop.lt J\u016bs\u0173 sveikatai ir gro\u017eiui.<\/title>\n<meta name=\"description\" content=\"PAESE SELFGLOW BLUSH 01 Rosy skaistalai \u2013 ilgai i\u0161liekantys, puikiai pigmentuoti ir lengvai sklaidomi, suteikiantys veidui nat\u016bral\u0173 spindes\u012f. T\u016bris: 3 g.\" \/>\n<meta name=\"robots\" content=\"index, follow, max-snippet:-1, max-image-preview:large, max-video-preview:-1\" \/>\n<link rel=\"canonical\" href=\"https:\/\/www.malinashop.lt\/en\/shop\/paese-selfglow-blush-01-rosy-skaistalai-3-g\/\" \/>\n<meta property=\"og:locale\" content=\"en_GB\" \/>\n<meta property=\"og:type\" content=\"article\" \/>\n<meta property=\"og:title\" content=\"PAESE SELFGLOW BLUSH 01 Rosy skaistalai, 3 g - MalinaShop.lt J\u016bs\u0173 sveikatai ir gro\u017eiui.\" \/>\n<meta property=\"og:description\" content=\"PAESE SELFGLOW BLUSH 01 Rosy skaistalai \u2013 ilgai i\u0161liekantys, puikiai pigmentuoti ir lengvai sklaidomi, suteikiantys veidui nat\u016bral\u0173 spindes\u012f. T\u016bris: 3 g.\" \/>\n<meta property=\"og:url\" content=\"https:\/\/www.malinashop.lt\/en\/shop\/paese-selfglow-blush-01-rosy-skaistalai-3-g\/\" \/>\n<meta property=\"og:site_name\" content=\"MalinaShop.lt J\u016bs\u0173 sveikatai ir gro\u017eiui.\" \/>\n<meta property=\"article:modified_time\" content=\"2026-02-10T09:47:53+00:00\" \/>\n<meta property=\"og:image\" content=\"https:\/\/www.malinashop.lt\/wp-content\/uploads\/2025\/11\/paese-skaistalai.jpg\" \/>\n\t<meta property=\"og:image:width\" content=\"1000\" \/>\n\t<meta property=\"og:image:height\" content=\"1000\" \/>\n\t<meta property=\"og:image:type\" content=\"image\/jpeg\" \/>\n<meta name=\"twitter:card\" content=\"summary_large_image\" \/>\n<script type=\"application\/ld+json\" class=\"yoast-schema-graph\">{\"@context\":\"https:\\\/\\\/schema.org\",\"@graph\":[{\"@type\":\"WebPage\",\"@id\":\"https:\\\/\\\/www.malinashop.lt\\\/en\\\/shop\\\/paese-selfglow-blush-01-rosy-skaistalai-3-g\\\/\",\"url\":\"https:\\\/\\\/www.malinashop.lt\\\/en\\\/shop\\\/paese-selfglow-blush-01-rosy-skaistalai-3-g\\\/\",\"name\":\"PAESE SELFGLOW BLUSH 01 Rosy skaistalai, 3 g - MalinaShop.lt J\u016bs\u0173 sveikatai ir gro\u017eiui.\",\"isPartOf\":{\"@id\":\"https:\\\/\\\/www.malinashop.lt\\\/en\\\/#website\"},\"primaryImageOfPage\":{\"@id\":\"https:\\\/\\\/www.malinashop.lt\\\/en\\\/shop\\\/paese-selfglow-blush-01-rosy-skaistalai-3-g\\\/#primaryimage\"},\"image\":{\"@id\":\"https:\\\/\\\/www.malinashop.lt\\\/en\\\/shop\\\/paese-selfglow-blush-01-rosy-skaistalai-3-g\\\/#primaryimage\"},\"thumbnailUrl\":\"https:\\\/\\\/www.malinashop.lt\\\/wp-content\\\/uploads\\\/2025\\\/11\\\/paese-skaistalai.jpg\",\"datePublished\":\"2025-11-24T15:48:40+00:00\",\"dateModified\":\"2026-02-10T09:47:53+00:00\",\"description\":\"PAESE SELFGLOW BLUSH 01 Rosy skaistalai \u2013 ilgai i\u0161liekantys, puikiai pigmentuoti ir lengvai sklaidomi, suteikiantys veidui nat\u016bral\u0173 spindes\u012f. T\u016bris: 3 g.\",\"breadcrumb\":{\"@id\":\"https:\\\/\\\/www.malinashop.lt\\\/en\\\/shop\\\/paese-selfglow-blush-01-rosy-skaistalai-3-g\\\/#breadcrumb\"},\"inLanguage\":\"en-GB\",\"potentialAction\":[{\"@type\":\"ReadAction\",\"target\":[\"https:\\\/\\\/www.malinashop.lt\\\/en\\\/shop\\\/paese-selfglow-blush-01-rosy-skaistalai-3-g\\\/\"]}]},{\"@type\":\"ImageObject\",\"inLanguage\":\"en-GB\",\"@id\":\"https:\\\/\\\/www.malinashop.lt\\\/en\\\/shop\\\/paese-selfglow-blush-01-rosy-skaistalai-3-g\\\/#primaryimage\",\"url\":\"https:\\\/\\\/www.malinashop.lt\\\/wp-content\\\/uploads\\\/2025\\\/11\\\/paese-skaistalai.jpg\",\"contentUrl\":\"https:\\\/\\\/www.malinashop.lt\\\/wp-content\\\/uploads\\\/2025\\\/11\\\/paese-skaistalai.jpg\",\"width\":1000,\"height\":1000},{\"@type\":\"BreadcrumbList\",\"@id\":\"https:\\\/\\\/www.malinashop.lt\\\/en\\\/shop\\\/paese-selfglow-blush-01-rosy-skaistalai-3-g\\\/#breadcrumb\",\"itemListElement\":[{\"@type\":\"ListItem\",\"position\":1,\"name\":\"Home\",\"item\":\"https:\\\/\\\/www.malinashop.lt\\\/en\\\/\"},{\"@type\":\"ListItem\",\"position\":2,\"name\":\"Parduotuv\u0117\",\"item\":\"https:\\\/\\\/www.malinashop.lt\\\/en\\\/parduotuve\\\/\"},{\"@type\":\"ListItem\",\"position\":3,\"name\":\"PAESE SELFGLOW BLUSH 01 Rosy skaistalai, 3 g\"}]},{\"@type\":\"WebSite\",\"@id\":\"https:\\\/\\\/www.malinashop.lt\\\/en\\\/#website\",\"url\":\"https:\\\/\\\/www.malinashop.lt\\\/en\\\/\",\"name\":\"COM Group Ecommerce\",\"description\":\"MalinaShop.lt - Gro\u017eio ir sveikatos produktai i\u0161 patikim\u0173 preki\u0173 \u017eenkl\u0173. Atraskite auk\u0161tos kokyb\u0117s kosmetik\u0105 u\u017e puiki\u0105 kain\u0105.\",\"publisher\":{\"@id\":\"https:\\\/\\\/www.malinashop.lt\\\/en\\\/#organization\"},\"potentialAction\":[{\"@type\":\"SearchAction\",\"target\":{\"@type\":\"EntryPoint\",\"urlTemplate\":\"https:\\\/\\\/www.malinashop.lt\\\/en\\\/?s={search_term_string}\"},\"query-input\":{\"@type\":\"PropertyValueSpecification\",\"valueRequired\":true,\"valueName\":\"search_term_string\"}}],\"inLanguage\":\"en-GB\"},{\"@type\":\"Organization\",\"@id\":\"https:\\\/\\\/www.malinashop.lt\\\/en\\\/#organization\",\"name\":\"COM Group Ecommerce\",\"url\":\"https:\\\/\\\/www.malinashop.lt\\\/en\\\/\",\"logo\":{\"@type\":\"ImageObject\",\"inLanguage\":\"en-GB\",\"@id\":\"https:\\\/\\\/www.malinashop.lt\\\/en\\\/#\\\/schema\\\/logo\\\/image\\\/\",\"url\":\"https:\\\/\\\/www.malinashop.lt\\\/wp-content\\\/uploads\\\/2024\\\/08\\\/462559670_3787732518133670_9795632669273463_n-e1731525914575.png\",\"contentUrl\":\"https:\\\/\\\/www.malinashop.lt\\\/wp-content\\\/uploads\\\/2024\\\/08\\\/462559670_3787732518133670_9795632669273463_n-e1731525914575.png\",\"width\":180,\"height\":60,\"caption\":\"COM Group Ecommerce\"},\"image\":{\"@id\":\"https:\\\/\\\/www.malinashop.lt\\\/en\\\/#\\\/schema\\\/logo\\\/image\\\/\"}}]}<\/script>\n<!-- \/ Yoast SEO plugin. -->","yoast_head_json":{"title":"PAESE SELFGLOW BLUSH 01 Rosy skaistalai, 3 g - MalinaShop.lt J\u016bs\u0173 sveikatai ir gro\u017eiui.","description":"PAESE SELFGLOW BLUSH 01 Rosy skaistalai \u2013 ilgai i\u0161liekantys, puikiai pigmentuoti ir lengvai sklaidomi, suteikiantys veidui nat\u016bral\u0173 spindes\u012f. T\u016bris: 3 g.","robots":{"index":"index","follow":"follow","max-snippet":"max-snippet:-1","max-image-preview":"max-image-preview:large","max-video-preview":"max-video-preview:-1"},"canonical":"https:\/\/www.malinashop.lt\/en\/shop\/paese-selfglow-blush-01-rosy-skaistalai-3-g\/","og_locale":"en_GB","og_type":"article","og_title":"PAESE SELFGLOW BLUSH 01 Rosy skaistalai, 3 g - MalinaShop.lt J\u016bs\u0173 sveikatai ir gro\u017eiui.","og_description":"PAESE SELFGLOW BLUSH 01 Rosy skaistalai \u2013 ilgai i\u0161liekantys, puikiai pigmentuoti ir lengvai sklaidomi, suteikiantys veidui nat\u016bral\u0173 spindes\u012f. T\u016bris: 3 g.","og_url":"https:\/\/www.malinashop.lt\/en\/shop\/paese-selfglow-blush-01-rosy-skaistalai-3-g\/","og_site_name":"MalinaShop.lt J\u016bs\u0173 sveikatai ir gro\u017eiui.","article_modified_time":"2026-02-10T09:47:53+00:00","og_image":[{"width":1000,"height":1000,"url":"https:\/\/www.malinashop.lt\/wp-content\/uploads\/2025\/11\/paese-skaistalai.jpg","type":"image\/jpeg"}],"twitter_card":"summary_large_image","schema":{"@context":"https:\/\/schema.org","@graph":[{"@type":"WebPage","@id":"https:\/\/www.malinashop.lt\/en\/shop\/paese-selfglow-blush-01-rosy-skaistalai-3-g\/","url":"https:\/\/www.malinashop.lt\/en\/shop\/paese-selfglow-blush-01-rosy-skaistalai-3-g\/","name":"PAESE SELFGLOW BLUSH 01 Rosy skaistalai, 3 g - MalinaShop.lt J\u016bs\u0173 sveikatai ir gro\u017eiui.","isPartOf":{"@id":"https:\/\/www.malinashop.lt\/en\/#website"},"primaryImageOfPage":{"@id":"https:\/\/www.malinashop.lt\/en\/shop\/paese-selfglow-blush-01-rosy-skaistalai-3-g\/#primaryimage"},"image":{"@id":"https:\/\/www.malinashop.lt\/en\/shop\/paese-selfglow-blush-01-rosy-skaistalai-3-g\/#primaryimage"},"thumbnailUrl":"https:\/\/www.malinashop.lt\/wp-content\/uploads\/2025\/11\/paese-skaistalai.jpg","datePublished":"2025-11-24T15:48:40+00:00","dateModified":"2026-02-10T09:47:53+00:00","description":"PAESE SELFGLOW BLUSH 01 Rosy skaistalai \u2013 ilgai i\u0161liekantys, puikiai pigmentuoti ir lengvai sklaidomi, suteikiantys veidui nat\u016bral\u0173 spindes\u012f. T\u016bris: 3 g.","breadcrumb":{"@id":"https:\/\/www.malinashop.lt\/en\/shop\/paese-selfglow-blush-01-rosy-skaistalai-3-g\/#breadcrumb"},"inLanguage":"en-GB","potentialAction":[{"@type":"ReadAction","target":["https:\/\/www.malinashop.lt\/en\/shop\/paese-selfglow-blush-01-rosy-skaistalai-3-g\/"]}]},{"@type":"ImageObject","inLanguage":"en-GB","@id":"https:\/\/www.malinashop.lt\/en\/shop\/paese-selfglow-blush-01-rosy-skaistalai-3-g\/#primaryimage","url":"https:\/\/www.malinashop.lt\/wp-content\/uploads\/2025\/11\/paese-skaistalai.jpg","contentUrl":"https:\/\/www.malinashop.lt\/wp-content\/uploads\/2025\/11\/paese-skaistalai.jpg","width":1000,"height":1000},{"@type":"BreadcrumbList","@id":"https:\/\/www.malinashop.lt\/en\/shop\/paese-selfglow-blush-01-rosy-skaistalai-3-g\/#breadcrumb","itemListElement":[{"@type":"ListItem","position":1,"name":"Home","item":"https:\/\/www.malinashop.lt\/en\/"},{"@type":"ListItem","position":2,"name":"Parduotuv\u0117","item":"https:\/\/www.malinashop.lt\/en\/parduotuve\/"},{"@type":"ListItem","position":3,"name":"PAESE SELFGLOW BLUSH 01 Rosy skaistalai, 3 g"}]},{"@type":"WebSite","@id":"https:\/\/www.malinashop.lt\/en\/#website","url":"https:\/\/www.malinashop.lt\/en\/","name":"COM Group Ecommerce","description":"MalinaShop.lt - Gro\u017eio ir sveikatos produktai i\u0161 patikim\u0173 preki\u0173 \u017eenkl\u0173. Atraskite auk\u0161tos kokyb\u0117s kosmetik\u0105 u\u017e puiki\u0105 kain\u0105.","publisher":{"@id":"https:\/\/www.malinashop.lt\/en\/#organization"},"potentialAction":[{"@type":"SearchAction","target":{"@type":"EntryPoint","urlTemplate":"https:\/\/www.malinashop.lt\/en\/?s={search_term_string}"},"query-input":{"@type":"PropertyValueSpecification","valueRequired":true,"valueName":"search_term_string"}}],"inLanguage":"en-GB"},{"@type":"Organization","@id":"https:\/\/www.malinashop.lt\/en\/#organization","name":"COM Group Ecommerce","url":"https:\/\/www.malinashop.lt\/en\/","logo":{"@type":"ImageObject","inLanguage":"en-GB","@id":"https:\/\/www.malinashop.lt\/en\/#\/schema\/logo\/image\/","url":"https:\/\/www.malinashop.lt\/wp-content\/uploads\/2024\/08\/462559670_3787732518133670_9795632669273463_n-e1731525914575.png","contentUrl":"https:\/\/www.malinashop.lt\/wp-content\/uploads\/2024\/08\/462559670_3787732518133670_9795632669273463_n-e1731525914575.png","width":180,"height":60,"caption":"COM Group Ecommerce"},"image":{"@id":"https:\/\/www.malinashop.lt\/en\/#\/schema\/logo\/image\/"}}]}},"jetpack_sharing_enabled":true,"_links":{"self":[{"href":"https:\/\/www.malinashop.lt\/en\/wp-json\/wp\/v2\/product\/65299","targetHints":{"allow":["GET"]}}],"collection":[{"href":"https:\/\/www.malinashop.lt\/en\/wp-json\/wp\/v2\/product"}],"about":[{"href":"https:\/\/www.malinashop.lt\/en\/wp-json\/wp\/v2\/types\/product"}],"version-history":[{"count":2,"href":"https:\/\/www.malinashop.lt\/en\/wp-json\/wp\/v2\/product\/65299\/revisions"}],"predecessor-version":[{"id":72211,"href":"https:\/\/www.malinashop.lt\/en\/wp-json\/wp\/v2\/product\/65299\/revisions\/72211"}],"wp:featuredmedia":[{"embeddable":true,"href":"https:\/\/www.malinashop.lt\/en\/wp-json\/wp\/v2\/media\/65301"}],"wp:attachment":[{"href":"https:\/\/www.malinashop.lt\/en\/wp-json\/wp\/v2\/media?parent=65299"}],"wp:term":[{"taxonomy":"product_brand","embeddable":true,"href":"https:\/\/www.malinashop.lt\/en\/wp-json\/wp\/v2\/product_brand?post=65299"},{"taxonomy":"product_cat","embeddable":true,"href":"https:\/\/www.malinashop.lt\/en\/wp-json\/wp\/v2\/product_cat?post=65299"},{"taxonomy":"product_tag","embeddable":true,"href":"https:\/\/www.malinashop.lt\/en\/wp-json\/wp\/v2\/product_tag?post=65299"}],"curies":[{"name":"wp","href":"https:\/\/api.w.org\/{rel}","templated":true}]}}