{"id":65294,"date":"2025-11-24T18:48:40","date_gmt":"2025-11-24T15:48:40","guid":{"rendered":"https:\/\/malinashop.lt\/?post_type=product&#038;p=65294"},"modified":"2026-02-10T12:42:11","modified_gmt":"2026-02-10T09:42:11","slug":"nanoteqa-carpet-cleaner-kilimu-valiklis-500-ml","status":"publish","type":"product","link":"https:\/\/www.malinashop.lt\/en\/shop\/nanoteqa-carpet-cleaner-kilimu-valiklis-500-ml\/","title":{"rendered":"NANOTEQA CARPET CLEANER kilim\u0173 valiklis, 500 ml"},"content":{"rendered":"<div class=\"ewa-rteLine\">\n<p data-start=\"140\" data-end=\"431\"><strong data-start=\"140\" data-end=\"167\">NANOTEQA Carpet Cleaner<\/strong> \u2013 tai efektyvus ir saugus kilim\u0173 valiklis, skirtas vis\u0173 tip\u0173 kilimams ir kilimin\u0117ms dangoms. Pa\u017eangi formul\u0117 su koncentruotomis valomosiomis med\u017eiagomis giliai \u012fsiskverbia \u012f audinio pluo\u0161tus, efektyviai pa\u0161alindama purv\u0105, dulkes, riebalus bei \u012fsisen\u0117jusias d\u0117mes.<\/p>\n<p data-start=\"433\" data-end=\"710\">Sud\u0117tyje esan\u010dios <strong data-start=\"451\" data-end=\"474\">nanosidabro dalel\u0117s<\/strong> padeda atkurti kilimo \u0161var\u0105 ir estetin\u0119 i\u0161vaizd\u0105, suteikia pavir\u0161iui papildom\u0105 apsaugin\u012f sluoksn\u012f bei padeda ilgiau i\u0161laikyti \u0161var\u0105. Valiklis nepa\u017eeid\u017eia kilimo strukt\u016bros, nepalieka balt\u0173 d\u0117mi\u0173 ar dry\u017ei\u0173 ir nekei\u010dia audinio tekst\u016bros.<\/p>\n<p data-start=\"712\" data-end=\"958\">Priemon\u0117 neturi agresyvi\u0173 komponent\u0173, toki\u0173 kaip chloras ar r\u016bg\u0161tys, tod\u0117l tinka naudoti kasdien\u0117je buityje. D\u0117l didel\u0117s veikli\u0173j\u0173 med\u017eiag\u0173 koncentracijos u\u017etikrinamas ekonomi\u0161kas naudojimas ir puikus rezultatas net esant ma\u017eam priemon\u0117s kiekiui.<\/p>\n<p data-start=\"960\" data-end=\"1074\"><strong data-start=\"960\" data-end=\"989\">Tinka vis\u0173 tip\u0173 kilimams:<\/strong><br data-start=\"989\" data-end=\"992\" \/>Nailoniniams, poliesteriniams, vilnoniams, polipropileniniams, triexta ir kitiems.<\/p>\n<\/div>\n","protected":false},"excerpt":{"rendered":"<p data-start=\"1116\" data-end=\"1300\">NANOTEQA Carpet Cleaner \u2013 universalus kilim\u0173 valiklis, kuris giliai valo, pa\u0161alina d\u0117mes ir ne\u0161varumus, nepa\u017eeid\u017eia audinio bei padeda ilgiau i\u0161laikyti \u0161var\u0105. Tinka vis\u0173 tip\u0173 kilimams.<\/p>\n","protected":false},"featured_media":65296,"template":"","meta":[],"product_brand":[1539],"product_cat":[1167],"product_tag":[1613],"class_list":{"0":"post-65294","1":"product","2":"type-product","3":"status-publish","4":"has-post-thumbnail","6":"product_brand-nanoteqa","7":"product_cat-valikliai","8":"product_tag-nanoteqa","10":"first","11":"instock","12":"purchasable","13":"product-type-simple"},"yoast_head":"<!-- This site is optimized with the Yoast SEO plugin v27.4 - https:\/\/yoast.com\/product\/yoast-seo-wordpress\/ -->\n<title>NANOTEQA CARPET CLEANER kilim\u0173 valiklis, 500 ml - MalinaShop.lt J\u016bs\u0173 sveikatai ir gro\u017eiui.<\/title>\n<meta name=\"description\" content=\"NANOTEQA kilim\u0173 valiklis Carpet Cleaner \u2013 efektyviai \u0161alina d\u0117mes, purv\u0105 ir dulkes. Saugi formul\u0117, tinka vis\u0173 tip\u0173 kilimams, nepalieka dry\u017ei\u0173.\" \/>\n<meta name=\"robots\" content=\"index, follow, max-snippet:-1, max-image-preview:large, max-video-preview:-1\" \/>\n<link rel=\"canonical\" href=\"https:\/\/www.malinashop.lt\/en\/shop\/nanoteqa-carpet-cleaner-kilimu-valiklis-500-ml\/\" \/>\n<meta property=\"og:locale\" content=\"en_GB\" \/>\n<meta property=\"og:type\" content=\"article\" \/>\n<meta property=\"og:title\" content=\"NANOTEQA CARPET CLEANER kilim\u0173 valiklis, 500 ml - MalinaShop.lt J\u016bs\u0173 sveikatai ir gro\u017eiui.\" \/>\n<meta property=\"og:description\" content=\"NANOTEQA kilim\u0173 valiklis Carpet Cleaner \u2013 efektyviai \u0161alina d\u0117mes, purv\u0105 ir dulkes. Saugi formul\u0117, tinka vis\u0173 tip\u0173 kilimams, nepalieka dry\u017ei\u0173.\" \/>\n<meta property=\"og:url\" content=\"https:\/\/www.malinashop.lt\/en\/shop\/nanoteqa-carpet-cleaner-kilimu-valiklis-500-ml\/\" \/>\n<meta property=\"og:site_name\" content=\"MalinaShop.lt J\u016bs\u0173 sveikatai ir gro\u017eiui.\" \/>\n<meta property=\"article:modified_time\" content=\"2026-02-10T09:42:11+00:00\" \/>\n<meta property=\"og:image\" content=\"https:\/\/www.malinashop.lt\/wp-content\/uploads\/2025\/11\/5065013751245.jpg\" \/>\n\t<meta property=\"og:image:width\" content=\"1000\" \/>\n\t<meta property=\"og:image:height\" content=\"1000\" \/>\n\t<meta property=\"og:image:type\" content=\"image\/jpeg\" \/>\n<meta name=\"twitter:card\" content=\"summary_large_image\" \/>\n<script type=\"application\/ld+json\" class=\"yoast-schema-graph\">{\"@context\":\"https:\\\/\\\/schema.org\",\"@graph\":[{\"@type\":\"WebPage\",\"@id\":\"https:\\\/\\\/www.malinashop.lt\\\/en\\\/shop\\\/nanoteqa-carpet-cleaner-kilimu-valiklis-500-ml\\\/\",\"url\":\"https:\\\/\\\/www.malinashop.lt\\\/en\\\/shop\\\/nanoteqa-carpet-cleaner-kilimu-valiklis-500-ml\\\/\",\"name\":\"NANOTEQA CARPET CLEANER kilim\u0173 valiklis, 500 ml - MalinaShop.lt J\u016bs\u0173 sveikatai ir gro\u017eiui.\",\"isPartOf\":{\"@id\":\"https:\\\/\\\/www.malinashop.lt\\\/#website\"},\"primaryImageOfPage\":{\"@id\":\"https:\\\/\\\/www.malinashop.lt\\\/en\\\/shop\\\/nanoteqa-carpet-cleaner-kilimu-valiklis-500-ml\\\/#primaryimage\"},\"image\":{\"@id\":\"https:\\\/\\\/www.malinashop.lt\\\/en\\\/shop\\\/nanoteqa-carpet-cleaner-kilimu-valiklis-500-ml\\\/#primaryimage\"},\"thumbnailUrl\":\"https:\\\/\\\/www.malinashop.lt\\\/wp-content\\\/uploads\\\/2025\\\/11\\\/5065013751245.jpg\",\"datePublished\":\"2025-11-24T15:48:40+00:00\",\"dateModified\":\"2026-02-10T09:42:11+00:00\",\"description\":\"NANOTEQA kilim\u0173 valiklis Carpet Cleaner \u2013 efektyviai \u0161alina d\u0117mes, purv\u0105 ir dulkes. Saugi formul\u0117, tinka vis\u0173 tip\u0173 kilimams, nepalieka dry\u017ei\u0173.\",\"breadcrumb\":{\"@id\":\"https:\\\/\\\/www.malinashop.lt\\\/en\\\/shop\\\/nanoteqa-carpet-cleaner-kilimu-valiklis-500-ml\\\/#breadcrumb\"},\"inLanguage\":\"en-GB\",\"potentialAction\":[{\"@type\":\"ReadAction\",\"target\":[\"https:\\\/\\\/www.malinashop.lt\\\/en\\\/shop\\\/nanoteqa-carpet-cleaner-kilimu-valiklis-500-ml\\\/\"]}]},{\"@type\":\"ImageObject\",\"inLanguage\":\"en-GB\",\"@id\":\"https:\\\/\\\/www.malinashop.lt\\\/en\\\/shop\\\/nanoteqa-carpet-cleaner-kilimu-valiklis-500-ml\\\/#primaryimage\",\"url\":\"https:\\\/\\\/www.malinashop.lt\\\/wp-content\\\/uploads\\\/2025\\\/11\\\/5065013751245.jpg\",\"contentUrl\":\"https:\\\/\\\/www.malinashop.lt\\\/wp-content\\\/uploads\\\/2025\\\/11\\\/5065013751245.jpg\",\"width\":1000,\"height\":1000},{\"@type\":\"BreadcrumbList\",\"@id\":\"https:\\\/\\\/www.malinashop.lt\\\/en\\\/shop\\\/nanoteqa-carpet-cleaner-kilimu-valiklis-500-ml\\\/#breadcrumb\",\"itemListElement\":[{\"@type\":\"ListItem\",\"position\":1,\"name\":\"Pagrindinis\",\"item\":\"https:\\\/\\\/www.malinashop.lt\\\/\"},{\"@type\":\"ListItem\",\"position\":2,\"name\":\"Parduotuv\u0117\",\"item\":\"https:\\\/\\\/www.malinashop.lt\\\/en\\\/parduotuve\\\/\"},{\"@type\":\"ListItem\",\"position\":3,\"name\":\"NANOTEQA CARPET CLEANER kilim\u0173 valiklis, 500 ml\"}]},{\"@type\":\"WebSite\",\"@id\":\"https:\\\/\\\/www.malinashop.lt\\\/#website\",\"url\":\"https:\\\/\\\/www.malinashop.lt\\\/\",\"name\":\"COM Group Ecommerce\",\"description\":\"MalinaShop.lt - Gro\u017eio ir sveikatos produktai i\u0161 patikim\u0173 preki\u0173 \u017eenkl\u0173. Atraskite auk\u0161tos kokyb\u0117s kosmetik\u0105 u\u017e puiki\u0105 kain\u0105.\",\"publisher\":{\"@id\":\"https:\\\/\\\/www.malinashop.lt\\\/#organization\"},\"potentialAction\":[{\"@type\":\"SearchAction\",\"target\":{\"@type\":\"EntryPoint\",\"urlTemplate\":\"https:\\\/\\\/www.malinashop.lt\\\/?s={search_term_string}\"},\"query-input\":{\"@type\":\"PropertyValueSpecification\",\"valueRequired\":true,\"valueName\":\"search_term_string\"}}],\"inLanguage\":\"en-GB\"},{\"@type\":\"Organization\",\"@id\":\"https:\\\/\\\/www.malinashop.lt\\\/#organization\",\"name\":\"COM Group Ecommerce\",\"url\":\"https:\\\/\\\/www.malinashop.lt\\\/\",\"logo\":{\"@type\":\"ImageObject\",\"inLanguage\":\"en-GB\",\"@id\":\"https:\\\/\\\/www.malinashop.lt\\\/#\\\/schema\\\/logo\\\/image\\\/\",\"url\":\"https:\\\/\\\/www.malinashop.lt\\\/wp-content\\\/uploads\\\/2024\\\/08\\\/462559670_3787732518133670_9795632669273463_n-e1731525914575.png\",\"contentUrl\":\"https:\\\/\\\/www.malinashop.lt\\\/wp-content\\\/uploads\\\/2024\\\/08\\\/462559670_3787732518133670_9795632669273463_n-e1731525914575.png\",\"width\":180,\"height\":60,\"caption\":\"COM Group Ecommerce\"},\"image\":{\"@id\":\"https:\\\/\\\/www.malinashop.lt\\\/#\\\/schema\\\/logo\\\/image\\\/\"}}]}<\/script>\n<!-- \/ Yoast SEO plugin. -->","yoast_head_json":{"title":"NANOTEQA CARPET CLEANER kilim\u0173 valiklis, 500 ml - MalinaShop.lt J\u016bs\u0173 sveikatai ir gro\u017eiui.","description":"NANOTEQA kilim\u0173 valiklis Carpet Cleaner \u2013 efektyviai \u0161alina d\u0117mes, purv\u0105 ir dulkes. Saugi formul\u0117, tinka vis\u0173 tip\u0173 kilimams, nepalieka dry\u017ei\u0173.","robots":{"index":"index","follow":"follow","max-snippet":"max-snippet:-1","max-image-preview":"max-image-preview:large","max-video-preview":"max-video-preview:-1"},"canonical":"https:\/\/www.malinashop.lt\/en\/shop\/nanoteqa-carpet-cleaner-kilimu-valiklis-500-ml\/","og_locale":"en_GB","og_type":"article","og_title":"NANOTEQA CARPET CLEANER kilim\u0173 valiklis, 500 ml - MalinaShop.lt J\u016bs\u0173 sveikatai ir gro\u017eiui.","og_description":"NANOTEQA kilim\u0173 valiklis Carpet Cleaner \u2013 efektyviai \u0161alina d\u0117mes, purv\u0105 ir dulkes. Saugi formul\u0117, tinka vis\u0173 tip\u0173 kilimams, nepalieka dry\u017ei\u0173.","og_url":"https:\/\/www.malinashop.lt\/en\/shop\/nanoteqa-carpet-cleaner-kilimu-valiklis-500-ml\/","og_site_name":"MalinaShop.lt J\u016bs\u0173 sveikatai ir gro\u017eiui.","article_modified_time":"2026-02-10T09:42:11+00:00","og_image":[{"width":1000,"height":1000,"url":"https:\/\/www.malinashop.lt\/wp-content\/uploads\/2025\/11\/5065013751245.jpg","type":"image\/jpeg"}],"twitter_card":"summary_large_image","schema":{"@context":"https:\/\/schema.org","@graph":[{"@type":"WebPage","@id":"https:\/\/www.malinashop.lt\/en\/shop\/nanoteqa-carpet-cleaner-kilimu-valiklis-500-ml\/","url":"https:\/\/www.malinashop.lt\/en\/shop\/nanoteqa-carpet-cleaner-kilimu-valiklis-500-ml\/","name":"NANOTEQA CARPET CLEANER kilim\u0173 valiklis, 500 ml - MalinaShop.lt J\u016bs\u0173 sveikatai ir gro\u017eiui.","isPartOf":{"@id":"https:\/\/www.malinashop.lt\/#website"},"primaryImageOfPage":{"@id":"https:\/\/www.malinashop.lt\/en\/shop\/nanoteqa-carpet-cleaner-kilimu-valiklis-500-ml\/#primaryimage"},"image":{"@id":"https:\/\/www.malinashop.lt\/en\/shop\/nanoteqa-carpet-cleaner-kilimu-valiklis-500-ml\/#primaryimage"},"thumbnailUrl":"https:\/\/www.malinashop.lt\/wp-content\/uploads\/2025\/11\/5065013751245.jpg","datePublished":"2025-11-24T15:48:40+00:00","dateModified":"2026-02-10T09:42:11+00:00","description":"NANOTEQA kilim\u0173 valiklis Carpet Cleaner \u2013 efektyviai \u0161alina d\u0117mes, purv\u0105 ir dulkes. Saugi formul\u0117, tinka vis\u0173 tip\u0173 kilimams, nepalieka dry\u017ei\u0173.","breadcrumb":{"@id":"https:\/\/www.malinashop.lt\/en\/shop\/nanoteqa-carpet-cleaner-kilimu-valiklis-500-ml\/#breadcrumb"},"inLanguage":"en-GB","potentialAction":[{"@type":"ReadAction","target":["https:\/\/www.malinashop.lt\/en\/shop\/nanoteqa-carpet-cleaner-kilimu-valiklis-500-ml\/"]}]},{"@type":"ImageObject","inLanguage":"en-GB","@id":"https:\/\/www.malinashop.lt\/en\/shop\/nanoteqa-carpet-cleaner-kilimu-valiklis-500-ml\/#primaryimage","url":"https:\/\/www.malinashop.lt\/wp-content\/uploads\/2025\/11\/5065013751245.jpg","contentUrl":"https:\/\/www.malinashop.lt\/wp-content\/uploads\/2025\/11\/5065013751245.jpg","width":1000,"height":1000},{"@type":"BreadcrumbList","@id":"https:\/\/www.malinashop.lt\/en\/shop\/nanoteqa-carpet-cleaner-kilimu-valiklis-500-ml\/#breadcrumb","itemListElement":[{"@type":"ListItem","position":1,"name":"Pagrindinis","item":"https:\/\/www.malinashop.lt\/"},{"@type":"ListItem","position":2,"name":"Parduotuv\u0117","item":"https:\/\/www.malinashop.lt\/en\/parduotuve\/"},{"@type":"ListItem","position":3,"name":"NANOTEQA CARPET CLEANER kilim\u0173 valiklis, 500 ml"}]},{"@type":"WebSite","@id":"https:\/\/www.malinashop.lt\/#website","url":"https:\/\/www.malinashop.lt\/","name":"COM Group Ecommerce","description":"MalinaShop.lt - Gro\u017eio ir sveikatos produktai i\u0161 patikim\u0173 preki\u0173 \u017eenkl\u0173. Atraskite auk\u0161tos kokyb\u0117s kosmetik\u0105 u\u017e puiki\u0105 kain\u0105.","publisher":{"@id":"https:\/\/www.malinashop.lt\/#organization"},"potentialAction":[{"@type":"SearchAction","target":{"@type":"EntryPoint","urlTemplate":"https:\/\/www.malinashop.lt\/?s={search_term_string}"},"query-input":{"@type":"PropertyValueSpecification","valueRequired":true,"valueName":"search_term_string"}}],"inLanguage":"en-GB"},{"@type":"Organization","@id":"https:\/\/www.malinashop.lt\/#organization","name":"COM Group Ecommerce","url":"https:\/\/www.malinashop.lt\/","logo":{"@type":"ImageObject","inLanguage":"en-GB","@id":"https:\/\/www.malinashop.lt\/#\/schema\/logo\/image\/","url":"https:\/\/www.malinashop.lt\/wp-content\/uploads\/2024\/08\/462559670_3787732518133670_9795632669273463_n-e1731525914575.png","contentUrl":"https:\/\/www.malinashop.lt\/wp-content\/uploads\/2024\/08\/462559670_3787732518133670_9795632669273463_n-e1731525914575.png","width":180,"height":60,"caption":"COM Group Ecommerce"},"image":{"@id":"https:\/\/www.malinashop.lt\/#\/schema\/logo\/image\/"}}]}},"jetpack_sharing_enabled":true,"_links":{"self":[{"href":"https:\/\/www.malinashop.lt\/en\/wp-json\/wp\/v2\/product\/65294","targetHints":{"allow":["GET"]}}],"collection":[{"href":"https:\/\/www.malinashop.lt\/en\/wp-json\/wp\/v2\/product"}],"about":[{"href":"https:\/\/www.malinashop.lt\/en\/wp-json\/wp\/v2\/types\/product"}],"version-history":[{"count":2,"href":"https:\/\/www.malinashop.lt\/en\/wp-json\/wp\/v2\/product\/65294\/revisions"}],"predecessor-version":[{"id":73118,"href":"https:\/\/www.malinashop.lt\/en\/wp-json\/wp\/v2\/product\/65294\/revisions\/73118"}],"wp:featuredmedia":[{"embeddable":true,"href":"https:\/\/www.malinashop.lt\/en\/wp-json\/wp\/v2\/media\/65296"}],"wp:attachment":[{"href":"https:\/\/www.malinashop.lt\/en\/wp-json\/wp\/v2\/media?parent=65294"}],"wp:term":[{"taxonomy":"product_brand","embeddable":true,"href":"https:\/\/www.malinashop.lt\/en\/wp-json\/wp\/v2\/product_brand?post=65294"},{"taxonomy":"product_cat","embeddable":true,"href":"https:\/\/www.malinashop.lt\/en\/wp-json\/wp\/v2\/product_cat?post=65294"},{"taxonomy":"product_tag","embeddable":true,"href":"https:\/\/www.malinashop.lt\/en\/wp-json\/wp\/v2\/product_tag?post=65294"}],"curies":[{"name":"wp","href":"https:\/\/api.w.org\/{rel}","templated":true}]}}