{"id":65285,"date":"2025-11-24T18:48:40","date_gmt":"2025-11-24T15:48:40","guid":{"rendered":"https:\/\/malinashop.lt\/?post_type=product&#038;p=65285"},"modified":"2026-02-10T12:42:11","modified_gmt":"2026-02-10T09:42:11","slug":"nanoteqa-medininiu-baldu-valiklis-poliruotojas-wood-furniture-cleaner-polisher","status":"publish","type":"product","link":"https:\/\/www.malinashop.lt\/en\/shop\/nanoteqa-medininiu-baldu-valiklis-poliruotojas-wood-furniture-cleaner-polisher\/","title":{"rendered":"NANOTEQA WOOD FURNITURE CLEANER\/POLISHER medinini\u0173 bald\u0173 valiklis\/poliruotojas, 500 ml"},"content":{"rendered":"<p data-start=\"689\" data-end=\"960\"><strong data-start=\"689\" data-end=\"735\">NANOTEQA WOOD FURNITURE CLEANER \/ POLISHER<\/strong> \u2013 tai naujos kartos <strong data-start=\"756\" data-end=\"801\">medini\u0173 pavir\u0161i\u0173 valiklis ir poliruotojas<\/strong>, sukurtas nanotechnologij\u0173 pagrindu. Jis ne tik efektyviai valo, bet ir apsaugo medinius pavir\u0161ius, suteikdamas jiems nat\u016bralaus blizgesio bei gilesn\u0119 spalv\u0105.<\/p>\n<p data-start=\"962\" data-end=\"1204\">Speciali formul\u0117 su <strong data-start=\"982\" data-end=\"995\">nanova\u0161ku<\/strong> pagilina medienos atspalv\u012f ir sukuria apsaugin\u012f sluoksn\u012f, kuris <strong data-start=\"1060\" data-end=\"1097\">neleid\u017eia greitai kauptis dulk\u0117ms<\/strong>. Produktas veiksmingai pa\u0161alina dulkes, ne\u0161varumus bei pir\u0161t\u0173 atspaudus, <strong data-start=\"1171\" data-end=\"1203\">nepalikdamas dry\u017ei\u0173 ar d\u0117mi\u0173<\/strong>.<\/p>\n<p data-start=\"1206\" data-end=\"1464\">Sud\u0117tyje esan\u010dios <strong data-start=\"1224\" data-end=\"1250\">nanosidabrin\u0117s dalel\u0117s<\/strong> suteikia pavir\u0161iui dezodoruojan\u010di\u0173 savybi\u0173 ir padeda stabdyti bakterij\u0173, grybeli\u0173 bei virus\u0173 augim\u0105. D\u0117l \u0161i\u0173 savybi\u0173 valiklis ypa\u010d <strong data-start=\"1382\" data-end=\"1422\">rekomenduojamas alergi\u0161kiems \u017emon\u0117ms<\/strong> ir \u0161eimoms, vertinan\u010dioms \u0161vari\u0105 aplink\u0105.<\/p>\n<p data-start=\"1466\" data-end=\"1496\">Pagrindiniai privalumai:<\/p>\n<ul data-start=\"1497\" data-end=\"1797\">\n<li data-start=\"1497\" data-end=\"1533\">\n<p data-start=\"1499\" data-end=\"1533\">Pa\u017eangi nanotechnologij\u0173 formul\u0117<\/p>\n<\/li>\n<li data-start=\"1534\" data-end=\"1585\">\n<p data-start=\"1536\" data-end=\"1585\">Efektyviai valo ir poliruoja medinius pavir\u0161ius<\/p>\n<\/li>\n<li data-start=\"1586\" data-end=\"1647\">\n<p data-start=\"1588\" data-end=\"1647\">Su nanova\u0161ku \u2013 nat\u016braliam blizgesiui ir spalvos gilinimui<\/p>\n<\/li>\n<li data-start=\"1648\" data-end=\"1704\">\n<p data-start=\"1650\" data-end=\"1704\">Nanosidabrin\u0117s dalel\u0117s \u2013 higieni\u0161kesniems pavir\u0161iams<\/p>\n<\/li>\n<li data-start=\"1705\" data-end=\"1736\">\n<p data-start=\"1707\" data-end=\"1736\">Apsaugo nuo dulki\u0173 nus\u0117dimo<\/p>\n<\/li>\n<li data-start=\"1737\" data-end=\"1766\">\n<p data-start=\"1739\" data-end=\"1766\">Nepalieka dry\u017ei\u0173 ir d\u0117mi\u0173<\/p>\n<\/li>\n<li data-start=\"1767\" data-end=\"1797\">\n<p data-start=\"1769\" data-end=\"1797\">Tinka alergi\u0161kiems \u017emon\u0117ms<\/p>\n<\/li>\n<\/ul>\n<p data-start=\"1799\" data-end=\"1817\">Naudojimas:<\/p>\n<p data-start=\"1818\" data-end=\"1861\">Skirtas <strong data-start=\"1826\" data-end=\"1860\">vis\u0173 tip\u0173 mediniams pavir\u0161iams<\/strong>:<\/p>\n<ul data-start=\"1862\" data-end=\"1991\">\n<li data-start=\"1862\" data-end=\"1889\">\n<p data-start=\"1864\" data-end=\"1889\">Vidaus ir lauko baldams<\/p>\n<\/li>\n<li data-start=\"1890\" data-end=\"1930\">\n<p data-start=\"1892\" data-end=\"1930\">Automobilio salono medin\u0117ms detal\u0117ms<\/p>\n<\/li>\n<li data-start=\"1931\" data-end=\"1991\">\n<p data-start=\"1933\" data-end=\"1991\">Jacht\u0173 ir kit\u0173 transporto priemoni\u0173 mediniams pavir\u0161iams<\/p>\n<\/li>\n<\/ul>\n<p data-start=\"1993\" data-end=\"2010\"><strong data-start=\"1993\" data-end=\"2003\">Talpa:<\/strong> 500 ml<\/p>\n","protected":false},"excerpt":{"rendered":"<p data-start=\"363\" data-end=\"638\">Pa\u017eangus <strong data-start=\"372\" data-end=\"437\">medini\u0173 bald\u0173 valiklis ir poliruotojas su nanotechnologijomis<\/strong>, efektyviai \u0161alinantis dulkes, ne\u0161varumus ir pir\u0161t\u0173 atspaudus. Su nanova\u0161ku ir nanosidabro dalel\u0117mis \u2013 blizgesiui, apsaugai ir ilgalaikiam \u0161varos efektui. Nepalieka dry\u017ei\u0173, tinka alergi\u0161kiems \u017emon\u0117ms.<\/p>\n","protected":false},"featured_media":65287,"template":"","meta":[],"product_brand":[1539],"product_cat":[1167],"product_tag":[1613],"class_list":{"0":"post-65285","1":"product","2":"type-product","3":"status-publish","4":"has-post-thumbnail","6":"product_brand-nanoteqa","7":"product_cat-valikliai","8":"product_tag-nanoteqa","10":"first","11":"instock","12":"purchasable","13":"product-type-simple"},"yoast_head":"<!-- This site is optimized with the Yoast SEO plugin v27.4 - https:\/\/yoast.com\/product\/yoast-seo-wordpress\/ -->\n<title>NANOTEQA WOOD FURNITURE CLEANER\/POLISHER medinini\u0173 bald\u0173 valiklis\/poliruotojas, 500 ml - MalinaShop.lt J\u016bs\u0173 sveikatai ir gro\u017eiui.<\/title>\n<meta name=\"description\" content=\"NANOTEQA medini\u0173 bald\u0173 valiklis ir poliruotojas su nanotechnologijomis. Valo, saugo, suteikia blizges\u012f ir neleid\u017eia kauptis dulk\u0117ms.\" \/>\n<meta name=\"robots\" content=\"index, follow, max-snippet:-1, max-image-preview:large, max-video-preview:-1\" \/>\n<link rel=\"canonical\" href=\"https:\/\/www.malinashop.lt\/en\/shop\/nanoteqa-medininiu-baldu-valiklis-poliruotojas-wood-furniture-cleaner-polisher\/\" \/>\n<meta property=\"og:locale\" content=\"en_GB\" \/>\n<meta property=\"og:type\" content=\"article\" \/>\n<meta property=\"og:title\" content=\"NANOTEQA WOOD FURNITURE CLEANER\/POLISHER medinini\u0173 bald\u0173 valiklis\/poliruotojas, 500 ml - MalinaShop.lt J\u016bs\u0173 sveikatai ir gro\u017eiui.\" \/>\n<meta property=\"og:description\" content=\"NANOTEQA medini\u0173 bald\u0173 valiklis ir poliruotojas su nanotechnologijomis. Valo, saugo, suteikia blizges\u012f ir neleid\u017eia kauptis dulk\u0117ms.\" \/>\n<meta property=\"og:url\" content=\"https:\/\/www.malinashop.lt\/en\/shop\/nanoteqa-medininiu-baldu-valiklis-poliruotojas-wood-furniture-cleaner-polisher\/\" \/>\n<meta property=\"og:site_name\" content=\"MalinaShop.lt J\u016bs\u0173 sveikatai ir gro\u017eiui.\" \/>\n<meta property=\"article:modified_time\" content=\"2026-02-10T09:42:11+00:00\" \/>\n<meta property=\"og:image\" content=\"https:\/\/www.malinashop.lt\/wp-content\/uploads\/2025\/11\/5065013751351.jpg\" \/>\n\t<meta property=\"og:image:width\" content=\"1000\" \/>\n\t<meta property=\"og:image:height\" content=\"1000\" \/>\n\t<meta property=\"og:image:type\" content=\"image\/jpeg\" \/>\n<meta name=\"twitter:card\" content=\"summary_large_image\" \/>\n<script type=\"application\/ld+json\" class=\"yoast-schema-graph\">{\"@context\":\"https:\\\/\\\/schema.org\",\"@graph\":[{\"@type\":\"WebPage\",\"@id\":\"https:\\\/\\\/www.malinashop.lt\\\/shop\\\/nanoteqa-medininiu-baldu-valiklis-poliruotojas-wood-furniture-cleaner-polisher\\\/\",\"url\":\"https:\\\/\\\/www.malinashop.lt\\\/shop\\\/nanoteqa-medininiu-baldu-valiklis-poliruotojas-wood-furniture-cleaner-polisher\\\/\",\"name\":\"NANOTEQA WOOD FURNITURE CLEANER\\\/POLISHER medinini\u0173 bald\u0173 valiklis\\\/poliruotojas, 500 ml - MalinaShop.lt J\u016bs\u0173 sveikatai ir gro\u017eiui.\",\"isPartOf\":{\"@id\":\"https:\\\/\\\/www.malinashop.lt\\\/#website\"},\"primaryImageOfPage\":{\"@id\":\"https:\\\/\\\/www.malinashop.lt\\\/shop\\\/nanoteqa-medininiu-baldu-valiklis-poliruotojas-wood-furniture-cleaner-polisher\\\/#primaryimage\"},\"image\":{\"@id\":\"https:\\\/\\\/www.malinashop.lt\\\/shop\\\/nanoteqa-medininiu-baldu-valiklis-poliruotojas-wood-furniture-cleaner-polisher\\\/#primaryimage\"},\"thumbnailUrl\":\"https:\\\/\\\/www.malinashop.lt\\\/wp-content\\\/uploads\\\/2025\\\/11\\\/5065013751351.jpg\",\"datePublished\":\"2025-11-24T15:48:40+00:00\",\"dateModified\":\"2026-02-10T09:42:11+00:00\",\"description\":\"NANOTEQA medini\u0173 bald\u0173 valiklis ir poliruotojas su nanotechnologijomis. Valo, saugo, suteikia blizges\u012f ir neleid\u017eia kauptis dulk\u0117ms.\",\"breadcrumb\":{\"@id\":\"https:\\\/\\\/www.malinashop.lt\\\/shop\\\/nanoteqa-medininiu-baldu-valiklis-poliruotojas-wood-furniture-cleaner-polisher\\\/#breadcrumb\"},\"inLanguage\":\"en-GB\",\"potentialAction\":[{\"@type\":\"ReadAction\",\"target\":[\"https:\\\/\\\/www.malinashop.lt\\\/shop\\\/nanoteqa-medininiu-baldu-valiklis-poliruotojas-wood-furniture-cleaner-polisher\\\/\"]}]},{\"@type\":\"ImageObject\",\"inLanguage\":\"en-GB\",\"@id\":\"https:\\\/\\\/www.malinashop.lt\\\/shop\\\/nanoteqa-medininiu-baldu-valiklis-poliruotojas-wood-furniture-cleaner-polisher\\\/#primaryimage\",\"url\":\"https:\\\/\\\/www.malinashop.lt\\\/wp-content\\\/uploads\\\/2025\\\/11\\\/5065013751351.jpg\",\"contentUrl\":\"https:\\\/\\\/www.malinashop.lt\\\/wp-content\\\/uploads\\\/2025\\\/11\\\/5065013751351.jpg\",\"width\":1000,\"height\":1000},{\"@type\":\"BreadcrumbList\",\"@id\":\"https:\\\/\\\/www.malinashop.lt\\\/shop\\\/nanoteqa-medininiu-baldu-valiklis-poliruotojas-wood-furniture-cleaner-polisher\\\/#breadcrumb\",\"itemListElement\":[{\"@type\":\"ListItem\",\"position\":1,\"name\":\"Pagrindinis\",\"item\":\"https:\\\/\\\/www.malinashop.lt\\\/\"},{\"@type\":\"ListItem\",\"position\":2,\"name\":\"Parduotuv\u0117\",\"item\":\"https:\\\/\\\/www.malinashop.lt\\\/en\\\/parduotuve\\\/\"},{\"@type\":\"ListItem\",\"position\":3,\"name\":\"NANOTEQA WOOD FURNITURE CLEANER\\\/POLISHER medinini\u0173 bald\u0173 valiklis\\\/poliruotojas, 500 ml\"}]},{\"@type\":\"WebSite\",\"@id\":\"https:\\\/\\\/www.malinashop.lt\\\/#website\",\"url\":\"https:\\\/\\\/www.malinashop.lt\\\/\",\"name\":\"COM Group Ecommerce\",\"description\":\"MalinaShop.lt - Gro\u017eio ir sveikatos produktai i\u0161 patikim\u0173 preki\u0173 \u017eenkl\u0173. Atraskite auk\u0161tos kokyb\u0117s kosmetik\u0105 u\u017e puiki\u0105 kain\u0105.\",\"publisher\":{\"@id\":\"https:\\\/\\\/www.malinashop.lt\\\/#organization\"},\"potentialAction\":[{\"@type\":\"SearchAction\",\"target\":{\"@type\":\"EntryPoint\",\"urlTemplate\":\"https:\\\/\\\/www.malinashop.lt\\\/?s={search_term_string}\"},\"query-input\":{\"@type\":\"PropertyValueSpecification\",\"valueRequired\":true,\"valueName\":\"search_term_string\"}}],\"inLanguage\":\"en-GB\"},{\"@type\":\"Organization\",\"@id\":\"https:\\\/\\\/www.malinashop.lt\\\/#organization\",\"name\":\"COM Group Ecommerce\",\"url\":\"https:\\\/\\\/www.malinashop.lt\\\/\",\"logo\":{\"@type\":\"ImageObject\",\"inLanguage\":\"en-GB\",\"@id\":\"https:\\\/\\\/www.malinashop.lt\\\/#\\\/schema\\\/logo\\\/image\\\/\",\"url\":\"https:\\\/\\\/www.malinashop.lt\\\/wp-content\\\/uploads\\\/2024\\\/08\\\/462559670_3787732518133670_9795632669273463_n-e1731525914575.png\",\"contentUrl\":\"https:\\\/\\\/www.malinashop.lt\\\/wp-content\\\/uploads\\\/2024\\\/08\\\/462559670_3787732518133670_9795632669273463_n-e1731525914575.png\",\"width\":180,\"height\":60,\"caption\":\"COM Group Ecommerce\"},\"image\":{\"@id\":\"https:\\\/\\\/www.malinashop.lt\\\/#\\\/schema\\\/logo\\\/image\\\/\"}}]}<\/script>\n<!-- \/ Yoast SEO plugin. -->","yoast_head_json":{"title":"NANOTEQA WOOD FURNITURE CLEANER\/POLISHER medinini\u0173 bald\u0173 valiklis\/poliruotojas, 500 ml - MalinaShop.lt J\u016bs\u0173 sveikatai ir gro\u017eiui.","description":"NANOTEQA medini\u0173 bald\u0173 valiklis ir poliruotojas su nanotechnologijomis. Valo, saugo, suteikia blizges\u012f ir neleid\u017eia kauptis dulk\u0117ms.","robots":{"index":"index","follow":"follow","max-snippet":"max-snippet:-1","max-image-preview":"max-image-preview:large","max-video-preview":"max-video-preview:-1"},"canonical":"https:\/\/www.malinashop.lt\/en\/shop\/nanoteqa-medininiu-baldu-valiklis-poliruotojas-wood-furniture-cleaner-polisher\/","og_locale":"en_GB","og_type":"article","og_title":"NANOTEQA WOOD FURNITURE CLEANER\/POLISHER medinini\u0173 bald\u0173 valiklis\/poliruotojas, 500 ml - MalinaShop.lt J\u016bs\u0173 sveikatai ir gro\u017eiui.","og_description":"NANOTEQA medini\u0173 bald\u0173 valiklis ir poliruotojas su nanotechnologijomis. Valo, saugo, suteikia blizges\u012f ir neleid\u017eia kauptis dulk\u0117ms.","og_url":"https:\/\/www.malinashop.lt\/en\/shop\/nanoteqa-medininiu-baldu-valiklis-poliruotojas-wood-furniture-cleaner-polisher\/","og_site_name":"MalinaShop.lt J\u016bs\u0173 sveikatai ir gro\u017eiui.","article_modified_time":"2026-02-10T09:42:11+00:00","og_image":[{"width":1000,"height":1000,"url":"https:\/\/www.malinashop.lt\/wp-content\/uploads\/2025\/11\/5065013751351.jpg","type":"image\/jpeg"}],"twitter_card":"summary_large_image","schema":{"@context":"https:\/\/schema.org","@graph":[{"@type":"WebPage","@id":"https:\/\/www.malinashop.lt\/shop\/nanoteqa-medininiu-baldu-valiklis-poliruotojas-wood-furniture-cleaner-polisher\/","url":"https:\/\/www.malinashop.lt\/shop\/nanoteqa-medininiu-baldu-valiklis-poliruotojas-wood-furniture-cleaner-polisher\/","name":"NANOTEQA WOOD FURNITURE CLEANER\/POLISHER medinini\u0173 bald\u0173 valiklis\/poliruotojas, 500 ml - MalinaShop.lt J\u016bs\u0173 sveikatai ir gro\u017eiui.","isPartOf":{"@id":"https:\/\/www.malinashop.lt\/#website"},"primaryImageOfPage":{"@id":"https:\/\/www.malinashop.lt\/shop\/nanoteqa-medininiu-baldu-valiklis-poliruotojas-wood-furniture-cleaner-polisher\/#primaryimage"},"image":{"@id":"https:\/\/www.malinashop.lt\/shop\/nanoteqa-medininiu-baldu-valiklis-poliruotojas-wood-furniture-cleaner-polisher\/#primaryimage"},"thumbnailUrl":"https:\/\/www.malinashop.lt\/wp-content\/uploads\/2025\/11\/5065013751351.jpg","datePublished":"2025-11-24T15:48:40+00:00","dateModified":"2026-02-10T09:42:11+00:00","description":"NANOTEQA medini\u0173 bald\u0173 valiklis ir poliruotojas su nanotechnologijomis. Valo, saugo, suteikia blizges\u012f ir neleid\u017eia kauptis dulk\u0117ms.","breadcrumb":{"@id":"https:\/\/www.malinashop.lt\/shop\/nanoteqa-medininiu-baldu-valiklis-poliruotojas-wood-furniture-cleaner-polisher\/#breadcrumb"},"inLanguage":"en-GB","potentialAction":[{"@type":"ReadAction","target":["https:\/\/www.malinashop.lt\/shop\/nanoteqa-medininiu-baldu-valiklis-poliruotojas-wood-furniture-cleaner-polisher\/"]}]},{"@type":"ImageObject","inLanguage":"en-GB","@id":"https:\/\/www.malinashop.lt\/shop\/nanoteqa-medininiu-baldu-valiklis-poliruotojas-wood-furniture-cleaner-polisher\/#primaryimage","url":"https:\/\/www.malinashop.lt\/wp-content\/uploads\/2025\/11\/5065013751351.jpg","contentUrl":"https:\/\/www.malinashop.lt\/wp-content\/uploads\/2025\/11\/5065013751351.jpg","width":1000,"height":1000},{"@type":"BreadcrumbList","@id":"https:\/\/www.malinashop.lt\/shop\/nanoteqa-medininiu-baldu-valiklis-poliruotojas-wood-furniture-cleaner-polisher\/#breadcrumb","itemListElement":[{"@type":"ListItem","position":1,"name":"Pagrindinis","item":"https:\/\/www.malinashop.lt\/"},{"@type":"ListItem","position":2,"name":"Parduotuv\u0117","item":"https:\/\/www.malinashop.lt\/en\/parduotuve\/"},{"@type":"ListItem","position":3,"name":"NANOTEQA WOOD FURNITURE CLEANER\/POLISHER medinini\u0173 bald\u0173 valiklis\/poliruotojas, 500 ml"}]},{"@type":"WebSite","@id":"https:\/\/www.malinashop.lt\/#website","url":"https:\/\/www.malinashop.lt\/","name":"COM Group Ecommerce","description":"MalinaShop.lt - Gro\u017eio ir sveikatos produktai i\u0161 patikim\u0173 preki\u0173 \u017eenkl\u0173. Atraskite auk\u0161tos kokyb\u0117s kosmetik\u0105 u\u017e puiki\u0105 kain\u0105.","publisher":{"@id":"https:\/\/www.malinashop.lt\/#organization"},"potentialAction":[{"@type":"SearchAction","target":{"@type":"EntryPoint","urlTemplate":"https:\/\/www.malinashop.lt\/?s={search_term_string}"},"query-input":{"@type":"PropertyValueSpecification","valueRequired":true,"valueName":"search_term_string"}}],"inLanguage":"en-GB"},{"@type":"Organization","@id":"https:\/\/www.malinashop.lt\/#organization","name":"COM Group Ecommerce","url":"https:\/\/www.malinashop.lt\/","logo":{"@type":"ImageObject","inLanguage":"en-GB","@id":"https:\/\/www.malinashop.lt\/#\/schema\/logo\/image\/","url":"https:\/\/www.malinashop.lt\/wp-content\/uploads\/2024\/08\/462559670_3787732518133670_9795632669273463_n-e1731525914575.png","contentUrl":"https:\/\/www.malinashop.lt\/wp-content\/uploads\/2024\/08\/462559670_3787732518133670_9795632669273463_n-e1731525914575.png","width":180,"height":60,"caption":"COM Group Ecommerce"},"image":{"@id":"https:\/\/www.malinashop.lt\/#\/schema\/logo\/image\/"}}]}},"jetpack_sharing_enabled":true,"_links":{"self":[{"href":"https:\/\/www.malinashop.lt\/en\/wp-json\/wp\/v2\/product\/65285","targetHints":{"allow":["GET"]}}],"collection":[{"href":"https:\/\/www.malinashop.lt\/en\/wp-json\/wp\/v2\/product"}],"about":[{"href":"https:\/\/www.malinashop.lt\/en\/wp-json\/wp\/v2\/types\/product"}],"version-history":[{"count":2,"href":"https:\/\/www.malinashop.lt\/en\/wp-json\/wp\/v2\/product\/65285\/revisions"}],"predecessor-version":[{"id":73116,"href":"https:\/\/www.malinashop.lt\/en\/wp-json\/wp\/v2\/product\/65285\/revisions\/73116"}],"wp:featuredmedia":[{"embeddable":true,"href":"https:\/\/www.malinashop.lt\/en\/wp-json\/wp\/v2\/media\/65287"}],"wp:attachment":[{"href":"https:\/\/www.malinashop.lt\/en\/wp-json\/wp\/v2\/media?parent=65285"}],"wp:term":[{"taxonomy":"product_brand","embeddable":true,"href":"https:\/\/www.malinashop.lt\/en\/wp-json\/wp\/v2\/product_brand?post=65285"},{"taxonomy":"product_cat","embeddable":true,"href":"https:\/\/www.malinashop.lt\/en\/wp-json\/wp\/v2\/product_cat?post=65285"},{"taxonomy":"product_tag","embeddable":true,"href":"https:\/\/www.malinashop.lt\/en\/wp-json\/wp\/v2\/product_tag?post=65285"}],"curies":[{"name":"wp","href":"https:\/\/api.w.org\/{rel}","templated":true}]}}