{"id":65262,"date":"2025-11-24T18:48:20","date_gmt":"2025-11-24T15:48:20","guid":{"rendered":"https:\/\/malinashop.lt\/?post_type=product&#038;p=65262"},"modified":"2026-02-10T12:42:13","modified_gmt":"2026-02-10T09:42:13","slug":"nanoteqa-bathroom-cleaner-vonios-valiklis-500-ml","status":"publish","type":"product","link":"https:\/\/www.malinashop.lt\/en\/shop\/nanoteqa-bathroom-cleaner-vonios-valiklis-500-ml\/","title":{"rendered":"NANOTEQA BATHROOM CLEANER vonios valiklis, 500 ml"},"content":{"rendered":"<p data-start=\"128\" data-end=\"449\"><strong data-start=\"128\" data-end=\"157\">NANOTEQA Bathroom Cleaner<\/strong> \u2013 tai profesionalus, pur\u0161kiamas vonios valiklis, skirtas efektyviai ir saugiai valyti vonios bei tualeto pavir\u0161ius. Pa\u017eangi formul\u0117 greitai pa\u0161alina <strong data-start=\"307\" data-end=\"416\">kalki\u0173 nuos\u0117das, muilo liku\u010dius, riebalus, vandens akmen\u012f, r\u016bd\u017ei\u0173 d\u0117mes ir kitus \u012fsisen\u0117jusius ne\u0161varumus<\/strong>, kurie gadina pavir\u0161i\u0173 i\u0161vaizd\u0105.<\/p>\n<p data-start=\"451\" data-end=\"758\">Valiklis puikiai tinka <strong data-start=\"474\" data-end=\"565\">du\u0161o kabinoms, akrilin\u0117ms vonioms, plytel\u0117ms, kriaukl\u0117ms, mai\u0161ytuvams ir vonios baldams<\/strong>. Sud\u0117tyje esan\u010dios nanosidabrin\u0117s dalel\u0117s ne tik efektyviai valo, bet ir <strong data-start=\"639\" data-end=\"674\">sudaro plon\u0105 apsaugin\u012f sluoksn\u012f<\/strong>, kuris l\u0117tina pakartotin\u012f ne\u0161varum\u0173 kaupim\u0105si bei padeda palaikyti higienin\u0119 \u0161var\u0105.<\/p>\n<p data-start=\"760\" data-end=\"998\">D\u0117l <strong data-start=\"764\" data-end=\"809\">didel\u0117s veikli\u0173j\u0173 med\u017eiag\u0173 koncentracijos<\/strong> pakanka nedidelio produkto kiekio \u2013 tai ekonomi\u0161kas sprendimas kasdieniam ir gilesniam vonios kambario valymui. Po valymo pavir\u0161iai lieka \u0161var\u016bs, be dry\u017ei\u0173 ir su <strong data-start=\"972\" data-end=\"997\">maloniu, gaiviu kvapu<\/strong>.<\/p>\n<p data-start=\"1000\" data-end=\"1020\"><strong data-start=\"1000\" data-end=\"1018\">Tinka naudoti:<\/strong><\/p>\n<ul data-start=\"1021\" data-end=\"1160\">\n<li data-start=\"1021\" data-end=\"1033\">\n<p data-start=\"1023\" data-end=\"1033\">Tualetui<\/p>\n<\/li>\n<li data-start=\"1034\" data-end=\"1047\">\n<p data-start=\"1036\" data-end=\"1047\">Kriauklei<\/p>\n<\/li>\n<li data-start=\"1048\" data-end=\"1064\">\n<p data-start=\"1050\" data-end=\"1064\">Du\u0161o kabinai<\/p>\n<\/li>\n<li data-start=\"1065\" data-end=\"1094\">\n<p data-start=\"1067\" data-end=\"1094\">Vonios ir sien\u0173 plytel\u0117ms<\/p>\n<\/li>\n<li data-start=\"1095\" data-end=\"1126\">\n<p data-start=\"1097\" data-end=\"1126\">Voniai (taip pat akrilinei)<\/p>\n<\/li>\n<li data-start=\"1095\" data-end=\"1126\">\n<p data-start=\"1097\" data-end=\"1126\">Vonios baldams ir mai\u0161ytuvams<\/p>\n<\/li>\n<\/ul>\n","protected":false},"excerpt":{"rendered":"<p data-start=\"1198\" data-end=\"1391\">Koncentruotas pur\u0161kiamas vonios valiklis su nanosidabru, kuris efektyviai \u0161alina kalkes, muilo liku\u010dius, riebalus ir r\u016bdis. Palieka apsaugin\u012f sluoksn\u012f, u\u017etikrina ilgalaik\u0119 \u0161var\u0105 ir gaiv\u0173 kvap\u0105.<\/p>\n","protected":false},"featured_media":65264,"template":"","meta":[],"product_brand":[1539],"product_cat":[1167],"product_tag":[1613],"class_list":{"0":"post-65262","1":"product","2":"type-product","3":"status-publish","4":"has-post-thumbnail","6":"product_brand-nanoteqa","7":"product_cat-valikliai","8":"product_tag-nanoteqa","10":"first","11":"instock","12":"purchasable","13":"product-type-simple"},"yoast_head":"<!-- This site is optimized with the Yoast SEO plugin v27.4 - https:\/\/yoast.com\/product\/yoast-seo-wordpress\/ -->\n<title>NANOTEQA BATHROOM CLEANER vonios valiklis, 500 ml - MalinaShop.lt J\u016bs\u0173 sveikatai ir gro\u017eiui.<\/title>\n<meta name=\"description\" content=\"NANOTEQA vonios valiklis Bathroom Cleaner \u2013 efektyvus pur\u0161kiamas valiklis kalk\u0117ms, muilui ir r\u016bdims \u0161alinti. Tinka du\u0161ams, plytel\u0117ms, voniai ir kriauklei.\" \/>\n<meta name=\"robots\" content=\"index, follow, max-snippet:-1, max-image-preview:large, max-video-preview:-1\" \/>\n<link rel=\"canonical\" href=\"https:\/\/www.malinashop.lt\/en\/shop\/nanoteqa-bathroom-cleaner-vonios-valiklis-500-ml\/\" \/>\n<meta property=\"og:locale\" content=\"en_GB\" \/>\n<meta property=\"og:type\" content=\"article\" \/>\n<meta property=\"og:title\" content=\"NANOTEQA BATHROOM CLEANER vonios valiklis, 500 ml - MalinaShop.lt J\u016bs\u0173 sveikatai ir gro\u017eiui.\" \/>\n<meta property=\"og:description\" content=\"NANOTEQA vonios valiklis Bathroom Cleaner \u2013 efektyvus pur\u0161kiamas valiklis kalk\u0117ms, muilui ir r\u016bdims \u0161alinti. Tinka du\u0161ams, plytel\u0117ms, voniai ir kriauklei.\" \/>\n<meta property=\"og:url\" content=\"https:\/\/www.malinashop.lt\/en\/shop\/nanoteqa-bathroom-cleaner-vonios-valiklis-500-ml\/\" \/>\n<meta property=\"og:site_name\" content=\"MalinaShop.lt J\u016bs\u0173 sveikatai ir gro\u017eiui.\" \/>\n<meta property=\"article:modified_time\" content=\"2026-02-10T09:42:13+00:00\" \/>\n<meta property=\"og:image\" content=\"https:\/\/www.malinashop.lt\/wp-content\/uploads\/2025\/11\/5065013751009.jpg\" \/>\n\t<meta property=\"og:image:width\" content=\"1000\" \/>\n\t<meta property=\"og:image:height\" content=\"1000\" \/>\n\t<meta property=\"og:image:type\" content=\"image\/jpeg\" \/>\n<meta name=\"twitter:card\" content=\"summary_large_image\" \/>\n<script type=\"application\/ld+json\" class=\"yoast-schema-graph\">{\"@context\":\"https:\\\/\\\/schema.org\",\"@graph\":[{\"@type\":\"WebPage\",\"@id\":\"https:\\\/\\\/www.malinashop.lt\\\/en\\\/shop\\\/nanoteqa-bathroom-cleaner-vonios-valiklis-500-ml\\\/\",\"url\":\"https:\\\/\\\/www.malinashop.lt\\\/en\\\/shop\\\/nanoteqa-bathroom-cleaner-vonios-valiklis-500-ml\\\/\",\"name\":\"NANOTEQA BATHROOM CLEANER vonios valiklis, 500 ml - MalinaShop.lt J\u016bs\u0173 sveikatai ir gro\u017eiui.\",\"isPartOf\":{\"@id\":\"https:\\\/\\\/www.malinashop.lt\\\/en\\\/#website\"},\"primaryImageOfPage\":{\"@id\":\"https:\\\/\\\/www.malinashop.lt\\\/en\\\/shop\\\/nanoteqa-bathroom-cleaner-vonios-valiklis-500-ml\\\/#primaryimage\"},\"image\":{\"@id\":\"https:\\\/\\\/www.malinashop.lt\\\/en\\\/shop\\\/nanoteqa-bathroom-cleaner-vonios-valiklis-500-ml\\\/#primaryimage\"},\"thumbnailUrl\":\"https:\\\/\\\/www.malinashop.lt\\\/wp-content\\\/uploads\\\/2025\\\/11\\\/5065013751009.jpg\",\"datePublished\":\"2025-11-24T15:48:20+00:00\",\"dateModified\":\"2026-02-10T09:42:13+00:00\",\"description\":\"NANOTEQA vonios valiklis Bathroom Cleaner \u2013 efektyvus pur\u0161kiamas valiklis kalk\u0117ms, muilui ir r\u016bdims \u0161alinti. Tinka du\u0161ams, plytel\u0117ms, voniai ir kriauklei.\",\"breadcrumb\":{\"@id\":\"https:\\\/\\\/www.malinashop.lt\\\/en\\\/shop\\\/nanoteqa-bathroom-cleaner-vonios-valiklis-500-ml\\\/#breadcrumb\"},\"inLanguage\":\"en-GB\",\"potentialAction\":[{\"@type\":\"ReadAction\",\"target\":[\"https:\\\/\\\/www.malinashop.lt\\\/en\\\/shop\\\/nanoteqa-bathroom-cleaner-vonios-valiklis-500-ml\\\/\"]}]},{\"@type\":\"ImageObject\",\"inLanguage\":\"en-GB\",\"@id\":\"https:\\\/\\\/www.malinashop.lt\\\/en\\\/shop\\\/nanoteqa-bathroom-cleaner-vonios-valiklis-500-ml\\\/#primaryimage\",\"url\":\"https:\\\/\\\/www.malinashop.lt\\\/wp-content\\\/uploads\\\/2025\\\/11\\\/5065013751009.jpg\",\"contentUrl\":\"https:\\\/\\\/www.malinashop.lt\\\/wp-content\\\/uploads\\\/2025\\\/11\\\/5065013751009.jpg\",\"width\":1000,\"height\":1000},{\"@type\":\"BreadcrumbList\",\"@id\":\"https:\\\/\\\/www.malinashop.lt\\\/en\\\/shop\\\/nanoteqa-bathroom-cleaner-vonios-valiklis-500-ml\\\/#breadcrumb\",\"itemListElement\":[{\"@type\":\"ListItem\",\"position\":1,\"name\":\"Home\",\"item\":\"https:\\\/\\\/www.malinashop.lt\\\/en\\\/\"},{\"@type\":\"ListItem\",\"position\":2,\"name\":\"Parduotuv\u0117\",\"item\":\"https:\\\/\\\/www.malinashop.lt\\\/en\\\/parduotuve\\\/\"},{\"@type\":\"ListItem\",\"position\":3,\"name\":\"NANOTEQA BATHROOM CLEANER vonios valiklis, 500 ml\"}]},{\"@type\":\"WebSite\",\"@id\":\"https:\\\/\\\/www.malinashop.lt\\\/en\\\/#website\",\"url\":\"https:\\\/\\\/www.malinashop.lt\\\/en\\\/\",\"name\":\"COM Group Ecommerce\",\"description\":\"MalinaShop.lt - Gro\u017eio ir sveikatos produktai i\u0161 patikim\u0173 preki\u0173 \u017eenkl\u0173. Atraskite auk\u0161tos kokyb\u0117s kosmetik\u0105 u\u017e puiki\u0105 kain\u0105.\",\"publisher\":{\"@id\":\"https:\\\/\\\/www.malinashop.lt\\\/en\\\/#organization\"},\"potentialAction\":[{\"@type\":\"SearchAction\",\"target\":{\"@type\":\"EntryPoint\",\"urlTemplate\":\"https:\\\/\\\/www.malinashop.lt\\\/en\\\/?s={search_term_string}\"},\"query-input\":{\"@type\":\"PropertyValueSpecification\",\"valueRequired\":true,\"valueName\":\"search_term_string\"}}],\"inLanguage\":\"en-GB\"},{\"@type\":\"Organization\",\"@id\":\"https:\\\/\\\/www.malinashop.lt\\\/en\\\/#organization\",\"name\":\"COM Group Ecommerce\",\"url\":\"https:\\\/\\\/www.malinashop.lt\\\/en\\\/\",\"logo\":{\"@type\":\"ImageObject\",\"inLanguage\":\"en-GB\",\"@id\":\"https:\\\/\\\/www.malinashop.lt\\\/en\\\/#\\\/schema\\\/logo\\\/image\\\/\",\"url\":\"https:\\\/\\\/www.malinashop.lt\\\/wp-content\\\/uploads\\\/2024\\\/08\\\/462559670_3787732518133670_9795632669273463_n-e1731525914575.png\",\"contentUrl\":\"https:\\\/\\\/www.malinashop.lt\\\/wp-content\\\/uploads\\\/2024\\\/08\\\/462559670_3787732518133670_9795632669273463_n-e1731525914575.png\",\"width\":180,\"height\":60,\"caption\":\"COM Group Ecommerce\"},\"image\":{\"@id\":\"https:\\\/\\\/www.malinashop.lt\\\/en\\\/#\\\/schema\\\/logo\\\/image\\\/\"}}]}<\/script>\n<!-- \/ Yoast SEO plugin. -->","yoast_head_json":{"title":"NANOTEQA BATHROOM CLEANER vonios valiklis, 500 ml - MalinaShop.lt J\u016bs\u0173 sveikatai ir gro\u017eiui.","description":"NANOTEQA vonios valiklis Bathroom Cleaner \u2013 efektyvus pur\u0161kiamas valiklis kalk\u0117ms, muilui ir r\u016bdims \u0161alinti. Tinka du\u0161ams, plytel\u0117ms, voniai ir kriauklei.","robots":{"index":"index","follow":"follow","max-snippet":"max-snippet:-1","max-image-preview":"max-image-preview:large","max-video-preview":"max-video-preview:-1"},"canonical":"https:\/\/www.malinashop.lt\/en\/shop\/nanoteqa-bathroom-cleaner-vonios-valiklis-500-ml\/","og_locale":"en_GB","og_type":"article","og_title":"NANOTEQA BATHROOM CLEANER vonios valiklis, 500 ml - MalinaShop.lt J\u016bs\u0173 sveikatai ir gro\u017eiui.","og_description":"NANOTEQA vonios valiklis Bathroom Cleaner \u2013 efektyvus pur\u0161kiamas valiklis kalk\u0117ms, muilui ir r\u016bdims \u0161alinti. Tinka du\u0161ams, plytel\u0117ms, voniai ir kriauklei.","og_url":"https:\/\/www.malinashop.lt\/en\/shop\/nanoteqa-bathroom-cleaner-vonios-valiklis-500-ml\/","og_site_name":"MalinaShop.lt J\u016bs\u0173 sveikatai ir gro\u017eiui.","article_modified_time":"2026-02-10T09:42:13+00:00","og_image":[{"width":1000,"height":1000,"url":"https:\/\/www.malinashop.lt\/wp-content\/uploads\/2025\/11\/5065013751009.jpg","type":"image\/jpeg"}],"twitter_card":"summary_large_image","schema":{"@context":"https:\/\/schema.org","@graph":[{"@type":"WebPage","@id":"https:\/\/www.malinashop.lt\/en\/shop\/nanoteqa-bathroom-cleaner-vonios-valiklis-500-ml\/","url":"https:\/\/www.malinashop.lt\/en\/shop\/nanoteqa-bathroom-cleaner-vonios-valiklis-500-ml\/","name":"NANOTEQA BATHROOM CLEANER vonios valiklis, 500 ml - MalinaShop.lt J\u016bs\u0173 sveikatai ir gro\u017eiui.","isPartOf":{"@id":"https:\/\/www.malinashop.lt\/en\/#website"},"primaryImageOfPage":{"@id":"https:\/\/www.malinashop.lt\/en\/shop\/nanoteqa-bathroom-cleaner-vonios-valiklis-500-ml\/#primaryimage"},"image":{"@id":"https:\/\/www.malinashop.lt\/en\/shop\/nanoteqa-bathroom-cleaner-vonios-valiklis-500-ml\/#primaryimage"},"thumbnailUrl":"https:\/\/www.malinashop.lt\/wp-content\/uploads\/2025\/11\/5065013751009.jpg","datePublished":"2025-11-24T15:48:20+00:00","dateModified":"2026-02-10T09:42:13+00:00","description":"NANOTEQA vonios valiklis Bathroom Cleaner \u2013 efektyvus pur\u0161kiamas valiklis kalk\u0117ms, muilui ir r\u016bdims \u0161alinti. Tinka du\u0161ams, plytel\u0117ms, voniai ir kriauklei.","breadcrumb":{"@id":"https:\/\/www.malinashop.lt\/en\/shop\/nanoteqa-bathroom-cleaner-vonios-valiklis-500-ml\/#breadcrumb"},"inLanguage":"en-GB","potentialAction":[{"@type":"ReadAction","target":["https:\/\/www.malinashop.lt\/en\/shop\/nanoteqa-bathroom-cleaner-vonios-valiklis-500-ml\/"]}]},{"@type":"ImageObject","inLanguage":"en-GB","@id":"https:\/\/www.malinashop.lt\/en\/shop\/nanoteqa-bathroom-cleaner-vonios-valiklis-500-ml\/#primaryimage","url":"https:\/\/www.malinashop.lt\/wp-content\/uploads\/2025\/11\/5065013751009.jpg","contentUrl":"https:\/\/www.malinashop.lt\/wp-content\/uploads\/2025\/11\/5065013751009.jpg","width":1000,"height":1000},{"@type":"BreadcrumbList","@id":"https:\/\/www.malinashop.lt\/en\/shop\/nanoteqa-bathroom-cleaner-vonios-valiklis-500-ml\/#breadcrumb","itemListElement":[{"@type":"ListItem","position":1,"name":"Home","item":"https:\/\/www.malinashop.lt\/en\/"},{"@type":"ListItem","position":2,"name":"Parduotuv\u0117","item":"https:\/\/www.malinashop.lt\/en\/parduotuve\/"},{"@type":"ListItem","position":3,"name":"NANOTEQA BATHROOM CLEANER vonios valiklis, 500 ml"}]},{"@type":"WebSite","@id":"https:\/\/www.malinashop.lt\/en\/#website","url":"https:\/\/www.malinashop.lt\/en\/","name":"COM Group Ecommerce","description":"MalinaShop.lt - Gro\u017eio ir sveikatos produktai i\u0161 patikim\u0173 preki\u0173 \u017eenkl\u0173. Atraskite auk\u0161tos kokyb\u0117s kosmetik\u0105 u\u017e puiki\u0105 kain\u0105.","publisher":{"@id":"https:\/\/www.malinashop.lt\/en\/#organization"},"potentialAction":[{"@type":"SearchAction","target":{"@type":"EntryPoint","urlTemplate":"https:\/\/www.malinashop.lt\/en\/?s={search_term_string}"},"query-input":{"@type":"PropertyValueSpecification","valueRequired":true,"valueName":"search_term_string"}}],"inLanguage":"en-GB"},{"@type":"Organization","@id":"https:\/\/www.malinashop.lt\/en\/#organization","name":"COM Group Ecommerce","url":"https:\/\/www.malinashop.lt\/en\/","logo":{"@type":"ImageObject","inLanguage":"en-GB","@id":"https:\/\/www.malinashop.lt\/en\/#\/schema\/logo\/image\/","url":"https:\/\/www.malinashop.lt\/wp-content\/uploads\/2024\/08\/462559670_3787732518133670_9795632669273463_n-e1731525914575.png","contentUrl":"https:\/\/www.malinashop.lt\/wp-content\/uploads\/2024\/08\/462559670_3787732518133670_9795632669273463_n-e1731525914575.png","width":180,"height":60,"caption":"COM Group Ecommerce"},"image":{"@id":"https:\/\/www.malinashop.lt\/en\/#\/schema\/logo\/image\/"}}]}},"jetpack_sharing_enabled":true,"_links":{"self":[{"href":"https:\/\/www.malinashop.lt\/en\/wp-json\/wp\/v2\/product\/65262","targetHints":{"allow":["GET"]}}],"collection":[{"href":"https:\/\/www.malinashop.lt\/en\/wp-json\/wp\/v2\/product"}],"about":[{"href":"https:\/\/www.malinashop.lt\/en\/wp-json\/wp\/v2\/types\/product"}],"version-history":[{"count":2,"href":"https:\/\/www.malinashop.lt\/en\/wp-json\/wp\/v2\/product\/65262\/revisions"}],"predecessor-version":[{"id":73126,"href":"https:\/\/www.malinashop.lt\/en\/wp-json\/wp\/v2\/product\/65262\/revisions\/73126"}],"wp:featuredmedia":[{"embeddable":true,"href":"https:\/\/www.malinashop.lt\/en\/wp-json\/wp\/v2\/media\/65264"}],"wp:attachment":[{"href":"https:\/\/www.malinashop.lt\/en\/wp-json\/wp\/v2\/media?parent=65262"}],"wp:term":[{"taxonomy":"product_brand","embeddable":true,"href":"https:\/\/www.malinashop.lt\/en\/wp-json\/wp\/v2\/product_brand?post=65262"},{"taxonomy":"product_cat","embeddable":true,"href":"https:\/\/www.malinashop.lt\/en\/wp-json\/wp\/v2\/product_cat?post=65262"},{"taxonomy":"product_tag","embeddable":true,"href":"https:\/\/www.malinashop.lt\/en\/wp-json\/wp\/v2\/product_tag?post=65262"}],"curies":[{"name":"wp","href":"https:\/\/api.w.org\/{rel}","templated":true}]}}