{"id":65160,"date":"2025-11-24T18:46:56","date_gmt":"2025-11-24T15:46:56","guid":{"rendered":"https:\/\/malinashop.lt\/?post_type=product&#038;p=65160"},"modified":"2026-01-12T15:52:22","modified_gmt":"2026-01-12T12:52:22","slug":"minetan-coconut-self-tan-foam-savaiminio-idegio-putos-200-ml","status":"publish","type":"product","link":"https:\/\/www.malinashop.lt\/en\/shop\/minetan-coconut-self-tan-foam-savaiminio-idegio-putos-200-ml\/","title":{"rendered":"MINETAN COCONUT SELF TAN FOAM savaiminio \u012fdegio putos, 200 ml"},"content":{"rendered":"<p data-start=\"70\" data-end=\"390\"><strong data-start=\"70\" data-end=\"135\">MINETAN savaiminio \u012fdegio putos COCONUT SELF TAN FOAM, 200 ml<\/strong> \u2013 tai intensyviai dr\u0117kinan\u010dios, itin tams\u0173 \u012fdeg\u012f suteikian\u010dios savaiminio \u012fdegio putos, sukurtos kokos\u0173 vandens pagrindu. Lengva, greitai susigerianti formul\u0117 ne tik suteikia sodri\u0105, gili\u0105 tamsiai rud\u0105 odos spalv\u0105, bet ir veikia kaip nat\u016bralus dr\u0117kiklis.<\/p>\n<p data-start=\"392\" data-end=\"709\">Nat\u016bralios kokos\u0173 riebal\u0173 r\u016bg\u0161tys padeda raminti sausas odos vietas, gerina odos tekst\u016br\u0105 ir tonus\u0105, o antioksidantais praturtintas kokos\u0173 vanduo atkuria odos dr\u0117gm\u0117s balans\u0105 bei suteikia jai gaivumo. \u0160ios putos leid\u017eia kontroliuoti \u012fdegio intensyvum\u0105 \u2013 nuo nat\u016bralaus iki itin tamsaus rezultato vos per 1\u20133 valandas.<\/p>\n<p data-start=\"711\" data-end=\"856\">Tinka visiems odos tipams ir atspalviams, ypa\u010d tiems, kurie ie\u0161ko greito, ilgai i\u0161liekan\u010dio ir intensyviai dr\u0117kinan\u010dio \u012fdegio be sausumo poj\u016b\u010dio.<\/p>\n<hr data-start=\"858\" data-end=\"861\" \/>\n<p data-start=\"863\" data-end=\"881\"><strong data-start=\"867\" data-end=\"881\">Naudojimas<\/strong><\/p>\n<ul data-start=\"883\" data-end=\"1123\">\n<li data-start=\"883\" data-end=\"950\">\n<p data-start=\"885\" data-end=\"950\">Tepkite ant \u0161varios, nu\u0161veistos odos naudodami \u012fdegio pir\u0161tin\u0119.<\/p>\n<\/li>\n<li data-start=\"951\" data-end=\"1013\">\n<p data-start=\"953\" data-end=\"1013\">Saikingai naudokite ties alk\u016bn\u0117mis, keliais ir kulk\u0161nimis.<\/p>\n<\/li>\n<li data-start=\"1014\" data-end=\"1051\">\n<p data-start=\"1016\" data-end=\"1051\">Po naudojimo nusiplaukite rankas.<\/p>\n<\/li>\n<li data-start=\"1052\" data-end=\"1123\">\n<p data-start=\"1054\" data-end=\"1123\">Pra\u0117jus <strong data-start=\"1062\" data-end=\"1080\">1\u20133+ valandoms<\/strong>, nusiprauskite po du\u0161u drungnu vandeniu.<\/p>\n<\/li>\n<\/ul>\n<p data-start=\"1125\" data-end=\"1163\"><strong data-start=\"1125\" data-end=\"1161\">\u012edegio intensyvumo pasirinkimas:<\/strong><\/p>\n<ul data-start=\"1164\" data-end=\"1230\">\n<li data-start=\"1164\" data-end=\"1195\">\n<p data-start=\"1166\" data-end=\"1195\">1 val. \u2013 nat\u016braliam \u012fdegiui<\/p>\n<\/li>\n<li data-start=\"1196\" data-end=\"1230\">\n<p data-start=\"1198\" data-end=\"1230\">Ilgiau \u2013 tamsesniam rezultatui<\/p>\n<\/li>\n<\/ul>\n<p data-start=\"1232\" data-end=\"1382\">Prauskit\u0117s tik 45 sekundes, nenaudokite muilo ar \u0161veitikli\u0173. \u012edegis toliau gil\u0117s per artimiausias 24 valandas. Po 8\u201316 valand\u0173 galima \u012fprasta higiena.<\/p>\n<p data-start=\"1384\" data-end=\"1510\"><strong data-start=\"1384\" data-end=\"1402\">Rekomendacija:<\/strong> visam k\u016bnui pakanka ~15 ml (apie 10\u201315 \u012fdegio seans\u0173 i\u0161 vieno buteliuko). Dvigubam sluoksniui \u2013 apie 25 ml.<\/p>\n","protected":false},"excerpt":{"rendered":"<p data-start=\"1553\" data-end=\"1738\">MINETAN COCONUT SELF TAN FOAM \u2013 kokos\u0173 vandens pagrindu sukurtos savaiminio \u012fdegio putos, kurios intensyviai dr\u0117kina od\u0105 ir suteikia greit\u0105, sodr\u0173, itin tams\u0173 \u012fdeg\u012f su nat\u016braliu efektu.<\/p>\n","protected":false},"featured_media":65162,"template":"","meta":[],"product_brand":[1542],"product_cat":[1350,731],"product_tag":[],"class_list":{"0":"post-65160","1":"product","2":"type-product","3":"status-publish","4":"has-post-thumbnail","6":"product_brand-minetan","7":"product_cat-idegio-priemones","8":"product_cat-kunui","10":"first","11":"instock","12":"sale","13":"purchasable","14":"product-type-simple"},"yoast_head":"<!-- This site is optimized with the Yoast SEO plugin v27.4 - https:\/\/yoast.com\/product\/yoast-seo-wordpress\/ -->\n<title>MINETAN COCONUT SELF TAN FOAM savaiminio \u012fdegio putos, 200 ml - MalinaShop.lt J\u016bs\u0173 sveikatai ir gro\u017eiui.<\/title>\n<meta name=\"description\" content=\"MINETAN Coconut Self Tan Foam \u2013 intensyviai dr\u0117kinan\u010dios savaiminio \u012fdegio putos su kokos\u0173 vandeniu. Greitas, sodrus ir itin tamsus \u012fdegis.\" \/>\n<meta name=\"robots\" content=\"index, follow, max-snippet:-1, max-image-preview:large, max-video-preview:-1\" \/>\n<link rel=\"canonical\" href=\"https:\/\/www.malinashop.lt\/en\/shop\/minetan-coconut-self-tan-foam-savaiminio-idegio-putos-200-ml\/\" \/>\n<meta property=\"og:locale\" content=\"en_GB\" \/>\n<meta property=\"og:type\" content=\"article\" \/>\n<meta property=\"og:title\" content=\"MINETAN COCONUT SELF TAN FOAM savaiminio \u012fdegio putos, 200 ml - MalinaShop.lt J\u016bs\u0173 sveikatai ir gro\u017eiui.\" \/>\n<meta property=\"og:description\" content=\"MINETAN Coconut Self Tan Foam \u2013 intensyviai dr\u0117kinan\u010dios savaiminio \u012fdegio putos su kokos\u0173 vandeniu. Greitas, sodrus ir itin tamsus \u012fdegis.\" \/>\n<meta property=\"og:url\" content=\"https:\/\/www.malinashop.lt\/en\/shop\/minetan-coconut-self-tan-foam-savaiminio-idegio-putos-200-ml\/\" \/>\n<meta property=\"og:site_name\" content=\"MalinaShop.lt J\u016bs\u0173 sveikatai ir gro\u017eiui.\" \/>\n<meta property=\"article:modified_time\" content=\"2026-01-12T12:52:22+00:00\" \/>\n<meta property=\"og:image\" content=\"https:\/\/www.malinashop.lt\/wp-content\/uploads\/2025\/11\/9347108049120.png\" \/>\n\t<meta property=\"og:image:width\" content=\"1000\" \/>\n\t<meta property=\"og:image:height\" content=\"1000\" \/>\n\t<meta property=\"og:image:type\" content=\"image\/png\" \/>\n<meta name=\"twitter:card\" content=\"summary_large_image\" \/>\n<script type=\"application\/ld+json\" class=\"yoast-schema-graph\">{\"@context\":\"https:\\\/\\\/schema.org\",\"@graph\":[{\"@type\":\"WebPage\",\"@id\":\"https:\\\/\\\/www.malinashop.lt\\\/shop\\\/minetan-coconut-self-tan-foam-savaiminio-idegio-putos-200-ml\\\/\",\"url\":\"https:\\\/\\\/www.malinashop.lt\\\/shop\\\/minetan-coconut-self-tan-foam-savaiminio-idegio-putos-200-ml\\\/\",\"name\":\"MINETAN COCONUT SELF TAN FOAM savaiminio \u012fdegio putos, 200 ml - MalinaShop.lt J\u016bs\u0173 sveikatai ir gro\u017eiui.\",\"isPartOf\":{\"@id\":\"https:\\\/\\\/www.malinashop.lt\\\/#website\"},\"primaryImageOfPage\":{\"@id\":\"https:\\\/\\\/www.malinashop.lt\\\/shop\\\/minetan-coconut-self-tan-foam-savaiminio-idegio-putos-200-ml\\\/#primaryimage\"},\"image\":{\"@id\":\"https:\\\/\\\/www.malinashop.lt\\\/shop\\\/minetan-coconut-self-tan-foam-savaiminio-idegio-putos-200-ml\\\/#primaryimage\"},\"thumbnailUrl\":\"https:\\\/\\\/www.malinashop.lt\\\/wp-content\\\/uploads\\\/2025\\\/11\\\/9347108049120.png\",\"datePublished\":\"2025-11-24T15:46:56+00:00\",\"dateModified\":\"2026-01-12T12:52:22+00:00\",\"description\":\"MINETAN Coconut Self Tan Foam \u2013 intensyviai dr\u0117kinan\u010dios savaiminio \u012fdegio putos su kokos\u0173 vandeniu. Greitas, sodrus ir itin tamsus \u012fdegis.\",\"breadcrumb\":{\"@id\":\"https:\\\/\\\/www.malinashop.lt\\\/shop\\\/minetan-coconut-self-tan-foam-savaiminio-idegio-putos-200-ml\\\/#breadcrumb\"},\"inLanguage\":\"en-GB\",\"potentialAction\":[{\"@type\":\"ReadAction\",\"target\":[\"https:\\\/\\\/www.malinashop.lt\\\/shop\\\/minetan-coconut-self-tan-foam-savaiminio-idegio-putos-200-ml\\\/\"]}]},{\"@type\":\"ImageObject\",\"inLanguage\":\"en-GB\",\"@id\":\"https:\\\/\\\/www.malinashop.lt\\\/shop\\\/minetan-coconut-self-tan-foam-savaiminio-idegio-putos-200-ml\\\/#primaryimage\",\"url\":\"https:\\\/\\\/www.malinashop.lt\\\/wp-content\\\/uploads\\\/2025\\\/11\\\/9347108049120.png\",\"contentUrl\":\"https:\\\/\\\/www.malinashop.lt\\\/wp-content\\\/uploads\\\/2025\\\/11\\\/9347108049120.png\",\"width\":1000,\"height\":1000},{\"@type\":\"BreadcrumbList\",\"@id\":\"https:\\\/\\\/www.malinashop.lt\\\/shop\\\/minetan-coconut-self-tan-foam-savaiminio-idegio-putos-200-ml\\\/#breadcrumb\",\"itemListElement\":[{\"@type\":\"ListItem\",\"position\":1,\"name\":\"Pagrindinis\",\"item\":\"https:\\\/\\\/www.malinashop.lt\\\/\"},{\"@type\":\"ListItem\",\"position\":2,\"name\":\"Parduotuv\u0117\",\"item\":\"https:\\\/\\\/www.malinashop.lt\\\/en\\\/parduotuve\\\/\"},{\"@type\":\"ListItem\",\"position\":3,\"name\":\"MINETAN COCONUT SELF TAN FOAM savaiminio \u012fdegio putos, 200 ml\"}]},{\"@type\":\"WebSite\",\"@id\":\"https:\\\/\\\/www.malinashop.lt\\\/#website\",\"url\":\"https:\\\/\\\/www.malinashop.lt\\\/\",\"name\":\"COM Group Ecommerce\",\"description\":\"MalinaShop.lt - Gro\u017eio ir sveikatos produktai i\u0161 patikim\u0173 preki\u0173 \u017eenkl\u0173. Atraskite auk\u0161tos kokyb\u0117s kosmetik\u0105 u\u017e puiki\u0105 kain\u0105.\",\"publisher\":{\"@id\":\"https:\\\/\\\/www.malinashop.lt\\\/#organization\"},\"potentialAction\":[{\"@type\":\"SearchAction\",\"target\":{\"@type\":\"EntryPoint\",\"urlTemplate\":\"https:\\\/\\\/www.malinashop.lt\\\/?s={search_term_string}\"},\"query-input\":{\"@type\":\"PropertyValueSpecification\",\"valueRequired\":true,\"valueName\":\"search_term_string\"}}],\"inLanguage\":\"en-GB\"},{\"@type\":\"Organization\",\"@id\":\"https:\\\/\\\/www.malinashop.lt\\\/#organization\",\"name\":\"COM Group Ecommerce\",\"url\":\"https:\\\/\\\/www.malinashop.lt\\\/\",\"logo\":{\"@type\":\"ImageObject\",\"inLanguage\":\"en-GB\",\"@id\":\"https:\\\/\\\/www.malinashop.lt\\\/#\\\/schema\\\/logo\\\/image\\\/\",\"url\":\"https:\\\/\\\/www.malinashop.lt\\\/wp-content\\\/uploads\\\/2024\\\/08\\\/462559670_3787732518133670_9795632669273463_n-e1731525914575.png\",\"contentUrl\":\"https:\\\/\\\/www.malinashop.lt\\\/wp-content\\\/uploads\\\/2024\\\/08\\\/462559670_3787732518133670_9795632669273463_n-e1731525914575.png\",\"width\":180,\"height\":60,\"caption\":\"COM Group Ecommerce\"},\"image\":{\"@id\":\"https:\\\/\\\/www.malinashop.lt\\\/#\\\/schema\\\/logo\\\/image\\\/\"}}]}<\/script>\n<!-- \/ Yoast SEO plugin. -->","yoast_head_json":{"title":"MINETAN COCONUT SELF TAN FOAM savaiminio \u012fdegio putos, 200 ml - MalinaShop.lt J\u016bs\u0173 sveikatai ir gro\u017eiui.","description":"MINETAN Coconut Self Tan Foam \u2013 intensyviai dr\u0117kinan\u010dios savaiminio \u012fdegio putos su kokos\u0173 vandeniu. Greitas, sodrus ir itin tamsus \u012fdegis.","robots":{"index":"index","follow":"follow","max-snippet":"max-snippet:-1","max-image-preview":"max-image-preview:large","max-video-preview":"max-video-preview:-1"},"canonical":"https:\/\/www.malinashop.lt\/en\/shop\/minetan-coconut-self-tan-foam-savaiminio-idegio-putos-200-ml\/","og_locale":"en_GB","og_type":"article","og_title":"MINETAN COCONUT SELF TAN FOAM savaiminio \u012fdegio putos, 200 ml - MalinaShop.lt J\u016bs\u0173 sveikatai ir gro\u017eiui.","og_description":"MINETAN Coconut Self Tan Foam \u2013 intensyviai dr\u0117kinan\u010dios savaiminio \u012fdegio putos su kokos\u0173 vandeniu. Greitas, sodrus ir itin tamsus \u012fdegis.","og_url":"https:\/\/www.malinashop.lt\/en\/shop\/minetan-coconut-self-tan-foam-savaiminio-idegio-putos-200-ml\/","og_site_name":"MalinaShop.lt J\u016bs\u0173 sveikatai ir gro\u017eiui.","article_modified_time":"2026-01-12T12:52:22+00:00","og_image":[{"width":1000,"height":1000,"url":"https:\/\/www.malinashop.lt\/wp-content\/uploads\/2025\/11\/9347108049120.png","type":"image\/png"}],"twitter_card":"summary_large_image","schema":{"@context":"https:\/\/schema.org","@graph":[{"@type":"WebPage","@id":"https:\/\/www.malinashop.lt\/shop\/minetan-coconut-self-tan-foam-savaiminio-idegio-putos-200-ml\/","url":"https:\/\/www.malinashop.lt\/shop\/minetan-coconut-self-tan-foam-savaiminio-idegio-putos-200-ml\/","name":"MINETAN COCONUT SELF TAN FOAM savaiminio \u012fdegio putos, 200 ml - MalinaShop.lt J\u016bs\u0173 sveikatai ir gro\u017eiui.","isPartOf":{"@id":"https:\/\/www.malinashop.lt\/#website"},"primaryImageOfPage":{"@id":"https:\/\/www.malinashop.lt\/shop\/minetan-coconut-self-tan-foam-savaiminio-idegio-putos-200-ml\/#primaryimage"},"image":{"@id":"https:\/\/www.malinashop.lt\/shop\/minetan-coconut-self-tan-foam-savaiminio-idegio-putos-200-ml\/#primaryimage"},"thumbnailUrl":"https:\/\/www.malinashop.lt\/wp-content\/uploads\/2025\/11\/9347108049120.png","datePublished":"2025-11-24T15:46:56+00:00","dateModified":"2026-01-12T12:52:22+00:00","description":"MINETAN Coconut Self Tan Foam \u2013 intensyviai dr\u0117kinan\u010dios savaiminio \u012fdegio putos su kokos\u0173 vandeniu. Greitas, sodrus ir itin tamsus \u012fdegis.","breadcrumb":{"@id":"https:\/\/www.malinashop.lt\/shop\/minetan-coconut-self-tan-foam-savaiminio-idegio-putos-200-ml\/#breadcrumb"},"inLanguage":"en-GB","potentialAction":[{"@type":"ReadAction","target":["https:\/\/www.malinashop.lt\/shop\/minetan-coconut-self-tan-foam-savaiminio-idegio-putos-200-ml\/"]}]},{"@type":"ImageObject","inLanguage":"en-GB","@id":"https:\/\/www.malinashop.lt\/shop\/minetan-coconut-self-tan-foam-savaiminio-idegio-putos-200-ml\/#primaryimage","url":"https:\/\/www.malinashop.lt\/wp-content\/uploads\/2025\/11\/9347108049120.png","contentUrl":"https:\/\/www.malinashop.lt\/wp-content\/uploads\/2025\/11\/9347108049120.png","width":1000,"height":1000},{"@type":"BreadcrumbList","@id":"https:\/\/www.malinashop.lt\/shop\/minetan-coconut-self-tan-foam-savaiminio-idegio-putos-200-ml\/#breadcrumb","itemListElement":[{"@type":"ListItem","position":1,"name":"Pagrindinis","item":"https:\/\/www.malinashop.lt\/"},{"@type":"ListItem","position":2,"name":"Parduotuv\u0117","item":"https:\/\/www.malinashop.lt\/en\/parduotuve\/"},{"@type":"ListItem","position":3,"name":"MINETAN COCONUT SELF TAN FOAM savaiminio \u012fdegio putos, 200 ml"}]},{"@type":"WebSite","@id":"https:\/\/www.malinashop.lt\/#website","url":"https:\/\/www.malinashop.lt\/","name":"COM Group Ecommerce","description":"MalinaShop.lt - Gro\u017eio ir sveikatos produktai i\u0161 patikim\u0173 preki\u0173 \u017eenkl\u0173. Atraskite auk\u0161tos kokyb\u0117s kosmetik\u0105 u\u017e puiki\u0105 kain\u0105.","publisher":{"@id":"https:\/\/www.malinashop.lt\/#organization"},"potentialAction":[{"@type":"SearchAction","target":{"@type":"EntryPoint","urlTemplate":"https:\/\/www.malinashop.lt\/?s={search_term_string}"},"query-input":{"@type":"PropertyValueSpecification","valueRequired":true,"valueName":"search_term_string"}}],"inLanguage":"en-GB"},{"@type":"Organization","@id":"https:\/\/www.malinashop.lt\/#organization","name":"COM Group Ecommerce","url":"https:\/\/www.malinashop.lt\/","logo":{"@type":"ImageObject","inLanguage":"en-GB","@id":"https:\/\/www.malinashop.lt\/#\/schema\/logo\/image\/","url":"https:\/\/www.malinashop.lt\/wp-content\/uploads\/2024\/08\/462559670_3787732518133670_9795632669273463_n-e1731525914575.png","contentUrl":"https:\/\/www.malinashop.lt\/wp-content\/uploads\/2024\/08\/462559670_3787732518133670_9795632669273463_n-e1731525914575.png","width":180,"height":60,"caption":"COM Group Ecommerce"},"image":{"@id":"https:\/\/www.malinashop.lt\/#\/schema\/logo\/image\/"}}]}},"jetpack_sharing_enabled":true,"_links":{"self":[{"href":"https:\/\/www.malinashop.lt\/en\/wp-json\/wp\/v2\/product\/65160","targetHints":{"allow":["GET"]}}],"collection":[{"href":"https:\/\/www.malinashop.lt\/en\/wp-json\/wp\/v2\/product"}],"about":[{"href":"https:\/\/www.malinashop.lt\/en\/wp-json\/wp\/v2\/types\/product"}],"version-history":[{"count":2,"href":"https:\/\/www.malinashop.lt\/en\/wp-json\/wp\/v2\/product\/65160\/revisions"}],"predecessor-version":[{"id":73165,"href":"https:\/\/www.malinashop.lt\/en\/wp-json\/wp\/v2\/product\/65160\/revisions\/73165"}],"wp:featuredmedia":[{"embeddable":true,"href":"https:\/\/www.malinashop.lt\/en\/wp-json\/wp\/v2\/media\/65162"}],"wp:attachment":[{"href":"https:\/\/www.malinashop.lt\/en\/wp-json\/wp\/v2\/media?parent=65160"}],"wp:term":[{"taxonomy":"product_brand","embeddable":true,"href":"https:\/\/www.malinashop.lt\/en\/wp-json\/wp\/v2\/product_brand?post=65160"},{"taxonomy":"product_cat","embeddable":true,"href":"https:\/\/www.malinashop.lt\/en\/wp-json\/wp\/v2\/product_cat?post=65160"},{"taxonomy":"product_tag","embeddable":true,"href":"https:\/\/www.malinashop.lt\/en\/wp-json\/wp\/v2\/product_tag?post=65160"}],"curies":[{"name":"wp","href":"https:\/\/api.w.org\/{rel}","templated":true}]}}