{"id":65136,"date":"2025-11-24T18:46:38","date_gmt":"2025-11-24T15:46:38","guid":{"rendered":"https:\/\/malinashop.lt\/?post_type=product&#038;p=65136"},"modified":"2026-01-12T16:54:53","modified_gmt":"2026-01-12T13:54:53","slug":"minetan-bronze-on-applicator-mitt-savaiminio-idegio-pirstine-1-vnt","status":"publish","type":"product","link":"https:\/\/www.malinashop.lt\/en\/shop\/minetan-bronze-on-applicator-mitt-savaiminio-idegio-pirstine-1-vnt\/","title":{"rendered":"MINETAN BRONZE ON APPLICATOR MITT savaiminio \u012fdegio pir\u0161tin\u0117, 1 vnt"},"content":{"rendered":"<p data-start=\"24\" data-end=\"307\"><strong data-start=\"24\" data-end=\"88\">MINETAN savaiminio \u012fdegio pir\u0161tin\u0117 BRONZE ON APPLICATOR MITT<\/strong> \u2013 tai profesionali aksomin\u0117 pir\u0161tin\u0117, skirta nepriekai\u0161tingam ir tolygiam savaiminio \u012fdegio priemoni\u0173 paskirstymui. Ji u\u017etikrina lyg\u0173 padengim\u0105 be dry\u017ei\u0173, d\u0117mi\u0173 ar nelygum\u0173, tod\u0117l \u012fdegis atrodo nat\u016bralus ir esteti\u0161kas.<\/p>\n<p data-start=\"309\" data-end=\"577\">\u0160i savaiminio \u012fdegio pir\u0161tin\u0117 idealiai tinka naudoti su savaiminio \u012fdegio putomis, losjonais ar kremais. Mink\u0161tas, dvipusis aksominis audinys leid\u017eia naudoti pir\u0161tin\u0119 i\u0161 abiej\u0173 pusi\u0173, o tanki med\u017eiaga veikia kaip barjeras, apsaugantis rankas nuo nepageidaujamo \u012fdegio.<\/p>\n<p data-start=\"579\" data-end=\"861\"><strong data-start=\"579\" data-end=\"616\">MINETAN BRONZE ON APPLICATOR MITT<\/strong> sukurta patogiam naudojimui tiek de\u0161iniarankiams, tiek kairiarankiams. Pir\u0161tin\u0117 yra daugkartinio naudojimo, lengvai pri\u017ei\u016brima ir tinkama skalbti skalbimo ma\u0161inoje, tod\u0117l puikiai tiks ilgalaikiam naudojimui namuose ar profesionalioje aplinkoje.<\/p>\n","protected":false},"excerpt":{"rendered":"<p data-start=\"900\" data-end=\"1077\">Aksomin\u0117 savaiminio \u012fdegio pir\u0161tin\u0117, u\u017etikrinanti tolyg\u0173, be dry\u017ei\u0173 \u012fdeg\u012f ir apsauganti rankas nuo nusida\u017eymo. Tinka visoms savaiminio \u012fdegio priemon\u0117ms, daugkartinio naudojimo.<\/p>\n","protected":false},"featured_media":65138,"template":"","meta":[],"product_brand":[1542],"product_cat":[1350,731],"product_tag":[],"class_list":{"0":"post-65136","1":"product","2":"type-product","3":"status-publish","4":"has-post-thumbnail","6":"product_brand-minetan","7":"product_cat-idegio-priemones","8":"product_cat-kunui","10":"first","11":"instock","12":"sale","13":"purchasable","14":"product-type-simple"},"yoast_head":"<!-- This site is optimized with the Yoast SEO plugin v27.4 - https:\/\/yoast.com\/product\/yoast-seo-wordpress\/ -->\n<title>MINETAN BRONZE ON APPLICATOR MITT savaiminio \u012fdegio pir\u0161tin\u0117, 1 vnt - MalinaShop.lt J\u016bs\u0173 sveikatai ir gro\u017eiui.<\/title>\n<meta name=\"description\" content=\"MINETAN savaiminio \u012fdegio pir\u0161tin\u0117 BRONZE ON APPLICATOR MITT \u2013 tolygiam \u012fdegio paskirstymui be dry\u017ei\u0173. Apsaugo rankas, tinka putoms ir losjonams.\" \/>\n<meta name=\"robots\" content=\"index, follow, max-snippet:-1, max-image-preview:large, max-video-preview:-1\" \/>\n<link rel=\"canonical\" href=\"https:\/\/www.malinashop.lt\/en\/shop\/minetan-bronze-on-applicator-mitt-savaiminio-idegio-pirstine-1-vnt\/\" \/>\n<meta property=\"og:locale\" content=\"en_GB\" \/>\n<meta property=\"og:type\" content=\"article\" \/>\n<meta property=\"og:title\" content=\"MINETAN BRONZE ON APPLICATOR MITT savaiminio \u012fdegio pir\u0161tin\u0117, 1 vnt - MalinaShop.lt J\u016bs\u0173 sveikatai ir gro\u017eiui.\" \/>\n<meta property=\"og:description\" content=\"MINETAN savaiminio \u012fdegio pir\u0161tin\u0117 BRONZE ON APPLICATOR MITT \u2013 tolygiam \u012fdegio paskirstymui be dry\u017ei\u0173. Apsaugo rankas, tinka putoms ir losjonams.\" \/>\n<meta property=\"og:url\" content=\"https:\/\/www.malinashop.lt\/en\/shop\/minetan-bronze-on-applicator-mitt-savaiminio-idegio-pirstine-1-vnt\/\" \/>\n<meta property=\"og:site_name\" content=\"MalinaShop.lt J\u016bs\u0173 sveikatai ir gro\u017eiui.\" \/>\n<meta property=\"article:modified_time\" content=\"2026-01-12T13:54:53+00:00\" \/>\n<meta property=\"og:image\" content=\"https:\/\/www.malinashop.lt\/wp-content\/uploads\/2025\/11\/9347108001289.png\" \/>\n\t<meta property=\"og:image:width\" content=\"1000\" \/>\n\t<meta property=\"og:image:height\" content=\"1000\" \/>\n\t<meta property=\"og:image:type\" content=\"image\/png\" \/>\n<meta name=\"twitter:card\" content=\"summary_large_image\" \/>\n<script type=\"application\/ld+json\" class=\"yoast-schema-graph\">{\"@context\":\"https:\\\/\\\/schema.org\",\"@graph\":[{\"@type\":\"WebPage\",\"@id\":\"https:\\\/\\\/www.malinashop.lt\\\/en\\\/shop\\\/minetan-bronze-on-applicator-mitt-savaiminio-idegio-pirstine-1-vnt\\\/\",\"url\":\"https:\\\/\\\/www.malinashop.lt\\\/en\\\/shop\\\/minetan-bronze-on-applicator-mitt-savaiminio-idegio-pirstine-1-vnt\\\/\",\"name\":\"MINETAN BRONZE ON APPLICATOR MITT savaiminio \u012fdegio pir\u0161tin\u0117, 1 vnt - MalinaShop.lt J\u016bs\u0173 sveikatai ir gro\u017eiui.\",\"isPartOf\":{\"@id\":\"https:\\\/\\\/www.malinashop.lt\\\/#website\"},\"primaryImageOfPage\":{\"@id\":\"https:\\\/\\\/www.malinashop.lt\\\/en\\\/shop\\\/minetan-bronze-on-applicator-mitt-savaiminio-idegio-pirstine-1-vnt\\\/#primaryimage\"},\"image\":{\"@id\":\"https:\\\/\\\/www.malinashop.lt\\\/en\\\/shop\\\/minetan-bronze-on-applicator-mitt-savaiminio-idegio-pirstine-1-vnt\\\/#primaryimage\"},\"thumbnailUrl\":\"https:\\\/\\\/www.malinashop.lt\\\/wp-content\\\/uploads\\\/2025\\\/11\\\/9347108001289.png\",\"datePublished\":\"2025-11-24T15:46:38+00:00\",\"dateModified\":\"2026-01-12T13:54:53+00:00\",\"description\":\"MINETAN savaiminio \u012fdegio pir\u0161tin\u0117 BRONZE ON APPLICATOR MITT \u2013 tolygiam \u012fdegio paskirstymui be dry\u017ei\u0173. Apsaugo rankas, tinka putoms ir losjonams.\",\"breadcrumb\":{\"@id\":\"https:\\\/\\\/www.malinashop.lt\\\/en\\\/shop\\\/minetan-bronze-on-applicator-mitt-savaiminio-idegio-pirstine-1-vnt\\\/#breadcrumb\"},\"inLanguage\":\"en-GB\",\"potentialAction\":[{\"@type\":\"ReadAction\",\"target\":[\"https:\\\/\\\/www.malinashop.lt\\\/en\\\/shop\\\/minetan-bronze-on-applicator-mitt-savaiminio-idegio-pirstine-1-vnt\\\/\"]}]},{\"@type\":\"ImageObject\",\"inLanguage\":\"en-GB\",\"@id\":\"https:\\\/\\\/www.malinashop.lt\\\/en\\\/shop\\\/minetan-bronze-on-applicator-mitt-savaiminio-idegio-pirstine-1-vnt\\\/#primaryimage\",\"url\":\"https:\\\/\\\/www.malinashop.lt\\\/wp-content\\\/uploads\\\/2025\\\/11\\\/9347108001289.png\",\"contentUrl\":\"https:\\\/\\\/www.malinashop.lt\\\/wp-content\\\/uploads\\\/2025\\\/11\\\/9347108001289.png\",\"width\":1000,\"height\":1000},{\"@type\":\"BreadcrumbList\",\"@id\":\"https:\\\/\\\/www.malinashop.lt\\\/en\\\/shop\\\/minetan-bronze-on-applicator-mitt-savaiminio-idegio-pirstine-1-vnt\\\/#breadcrumb\",\"itemListElement\":[{\"@type\":\"ListItem\",\"position\":1,\"name\":\"Pagrindinis\",\"item\":\"https:\\\/\\\/www.malinashop.lt\\\/\"},{\"@type\":\"ListItem\",\"position\":2,\"name\":\"Parduotuv\u0117\",\"item\":\"https:\\\/\\\/www.malinashop.lt\\\/en\\\/parduotuve\\\/\"},{\"@type\":\"ListItem\",\"position\":3,\"name\":\"MINETAN BRONZE ON APPLICATOR MITT savaiminio \u012fdegio pir\u0161tin\u0117, 1 vnt\"}]},{\"@type\":\"WebSite\",\"@id\":\"https:\\\/\\\/www.malinashop.lt\\\/#website\",\"url\":\"https:\\\/\\\/www.malinashop.lt\\\/\",\"name\":\"COM Group Ecommerce\",\"description\":\"MalinaShop.lt - Gro\u017eio ir sveikatos produktai i\u0161 patikim\u0173 preki\u0173 \u017eenkl\u0173. Atraskite auk\u0161tos kokyb\u0117s kosmetik\u0105 u\u017e puiki\u0105 kain\u0105.\",\"publisher\":{\"@id\":\"https:\\\/\\\/www.malinashop.lt\\\/#organization\"},\"potentialAction\":[{\"@type\":\"SearchAction\",\"target\":{\"@type\":\"EntryPoint\",\"urlTemplate\":\"https:\\\/\\\/www.malinashop.lt\\\/?s={search_term_string}\"},\"query-input\":{\"@type\":\"PropertyValueSpecification\",\"valueRequired\":true,\"valueName\":\"search_term_string\"}}],\"inLanguage\":\"en-GB\"},{\"@type\":\"Organization\",\"@id\":\"https:\\\/\\\/www.malinashop.lt\\\/#organization\",\"name\":\"COM Group Ecommerce\",\"url\":\"https:\\\/\\\/www.malinashop.lt\\\/\",\"logo\":{\"@type\":\"ImageObject\",\"inLanguage\":\"en-GB\",\"@id\":\"https:\\\/\\\/www.malinashop.lt\\\/#\\\/schema\\\/logo\\\/image\\\/\",\"url\":\"https:\\\/\\\/www.malinashop.lt\\\/wp-content\\\/uploads\\\/2024\\\/08\\\/462559670_3787732518133670_9795632669273463_n-e1731525914575.png\",\"contentUrl\":\"https:\\\/\\\/www.malinashop.lt\\\/wp-content\\\/uploads\\\/2024\\\/08\\\/462559670_3787732518133670_9795632669273463_n-e1731525914575.png\",\"width\":180,\"height\":60,\"caption\":\"COM Group Ecommerce\"},\"image\":{\"@id\":\"https:\\\/\\\/www.malinashop.lt\\\/#\\\/schema\\\/logo\\\/image\\\/\"}}]}<\/script>\n<!-- \/ Yoast SEO plugin. -->","yoast_head_json":{"title":"MINETAN BRONZE ON APPLICATOR MITT savaiminio \u012fdegio pir\u0161tin\u0117, 1 vnt - MalinaShop.lt J\u016bs\u0173 sveikatai ir gro\u017eiui.","description":"MINETAN savaiminio \u012fdegio pir\u0161tin\u0117 BRONZE ON APPLICATOR MITT \u2013 tolygiam \u012fdegio paskirstymui be dry\u017ei\u0173. Apsaugo rankas, tinka putoms ir losjonams.","robots":{"index":"index","follow":"follow","max-snippet":"max-snippet:-1","max-image-preview":"max-image-preview:large","max-video-preview":"max-video-preview:-1"},"canonical":"https:\/\/www.malinashop.lt\/en\/shop\/minetan-bronze-on-applicator-mitt-savaiminio-idegio-pirstine-1-vnt\/","og_locale":"en_GB","og_type":"article","og_title":"MINETAN BRONZE ON APPLICATOR MITT savaiminio \u012fdegio pir\u0161tin\u0117, 1 vnt - MalinaShop.lt J\u016bs\u0173 sveikatai ir gro\u017eiui.","og_description":"MINETAN savaiminio \u012fdegio pir\u0161tin\u0117 BRONZE ON APPLICATOR MITT \u2013 tolygiam \u012fdegio paskirstymui be dry\u017ei\u0173. Apsaugo rankas, tinka putoms ir losjonams.","og_url":"https:\/\/www.malinashop.lt\/en\/shop\/minetan-bronze-on-applicator-mitt-savaiminio-idegio-pirstine-1-vnt\/","og_site_name":"MalinaShop.lt J\u016bs\u0173 sveikatai ir gro\u017eiui.","article_modified_time":"2026-01-12T13:54:53+00:00","og_image":[{"width":1000,"height":1000,"url":"https:\/\/www.malinashop.lt\/wp-content\/uploads\/2025\/11\/9347108001289.png","type":"image\/png"}],"twitter_card":"summary_large_image","schema":{"@context":"https:\/\/schema.org","@graph":[{"@type":"WebPage","@id":"https:\/\/www.malinashop.lt\/en\/shop\/minetan-bronze-on-applicator-mitt-savaiminio-idegio-pirstine-1-vnt\/","url":"https:\/\/www.malinashop.lt\/en\/shop\/minetan-bronze-on-applicator-mitt-savaiminio-idegio-pirstine-1-vnt\/","name":"MINETAN BRONZE ON APPLICATOR MITT savaiminio \u012fdegio pir\u0161tin\u0117, 1 vnt - MalinaShop.lt J\u016bs\u0173 sveikatai ir gro\u017eiui.","isPartOf":{"@id":"https:\/\/www.malinashop.lt\/#website"},"primaryImageOfPage":{"@id":"https:\/\/www.malinashop.lt\/en\/shop\/minetan-bronze-on-applicator-mitt-savaiminio-idegio-pirstine-1-vnt\/#primaryimage"},"image":{"@id":"https:\/\/www.malinashop.lt\/en\/shop\/minetan-bronze-on-applicator-mitt-savaiminio-idegio-pirstine-1-vnt\/#primaryimage"},"thumbnailUrl":"https:\/\/www.malinashop.lt\/wp-content\/uploads\/2025\/11\/9347108001289.png","datePublished":"2025-11-24T15:46:38+00:00","dateModified":"2026-01-12T13:54:53+00:00","description":"MINETAN savaiminio \u012fdegio pir\u0161tin\u0117 BRONZE ON APPLICATOR MITT \u2013 tolygiam \u012fdegio paskirstymui be dry\u017ei\u0173. Apsaugo rankas, tinka putoms ir losjonams.","breadcrumb":{"@id":"https:\/\/www.malinashop.lt\/en\/shop\/minetan-bronze-on-applicator-mitt-savaiminio-idegio-pirstine-1-vnt\/#breadcrumb"},"inLanguage":"en-GB","potentialAction":[{"@type":"ReadAction","target":["https:\/\/www.malinashop.lt\/en\/shop\/minetan-bronze-on-applicator-mitt-savaiminio-idegio-pirstine-1-vnt\/"]}]},{"@type":"ImageObject","inLanguage":"en-GB","@id":"https:\/\/www.malinashop.lt\/en\/shop\/minetan-bronze-on-applicator-mitt-savaiminio-idegio-pirstine-1-vnt\/#primaryimage","url":"https:\/\/www.malinashop.lt\/wp-content\/uploads\/2025\/11\/9347108001289.png","contentUrl":"https:\/\/www.malinashop.lt\/wp-content\/uploads\/2025\/11\/9347108001289.png","width":1000,"height":1000},{"@type":"BreadcrumbList","@id":"https:\/\/www.malinashop.lt\/en\/shop\/minetan-bronze-on-applicator-mitt-savaiminio-idegio-pirstine-1-vnt\/#breadcrumb","itemListElement":[{"@type":"ListItem","position":1,"name":"Pagrindinis","item":"https:\/\/www.malinashop.lt\/"},{"@type":"ListItem","position":2,"name":"Parduotuv\u0117","item":"https:\/\/www.malinashop.lt\/en\/parduotuve\/"},{"@type":"ListItem","position":3,"name":"MINETAN BRONZE ON APPLICATOR MITT savaiminio \u012fdegio pir\u0161tin\u0117, 1 vnt"}]},{"@type":"WebSite","@id":"https:\/\/www.malinashop.lt\/#website","url":"https:\/\/www.malinashop.lt\/","name":"COM Group Ecommerce","description":"MalinaShop.lt - Gro\u017eio ir sveikatos produktai i\u0161 patikim\u0173 preki\u0173 \u017eenkl\u0173. Atraskite auk\u0161tos kokyb\u0117s kosmetik\u0105 u\u017e puiki\u0105 kain\u0105.","publisher":{"@id":"https:\/\/www.malinashop.lt\/#organization"},"potentialAction":[{"@type":"SearchAction","target":{"@type":"EntryPoint","urlTemplate":"https:\/\/www.malinashop.lt\/?s={search_term_string}"},"query-input":{"@type":"PropertyValueSpecification","valueRequired":true,"valueName":"search_term_string"}}],"inLanguage":"en-GB"},{"@type":"Organization","@id":"https:\/\/www.malinashop.lt\/#organization","name":"COM Group Ecommerce","url":"https:\/\/www.malinashop.lt\/","logo":{"@type":"ImageObject","inLanguage":"en-GB","@id":"https:\/\/www.malinashop.lt\/#\/schema\/logo\/image\/","url":"https:\/\/www.malinashop.lt\/wp-content\/uploads\/2024\/08\/462559670_3787732518133670_9795632669273463_n-e1731525914575.png","contentUrl":"https:\/\/www.malinashop.lt\/wp-content\/uploads\/2024\/08\/462559670_3787732518133670_9795632669273463_n-e1731525914575.png","width":180,"height":60,"caption":"COM Group Ecommerce"},"image":{"@id":"https:\/\/www.malinashop.lt\/#\/schema\/logo\/image\/"}}]}},"jetpack_sharing_enabled":true,"_links":{"self":[{"href":"https:\/\/www.malinashop.lt\/en\/wp-json\/wp\/v2\/product\/65136","targetHints":{"allow":["GET"]}}],"collection":[{"href":"https:\/\/www.malinashop.lt\/en\/wp-json\/wp\/v2\/product"}],"about":[{"href":"https:\/\/www.malinashop.lt\/en\/wp-json\/wp\/v2\/types\/product"}],"version-history":[{"count":2,"href":"https:\/\/www.malinashop.lt\/en\/wp-json\/wp\/v2\/product\/65136\/revisions"}],"predecessor-version":[{"id":73167,"href":"https:\/\/www.malinashop.lt\/en\/wp-json\/wp\/v2\/product\/65136\/revisions\/73167"}],"wp:featuredmedia":[{"embeddable":true,"href":"https:\/\/www.malinashop.lt\/en\/wp-json\/wp\/v2\/media\/65138"}],"wp:attachment":[{"href":"https:\/\/www.malinashop.lt\/en\/wp-json\/wp\/v2\/media?parent=65136"}],"wp:term":[{"taxonomy":"product_brand","embeddable":true,"href":"https:\/\/www.malinashop.lt\/en\/wp-json\/wp\/v2\/product_brand?post=65136"},{"taxonomy":"product_cat","embeddable":true,"href":"https:\/\/www.malinashop.lt\/en\/wp-json\/wp\/v2\/product_cat?post=65136"},{"taxonomy":"product_tag","embeddable":true,"href":"https:\/\/www.malinashop.lt\/en\/wp-json\/wp\/v2\/product_tag?post=65136"}],"curies":[{"name":"wp","href":"https:\/\/api.w.org\/{rel}","templated":true}]}}