{"id":64860,"date":"2025-11-24T18:43:54","date_gmt":"2025-11-24T15:43:54","guid":{"rendered":"https:\/\/malinashop.lt\/?post_type=product&#038;p=64860"},"modified":"2026-02-10T12:47:54","modified_gmt":"2026-02-10T09:47:54","slug":"paese-my-skin-icon-2-5n-nude-beige-matine-kremine-pudra-33-ml","status":"publish","type":"product","link":"https:\/\/www.malinashop.lt\/en\/shop\/paese-my-skin-icon-2-5n-nude-beige-matine-kremine-pudra-33-ml\/","title":{"rendered":"PAESE MY SKIN ICON 2.5N Nude Beige matin\u0117 kremin\u0117 pudra, 33 ml"},"content":{"rendered":"<div class=\"cs__product-section container\">\n<p data-start=\"175\" data-end=\"494\"><strong data-start=\"175\" data-end=\"242\">PAESE MY SKIN ICON matin\u0117 kremin\u0117 pudra 2.5N Nude Beige (33 ml)<\/strong> \u2013 tai ilgai i\u0161liekantis makia\u017eo pagrindas, kuris tolygiai padengia od\u0105 ir suteikia nat\u016braliai matin\u012f efekt\u0105 iki 12 valand\u0173. Lengva, kremin\u0117 tekst\u016bra puikiai susilieja su oda, tod\u0117l j\u0105 patogu naudoti tiek kasdieniam makia\u017eui, tiek ypatingomis progomis.<\/p>\n<p data-start=\"496\" data-end=\"786\">Pudra opti\u0161kai suma\u017eina por\u0173 matomum\u0105, i\u0161lygina odos atspalv\u012f ir u\u017etikrina gaiv\u0173 bei \u0161var\u0173 rezultat\u0105 vis\u0105 dien\u0105. Formul\u0117 praturtinta dr\u0117kinan\u010diais ingredientais, kurie suteikia komforto poj\u016bt\u012f ir neapsunkina odos. Priemon\u0117 neapsine\u0161a, neu\u017ekem\u0161a por\u0173, i\u0161lieka atspari dr\u0117gmei ir prakaitui.<\/p>\n<p data-start=\"788\" data-end=\"916\">\u0160is makia\u017eo pagrindas tinka \u012fvairiems odos tipams, ypa\u010d mi\u0161riai ir riebesnei odai, ie\u0161kan\u010diai matinio, ta\u010diau nat\u016bralaus efekto.<\/p>\n<p data-start=\"918\" data-end=\"934\"><strong data-start=\"918\" data-end=\"928\">T\u016bris:<\/strong> 33 ml<\/p>\n<\/div>\n","protected":false},"excerpt":{"rendered":"<p data-start=\"974\" data-end=\"1169\">Ilgai i\u0161liekanti matin\u0117 kremin\u0117 pudra, suteikianti tolyg\u0173 odos atspalv\u012f ir suma\u017einanti por\u0173 matomum\u0105. Lengva tekst\u016bra dr\u0117kina, neapsunkina ir i\u0161lieka atspari dr\u0117gmei bei prakaitui. T\u016bris \u2013 33 ml.<\/p>\n","protected":false},"featured_media":64862,"template":"","meta":[],"product_brand":[1534],"product_cat":[102,792],"product_tag":[1614],"class_list":{"0":"post-64860","1":"product","2":"type-product","3":"status-publish","4":"has-post-thumbnail","6":"product_brand-paese","7":"product_cat-dekoratyvine-kosmetika","8":"product_cat-veido-pudros","9":"product_tag-paese","11":"first","12":"instock","13":"purchasable","14":"product-type-simple"},"yoast_head":"<!-- This site is optimized with the Yoast SEO plugin v27.4 - https:\/\/yoast.com\/product\/yoast-seo-wordpress\/ -->\n<title>PAESE MY SKIN ICON 2.5N Nude Beige matin\u0117 kremin\u0117 pudra, 33 ml - MalinaShop.lt J\u016bs\u0173 sveikatai ir gro\u017eiui.<\/title>\n<meta name=\"description\" content=\"PAESE MY SKIN ICON 2.5N Nude Beige \u2013 matin\u0117 kremin\u0117 pudra, suteikianti tolyg\u0173 atspalv\u012f ir 12 val. i\u0161liekamum\u0105. Dr\u0117kina, nesitepa ir neu\u017ekem\u0161a por\u0173.\" \/>\n<meta name=\"robots\" content=\"index, follow, max-snippet:-1, max-image-preview:large, max-video-preview:-1\" \/>\n<link rel=\"canonical\" href=\"https:\/\/www.malinashop.lt\/en\/shop\/paese-my-skin-icon-2-5n-nude-beige-matine-kremine-pudra-33-ml\/\" \/>\n<meta property=\"og:locale\" content=\"en_GB\" \/>\n<meta property=\"og:type\" content=\"article\" \/>\n<meta property=\"og:title\" content=\"PAESE MY SKIN ICON 2.5N Nude Beige matin\u0117 kremin\u0117 pudra, 33 ml - MalinaShop.lt J\u016bs\u0173 sveikatai ir gro\u017eiui.\" \/>\n<meta property=\"og:description\" content=\"PAESE MY SKIN ICON 2.5N Nude Beige \u2013 matin\u0117 kremin\u0117 pudra, suteikianti tolyg\u0173 atspalv\u012f ir 12 val. i\u0161liekamum\u0105. Dr\u0117kina, nesitepa ir neu\u017ekem\u0161a por\u0173.\" \/>\n<meta property=\"og:url\" content=\"https:\/\/www.malinashop.lt\/en\/shop\/paese-my-skin-icon-2-5n-nude-beige-matine-kremine-pudra-33-ml\/\" \/>\n<meta property=\"og:site_name\" content=\"MalinaShop.lt J\u016bs\u0173 sveikatai ir gro\u017eiui.\" \/>\n<meta property=\"article:modified_time\" content=\"2026-02-10T09:47:54+00:00\" \/>\n<meta property=\"og:image\" content=\"https:\/\/www.malinashop.lt\/wp-content\/uploads\/2025\/11\/5902627625534.jpg\" \/>\n\t<meta property=\"og:image:width\" content=\"1000\" \/>\n\t<meta property=\"og:image:height\" content=\"1000\" \/>\n\t<meta property=\"og:image:type\" content=\"image\/jpeg\" \/>\n<meta name=\"twitter:card\" content=\"summary_large_image\" \/>\n<script type=\"application\/ld+json\" class=\"yoast-schema-graph\">{\"@context\":\"https:\\\/\\\/schema.org\",\"@graph\":[{\"@type\":\"WebPage\",\"@id\":\"https:\\\/\\\/www.malinashop.lt\\\/shop\\\/paese-my-skin-icon-2-5n-nude-beige-matine-kremine-pudra-33-ml\\\/\",\"url\":\"https:\\\/\\\/www.malinashop.lt\\\/shop\\\/paese-my-skin-icon-2-5n-nude-beige-matine-kremine-pudra-33-ml\\\/\",\"name\":\"PAESE MY SKIN ICON 2.5N Nude Beige matin\u0117 kremin\u0117 pudra, 33 ml - MalinaShop.lt J\u016bs\u0173 sveikatai ir gro\u017eiui.\",\"isPartOf\":{\"@id\":\"https:\\\/\\\/www.malinashop.lt\\\/#website\"},\"primaryImageOfPage\":{\"@id\":\"https:\\\/\\\/www.malinashop.lt\\\/shop\\\/paese-my-skin-icon-2-5n-nude-beige-matine-kremine-pudra-33-ml\\\/#primaryimage\"},\"image\":{\"@id\":\"https:\\\/\\\/www.malinashop.lt\\\/shop\\\/paese-my-skin-icon-2-5n-nude-beige-matine-kremine-pudra-33-ml\\\/#primaryimage\"},\"thumbnailUrl\":\"https:\\\/\\\/www.malinashop.lt\\\/wp-content\\\/uploads\\\/2025\\\/11\\\/5902627625534.jpg\",\"datePublished\":\"2025-11-24T15:43:54+00:00\",\"dateModified\":\"2026-02-10T09:47:54+00:00\",\"description\":\"PAESE MY SKIN ICON 2.5N Nude Beige \u2013 matin\u0117 kremin\u0117 pudra, suteikianti tolyg\u0173 atspalv\u012f ir 12 val. i\u0161liekamum\u0105. Dr\u0117kina, nesitepa ir neu\u017ekem\u0161a por\u0173.\",\"breadcrumb\":{\"@id\":\"https:\\\/\\\/www.malinashop.lt\\\/shop\\\/paese-my-skin-icon-2-5n-nude-beige-matine-kremine-pudra-33-ml\\\/#breadcrumb\"},\"inLanguage\":\"en-GB\",\"potentialAction\":[{\"@type\":\"ReadAction\",\"target\":[\"https:\\\/\\\/www.malinashop.lt\\\/shop\\\/paese-my-skin-icon-2-5n-nude-beige-matine-kremine-pudra-33-ml\\\/\"]}]},{\"@type\":\"ImageObject\",\"inLanguage\":\"en-GB\",\"@id\":\"https:\\\/\\\/www.malinashop.lt\\\/shop\\\/paese-my-skin-icon-2-5n-nude-beige-matine-kremine-pudra-33-ml\\\/#primaryimage\",\"url\":\"https:\\\/\\\/www.malinashop.lt\\\/wp-content\\\/uploads\\\/2025\\\/11\\\/5902627625534.jpg\",\"contentUrl\":\"https:\\\/\\\/www.malinashop.lt\\\/wp-content\\\/uploads\\\/2025\\\/11\\\/5902627625534.jpg\",\"width\":1000,\"height\":1000},{\"@type\":\"BreadcrumbList\",\"@id\":\"https:\\\/\\\/www.malinashop.lt\\\/shop\\\/paese-my-skin-icon-2-5n-nude-beige-matine-kremine-pudra-33-ml\\\/#breadcrumb\",\"itemListElement\":[{\"@type\":\"ListItem\",\"position\":1,\"name\":\"Pagrindinis\",\"item\":\"https:\\\/\\\/www.malinashop.lt\\\/\"},{\"@type\":\"ListItem\",\"position\":2,\"name\":\"Parduotuv\u0117\",\"item\":\"https:\\\/\\\/www.malinashop.lt\\\/en\\\/parduotuve\\\/\"},{\"@type\":\"ListItem\",\"position\":3,\"name\":\"PAESE MY SKIN ICON 2.5N Nude Beige matin\u0117 kremin\u0117 pudra, 33 ml\"}]},{\"@type\":\"WebSite\",\"@id\":\"https:\\\/\\\/www.malinashop.lt\\\/#website\",\"url\":\"https:\\\/\\\/www.malinashop.lt\\\/\",\"name\":\"COM Group Ecommerce\",\"description\":\"MalinaShop.lt - Gro\u017eio ir sveikatos produktai i\u0161 patikim\u0173 preki\u0173 \u017eenkl\u0173. Atraskite auk\u0161tos kokyb\u0117s kosmetik\u0105 u\u017e puiki\u0105 kain\u0105.\",\"publisher\":{\"@id\":\"https:\\\/\\\/www.malinashop.lt\\\/#organization\"},\"potentialAction\":[{\"@type\":\"SearchAction\",\"target\":{\"@type\":\"EntryPoint\",\"urlTemplate\":\"https:\\\/\\\/www.malinashop.lt\\\/?s={search_term_string}\"},\"query-input\":{\"@type\":\"PropertyValueSpecification\",\"valueRequired\":true,\"valueName\":\"search_term_string\"}}],\"inLanguage\":\"en-GB\"},{\"@type\":\"Organization\",\"@id\":\"https:\\\/\\\/www.malinashop.lt\\\/#organization\",\"name\":\"COM Group Ecommerce\",\"url\":\"https:\\\/\\\/www.malinashop.lt\\\/\",\"logo\":{\"@type\":\"ImageObject\",\"inLanguage\":\"en-GB\",\"@id\":\"https:\\\/\\\/www.malinashop.lt\\\/#\\\/schema\\\/logo\\\/image\\\/\",\"url\":\"https:\\\/\\\/www.malinashop.lt\\\/wp-content\\\/uploads\\\/2024\\\/08\\\/462559670_3787732518133670_9795632669273463_n-e1731525914575.png\",\"contentUrl\":\"https:\\\/\\\/www.malinashop.lt\\\/wp-content\\\/uploads\\\/2024\\\/08\\\/462559670_3787732518133670_9795632669273463_n-e1731525914575.png\",\"width\":180,\"height\":60,\"caption\":\"COM Group Ecommerce\"},\"image\":{\"@id\":\"https:\\\/\\\/www.malinashop.lt\\\/#\\\/schema\\\/logo\\\/image\\\/\"}}]}<\/script>\n<!-- \/ Yoast SEO plugin. -->","yoast_head_json":{"title":"PAESE MY SKIN ICON 2.5N Nude Beige matin\u0117 kremin\u0117 pudra, 33 ml - MalinaShop.lt J\u016bs\u0173 sveikatai ir gro\u017eiui.","description":"PAESE MY SKIN ICON 2.5N Nude Beige \u2013 matin\u0117 kremin\u0117 pudra, suteikianti tolyg\u0173 atspalv\u012f ir 12 val. i\u0161liekamum\u0105. Dr\u0117kina, nesitepa ir neu\u017ekem\u0161a por\u0173.","robots":{"index":"index","follow":"follow","max-snippet":"max-snippet:-1","max-image-preview":"max-image-preview:large","max-video-preview":"max-video-preview:-1"},"canonical":"https:\/\/www.malinashop.lt\/en\/shop\/paese-my-skin-icon-2-5n-nude-beige-matine-kremine-pudra-33-ml\/","og_locale":"en_GB","og_type":"article","og_title":"PAESE MY SKIN ICON 2.5N Nude Beige matin\u0117 kremin\u0117 pudra, 33 ml - MalinaShop.lt J\u016bs\u0173 sveikatai ir gro\u017eiui.","og_description":"PAESE MY SKIN ICON 2.5N Nude Beige \u2013 matin\u0117 kremin\u0117 pudra, suteikianti tolyg\u0173 atspalv\u012f ir 12 val. i\u0161liekamum\u0105. Dr\u0117kina, nesitepa ir neu\u017ekem\u0161a por\u0173.","og_url":"https:\/\/www.malinashop.lt\/en\/shop\/paese-my-skin-icon-2-5n-nude-beige-matine-kremine-pudra-33-ml\/","og_site_name":"MalinaShop.lt J\u016bs\u0173 sveikatai ir gro\u017eiui.","article_modified_time":"2026-02-10T09:47:54+00:00","og_image":[{"width":1000,"height":1000,"url":"https:\/\/www.malinashop.lt\/wp-content\/uploads\/2025\/11\/5902627625534.jpg","type":"image\/jpeg"}],"twitter_card":"summary_large_image","schema":{"@context":"https:\/\/schema.org","@graph":[{"@type":"WebPage","@id":"https:\/\/www.malinashop.lt\/shop\/paese-my-skin-icon-2-5n-nude-beige-matine-kremine-pudra-33-ml\/","url":"https:\/\/www.malinashop.lt\/shop\/paese-my-skin-icon-2-5n-nude-beige-matine-kremine-pudra-33-ml\/","name":"PAESE MY SKIN ICON 2.5N Nude Beige matin\u0117 kremin\u0117 pudra, 33 ml - MalinaShop.lt J\u016bs\u0173 sveikatai ir gro\u017eiui.","isPartOf":{"@id":"https:\/\/www.malinashop.lt\/#website"},"primaryImageOfPage":{"@id":"https:\/\/www.malinashop.lt\/shop\/paese-my-skin-icon-2-5n-nude-beige-matine-kremine-pudra-33-ml\/#primaryimage"},"image":{"@id":"https:\/\/www.malinashop.lt\/shop\/paese-my-skin-icon-2-5n-nude-beige-matine-kremine-pudra-33-ml\/#primaryimage"},"thumbnailUrl":"https:\/\/www.malinashop.lt\/wp-content\/uploads\/2025\/11\/5902627625534.jpg","datePublished":"2025-11-24T15:43:54+00:00","dateModified":"2026-02-10T09:47:54+00:00","description":"PAESE MY SKIN ICON 2.5N Nude Beige \u2013 matin\u0117 kremin\u0117 pudra, suteikianti tolyg\u0173 atspalv\u012f ir 12 val. i\u0161liekamum\u0105. Dr\u0117kina, nesitepa ir neu\u017ekem\u0161a por\u0173.","breadcrumb":{"@id":"https:\/\/www.malinashop.lt\/shop\/paese-my-skin-icon-2-5n-nude-beige-matine-kremine-pudra-33-ml\/#breadcrumb"},"inLanguage":"en-GB","potentialAction":[{"@type":"ReadAction","target":["https:\/\/www.malinashop.lt\/shop\/paese-my-skin-icon-2-5n-nude-beige-matine-kremine-pudra-33-ml\/"]}]},{"@type":"ImageObject","inLanguage":"en-GB","@id":"https:\/\/www.malinashop.lt\/shop\/paese-my-skin-icon-2-5n-nude-beige-matine-kremine-pudra-33-ml\/#primaryimage","url":"https:\/\/www.malinashop.lt\/wp-content\/uploads\/2025\/11\/5902627625534.jpg","contentUrl":"https:\/\/www.malinashop.lt\/wp-content\/uploads\/2025\/11\/5902627625534.jpg","width":1000,"height":1000},{"@type":"BreadcrumbList","@id":"https:\/\/www.malinashop.lt\/shop\/paese-my-skin-icon-2-5n-nude-beige-matine-kremine-pudra-33-ml\/#breadcrumb","itemListElement":[{"@type":"ListItem","position":1,"name":"Pagrindinis","item":"https:\/\/www.malinashop.lt\/"},{"@type":"ListItem","position":2,"name":"Parduotuv\u0117","item":"https:\/\/www.malinashop.lt\/en\/parduotuve\/"},{"@type":"ListItem","position":3,"name":"PAESE MY SKIN ICON 2.5N Nude Beige matin\u0117 kremin\u0117 pudra, 33 ml"}]},{"@type":"WebSite","@id":"https:\/\/www.malinashop.lt\/#website","url":"https:\/\/www.malinashop.lt\/","name":"COM Group Ecommerce","description":"MalinaShop.lt - Gro\u017eio ir sveikatos produktai i\u0161 patikim\u0173 preki\u0173 \u017eenkl\u0173. Atraskite auk\u0161tos kokyb\u0117s kosmetik\u0105 u\u017e puiki\u0105 kain\u0105.","publisher":{"@id":"https:\/\/www.malinashop.lt\/#organization"},"potentialAction":[{"@type":"SearchAction","target":{"@type":"EntryPoint","urlTemplate":"https:\/\/www.malinashop.lt\/?s={search_term_string}"},"query-input":{"@type":"PropertyValueSpecification","valueRequired":true,"valueName":"search_term_string"}}],"inLanguage":"en-GB"},{"@type":"Organization","@id":"https:\/\/www.malinashop.lt\/#organization","name":"COM Group Ecommerce","url":"https:\/\/www.malinashop.lt\/","logo":{"@type":"ImageObject","inLanguage":"en-GB","@id":"https:\/\/www.malinashop.lt\/#\/schema\/logo\/image\/","url":"https:\/\/www.malinashop.lt\/wp-content\/uploads\/2024\/08\/462559670_3787732518133670_9795632669273463_n-e1731525914575.png","contentUrl":"https:\/\/www.malinashop.lt\/wp-content\/uploads\/2024\/08\/462559670_3787732518133670_9795632669273463_n-e1731525914575.png","width":180,"height":60,"caption":"COM Group Ecommerce"},"image":{"@id":"https:\/\/www.malinashop.lt\/#\/schema\/logo\/image\/"}}]}},"jetpack_sharing_enabled":true,"_links":{"self":[{"href":"https:\/\/www.malinashop.lt\/en\/wp-json\/wp\/v2\/product\/64860","targetHints":{"allow":["GET"]}}],"collection":[{"href":"https:\/\/www.malinashop.lt\/en\/wp-json\/wp\/v2\/product"}],"about":[{"href":"https:\/\/www.malinashop.lt\/en\/wp-json\/wp\/v2\/types\/product"}],"version-history":[{"count":2,"href":"https:\/\/www.malinashop.lt\/en\/wp-json\/wp\/v2\/product\/64860\/revisions"}],"predecessor-version":[{"id":72203,"href":"https:\/\/www.malinashop.lt\/en\/wp-json\/wp\/v2\/product\/64860\/revisions\/72203"}],"wp:featuredmedia":[{"embeddable":true,"href":"https:\/\/www.malinashop.lt\/en\/wp-json\/wp\/v2\/media\/64862"}],"wp:attachment":[{"href":"https:\/\/www.malinashop.lt\/en\/wp-json\/wp\/v2\/media?parent=64860"}],"wp:term":[{"taxonomy":"product_brand","embeddable":true,"href":"https:\/\/www.malinashop.lt\/en\/wp-json\/wp\/v2\/product_brand?post=64860"},{"taxonomy":"product_cat","embeddable":true,"href":"https:\/\/www.malinashop.lt\/en\/wp-json\/wp\/v2\/product_cat?post=64860"},{"taxonomy":"product_tag","embeddable":true,"href":"https:\/\/www.malinashop.lt\/en\/wp-json\/wp\/v2\/product_tag?post=64860"}],"curies":[{"name":"wp","href":"https:\/\/api.w.org\/{rel}","templated":true}]}}