{"id":64838,"date":"2025-11-24T18:43:38","date_gmt":"2025-11-24T15:43:38","guid":{"rendered":"https:\/\/malinashop.lt\/?post_type=product&#038;p=64838"},"modified":"2026-02-10T12:47:56","modified_gmt":"2026-02-10T09:47:56","slug":"paese-my-skin-icon-0n-alabaster-matine-kremine-pudra-33-ml","status":"publish","type":"product","link":"https:\/\/www.malinashop.lt\/en\/shop\/paese-my-skin-icon-0n-alabaster-matine-kremine-pudra-33-ml\/","title":{"rendered":"PAESE MY SKIN ICON 0N Alabaster matin\u0117 kremin\u0117 pudra, 33 ml"},"content":{"rendered":"<div class=\"cs__product-section container\">\n<p data-start=\"129\" data-end=\"429\"><strong data-start=\"129\" data-end=\"193\">PAESE MY SKIN ICON matin\u0117 kremin\u0117 pudra 0N Alabaster (33 ml)<\/strong> \u2013 tai itin lengva ir nat\u016braliai atrodanti kremin\u0117 pudra, sukurta tolygiam odos padengimui ir ilgalaikiam matiniam efektui. Formul\u0117 opti\u0161kai suma\u017eina por\u0173 matomum\u0105, i\u0161lygina odos atspalv\u012f ir suteikia glotn\u0173, \u0161velniai satinin\u012f u\u017ebaigim\u0105.<\/p>\n<p data-start=\"431\" data-end=\"708\">Pudros sud\u0117tyje esantys aktyv\u016bs ingredientai palaiko odos dr\u0117gm\u0117s balans\u0105 ir u\u017etikrina komfort\u0105 visos dienos metu. Produktas neu\u017ekem\u0161a por\u0173, nesukelia sunkumo poj\u016b\u010dio ir i\u0161lieka atsparus dr\u0117gmei bei prakaitui \u2013 puikus pasirinkimas tiek kasdieniam makia\u017eui, tiek ilgoms dienoms.<\/p>\n<p data-start=\"710\" data-end=\"894\">Formul\u0117 suteikia net <strong data-start=\"731\" data-end=\"765\">12 valand\u0173 matin\u0117s odos efekt\u0105<\/strong>, tod\u0117l makia\u017eas ilgai i\u0161lieka \u0161vie\u017eias ir esteti\u0161kas. Atspalvis <strong data-start=\"830\" data-end=\"846\">0N Alabaster<\/strong> tinka labai \u0161viesiai odai su neutraliu potoniu.<\/p>\n<p data-start=\"896\" data-end=\"912\"><strong data-start=\"896\" data-end=\"906\">T\u016bris:<\/strong> 33 ml<\/p>\n<\/div>\n","protected":false},"excerpt":{"rendered":"<p data-start=\"957\" data-end=\"1204\">PAESE MY SKIN ICON kremin\u0117 pudra 0N Alabaster suteikia tolyg\u0173 padengim\u0105 ir ilgai i\u0161liekant\u012f matini\u0328 efekt\u0105. Opti\u0161kai suma\u017eina poras, i\u0161lygina odos atspalv\u012f ir i\u0161laiko od\u0105 komforti\u0161k\u0105 vis\u0105 dien\u0105. Neu\u017ekem\u0161a por\u0173, atspari dr\u0117gmei ir prakaitui. 33 ml.<\/p>\n","protected":false},"featured_media":64840,"template":"","meta":[],"product_brand":[1534],"product_cat":[102,792],"product_tag":[1614],"class_list":{"0":"post-64838","1":"product","2":"type-product","3":"status-publish","4":"has-post-thumbnail","6":"product_brand-paese","7":"product_cat-dekoratyvine-kosmetika","8":"product_cat-veido-pudros","9":"product_tag-paese","11":"first","12":"instock","13":"purchasable","14":"product-type-simple"},"yoast_head":"<!-- This site is optimized with the Yoast SEO plugin v27.4 - https:\/\/yoast.com\/product\/yoast-seo-wordpress\/ -->\n<title>PAESE MY SKIN ICON 0N Alabaster matin\u0117 kremin\u0117 pudra, 33 ml - MalinaShop.lt J\u016bs\u0173 sveikatai ir gro\u017eiui.<\/title>\n<meta name=\"description\" content=\"PAESE MY SKIN ICON 0N Alabaster kremin\u0117 pudra suteikia 12 val. matin\u012f efekt\u0105, ma\u017eina poras ir i\u0161lygina od\u0105. Lengva, atspari dr\u0117gmei ir neapsunkina odos.\" \/>\n<meta name=\"robots\" content=\"index, follow, max-snippet:-1, max-image-preview:large, max-video-preview:-1\" \/>\n<link rel=\"canonical\" href=\"https:\/\/www.malinashop.lt\/en\/shop\/paese-my-skin-icon-0n-alabaster-matine-kremine-pudra-33-ml\/\" \/>\n<meta property=\"og:locale\" content=\"en_GB\" \/>\n<meta property=\"og:type\" content=\"article\" \/>\n<meta property=\"og:title\" content=\"PAESE MY SKIN ICON 0N Alabaster matin\u0117 kremin\u0117 pudra, 33 ml - MalinaShop.lt J\u016bs\u0173 sveikatai ir gro\u017eiui.\" \/>\n<meta property=\"og:description\" content=\"PAESE MY SKIN ICON 0N Alabaster kremin\u0117 pudra suteikia 12 val. matin\u012f efekt\u0105, ma\u017eina poras ir i\u0161lygina od\u0105. Lengva, atspari dr\u0117gmei ir neapsunkina odos.\" \/>\n<meta property=\"og:url\" content=\"https:\/\/www.malinashop.lt\/en\/shop\/paese-my-skin-icon-0n-alabaster-matine-kremine-pudra-33-ml\/\" \/>\n<meta property=\"og:site_name\" content=\"MalinaShop.lt J\u016bs\u0173 sveikatai ir gro\u017eiui.\" \/>\n<meta property=\"article:modified_time\" content=\"2026-02-10T09:47:56+00:00\" \/>\n<meta property=\"og:image\" content=\"https:\/\/www.malinashop.lt\/wp-content\/uploads\/2025\/11\/5902627625459.jpg\" \/>\n\t<meta property=\"og:image:width\" content=\"1000\" \/>\n\t<meta property=\"og:image:height\" content=\"1000\" \/>\n\t<meta property=\"og:image:type\" content=\"image\/jpeg\" \/>\n<meta name=\"twitter:card\" content=\"summary_large_image\" \/>\n<script type=\"application\/ld+json\" class=\"yoast-schema-graph\">{\"@context\":\"https:\\\/\\\/schema.org\",\"@graph\":[{\"@type\":\"WebPage\",\"@id\":\"https:\\\/\\\/www.malinashop.lt\\\/shop\\\/paese-my-skin-icon-0n-alabaster-matine-kremine-pudra-33-ml\\\/\",\"url\":\"https:\\\/\\\/www.malinashop.lt\\\/shop\\\/paese-my-skin-icon-0n-alabaster-matine-kremine-pudra-33-ml\\\/\",\"name\":\"PAESE MY SKIN ICON 0N Alabaster matin\u0117 kremin\u0117 pudra, 33 ml - MalinaShop.lt J\u016bs\u0173 sveikatai ir gro\u017eiui.\",\"isPartOf\":{\"@id\":\"https:\\\/\\\/www.malinashop.lt\\\/#website\"},\"primaryImageOfPage\":{\"@id\":\"https:\\\/\\\/www.malinashop.lt\\\/shop\\\/paese-my-skin-icon-0n-alabaster-matine-kremine-pudra-33-ml\\\/#primaryimage\"},\"image\":{\"@id\":\"https:\\\/\\\/www.malinashop.lt\\\/shop\\\/paese-my-skin-icon-0n-alabaster-matine-kremine-pudra-33-ml\\\/#primaryimage\"},\"thumbnailUrl\":\"https:\\\/\\\/www.malinashop.lt\\\/wp-content\\\/uploads\\\/2025\\\/11\\\/5902627625459.jpg\",\"datePublished\":\"2025-11-24T15:43:38+00:00\",\"dateModified\":\"2026-02-10T09:47:56+00:00\",\"description\":\"PAESE MY SKIN ICON 0N Alabaster kremin\u0117 pudra suteikia 12 val. matin\u012f efekt\u0105, ma\u017eina poras ir i\u0161lygina od\u0105. Lengva, atspari dr\u0117gmei ir neapsunkina odos.\",\"breadcrumb\":{\"@id\":\"https:\\\/\\\/www.malinashop.lt\\\/shop\\\/paese-my-skin-icon-0n-alabaster-matine-kremine-pudra-33-ml\\\/#breadcrumb\"},\"inLanguage\":\"en-GB\",\"potentialAction\":[{\"@type\":\"ReadAction\",\"target\":[\"https:\\\/\\\/www.malinashop.lt\\\/shop\\\/paese-my-skin-icon-0n-alabaster-matine-kremine-pudra-33-ml\\\/\"]}]},{\"@type\":\"ImageObject\",\"inLanguage\":\"en-GB\",\"@id\":\"https:\\\/\\\/www.malinashop.lt\\\/shop\\\/paese-my-skin-icon-0n-alabaster-matine-kremine-pudra-33-ml\\\/#primaryimage\",\"url\":\"https:\\\/\\\/www.malinashop.lt\\\/wp-content\\\/uploads\\\/2025\\\/11\\\/5902627625459.jpg\",\"contentUrl\":\"https:\\\/\\\/www.malinashop.lt\\\/wp-content\\\/uploads\\\/2025\\\/11\\\/5902627625459.jpg\",\"width\":1000,\"height\":1000},{\"@type\":\"BreadcrumbList\",\"@id\":\"https:\\\/\\\/www.malinashop.lt\\\/shop\\\/paese-my-skin-icon-0n-alabaster-matine-kremine-pudra-33-ml\\\/#breadcrumb\",\"itemListElement\":[{\"@type\":\"ListItem\",\"position\":1,\"name\":\"Pagrindinis\",\"item\":\"https:\\\/\\\/www.malinashop.lt\\\/\"},{\"@type\":\"ListItem\",\"position\":2,\"name\":\"Parduotuv\u0117\",\"item\":\"https:\\\/\\\/www.malinashop.lt\\\/en\\\/parduotuve\\\/\"},{\"@type\":\"ListItem\",\"position\":3,\"name\":\"PAESE MY SKIN ICON 0N Alabaster matin\u0117 kremin\u0117 pudra, 33 ml\"}]},{\"@type\":\"WebSite\",\"@id\":\"https:\\\/\\\/www.malinashop.lt\\\/#website\",\"url\":\"https:\\\/\\\/www.malinashop.lt\\\/\",\"name\":\"COM Group Ecommerce\",\"description\":\"MalinaShop.lt - Gro\u017eio ir sveikatos produktai i\u0161 patikim\u0173 preki\u0173 \u017eenkl\u0173. Atraskite auk\u0161tos kokyb\u0117s kosmetik\u0105 u\u017e puiki\u0105 kain\u0105.\",\"publisher\":{\"@id\":\"https:\\\/\\\/www.malinashop.lt\\\/#organization\"},\"potentialAction\":[{\"@type\":\"SearchAction\",\"target\":{\"@type\":\"EntryPoint\",\"urlTemplate\":\"https:\\\/\\\/www.malinashop.lt\\\/?s={search_term_string}\"},\"query-input\":{\"@type\":\"PropertyValueSpecification\",\"valueRequired\":true,\"valueName\":\"search_term_string\"}}],\"inLanguage\":\"en-GB\"},{\"@type\":\"Organization\",\"@id\":\"https:\\\/\\\/www.malinashop.lt\\\/#organization\",\"name\":\"COM Group Ecommerce\",\"url\":\"https:\\\/\\\/www.malinashop.lt\\\/\",\"logo\":{\"@type\":\"ImageObject\",\"inLanguage\":\"en-GB\",\"@id\":\"https:\\\/\\\/www.malinashop.lt\\\/#\\\/schema\\\/logo\\\/image\\\/\",\"url\":\"https:\\\/\\\/www.malinashop.lt\\\/wp-content\\\/uploads\\\/2024\\\/08\\\/462559670_3787732518133670_9795632669273463_n-e1731525914575.png\",\"contentUrl\":\"https:\\\/\\\/www.malinashop.lt\\\/wp-content\\\/uploads\\\/2024\\\/08\\\/462559670_3787732518133670_9795632669273463_n-e1731525914575.png\",\"width\":180,\"height\":60,\"caption\":\"COM Group Ecommerce\"},\"image\":{\"@id\":\"https:\\\/\\\/www.malinashop.lt\\\/#\\\/schema\\\/logo\\\/image\\\/\"}}]}<\/script>\n<!-- \/ Yoast SEO plugin. -->","yoast_head_json":{"title":"PAESE MY SKIN ICON 0N Alabaster matin\u0117 kremin\u0117 pudra, 33 ml - MalinaShop.lt J\u016bs\u0173 sveikatai ir gro\u017eiui.","description":"PAESE MY SKIN ICON 0N Alabaster kremin\u0117 pudra suteikia 12 val. matin\u012f efekt\u0105, ma\u017eina poras ir i\u0161lygina od\u0105. Lengva, atspari dr\u0117gmei ir neapsunkina odos.","robots":{"index":"index","follow":"follow","max-snippet":"max-snippet:-1","max-image-preview":"max-image-preview:large","max-video-preview":"max-video-preview:-1"},"canonical":"https:\/\/www.malinashop.lt\/en\/shop\/paese-my-skin-icon-0n-alabaster-matine-kremine-pudra-33-ml\/","og_locale":"en_GB","og_type":"article","og_title":"PAESE MY SKIN ICON 0N Alabaster matin\u0117 kremin\u0117 pudra, 33 ml - MalinaShop.lt J\u016bs\u0173 sveikatai ir gro\u017eiui.","og_description":"PAESE MY SKIN ICON 0N Alabaster kremin\u0117 pudra suteikia 12 val. matin\u012f efekt\u0105, ma\u017eina poras ir i\u0161lygina od\u0105. Lengva, atspari dr\u0117gmei ir neapsunkina odos.","og_url":"https:\/\/www.malinashop.lt\/en\/shop\/paese-my-skin-icon-0n-alabaster-matine-kremine-pudra-33-ml\/","og_site_name":"MalinaShop.lt J\u016bs\u0173 sveikatai ir gro\u017eiui.","article_modified_time":"2026-02-10T09:47:56+00:00","og_image":[{"width":1000,"height":1000,"url":"https:\/\/www.malinashop.lt\/wp-content\/uploads\/2025\/11\/5902627625459.jpg","type":"image\/jpeg"}],"twitter_card":"summary_large_image","schema":{"@context":"https:\/\/schema.org","@graph":[{"@type":"WebPage","@id":"https:\/\/www.malinashop.lt\/shop\/paese-my-skin-icon-0n-alabaster-matine-kremine-pudra-33-ml\/","url":"https:\/\/www.malinashop.lt\/shop\/paese-my-skin-icon-0n-alabaster-matine-kremine-pudra-33-ml\/","name":"PAESE MY SKIN ICON 0N Alabaster matin\u0117 kremin\u0117 pudra, 33 ml - MalinaShop.lt J\u016bs\u0173 sveikatai ir gro\u017eiui.","isPartOf":{"@id":"https:\/\/www.malinashop.lt\/#website"},"primaryImageOfPage":{"@id":"https:\/\/www.malinashop.lt\/shop\/paese-my-skin-icon-0n-alabaster-matine-kremine-pudra-33-ml\/#primaryimage"},"image":{"@id":"https:\/\/www.malinashop.lt\/shop\/paese-my-skin-icon-0n-alabaster-matine-kremine-pudra-33-ml\/#primaryimage"},"thumbnailUrl":"https:\/\/www.malinashop.lt\/wp-content\/uploads\/2025\/11\/5902627625459.jpg","datePublished":"2025-11-24T15:43:38+00:00","dateModified":"2026-02-10T09:47:56+00:00","description":"PAESE MY SKIN ICON 0N Alabaster kremin\u0117 pudra suteikia 12 val. matin\u012f efekt\u0105, ma\u017eina poras ir i\u0161lygina od\u0105. Lengva, atspari dr\u0117gmei ir neapsunkina odos.","breadcrumb":{"@id":"https:\/\/www.malinashop.lt\/shop\/paese-my-skin-icon-0n-alabaster-matine-kremine-pudra-33-ml\/#breadcrumb"},"inLanguage":"en-GB","potentialAction":[{"@type":"ReadAction","target":["https:\/\/www.malinashop.lt\/shop\/paese-my-skin-icon-0n-alabaster-matine-kremine-pudra-33-ml\/"]}]},{"@type":"ImageObject","inLanguage":"en-GB","@id":"https:\/\/www.malinashop.lt\/shop\/paese-my-skin-icon-0n-alabaster-matine-kremine-pudra-33-ml\/#primaryimage","url":"https:\/\/www.malinashop.lt\/wp-content\/uploads\/2025\/11\/5902627625459.jpg","contentUrl":"https:\/\/www.malinashop.lt\/wp-content\/uploads\/2025\/11\/5902627625459.jpg","width":1000,"height":1000},{"@type":"BreadcrumbList","@id":"https:\/\/www.malinashop.lt\/shop\/paese-my-skin-icon-0n-alabaster-matine-kremine-pudra-33-ml\/#breadcrumb","itemListElement":[{"@type":"ListItem","position":1,"name":"Pagrindinis","item":"https:\/\/www.malinashop.lt\/"},{"@type":"ListItem","position":2,"name":"Parduotuv\u0117","item":"https:\/\/www.malinashop.lt\/en\/parduotuve\/"},{"@type":"ListItem","position":3,"name":"PAESE MY SKIN ICON 0N Alabaster matin\u0117 kremin\u0117 pudra, 33 ml"}]},{"@type":"WebSite","@id":"https:\/\/www.malinashop.lt\/#website","url":"https:\/\/www.malinashop.lt\/","name":"COM Group Ecommerce","description":"MalinaShop.lt - Gro\u017eio ir sveikatos produktai i\u0161 patikim\u0173 preki\u0173 \u017eenkl\u0173. Atraskite auk\u0161tos kokyb\u0117s kosmetik\u0105 u\u017e puiki\u0105 kain\u0105.","publisher":{"@id":"https:\/\/www.malinashop.lt\/#organization"},"potentialAction":[{"@type":"SearchAction","target":{"@type":"EntryPoint","urlTemplate":"https:\/\/www.malinashop.lt\/?s={search_term_string}"},"query-input":{"@type":"PropertyValueSpecification","valueRequired":true,"valueName":"search_term_string"}}],"inLanguage":"en-GB"},{"@type":"Organization","@id":"https:\/\/www.malinashop.lt\/#organization","name":"COM Group Ecommerce","url":"https:\/\/www.malinashop.lt\/","logo":{"@type":"ImageObject","inLanguage":"en-GB","@id":"https:\/\/www.malinashop.lt\/#\/schema\/logo\/image\/","url":"https:\/\/www.malinashop.lt\/wp-content\/uploads\/2024\/08\/462559670_3787732518133670_9795632669273463_n-e1731525914575.png","contentUrl":"https:\/\/www.malinashop.lt\/wp-content\/uploads\/2024\/08\/462559670_3787732518133670_9795632669273463_n-e1731525914575.png","width":180,"height":60,"caption":"COM Group Ecommerce"},"image":{"@id":"https:\/\/www.malinashop.lt\/#\/schema\/logo\/image\/"}}]}},"jetpack_sharing_enabled":true,"_links":{"self":[{"href":"https:\/\/www.malinashop.lt\/en\/wp-json\/wp\/v2\/product\/64838","targetHints":{"allow":["GET"]}}],"collection":[{"href":"https:\/\/www.malinashop.lt\/en\/wp-json\/wp\/v2\/product"}],"about":[{"href":"https:\/\/www.malinashop.lt\/en\/wp-json\/wp\/v2\/types\/product"}],"version-history":[{"count":2,"href":"https:\/\/www.malinashop.lt\/en\/wp-json\/wp\/v2\/product\/64838\/revisions"}],"predecessor-version":[{"id":72202,"href":"https:\/\/www.malinashop.lt\/en\/wp-json\/wp\/v2\/product\/64838\/revisions\/72202"}],"wp:featuredmedia":[{"embeddable":true,"href":"https:\/\/www.malinashop.lt\/en\/wp-json\/wp\/v2\/media\/64840"}],"wp:attachment":[{"href":"https:\/\/www.malinashop.lt\/en\/wp-json\/wp\/v2\/media?parent=64838"}],"wp:term":[{"taxonomy":"product_brand","embeddable":true,"href":"https:\/\/www.malinashop.lt\/en\/wp-json\/wp\/v2\/product_brand?post=64838"},{"taxonomy":"product_cat","embeddable":true,"href":"https:\/\/www.malinashop.lt\/en\/wp-json\/wp\/v2\/product_cat?post=64838"},{"taxonomy":"product_tag","embeddable":true,"href":"https:\/\/www.malinashop.lt\/en\/wp-json\/wp\/v2\/product_tag?post=64838"}],"curies":[{"name":"wp","href":"https:\/\/api.w.org\/{rel}","templated":true}]}}