{"id":64827,"date":"2025-11-24T18:43:20","date_gmt":"2025-11-24T15:43:20","guid":{"rendered":"https:\/\/malinashop.lt\/?post_type=product&#038;p=64827"},"modified":"2026-02-10T12:47:57","modified_gmt":"2026-02-10T09:47:57","slug":"paese-the-kiss-lips-05-raspberry-red-skystas-lupdazis-34-ml","status":"publish","type":"product","link":"https:\/\/www.malinashop.lt\/en\/shop\/paese-the-kiss-lips-05-raspberry-red-skystas-lupdazis-34-ml\/","title":{"rendered":"PAESE THE KISS LIPS 05 Raspberry Red skystas l\u016bpda\u017eis, 3,4 ml"},"content":{"rendered":"<p>PAESE THE KISS LIPS skystas l\u016bpda\u017eis 05 Raspberry Red \u2013 tai intensyvaus pigmento, ilgai i\u0161liekantis matinis l\u016bpda\u017eis, sukurtas ry\u0161kiam ir nepriekai\u0161tingam \u012fvaizd\u017eiui. Lengva, glotni tekst\u016bra tiksliai padengia l\u016bpas ir suteikia sodr\u0173 avie\u010di\u0173 raudonumo atspalv\u012f, kuris i\u0161lieka vis\u0105 dien\u0105. Formul\u0117 komforti\u0161ka, neapsunkina l\u016bp\u0173, nesausina ir leid\u017eia m\u0117gautis makia\u017eu be papildom\u0173 korekcij\u0173. Puikus pasirinkimas tiek kasdieniam, tiek vakariniam makia\u017eui, norint i\u0161ry\u0161kinti l\u016bpas ir sukurti eleganti\u0161k\u0105 rezultat\u0105.<\/p>\n","protected":false},"excerpt":{"rendered":"<p data-start=\"575\" data-end=\"710\">Intensyvaus pigmento matinis skystas l\u016bpda\u017eis, suteikiantis sodr\u0173 avie\u010di\u0173 raudonumo atspalv\u012f ir ilgai i\u0161liekant\u012f komforti\u0161k\u0105 rezultat\u0105.<\/p>\n","protected":false},"featured_media":64829,"template":"","meta":[],"product_brand":[1534],"product_cat":[102,708,533],"product_tag":[1614],"class_list":{"0":"post-64827","1":"product","2":"type-product","3":"status-publish","4":"has-post-thumbnail","6":"product_brand-paese","7":"product_cat-dekoratyvine-kosmetika","8":"product_cat-lupoms","9":"product_cat-lupu-dazai","10":"product_tag-paese","12":"first","13":"instock","14":"purchasable","15":"product-type-simple"},"yoast_head":"<!-- This site is optimized with the Yoast SEO plugin v27.4 - https:\/\/yoast.com\/product\/yoast-seo-wordpress\/ -->\n<title>PAESE THE KISS LIPS 05 Raspberry Red skystas l\u016bpda\u017eis, 3,4 ml - MalinaShop.lt J\u016bs\u0173 sveikatai ir gro\u017eiui.<\/title>\n<meta name=\"description\" content=\"PAESE THE KISS LIPS skystas l\u016bpda\u017eis 05 Raspberry Red \u2013 ilgai i\u0161liekantis matinis l\u016bpda\u017eis su sodriu avie\u010di\u0173 atspalviu. Idealiai tinka ry\u0161kiam \u012fvaizd\u017eiui.\" \/>\n<meta name=\"robots\" content=\"index, follow, max-snippet:-1, max-image-preview:large, max-video-preview:-1\" \/>\n<link rel=\"canonical\" href=\"https:\/\/www.malinashop.lt\/en\/shop\/paese-the-kiss-lips-05-raspberry-red-skystas-lupdazis-34-ml\/\" \/>\n<meta property=\"og:locale\" content=\"en_GB\" \/>\n<meta property=\"og:type\" content=\"article\" \/>\n<meta property=\"og:title\" content=\"PAESE THE KISS LIPS 05 Raspberry Red skystas l\u016bpda\u017eis, 3,4 ml - MalinaShop.lt J\u016bs\u0173 sveikatai ir gro\u017eiui.\" \/>\n<meta property=\"og:description\" content=\"PAESE THE KISS LIPS skystas l\u016bpda\u017eis 05 Raspberry Red \u2013 ilgai i\u0161liekantis matinis l\u016bpda\u017eis su sodriu avie\u010di\u0173 atspalviu. Idealiai tinka ry\u0161kiam \u012fvaizd\u017eiui.\" \/>\n<meta property=\"og:url\" content=\"https:\/\/www.malinashop.lt\/en\/shop\/paese-the-kiss-lips-05-raspberry-red-skystas-lupdazis-34-ml\/\" \/>\n<meta property=\"og:site_name\" content=\"MalinaShop.lt J\u016bs\u0173 sveikatai ir gro\u017eiui.\" \/>\n<meta property=\"article:modified_time\" content=\"2026-02-10T09:47:57+00:00\" \/>\n<meta property=\"og:image\" content=\"https:\/\/www.malinashop.lt\/wp-content\/uploads\/2025\/11\/5902627624575.jpg\" \/>\n\t<meta property=\"og:image:width\" content=\"1000\" \/>\n\t<meta property=\"og:image:height\" content=\"1000\" \/>\n\t<meta property=\"og:image:type\" content=\"image\/jpeg\" \/>\n<meta name=\"twitter:card\" content=\"summary_large_image\" \/>\n<script type=\"application\/ld+json\" class=\"yoast-schema-graph\">{\"@context\":\"https:\\\/\\\/schema.org\",\"@graph\":[{\"@type\":\"WebPage\",\"@id\":\"https:\\\/\\\/www.malinashop.lt\\\/shop\\\/paese-the-kiss-lips-05-raspberry-red-skystas-lupdazis-34-ml\\\/\",\"url\":\"https:\\\/\\\/www.malinashop.lt\\\/shop\\\/paese-the-kiss-lips-05-raspberry-red-skystas-lupdazis-34-ml\\\/\",\"name\":\"PAESE THE KISS LIPS 05 Raspberry Red skystas l\u016bpda\u017eis, 3,4 ml - MalinaShop.lt J\u016bs\u0173 sveikatai ir gro\u017eiui.\",\"isPartOf\":{\"@id\":\"https:\\\/\\\/www.malinashop.lt\\\/#website\"},\"primaryImageOfPage\":{\"@id\":\"https:\\\/\\\/www.malinashop.lt\\\/shop\\\/paese-the-kiss-lips-05-raspberry-red-skystas-lupdazis-34-ml\\\/#primaryimage\"},\"image\":{\"@id\":\"https:\\\/\\\/www.malinashop.lt\\\/shop\\\/paese-the-kiss-lips-05-raspberry-red-skystas-lupdazis-34-ml\\\/#primaryimage\"},\"thumbnailUrl\":\"https:\\\/\\\/www.malinashop.lt\\\/wp-content\\\/uploads\\\/2025\\\/11\\\/5902627624575.jpg\",\"datePublished\":\"2025-11-24T15:43:20+00:00\",\"dateModified\":\"2026-02-10T09:47:57+00:00\",\"description\":\"PAESE THE KISS LIPS skystas l\u016bpda\u017eis 05 Raspberry Red \u2013 ilgai i\u0161liekantis matinis l\u016bpda\u017eis su sodriu avie\u010di\u0173 atspalviu. Idealiai tinka ry\u0161kiam \u012fvaizd\u017eiui.\",\"breadcrumb\":{\"@id\":\"https:\\\/\\\/www.malinashop.lt\\\/shop\\\/paese-the-kiss-lips-05-raspberry-red-skystas-lupdazis-34-ml\\\/#breadcrumb\"},\"inLanguage\":\"en-GB\",\"potentialAction\":[{\"@type\":\"ReadAction\",\"target\":[\"https:\\\/\\\/www.malinashop.lt\\\/shop\\\/paese-the-kiss-lips-05-raspberry-red-skystas-lupdazis-34-ml\\\/\"]}]},{\"@type\":\"ImageObject\",\"inLanguage\":\"en-GB\",\"@id\":\"https:\\\/\\\/www.malinashop.lt\\\/shop\\\/paese-the-kiss-lips-05-raspberry-red-skystas-lupdazis-34-ml\\\/#primaryimage\",\"url\":\"https:\\\/\\\/www.malinashop.lt\\\/wp-content\\\/uploads\\\/2025\\\/11\\\/5902627624575.jpg\",\"contentUrl\":\"https:\\\/\\\/www.malinashop.lt\\\/wp-content\\\/uploads\\\/2025\\\/11\\\/5902627624575.jpg\",\"width\":1000,\"height\":1000},{\"@type\":\"BreadcrumbList\",\"@id\":\"https:\\\/\\\/www.malinashop.lt\\\/shop\\\/paese-the-kiss-lips-05-raspberry-red-skystas-lupdazis-34-ml\\\/#breadcrumb\",\"itemListElement\":[{\"@type\":\"ListItem\",\"position\":1,\"name\":\"Pagrindinis\",\"item\":\"https:\\\/\\\/www.malinashop.lt\\\/\"},{\"@type\":\"ListItem\",\"position\":2,\"name\":\"Parduotuv\u0117\",\"item\":\"https:\\\/\\\/www.malinashop.lt\\\/en\\\/parduotuve\\\/\"},{\"@type\":\"ListItem\",\"position\":3,\"name\":\"PAESE THE KISS LIPS 05 Raspberry Red skystas l\u016bpda\u017eis, 3,4 ml\"}]},{\"@type\":\"WebSite\",\"@id\":\"https:\\\/\\\/www.malinashop.lt\\\/#website\",\"url\":\"https:\\\/\\\/www.malinashop.lt\\\/\",\"name\":\"COM Group Ecommerce\",\"description\":\"MalinaShop.lt - Gro\u017eio ir sveikatos produktai i\u0161 patikim\u0173 preki\u0173 \u017eenkl\u0173. Atraskite auk\u0161tos kokyb\u0117s kosmetik\u0105 u\u017e puiki\u0105 kain\u0105.\",\"publisher\":{\"@id\":\"https:\\\/\\\/www.malinashop.lt\\\/#organization\"},\"potentialAction\":[{\"@type\":\"SearchAction\",\"target\":{\"@type\":\"EntryPoint\",\"urlTemplate\":\"https:\\\/\\\/www.malinashop.lt\\\/?s={search_term_string}\"},\"query-input\":{\"@type\":\"PropertyValueSpecification\",\"valueRequired\":true,\"valueName\":\"search_term_string\"}}],\"inLanguage\":\"en-GB\"},{\"@type\":\"Organization\",\"@id\":\"https:\\\/\\\/www.malinashop.lt\\\/#organization\",\"name\":\"COM Group Ecommerce\",\"url\":\"https:\\\/\\\/www.malinashop.lt\\\/\",\"logo\":{\"@type\":\"ImageObject\",\"inLanguage\":\"en-GB\",\"@id\":\"https:\\\/\\\/www.malinashop.lt\\\/#\\\/schema\\\/logo\\\/image\\\/\",\"url\":\"https:\\\/\\\/www.malinashop.lt\\\/wp-content\\\/uploads\\\/2024\\\/08\\\/462559670_3787732518133670_9795632669273463_n-e1731525914575.png\",\"contentUrl\":\"https:\\\/\\\/www.malinashop.lt\\\/wp-content\\\/uploads\\\/2024\\\/08\\\/462559670_3787732518133670_9795632669273463_n-e1731525914575.png\",\"width\":180,\"height\":60,\"caption\":\"COM Group Ecommerce\"},\"image\":{\"@id\":\"https:\\\/\\\/www.malinashop.lt\\\/#\\\/schema\\\/logo\\\/image\\\/\"}}]}<\/script>\n<!-- \/ Yoast SEO plugin. -->","yoast_head_json":{"title":"PAESE THE KISS LIPS 05 Raspberry Red skystas l\u016bpda\u017eis, 3,4 ml - MalinaShop.lt J\u016bs\u0173 sveikatai ir gro\u017eiui.","description":"PAESE THE KISS LIPS skystas l\u016bpda\u017eis 05 Raspberry Red \u2013 ilgai i\u0161liekantis matinis l\u016bpda\u017eis su sodriu avie\u010di\u0173 atspalviu. Idealiai tinka ry\u0161kiam \u012fvaizd\u017eiui.","robots":{"index":"index","follow":"follow","max-snippet":"max-snippet:-1","max-image-preview":"max-image-preview:large","max-video-preview":"max-video-preview:-1"},"canonical":"https:\/\/www.malinashop.lt\/en\/shop\/paese-the-kiss-lips-05-raspberry-red-skystas-lupdazis-34-ml\/","og_locale":"en_GB","og_type":"article","og_title":"PAESE THE KISS LIPS 05 Raspberry Red skystas l\u016bpda\u017eis, 3,4 ml - MalinaShop.lt J\u016bs\u0173 sveikatai ir gro\u017eiui.","og_description":"PAESE THE KISS LIPS skystas l\u016bpda\u017eis 05 Raspberry Red \u2013 ilgai i\u0161liekantis matinis l\u016bpda\u017eis su sodriu avie\u010di\u0173 atspalviu. Idealiai tinka ry\u0161kiam \u012fvaizd\u017eiui.","og_url":"https:\/\/www.malinashop.lt\/en\/shop\/paese-the-kiss-lips-05-raspberry-red-skystas-lupdazis-34-ml\/","og_site_name":"MalinaShop.lt J\u016bs\u0173 sveikatai ir gro\u017eiui.","article_modified_time":"2026-02-10T09:47:57+00:00","og_image":[{"width":1000,"height":1000,"url":"https:\/\/www.malinashop.lt\/wp-content\/uploads\/2025\/11\/5902627624575.jpg","type":"image\/jpeg"}],"twitter_card":"summary_large_image","schema":{"@context":"https:\/\/schema.org","@graph":[{"@type":"WebPage","@id":"https:\/\/www.malinashop.lt\/shop\/paese-the-kiss-lips-05-raspberry-red-skystas-lupdazis-34-ml\/","url":"https:\/\/www.malinashop.lt\/shop\/paese-the-kiss-lips-05-raspberry-red-skystas-lupdazis-34-ml\/","name":"PAESE THE KISS LIPS 05 Raspberry Red skystas l\u016bpda\u017eis, 3,4 ml - MalinaShop.lt J\u016bs\u0173 sveikatai ir gro\u017eiui.","isPartOf":{"@id":"https:\/\/www.malinashop.lt\/#website"},"primaryImageOfPage":{"@id":"https:\/\/www.malinashop.lt\/shop\/paese-the-kiss-lips-05-raspberry-red-skystas-lupdazis-34-ml\/#primaryimage"},"image":{"@id":"https:\/\/www.malinashop.lt\/shop\/paese-the-kiss-lips-05-raspberry-red-skystas-lupdazis-34-ml\/#primaryimage"},"thumbnailUrl":"https:\/\/www.malinashop.lt\/wp-content\/uploads\/2025\/11\/5902627624575.jpg","datePublished":"2025-11-24T15:43:20+00:00","dateModified":"2026-02-10T09:47:57+00:00","description":"PAESE THE KISS LIPS skystas l\u016bpda\u017eis 05 Raspberry Red \u2013 ilgai i\u0161liekantis matinis l\u016bpda\u017eis su sodriu avie\u010di\u0173 atspalviu. Idealiai tinka ry\u0161kiam \u012fvaizd\u017eiui.","breadcrumb":{"@id":"https:\/\/www.malinashop.lt\/shop\/paese-the-kiss-lips-05-raspberry-red-skystas-lupdazis-34-ml\/#breadcrumb"},"inLanguage":"en-GB","potentialAction":[{"@type":"ReadAction","target":["https:\/\/www.malinashop.lt\/shop\/paese-the-kiss-lips-05-raspberry-red-skystas-lupdazis-34-ml\/"]}]},{"@type":"ImageObject","inLanguage":"en-GB","@id":"https:\/\/www.malinashop.lt\/shop\/paese-the-kiss-lips-05-raspberry-red-skystas-lupdazis-34-ml\/#primaryimage","url":"https:\/\/www.malinashop.lt\/wp-content\/uploads\/2025\/11\/5902627624575.jpg","contentUrl":"https:\/\/www.malinashop.lt\/wp-content\/uploads\/2025\/11\/5902627624575.jpg","width":1000,"height":1000},{"@type":"BreadcrumbList","@id":"https:\/\/www.malinashop.lt\/shop\/paese-the-kiss-lips-05-raspberry-red-skystas-lupdazis-34-ml\/#breadcrumb","itemListElement":[{"@type":"ListItem","position":1,"name":"Pagrindinis","item":"https:\/\/www.malinashop.lt\/"},{"@type":"ListItem","position":2,"name":"Parduotuv\u0117","item":"https:\/\/www.malinashop.lt\/en\/parduotuve\/"},{"@type":"ListItem","position":3,"name":"PAESE THE KISS LIPS 05 Raspberry Red skystas l\u016bpda\u017eis, 3,4 ml"}]},{"@type":"WebSite","@id":"https:\/\/www.malinashop.lt\/#website","url":"https:\/\/www.malinashop.lt\/","name":"COM Group Ecommerce","description":"MalinaShop.lt - Gro\u017eio ir sveikatos produktai i\u0161 patikim\u0173 preki\u0173 \u017eenkl\u0173. Atraskite auk\u0161tos kokyb\u0117s kosmetik\u0105 u\u017e puiki\u0105 kain\u0105.","publisher":{"@id":"https:\/\/www.malinashop.lt\/#organization"},"potentialAction":[{"@type":"SearchAction","target":{"@type":"EntryPoint","urlTemplate":"https:\/\/www.malinashop.lt\/?s={search_term_string}"},"query-input":{"@type":"PropertyValueSpecification","valueRequired":true,"valueName":"search_term_string"}}],"inLanguage":"en-GB"},{"@type":"Organization","@id":"https:\/\/www.malinashop.lt\/#organization","name":"COM Group Ecommerce","url":"https:\/\/www.malinashop.lt\/","logo":{"@type":"ImageObject","inLanguage":"en-GB","@id":"https:\/\/www.malinashop.lt\/#\/schema\/logo\/image\/","url":"https:\/\/www.malinashop.lt\/wp-content\/uploads\/2024\/08\/462559670_3787732518133670_9795632669273463_n-e1731525914575.png","contentUrl":"https:\/\/www.malinashop.lt\/wp-content\/uploads\/2024\/08\/462559670_3787732518133670_9795632669273463_n-e1731525914575.png","width":180,"height":60,"caption":"COM Group Ecommerce"},"image":{"@id":"https:\/\/www.malinashop.lt\/#\/schema\/logo\/image\/"}}]}},"jetpack_sharing_enabled":true,"_links":{"self":[{"href":"https:\/\/www.malinashop.lt\/en\/wp-json\/wp\/v2\/product\/64827","targetHints":{"allow":["GET"]}}],"collection":[{"href":"https:\/\/www.malinashop.lt\/en\/wp-json\/wp\/v2\/product"}],"about":[{"href":"https:\/\/www.malinashop.lt\/en\/wp-json\/wp\/v2\/types\/product"}],"version-history":[{"count":2,"href":"https:\/\/www.malinashop.lt\/en\/wp-json\/wp\/v2\/product\/64827\/revisions"}],"predecessor-version":[{"id":72230,"href":"https:\/\/www.malinashop.lt\/en\/wp-json\/wp\/v2\/product\/64827\/revisions\/72230"}],"wp:featuredmedia":[{"embeddable":true,"href":"https:\/\/www.malinashop.lt\/en\/wp-json\/wp\/v2\/media\/64829"}],"wp:attachment":[{"href":"https:\/\/www.malinashop.lt\/en\/wp-json\/wp\/v2\/media?parent=64827"}],"wp:term":[{"taxonomy":"product_brand","embeddable":true,"href":"https:\/\/www.malinashop.lt\/en\/wp-json\/wp\/v2\/product_brand?post=64827"},{"taxonomy":"product_cat","embeddable":true,"href":"https:\/\/www.malinashop.lt\/en\/wp-json\/wp\/v2\/product_cat?post=64827"},{"taxonomy":"product_tag","embeddable":true,"href":"https:\/\/www.malinashop.lt\/en\/wp-json\/wp\/v2\/product_tag?post=64827"}],"curies":[{"name":"wp","href":"https:\/\/api.w.org\/{rel}","templated":true}]}}