{"id":64802,"date":"2025-11-24T18:43:03","date_gmt":"2025-11-24T15:43:03","guid":{"rendered":"https:\/\/malinashop.lt\/?post_type=product&#038;p=64802"},"modified":"2026-02-10T12:47:58","modified_gmt":"2026-02-10T09:47:58","slug":"paese-the-kiss-lips-06-classic-red-lupu-konturavimo-piestukas-03-g","status":"publish","type":"product","link":"https:\/\/www.malinashop.lt\/en\/shop\/paese-the-kiss-lips-06-classic-red-lupu-konturavimo-piestukas-03-g\/","title":{"rendered":"PAESE THE KISS LIPS 06 Classic Red l\u016bp\u0173 kont\u016bravimo pie\u0161tukas, 0,3 g"},"content":{"rendered":"<p data-start=\"28\" data-end=\"362\"><strong data-start=\"28\" data-end=\"93\">PAESE THE KISS LIPS l\u016bp\u0173 kont\u016bravimo pie\u0161tukas 06 Classic Red<\/strong> \u2013 tai ry\u0161kaus klasikinio raudonio atspalvio, itin tiksliai br\u0117\u017eiantis l\u016bp\u0173 pie\u0161tukas, sukurtas pabr\u0117\u017eti l\u016bp\u0173 form\u0105 ir suteikti i\u0161rai\u0161king\u0105 makia\u017eo rezultat\u0105. Jo matin\u0117 tekst\u016bra leid\u017eia sukurti glotn\u0173, ilgai i\u0161liekant\u012f kont\u016br\u0105, kuris neblunka ir nesitepa dienos eigoje.<\/p>\n<p data-start=\"364\" data-end=\"646\">D\u0117l kremin\u0117s, bet tvirtos formul\u0117s \u0161is pie\u0161tukas lengvai slysta per l\u016bpas, nepalikdamas dry\u017ei\u0173, o sodrus pigmentas u\u017etikrina ry\u0161k\u0173 efekt\u0105 vos vienu br\u016bk\u0161tel\u0117jimu. Puikiai tinka tiek kont\u016bravimui, tiek vis\u0173 l\u016bp\u0173 padengimui, jei norisi matinio klasikin\u0117s raudonos spalvos \u012fvaizd\u017eio.<\/p>\n<p data-start=\"648\" data-end=\"797\">Idealus pasirinkimas norin\u010dioms sukurti nepriekai\u0161ting\u0105 l\u016bp\u0173 kont\u016br\u0105, i\u0161ry\u0161kinti l\u016bp\u0173 form\u0105 ir u\u017etikrinti, kad l\u016bp\u0173 da\u017eai i\u0161likt\u0173 vietoje vis\u0105 dien\u0105.<\/p>\n","protected":false},"excerpt":{"rendered":"<p data-start=\"836\" data-end=\"1015\">Matinis l\u016bp\u0173 kont\u016bravimo pie\u0161tukas <strong data-start=\"871\" data-end=\"909\">PAESE THE KISS LIPS 06 Classic Red<\/strong> su intensyvia raudona spalva, u\u017etikrinantis tiksl\u0173 kont\u016br\u0105, sodri\u0105 pigmentacij\u0105 ir ilgalaik\u012f i\u0161silaikym\u0105.<\/p>\n","protected":false},"featured_media":64804,"template":"","meta":[],"product_brand":[1534],"product_cat":[102,708,529],"product_tag":[1614],"class_list":{"0":"post-64802","1":"product","2":"type-product","3":"status-publish","4":"has-post-thumbnail","6":"product_brand-paese","7":"product_cat-dekoratyvine-kosmetika","8":"product_cat-lupoms","9":"product_cat-lupu-piestukai","10":"product_tag-paese","12":"first","13":"instock","14":"purchasable","15":"product-type-simple"},"yoast_head":"<!-- This site is optimized with the Yoast SEO plugin v27.4 - https:\/\/yoast.com\/product\/yoast-seo-wordpress\/ -->\n<title>PAESE THE KISS LIPS 06 Classic Red l\u016bp\u0173 kont\u016bravimo pie\u0161tukas, 0,3 g - MalinaShop.lt J\u016bs\u0173 sveikatai ir gro\u017eiui.<\/title>\n<meta name=\"description\" content=\"PAESE THE KISS LIPS 06 Classic Red \u2013 ry\u0161kios raudonos spalvos matinis l\u016bp\u0173 pie\u0161tukas, suteikiantis tiksl\u0173 kont\u016br\u0105 ir ilgalaik\u012f efekt\u0105.\" \/>\n<meta name=\"robots\" content=\"index, follow, max-snippet:-1, max-image-preview:large, max-video-preview:-1\" \/>\n<link rel=\"canonical\" href=\"https:\/\/www.malinashop.lt\/en\/shop\/paese-the-kiss-lips-06-classic-red-lupu-konturavimo-piestukas-03-g\/\" \/>\n<meta property=\"og:locale\" content=\"en_GB\" \/>\n<meta property=\"og:type\" content=\"article\" \/>\n<meta property=\"og:title\" content=\"PAESE THE KISS LIPS 06 Classic Red l\u016bp\u0173 kont\u016bravimo pie\u0161tukas, 0,3 g - MalinaShop.lt J\u016bs\u0173 sveikatai ir gro\u017eiui.\" \/>\n<meta property=\"og:description\" content=\"PAESE THE KISS LIPS 06 Classic Red \u2013 ry\u0161kios raudonos spalvos matinis l\u016bp\u0173 pie\u0161tukas, suteikiantis tiksl\u0173 kont\u016br\u0105 ir ilgalaik\u012f efekt\u0105.\" \/>\n<meta property=\"og:url\" content=\"https:\/\/www.malinashop.lt\/en\/shop\/paese-the-kiss-lips-06-classic-red-lupu-konturavimo-piestukas-03-g\/\" \/>\n<meta property=\"og:site_name\" content=\"MalinaShop.lt J\u016bs\u0173 sveikatai ir gro\u017eiui.\" \/>\n<meta property=\"article:modified_time\" content=\"2026-02-10T09:47:58+00:00\" \/>\n<meta property=\"og:image\" content=\"https:\/\/www.malinashop.lt\/wp-content\/uploads\/2025\/11\/5902627624711.jpg\" \/>\n\t<meta property=\"og:image:width\" content=\"1000\" \/>\n\t<meta property=\"og:image:height\" content=\"1000\" \/>\n\t<meta property=\"og:image:type\" content=\"image\/jpeg\" \/>\n<meta name=\"twitter:card\" content=\"summary_large_image\" \/>\n<script type=\"application\/ld+json\" class=\"yoast-schema-graph\">{\"@context\":\"https:\\\/\\\/schema.org\",\"@graph\":[{\"@type\":\"WebPage\",\"@id\":\"https:\\\/\\\/www.malinashop.lt\\\/shop\\\/paese-the-kiss-lips-06-classic-red-lupu-konturavimo-piestukas-03-g\\\/\",\"url\":\"https:\\\/\\\/www.malinashop.lt\\\/shop\\\/paese-the-kiss-lips-06-classic-red-lupu-konturavimo-piestukas-03-g\\\/\",\"name\":\"PAESE THE KISS LIPS 06 Classic Red l\u016bp\u0173 kont\u016bravimo pie\u0161tukas, 0,3 g - MalinaShop.lt J\u016bs\u0173 sveikatai ir gro\u017eiui.\",\"isPartOf\":{\"@id\":\"https:\\\/\\\/www.malinashop.lt\\\/#website\"},\"primaryImageOfPage\":{\"@id\":\"https:\\\/\\\/www.malinashop.lt\\\/shop\\\/paese-the-kiss-lips-06-classic-red-lupu-konturavimo-piestukas-03-g\\\/#primaryimage\"},\"image\":{\"@id\":\"https:\\\/\\\/www.malinashop.lt\\\/shop\\\/paese-the-kiss-lips-06-classic-red-lupu-konturavimo-piestukas-03-g\\\/#primaryimage\"},\"thumbnailUrl\":\"https:\\\/\\\/www.malinashop.lt\\\/wp-content\\\/uploads\\\/2025\\\/11\\\/5902627624711.jpg\",\"datePublished\":\"2025-11-24T15:43:03+00:00\",\"dateModified\":\"2026-02-10T09:47:58+00:00\",\"description\":\"PAESE THE KISS LIPS 06 Classic Red \u2013 ry\u0161kios raudonos spalvos matinis l\u016bp\u0173 pie\u0161tukas, suteikiantis tiksl\u0173 kont\u016br\u0105 ir ilgalaik\u012f efekt\u0105.\",\"breadcrumb\":{\"@id\":\"https:\\\/\\\/www.malinashop.lt\\\/shop\\\/paese-the-kiss-lips-06-classic-red-lupu-konturavimo-piestukas-03-g\\\/#breadcrumb\"},\"inLanguage\":\"en-GB\",\"potentialAction\":[{\"@type\":\"ReadAction\",\"target\":[\"https:\\\/\\\/www.malinashop.lt\\\/shop\\\/paese-the-kiss-lips-06-classic-red-lupu-konturavimo-piestukas-03-g\\\/\"]}]},{\"@type\":\"ImageObject\",\"inLanguage\":\"en-GB\",\"@id\":\"https:\\\/\\\/www.malinashop.lt\\\/shop\\\/paese-the-kiss-lips-06-classic-red-lupu-konturavimo-piestukas-03-g\\\/#primaryimage\",\"url\":\"https:\\\/\\\/www.malinashop.lt\\\/wp-content\\\/uploads\\\/2025\\\/11\\\/5902627624711.jpg\",\"contentUrl\":\"https:\\\/\\\/www.malinashop.lt\\\/wp-content\\\/uploads\\\/2025\\\/11\\\/5902627624711.jpg\",\"width\":1000,\"height\":1000},{\"@type\":\"BreadcrumbList\",\"@id\":\"https:\\\/\\\/www.malinashop.lt\\\/shop\\\/paese-the-kiss-lips-06-classic-red-lupu-konturavimo-piestukas-03-g\\\/#breadcrumb\",\"itemListElement\":[{\"@type\":\"ListItem\",\"position\":1,\"name\":\"Pagrindinis\",\"item\":\"https:\\\/\\\/www.malinashop.lt\\\/\"},{\"@type\":\"ListItem\",\"position\":2,\"name\":\"Parduotuv\u0117\",\"item\":\"https:\\\/\\\/www.malinashop.lt\\\/en\\\/parduotuve\\\/\"},{\"@type\":\"ListItem\",\"position\":3,\"name\":\"PAESE THE KISS LIPS 06 Classic Red l\u016bp\u0173 kont\u016bravimo pie\u0161tukas, 0,3 g\"}]},{\"@type\":\"WebSite\",\"@id\":\"https:\\\/\\\/www.malinashop.lt\\\/#website\",\"url\":\"https:\\\/\\\/www.malinashop.lt\\\/\",\"name\":\"COM Group Ecommerce\",\"description\":\"MalinaShop.lt - Gro\u017eio ir sveikatos produktai i\u0161 patikim\u0173 preki\u0173 \u017eenkl\u0173. Atraskite auk\u0161tos kokyb\u0117s kosmetik\u0105 u\u017e puiki\u0105 kain\u0105.\",\"publisher\":{\"@id\":\"https:\\\/\\\/www.malinashop.lt\\\/#organization\"},\"potentialAction\":[{\"@type\":\"SearchAction\",\"target\":{\"@type\":\"EntryPoint\",\"urlTemplate\":\"https:\\\/\\\/www.malinashop.lt\\\/?s={search_term_string}\"},\"query-input\":{\"@type\":\"PropertyValueSpecification\",\"valueRequired\":true,\"valueName\":\"search_term_string\"}}],\"inLanguage\":\"en-GB\"},{\"@type\":\"Organization\",\"@id\":\"https:\\\/\\\/www.malinashop.lt\\\/#organization\",\"name\":\"COM Group Ecommerce\",\"url\":\"https:\\\/\\\/www.malinashop.lt\\\/\",\"logo\":{\"@type\":\"ImageObject\",\"inLanguage\":\"en-GB\",\"@id\":\"https:\\\/\\\/www.malinashop.lt\\\/#\\\/schema\\\/logo\\\/image\\\/\",\"url\":\"https:\\\/\\\/www.malinashop.lt\\\/wp-content\\\/uploads\\\/2024\\\/08\\\/462559670_3787732518133670_9795632669273463_n-e1731525914575.png\",\"contentUrl\":\"https:\\\/\\\/www.malinashop.lt\\\/wp-content\\\/uploads\\\/2024\\\/08\\\/462559670_3787732518133670_9795632669273463_n-e1731525914575.png\",\"width\":180,\"height\":60,\"caption\":\"COM Group Ecommerce\"},\"image\":{\"@id\":\"https:\\\/\\\/www.malinashop.lt\\\/#\\\/schema\\\/logo\\\/image\\\/\"}}]}<\/script>\n<!-- \/ Yoast SEO plugin. -->","yoast_head_json":{"title":"PAESE THE KISS LIPS 06 Classic Red l\u016bp\u0173 kont\u016bravimo pie\u0161tukas, 0,3 g - MalinaShop.lt J\u016bs\u0173 sveikatai ir gro\u017eiui.","description":"PAESE THE KISS LIPS 06 Classic Red \u2013 ry\u0161kios raudonos spalvos matinis l\u016bp\u0173 pie\u0161tukas, suteikiantis tiksl\u0173 kont\u016br\u0105 ir ilgalaik\u012f efekt\u0105.","robots":{"index":"index","follow":"follow","max-snippet":"max-snippet:-1","max-image-preview":"max-image-preview:large","max-video-preview":"max-video-preview:-1"},"canonical":"https:\/\/www.malinashop.lt\/en\/shop\/paese-the-kiss-lips-06-classic-red-lupu-konturavimo-piestukas-03-g\/","og_locale":"en_GB","og_type":"article","og_title":"PAESE THE KISS LIPS 06 Classic Red l\u016bp\u0173 kont\u016bravimo pie\u0161tukas, 0,3 g - MalinaShop.lt J\u016bs\u0173 sveikatai ir gro\u017eiui.","og_description":"PAESE THE KISS LIPS 06 Classic Red \u2013 ry\u0161kios raudonos spalvos matinis l\u016bp\u0173 pie\u0161tukas, suteikiantis tiksl\u0173 kont\u016br\u0105 ir ilgalaik\u012f efekt\u0105.","og_url":"https:\/\/www.malinashop.lt\/en\/shop\/paese-the-kiss-lips-06-classic-red-lupu-konturavimo-piestukas-03-g\/","og_site_name":"MalinaShop.lt J\u016bs\u0173 sveikatai ir gro\u017eiui.","article_modified_time":"2026-02-10T09:47:58+00:00","og_image":[{"width":1000,"height":1000,"url":"https:\/\/www.malinashop.lt\/wp-content\/uploads\/2025\/11\/5902627624711.jpg","type":"image\/jpeg"}],"twitter_card":"summary_large_image","schema":{"@context":"https:\/\/schema.org","@graph":[{"@type":"WebPage","@id":"https:\/\/www.malinashop.lt\/shop\/paese-the-kiss-lips-06-classic-red-lupu-konturavimo-piestukas-03-g\/","url":"https:\/\/www.malinashop.lt\/shop\/paese-the-kiss-lips-06-classic-red-lupu-konturavimo-piestukas-03-g\/","name":"PAESE THE KISS LIPS 06 Classic Red l\u016bp\u0173 kont\u016bravimo pie\u0161tukas, 0,3 g - MalinaShop.lt J\u016bs\u0173 sveikatai ir gro\u017eiui.","isPartOf":{"@id":"https:\/\/www.malinashop.lt\/#website"},"primaryImageOfPage":{"@id":"https:\/\/www.malinashop.lt\/shop\/paese-the-kiss-lips-06-classic-red-lupu-konturavimo-piestukas-03-g\/#primaryimage"},"image":{"@id":"https:\/\/www.malinashop.lt\/shop\/paese-the-kiss-lips-06-classic-red-lupu-konturavimo-piestukas-03-g\/#primaryimage"},"thumbnailUrl":"https:\/\/www.malinashop.lt\/wp-content\/uploads\/2025\/11\/5902627624711.jpg","datePublished":"2025-11-24T15:43:03+00:00","dateModified":"2026-02-10T09:47:58+00:00","description":"PAESE THE KISS LIPS 06 Classic Red \u2013 ry\u0161kios raudonos spalvos matinis l\u016bp\u0173 pie\u0161tukas, suteikiantis tiksl\u0173 kont\u016br\u0105 ir ilgalaik\u012f efekt\u0105.","breadcrumb":{"@id":"https:\/\/www.malinashop.lt\/shop\/paese-the-kiss-lips-06-classic-red-lupu-konturavimo-piestukas-03-g\/#breadcrumb"},"inLanguage":"en-GB","potentialAction":[{"@type":"ReadAction","target":["https:\/\/www.malinashop.lt\/shop\/paese-the-kiss-lips-06-classic-red-lupu-konturavimo-piestukas-03-g\/"]}]},{"@type":"ImageObject","inLanguage":"en-GB","@id":"https:\/\/www.malinashop.lt\/shop\/paese-the-kiss-lips-06-classic-red-lupu-konturavimo-piestukas-03-g\/#primaryimage","url":"https:\/\/www.malinashop.lt\/wp-content\/uploads\/2025\/11\/5902627624711.jpg","contentUrl":"https:\/\/www.malinashop.lt\/wp-content\/uploads\/2025\/11\/5902627624711.jpg","width":1000,"height":1000},{"@type":"BreadcrumbList","@id":"https:\/\/www.malinashop.lt\/shop\/paese-the-kiss-lips-06-classic-red-lupu-konturavimo-piestukas-03-g\/#breadcrumb","itemListElement":[{"@type":"ListItem","position":1,"name":"Pagrindinis","item":"https:\/\/www.malinashop.lt\/"},{"@type":"ListItem","position":2,"name":"Parduotuv\u0117","item":"https:\/\/www.malinashop.lt\/en\/parduotuve\/"},{"@type":"ListItem","position":3,"name":"PAESE THE KISS LIPS 06 Classic Red l\u016bp\u0173 kont\u016bravimo pie\u0161tukas, 0,3 g"}]},{"@type":"WebSite","@id":"https:\/\/www.malinashop.lt\/#website","url":"https:\/\/www.malinashop.lt\/","name":"COM Group Ecommerce","description":"MalinaShop.lt - Gro\u017eio ir sveikatos produktai i\u0161 patikim\u0173 preki\u0173 \u017eenkl\u0173. Atraskite auk\u0161tos kokyb\u0117s kosmetik\u0105 u\u017e puiki\u0105 kain\u0105.","publisher":{"@id":"https:\/\/www.malinashop.lt\/#organization"},"potentialAction":[{"@type":"SearchAction","target":{"@type":"EntryPoint","urlTemplate":"https:\/\/www.malinashop.lt\/?s={search_term_string}"},"query-input":{"@type":"PropertyValueSpecification","valueRequired":true,"valueName":"search_term_string"}}],"inLanguage":"en-GB"},{"@type":"Organization","@id":"https:\/\/www.malinashop.lt\/#organization","name":"COM Group Ecommerce","url":"https:\/\/www.malinashop.lt\/","logo":{"@type":"ImageObject","inLanguage":"en-GB","@id":"https:\/\/www.malinashop.lt\/#\/schema\/logo\/image\/","url":"https:\/\/www.malinashop.lt\/wp-content\/uploads\/2024\/08\/462559670_3787732518133670_9795632669273463_n-e1731525914575.png","contentUrl":"https:\/\/www.malinashop.lt\/wp-content\/uploads\/2024\/08\/462559670_3787732518133670_9795632669273463_n-e1731525914575.png","width":180,"height":60,"caption":"COM Group Ecommerce"},"image":{"@id":"https:\/\/www.malinashop.lt\/#\/schema\/logo\/image\/"}}]}},"jetpack_sharing_enabled":true,"_links":{"self":[{"href":"https:\/\/www.malinashop.lt\/en\/wp-json\/wp\/v2\/product\/64802","targetHints":{"allow":["GET"]}}],"collection":[{"href":"https:\/\/www.malinashop.lt\/en\/wp-json\/wp\/v2\/product"}],"about":[{"href":"https:\/\/www.malinashop.lt\/en\/wp-json\/wp\/v2\/types\/product"}],"version-history":[{"count":2,"href":"https:\/\/www.malinashop.lt\/en\/wp-json\/wp\/v2\/product\/64802\/revisions"}],"predecessor-version":[{"id":72225,"href":"https:\/\/www.malinashop.lt\/en\/wp-json\/wp\/v2\/product\/64802\/revisions\/72225"}],"wp:featuredmedia":[{"embeddable":true,"href":"https:\/\/www.malinashop.lt\/en\/wp-json\/wp\/v2\/media\/64804"}],"wp:attachment":[{"href":"https:\/\/www.malinashop.lt\/en\/wp-json\/wp\/v2\/media?parent=64802"}],"wp:term":[{"taxonomy":"product_brand","embeddable":true,"href":"https:\/\/www.malinashop.lt\/en\/wp-json\/wp\/v2\/product_brand?post=64802"},{"taxonomy":"product_cat","embeddable":true,"href":"https:\/\/www.malinashop.lt\/en\/wp-json\/wp\/v2\/product_cat?post=64802"},{"taxonomy":"product_tag","embeddable":true,"href":"https:\/\/www.malinashop.lt\/en\/wp-json\/wp\/v2\/product_tag?post=64802"}],"curies":[{"name":"wp","href":"https:\/\/api.w.org\/{rel}","templated":true}]}}