{"id":64631,"date":"2025-11-24T18:30:21","date_gmt":"2025-11-24T15:30:21","guid":{"rendered":"https:\/\/malinashop.lt\/?post_type=product&#038;p=64631"},"modified":"2026-02-10T12:47:59","modified_gmt":"2026-02-10T09:47:59","slug":"paese-minerals-svytejimo-suteikianti-priemone-6-g","status":"publish","type":"product","link":"https:\/\/www.malinashop.lt\/en\/shop\/paese-minerals-svytejimo-suteikianti-priemone-6-g\/","title":{"rendered":"PAESE MINERALS \u0161vyt\u0117jimo suteikianti priemon\u0117, 6 g"},"content":{"rendered":"<div class=\"cs__product-section container\">\n<p data-start=\"168\" data-end=\"419\"><strong data-start=\"168\" data-end=\"217\">PAESE MINERALS \u0161vyt\u0117jimo suteikianti priemon\u0117<\/strong> \u2013 tai purus mineralinis highlighteris, suteikiantis odai nat\u016bral\u0173 ir subtil\u0173 \u0161vyt\u0117jim\u0105. Neutralus \u0161ampano atspalvis puikiai prisitaiko prie \u012fvairi\u0173 odos ton\u0173, tod\u0117l oda atrodo gaivi, lygi ir spindinti.<\/p>\n<p data-start=\"421\" data-end=\"687\">Lengva, biri mineralin\u0117 tekst\u016bra tolygiai pasiskirsto ant odos, neapsunkina jos ir leid\u017eia lengvai kontroliuoti \u0161vyt\u0117jimo intensyvum\u0105. Priemon\u0117 puikiai tinka veido bruo\u017e\u0173 pary\u0161kinimui bei gali b\u016bti naudojama visam k\u016bnui, norint suteikti odai sveiko spindesio efekt\u0105.<\/p>\n<p data-start=\"689\" data-end=\"815\">Highlighteris idealiai tinka tiek kasdieniam, tiek proginiam makia\u017eui \u2013 subtiliai atspindi \u0161vies\u0105 ir i\u0161ry\u0161kina nat\u016bral\u0173 gro\u017e\u012f.<\/p>\n<p data-start=\"817\" data-end=\"841\"><strong data-start=\"817\" data-end=\"841\">Pagrindin\u0117s savyb\u0117s:<\/strong><\/p>\n<ul data-start=\"842\" data-end=\"1067\">\n<li data-start=\"842\" data-end=\"874\">\n<p data-start=\"844\" data-end=\"874\">Neutralus, \u0161ampano atspalvis<\/p>\n<\/li>\n<li data-start=\"875\" data-end=\"906\">\n<p data-start=\"877\" data-end=\"906\">Suteikia nat\u016bral\u0173 \u0161vyt\u0117jim\u0105<\/p>\n<\/li>\n<li data-start=\"907\" data-end=\"951\">\n<p data-start=\"909\" data-end=\"951\">Purus, lengvas mineralinis highlighteris<\/p>\n<\/li>\n<li data-start=\"952\" data-end=\"994\">\n<p data-start=\"954\" data-end=\"994\">Lengvai prisitaiko prie odos atspalvio<\/p>\n<\/li>\n<li data-start=\"995\" data-end=\"1020\">\n<p data-start=\"997\" data-end=\"1020\">Tinka veidui ir k\u016bnui<\/p>\n<\/li>\n<li data-start=\"1021\" data-end=\"1067\">\n<p data-start=\"1023\" data-end=\"1067\">Galima sluoksniuoti intensyvesniam efektui<\/p>\n<\/li>\n<\/ul>\n<\/div>\n","protected":false},"excerpt":{"rendered":"<p data-start=\"1105\" data-end=\"1218\">Purus mineralinis \u0161ampano atspalvio highlighteris, suteikiantis veidui ir k\u016bnui nat\u016bral\u0173, \u0161vytin\u010dios odos efekt\u0105.<\/p>\n","protected":false},"featured_media":64633,"template":"","meta":[],"product_brand":[1534],"product_cat":[537,728],"product_tag":[1614],"class_list":{"0":"post-64631","1":"product","2":"type-product","3":"status-publish","4":"has-post-thumbnail","6":"product_brand-paese","7":"product_cat-veido-valymo-priemones","8":"product_cat-veidui","9":"product_tag-paese","11":"first","12":"instock","13":"purchasable","14":"product-type-simple"},"yoast_head":"<!-- This site is optimized with the Yoast SEO plugin v27.4 - https:\/\/yoast.com\/product\/yoast-seo-wordpress\/ -->\n<title>PAESE MINERALS \u0161vyt\u0117jimo suteikianti priemon\u0117, 6 g - MalinaShop.lt J\u016bs\u0173 sveikatai ir gro\u017eiui.<\/title>\n<meta name=\"description\" content=\"PAESE MINERALS mineralinis highlighteris suteikia odai subtil\u0173 \u0161ampano atspalvio \u0161vyt\u0117jim\u0105. Tinka veidui ir k\u016bnui, lengvos tekst\u016bros.\" \/>\n<meta name=\"robots\" content=\"index, follow, max-snippet:-1, max-image-preview:large, max-video-preview:-1\" \/>\n<link rel=\"canonical\" href=\"https:\/\/www.malinashop.lt\/en\/shop\/paese-minerals-svytejimo-suteikianti-priemone-6-g\/\" \/>\n<meta property=\"og:locale\" content=\"en_GB\" \/>\n<meta property=\"og:type\" content=\"article\" \/>\n<meta property=\"og:title\" content=\"PAESE MINERALS \u0161vyt\u0117jimo suteikianti priemon\u0117, 6 g - MalinaShop.lt J\u016bs\u0173 sveikatai ir gro\u017eiui.\" \/>\n<meta property=\"og:description\" content=\"PAESE MINERALS mineralinis highlighteris suteikia odai subtil\u0173 \u0161ampano atspalvio \u0161vyt\u0117jim\u0105. Tinka veidui ir k\u016bnui, lengvos tekst\u016bros.\" \/>\n<meta property=\"og:url\" content=\"https:\/\/www.malinashop.lt\/en\/shop\/paese-minerals-svytejimo-suteikianti-priemone-6-g\/\" \/>\n<meta property=\"og:site_name\" content=\"MalinaShop.lt J\u016bs\u0173 sveikatai ir gro\u017eiui.\" \/>\n<meta property=\"article:modified_time\" content=\"2026-02-10T09:47:59+00:00\" \/>\n<meta property=\"og:image\" content=\"https:\/\/www.malinashop.lt\/wp-content\/uploads\/2025\/11\/5902627621512.jpg\" \/>\n\t<meta property=\"og:image:width\" content=\"1000\" \/>\n\t<meta property=\"og:image:height\" content=\"1000\" \/>\n\t<meta property=\"og:image:type\" content=\"image\/jpeg\" \/>\n<meta name=\"twitter:card\" content=\"summary_large_image\" \/>\n<script type=\"application\/ld+json\" class=\"yoast-schema-graph\">{\"@context\":\"https:\\\/\\\/schema.org\",\"@graph\":[{\"@type\":\"WebPage\",\"@id\":\"https:\\\/\\\/www.malinashop.lt\\\/shop\\\/paese-minerals-svytejimo-suteikianti-priemone-6-g\\\/\",\"url\":\"https:\\\/\\\/www.malinashop.lt\\\/shop\\\/paese-minerals-svytejimo-suteikianti-priemone-6-g\\\/\",\"name\":\"PAESE MINERALS \u0161vyt\u0117jimo suteikianti priemon\u0117, 6 g - MalinaShop.lt J\u016bs\u0173 sveikatai ir gro\u017eiui.\",\"isPartOf\":{\"@id\":\"https:\\\/\\\/www.malinashop.lt\\\/#website\"},\"primaryImageOfPage\":{\"@id\":\"https:\\\/\\\/www.malinashop.lt\\\/shop\\\/paese-minerals-svytejimo-suteikianti-priemone-6-g\\\/#primaryimage\"},\"image\":{\"@id\":\"https:\\\/\\\/www.malinashop.lt\\\/shop\\\/paese-minerals-svytejimo-suteikianti-priemone-6-g\\\/#primaryimage\"},\"thumbnailUrl\":\"https:\\\/\\\/www.malinashop.lt\\\/wp-content\\\/uploads\\\/2025\\\/11\\\/5902627621512.jpg\",\"datePublished\":\"2025-11-24T15:30:21+00:00\",\"dateModified\":\"2026-02-10T09:47:59+00:00\",\"description\":\"PAESE MINERALS mineralinis highlighteris suteikia odai subtil\u0173 \u0161ampano atspalvio \u0161vyt\u0117jim\u0105. Tinka veidui ir k\u016bnui, lengvos tekst\u016bros.\",\"breadcrumb\":{\"@id\":\"https:\\\/\\\/www.malinashop.lt\\\/shop\\\/paese-minerals-svytejimo-suteikianti-priemone-6-g\\\/#breadcrumb\"},\"inLanguage\":\"en-GB\",\"potentialAction\":[{\"@type\":\"ReadAction\",\"target\":[\"https:\\\/\\\/www.malinashop.lt\\\/shop\\\/paese-minerals-svytejimo-suteikianti-priemone-6-g\\\/\"]}]},{\"@type\":\"ImageObject\",\"inLanguage\":\"en-GB\",\"@id\":\"https:\\\/\\\/www.malinashop.lt\\\/shop\\\/paese-minerals-svytejimo-suteikianti-priemone-6-g\\\/#primaryimage\",\"url\":\"https:\\\/\\\/www.malinashop.lt\\\/wp-content\\\/uploads\\\/2025\\\/11\\\/5902627621512.jpg\",\"contentUrl\":\"https:\\\/\\\/www.malinashop.lt\\\/wp-content\\\/uploads\\\/2025\\\/11\\\/5902627621512.jpg\",\"width\":1000,\"height\":1000},{\"@type\":\"BreadcrumbList\",\"@id\":\"https:\\\/\\\/www.malinashop.lt\\\/shop\\\/paese-minerals-svytejimo-suteikianti-priemone-6-g\\\/#breadcrumb\",\"itemListElement\":[{\"@type\":\"ListItem\",\"position\":1,\"name\":\"Pagrindinis\",\"item\":\"https:\\\/\\\/www.malinashop.lt\\\/\"},{\"@type\":\"ListItem\",\"position\":2,\"name\":\"Parduotuv\u0117\",\"item\":\"https:\\\/\\\/www.malinashop.lt\\\/en\\\/parduotuve\\\/\"},{\"@type\":\"ListItem\",\"position\":3,\"name\":\"PAESE MINERALS \u0161vyt\u0117jimo suteikianti priemon\u0117, 6 g\"}]},{\"@type\":\"WebSite\",\"@id\":\"https:\\\/\\\/www.malinashop.lt\\\/#website\",\"url\":\"https:\\\/\\\/www.malinashop.lt\\\/\",\"name\":\"COM Group Ecommerce\",\"description\":\"MalinaShop.lt - Gro\u017eio ir sveikatos produktai i\u0161 patikim\u0173 preki\u0173 \u017eenkl\u0173. Atraskite auk\u0161tos kokyb\u0117s kosmetik\u0105 u\u017e puiki\u0105 kain\u0105.\",\"publisher\":{\"@id\":\"https:\\\/\\\/www.malinashop.lt\\\/#organization\"},\"potentialAction\":[{\"@type\":\"SearchAction\",\"target\":{\"@type\":\"EntryPoint\",\"urlTemplate\":\"https:\\\/\\\/www.malinashop.lt\\\/?s={search_term_string}\"},\"query-input\":{\"@type\":\"PropertyValueSpecification\",\"valueRequired\":true,\"valueName\":\"search_term_string\"}}],\"inLanguage\":\"en-GB\"},{\"@type\":\"Organization\",\"@id\":\"https:\\\/\\\/www.malinashop.lt\\\/#organization\",\"name\":\"COM Group Ecommerce\",\"url\":\"https:\\\/\\\/www.malinashop.lt\\\/\",\"logo\":{\"@type\":\"ImageObject\",\"inLanguage\":\"en-GB\",\"@id\":\"https:\\\/\\\/www.malinashop.lt\\\/#\\\/schema\\\/logo\\\/image\\\/\",\"url\":\"https:\\\/\\\/www.malinashop.lt\\\/wp-content\\\/uploads\\\/2024\\\/08\\\/462559670_3787732518133670_9795632669273463_n-e1731525914575.png\",\"contentUrl\":\"https:\\\/\\\/www.malinashop.lt\\\/wp-content\\\/uploads\\\/2024\\\/08\\\/462559670_3787732518133670_9795632669273463_n-e1731525914575.png\",\"width\":180,\"height\":60,\"caption\":\"COM Group Ecommerce\"},\"image\":{\"@id\":\"https:\\\/\\\/www.malinashop.lt\\\/#\\\/schema\\\/logo\\\/image\\\/\"}}]}<\/script>\n<!-- \/ Yoast SEO plugin. -->","yoast_head_json":{"title":"PAESE MINERALS \u0161vyt\u0117jimo suteikianti priemon\u0117, 6 g - MalinaShop.lt J\u016bs\u0173 sveikatai ir gro\u017eiui.","description":"PAESE MINERALS mineralinis highlighteris suteikia odai subtil\u0173 \u0161ampano atspalvio \u0161vyt\u0117jim\u0105. Tinka veidui ir k\u016bnui, lengvos tekst\u016bros.","robots":{"index":"index","follow":"follow","max-snippet":"max-snippet:-1","max-image-preview":"max-image-preview:large","max-video-preview":"max-video-preview:-1"},"canonical":"https:\/\/www.malinashop.lt\/en\/shop\/paese-minerals-svytejimo-suteikianti-priemone-6-g\/","og_locale":"en_GB","og_type":"article","og_title":"PAESE MINERALS \u0161vyt\u0117jimo suteikianti priemon\u0117, 6 g - MalinaShop.lt J\u016bs\u0173 sveikatai ir gro\u017eiui.","og_description":"PAESE MINERALS mineralinis highlighteris suteikia odai subtil\u0173 \u0161ampano atspalvio \u0161vyt\u0117jim\u0105. Tinka veidui ir k\u016bnui, lengvos tekst\u016bros.","og_url":"https:\/\/www.malinashop.lt\/en\/shop\/paese-minerals-svytejimo-suteikianti-priemone-6-g\/","og_site_name":"MalinaShop.lt J\u016bs\u0173 sveikatai ir gro\u017eiui.","article_modified_time":"2026-02-10T09:47:59+00:00","og_image":[{"width":1000,"height":1000,"url":"https:\/\/www.malinashop.lt\/wp-content\/uploads\/2025\/11\/5902627621512.jpg","type":"image\/jpeg"}],"twitter_card":"summary_large_image","schema":{"@context":"https:\/\/schema.org","@graph":[{"@type":"WebPage","@id":"https:\/\/www.malinashop.lt\/shop\/paese-minerals-svytejimo-suteikianti-priemone-6-g\/","url":"https:\/\/www.malinashop.lt\/shop\/paese-minerals-svytejimo-suteikianti-priemone-6-g\/","name":"PAESE MINERALS \u0161vyt\u0117jimo suteikianti priemon\u0117, 6 g - MalinaShop.lt J\u016bs\u0173 sveikatai ir gro\u017eiui.","isPartOf":{"@id":"https:\/\/www.malinashop.lt\/#website"},"primaryImageOfPage":{"@id":"https:\/\/www.malinashop.lt\/shop\/paese-minerals-svytejimo-suteikianti-priemone-6-g\/#primaryimage"},"image":{"@id":"https:\/\/www.malinashop.lt\/shop\/paese-minerals-svytejimo-suteikianti-priemone-6-g\/#primaryimage"},"thumbnailUrl":"https:\/\/www.malinashop.lt\/wp-content\/uploads\/2025\/11\/5902627621512.jpg","datePublished":"2025-11-24T15:30:21+00:00","dateModified":"2026-02-10T09:47:59+00:00","description":"PAESE MINERALS mineralinis highlighteris suteikia odai subtil\u0173 \u0161ampano atspalvio \u0161vyt\u0117jim\u0105. Tinka veidui ir k\u016bnui, lengvos tekst\u016bros.","breadcrumb":{"@id":"https:\/\/www.malinashop.lt\/shop\/paese-minerals-svytejimo-suteikianti-priemone-6-g\/#breadcrumb"},"inLanguage":"en-GB","potentialAction":[{"@type":"ReadAction","target":["https:\/\/www.malinashop.lt\/shop\/paese-minerals-svytejimo-suteikianti-priemone-6-g\/"]}]},{"@type":"ImageObject","inLanguage":"en-GB","@id":"https:\/\/www.malinashop.lt\/shop\/paese-minerals-svytejimo-suteikianti-priemone-6-g\/#primaryimage","url":"https:\/\/www.malinashop.lt\/wp-content\/uploads\/2025\/11\/5902627621512.jpg","contentUrl":"https:\/\/www.malinashop.lt\/wp-content\/uploads\/2025\/11\/5902627621512.jpg","width":1000,"height":1000},{"@type":"BreadcrumbList","@id":"https:\/\/www.malinashop.lt\/shop\/paese-minerals-svytejimo-suteikianti-priemone-6-g\/#breadcrumb","itemListElement":[{"@type":"ListItem","position":1,"name":"Pagrindinis","item":"https:\/\/www.malinashop.lt\/"},{"@type":"ListItem","position":2,"name":"Parduotuv\u0117","item":"https:\/\/www.malinashop.lt\/en\/parduotuve\/"},{"@type":"ListItem","position":3,"name":"PAESE MINERALS \u0161vyt\u0117jimo suteikianti priemon\u0117, 6 g"}]},{"@type":"WebSite","@id":"https:\/\/www.malinashop.lt\/#website","url":"https:\/\/www.malinashop.lt\/","name":"COM Group Ecommerce","description":"MalinaShop.lt - Gro\u017eio ir sveikatos produktai i\u0161 patikim\u0173 preki\u0173 \u017eenkl\u0173. Atraskite auk\u0161tos kokyb\u0117s kosmetik\u0105 u\u017e puiki\u0105 kain\u0105.","publisher":{"@id":"https:\/\/www.malinashop.lt\/#organization"},"potentialAction":[{"@type":"SearchAction","target":{"@type":"EntryPoint","urlTemplate":"https:\/\/www.malinashop.lt\/?s={search_term_string}"},"query-input":{"@type":"PropertyValueSpecification","valueRequired":true,"valueName":"search_term_string"}}],"inLanguage":"en-GB"},{"@type":"Organization","@id":"https:\/\/www.malinashop.lt\/#organization","name":"COM Group Ecommerce","url":"https:\/\/www.malinashop.lt\/","logo":{"@type":"ImageObject","inLanguage":"en-GB","@id":"https:\/\/www.malinashop.lt\/#\/schema\/logo\/image\/","url":"https:\/\/www.malinashop.lt\/wp-content\/uploads\/2024\/08\/462559670_3787732518133670_9795632669273463_n-e1731525914575.png","contentUrl":"https:\/\/www.malinashop.lt\/wp-content\/uploads\/2024\/08\/462559670_3787732518133670_9795632669273463_n-e1731525914575.png","width":180,"height":60,"caption":"COM Group Ecommerce"},"image":{"@id":"https:\/\/www.malinashop.lt\/#\/schema\/logo\/image\/"}}]}},"jetpack_sharing_enabled":true,"_links":{"self":[{"href":"https:\/\/www.malinashop.lt\/en\/wp-json\/wp\/v2\/product\/64631","targetHints":{"allow":["GET"]}}],"collection":[{"href":"https:\/\/www.malinashop.lt\/en\/wp-json\/wp\/v2\/product"}],"about":[{"href":"https:\/\/www.malinashop.lt\/en\/wp-json\/wp\/v2\/types\/product"}],"version-history":[{"count":2,"href":"https:\/\/www.malinashop.lt\/en\/wp-json\/wp\/v2\/product\/64631\/revisions"}],"predecessor-version":[{"id":72292,"href":"https:\/\/www.malinashop.lt\/en\/wp-json\/wp\/v2\/product\/64631\/revisions\/72292"}],"wp:featuredmedia":[{"embeddable":true,"href":"https:\/\/www.malinashop.lt\/en\/wp-json\/wp\/v2\/media\/64633"}],"wp:attachment":[{"href":"https:\/\/www.malinashop.lt\/en\/wp-json\/wp\/v2\/media?parent=64631"}],"wp:term":[{"taxonomy":"product_brand","embeddable":true,"href":"https:\/\/www.malinashop.lt\/en\/wp-json\/wp\/v2\/product_brand?post=64631"},{"taxonomy":"product_cat","embeddable":true,"href":"https:\/\/www.malinashop.lt\/en\/wp-json\/wp\/v2\/product_cat?post=64631"},{"taxonomy":"product_tag","embeddable":true,"href":"https:\/\/www.malinashop.lt\/en\/wp-json\/wp\/v2\/product_tag?post=64631"}],"curies":[{"name":"wp","href":"https:\/\/api.w.org\/{rel}","templated":true}]}}