{"id":64619,"date":"2025-11-24T18:29:51","date_gmt":"2025-11-24T15:29:51","guid":{"rendered":"https:\/\/malinashop.lt\/?post_type=product&#038;p=64619"},"modified":"2026-02-10T12:48:01","modified_gmt":"2026-02-10T09:48:01","slug":"paese-minerals-202w-skaistinanti-mineraline-pudra-7-g","status":"publish","type":"product","link":"https:\/\/www.malinashop.lt\/en\/shop\/paese-minerals-202w-skaistinanti-mineraline-pudra-7-g\/","title":{"rendered":"PAESE MINERALS 202W skaistinanti mineralin\u0117 pudra, 7 g"},"content":{"rendered":"<div class=\"ewa-rteLine\">\n<p data-start=\"164\" data-end=\"485\"><strong data-start=\"164\" data-end=\"217\">PAESE MINERALS skaistinanti mineralin\u0117 pudra 202W<\/strong> \u2013 tai nat\u016bralus mineralinis pagrindas, suteikiantis odai tolyg\u0173 ir \u0161vytint\u012f makia\u017eo efekt\u0105. Lengvai \u012fsiliejanti \u012f od\u0105 formul\u0117 u\u017etikrina auk\u0161t\u0105 padengim\u0105 ir ilgalaik\u012f rezultat\u0105, ma\u017eina por\u0173 matomum\u0105, maskuoja smulkias rauk\u0161leles, paraudimus bei kitus odos netobulumus.<\/p>\n<p data-start=\"487\" data-end=\"823\">Sud\u0117tyje \u2013 net <strong data-start=\"502\" data-end=\"539\">99% nat\u016bralios kilm\u0117s ingredient\u0173<\/strong>, tod\u0117l produktas tinka net ir jautriai odai. \u0160velni pudrin\u0117 tekst\u016bra praturtinta nat\u016braliais aliejaus ekstraktais: gintaro ir kaln\u0173 sausmed\u017eio \u0161aknimis. \u0160ios veikliosios med\u017eiagos ramina, apsaugo ir puosel\u0117ja od\u0105, o veidas i\u0161lieka aksomi\u0161kai lygus ir nat\u016braliai \u0161vytintis vis\u0105 dien\u0105.<\/p>\n<h4 data-start=\"825\" data-end=\"879\"><strong data-start=\"829\" data-end=\"879\">Kaip naudoti skaistinant\u012f mineralin\u012f pagrind\u0105?<\/strong><\/h4>\n<ol data-start=\"880\" data-end=\"1177\">\n<li data-start=\"880\" data-end=\"912\">\n<p data-start=\"883\" data-end=\"912\">Lengvai sudr\u0117kinkite veid\u0105.<\/p>\n<\/li>\n<li data-start=\"913\" data-end=\"1002\">\n<p data-start=\"916\" data-end=\"1002\">Po makia\u017eu u\u017etepkite nedidel\u012f kiek\u012f dr\u0117kinan\u010dio arba maitinan\u010dio aliejinio pagrindo.<\/p>\n<\/li>\n<li data-start=\"1003\" data-end=\"1047\">\n<p data-start=\"1006\" data-end=\"1047\">Suberkite truput\u012f pudros ant dangtelio.<\/p>\n<\/li>\n<li data-start=\"1048\" data-end=\"1129\">\n<p data-start=\"1051\" data-end=\"1129\">\u0160epet\u0117liu sukamaisiais judesiais paimkite produkt\u0105 ir nukratykite pertekli\u0173.<\/p>\n<\/li>\n<li data-start=\"1130\" data-end=\"1177\">\n<p data-start=\"1133\" data-end=\"1177\">Tolygiai paskirstykite pudr\u0105 per vis\u0105 veid\u0105.<\/p>\n<\/li>\n<\/ol>\n<p data-start=\"1179\" data-end=\"1243\">Rezultatas \u2013 nat\u016braliai \u0161vytinti, lygi ir sveikai atrodanti oda.<\/p>\n<\/div>\n<div class=\"ewa-rteLine\"><\/div>\n","protected":false},"excerpt":{"rendered":"<p data-start=\"1286\" data-end=\"1468\">PAESE MINERALS skaistinanti mineralin\u0117 pudra 202W suteikia nat\u016bral\u0173 \u0161vyt\u0117jim\u0105, tolyg\u0173 padengim\u0105 ir ilgai i\u0161liekant\u012f efekt\u0105. Sud\u0117tyje 99% nat\u016brali\u0173 ingredient\u0173, tinkama jautriai odai.<\/p>\n","protected":false},"featured_media":64621,"template":"","meta":[],"product_brand":[1534],"product_cat":[102,792],"product_tag":[1614],"class_list":{"0":"post-64619","1":"product","2":"type-product","3":"status-publish","4":"has-post-thumbnail","6":"product_brand-paese","7":"product_cat-dekoratyvine-kosmetika","8":"product_cat-veido-pudros","9":"product_tag-paese","11":"first","12":"instock","13":"purchasable","14":"product-type-simple"},"yoast_head":"<!-- This site is optimized with the Yoast SEO plugin v27.4 - https:\/\/yoast.com\/product\/yoast-seo-wordpress\/ -->\n<title>PAESE MINERALS 202W skaistinanti mineralin\u0117 pudra, 7 g - MalinaShop.lt J\u016bs\u0173 sveikatai ir gro\u017eiui.<\/title>\n<meta name=\"description\" content=\"Skaistinanti mineralin\u0117 pudra PAESE 202W su 99% nat\u016brali\u0173 ingredient\u0173. Suteikia \u0161vyt\u0117jim\u0105, glotnum\u0105 ir ilgai i\u0161liekant\u012f padengim\u0105. Tinka jautriai odai.\" \/>\n<meta name=\"robots\" content=\"index, follow, max-snippet:-1, max-image-preview:large, max-video-preview:-1\" \/>\n<link rel=\"canonical\" href=\"https:\/\/www.malinashop.lt\/en\/shop\/paese-minerals-202w-skaistinanti-mineraline-pudra-7-g\/\" \/>\n<meta property=\"og:locale\" content=\"en_GB\" \/>\n<meta property=\"og:type\" content=\"article\" \/>\n<meta property=\"og:title\" content=\"PAESE MINERALS 202W skaistinanti mineralin\u0117 pudra, 7 g - MalinaShop.lt J\u016bs\u0173 sveikatai ir gro\u017eiui.\" \/>\n<meta property=\"og:description\" content=\"Skaistinanti mineralin\u0117 pudra PAESE 202W su 99% nat\u016brali\u0173 ingredient\u0173. Suteikia \u0161vyt\u0117jim\u0105, glotnum\u0105 ir ilgai i\u0161liekant\u012f padengim\u0105. Tinka jautriai odai.\" \/>\n<meta property=\"og:url\" content=\"https:\/\/www.malinashop.lt\/en\/shop\/paese-minerals-202w-skaistinanti-mineraline-pudra-7-g\/\" \/>\n<meta property=\"og:site_name\" content=\"MalinaShop.lt J\u016bs\u0173 sveikatai ir gro\u017eiui.\" \/>\n<meta property=\"article:modified_time\" content=\"2026-02-10T09:48:01+00:00\" \/>\n<meta property=\"og:image\" content=\"https:\/\/www.malinashop.lt\/wp-content\/uploads\/2025\/11\/5902627621352.jpg\" \/>\n\t<meta property=\"og:image:width\" content=\"1000\" \/>\n\t<meta property=\"og:image:height\" content=\"1000\" \/>\n\t<meta property=\"og:image:type\" content=\"image\/jpeg\" \/>\n<meta name=\"twitter:card\" content=\"summary_large_image\" \/>\n<script type=\"application\/ld+json\" class=\"yoast-schema-graph\">{\"@context\":\"https:\\\/\\\/schema.org\",\"@graph\":[{\"@type\":\"WebPage\",\"@id\":\"https:\\\/\\\/www.malinashop.lt\\\/shop\\\/paese-minerals-202w-skaistinanti-mineraline-pudra-7-g\\\/\",\"url\":\"https:\\\/\\\/www.malinashop.lt\\\/shop\\\/paese-minerals-202w-skaistinanti-mineraline-pudra-7-g\\\/\",\"name\":\"PAESE MINERALS 202W skaistinanti mineralin\u0117 pudra, 7 g - MalinaShop.lt J\u016bs\u0173 sveikatai ir gro\u017eiui.\",\"isPartOf\":{\"@id\":\"https:\\\/\\\/www.malinashop.lt\\\/#website\"},\"primaryImageOfPage\":{\"@id\":\"https:\\\/\\\/www.malinashop.lt\\\/shop\\\/paese-minerals-202w-skaistinanti-mineraline-pudra-7-g\\\/#primaryimage\"},\"image\":{\"@id\":\"https:\\\/\\\/www.malinashop.lt\\\/shop\\\/paese-minerals-202w-skaistinanti-mineraline-pudra-7-g\\\/#primaryimage\"},\"thumbnailUrl\":\"https:\\\/\\\/www.malinashop.lt\\\/wp-content\\\/uploads\\\/2025\\\/11\\\/5902627621352.jpg\",\"datePublished\":\"2025-11-24T15:29:51+00:00\",\"dateModified\":\"2026-02-10T09:48:01+00:00\",\"description\":\"Skaistinanti mineralin\u0117 pudra PAESE 202W su 99% nat\u016brali\u0173 ingredient\u0173. Suteikia \u0161vyt\u0117jim\u0105, glotnum\u0105 ir ilgai i\u0161liekant\u012f padengim\u0105. Tinka jautriai odai.\",\"breadcrumb\":{\"@id\":\"https:\\\/\\\/www.malinashop.lt\\\/shop\\\/paese-minerals-202w-skaistinanti-mineraline-pudra-7-g\\\/#breadcrumb\"},\"inLanguage\":\"en-GB\",\"potentialAction\":[{\"@type\":\"ReadAction\",\"target\":[\"https:\\\/\\\/www.malinashop.lt\\\/shop\\\/paese-minerals-202w-skaistinanti-mineraline-pudra-7-g\\\/\"]}]},{\"@type\":\"ImageObject\",\"inLanguage\":\"en-GB\",\"@id\":\"https:\\\/\\\/www.malinashop.lt\\\/shop\\\/paese-minerals-202w-skaistinanti-mineraline-pudra-7-g\\\/#primaryimage\",\"url\":\"https:\\\/\\\/www.malinashop.lt\\\/wp-content\\\/uploads\\\/2025\\\/11\\\/5902627621352.jpg\",\"contentUrl\":\"https:\\\/\\\/www.malinashop.lt\\\/wp-content\\\/uploads\\\/2025\\\/11\\\/5902627621352.jpg\",\"width\":1000,\"height\":1000},{\"@type\":\"BreadcrumbList\",\"@id\":\"https:\\\/\\\/www.malinashop.lt\\\/shop\\\/paese-minerals-202w-skaistinanti-mineraline-pudra-7-g\\\/#breadcrumb\",\"itemListElement\":[{\"@type\":\"ListItem\",\"position\":1,\"name\":\"Pagrindinis\",\"item\":\"https:\\\/\\\/www.malinashop.lt\\\/\"},{\"@type\":\"ListItem\",\"position\":2,\"name\":\"Parduotuv\u0117\",\"item\":\"https:\\\/\\\/www.malinashop.lt\\\/en\\\/parduotuve\\\/\"},{\"@type\":\"ListItem\",\"position\":3,\"name\":\"PAESE MINERALS 202W skaistinanti mineralin\u0117 pudra, 7 g\"}]},{\"@type\":\"WebSite\",\"@id\":\"https:\\\/\\\/www.malinashop.lt\\\/#website\",\"url\":\"https:\\\/\\\/www.malinashop.lt\\\/\",\"name\":\"COM Group Ecommerce\",\"description\":\"MalinaShop.lt - Gro\u017eio ir sveikatos produktai i\u0161 patikim\u0173 preki\u0173 \u017eenkl\u0173. Atraskite auk\u0161tos kokyb\u0117s kosmetik\u0105 u\u017e puiki\u0105 kain\u0105.\",\"publisher\":{\"@id\":\"https:\\\/\\\/www.malinashop.lt\\\/#organization\"},\"potentialAction\":[{\"@type\":\"SearchAction\",\"target\":{\"@type\":\"EntryPoint\",\"urlTemplate\":\"https:\\\/\\\/www.malinashop.lt\\\/?s={search_term_string}\"},\"query-input\":{\"@type\":\"PropertyValueSpecification\",\"valueRequired\":true,\"valueName\":\"search_term_string\"}}],\"inLanguage\":\"en-GB\"},{\"@type\":\"Organization\",\"@id\":\"https:\\\/\\\/www.malinashop.lt\\\/#organization\",\"name\":\"COM Group Ecommerce\",\"url\":\"https:\\\/\\\/www.malinashop.lt\\\/\",\"logo\":{\"@type\":\"ImageObject\",\"inLanguage\":\"en-GB\",\"@id\":\"https:\\\/\\\/www.malinashop.lt\\\/#\\\/schema\\\/logo\\\/image\\\/\",\"url\":\"https:\\\/\\\/www.malinashop.lt\\\/wp-content\\\/uploads\\\/2024\\\/08\\\/462559670_3787732518133670_9795632669273463_n-e1731525914575.png\",\"contentUrl\":\"https:\\\/\\\/www.malinashop.lt\\\/wp-content\\\/uploads\\\/2024\\\/08\\\/462559670_3787732518133670_9795632669273463_n-e1731525914575.png\",\"width\":180,\"height\":60,\"caption\":\"COM Group Ecommerce\"},\"image\":{\"@id\":\"https:\\\/\\\/www.malinashop.lt\\\/#\\\/schema\\\/logo\\\/image\\\/\"}}]}<\/script>\n<!-- \/ Yoast SEO plugin. -->","yoast_head_json":{"title":"PAESE MINERALS 202W skaistinanti mineralin\u0117 pudra, 7 g - MalinaShop.lt J\u016bs\u0173 sveikatai ir gro\u017eiui.","description":"Skaistinanti mineralin\u0117 pudra PAESE 202W su 99% nat\u016brali\u0173 ingredient\u0173. Suteikia \u0161vyt\u0117jim\u0105, glotnum\u0105 ir ilgai i\u0161liekant\u012f padengim\u0105. Tinka jautriai odai.","robots":{"index":"index","follow":"follow","max-snippet":"max-snippet:-1","max-image-preview":"max-image-preview:large","max-video-preview":"max-video-preview:-1"},"canonical":"https:\/\/www.malinashop.lt\/en\/shop\/paese-minerals-202w-skaistinanti-mineraline-pudra-7-g\/","og_locale":"en_GB","og_type":"article","og_title":"PAESE MINERALS 202W skaistinanti mineralin\u0117 pudra, 7 g - MalinaShop.lt J\u016bs\u0173 sveikatai ir gro\u017eiui.","og_description":"Skaistinanti mineralin\u0117 pudra PAESE 202W su 99% nat\u016brali\u0173 ingredient\u0173. Suteikia \u0161vyt\u0117jim\u0105, glotnum\u0105 ir ilgai i\u0161liekant\u012f padengim\u0105. Tinka jautriai odai.","og_url":"https:\/\/www.malinashop.lt\/en\/shop\/paese-minerals-202w-skaistinanti-mineraline-pudra-7-g\/","og_site_name":"MalinaShop.lt J\u016bs\u0173 sveikatai ir gro\u017eiui.","article_modified_time":"2026-02-10T09:48:01+00:00","og_image":[{"width":1000,"height":1000,"url":"https:\/\/www.malinashop.lt\/wp-content\/uploads\/2025\/11\/5902627621352.jpg","type":"image\/jpeg"}],"twitter_card":"summary_large_image","schema":{"@context":"https:\/\/schema.org","@graph":[{"@type":"WebPage","@id":"https:\/\/www.malinashop.lt\/shop\/paese-minerals-202w-skaistinanti-mineraline-pudra-7-g\/","url":"https:\/\/www.malinashop.lt\/shop\/paese-minerals-202w-skaistinanti-mineraline-pudra-7-g\/","name":"PAESE MINERALS 202W skaistinanti mineralin\u0117 pudra, 7 g - MalinaShop.lt J\u016bs\u0173 sveikatai ir gro\u017eiui.","isPartOf":{"@id":"https:\/\/www.malinashop.lt\/#website"},"primaryImageOfPage":{"@id":"https:\/\/www.malinashop.lt\/shop\/paese-minerals-202w-skaistinanti-mineraline-pudra-7-g\/#primaryimage"},"image":{"@id":"https:\/\/www.malinashop.lt\/shop\/paese-minerals-202w-skaistinanti-mineraline-pudra-7-g\/#primaryimage"},"thumbnailUrl":"https:\/\/www.malinashop.lt\/wp-content\/uploads\/2025\/11\/5902627621352.jpg","datePublished":"2025-11-24T15:29:51+00:00","dateModified":"2026-02-10T09:48:01+00:00","description":"Skaistinanti mineralin\u0117 pudra PAESE 202W su 99% nat\u016brali\u0173 ingredient\u0173. Suteikia \u0161vyt\u0117jim\u0105, glotnum\u0105 ir ilgai i\u0161liekant\u012f padengim\u0105. Tinka jautriai odai.","breadcrumb":{"@id":"https:\/\/www.malinashop.lt\/shop\/paese-minerals-202w-skaistinanti-mineraline-pudra-7-g\/#breadcrumb"},"inLanguage":"en-GB","potentialAction":[{"@type":"ReadAction","target":["https:\/\/www.malinashop.lt\/shop\/paese-minerals-202w-skaistinanti-mineraline-pudra-7-g\/"]}]},{"@type":"ImageObject","inLanguage":"en-GB","@id":"https:\/\/www.malinashop.lt\/shop\/paese-minerals-202w-skaistinanti-mineraline-pudra-7-g\/#primaryimage","url":"https:\/\/www.malinashop.lt\/wp-content\/uploads\/2025\/11\/5902627621352.jpg","contentUrl":"https:\/\/www.malinashop.lt\/wp-content\/uploads\/2025\/11\/5902627621352.jpg","width":1000,"height":1000},{"@type":"BreadcrumbList","@id":"https:\/\/www.malinashop.lt\/shop\/paese-minerals-202w-skaistinanti-mineraline-pudra-7-g\/#breadcrumb","itemListElement":[{"@type":"ListItem","position":1,"name":"Pagrindinis","item":"https:\/\/www.malinashop.lt\/"},{"@type":"ListItem","position":2,"name":"Parduotuv\u0117","item":"https:\/\/www.malinashop.lt\/en\/parduotuve\/"},{"@type":"ListItem","position":3,"name":"PAESE MINERALS 202W skaistinanti mineralin\u0117 pudra, 7 g"}]},{"@type":"WebSite","@id":"https:\/\/www.malinashop.lt\/#website","url":"https:\/\/www.malinashop.lt\/","name":"COM Group Ecommerce","description":"MalinaShop.lt - Gro\u017eio ir sveikatos produktai i\u0161 patikim\u0173 preki\u0173 \u017eenkl\u0173. Atraskite auk\u0161tos kokyb\u0117s kosmetik\u0105 u\u017e puiki\u0105 kain\u0105.","publisher":{"@id":"https:\/\/www.malinashop.lt\/#organization"},"potentialAction":[{"@type":"SearchAction","target":{"@type":"EntryPoint","urlTemplate":"https:\/\/www.malinashop.lt\/?s={search_term_string}"},"query-input":{"@type":"PropertyValueSpecification","valueRequired":true,"valueName":"search_term_string"}}],"inLanguage":"en-GB"},{"@type":"Organization","@id":"https:\/\/www.malinashop.lt\/#organization","name":"COM Group Ecommerce","url":"https:\/\/www.malinashop.lt\/","logo":{"@type":"ImageObject","inLanguage":"en-GB","@id":"https:\/\/www.malinashop.lt\/#\/schema\/logo\/image\/","url":"https:\/\/www.malinashop.lt\/wp-content\/uploads\/2024\/08\/462559670_3787732518133670_9795632669273463_n-e1731525914575.png","contentUrl":"https:\/\/www.malinashop.lt\/wp-content\/uploads\/2024\/08\/462559670_3787732518133670_9795632669273463_n-e1731525914575.png","width":180,"height":60,"caption":"COM Group Ecommerce"},"image":{"@id":"https:\/\/www.malinashop.lt\/#\/schema\/logo\/image\/"}}]}},"jetpack_sharing_enabled":true,"_links":{"self":[{"href":"https:\/\/www.malinashop.lt\/en\/wp-json\/wp\/v2\/product\/64619","targetHints":{"allow":["GET"]}}],"collection":[{"href":"https:\/\/www.malinashop.lt\/en\/wp-json\/wp\/v2\/product"}],"about":[{"href":"https:\/\/www.malinashop.lt\/en\/wp-json\/wp\/v2\/types\/product"}],"version-history":[{"count":2,"href":"https:\/\/www.malinashop.lt\/en\/wp-json\/wp\/v2\/product\/64619\/revisions"}],"predecessor-version":[{"id":72197,"href":"https:\/\/www.malinashop.lt\/en\/wp-json\/wp\/v2\/product\/64619\/revisions\/72197"}],"wp:featuredmedia":[{"embeddable":true,"href":"https:\/\/www.malinashop.lt\/en\/wp-json\/wp\/v2\/media\/64621"}],"wp:attachment":[{"href":"https:\/\/www.malinashop.lt\/en\/wp-json\/wp\/v2\/media?parent=64619"}],"wp:term":[{"taxonomy":"product_brand","embeddable":true,"href":"https:\/\/www.malinashop.lt\/en\/wp-json\/wp\/v2\/product_brand?post=64619"},{"taxonomy":"product_cat","embeddable":true,"href":"https:\/\/www.malinashop.lt\/en\/wp-json\/wp\/v2\/product_cat?post=64619"},{"taxonomy":"product_tag","embeddable":true,"href":"https:\/\/www.malinashop.lt\/en\/wp-json\/wp\/v2\/product_tag?post=64619"}],"curies":[{"name":"wp","href":"https:\/\/api.w.org\/{rel}","templated":true}]}}