{"id":64615,"date":"2025-11-24T18:29:51","date_gmt":"2025-11-24T15:29:51","guid":{"rendered":"https:\/\/malinashop.lt\/?post_type=product&#038;p=64615"},"modified":"2026-02-10T12:48:01","modified_gmt":"2026-02-10T09:48:01","slug":"paese-minerals-201w-skaistinanti-mineraline-pudra-7-g","status":"publish","type":"product","link":"https:\/\/www.malinashop.lt\/en\/shop\/paese-minerals-201w-skaistinanti-mineraline-pudra-7-g\/","title":{"rendered":"PAESE MINERALS 201W skaistinanti mineralin\u0117 pudra, 7 g"},"content":{"rendered":"<div class=\"ewa-rteLine\">\n<p data-start=\"135\" data-end=\"464\"><strong data-start=\"135\" data-end=\"194\">PAESE MINERALS skaistinanti mineralin\u0117 pudra 201W (7 g)<\/strong> \u2013 tai lengvas, nat\u016braliai atrodantis makia\u017eo pagrindas, suteikiantis odai \u0161vyt\u0117jimo ir tolygaus padengimo efekt\u0105. \u0160i pudra puikiai \u012fsilieja \u012f od\u0105, paslepia poras, smulkias rauk\u0161leles, paraudim\u0105 bei kitus netobulumus, tod\u0117l oda atrodo lygi, gaivi ir \u0161vytinti vis\u0105 dien\u0105.<\/p>\n<p data-start=\"466\" data-end=\"748\">Formul\u0119 sudaro <strong data-start=\"481\" data-end=\"520\">99 % nat\u016bralios kilm\u0117s ingredientai<\/strong>, tod\u0117l pudra tinka net jautriai odai. Lengva, pudrin\u0117 tekst\u016bra praturtinta nat\u016braliais ekstraktais \u2013 gintaru bei kaln\u0173 sausmed\u017eio \u0161aknimis. Jie ramina, dr\u0117kina ir saugo od\u0105, suteikia jai aksomin\u012f glotnum\u0105 ir ilgalaik\u012f spindes\u012f.<\/p>\n<h4 data-start=\"750\" data-end=\"802\"><strong data-start=\"754\" data-end=\"802\">Kaip naudoti skaistinan\u010di\u0105 mineralin\u0119 pudr\u0105?<\/strong><\/h4>\n<ol data-start=\"803\" data-end=\"1146\">\n<li data-start=\"803\" data-end=\"877\">\n<p data-start=\"806\" data-end=\"877\">Lengvai sudr\u0117kinkite veid\u0105, kad padidintum\u0117te pudros sukibim\u0105 su oda.<\/p>\n<\/li>\n<li data-start=\"878\" data-end=\"950\">\n<p data-start=\"881\" data-end=\"950\">Prie\u0161 pudr\u0105 u\u017etepkite dr\u0117kinant\u012f arba maitinant\u012f aliejin\u012f pagrind\u0105.<\/p>\n<\/li>\n<li data-start=\"951\" data-end=\"1002\">\n<p data-start=\"954\" data-end=\"1002\">Nedidel\u012f pudros kiek\u012f i\u0161berkite ant dangtelio.<\/p>\n<\/li>\n<li data-start=\"1003\" data-end=\"1058\">\n<p data-start=\"1006\" data-end=\"1058\">\u012esisukite pudr\u0105 \u012f \u0161epet\u0117l\u012f sukamaisiais judesiais.<\/p>\n<\/li>\n<li data-start=\"1059\" data-end=\"1086\">\n<p data-start=\"1062\" data-end=\"1086\">Nukratykite pertekli\u0173.<\/p>\n<\/li>\n<li data-start=\"1087\" data-end=\"1146\">\n<p data-start=\"1090\" data-end=\"1146\">Tepkite ant viso veido lengvais, sukamaisiais judesiais.<\/p>\n<\/li>\n<\/ol>\n<p data-start=\"1148\" data-end=\"1290\">\u0160i skaistinanti mineralin\u0117 pudra idealiai tinka kasdieniam makia\u017eui, suteikia nat\u016bral\u0173, sveikai \u0161vytint\u012f rezultat\u0105 ir ilgalaik\u012f komfort\u0105 odai.<\/p>\n<\/div>\n<div class=\"ewa-rteLine\"><\/div>\n","protected":false},"excerpt":{"rendered":"<p data-start=\"1333\" data-end=\"1619\">PAESE MINERALS skaistinanti mineralin\u0117 pudra 201W puikiai i\u0161lygina od\u0105, suteikia nat\u016bral\u0173 \u0161vyt\u0117jim\u0105 ir maskuoja netobulumus. 99 % nat\u016bralios sud\u0117ties formul\u0117 su gintaro ir kaln\u0173 sausmed\u017eio \u0161akn\u0173 ekstraktais ramina ir dr\u0117kina od\u0105. Lengva tekst\u016bra u\u017etikrina ilgalaik\u012f, \u0161vytint\u012f rezultat\u0105.<\/p>\n","protected":false},"featured_media":64617,"template":"","meta":[],"product_brand":[1534],"product_cat":[102,792],"product_tag":[1614],"class_list":{"0":"post-64615","1":"product","2":"type-product","3":"status-publish","4":"has-post-thumbnail","6":"product_brand-paese","7":"product_cat-dekoratyvine-kosmetika","8":"product_cat-veido-pudros","9":"product_tag-paese","11":"first","12":"instock","13":"purchasable","14":"product-type-simple"},"yoast_head":"<!-- This site is optimized with the Yoast SEO plugin v27.4 - https:\/\/yoast.com\/product\/yoast-seo-wordpress\/ -->\n<title>PAESE MINERALS 201W skaistinanti mineralin\u0117 pudra, 7 g - MalinaShop.lt J\u016bs\u0173 sveikatai ir gro\u017eiui.<\/title>\n<meta name=\"description\" content=\"PAESE MINERALS 201W skaistinanti mineralin\u0117 pudra \u2013 nat\u016brali, lengva ir \u0161vyt\u0117jimo suteikianti pudra jautriai odai. Maskuoja netobulumus ir ilgai i\u0161lieka.\" \/>\n<meta name=\"robots\" content=\"index, follow, max-snippet:-1, max-image-preview:large, max-video-preview:-1\" \/>\n<link rel=\"canonical\" href=\"https:\/\/www.malinashop.lt\/en\/shop\/paese-minerals-201w-skaistinanti-mineraline-pudra-7-g\/\" \/>\n<meta property=\"og:locale\" content=\"en_GB\" \/>\n<meta property=\"og:type\" content=\"article\" \/>\n<meta property=\"og:title\" content=\"PAESE MINERALS 201W skaistinanti mineralin\u0117 pudra, 7 g - MalinaShop.lt J\u016bs\u0173 sveikatai ir gro\u017eiui.\" \/>\n<meta property=\"og:description\" content=\"PAESE MINERALS 201W skaistinanti mineralin\u0117 pudra \u2013 nat\u016brali, lengva ir \u0161vyt\u0117jimo suteikianti pudra jautriai odai. Maskuoja netobulumus ir ilgai i\u0161lieka.\" \/>\n<meta property=\"og:url\" content=\"https:\/\/www.malinashop.lt\/en\/shop\/paese-minerals-201w-skaistinanti-mineraline-pudra-7-g\/\" \/>\n<meta property=\"og:site_name\" content=\"MalinaShop.lt J\u016bs\u0173 sveikatai ir gro\u017eiui.\" \/>\n<meta property=\"article:modified_time\" content=\"2026-02-10T09:48:01+00:00\" \/>\n<meta property=\"og:image\" content=\"https:\/\/www.malinashop.lt\/wp-content\/uploads\/2025\/11\/5902627621338.jpg\" \/>\n\t<meta property=\"og:image:width\" content=\"1000\" \/>\n\t<meta property=\"og:image:height\" content=\"1000\" \/>\n\t<meta property=\"og:image:type\" content=\"image\/jpeg\" \/>\n<meta name=\"twitter:card\" content=\"summary_large_image\" \/>\n<script type=\"application\/ld+json\" class=\"yoast-schema-graph\">{\"@context\":\"https:\\\/\\\/schema.org\",\"@graph\":[{\"@type\":\"WebPage\",\"@id\":\"https:\\\/\\\/www.malinashop.lt\\\/shop\\\/paese-minerals-201w-skaistinanti-mineraline-pudra-7-g\\\/\",\"url\":\"https:\\\/\\\/www.malinashop.lt\\\/shop\\\/paese-minerals-201w-skaistinanti-mineraline-pudra-7-g\\\/\",\"name\":\"PAESE MINERALS 201W skaistinanti mineralin\u0117 pudra, 7 g - MalinaShop.lt J\u016bs\u0173 sveikatai ir gro\u017eiui.\",\"isPartOf\":{\"@id\":\"https:\\\/\\\/www.malinashop.lt\\\/#website\"},\"primaryImageOfPage\":{\"@id\":\"https:\\\/\\\/www.malinashop.lt\\\/shop\\\/paese-minerals-201w-skaistinanti-mineraline-pudra-7-g\\\/#primaryimage\"},\"image\":{\"@id\":\"https:\\\/\\\/www.malinashop.lt\\\/shop\\\/paese-minerals-201w-skaistinanti-mineraline-pudra-7-g\\\/#primaryimage\"},\"thumbnailUrl\":\"https:\\\/\\\/www.malinashop.lt\\\/wp-content\\\/uploads\\\/2025\\\/11\\\/5902627621338.jpg\",\"datePublished\":\"2025-11-24T15:29:51+00:00\",\"dateModified\":\"2026-02-10T09:48:01+00:00\",\"description\":\"PAESE MINERALS 201W skaistinanti mineralin\u0117 pudra \u2013 nat\u016brali, lengva ir \u0161vyt\u0117jimo suteikianti pudra jautriai odai. Maskuoja netobulumus ir ilgai i\u0161lieka.\",\"breadcrumb\":{\"@id\":\"https:\\\/\\\/www.malinashop.lt\\\/shop\\\/paese-minerals-201w-skaistinanti-mineraline-pudra-7-g\\\/#breadcrumb\"},\"inLanguage\":\"en-GB\",\"potentialAction\":[{\"@type\":\"ReadAction\",\"target\":[\"https:\\\/\\\/www.malinashop.lt\\\/shop\\\/paese-minerals-201w-skaistinanti-mineraline-pudra-7-g\\\/\"]}]},{\"@type\":\"ImageObject\",\"inLanguage\":\"en-GB\",\"@id\":\"https:\\\/\\\/www.malinashop.lt\\\/shop\\\/paese-minerals-201w-skaistinanti-mineraline-pudra-7-g\\\/#primaryimage\",\"url\":\"https:\\\/\\\/www.malinashop.lt\\\/wp-content\\\/uploads\\\/2025\\\/11\\\/5902627621338.jpg\",\"contentUrl\":\"https:\\\/\\\/www.malinashop.lt\\\/wp-content\\\/uploads\\\/2025\\\/11\\\/5902627621338.jpg\",\"width\":1000,\"height\":1000},{\"@type\":\"BreadcrumbList\",\"@id\":\"https:\\\/\\\/www.malinashop.lt\\\/shop\\\/paese-minerals-201w-skaistinanti-mineraline-pudra-7-g\\\/#breadcrumb\",\"itemListElement\":[{\"@type\":\"ListItem\",\"position\":1,\"name\":\"Pagrindinis\",\"item\":\"https:\\\/\\\/www.malinashop.lt\\\/\"},{\"@type\":\"ListItem\",\"position\":2,\"name\":\"Parduotuv\u0117\",\"item\":\"https:\\\/\\\/www.malinashop.lt\\\/en\\\/parduotuve\\\/\"},{\"@type\":\"ListItem\",\"position\":3,\"name\":\"PAESE MINERALS 201W skaistinanti mineralin\u0117 pudra, 7 g\"}]},{\"@type\":\"WebSite\",\"@id\":\"https:\\\/\\\/www.malinashop.lt\\\/#website\",\"url\":\"https:\\\/\\\/www.malinashop.lt\\\/\",\"name\":\"COM Group Ecommerce\",\"description\":\"MalinaShop.lt - Gro\u017eio ir sveikatos produktai i\u0161 patikim\u0173 preki\u0173 \u017eenkl\u0173. Atraskite auk\u0161tos kokyb\u0117s kosmetik\u0105 u\u017e puiki\u0105 kain\u0105.\",\"publisher\":{\"@id\":\"https:\\\/\\\/www.malinashop.lt\\\/#organization\"},\"potentialAction\":[{\"@type\":\"SearchAction\",\"target\":{\"@type\":\"EntryPoint\",\"urlTemplate\":\"https:\\\/\\\/www.malinashop.lt\\\/?s={search_term_string}\"},\"query-input\":{\"@type\":\"PropertyValueSpecification\",\"valueRequired\":true,\"valueName\":\"search_term_string\"}}],\"inLanguage\":\"en-GB\"},{\"@type\":\"Organization\",\"@id\":\"https:\\\/\\\/www.malinashop.lt\\\/#organization\",\"name\":\"COM Group Ecommerce\",\"url\":\"https:\\\/\\\/www.malinashop.lt\\\/\",\"logo\":{\"@type\":\"ImageObject\",\"inLanguage\":\"en-GB\",\"@id\":\"https:\\\/\\\/www.malinashop.lt\\\/#\\\/schema\\\/logo\\\/image\\\/\",\"url\":\"https:\\\/\\\/www.malinashop.lt\\\/wp-content\\\/uploads\\\/2024\\\/08\\\/462559670_3787732518133670_9795632669273463_n-e1731525914575.png\",\"contentUrl\":\"https:\\\/\\\/www.malinashop.lt\\\/wp-content\\\/uploads\\\/2024\\\/08\\\/462559670_3787732518133670_9795632669273463_n-e1731525914575.png\",\"width\":180,\"height\":60,\"caption\":\"COM Group Ecommerce\"},\"image\":{\"@id\":\"https:\\\/\\\/www.malinashop.lt\\\/#\\\/schema\\\/logo\\\/image\\\/\"}}]}<\/script>\n<!-- \/ Yoast SEO plugin. -->","yoast_head_json":{"title":"PAESE MINERALS 201W skaistinanti mineralin\u0117 pudra, 7 g - MalinaShop.lt J\u016bs\u0173 sveikatai ir gro\u017eiui.","description":"PAESE MINERALS 201W skaistinanti mineralin\u0117 pudra \u2013 nat\u016brali, lengva ir \u0161vyt\u0117jimo suteikianti pudra jautriai odai. Maskuoja netobulumus ir ilgai i\u0161lieka.","robots":{"index":"index","follow":"follow","max-snippet":"max-snippet:-1","max-image-preview":"max-image-preview:large","max-video-preview":"max-video-preview:-1"},"canonical":"https:\/\/www.malinashop.lt\/en\/shop\/paese-minerals-201w-skaistinanti-mineraline-pudra-7-g\/","og_locale":"en_GB","og_type":"article","og_title":"PAESE MINERALS 201W skaistinanti mineralin\u0117 pudra, 7 g - MalinaShop.lt J\u016bs\u0173 sveikatai ir gro\u017eiui.","og_description":"PAESE MINERALS 201W skaistinanti mineralin\u0117 pudra \u2013 nat\u016brali, lengva ir \u0161vyt\u0117jimo suteikianti pudra jautriai odai. Maskuoja netobulumus ir ilgai i\u0161lieka.","og_url":"https:\/\/www.malinashop.lt\/en\/shop\/paese-minerals-201w-skaistinanti-mineraline-pudra-7-g\/","og_site_name":"MalinaShop.lt J\u016bs\u0173 sveikatai ir gro\u017eiui.","article_modified_time":"2026-02-10T09:48:01+00:00","og_image":[{"width":1000,"height":1000,"url":"https:\/\/www.malinashop.lt\/wp-content\/uploads\/2025\/11\/5902627621338.jpg","type":"image\/jpeg"}],"twitter_card":"summary_large_image","schema":{"@context":"https:\/\/schema.org","@graph":[{"@type":"WebPage","@id":"https:\/\/www.malinashop.lt\/shop\/paese-minerals-201w-skaistinanti-mineraline-pudra-7-g\/","url":"https:\/\/www.malinashop.lt\/shop\/paese-minerals-201w-skaistinanti-mineraline-pudra-7-g\/","name":"PAESE MINERALS 201W skaistinanti mineralin\u0117 pudra, 7 g - MalinaShop.lt J\u016bs\u0173 sveikatai ir gro\u017eiui.","isPartOf":{"@id":"https:\/\/www.malinashop.lt\/#website"},"primaryImageOfPage":{"@id":"https:\/\/www.malinashop.lt\/shop\/paese-minerals-201w-skaistinanti-mineraline-pudra-7-g\/#primaryimage"},"image":{"@id":"https:\/\/www.malinashop.lt\/shop\/paese-minerals-201w-skaistinanti-mineraline-pudra-7-g\/#primaryimage"},"thumbnailUrl":"https:\/\/www.malinashop.lt\/wp-content\/uploads\/2025\/11\/5902627621338.jpg","datePublished":"2025-11-24T15:29:51+00:00","dateModified":"2026-02-10T09:48:01+00:00","description":"PAESE MINERALS 201W skaistinanti mineralin\u0117 pudra \u2013 nat\u016brali, lengva ir \u0161vyt\u0117jimo suteikianti pudra jautriai odai. Maskuoja netobulumus ir ilgai i\u0161lieka.","breadcrumb":{"@id":"https:\/\/www.malinashop.lt\/shop\/paese-minerals-201w-skaistinanti-mineraline-pudra-7-g\/#breadcrumb"},"inLanguage":"en-GB","potentialAction":[{"@type":"ReadAction","target":["https:\/\/www.malinashop.lt\/shop\/paese-minerals-201w-skaistinanti-mineraline-pudra-7-g\/"]}]},{"@type":"ImageObject","inLanguage":"en-GB","@id":"https:\/\/www.malinashop.lt\/shop\/paese-minerals-201w-skaistinanti-mineraline-pudra-7-g\/#primaryimage","url":"https:\/\/www.malinashop.lt\/wp-content\/uploads\/2025\/11\/5902627621338.jpg","contentUrl":"https:\/\/www.malinashop.lt\/wp-content\/uploads\/2025\/11\/5902627621338.jpg","width":1000,"height":1000},{"@type":"BreadcrumbList","@id":"https:\/\/www.malinashop.lt\/shop\/paese-minerals-201w-skaistinanti-mineraline-pudra-7-g\/#breadcrumb","itemListElement":[{"@type":"ListItem","position":1,"name":"Pagrindinis","item":"https:\/\/www.malinashop.lt\/"},{"@type":"ListItem","position":2,"name":"Parduotuv\u0117","item":"https:\/\/www.malinashop.lt\/en\/parduotuve\/"},{"@type":"ListItem","position":3,"name":"PAESE MINERALS 201W skaistinanti mineralin\u0117 pudra, 7 g"}]},{"@type":"WebSite","@id":"https:\/\/www.malinashop.lt\/#website","url":"https:\/\/www.malinashop.lt\/","name":"COM Group Ecommerce","description":"MalinaShop.lt - Gro\u017eio ir sveikatos produktai i\u0161 patikim\u0173 preki\u0173 \u017eenkl\u0173. Atraskite auk\u0161tos kokyb\u0117s kosmetik\u0105 u\u017e puiki\u0105 kain\u0105.","publisher":{"@id":"https:\/\/www.malinashop.lt\/#organization"},"potentialAction":[{"@type":"SearchAction","target":{"@type":"EntryPoint","urlTemplate":"https:\/\/www.malinashop.lt\/?s={search_term_string}"},"query-input":{"@type":"PropertyValueSpecification","valueRequired":true,"valueName":"search_term_string"}}],"inLanguage":"en-GB"},{"@type":"Organization","@id":"https:\/\/www.malinashop.lt\/#organization","name":"COM Group Ecommerce","url":"https:\/\/www.malinashop.lt\/","logo":{"@type":"ImageObject","inLanguage":"en-GB","@id":"https:\/\/www.malinashop.lt\/#\/schema\/logo\/image\/","url":"https:\/\/www.malinashop.lt\/wp-content\/uploads\/2024\/08\/462559670_3787732518133670_9795632669273463_n-e1731525914575.png","contentUrl":"https:\/\/www.malinashop.lt\/wp-content\/uploads\/2024\/08\/462559670_3787732518133670_9795632669273463_n-e1731525914575.png","width":180,"height":60,"caption":"COM Group Ecommerce"},"image":{"@id":"https:\/\/www.malinashop.lt\/#\/schema\/logo\/image\/"}}]}},"jetpack_sharing_enabled":true,"_links":{"self":[{"href":"https:\/\/www.malinashop.lt\/en\/wp-json\/wp\/v2\/product\/64615","targetHints":{"allow":["GET"]}}],"collection":[{"href":"https:\/\/www.malinashop.lt\/en\/wp-json\/wp\/v2\/product"}],"about":[{"href":"https:\/\/www.malinashop.lt\/en\/wp-json\/wp\/v2\/types\/product"}],"version-history":[{"count":2,"href":"https:\/\/www.malinashop.lt\/en\/wp-json\/wp\/v2\/product\/64615\/revisions"}],"predecessor-version":[{"id":72195,"href":"https:\/\/www.malinashop.lt\/en\/wp-json\/wp\/v2\/product\/64615\/revisions\/72195"}],"wp:featuredmedia":[{"embeddable":true,"href":"https:\/\/www.malinashop.lt\/en\/wp-json\/wp\/v2\/media\/64617"}],"wp:attachment":[{"href":"https:\/\/www.malinashop.lt\/en\/wp-json\/wp\/v2\/media?parent=64615"}],"wp:term":[{"taxonomy":"product_brand","embeddable":true,"href":"https:\/\/www.malinashop.lt\/en\/wp-json\/wp\/v2\/product_brand?post=64615"},{"taxonomy":"product_cat","embeddable":true,"href":"https:\/\/www.malinashop.lt\/en\/wp-json\/wp\/v2\/product_cat?post=64615"},{"taxonomy":"product_tag","embeddable":true,"href":"https:\/\/www.malinashop.lt\/en\/wp-json\/wp\/v2\/product_tag?post=64615"}],"curies":[{"name":"wp","href":"https:\/\/api.w.org\/{rel}","templated":true}]}}