{"id":64576,"date":"2025-11-24T18:29:09","date_gmt":"2025-11-24T15:29:09","guid":{"rendered":"https:\/\/malinashop.lt\/?post_type=product&#038;p=64576"},"modified":"2026-02-10T12:35:03","modified_gmt":"2026-02-10T09:35:03","slug":"milanobrush-angel-dream-limituotos-serijos-plauku-sepetys","status":"publish","type":"product","link":"https:\/\/www.malinashop.lt\/en\/shop\/milanobrush-angel-dream-limituotos-serijos-plauku-sepetys\/","title":{"rendered":"MILANOBRUSH ANGEL DREAM limituotos serijos plauk\u0173 \u0161epetys"},"content":{"rendered":"<p data-start=\"146\" data-end=\"519\"><strong data-start=\"146\" data-end=\"173\">MILANOBRUSH ANGEL DREAM<\/strong> \u2013 tai limituotos serijos plauk\u0173 \u0161epetys, sukurtas \u0161velniai ir efektyviai kasdienei plauk\u0173 prie\u017ei\u016brai. \u0160epetys puikiai tinka tiek <strong data-start=\"303\" data-end=\"342\">saus\u0173, tiek dr\u0117gn\u0173 plauk\u0173 \u0161ukavimui<\/strong>. Special\u016bs <strong data-start=\"354\" data-end=\"412\">lankst\u016bs nailoniniai \u0161ereliai su apvaliomis galvut\u0117mis<\/strong> \u0161velniai masa\u017euoja galvos od\u0105, gerina kraujo cirkuliacij\u0105 ir gali prisid\u0117ti prie sveikesnio plauk\u0173 augimo.<\/p>\n<p data-start=\"521\" data-end=\"776\">D\u0117l pa\u017eangios konstrukcijos \u0161epetys <strong data-start=\"557\" data-end=\"614\">be skausmo i\u0161narplioja net labai susiv\u0117lusius plaukus<\/strong>, j\u0173 netraukdamas ir nepa\u017eeisdamas. \u0160ukuojant <strong data-start=\"660\" data-end=\"690\">u\u017edaromos plauko kutikul\u0117s<\/strong>, tod\u0117l plaukai atrodo glotnesni, \u012fgauna <strong data-start=\"731\" data-end=\"755\">nat\u016bralaus \u017evilgesio<\/strong> ir ma\u017eiau veliasi.<\/p>\n<p data-start=\"778\" data-end=\"1002\"><strong data-start=\"778\" data-end=\"793\">ANGEL DREAM<\/strong> idealiai tinka vis\u0173 tip\u0173 ir ilgi\u0173 plaukams, taip pat <strong data-start=\"847\" data-end=\"878\">priauginam\u0173 plauk\u0173 sruogoms<\/strong>. Lengva, ergonomi\u0161ka ir <strong data-start=\"903\" data-end=\"926\">neslystanti rankena<\/strong> u\u017etikrina patog\u0173 naudojim\u0105 bei leid\u017eia lengvai formuoti norimas \u0161ukuosenas.<\/p>\n<p data-start=\"1004\" data-end=\"1019\"><strong data-start=\"1004\" data-end=\"1019\">Privalumai:<\/strong><\/p>\n<ul data-start=\"1020\" data-end=\"1301\">\n<li data-start=\"1020\" data-end=\"1076\">\n<p data-start=\"1022\" data-end=\"1076\">\u0160velniai i\u0161\u0161ukuoja ir i\u0161narplioja plaukus be skausmo<\/p>\n<\/li>\n<li data-start=\"1077\" data-end=\"1117\">\n<p data-start=\"1079\" data-end=\"1117\">Tinka sausiems ir dr\u0117gniems plaukams<\/p>\n<\/li>\n<li data-start=\"1118\" data-end=\"1172\">\n<p data-start=\"1120\" data-end=\"1172\">Masa\u017euoja galvos od\u0105 ir gerina kraujo cirkuliacij\u0105<\/p>\n<\/li>\n<li data-start=\"1173\" data-end=\"1227\">\n<p data-start=\"1175\" data-end=\"1227\">Suteikia plaukams glotnumo ir nat\u016bralaus \u017evilgesio<\/p>\n<\/li>\n<li data-start=\"1228\" data-end=\"1261\">\n<p data-start=\"1230\" data-end=\"1261\">Tinka priauginamiems plaukams<\/p>\n<\/li>\n<li data-start=\"1262\" data-end=\"1301\">\n<p data-start=\"1264\" data-end=\"1301\">Lengva, patogi, neslystanti rankena<\/p>\n<\/li>\n<\/ul>\n<p data-start=\"1303\" data-end=\"1405\"><strong data-start=\"1303\" data-end=\"1328\">Produkto informacija:<\/strong><br data-start=\"1328\" data-end=\"1331\" \/>Mink\u0161ti ir lankst\u016bs nailoniniai \u0161ereliai, lengvasvor\u0117 neslystanti rankena.<\/p>\n<p data-start=\"1407\" data-end=\"1504\"><strong data-start=\"1410\" data-end=\"1424\">\u012esp\u0117jimas:<\/strong> \u0161epe\u010dio \u0161ereliai nepritaikyti naudoti kartu su kar\u0161ta plauk\u0173 d\u017eiovintuvo srove.<\/p>\n","protected":false},"excerpt":{"rendered":"<p data-start=\"1547\" data-end=\"1771\">MILANOBRUSH ANGEL DREAM \u2013 \u0161velnus, bet efektyvus plauk\u0173 \u0161epetys, skirtas sausiems ir dr\u0117gniems plaukams. Lankst\u016bs nailoniniai \u0161ereliai masa\u017euoja galvos od\u0105, lengvai i\u0161narplioja plaukus ir suteikia jiems nat\u016bralaus \u017evilgesio.<\/p>\n","protected":false},"featured_media":64578,"template":"","meta":[],"product_brand":[1541],"product_cat":[767],"product_tag":[1612],"class_list":{"0":"post-64576","1":"product","2":"type-product","3":"status-publish","4":"has-post-thumbnail","6":"product_brand-milano-brush","7":"product_cat-plauku-sukos","8":"product_tag-milanobrush","10":"first","11":"instock","12":"purchasable","13":"product-type-simple"},"yoast_head":"<!-- This site is optimized with the Yoast SEO plugin v27.4 - https:\/\/yoast.com\/product\/yoast-seo-wordpress\/ -->\n<title>MILANOBRUSH ANGEL DREAM limituotos serijos plauk\u0173 \u0161epetys - MalinaShop.lt J\u016bs\u0173 sveikatai ir gro\u017eiui.<\/title>\n<meta name=\"description\" content=\"MILANOBRUSH ANGEL DREAM plauk\u0173 \u0161epetys \u2013 \u0161velniai i\u0161narplioja plaukus, masa\u017euoja galvos od\u0105, suteikia \u017evilgesio ir tinka sausiems bei dr\u0117gniems plaukams.\" \/>\n<meta name=\"robots\" content=\"index, follow, max-snippet:-1, max-image-preview:large, max-video-preview:-1\" \/>\n<link rel=\"canonical\" href=\"https:\/\/www.malinashop.lt\/en\/shop\/milanobrush-angel-dream-limituotos-serijos-plauku-sepetys\/\" \/>\n<meta property=\"og:locale\" content=\"en_GB\" \/>\n<meta property=\"og:type\" content=\"article\" \/>\n<meta property=\"og:title\" content=\"MILANOBRUSH ANGEL DREAM limituotos serijos plauk\u0173 \u0161epetys - MalinaShop.lt J\u016bs\u0173 sveikatai ir gro\u017eiui.\" \/>\n<meta property=\"og:description\" content=\"MILANOBRUSH ANGEL DREAM plauk\u0173 \u0161epetys \u2013 \u0161velniai i\u0161narplioja plaukus, masa\u017euoja galvos od\u0105, suteikia \u017evilgesio ir tinka sausiems bei dr\u0117gniems plaukams.\" \/>\n<meta property=\"og:url\" content=\"https:\/\/www.malinashop.lt\/en\/shop\/milanobrush-angel-dream-limituotos-serijos-plauku-sepetys\/\" \/>\n<meta property=\"og:site_name\" content=\"MalinaShop.lt J\u016bs\u0173 sveikatai ir gro\u017eiui.\" \/>\n<meta property=\"article:modified_time\" content=\"2026-02-10T09:35:03+00:00\" \/>\n<meta property=\"og:image\" content=\"https:\/\/www.malinashop.lt\/wp-content\/uploads\/2025\/11\/angel-dream.jpg\" \/>\n\t<meta property=\"og:image:width\" content=\"1000\" \/>\n\t<meta property=\"og:image:height\" content=\"1000\" \/>\n\t<meta property=\"og:image:type\" content=\"image\/jpeg\" \/>\n<meta name=\"twitter:card\" content=\"summary_large_image\" \/>\n<script type=\"application\/ld+json\" class=\"yoast-schema-graph\">{\"@context\":\"https:\\\/\\\/schema.org\",\"@graph\":[{\"@type\":\"WebPage\",\"@id\":\"https:\\\/\\\/www.malinashop.lt\\\/shop\\\/milanobrush-angel-dream-limituotos-serijos-plauku-sepetys\\\/\",\"url\":\"https:\\\/\\\/www.malinashop.lt\\\/shop\\\/milanobrush-angel-dream-limituotos-serijos-plauku-sepetys\\\/\",\"name\":\"MILANOBRUSH ANGEL DREAM limituotos serijos plauk\u0173 \u0161epetys - MalinaShop.lt J\u016bs\u0173 sveikatai ir gro\u017eiui.\",\"isPartOf\":{\"@id\":\"https:\\\/\\\/www.malinashop.lt\\\/#website\"},\"primaryImageOfPage\":{\"@id\":\"https:\\\/\\\/www.malinashop.lt\\\/shop\\\/milanobrush-angel-dream-limituotos-serijos-plauku-sepetys\\\/#primaryimage\"},\"image\":{\"@id\":\"https:\\\/\\\/www.malinashop.lt\\\/shop\\\/milanobrush-angel-dream-limituotos-serijos-plauku-sepetys\\\/#primaryimage\"},\"thumbnailUrl\":\"https:\\\/\\\/www.malinashop.lt\\\/wp-content\\\/uploads\\\/2025\\\/11\\\/angel-dream.jpg\",\"datePublished\":\"2025-11-24T15:29:09+00:00\",\"dateModified\":\"2026-02-10T09:35:03+00:00\",\"description\":\"MILANOBRUSH ANGEL DREAM plauk\u0173 \u0161epetys \u2013 \u0161velniai i\u0161narplioja plaukus, masa\u017euoja galvos od\u0105, suteikia \u017evilgesio ir tinka sausiems bei dr\u0117gniems plaukams.\",\"breadcrumb\":{\"@id\":\"https:\\\/\\\/www.malinashop.lt\\\/shop\\\/milanobrush-angel-dream-limituotos-serijos-plauku-sepetys\\\/#breadcrumb\"},\"inLanguage\":\"en-GB\",\"potentialAction\":[{\"@type\":\"ReadAction\",\"target\":[\"https:\\\/\\\/www.malinashop.lt\\\/shop\\\/milanobrush-angel-dream-limituotos-serijos-plauku-sepetys\\\/\"]}]},{\"@type\":\"ImageObject\",\"inLanguage\":\"en-GB\",\"@id\":\"https:\\\/\\\/www.malinashop.lt\\\/shop\\\/milanobrush-angel-dream-limituotos-serijos-plauku-sepetys\\\/#primaryimage\",\"url\":\"https:\\\/\\\/www.malinashop.lt\\\/wp-content\\\/uploads\\\/2025\\\/11\\\/angel-dream.jpg\",\"contentUrl\":\"https:\\\/\\\/www.malinashop.lt\\\/wp-content\\\/uploads\\\/2025\\\/11\\\/angel-dream.jpg\",\"width\":1000,\"height\":1000},{\"@type\":\"BreadcrumbList\",\"@id\":\"https:\\\/\\\/www.malinashop.lt\\\/shop\\\/milanobrush-angel-dream-limituotos-serijos-plauku-sepetys\\\/#breadcrumb\",\"itemListElement\":[{\"@type\":\"ListItem\",\"position\":1,\"name\":\"Pagrindinis\",\"item\":\"https:\\\/\\\/www.malinashop.lt\\\/\"},{\"@type\":\"ListItem\",\"position\":2,\"name\":\"Parduotuv\u0117\",\"item\":\"https:\\\/\\\/www.malinashop.lt\\\/en\\\/parduotuve\\\/\"},{\"@type\":\"ListItem\",\"position\":3,\"name\":\"MILANOBRUSH ANGEL DREAM limituotos serijos plauk\u0173 \u0161epetys\"}]},{\"@type\":\"WebSite\",\"@id\":\"https:\\\/\\\/www.malinashop.lt\\\/#website\",\"url\":\"https:\\\/\\\/www.malinashop.lt\\\/\",\"name\":\"COM Group Ecommerce\",\"description\":\"MalinaShop.lt - Gro\u017eio ir sveikatos produktai i\u0161 patikim\u0173 preki\u0173 \u017eenkl\u0173. Atraskite auk\u0161tos kokyb\u0117s kosmetik\u0105 u\u017e puiki\u0105 kain\u0105.\",\"publisher\":{\"@id\":\"https:\\\/\\\/www.malinashop.lt\\\/#organization\"},\"potentialAction\":[{\"@type\":\"SearchAction\",\"target\":{\"@type\":\"EntryPoint\",\"urlTemplate\":\"https:\\\/\\\/www.malinashop.lt\\\/?s={search_term_string}\"},\"query-input\":{\"@type\":\"PropertyValueSpecification\",\"valueRequired\":true,\"valueName\":\"search_term_string\"}}],\"inLanguage\":\"en-GB\"},{\"@type\":\"Organization\",\"@id\":\"https:\\\/\\\/www.malinashop.lt\\\/#organization\",\"name\":\"COM Group Ecommerce\",\"url\":\"https:\\\/\\\/www.malinashop.lt\\\/\",\"logo\":{\"@type\":\"ImageObject\",\"inLanguage\":\"en-GB\",\"@id\":\"https:\\\/\\\/www.malinashop.lt\\\/#\\\/schema\\\/logo\\\/image\\\/\",\"url\":\"https:\\\/\\\/www.malinashop.lt\\\/wp-content\\\/uploads\\\/2024\\\/08\\\/462559670_3787732518133670_9795632669273463_n-e1731525914575.png\",\"contentUrl\":\"https:\\\/\\\/www.malinashop.lt\\\/wp-content\\\/uploads\\\/2024\\\/08\\\/462559670_3787732518133670_9795632669273463_n-e1731525914575.png\",\"width\":180,\"height\":60,\"caption\":\"COM Group Ecommerce\"},\"image\":{\"@id\":\"https:\\\/\\\/www.malinashop.lt\\\/#\\\/schema\\\/logo\\\/image\\\/\"}}]}<\/script>\n<!-- \/ Yoast SEO plugin. -->","yoast_head_json":{"title":"MILANOBRUSH ANGEL DREAM limituotos serijos plauk\u0173 \u0161epetys - MalinaShop.lt J\u016bs\u0173 sveikatai ir gro\u017eiui.","description":"MILANOBRUSH ANGEL DREAM plauk\u0173 \u0161epetys \u2013 \u0161velniai i\u0161narplioja plaukus, masa\u017euoja galvos od\u0105, suteikia \u017evilgesio ir tinka sausiems bei dr\u0117gniems plaukams.","robots":{"index":"index","follow":"follow","max-snippet":"max-snippet:-1","max-image-preview":"max-image-preview:large","max-video-preview":"max-video-preview:-1"},"canonical":"https:\/\/www.malinashop.lt\/en\/shop\/milanobrush-angel-dream-limituotos-serijos-plauku-sepetys\/","og_locale":"en_GB","og_type":"article","og_title":"MILANOBRUSH ANGEL DREAM limituotos serijos plauk\u0173 \u0161epetys - MalinaShop.lt J\u016bs\u0173 sveikatai ir gro\u017eiui.","og_description":"MILANOBRUSH ANGEL DREAM plauk\u0173 \u0161epetys \u2013 \u0161velniai i\u0161narplioja plaukus, masa\u017euoja galvos od\u0105, suteikia \u017evilgesio ir tinka sausiems bei dr\u0117gniems plaukams.","og_url":"https:\/\/www.malinashop.lt\/en\/shop\/milanobrush-angel-dream-limituotos-serijos-plauku-sepetys\/","og_site_name":"MalinaShop.lt J\u016bs\u0173 sveikatai ir gro\u017eiui.","article_modified_time":"2026-02-10T09:35:03+00:00","og_image":[{"width":1000,"height":1000,"url":"https:\/\/www.malinashop.lt\/wp-content\/uploads\/2025\/11\/angel-dream.jpg","type":"image\/jpeg"}],"twitter_card":"summary_large_image","schema":{"@context":"https:\/\/schema.org","@graph":[{"@type":"WebPage","@id":"https:\/\/www.malinashop.lt\/shop\/milanobrush-angel-dream-limituotos-serijos-plauku-sepetys\/","url":"https:\/\/www.malinashop.lt\/shop\/milanobrush-angel-dream-limituotos-serijos-plauku-sepetys\/","name":"MILANOBRUSH ANGEL DREAM limituotos serijos plauk\u0173 \u0161epetys - MalinaShop.lt J\u016bs\u0173 sveikatai ir gro\u017eiui.","isPartOf":{"@id":"https:\/\/www.malinashop.lt\/#website"},"primaryImageOfPage":{"@id":"https:\/\/www.malinashop.lt\/shop\/milanobrush-angel-dream-limituotos-serijos-plauku-sepetys\/#primaryimage"},"image":{"@id":"https:\/\/www.malinashop.lt\/shop\/milanobrush-angel-dream-limituotos-serijos-plauku-sepetys\/#primaryimage"},"thumbnailUrl":"https:\/\/www.malinashop.lt\/wp-content\/uploads\/2025\/11\/angel-dream.jpg","datePublished":"2025-11-24T15:29:09+00:00","dateModified":"2026-02-10T09:35:03+00:00","description":"MILANOBRUSH ANGEL DREAM plauk\u0173 \u0161epetys \u2013 \u0161velniai i\u0161narplioja plaukus, masa\u017euoja galvos od\u0105, suteikia \u017evilgesio ir tinka sausiems bei dr\u0117gniems plaukams.","breadcrumb":{"@id":"https:\/\/www.malinashop.lt\/shop\/milanobrush-angel-dream-limituotos-serijos-plauku-sepetys\/#breadcrumb"},"inLanguage":"en-GB","potentialAction":[{"@type":"ReadAction","target":["https:\/\/www.malinashop.lt\/shop\/milanobrush-angel-dream-limituotos-serijos-plauku-sepetys\/"]}]},{"@type":"ImageObject","inLanguage":"en-GB","@id":"https:\/\/www.malinashop.lt\/shop\/milanobrush-angel-dream-limituotos-serijos-plauku-sepetys\/#primaryimage","url":"https:\/\/www.malinashop.lt\/wp-content\/uploads\/2025\/11\/angel-dream.jpg","contentUrl":"https:\/\/www.malinashop.lt\/wp-content\/uploads\/2025\/11\/angel-dream.jpg","width":1000,"height":1000},{"@type":"BreadcrumbList","@id":"https:\/\/www.malinashop.lt\/shop\/milanobrush-angel-dream-limituotos-serijos-plauku-sepetys\/#breadcrumb","itemListElement":[{"@type":"ListItem","position":1,"name":"Pagrindinis","item":"https:\/\/www.malinashop.lt\/"},{"@type":"ListItem","position":2,"name":"Parduotuv\u0117","item":"https:\/\/www.malinashop.lt\/en\/parduotuve\/"},{"@type":"ListItem","position":3,"name":"MILANOBRUSH ANGEL DREAM limituotos serijos plauk\u0173 \u0161epetys"}]},{"@type":"WebSite","@id":"https:\/\/www.malinashop.lt\/#website","url":"https:\/\/www.malinashop.lt\/","name":"COM Group Ecommerce","description":"MalinaShop.lt - Gro\u017eio ir sveikatos produktai i\u0161 patikim\u0173 preki\u0173 \u017eenkl\u0173. Atraskite auk\u0161tos kokyb\u0117s kosmetik\u0105 u\u017e puiki\u0105 kain\u0105.","publisher":{"@id":"https:\/\/www.malinashop.lt\/#organization"},"potentialAction":[{"@type":"SearchAction","target":{"@type":"EntryPoint","urlTemplate":"https:\/\/www.malinashop.lt\/?s={search_term_string}"},"query-input":{"@type":"PropertyValueSpecification","valueRequired":true,"valueName":"search_term_string"}}],"inLanguage":"en-GB"},{"@type":"Organization","@id":"https:\/\/www.malinashop.lt\/#organization","name":"COM Group Ecommerce","url":"https:\/\/www.malinashop.lt\/","logo":{"@type":"ImageObject","inLanguage":"en-GB","@id":"https:\/\/www.malinashop.lt\/#\/schema\/logo\/image\/","url":"https:\/\/www.malinashop.lt\/wp-content\/uploads\/2024\/08\/462559670_3787732518133670_9795632669273463_n-e1731525914575.png","contentUrl":"https:\/\/www.malinashop.lt\/wp-content\/uploads\/2024\/08\/462559670_3787732518133670_9795632669273463_n-e1731525914575.png","width":180,"height":60,"caption":"COM Group Ecommerce"},"image":{"@id":"https:\/\/www.malinashop.lt\/#\/schema\/logo\/image\/"}}]}},"jetpack_sharing_enabled":true,"_links":{"self":[{"href":"https:\/\/www.malinashop.lt\/en\/wp-json\/wp\/v2\/product\/64576","targetHints":{"allow":["GET"]}}],"collection":[{"href":"https:\/\/www.malinashop.lt\/en\/wp-json\/wp\/v2\/product"}],"about":[{"href":"https:\/\/www.malinashop.lt\/en\/wp-json\/wp\/v2\/types\/product"}],"version-history":[{"count":2,"href":"https:\/\/www.malinashop.lt\/en\/wp-json\/wp\/v2\/product\/64576\/revisions"}],"predecessor-version":[{"id":73146,"href":"https:\/\/www.malinashop.lt\/en\/wp-json\/wp\/v2\/product\/64576\/revisions\/73146"}],"wp:featuredmedia":[{"embeddable":true,"href":"https:\/\/www.malinashop.lt\/en\/wp-json\/wp\/v2\/media\/64578"}],"wp:attachment":[{"href":"https:\/\/www.malinashop.lt\/en\/wp-json\/wp\/v2\/media?parent=64576"}],"wp:term":[{"taxonomy":"product_brand","embeddable":true,"href":"https:\/\/www.malinashop.lt\/en\/wp-json\/wp\/v2\/product_brand?post=64576"},{"taxonomy":"product_cat","embeddable":true,"href":"https:\/\/www.malinashop.lt\/en\/wp-json\/wp\/v2\/product_cat?post=64576"},{"taxonomy":"product_tag","embeddable":true,"href":"https:\/\/www.malinashop.lt\/en\/wp-json\/wp\/v2\/product_tag?post=64576"}],"curies":[{"name":"wp","href":"https:\/\/api.w.org\/{rel}","templated":true}]}}