{"id":64570,"date":"2025-11-24T18:29:09","date_gmt":"2025-11-24T15:29:09","guid":{"rendered":"https:\/\/malinashop.lt\/?post_type=product&#038;p=64570"},"modified":"2026-02-10T12:35:03","modified_gmt":"2026-02-10T09:35:03","slug":"milanobrush-rush-limituotos-serijos-plauku-sepetys","status":"publish","type":"product","link":"https:\/\/www.malinashop.lt\/en\/shop\/milanobrush-rush-limituotos-serijos-plauku-sepetys\/","title":{"rendered":"MILANOBRUSH RUSH limituotos serijos plauk\u0173 \u0161epetys"},"content":{"rendered":"<div id=\"description\" class=\"tab-pane fade in active\">\n<div class=\"product-description\">\n<p data-start=\"85\" data-end=\"437\"><strong data-start=\"85\" data-end=\"105\">MILANOBRUSH RUSH<\/strong> \u2013 tai limituotos serijos plauk\u0173 \u0161epetys, sukurtas patogiam ir saugiam kasdieniam plauk\u0173 \u0161ukavimui. Jis puikiai tinka tiek <strong data-start=\"228\" data-end=\"265\">sausiems, tiek dr\u0117gniems plaukams<\/strong>, o special\u016bs <strong data-start=\"279\" data-end=\"337\">lankst\u016bs nailoniniai \u0161ereliai su apvaliomis galvut\u0117mis<\/strong> \u0161velniai masa\u017euoja galvos od\u0105, gerina kraujo cirkuliacij\u0105 ir padeda palaikyti sveik\u0105 plauk\u0173 augim\u0105.<\/p>\n<p data-start=\"439\" data-end=\"766\">\u0160epetys lengvai i\u0161narplioja net ir labiausiai susiv\u0117lusius plaukus j\u0173 nepa\u017eeisdamas, suma\u017eina l\u016b\u017ein\u0117jim\u0105 ir tempim\u0105. \u0160ukuojant u\u017edaromos plauk\u0173 kutikul\u0117s, tod\u0117l plaukai atrodo <strong data-start=\"615\" data-end=\"661\">lygesni, \u017evilgantys ir ma\u017eiau link\u0119 veltis<\/strong>. D\u0117l ergonomi\u0161kos, lengvos ir neslystan\u010dios rankenos \u0161epet\u012f patogu naudoti tiek namuose, tiek kelion\u0117se.<\/p>\n<p data-start=\"768\" data-end=\"917\"><strong data-start=\"768\" data-end=\"788\">MILANOBRUSH RUSH<\/strong> taip pat puikiai tinka <strong data-start=\"812\" data-end=\"841\">priauginam\u0173 plauk\u0173 sruog\u0173<\/strong> prie\u017ei\u016brai, tod\u0117l tai universalus pasirinkimas vis\u0173 tip\u0173 ir ilgi\u0173 plaukams.<\/p>\n<p data-start=\"919\" data-end=\"1011\"><strong data-start=\"919\" data-end=\"930\">Svarbu:<\/strong> \u0161epe\u010dio \u0161ereliai n\u0117ra pritaikyti naudoti su kar\u0161ta plauk\u0173 d\u017eiovintuvo oro srove.<\/p>\n<\/div>\n<\/div>\n","protected":false},"excerpt":{"rendered":"<p data-start=\"1050\" data-end=\"1280\">Limituotos serijos <strong data-start=\"1069\" data-end=\"1089\">MILANOBRUSH RUSH<\/strong> plauk\u0173 \u0161epetys su lank\u0161\u010diais nailoniniais \u0161ereliais \u0161velniai i\u0161narplioja plaukus, masa\u017euoja galvos od\u0105 ir suteikia nat\u016bralaus \u017evilgesio. Tinka sausiems, dr\u0117gniems ir priauginamiems plaukams.<\/p>\n","protected":false},"featured_media":64572,"template":"","meta":[],"product_brand":[1541],"product_cat":[767],"product_tag":[1612],"class_list":{"0":"post-64570","1":"product","2":"type-product","3":"status-publish","4":"has-post-thumbnail","6":"product_brand-milano-brush","7":"product_cat-plauku-sukos","8":"product_tag-milanobrush","10":"first","11":"instock","12":"purchasable","13":"product-type-simple"},"yoast_head":"<!-- This site is optimized with the Yoast SEO plugin v27.4 - https:\/\/yoast.com\/product\/yoast-seo-wordpress\/ -->\n<title>MILANOBRUSH RUSH limituotos serijos plauk\u0173 \u0161epetys - MalinaShop.lt J\u016bs\u0173 sveikatai ir gro\u017eiui.<\/title>\n<meta name=\"description\" content=\"MILANOBRUSH RUSH plauk\u0173 \u0161epetys \u2013 sausiems ir dr\u0117gniems plaukams. \u0160velniai i\u0161narplioja, masa\u017euoja galvos od\u0105 ir suteikia \u017evilgesio.\" \/>\n<meta name=\"robots\" content=\"index, follow, max-snippet:-1, max-image-preview:large, max-video-preview:-1\" \/>\n<link rel=\"canonical\" href=\"https:\/\/www.malinashop.lt\/en\/shop\/milanobrush-rush-limituotos-serijos-plauku-sepetys\/\" \/>\n<meta property=\"og:locale\" content=\"en_GB\" \/>\n<meta property=\"og:type\" content=\"article\" \/>\n<meta property=\"og:title\" content=\"MILANOBRUSH RUSH limituotos serijos plauk\u0173 \u0161epetys - MalinaShop.lt J\u016bs\u0173 sveikatai ir gro\u017eiui.\" \/>\n<meta property=\"og:description\" content=\"MILANOBRUSH RUSH plauk\u0173 \u0161epetys \u2013 sausiems ir dr\u0117gniems plaukams. \u0160velniai i\u0161narplioja, masa\u017euoja galvos od\u0105 ir suteikia \u017evilgesio.\" \/>\n<meta property=\"og:url\" content=\"https:\/\/www.malinashop.lt\/en\/shop\/milanobrush-rush-limituotos-serijos-plauku-sepetys\/\" \/>\n<meta property=\"og:site_name\" content=\"MalinaShop.lt J\u016bs\u0173 sveikatai ir gro\u017eiui.\" \/>\n<meta property=\"article:modified_time\" content=\"2026-02-10T09:35:03+00:00\" \/>\n<meta property=\"og:image\" content=\"https:\/\/www.malinashop.lt\/wp-content\/uploads\/2025\/11\/MILANOBRUSH-1.jpg\" \/>\n\t<meta property=\"og:image:width\" content=\"1000\" \/>\n\t<meta property=\"og:image:height\" content=\"1000\" \/>\n\t<meta property=\"og:image:type\" content=\"image\/jpeg\" \/>\n<meta name=\"twitter:card\" content=\"summary_large_image\" \/>\n<script type=\"application\/ld+json\" class=\"yoast-schema-graph\">{\"@context\":\"https:\\\/\\\/schema.org\",\"@graph\":[{\"@type\":\"WebPage\",\"@id\":\"https:\\\/\\\/www.malinashop.lt\\\/lt_lt\\\/shop\\\/milanobrush-rush-limituotos-serijos-plauku-sepetys\\\/\",\"url\":\"https:\\\/\\\/www.malinashop.lt\\\/lt_lt\\\/shop\\\/milanobrush-rush-limituotos-serijos-plauku-sepetys\\\/\",\"name\":\"MILANOBRUSH RUSH limituotos serijos plauk\u0173 \u0161epetys - MalinaShop.lt J\u016bs\u0173 sveikatai ir gro\u017eiui.\",\"isPartOf\":{\"@id\":\"https:\\\/\\\/www.malinashop.lt\\\/#website\"},\"primaryImageOfPage\":{\"@id\":\"https:\\\/\\\/www.malinashop.lt\\\/lt_lt\\\/shop\\\/milanobrush-rush-limituotos-serijos-plauku-sepetys\\\/#primaryimage\"},\"image\":{\"@id\":\"https:\\\/\\\/www.malinashop.lt\\\/lt_lt\\\/shop\\\/milanobrush-rush-limituotos-serijos-plauku-sepetys\\\/#primaryimage\"},\"thumbnailUrl\":\"https:\\\/\\\/www.malinashop.lt\\\/wp-content\\\/uploads\\\/2025\\\/11\\\/MILANOBRUSH-1.jpg\",\"datePublished\":\"2025-11-24T15:29:09+00:00\",\"dateModified\":\"2026-02-10T09:35:03+00:00\",\"description\":\"MILANOBRUSH RUSH plauk\u0173 \u0161epetys \u2013 sausiems ir dr\u0117gniems plaukams. \u0160velniai i\u0161narplioja, masa\u017euoja galvos od\u0105 ir suteikia \u017evilgesio.\",\"breadcrumb\":{\"@id\":\"https:\\\/\\\/www.malinashop.lt\\\/lt_lt\\\/shop\\\/milanobrush-rush-limituotos-serijos-plauku-sepetys\\\/#breadcrumb\"},\"inLanguage\":\"en-GB\",\"potentialAction\":[{\"@type\":\"ReadAction\",\"target\":[\"https:\\\/\\\/www.malinashop.lt\\\/lt_lt\\\/shop\\\/milanobrush-rush-limituotos-serijos-plauku-sepetys\\\/\"]}]},{\"@type\":\"ImageObject\",\"inLanguage\":\"en-GB\",\"@id\":\"https:\\\/\\\/www.malinashop.lt\\\/lt_lt\\\/shop\\\/milanobrush-rush-limituotos-serijos-plauku-sepetys\\\/#primaryimage\",\"url\":\"https:\\\/\\\/www.malinashop.lt\\\/wp-content\\\/uploads\\\/2025\\\/11\\\/MILANOBRUSH-1.jpg\",\"contentUrl\":\"https:\\\/\\\/www.malinashop.lt\\\/wp-content\\\/uploads\\\/2025\\\/11\\\/MILANOBRUSH-1.jpg\",\"width\":1000,\"height\":1000},{\"@type\":\"BreadcrumbList\",\"@id\":\"https:\\\/\\\/www.malinashop.lt\\\/lt_lt\\\/shop\\\/milanobrush-rush-limituotos-serijos-plauku-sepetys\\\/#breadcrumb\",\"itemListElement\":[{\"@type\":\"ListItem\",\"position\":1,\"name\":\"Pagrindinis\",\"item\":\"https:\\\/\\\/www.malinashop.lt\\\/\"},{\"@type\":\"ListItem\",\"position\":2,\"name\":\"Parduotuv\u0117\",\"item\":\"https:\\\/\\\/www.malinashop.lt\\\/en\\\/parduotuve\\\/\"},{\"@type\":\"ListItem\",\"position\":3,\"name\":\"MILANOBRUSH RUSH limituotos serijos plauk\u0173 \u0161epetys\"}]},{\"@type\":\"WebSite\",\"@id\":\"https:\\\/\\\/www.malinashop.lt\\\/#website\",\"url\":\"https:\\\/\\\/www.malinashop.lt\\\/\",\"name\":\"COM Group Ecommerce\",\"description\":\"MalinaShop.lt - Gro\u017eio ir sveikatos produktai i\u0161 patikim\u0173 preki\u0173 \u017eenkl\u0173. Atraskite auk\u0161tos kokyb\u0117s kosmetik\u0105 u\u017e puiki\u0105 kain\u0105.\",\"publisher\":{\"@id\":\"https:\\\/\\\/www.malinashop.lt\\\/#organization\"},\"potentialAction\":[{\"@type\":\"SearchAction\",\"target\":{\"@type\":\"EntryPoint\",\"urlTemplate\":\"https:\\\/\\\/www.malinashop.lt\\\/?s={search_term_string}\"},\"query-input\":{\"@type\":\"PropertyValueSpecification\",\"valueRequired\":true,\"valueName\":\"search_term_string\"}}],\"inLanguage\":\"en-GB\"},{\"@type\":\"Organization\",\"@id\":\"https:\\\/\\\/www.malinashop.lt\\\/#organization\",\"name\":\"COM Group Ecommerce\",\"url\":\"https:\\\/\\\/www.malinashop.lt\\\/\",\"logo\":{\"@type\":\"ImageObject\",\"inLanguage\":\"en-GB\",\"@id\":\"https:\\\/\\\/www.malinashop.lt\\\/#\\\/schema\\\/logo\\\/image\\\/\",\"url\":\"https:\\\/\\\/www.malinashop.lt\\\/wp-content\\\/uploads\\\/2024\\\/08\\\/462559670_3787732518133670_9795632669273463_n-e1731525914575.png\",\"contentUrl\":\"https:\\\/\\\/www.malinashop.lt\\\/wp-content\\\/uploads\\\/2024\\\/08\\\/462559670_3787732518133670_9795632669273463_n-e1731525914575.png\",\"width\":180,\"height\":60,\"caption\":\"COM Group Ecommerce\"},\"image\":{\"@id\":\"https:\\\/\\\/www.malinashop.lt\\\/#\\\/schema\\\/logo\\\/image\\\/\"}}]}<\/script>\n<!-- \/ Yoast SEO plugin. -->","yoast_head_json":{"title":"MILANOBRUSH RUSH limituotos serijos plauk\u0173 \u0161epetys - MalinaShop.lt J\u016bs\u0173 sveikatai ir gro\u017eiui.","description":"MILANOBRUSH RUSH plauk\u0173 \u0161epetys \u2013 sausiems ir dr\u0117gniems plaukams. \u0160velniai i\u0161narplioja, masa\u017euoja galvos od\u0105 ir suteikia \u017evilgesio.","robots":{"index":"index","follow":"follow","max-snippet":"max-snippet:-1","max-image-preview":"max-image-preview:large","max-video-preview":"max-video-preview:-1"},"canonical":"https:\/\/www.malinashop.lt\/en\/shop\/milanobrush-rush-limituotos-serijos-plauku-sepetys\/","og_locale":"en_GB","og_type":"article","og_title":"MILANOBRUSH RUSH limituotos serijos plauk\u0173 \u0161epetys - MalinaShop.lt J\u016bs\u0173 sveikatai ir gro\u017eiui.","og_description":"MILANOBRUSH RUSH plauk\u0173 \u0161epetys \u2013 sausiems ir dr\u0117gniems plaukams. \u0160velniai i\u0161narplioja, masa\u017euoja galvos od\u0105 ir suteikia \u017evilgesio.","og_url":"https:\/\/www.malinashop.lt\/en\/shop\/milanobrush-rush-limituotos-serijos-plauku-sepetys\/","og_site_name":"MalinaShop.lt J\u016bs\u0173 sveikatai ir gro\u017eiui.","article_modified_time":"2026-02-10T09:35:03+00:00","og_image":[{"width":1000,"height":1000,"url":"https:\/\/www.malinashop.lt\/wp-content\/uploads\/2025\/11\/MILANOBRUSH-1.jpg","type":"image\/jpeg"}],"twitter_card":"summary_large_image","schema":{"@context":"https:\/\/schema.org","@graph":[{"@type":"WebPage","@id":"https:\/\/www.malinashop.lt\/lt_lt\/shop\/milanobrush-rush-limituotos-serijos-plauku-sepetys\/","url":"https:\/\/www.malinashop.lt\/lt_lt\/shop\/milanobrush-rush-limituotos-serijos-plauku-sepetys\/","name":"MILANOBRUSH RUSH limituotos serijos plauk\u0173 \u0161epetys - MalinaShop.lt J\u016bs\u0173 sveikatai ir gro\u017eiui.","isPartOf":{"@id":"https:\/\/www.malinashop.lt\/#website"},"primaryImageOfPage":{"@id":"https:\/\/www.malinashop.lt\/lt_lt\/shop\/milanobrush-rush-limituotos-serijos-plauku-sepetys\/#primaryimage"},"image":{"@id":"https:\/\/www.malinashop.lt\/lt_lt\/shop\/milanobrush-rush-limituotos-serijos-plauku-sepetys\/#primaryimage"},"thumbnailUrl":"https:\/\/www.malinashop.lt\/wp-content\/uploads\/2025\/11\/MILANOBRUSH-1.jpg","datePublished":"2025-11-24T15:29:09+00:00","dateModified":"2026-02-10T09:35:03+00:00","description":"MILANOBRUSH RUSH plauk\u0173 \u0161epetys \u2013 sausiems ir dr\u0117gniems plaukams. \u0160velniai i\u0161narplioja, masa\u017euoja galvos od\u0105 ir suteikia \u017evilgesio.","breadcrumb":{"@id":"https:\/\/www.malinashop.lt\/lt_lt\/shop\/milanobrush-rush-limituotos-serijos-plauku-sepetys\/#breadcrumb"},"inLanguage":"en-GB","potentialAction":[{"@type":"ReadAction","target":["https:\/\/www.malinashop.lt\/lt_lt\/shop\/milanobrush-rush-limituotos-serijos-plauku-sepetys\/"]}]},{"@type":"ImageObject","inLanguage":"en-GB","@id":"https:\/\/www.malinashop.lt\/lt_lt\/shop\/milanobrush-rush-limituotos-serijos-plauku-sepetys\/#primaryimage","url":"https:\/\/www.malinashop.lt\/wp-content\/uploads\/2025\/11\/MILANOBRUSH-1.jpg","contentUrl":"https:\/\/www.malinashop.lt\/wp-content\/uploads\/2025\/11\/MILANOBRUSH-1.jpg","width":1000,"height":1000},{"@type":"BreadcrumbList","@id":"https:\/\/www.malinashop.lt\/lt_lt\/shop\/milanobrush-rush-limituotos-serijos-plauku-sepetys\/#breadcrumb","itemListElement":[{"@type":"ListItem","position":1,"name":"Pagrindinis","item":"https:\/\/www.malinashop.lt\/"},{"@type":"ListItem","position":2,"name":"Parduotuv\u0117","item":"https:\/\/www.malinashop.lt\/en\/parduotuve\/"},{"@type":"ListItem","position":3,"name":"MILANOBRUSH RUSH limituotos serijos plauk\u0173 \u0161epetys"}]},{"@type":"WebSite","@id":"https:\/\/www.malinashop.lt\/#website","url":"https:\/\/www.malinashop.lt\/","name":"COM Group Ecommerce","description":"MalinaShop.lt - Gro\u017eio ir sveikatos produktai i\u0161 patikim\u0173 preki\u0173 \u017eenkl\u0173. Atraskite auk\u0161tos kokyb\u0117s kosmetik\u0105 u\u017e puiki\u0105 kain\u0105.","publisher":{"@id":"https:\/\/www.malinashop.lt\/#organization"},"potentialAction":[{"@type":"SearchAction","target":{"@type":"EntryPoint","urlTemplate":"https:\/\/www.malinashop.lt\/?s={search_term_string}"},"query-input":{"@type":"PropertyValueSpecification","valueRequired":true,"valueName":"search_term_string"}}],"inLanguage":"en-GB"},{"@type":"Organization","@id":"https:\/\/www.malinashop.lt\/#organization","name":"COM Group Ecommerce","url":"https:\/\/www.malinashop.lt\/","logo":{"@type":"ImageObject","inLanguage":"en-GB","@id":"https:\/\/www.malinashop.lt\/#\/schema\/logo\/image\/","url":"https:\/\/www.malinashop.lt\/wp-content\/uploads\/2024\/08\/462559670_3787732518133670_9795632669273463_n-e1731525914575.png","contentUrl":"https:\/\/www.malinashop.lt\/wp-content\/uploads\/2024\/08\/462559670_3787732518133670_9795632669273463_n-e1731525914575.png","width":180,"height":60,"caption":"COM Group Ecommerce"},"image":{"@id":"https:\/\/www.malinashop.lt\/#\/schema\/logo\/image\/"}}]}},"jetpack_sharing_enabled":true,"_links":{"self":[{"href":"https:\/\/www.malinashop.lt\/en\/wp-json\/wp\/v2\/product\/64570","targetHints":{"allow":["GET"]}}],"collection":[{"href":"https:\/\/www.malinashop.lt\/en\/wp-json\/wp\/v2\/product"}],"about":[{"href":"https:\/\/www.malinashop.lt\/en\/wp-json\/wp\/v2\/types\/product"}],"version-history":[{"count":2,"href":"https:\/\/www.malinashop.lt\/en\/wp-json\/wp\/v2\/product\/64570\/revisions"}],"predecessor-version":[{"id":73144,"href":"https:\/\/www.malinashop.lt\/en\/wp-json\/wp\/v2\/product\/64570\/revisions\/73144"}],"wp:featuredmedia":[{"embeddable":true,"href":"https:\/\/www.malinashop.lt\/en\/wp-json\/wp\/v2\/media\/64572"}],"wp:attachment":[{"href":"https:\/\/www.malinashop.lt\/en\/wp-json\/wp\/v2\/media?parent=64570"}],"wp:term":[{"taxonomy":"product_brand","embeddable":true,"href":"https:\/\/www.malinashop.lt\/en\/wp-json\/wp\/v2\/product_brand?post=64570"},{"taxonomy":"product_cat","embeddable":true,"href":"https:\/\/www.malinashop.lt\/en\/wp-json\/wp\/v2\/product_cat?post=64570"},{"taxonomy":"product_tag","embeddable":true,"href":"https:\/\/www.malinashop.lt\/en\/wp-json\/wp\/v2\/product_tag?post=64570"}],"curies":[{"name":"wp","href":"https:\/\/api.w.org\/{rel}","templated":true}]}}