{"id":64401,"date":"2025-11-24T18:27:53","date_gmt":"2025-11-24T15:27:53","guid":{"rendered":"https:\/\/malinashop.lt\/?post_type=product&#038;p=64401"},"modified":"2026-02-10T12:48:03","modified_gmt":"2026-02-10T09:48:03","slug":"paese-denim-mood-akiu-seseliu-palete","status":"publish","type":"product","link":"https:\/\/www.malinashop.lt\/en\/shop\/paese-denim-mood-akiu-seseliu-palete\/","title":{"rendered":"PAESE DENIM MOOD aki\u0173 \u0161e\u0161\u0117li\u0173 palet\u0117"},"content":{"rendered":"<p data-start=\"283\" data-end=\"608\"><strong data-start=\"283\" data-end=\"323\">PAESE aki\u0173 \u0161e\u0161\u0117li\u0173 palet\u0117 DENIM MOOD<\/strong> \u2013 tai kruop\u0161\u010diai suderint\u0173 spalv\u0173 rinkinys, leid\u017eiantis kurti tiek nat\u016bral\u0173 dienin\u012f, tiek ry\u0161k\u0173 vakarin\u012f makia\u017e\u0105. \u0160ioje palet\u0117je esan\u010dios modernios, tarpusavyje dera\u010dios spalvos suteiks neribotas galimybes i\u0161gauti norim\u0105 \u012fvaizd\u012f \u2013 nuo lengvo kasdienio iki intensyvaus d\u016bminio makia\u017eo.<\/p>\n<p data-start=\"610\" data-end=\"820\">Vegani\u0161ka ir \u0161velni \u0161e\u0161\u0117li\u0173 formul\u0117 suteikia glotn\u0173 padengim\u0105, ilgai i\u0161liekant\u012f rezultat\u0105 ir padeda puosel\u0117ti aki\u0173 vok\u0173 od\u0105. \u0160e\u0161\u0117liai lengvai mai\u0161osi tarpusavyje, nesubyra ir i\u0161lieka nepriekai\u0161tingi vis\u0105 dien\u0105.<\/p>\n<p data-start=\"822\" data-end=\"902\">Atraskite spalv\u0173 \u012fvairov\u0119 ir suteikite makia\u017eui nauj\u0173 atspalvi\u0173 kiekvien\u0105 dien\u0105!<\/p>\n<p data-start=\"904\" data-end=\"920\"><strong data-start=\"904\" data-end=\"914\">T\u016bris:<\/strong> 5,5 g<\/p>\n","protected":false},"excerpt":{"rendered":"<p data-start=\"963\" data-end=\"1163\">PAESE DENIM MOOD aki\u0173 \u0161e\u0161\u0117li\u0173 palet\u0117 \u2013 vegani\u0161k\u0173, tarpusavyje deran\u010di\u0173 atspalvi\u0173 rinkinys, skirtas tiek dieniniam, tiek vakariniam makia\u017eui. Lengvai dengiasi, ilgai i\u0161lieka ir puosel\u0117ja aki\u0173 vok\u0173 od\u0105.<\/p>\n","protected":false},"featured_media":64403,"template":"","meta":[],"product_brand":[1534],"product_cat":[525,102],"product_tag":[1614],"class_list":{"0":"post-64401","1":"product","2":"type-product","3":"status-publish","4":"has-post-thumbnail","6":"product_brand-paese","7":"product_cat-akiu-seseliai","8":"product_cat-dekoratyvine-kosmetika","9":"product_tag-paese","11":"first","12":"instock","13":"purchasable","14":"product-type-simple"},"yoast_head":"<!-- This site is optimized with the Yoast SEO plugin v27.4 - https:\/\/yoast.com\/product\/yoast-seo-wordpress\/ -->\n<title>PAESE DENIM MOOD aki\u0173 \u0161e\u0161\u0117li\u0173 palet\u0117 - MalinaShop.lt J\u016bs\u0173 sveikatai ir gro\u017eiui.<\/title>\n<meta name=\"description\" content=\"Vegani\u0161ka PAESE DENIM MOOD aki\u0173 \u0161e\u0161\u0117li\u0173 palet\u0117 \u2013 derantys atspalviai, skirti tiek dieniniam, tiek vakariniam makia\u017eui. Lengvai dengiasi ir ilgai i\u0161lieka.\" \/>\n<meta name=\"robots\" content=\"index, follow, max-snippet:-1, max-image-preview:large, max-video-preview:-1\" \/>\n<link rel=\"canonical\" href=\"https:\/\/www.malinashop.lt\/en\/shop\/paese-denim-mood-akiu-seseliu-palete\/\" \/>\n<meta property=\"og:locale\" content=\"en_GB\" \/>\n<meta property=\"og:type\" content=\"article\" \/>\n<meta property=\"og:title\" content=\"PAESE DENIM MOOD aki\u0173 \u0161e\u0161\u0117li\u0173 palet\u0117 - MalinaShop.lt J\u016bs\u0173 sveikatai ir gro\u017eiui.\" \/>\n<meta property=\"og:description\" content=\"Vegani\u0161ka PAESE DENIM MOOD aki\u0173 \u0161e\u0161\u0117li\u0173 palet\u0117 \u2013 derantys atspalviai, skirti tiek dieniniam, tiek vakariniam makia\u017eui. Lengvai dengiasi ir ilgai i\u0161lieka.\" \/>\n<meta property=\"og:url\" content=\"https:\/\/www.malinashop.lt\/en\/shop\/paese-denim-mood-akiu-seseliu-palete\/\" \/>\n<meta property=\"og:site_name\" content=\"MalinaShop.lt J\u016bs\u0173 sveikatai ir gro\u017eiui.\" \/>\n<meta property=\"article:modified_time\" content=\"2026-02-10T09:48:03+00:00\" \/>\n<meta property=\"og:image\" content=\"https:\/\/www.malinashop.lt\/wp-content\/uploads\/2025\/11\/paese-denim-mood-akiu-seseliu-palete-1.jpg\" \/>\n\t<meta property=\"og:image:width\" content=\"600\" \/>\n\t<meta property=\"og:image:height\" content=\"800\" \/>\n\t<meta property=\"og:image:type\" content=\"image\/jpeg\" \/>\n<meta name=\"twitter:card\" content=\"summary_large_image\" \/>\n<script type=\"application\/ld+json\" class=\"yoast-schema-graph\">{\"@context\":\"https:\\\/\\\/schema.org\",\"@graph\":[{\"@type\":\"WebPage\",\"@id\":\"https:\\\/\\\/www.malinashop.lt\\\/en\\\/shop\\\/paese-denim-mood-akiu-seseliu-palete\\\/\",\"url\":\"https:\\\/\\\/www.malinashop.lt\\\/en\\\/shop\\\/paese-denim-mood-akiu-seseliu-palete\\\/\",\"name\":\"PAESE DENIM MOOD aki\u0173 \u0161e\u0161\u0117li\u0173 palet\u0117 - MalinaShop.lt J\u016bs\u0173 sveikatai ir gro\u017eiui.\",\"isPartOf\":{\"@id\":\"https:\\\/\\\/www.malinashop.lt\\\/#website\"},\"primaryImageOfPage\":{\"@id\":\"https:\\\/\\\/www.malinashop.lt\\\/en\\\/shop\\\/paese-denim-mood-akiu-seseliu-palete\\\/#primaryimage\"},\"image\":{\"@id\":\"https:\\\/\\\/www.malinashop.lt\\\/en\\\/shop\\\/paese-denim-mood-akiu-seseliu-palete\\\/#primaryimage\"},\"thumbnailUrl\":\"https:\\\/\\\/www.malinashop.lt\\\/wp-content\\\/uploads\\\/2025\\\/11\\\/paese-denim-mood-akiu-seseliu-palete-1.jpg\",\"datePublished\":\"2025-11-24T15:27:53+00:00\",\"dateModified\":\"2026-02-10T09:48:03+00:00\",\"description\":\"Vegani\u0161ka PAESE DENIM MOOD aki\u0173 \u0161e\u0161\u0117li\u0173 palet\u0117 \u2013 derantys atspalviai, skirti tiek dieniniam, tiek vakariniam makia\u017eui. Lengvai dengiasi ir ilgai i\u0161lieka.\",\"breadcrumb\":{\"@id\":\"https:\\\/\\\/www.malinashop.lt\\\/en\\\/shop\\\/paese-denim-mood-akiu-seseliu-palete\\\/#breadcrumb\"},\"inLanguage\":\"en-GB\",\"potentialAction\":[{\"@type\":\"ReadAction\",\"target\":[\"https:\\\/\\\/www.malinashop.lt\\\/en\\\/shop\\\/paese-denim-mood-akiu-seseliu-palete\\\/\"]}]},{\"@type\":\"ImageObject\",\"inLanguage\":\"en-GB\",\"@id\":\"https:\\\/\\\/www.malinashop.lt\\\/en\\\/shop\\\/paese-denim-mood-akiu-seseliu-palete\\\/#primaryimage\",\"url\":\"https:\\\/\\\/www.malinashop.lt\\\/wp-content\\\/uploads\\\/2025\\\/11\\\/paese-denim-mood-akiu-seseliu-palete-1.jpg\",\"contentUrl\":\"https:\\\/\\\/www.malinashop.lt\\\/wp-content\\\/uploads\\\/2025\\\/11\\\/paese-denim-mood-akiu-seseliu-palete-1.jpg\",\"width\":600,\"height\":800},{\"@type\":\"BreadcrumbList\",\"@id\":\"https:\\\/\\\/www.malinashop.lt\\\/en\\\/shop\\\/paese-denim-mood-akiu-seseliu-palete\\\/#breadcrumb\",\"itemListElement\":[{\"@type\":\"ListItem\",\"position\":1,\"name\":\"Pagrindinis\",\"item\":\"https:\\\/\\\/www.malinashop.lt\\\/\"},{\"@type\":\"ListItem\",\"position\":2,\"name\":\"Parduotuv\u0117\",\"item\":\"https:\\\/\\\/www.malinashop.lt\\\/en\\\/parduotuve\\\/\"},{\"@type\":\"ListItem\",\"position\":3,\"name\":\"PAESE DENIM MOOD aki\u0173 \u0161e\u0161\u0117li\u0173 palet\u0117\"}]},{\"@type\":\"WebSite\",\"@id\":\"https:\\\/\\\/www.malinashop.lt\\\/#website\",\"url\":\"https:\\\/\\\/www.malinashop.lt\\\/\",\"name\":\"COM Group Ecommerce\",\"description\":\"MalinaShop.lt - Gro\u017eio ir sveikatos produktai i\u0161 patikim\u0173 preki\u0173 \u017eenkl\u0173. Atraskite auk\u0161tos kokyb\u0117s kosmetik\u0105 u\u017e puiki\u0105 kain\u0105.\",\"publisher\":{\"@id\":\"https:\\\/\\\/www.malinashop.lt\\\/#organization\"},\"potentialAction\":[{\"@type\":\"SearchAction\",\"target\":{\"@type\":\"EntryPoint\",\"urlTemplate\":\"https:\\\/\\\/www.malinashop.lt\\\/?s={search_term_string}\"},\"query-input\":{\"@type\":\"PropertyValueSpecification\",\"valueRequired\":true,\"valueName\":\"search_term_string\"}}],\"inLanguage\":\"en-GB\"},{\"@type\":\"Organization\",\"@id\":\"https:\\\/\\\/www.malinashop.lt\\\/#organization\",\"name\":\"COM Group Ecommerce\",\"url\":\"https:\\\/\\\/www.malinashop.lt\\\/\",\"logo\":{\"@type\":\"ImageObject\",\"inLanguage\":\"en-GB\",\"@id\":\"https:\\\/\\\/www.malinashop.lt\\\/#\\\/schema\\\/logo\\\/image\\\/\",\"url\":\"https:\\\/\\\/www.malinashop.lt\\\/wp-content\\\/uploads\\\/2024\\\/08\\\/462559670_3787732518133670_9795632669273463_n-e1731525914575.png\",\"contentUrl\":\"https:\\\/\\\/www.malinashop.lt\\\/wp-content\\\/uploads\\\/2024\\\/08\\\/462559670_3787732518133670_9795632669273463_n-e1731525914575.png\",\"width\":180,\"height\":60,\"caption\":\"COM Group Ecommerce\"},\"image\":{\"@id\":\"https:\\\/\\\/www.malinashop.lt\\\/#\\\/schema\\\/logo\\\/image\\\/\"}}]}<\/script>\n<!-- \/ Yoast SEO plugin. -->","yoast_head_json":{"title":"PAESE DENIM MOOD aki\u0173 \u0161e\u0161\u0117li\u0173 palet\u0117 - MalinaShop.lt J\u016bs\u0173 sveikatai ir gro\u017eiui.","description":"Vegani\u0161ka PAESE DENIM MOOD aki\u0173 \u0161e\u0161\u0117li\u0173 palet\u0117 \u2013 derantys atspalviai, skirti tiek dieniniam, tiek vakariniam makia\u017eui. Lengvai dengiasi ir ilgai i\u0161lieka.","robots":{"index":"index","follow":"follow","max-snippet":"max-snippet:-1","max-image-preview":"max-image-preview:large","max-video-preview":"max-video-preview:-1"},"canonical":"https:\/\/www.malinashop.lt\/en\/shop\/paese-denim-mood-akiu-seseliu-palete\/","og_locale":"en_GB","og_type":"article","og_title":"PAESE DENIM MOOD aki\u0173 \u0161e\u0161\u0117li\u0173 palet\u0117 - MalinaShop.lt J\u016bs\u0173 sveikatai ir gro\u017eiui.","og_description":"Vegani\u0161ka PAESE DENIM MOOD aki\u0173 \u0161e\u0161\u0117li\u0173 palet\u0117 \u2013 derantys atspalviai, skirti tiek dieniniam, tiek vakariniam makia\u017eui. Lengvai dengiasi ir ilgai i\u0161lieka.","og_url":"https:\/\/www.malinashop.lt\/en\/shop\/paese-denim-mood-akiu-seseliu-palete\/","og_site_name":"MalinaShop.lt J\u016bs\u0173 sveikatai ir gro\u017eiui.","article_modified_time":"2026-02-10T09:48:03+00:00","og_image":[{"width":600,"height":800,"url":"https:\/\/www.malinashop.lt\/wp-content\/uploads\/2025\/11\/paese-denim-mood-akiu-seseliu-palete-1.jpg","type":"image\/jpeg"}],"twitter_card":"summary_large_image","schema":{"@context":"https:\/\/schema.org","@graph":[{"@type":"WebPage","@id":"https:\/\/www.malinashop.lt\/en\/shop\/paese-denim-mood-akiu-seseliu-palete\/","url":"https:\/\/www.malinashop.lt\/en\/shop\/paese-denim-mood-akiu-seseliu-palete\/","name":"PAESE DENIM MOOD aki\u0173 \u0161e\u0161\u0117li\u0173 palet\u0117 - MalinaShop.lt J\u016bs\u0173 sveikatai ir gro\u017eiui.","isPartOf":{"@id":"https:\/\/www.malinashop.lt\/#website"},"primaryImageOfPage":{"@id":"https:\/\/www.malinashop.lt\/en\/shop\/paese-denim-mood-akiu-seseliu-palete\/#primaryimage"},"image":{"@id":"https:\/\/www.malinashop.lt\/en\/shop\/paese-denim-mood-akiu-seseliu-palete\/#primaryimage"},"thumbnailUrl":"https:\/\/www.malinashop.lt\/wp-content\/uploads\/2025\/11\/paese-denim-mood-akiu-seseliu-palete-1.jpg","datePublished":"2025-11-24T15:27:53+00:00","dateModified":"2026-02-10T09:48:03+00:00","description":"Vegani\u0161ka PAESE DENIM MOOD aki\u0173 \u0161e\u0161\u0117li\u0173 palet\u0117 \u2013 derantys atspalviai, skirti tiek dieniniam, tiek vakariniam makia\u017eui. Lengvai dengiasi ir ilgai i\u0161lieka.","breadcrumb":{"@id":"https:\/\/www.malinashop.lt\/en\/shop\/paese-denim-mood-akiu-seseliu-palete\/#breadcrumb"},"inLanguage":"en-GB","potentialAction":[{"@type":"ReadAction","target":["https:\/\/www.malinashop.lt\/en\/shop\/paese-denim-mood-akiu-seseliu-palete\/"]}]},{"@type":"ImageObject","inLanguage":"en-GB","@id":"https:\/\/www.malinashop.lt\/en\/shop\/paese-denim-mood-akiu-seseliu-palete\/#primaryimage","url":"https:\/\/www.malinashop.lt\/wp-content\/uploads\/2025\/11\/paese-denim-mood-akiu-seseliu-palete-1.jpg","contentUrl":"https:\/\/www.malinashop.lt\/wp-content\/uploads\/2025\/11\/paese-denim-mood-akiu-seseliu-palete-1.jpg","width":600,"height":800},{"@type":"BreadcrumbList","@id":"https:\/\/www.malinashop.lt\/en\/shop\/paese-denim-mood-akiu-seseliu-palete\/#breadcrumb","itemListElement":[{"@type":"ListItem","position":1,"name":"Pagrindinis","item":"https:\/\/www.malinashop.lt\/"},{"@type":"ListItem","position":2,"name":"Parduotuv\u0117","item":"https:\/\/www.malinashop.lt\/en\/parduotuve\/"},{"@type":"ListItem","position":3,"name":"PAESE DENIM MOOD aki\u0173 \u0161e\u0161\u0117li\u0173 palet\u0117"}]},{"@type":"WebSite","@id":"https:\/\/www.malinashop.lt\/#website","url":"https:\/\/www.malinashop.lt\/","name":"COM Group Ecommerce","description":"MalinaShop.lt - Gro\u017eio ir sveikatos produktai i\u0161 patikim\u0173 preki\u0173 \u017eenkl\u0173. Atraskite auk\u0161tos kokyb\u0117s kosmetik\u0105 u\u017e puiki\u0105 kain\u0105.","publisher":{"@id":"https:\/\/www.malinashop.lt\/#organization"},"potentialAction":[{"@type":"SearchAction","target":{"@type":"EntryPoint","urlTemplate":"https:\/\/www.malinashop.lt\/?s={search_term_string}"},"query-input":{"@type":"PropertyValueSpecification","valueRequired":true,"valueName":"search_term_string"}}],"inLanguage":"en-GB"},{"@type":"Organization","@id":"https:\/\/www.malinashop.lt\/#organization","name":"COM Group Ecommerce","url":"https:\/\/www.malinashop.lt\/","logo":{"@type":"ImageObject","inLanguage":"en-GB","@id":"https:\/\/www.malinashop.lt\/#\/schema\/logo\/image\/","url":"https:\/\/www.malinashop.lt\/wp-content\/uploads\/2024\/08\/462559670_3787732518133670_9795632669273463_n-e1731525914575.png","contentUrl":"https:\/\/www.malinashop.lt\/wp-content\/uploads\/2024\/08\/462559670_3787732518133670_9795632669273463_n-e1731525914575.png","width":180,"height":60,"caption":"COM Group Ecommerce"},"image":{"@id":"https:\/\/www.malinashop.lt\/#\/schema\/logo\/image\/"}}]}},"jetpack_sharing_enabled":true,"_links":{"self":[{"href":"https:\/\/www.malinashop.lt\/en\/wp-json\/wp\/v2\/product\/64401","targetHints":{"allow":["GET"]}}],"collection":[{"href":"https:\/\/www.malinashop.lt\/en\/wp-json\/wp\/v2\/product"}],"about":[{"href":"https:\/\/www.malinashop.lt\/en\/wp-json\/wp\/v2\/types\/product"}],"version-history":[{"count":2,"href":"https:\/\/www.malinashop.lt\/en\/wp-json\/wp\/v2\/product\/64401\/revisions"}],"predecessor-version":[{"id":72253,"href":"https:\/\/www.malinashop.lt\/en\/wp-json\/wp\/v2\/product\/64401\/revisions\/72253"}],"wp:featuredmedia":[{"embeddable":true,"href":"https:\/\/www.malinashop.lt\/en\/wp-json\/wp\/v2\/media\/64403"}],"wp:attachment":[{"href":"https:\/\/www.malinashop.lt\/en\/wp-json\/wp\/v2\/media?parent=64401"}],"wp:term":[{"taxonomy":"product_brand","embeddable":true,"href":"https:\/\/www.malinashop.lt\/en\/wp-json\/wp\/v2\/product_brand?post=64401"},{"taxonomy":"product_cat","embeddable":true,"href":"https:\/\/www.malinashop.lt\/en\/wp-json\/wp\/v2\/product_cat?post=64401"},{"taxonomy":"product_tag","embeddable":true,"href":"https:\/\/www.malinashop.lt\/en\/wp-json\/wp\/v2\/product_tag?post=64401"}],"curies":[{"name":"wp","href":"https:\/\/api.w.org\/{rel}","templated":true}]}}