{"id":64386,"date":"2025-11-24T18:27:30","date_gmt":"2025-11-24T15:27:30","guid":{"rendered":"https:\/\/malinashop.lt\/?post_type=product&#038;p=64386"},"modified":"2026-02-10T12:48:05","modified_gmt":"2026-02-10T09:48:05","slug":"paese-drekinantis-micelinis-vanduo","status":"publish","type":"product","link":"https:\/\/www.malinashop.lt\/en\/shop\/paese-drekinantis-micelinis-vanduo\/","title":{"rendered":"PAESE dr\u0117kinantis micelinis vanduo"},"content":{"rendered":"<p data-start=\"141\" data-end=\"394\">PAESE dr\u0117kinantis micelinis vanduo \u2013 tai \u0161velni, bet efektyvi veido odos valymo priemon\u0117, skirta kasdienei odos prie\u017ei\u016brai. Micelin\u0117 formul\u0117 greitai ir veiksmingai pa\u0161alina makia\u017e\u0105, ne\u0161varumus bei riebal\u0173 pertekli\u0173, nepa\u017eeisdama nat\u016bralaus odos balanso.<\/p>\n<p data-start=\"396\" data-end=\"691\">Priemon\u0117 praturtinta aktyviaisiais ingredientais, kurie dr\u0117kina, ramina ir padeda i\u0161laikyti odos komfort\u0105. Micelinis vanduo ne tik valo, bet ir gaivina od\u0105, suteikdamas jai \u0161velnumo bei gaivumo poj\u016bt\u012f. Tinka naudoti veidui, akims ir l\u016bpoms, nepalieka lipnumo poj\u016b\u010dio ir nereikalauja nuskalavimo.<\/p>\n<p data-start=\"693\" data-end=\"741\">Puikiai tinka vis\u0173 tip\u0173 odai, \u012fskaitant jautri\u0105.<\/p>\n","protected":false},"excerpt":{"rendered":"<p data-start=\"783\" data-end=\"930\">Dr\u0117kinantis micelinis vanduo su aktyviaisiais ingredientais \u0161velniai valo od\u0105, pa\u0161alina makia\u017e\u0105 ir ne\u0161varumus, dr\u0117kina bei suteikia gaivumo poj\u016bt\u012f.<\/p>\n","protected":false},"featured_media":64388,"template":"","meta":[],"product_brand":[1534],"product_cat":[537,728],"product_tag":[1614],"class_list":{"0":"post-64386","1":"product","2":"type-product","3":"status-publish","4":"has-post-thumbnail","6":"product_brand-paese","7":"product_cat-veido-valymo-priemones","8":"product_cat-veidui","9":"product_tag-paese","11":"first","12":"instock","13":"purchasable","14":"product-type-simple"},"yoast_head":"<!-- This site is optimized with the Yoast SEO plugin v27.4 - https:\/\/yoast.com\/product\/yoast-seo-wordpress\/ -->\n<title>PAESE dr\u0117kinantis micelinis vanduo - MalinaShop.lt J\u016bs\u0173 sveikatai ir gro\u017eiui.<\/title>\n<meta name=\"description\" content=\"PAESE dr\u0117kinantis micelinis vanduo \u0161velniai valo, pa\u0161alina makia\u017e\u0105 ir dr\u0117kina od\u0105. Tinka vis\u0173 tip\u0173 odai, kasdieniam naudojimui.\" \/>\n<meta name=\"robots\" content=\"index, follow, max-snippet:-1, max-image-preview:large, max-video-preview:-1\" \/>\n<link rel=\"canonical\" href=\"https:\/\/www.malinashop.lt\/en\/shop\/paese-drekinantis-micelinis-vanduo\/\" \/>\n<meta property=\"og:locale\" content=\"en_GB\" \/>\n<meta property=\"og:type\" content=\"article\" \/>\n<meta property=\"og:title\" content=\"PAESE dr\u0117kinantis micelinis vanduo - MalinaShop.lt J\u016bs\u0173 sveikatai ir gro\u017eiui.\" \/>\n<meta property=\"og:description\" content=\"PAESE dr\u0117kinantis micelinis vanduo \u0161velniai valo, pa\u0161alina makia\u017e\u0105 ir dr\u0117kina od\u0105. Tinka vis\u0173 tip\u0173 odai, kasdieniam naudojimui.\" \/>\n<meta property=\"og:url\" content=\"https:\/\/www.malinashop.lt\/en\/shop\/paese-drekinantis-micelinis-vanduo\/\" \/>\n<meta property=\"og:site_name\" content=\"MalinaShop.lt J\u016bs\u0173 sveikatai ir gro\u017eiui.\" \/>\n<meta property=\"article:modified_time\" content=\"2026-02-10T09:48:05+00:00\" \/>\n<meta property=\"og:image\" content=\"https:\/\/www.malinashop.lt\/wp-content\/uploads\/2025\/11\/paese-drekinantis-micelinis-vanduo.jpg\" \/>\n\t<meta property=\"og:image:width\" content=\"1000\" \/>\n\t<meta property=\"og:image:height\" content=\"1000\" \/>\n\t<meta property=\"og:image:type\" content=\"image\/jpeg\" \/>\n<meta name=\"twitter:card\" content=\"summary_large_image\" \/>\n<script type=\"application\/ld+json\" class=\"yoast-schema-graph\">{\"@context\":\"https:\\\/\\\/schema.org\",\"@graph\":[{\"@type\":\"WebPage\",\"@id\":\"https:\\\/\\\/www.malinashop.lt\\\/lt_lt\\\/shop\\\/paese-drekinantis-micelinis-vanduo\\\/\",\"url\":\"https:\\\/\\\/www.malinashop.lt\\\/lt_lt\\\/shop\\\/paese-drekinantis-micelinis-vanduo\\\/\",\"name\":\"PAESE dr\u0117kinantis micelinis vanduo - MalinaShop.lt J\u016bs\u0173 sveikatai ir gro\u017eiui.\",\"isPartOf\":{\"@id\":\"https:\\\/\\\/www.malinashop.lt\\\/#website\"},\"primaryImageOfPage\":{\"@id\":\"https:\\\/\\\/www.malinashop.lt\\\/lt_lt\\\/shop\\\/paese-drekinantis-micelinis-vanduo\\\/#primaryimage\"},\"image\":{\"@id\":\"https:\\\/\\\/www.malinashop.lt\\\/lt_lt\\\/shop\\\/paese-drekinantis-micelinis-vanduo\\\/#primaryimage\"},\"thumbnailUrl\":\"https:\\\/\\\/www.malinashop.lt\\\/wp-content\\\/uploads\\\/2025\\\/11\\\/paese-drekinantis-micelinis-vanduo.jpg\",\"datePublished\":\"2025-11-24T15:27:30+00:00\",\"dateModified\":\"2026-02-10T09:48:05+00:00\",\"description\":\"PAESE dr\u0117kinantis micelinis vanduo \u0161velniai valo, pa\u0161alina makia\u017e\u0105 ir dr\u0117kina od\u0105. Tinka vis\u0173 tip\u0173 odai, kasdieniam naudojimui.\",\"breadcrumb\":{\"@id\":\"https:\\\/\\\/www.malinashop.lt\\\/lt_lt\\\/shop\\\/paese-drekinantis-micelinis-vanduo\\\/#breadcrumb\"},\"inLanguage\":\"en-GB\",\"potentialAction\":[{\"@type\":\"ReadAction\",\"target\":[\"https:\\\/\\\/www.malinashop.lt\\\/lt_lt\\\/shop\\\/paese-drekinantis-micelinis-vanduo\\\/\"]}]},{\"@type\":\"ImageObject\",\"inLanguage\":\"en-GB\",\"@id\":\"https:\\\/\\\/www.malinashop.lt\\\/lt_lt\\\/shop\\\/paese-drekinantis-micelinis-vanduo\\\/#primaryimage\",\"url\":\"https:\\\/\\\/www.malinashop.lt\\\/wp-content\\\/uploads\\\/2025\\\/11\\\/paese-drekinantis-micelinis-vanduo.jpg\",\"contentUrl\":\"https:\\\/\\\/www.malinashop.lt\\\/wp-content\\\/uploads\\\/2025\\\/11\\\/paese-drekinantis-micelinis-vanduo.jpg\",\"width\":1000,\"height\":1000},{\"@type\":\"BreadcrumbList\",\"@id\":\"https:\\\/\\\/www.malinashop.lt\\\/lt_lt\\\/shop\\\/paese-drekinantis-micelinis-vanduo\\\/#breadcrumb\",\"itemListElement\":[{\"@type\":\"ListItem\",\"position\":1,\"name\":\"Pagrindinis\",\"item\":\"https:\\\/\\\/www.malinashop.lt\\\/\"},{\"@type\":\"ListItem\",\"position\":2,\"name\":\"Parduotuv\u0117\",\"item\":\"https:\\\/\\\/www.malinashop.lt\\\/en\\\/parduotuve\\\/\"},{\"@type\":\"ListItem\",\"position\":3,\"name\":\"PAESE dr\u0117kinantis micelinis vanduo\"}]},{\"@type\":\"WebSite\",\"@id\":\"https:\\\/\\\/www.malinashop.lt\\\/#website\",\"url\":\"https:\\\/\\\/www.malinashop.lt\\\/\",\"name\":\"COM Group Ecommerce\",\"description\":\"MalinaShop.lt - Gro\u017eio ir sveikatos produktai i\u0161 patikim\u0173 preki\u0173 \u017eenkl\u0173. Atraskite auk\u0161tos kokyb\u0117s kosmetik\u0105 u\u017e puiki\u0105 kain\u0105.\",\"publisher\":{\"@id\":\"https:\\\/\\\/www.malinashop.lt\\\/#organization\"},\"potentialAction\":[{\"@type\":\"SearchAction\",\"target\":{\"@type\":\"EntryPoint\",\"urlTemplate\":\"https:\\\/\\\/www.malinashop.lt\\\/?s={search_term_string}\"},\"query-input\":{\"@type\":\"PropertyValueSpecification\",\"valueRequired\":true,\"valueName\":\"search_term_string\"}}],\"inLanguage\":\"en-GB\"},{\"@type\":\"Organization\",\"@id\":\"https:\\\/\\\/www.malinashop.lt\\\/#organization\",\"name\":\"COM Group Ecommerce\",\"url\":\"https:\\\/\\\/www.malinashop.lt\\\/\",\"logo\":{\"@type\":\"ImageObject\",\"inLanguage\":\"en-GB\",\"@id\":\"https:\\\/\\\/www.malinashop.lt\\\/#\\\/schema\\\/logo\\\/image\\\/\",\"url\":\"https:\\\/\\\/www.malinashop.lt\\\/wp-content\\\/uploads\\\/2024\\\/08\\\/462559670_3787732518133670_9795632669273463_n-e1731525914575.png\",\"contentUrl\":\"https:\\\/\\\/www.malinashop.lt\\\/wp-content\\\/uploads\\\/2024\\\/08\\\/462559670_3787732518133670_9795632669273463_n-e1731525914575.png\",\"width\":180,\"height\":60,\"caption\":\"COM Group Ecommerce\"},\"image\":{\"@id\":\"https:\\\/\\\/www.malinashop.lt\\\/#\\\/schema\\\/logo\\\/image\\\/\"}}]}<\/script>\n<!-- \/ Yoast SEO plugin. -->","yoast_head_json":{"title":"PAESE dr\u0117kinantis micelinis vanduo - MalinaShop.lt J\u016bs\u0173 sveikatai ir gro\u017eiui.","description":"PAESE dr\u0117kinantis micelinis vanduo \u0161velniai valo, pa\u0161alina makia\u017e\u0105 ir dr\u0117kina od\u0105. Tinka vis\u0173 tip\u0173 odai, kasdieniam naudojimui.","robots":{"index":"index","follow":"follow","max-snippet":"max-snippet:-1","max-image-preview":"max-image-preview:large","max-video-preview":"max-video-preview:-1"},"canonical":"https:\/\/www.malinashop.lt\/en\/shop\/paese-drekinantis-micelinis-vanduo\/","og_locale":"en_GB","og_type":"article","og_title":"PAESE dr\u0117kinantis micelinis vanduo - MalinaShop.lt J\u016bs\u0173 sveikatai ir gro\u017eiui.","og_description":"PAESE dr\u0117kinantis micelinis vanduo \u0161velniai valo, pa\u0161alina makia\u017e\u0105 ir dr\u0117kina od\u0105. Tinka vis\u0173 tip\u0173 odai, kasdieniam naudojimui.","og_url":"https:\/\/www.malinashop.lt\/en\/shop\/paese-drekinantis-micelinis-vanduo\/","og_site_name":"MalinaShop.lt J\u016bs\u0173 sveikatai ir gro\u017eiui.","article_modified_time":"2026-02-10T09:48:05+00:00","og_image":[{"width":1000,"height":1000,"url":"https:\/\/www.malinashop.lt\/wp-content\/uploads\/2025\/11\/paese-drekinantis-micelinis-vanduo.jpg","type":"image\/jpeg"}],"twitter_card":"summary_large_image","schema":{"@context":"https:\/\/schema.org","@graph":[{"@type":"WebPage","@id":"https:\/\/www.malinashop.lt\/lt_lt\/shop\/paese-drekinantis-micelinis-vanduo\/","url":"https:\/\/www.malinashop.lt\/lt_lt\/shop\/paese-drekinantis-micelinis-vanduo\/","name":"PAESE dr\u0117kinantis micelinis vanduo - MalinaShop.lt J\u016bs\u0173 sveikatai ir gro\u017eiui.","isPartOf":{"@id":"https:\/\/www.malinashop.lt\/#website"},"primaryImageOfPage":{"@id":"https:\/\/www.malinashop.lt\/lt_lt\/shop\/paese-drekinantis-micelinis-vanduo\/#primaryimage"},"image":{"@id":"https:\/\/www.malinashop.lt\/lt_lt\/shop\/paese-drekinantis-micelinis-vanduo\/#primaryimage"},"thumbnailUrl":"https:\/\/www.malinashop.lt\/wp-content\/uploads\/2025\/11\/paese-drekinantis-micelinis-vanduo.jpg","datePublished":"2025-11-24T15:27:30+00:00","dateModified":"2026-02-10T09:48:05+00:00","description":"PAESE dr\u0117kinantis micelinis vanduo \u0161velniai valo, pa\u0161alina makia\u017e\u0105 ir dr\u0117kina od\u0105. Tinka vis\u0173 tip\u0173 odai, kasdieniam naudojimui.","breadcrumb":{"@id":"https:\/\/www.malinashop.lt\/lt_lt\/shop\/paese-drekinantis-micelinis-vanduo\/#breadcrumb"},"inLanguage":"en-GB","potentialAction":[{"@type":"ReadAction","target":["https:\/\/www.malinashop.lt\/lt_lt\/shop\/paese-drekinantis-micelinis-vanduo\/"]}]},{"@type":"ImageObject","inLanguage":"en-GB","@id":"https:\/\/www.malinashop.lt\/lt_lt\/shop\/paese-drekinantis-micelinis-vanduo\/#primaryimage","url":"https:\/\/www.malinashop.lt\/wp-content\/uploads\/2025\/11\/paese-drekinantis-micelinis-vanduo.jpg","contentUrl":"https:\/\/www.malinashop.lt\/wp-content\/uploads\/2025\/11\/paese-drekinantis-micelinis-vanduo.jpg","width":1000,"height":1000},{"@type":"BreadcrumbList","@id":"https:\/\/www.malinashop.lt\/lt_lt\/shop\/paese-drekinantis-micelinis-vanduo\/#breadcrumb","itemListElement":[{"@type":"ListItem","position":1,"name":"Pagrindinis","item":"https:\/\/www.malinashop.lt\/"},{"@type":"ListItem","position":2,"name":"Parduotuv\u0117","item":"https:\/\/www.malinashop.lt\/en\/parduotuve\/"},{"@type":"ListItem","position":3,"name":"PAESE dr\u0117kinantis micelinis vanduo"}]},{"@type":"WebSite","@id":"https:\/\/www.malinashop.lt\/#website","url":"https:\/\/www.malinashop.lt\/","name":"COM Group Ecommerce","description":"MalinaShop.lt - Gro\u017eio ir sveikatos produktai i\u0161 patikim\u0173 preki\u0173 \u017eenkl\u0173. Atraskite auk\u0161tos kokyb\u0117s kosmetik\u0105 u\u017e puiki\u0105 kain\u0105.","publisher":{"@id":"https:\/\/www.malinashop.lt\/#organization"},"potentialAction":[{"@type":"SearchAction","target":{"@type":"EntryPoint","urlTemplate":"https:\/\/www.malinashop.lt\/?s={search_term_string}"},"query-input":{"@type":"PropertyValueSpecification","valueRequired":true,"valueName":"search_term_string"}}],"inLanguage":"en-GB"},{"@type":"Organization","@id":"https:\/\/www.malinashop.lt\/#organization","name":"COM Group Ecommerce","url":"https:\/\/www.malinashop.lt\/","logo":{"@type":"ImageObject","inLanguage":"en-GB","@id":"https:\/\/www.malinashop.lt\/#\/schema\/logo\/image\/","url":"https:\/\/www.malinashop.lt\/wp-content\/uploads\/2024\/08\/462559670_3787732518133670_9795632669273463_n-e1731525914575.png","contentUrl":"https:\/\/www.malinashop.lt\/wp-content\/uploads\/2024\/08\/462559670_3787732518133670_9795632669273463_n-e1731525914575.png","width":180,"height":60,"caption":"COM Group Ecommerce"},"image":{"@id":"https:\/\/www.malinashop.lt\/#\/schema\/logo\/image\/"}}]}},"jetpack_sharing_enabled":true,"_links":{"self":[{"href":"https:\/\/www.malinashop.lt\/en\/wp-json\/wp\/v2\/product\/64386","targetHints":{"allow":["GET"]}}],"collection":[{"href":"https:\/\/www.malinashop.lt\/en\/wp-json\/wp\/v2\/product"}],"about":[{"href":"https:\/\/www.malinashop.lt\/en\/wp-json\/wp\/v2\/types\/product"}],"version-history":[{"count":2,"href":"https:\/\/www.malinashop.lt\/en\/wp-json\/wp\/v2\/product\/64386\/revisions"}],"predecessor-version":[{"id":72293,"href":"https:\/\/www.malinashop.lt\/en\/wp-json\/wp\/v2\/product\/64386\/revisions\/72293"}],"wp:featuredmedia":[{"embeddable":true,"href":"https:\/\/www.malinashop.lt\/en\/wp-json\/wp\/v2\/media\/64388"}],"wp:attachment":[{"href":"https:\/\/www.malinashop.lt\/en\/wp-json\/wp\/v2\/media?parent=64386"}],"wp:term":[{"taxonomy":"product_brand","embeddable":true,"href":"https:\/\/www.malinashop.lt\/en\/wp-json\/wp\/v2\/product_brand?post=64386"},{"taxonomy":"product_cat","embeddable":true,"href":"https:\/\/www.malinashop.lt\/en\/wp-json\/wp\/v2\/product_cat?post=64386"},{"taxonomy":"product_tag","embeddable":true,"href":"https:\/\/www.malinashop.lt\/en\/wp-json\/wp\/v2\/product_tag?post=64386"}],"curies":[{"name":"wp","href":"https:\/\/api.w.org\/{rel}","templated":true}]}}