{"id":64352,"date":"2025-11-24T18:27:30","date_gmt":"2025-11-24T15:27:30","guid":{"rendered":"https:\/\/malinashop.lt\/?post_type=product&#038;p=64352"},"modified":"2026-02-10T12:48:04","modified_gmt":"2026-02-10T09:48:04","slug":"paese-02b-kreminiai-skaistalai-4g","status":"publish","type":"product","link":"https:\/\/www.malinashop.lt\/en\/shop\/paese-02b-kreminiai-skaistalai-4g\/","title":{"rendered":"PAESE 02B kreminiai skaistalai, 4g"},"content":{"rendered":"<div class=\"cs__product-section container\">\n<p data-start=\"133\" data-end=\"429\"><strong data-start=\"133\" data-end=\"172\">PAESE kreminiai skaistalai 02B, 4 g<\/strong> \u2013 tai lengvos, kremin\u0117s konsistencijos skaistalai, sukurti norint suteikti veidui nat\u016bral\u0173 gaivum\u0105 ir subtil\u0173 kont\u016bravimo efekt\u0105. \u0160i priemon\u0117 padeda i\u0161gauti \u0161velniai \u012fdegusios odos \u012fsp\u016bd\u012f bei i\u0161ry\u0161kinti veido bruo\u017eus, i\u0161laikant tolyg\u0173 ir skland\u0173 padengim\u0105.<\/p>\n<p data-start=\"431\" data-end=\"628\">Kremin\u0117 tekst\u016bra lengvai sklaidosi, nesausina odos ir nesub\u0117ga \u012f rauk\u0161leles ar d\u0117meles. Skaistalai puikiai tinka tiek kasdieniam, tiek ry\u0161kesniam makia\u017eui, o rezultatu gal\u0117site m\u0117gautis vis\u0105 dien\u0105.<\/p>\n<p data-start=\"630\" data-end=\"890\"><strong data-start=\"630\" data-end=\"647\">Kaip naudoti?<\/strong><br data-start=\"647\" data-end=\"650\" \/>Naudokite kempin\u0117l\u0119, teptuk\u0105 arba pir\u0161tus. Tepkite ant skruostikauli\u0173, kaktos \u0161on\u0173, \u017eandikaulio linijos ar kit\u0173 sri\u010di\u0173, kur norite sukurti \u0161iltesn\u012f, saul\u0117s nubu\u010diuotos odos efekt\u0105. Lengvai sluoksniuokite, jei norite intensyvesnio rezultato.<\/p>\n<p data-start=\"892\" data-end=\"906\"><strong data-start=\"892\" data-end=\"902\">T\u016bris:<\/strong> 4 g<\/p>\n<\/div>\n","protected":false},"excerpt":{"rendered":"<p data-start=\"947\" data-end=\"1143\">Lengvos tekst\u016bros <strong data-start=\"965\" data-end=\"999\">PAESE kreminiai skaistalai 02B<\/strong> suteikia nat\u016bral\u0173 gaivum\u0105, subtil\u0173 kont\u016br\u0105 ir \u0161velniai \u012fdegusios odos efekt\u0105. Puikiai sklaidosi, nei\u0161ry\u0161kina saus\u0173 viet\u0173 ir i\u0161lieka vis\u0105 dien\u0105.<\/p>\n","protected":false},"featured_media":64354,"template":"","meta":[],"product_brand":[1534],"product_cat":[102,526],"product_tag":[1614],"class_list":{"0":"post-64352","1":"product","2":"type-product","3":"status-publish","4":"has-post-thumbnail","6":"product_brand-paese","7":"product_cat-dekoratyvine-kosmetika","8":"product_cat-skaistalai","9":"product_tag-paese","11":"first","12":"instock","13":"purchasable","14":"product-type-simple"},"yoast_head":"<!-- This site is optimized with the Yoast SEO plugin v27.4 - https:\/\/yoast.com\/product\/yoast-seo-wordpress\/ -->\n<title>PAESE 02B kreminiai skaistalai, 4g - MalinaShop.lt J\u016bs\u0173 sveikatai ir gro\u017eiui.<\/title>\n<meta name=\"description\" content=\"PAESE kreminiai skaistalai 02B \u2013 lengvos tekst\u016bros skaistalai, suteikiantys nat\u016bral\u0173 gaivum\u0105 ir subtil\u0173 kont\u016bravim\u0105. Puikiai sklaidosi.\" \/>\n<meta name=\"robots\" content=\"index, follow, max-snippet:-1, max-image-preview:large, max-video-preview:-1\" \/>\n<link rel=\"canonical\" href=\"https:\/\/www.malinashop.lt\/en\/shop\/paese-02b-kreminiai-skaistalai-4g\/\" \/>\n<meta property=\"og:locale\" content=\"en_GB\" \/>\n<meta property=\"og:type\" content=\"article\" \/>\n<meta property=\"og:title\" content=\"PAESE 02B kreminiai skaistalai, 4g - MalinaShop.lt J\u016bs\u0173 sveikatai ir gro\u017eiui.\" \/>\n<meta property=\"og:description\" content=\"PAESE kreminiai skaistalai 02B \u2013 lengvos tekst\u016bros skaistalai, suteikiantys nat\u016bral\u0173 gaivum\u0105 ir subtil\u0173 kont\u016bravim\u0105. Puikiai sklaidosi.\" \/>\n<meta property=\"og:url\" content=\"https:\/\/www.malinashop.lt\/en\/shop\/paese-02b-kreminiai-skaistalai-4g\/\" \/>\n<meta property=\"og:site_name\" content=\"MalinaShop.lt J\u016bs\u0173 sveikatai ir gro\u017eiui.\" \/>\n<meta property=\"article:modified_time\" content=\"2026-02-10T09:48:04+00:00\" \/>\n<meta property=\"og:image\" content=\"https:\/\/www.malinashop.lt\/wp-content\/uploads\/2025\/11\/paese-kreminiai-skaistalai-2-2.jpg\" \/>\n\t<meta property=\"og:image:width\" content=\"1000\" \/>\n\t<meta property=\"og:image:height\" content=\"1000\" \/>\n\t<meta property=\"og:image:type\" content=\"image\/jpeg\" \/>\n<meta name=\"twitter:card\" content=\"summary_large_image\" \/>\n<script type=\"application\/ld+json\" class=\"yoast-schema-graph\">{\"@context\":\"https:\\\/\\\/schema.org\",\"@graph\":[{\"@type\":\"WebPage\",\"@id\":\"https:\\\/\\\/www.malinashop.lt\\\/en\\\/shop\\\/paese-02b-kreminiai-skaistalai-4g\\\/\",\"url\":\"https:\\\/\\\/www.malinashop.lt\\\/en\\\/shop\\\/paese-02b-kreminiai-skaistalai-4g\\\/\",\"name\":\"PAESE 02B kreminiai skaistalai, 4g - MalinaShop.lt J\u016bs\u0173 sveikatai ir gro\u017eiui.\",\"isPartOf\":{\"@id\":\"https:\\\/\\\/www.malinashop.lt\\\/#website\"},\"primaryImageOfPage\":{\"@id\":\"https:\\\/\\\/www.malinashop.lt\\\/en\\\/shop\\\/paese-02b-kreminiai-skaistalai-4g\\\/#primaryimage\"},\"image\":{\"@id\":\"https:\\\/\\\/www.malinashop.lt\\\/en\\\/shop\\\/paese-02b-kreminiai-skaistalai-4g\\\/#primaryimage\"},\"thumbnailUrl\":\"https:\\\/\\\/www.malinashop.lt\\\/wp-content\\\/uploads\\\/2025\\\/11\\\/paese-kreminiai-skaistalai-2-2.jpg\",\"datePublished\":\"2025-11-24T15:27:30+00:00\",\"dateModified\":\"2026-02-10T09:48:04+00:00\",\"description\":\"PAESE kreminiai skaistalai 02B \u2013 lengvos tekst\u016bros skaistalai, suteikiantys nat\u016bral\u0173 gaivum\u0105 ir subtil\u0173 kont\u016bravim\u0105. Puikiai sklaidosi.\",\"breadcrumb\":{\"@id\":\"https:\\\/\\\/www.malinashop.lt\\\/en\\\/shop\\\/paese-02b-kreminiai-skaistalai-4g\\\/#breadcrumb\"},\"inLanguage\":\"en-GB\",\"potentialAction\":[{\"@type\":\"ReadAction\",\"target\":[\"https:\\\/\\\/www.malinashop.lt\\\/en\\\/shop\\\/paese-02b-kreminiai-skaistalai-4g\\\/\"]}]},{\"@type\":\"ImageObject\",\"inLanguage\":\"en-GB\",\"@id\":\"https:\\\/\\\/www.malinashop.lt\\\/en\\\/shop\\\/paese-02b-kreminiai-skaistalai-4g\\\/#primaryimage\",\"url\":\"https:\\\/\\\/www.malinashop.lt\\\/wp-content\\\/uploads\\\/2025\\\/11\\\/paese-kreminiai-skaistalai-2-2.jpg\",\"contentUrl\":\"https:\\\/\\\/www.malinashop.lt\\\/wp-content\\\/uploads\\\/2025\\\/11\\\/paese-kreminiai-skaistalai-2-2.jpg\",\"width\":1000,\"height\":1000},{\"@type\":\"BreadcrumbList\",\"@id\":\"https:\\\/\\\/www.malinashop.lt\\\/en\\\/shop\\\/paese-02b-kreminiai-skaistalai-4g\\\/#breadcrumb\",\"itemListElement\":[{\"@type\":\"ListItem\",\"position\":1,\"name\":\"Pagrindinis\",\"item\":\"https:\\\/\\\/www.malinashop.lt\\\/\"},{\"@type\":\"ListItem\",\"position\":2,\"name\":\"Parduotuv\u0117\",\"item\":\"https:\\\/\\\/www.malinashop.lt\\\/en\\\/parduotuve\\\/\"},{\"@type\":\"ListItem\",\"position\":3,\"name\":\"PAESE 02B kreminiai skaistalai, 4g\"}]},{\"@type\":\"WebSite\",\"@id\":\"https:\\\/\\\/www.malinashop.lt\\\/#website\",\"url\":\"https:\\\/\\\/www.malinashop.lt\\\/\",\"name\":\"COM Group Ecommerce\",\"description\":\"MalinaShop.lt - Gro\u017eio ir sveikatos produktai i\u0161 patikim\u0173 preki\u0173 \u017eenkl\u0173. Atraskite auk\u0161tos kokyb\u0117s kosmetik\u0105 u\u017e puiki\u0105 kain\u0105.\",\"publisher\":{\"@id\":\"https:\\\/\\\/www.malinashop.lt\\\/#organization\"},\"potentialAction\":[{\"@type\":\"SearchAction\",\"target\":{\"@type\":\"EntryPoint\",\"urlTemplate\":\"https:\\\/\\\/www.malinashop.lt\\\/?s={search_term_string}\"},\"query-input\":{\"@type\":\"PropertyValueSpecification\",\"valueRequired\":true,\"valueName\":\"search_term_string\"}}],\"inLanguage\":\"en-GB\"},{\"@type\":\"Organization\",\"@id\":\"https:\\\/\\\/www.malinashop.lt\\\/#organization\",\"name\":\"COM Group Ecommerce\",\"url\":\"https:\\\/\\\/www.malinashop.lt\\\/\",\"logo\":{\"@type\":\"ImageObject\",\"inLanguage\":\"en-GB\",\"@id\":\"https:\\\/\\\/www.malinashop.lt\\\/#\\\/schema\\\/logo\\\/image\\\/\",\"url\":\"https:\\\/\\\/www.malinashop.lt\\\/wp-content\\\/uploads\\\/2024\\\/08\\\/462559670_3787732518133670_9795632669273463_n-e1731525914575.png\",\"contentUrl\":\"https:\\\/\\\/www.malinashop.lt\\\/wp-content\\\/uploads\\\/2024\\\/08\\\/462559670_3787732518133670_9795632669273463_n-e1731525914575.png\",\"width\":180,\"height\":60,\"caption\":\"COM Group Ecommerce\"},\"image\":{\"@id\":\"https:\\\/\\\/www.malinashop.lt\\\/#\\\/schema\\\/logo\\\/image\\\/\"}}]}<\/script>\n<!-- \/ Yoast SEO plugin. -->","yoast_head_json":{"title":"PAESE 02B kreminiai skaistalai, 4g - MalinaShop.lt J\u016bs\u0173 sveikatai ir gro\u017eiui.","description":"PAESE kreminiai skaistalai 02B \u2013 lengvos tekst\u016bros skaistalai, suteikiantys nat\u016bral\u0173 gaivum\u0105 ir subtil\u0173 kont\u016bravim\u0105. Puikiai sklaidosi.","robots":{"index":"index","follow":"follow","max-snippet":"max-snippet:-1","max-image-preview":"max-image-preview:large","max-video-preview":"max-video-preview:-1"},"canonical":"https:\/\/www.malinashop.lt\/en\/shop\/paese-02b-kreminiai-skaistalai-4g\/","og_locale":"en_GB","og_type":"article","og_title":"PAESE 02B kreminiai skaistalai, 4g - MalinaShop.lt J\u016bs\u0173 sveikatai ir gro\u017eiui.","og_description":"PAESE kreminiai skaistalai 02B \u2013 lengvos tekst\u016bros skaistalai, suteikiantys nat\u016bral\u0173 gaivum\u0105 ir subtil\u0173 kont\u016bravim\u0105. Puikiai sklaidosi.","og_url":"https:\/\/www.malinashop.lt\/en\/shop\/paese-02b-kreminiai-skaistalai-4g\/","og_site_name":"MalinaShop.lt J\u016bs\u0173 sveikatai ir gro\u017eiui.","article_modified_time":"2026-02-10T09:48:04+00:00","og_image":[{"width":1000,"height":1000,"url":"https:\/\/www.malinashop.lt\/wp-content\/uploads\/2025\/11\/paese-kreminiai-skaistalai-2-2.jpg","type":"image\/jpeg"}],"twitter_card":"summary_large_image","schema":{"@context":"https:\/\/schema.org","@graph":[{"@type":"WebPage","@id":"https:\/\/www.malinashop.lt\/en\/shop\/paese-02b-kreminiai-skaistalai-4g\/","url":"https:\/\/www.malinashop.lt\/en\/shop\/paese-02b-kreminiai-skaistalai-4g\/","name":"PAESE 02B kreminiai skaistalai, 4g - MalinaShop.lt J\u016bs\u0173 sveikatai ir gro\u017eiui.","isPartOf":{"@id":"https:\/\/www.malinashop.lt\/#website"},"primaryImageOfPage":{"@id":"https:\/\/www.malinashop.lt\/en\/shop\/paese-02b-kreminiai-skaistalai-4g\/#primaryimage"},"image":{"@id":"https:\/\/www.malinashop.lt\/en\/shop\/paese-02b-kreminiai-skaistalai-4g\/#primaryimage"},"thumbnailUrl":"https:\/\/www.malinashop.lt\/wp-content\/uploads\/2025\/11\/paese-kreminiai-skaistalai-2-2.jpg","datePublished":"2025-11-24T15:27:30+00:00","dateModified":"2026-02-10T09:48:04+00:00","description":"PAESE kreminiai skaistalai 02B \u2013 lengvos tekst\u016bros skaistalai, suteikiantys nat\u016bral\u0173 gaivum\u0105 ir subtil\u0173 kont\u016bravim\u0105. Puikiai sklaidosi.","breadcrumb":{"@id":"https:\/\/www.malinashop.lt\/en\/shop\/paese-02b-kreminiai-skaistalai-4g\/#breadcrumb"},"inLanguage":"en-GB","potentialAction":[{"@type":"ReadAction","target":["https:\/\/www.malinashop.lt\/en\/shop\/paese-02b-kreminiai-skaistalai-4g\/"]}]},{"@type":"ImageObject","inLanguage":"en-GB","@id":"https:\/\/www.malinashop.lt\/en\/shop\/paese-02b-kreminiai-skaistalai-4g\/#primaryimage","url":"https:\/\/www.malinashop.lt\/wp-content\/uploads\/2025\/11\/paese-kreminiai-skaistalai-2-2.jpg","contentUrl":"https:\/\/www.malinashop.lt\/wp-content\/uploads\/2025\/11\/paese-kreminiai-skaistalai-2-2.jpg","width":1000,"height":1000},{"@type":"BreadcrumbList","@id":"https:\/\/www.malinashop.lt\/en\/shop\/paese-02b-kreminiai-skaistalai-4g\/#breadcrumb","itemListElement":[{"@type":"ListItem","position":1,"name":"Pagrindinis","item":"https:\/\/www.malinashop.lt\/"},{"@type":"ListItem","position":2,"name":"Parduotuv\u0117","item":"https:\/\/www.malinashop.lt\/en\/parduotuve\/"},{"@type":"ListItem","position":3,"name":"PAESE 02B kreminiai skaistalai, 4g"}]},{"@type":"WebSite","@id":"https:\/\/www.malinashop.lt\/#website","url":"https:\/\/www.malinashop.lt\/","name":"COM Group Ecommerce","description":"MalinaShop.lt - Gro\u017eio ir sveikatos produktai i\u0161 patikim\u0173 preki\u0173 \u017eenkl\u0173. Atraskite auk\u0161tos kokyb\u0117s kosmetik\u0105 u\u017e puiki\u0105 kain\u0105.","publisher":{"@id":"https:\/\/www.malinashop.lt\/#organization"},"potentialAction":[{"@type":"SearchAction","target":{"@type":"EntryPoint","urlTemplate":"https:\/\/www.malinashop.lt\/?s={search_term_string}"},"query-input":{"@type":"PropertyValueSpecification","valueRequired":true,"valueName":"search_term_string"}}],"inLanguage":"en-GB"},{"@type":"Organization","@id":"https:\/\/www.malinashop.lt\/#organization","name":"COM Group Ecommerce","url":"https:\/\/www.malinashop.lt\/","logo":{"@type":"ImageObject","inLanguage":"en-GB","@id":"https:\/\/www.malinashop.lt\/#\/schema\/logo\/image\/","url":"https:\/\/www.malinashop.lt\/wp-content\/uploads\/2024\/08\/462559670_3787732518133670_9795632669273463_n-e1731525914575.png","contentUrl":"https:\/\/www.malinashop.lt\/wp-content\/uploads\/2024\/08\/462559670_3787732518133670_9795632669273463_n-e1731525914575.png","width":180,"height":60,"caption":"COM Group Ecommerce"},"image":{"@id":"https:\/\/www.malinashop.lt\/#\/schema\/logo\/image\/"}}]}},"jetpack_sharing_enabled":true,"_links":{"self":[{"href":"https:\/\/www.malinashop.lt\/en\/wp-json\/wp\/v2\/product\/64352","targetHints":{"allow":["GET"]}}],"collection":[{"href":"https:\/\/www.malinashop.lt\/en\/wp-json\/wp\/v2\/product"}],"about":[{"href":"https:\/\/www.malinashop.lt\/en\/wp-json\/wp\/v2\/types\/product"}],"version-history":[{"count":2,"href":"https:\/\/www.malinashop.lt\/en\/wp-json\/wp\/v2\/product\/64352\/revisions"}],"predecessor-version":[{"id":72209,"href":"https:\/\/www.malinashop.lt\/en\/wp-json\/wp\/v2\/product\/64352\/revisions\/72209"}],"wp:featuredmedia":[{"embeddable":true,"href":"https:\/\/www.malinashop.lt\/en\/wp-json\/wp\/v2\/media\/64354"}],"wp:attachment":[{"href":"https:\/\/www.malinashop.lt\/en\/wp-json\/wp\/v2\/media?parent=64352"}],"wp:term":[{"taxonomy":"product_brand","embeddable":true,"href":"https:\/\/www.malinashop.lt\/en\/wp-json\/wp\/v2\/product_brand?post=64352"},{"taxonomy":"product_cat","embeddable":true,"href":"https:\/\/www.malinashop.lt\/en\/wp-json\/wp\/v2\/product_cat?post=64352"},{"taxonomy":"product_tag","embeddable":true,"href":"https:\/\/www.malinashop.lt\/en\/wp-json\/wp\/v2\/product_tag?post=64352"}],"curies":[{"name":"wp","href":"https:\/\/api.w.org\/{rel}","templated":true}]}}