{"id":64347,"date":"2025-11-24T18:27:30","date_gmt":"2025-11-24T15:27:30","guid":{"rendered":"https:\/\/malinashop.lt\/?post_type=product&#038;p=64347"},"modified":"2026-02-10T12:48:04","modified_gmt":"2026-02-10T09:48:04","slug":"paese-01b-kreminiai-skaistalai-4g","status":"publish","type":"product","link":"https:\/\/www.malinashop.lt\/en\/shop\/paese-01b-kreminiai-skaistalai-4g\/","title":{"rendered":"PAESE 01B kreminiai skaistalai, 4g"},"content":{"rendered":"<div class=\"cs__product-section container\">\n<p data-start=\"104\" data-end=\"405\"><strong data-start=\"104\" data-end=\"138\">PAESE kreminiai skaistalai 01B<\/strong> \u2013 tai itin lengvos tekst\u016bros, daugiafunkcinis produktas, suteikiantis veidui nat\u016bralaus gaivumo ir subtiliai rausv\u0105 atspalv\u012f. \u0160ie kreminiai skaistalai lengvai susilieja su oda, nesukuria kauk\u0117s efekto ir puikiai tinka tiek kasdieniam, tiek intensyvesniam makia\u017eui.<\/p>\n<p data-start=\"407\" data-end=\"654\">Universalios paskirties formul\u0117 leid\u017eia skaistalus naudoti ne tik skruostams, bet ir kaip kreminius aki\u0173 \u0161e\u0161\u0117lius ar l\u016bp\u0173 da\u017eus. Produktas pasiteps tiek kempin\u0117le, tiek teptuku ar tiesiog pir\u0161tais, tod\u0117l makia\u017eas tampa itin paprastas ir greitas.<\/p>\n<p data-start=\"656\" data-end=\"670\"><strong data-start=\"656\" data-end=\"670\">T\u016bris: 4 g<\/strong><\/p>\n<\/div>\n","protected":false},"excerpt":{"rendered":"<p data-start=\"715\" data-end=\"877\">Lengvos tekst\u016bros, daugiafunkciniai PAESE kreminiai skaistalai 01B suteikia veidui nat\u016bralaus gaivumo ir rausv\u0105 atspalv\u012f. Tinka skruostams, aki\u0173 vokams ir l\u016bpoms.<\/p>\n","protected":false},"featured_media":64349,"template":"","meta":[],"product_brand":[1534],"product_cat":[102,526],"product_tag":[1614],"class_list":{"0":"post-64347","1":"product","2":"type-product","3":"status-publish","4":"has-post-thumbnail","6":"product_brand-paese","7":"product_cat-dekoratyvine-kosmetika","8":"product_cat-skaistalai","9":"product_tag-paese","11":"first","12":"instock","13":"purchasable","14":"product-type-simple"},"yoast_head":"<!-- This site is optimized with the Yoast SEO plugin v27.4 - https:\/\/yoast.com\/product\/yoast-seo-wordpress\/ -->\n<title>PAESE 01B kreminiai skaistalai, 4g - MalinaShop.lt J\u016bs\u0173 sveikatai ir gro\u017eiui.<\/title>\n<meta name=\"description\" content=\"PAESE kreminiai skaistalai 01B \u2013 lengvos tekst\u016bros, daugiafunkcinis produktas skruostams, akims ir l\u016bpoms. Suteikia nat\u016bral\u0173 gaivum\u0105.\" \/>\n<meta name=\"robots\" content=\"index, follow, max-snippet:-1, max-image-preview:large, max-video-preview:-1\" \/>\n<link rel=\"canonical\" href=\"https:\/\/www.malinashop.lt\/en\/shop\/paese-01b-kreminiai-skaistalai-4g\/\" \/>\n<meta property=\"og:locale\" content=\"en_GB\" \/>\n<meta property=\"og:type\" content=\"article\" \/>\n<meta property=\"og:title\" content=\"PAESE 01B kreminiai skaistalai, 4g - MalinaShop.lt J\u016bs\u0173 sveikatai ir gro\u017eiui.\" \/>\n<meta property=\"og:description\" content=\"PAESE kreminiai skaistalai 01B \u2013 lengvos tekst\u016bros, daugiafunkcinis produktas skruostams, akims ir l\u016bpoms. Suteikia nat\u016bral\u0173 gaivum\u0105.\" \/>\n<meta property=\"og:url\" content=\"https:\/\/www.malinashop.lt\/en\/shop\/paese-01b-kreminiai-skaistalai-4g\/\" \/>\n<meta property=\"og:site_name\" content=\"MalinaShop.lt J\u016bs\u0173 sveikatai ir gro\u017eiui.\" \/>\n<meta property=\"article:modified_time\" content=\"2026-02-10T09:48:04+00:00\" \/>\n<meta property=\"og:image\" content=\"https:\/\/www.malinashop.lt\/wp-content\/uploads\/2025\/11\/paese-kreminiai-skaistalai.jpg\" \/>\n\t<meta property=\"og:image:width\" content=\"1000\" \/>\n\t<meta property=\"og:image:height\" content=\"1000\" \/>\n\t<meta property=\"og:image:type\" content=\"image\/jpeg\" \/>\n<meta name=\"twitter:card\" content=\"summary_large_image\" \/>\n<script type=\"application\/ld+json\" class=\"yoast-schema-graph\">{\"@context\":\"https:\\\/\\\/schema.org\",\"@graph\":[{\"@type\":\"WebPage\",\"@id\":\"https:\\\/\\\/www.malinashop.lt\\\/en\\\/shop\\\/paese-01b-kreminiai-skaistalai-4g\\\/\",\"url\":\"https:\\\/\\\/www.malinashop.lt\\\/en\\\/shop\\\/paese-01b-kreminiai-skaistalai-4g\\\/\",\"name\":\"PAESE 01B kreminiai skaistalai, 4g - MalinaShop.lt J\u016bs\u0173 sveikatai ir gro\u017eiui.\",\"isPartOf\":{\"@id\":\"https:\\\/\\\/www.malinashop.lt\\\/en\\\/#website\"},\"primaryImageOfPage\":{\"@id\":\"https:\\\/\\\/www.malinashop.lt\\\/en\\\/shop\\\/paese-01b-kreminiai-skaistalai-4g\\\/#primaryimage\"},\"image\":{\"@id\":\"https:\\\/\\\/www.malinashop.lt\\\/en\\\/shop\\\/paese-01b-kreminiai-skaistalai-4g\\\/#primaryimage\"},\"thumbnailUrl\":\"https:\\\/\\\/www.malinashop.lt\\\/wp-content\\\/uploads\\\/2025\\\/11\\\/paese-kreminiai-skaistalai.jpg\",\"datePublished\":\"2025-11-24T15:27:30+00:00\",\"dateModified\":\"2026-02-10T09:48:04+00:00\",\"description\":\"PAESE kreminiai skaistalai 01B \u2013 lengvos tekst\u016bros, daugiafunkcinis produktas skruostams, akims ir l\u016bpoms. Suteikia nat\u016bral\u0173 gaivum\u0105.\",\"breadcrumb\":{\"@id\":\"https:\\\/\\\/www.malinashop.lt\\\/en\\\/shop\\\/paese-01b-kreminiai-skaistalai-4g\\\/#breadcrumb\"},\"inLanguage\":\"en-GB\",\"potentialAction\":[{\"@type\":\"ReadAction\",\"target\":[\"https:\\\/\\\/www.malinashop.lt\\\/en\\\/shop\\\/paese-01b-kreminiai-skaistalai-4g\\\/\"]}]},{\"@type\":\"ImageObject\",\"inLanguage\":\"en-GB\",\"@id\":\"https:\\\/\\\/www.malinashop.lt\\\/en\\\/shop\\\/paese-01b-kreminiai-skaistalai-4g\\\/#primaryimage\",\"url\":\"https:\\\/\\\/www.malinashop.lt\\\/wp-content\\\/uploads\\\/2025\\\/11\\\/paese-kreminiai-skaistalai.jpg\",\"contentUrl\":\"https:\\\/\\\/www.malinashop.lt\\\/wp-content\\\/uploads\\\/2025\\\/11\\\/paese-kreminiai-skaistalai.jpg\",\"width\":1000,\"height\":1000},{\"@type\":\"BreadcrumbList\",\"@id\":\"https:\\\/\\\/www.malinashop.lt\\\/en\\\/shop\\\/paese-01b-kreminiai-skaistalai-4g\\\/#breadcrumb\",\"itemListElement\":[{\"@type\":\"ListItem\",\"position\":1,\"name\":\"Home\",\"item\":\"https:\\\/\\\/www.malinashop.lt\\\/en\\\/\"},{\"@type\":\"ListItem\",\"position\":2,\"name\":\"Parduotuv\u0117\",\"item\":\"https:\\\/\\\/www.malinashop.lt\\\/en\\\/parduotuve\\\/\"},{\"@type\":\"ListItem\",\"position\":3,\"name\":\"PAESE 01B kreminiai skaistalai, 4g\"}]},{\"@type\":\"WebSite\",\"@id\":\"https:\\\/\\\/www.malinashop.lt\\\/en\\\/#website\",\"url\":\"https:\\\/\\\/www.malinashop.lt\\\/en\\\/\",\"name\":\"COM Group Ecommerce\",\"description\":\"MalinaShop.lt - Gro\u017eio ir sveikatos produktai i\u0161 patikim\u0173 preki\u0173 \u017eenkl\u0173. Atraskite auk\u0161tos kokyb\u0117s kosmetik\u0105 u\u017e puiki\u0105 kain\u0105.\",\"publisher\":{\"@id\":\"https:\\\/\\\/www.malinashop.lt\\\/en\\\/#organization\"},\"potentialAction\":[{\"@type\":\"SearchAction\",\"target\":{\"@type\":\"EntryPoint\",\"urlTemplate\":\"https:\\\/\\\/www.malinashop.lt\\\/en\\\/?s={search_term_string}\"},\"query-input\":{\"@type\":\"PropertyValueSpecification\",\"valueRequired\":true,\"valueName\":\"search_term_string\"}}],\"inLanguage\":\"en-GB\"},{\"@type\":\"Organization\",\"@id\":\"https:\\\/\\\/www.malinashop.lt\\\/en\\\/#organization\",\"name\":\"COM Group Ecommerce\",\"url\":\"https:\\\/\\\/www.malinashop.lt\\\/en\\\/\",\"logo\":{\"@type\":\"ImageObject\",\"inLanguage\":\"en-GB\",\"@id\":\"https:\\\/\\\/www.malinashop.lt\\\/en\\\/#\\\/schema\\\/logo\\\/image\\\/\",\"url\":\"https:\\\/\\\/www.malinashop.lt\\\/wp-content\\\/uploads\\\/2024\\\/08\\\/462559670_3787732518133670_9795632669273463_n-e1731525914575.png\",\"contentUrl\":\"https:\\\/\\\/www.malinashop.lt\\\/wp-content\\\/uploads\\\/2024\\\/08\\\/462559670_3787732518133670_9795632669273463_n-e1731525914575.png\",\"width\":180,\"height\":60,\"caption\":\"COM Group Ecommerce\"},\"image\":{\"@id\":\"https:\\\/\\\/www.malinashop.lt\\\/en\\\/#\\\/schema\\\/logo\\\/image\\\/\"}}]}<\/script>\n<!-- \/ Yoast SEO plugin. -->","yoast_head_json":{"title":"PAESE 01B kreminiai skaistalai, 4g - MalinaShop.lt J\u016bs\u0173 sveikatai ir gro\u017eiui.","description":"PAESE kreminiai skaistalai 01B \u2013 lengvos tekst\u016bros, daugiafunkcinis produktas skruostams, akims ir l\u016bpoms. Suteikia nat\u016bral\u0173 gaivum\u0105.","robots":{"index":"index","follow":"follow","max-snippet":"max-snippet:-1","max-image-preview":"max-image-preview:large","max-video-preview":"max-video-preview:-1"},"canonical":"https:\/\/www.malinashop.lt\/en\/shop\/paese-01b-kreminiai-skaistalai-4g\/","og_locale":"en_GB","og_type":"article","og_title":"PAESE 01B kreminiai skaistalai, 4g - MalinaShop.lt J\u016bs\u0173 sveikatai ir gro\u017eiui.","og_description":"PAESE kreminiai skaistalai 01B \u2013 lengvos tekst\u016bros, daugiafunkcinis produktas skruostams, akims ir l\u016bpoms. Suteikia nat\u016bral\u0173 gaivum\u0105.","og_url":"https:\/\/www.malinashop.lt\/en\/shop\/paese-01b-kreminiai-skaistalai-4g\/","og_site_name":"MalinaShop.lt J\u016bs\u0173 sveikatai ir gro\u017eiui.","article_modified_time":"2026-02-10T09:48:04+00:00","og_image":[{"width":1000,"height":1000,"url":"https:\/\/www.malinashop.lt\/wp-content\/uploads\/2025\/11\/paese-kreminiai-skaistalai.jpg","type":"image\/jpeg"}],"twitter_card":"summary_large_image","schema":{"@context":"https:\/\/schema.org","@graph":[{"@type":"WebPage","@id":"https:\/\/www.malinashop.lt\/en\/shop\/paese-01b-kreminiai-skaistalai-4g\/","url":"https:\/\/www.malinashop.lt\/en\/shop\/paese-01b-kreminiai-skaistalai-4g\/","name":"PAESE 01B kreminiai skaistalai, 4g - MalinaShop.lt J\u016bs\u0173 sveikatai ir gro\u017eiui.","isPartOf":{"@id":"https:\/\/www.malinashop.lt\/en\/#website"},"primaryImageOfPage":{"@id":"https:\/\/www.malinashop.lt\/en\/shop\/paese-01b-kreminiai-skaistalai-4g\/#primaryimage"},"image":{"@id":"https:\/\/www.malinashop.lt\/en\/shop\/paese-01b-kreminiai-skaistalai-4g\/#primaryimage"},"thumbnailUrl":"https:\/\/www.malinashop.lt\/wp-content\/uploads\/2025\/11\/paese-kreminiai-skaistalai.jpg","datePublished":"2025-11-24T15:27:30+00:00","dateModified":"2026-02-10T09:48:04+00:00","description":"PAESE kreminiai skaistalai 01B \u2013 lengvos tekst\u016bros, daugiafunkcinis produktas skruostams, akims ir l\u016bpoms. Suteikia nat\u016bral\u0173 gaivum\u0105.","breadcrumb":{"@id":"https:\/\/www.malinashop.lt\/en\/shop\/paese-01b-kreminiai-skaistalai-4g\/#breadcrumb"},"inLanguage":"en-GB","potentialAction":[{"@type":"ReadAction","target":["https:\/\/www.malinashop.lt\/en\/shop\/paese-01b-kreminiai-skaistalai-4g\/"]}]},{"@type":"ImageObject","inLanguage":"en-GB","@id":"https:\/\/www.malinashop.lt\/en\/shop\/paese-01b-kreminiai-skaistalai-4g\/#primaryimage","url":"https:\/\/www.malinashop.lt\/wp-content\/uploads\/2025\/11\/paese-kreminiai-skaistalai.jpg","contentUrl":"https:\/\/www.malinashop.lt\/wp-content\/uploads\/2025\/11\/paese-kreminiai-skaistalai.jpg","width":1000,"height":1000},{"@type":"BreadcrumbList","@id":"https:\/\/www.malinashop.lt\/en\/shop\/paese-01b-kreminiai-skaistalai-4g\/#breadcrumb","itemListElement":[{"@type":"ListItem","position":1,"name":"Home","item":"https:\/\/www.malinashop.lt\/en\/"},{"@type":"ListItem","position":2,"name":"Parduotuv\u0117","item":"https:\/\/www.malinashop.lt\/en\/parduotuve\/"},{"@type":"ListItem","position":3,"name":"PAESE 01B kreminiai skaistalai, 4g"}]},{"@type":"WebSite","@id":"https:\/\/www.malinashop.lt\/en\/#website","url":"https:\/\/www.malinashop.lt\/en\/","name":"COM Group Ecommerce","description":"MalinaShop.lt - Gro\u017eio ir sveikatos produktai i\u0161 patikim\u0173 preki\u0173 \u017eenkl\u0173. Atraskite auk\u0161tos kokyb\u0117s kosmetik\u0105 u\u017e puiki\u0105 kain\u0105.","publisher":{"@id":"https:\/\/www.malinashop.lt\/en\/#organization"},"potentialAction":[{"@type":"SearchAction","target":{"@type":"EntryPoint","urlTemplate":"https:\/\/www.malinashop.lt\/en\/?s={search_term_string}"},"query-input":{"@type":"PropertyValueSpecification","valueRequired":true,"valueName":"search_term_string"}}],"inLanguage":"en-GB"},{"@type":"Organization","@id":"https:\/\/www.malinashop.lt\/en\/#organization","name":"COM Group Ecommerce","url":"https:\/\/www.malinashop.lt\/en\/","logo":{"@type":"ImageObject","inLanguage":"en-GB","@id":"https:\/\/www.malinashop.lt\/en\/#\/schema\/logo\/image\/","url":"https:\/\/www.malinashop.lt\/wp-content\/uploads\/2024\/08\/462559670_3787732518133670_9795632669273463_n-e1731525914575.png","contentUrl":"https:\/\/www.malinashop.lt\/wp-content\/uploads\/2024\/08\/462559670_3787732518133670_9795632669273463_n-e1731525914575.png","width":180,"height":60,"caption":"COM Group Ecommerce"},"image":{"@id":"https:\/\/www.malinashop.lt\/en\/#\/schema\/logo\/image\/"}}]}},"jetpack_sharing_enabled":true,"_links":{"self":[{"href":"https:\/\/www.malinashop.lt\/en\/wp-json\/wp\/v2\/product\/64347","targetHints":{"allow":["GET"]}}],"collection":[{"href":"https:\/\/www.malinashop.lt\/en\/wp-json\/wp\/v2\/product"}],"about":[{"href":"https:\/\/www.malinashop.lt\/en\/wp-json\/wp\/v2\/types\/product"}],"version-history":[{"count":2,"href":"https:\/\/www.malinashop.lt\/en\/wp-json\/wp\/v2\/product\/64347\/revisions"}],"predecessor-version":[{"id":72208,"href":"https:\/\/www.malinashop.lt\/en\/wp-json\/wp\/v2\/product\/64347\/revisions\/72208"}],"wp:featuredmedia":[{"embeddable":true,"href":"https:\/\/www.malinashop.lt\/en\/wp-json\/wp\/v2\/media\/64349"}],"wp:attachment":[{"href":"https:\/\/www.malinashop.lt\/en\/wp-json\/wp\/v2\/media?parent=64347"}],"wp:term":[{"taxonomy":"product_brand","embeddable":true,"href":"https:\/\/www.malinashop.lt\/en\/wp-json\/wp\/v2\/product_brand?post=64347"},{"taxonomy":"product_cat","embeddable":true,"href":"https:\/\/www.malinashop.lt\/en\/wp-json\/wp\/v2\/product_cat?post=64347"},{"taxonomy":"product_tag","embeddable":true,"href":"https:\/\/www.malinashop.lt\/en\/wp-json\/wp\/v2\/product_tag?post=64347"}],"curies":[{"name":"wp","href":"https:\/\/api.w.org\/{rel}","templated":true}]}}