{"id":64306,"date":"2025-11-24T18:26:55","date_gmt":"2025-11-24T15:26:55","guid":{"rendered":"https:\/\/malinashop.lt\/?post_type=product&#038;p=64306"},"modified":"2026-02-10T12:35:04","modified_gmt":"2026-02-10T09:35:04","slug":"milanobrush-spring-mood-limituotos-serijos-plauku-sepetys","status":"publish","type":"product","link":"https:\/\/www.malinashop.lt\/en\/shop\/milanobrush-spring-mood-limituotos-serijos-plauku-sepetys\/","title":{"rendered":"MILANOBRUSH SPRING MOOD limituotos serijos plauk\u0173 \u0161epetys"},"content":{"rendered":"<p data-start=\"137\" data-end=\"537\"><strong data-start=\"137\" data-end=\"164\">MILANOBRUSH SPRING MOOD<\/strong> \u2013 tai limituotos serijos plauk\u0173 \u0161epetys, sukurtas kasdienei, \u0161velniai ir efektyviai plauk\u0173 prie\u017ei\u016brai. \u0160epetys puikiai tinka tiek <strong data-start=\"295\" data-end=\"332\">sausiems, tiek dr\u0117gniems plaukams<\/strong> \u0161ukuoti. Lankst\u016bs nailoniniai \u0161ereliai su apvaliomis galvut\u0117mis ne tik lengvai i\u0161narplioja susiv\u0117lusius plaukus, bet ir <strong data-start=\"453\" data-end=\"486\">\u0161velniai masa\u017euoja galvos od\u0105<\/strong>, skatindami kraujo cirkuliacij\u0105 bei plauk\u0173 augim\u0105.<\/p>\n<p data-start=\"539\" data-end=\"857\">\u0160ukuojant u\u017edaromos plauk\u0173 kutikul\u0117s, tod\u0117l plaukai atrodo <strong data-start=\"598\" data-end=\"647\">sveikesni, glotnesni ir nat\u016braliai \u017evilgantys<\/strong>, ma\u017eiau veliasi ir l\u016b\u017ein\u0117ja. Ergonomi\u0161ka, lengva ir neslystanti rankena leid\u017eia patogiai formuoti norimas \u0161ukuosenas be diskomforto. \u0160epetys taip pat puikiai tinka <strong data-start=\"812\" data-end=\"845\">priauginamoms plauk\u0173 sruogoms<\/strong> pri\u017ei\u016br\u0117ti.<\/p>\n<p data-start=\"859\" data-end=\"887\"><strong data-start=\"859\" data-end=\"887\">Pagrindiniai privalumai:<\/strong><\/p>\n<ul data-start=\"888\" data-end=\"1259\">\n<li data-start=\"888\" data-end=\"977\">\n<p data-start=\"890\" data-end=\"977\">Lankst\u016bs, mink\u0161ti \u0161ereliai su apvaliomis galvut\u0117mis \u2013 \u0161veln\u016bs plaukams ir galvos odai<\/p>\n<\/li>\n<li data-start=\"978\" data-end=\"1036\">\n<p data-start=\"980\" data-end=\"1036\">Be skausmo i\u0161narplioja bet kokio tipo ir ilgio plaukus<\/p>\n<\/li>\n<li data-start=\"1037\" data-end=\"1088\">\n<p data-start=\"1039\" data-end=\"1088\">Tinka \u0161ukuoti tiek \u0161lapius, tiek sausus plaukus<\/p>\n<\/li>\n<li data-start=\"1089\" data-end=\"1139\">\n<p data-start=\"1091\" data-end=\"1139\">Padeda suma\u017einti plauk\u0173 v\u0117lim\u0105si ir l\u016b\u017ein\u0117jim\u0105<\/p>\n<\/li>\n<li data-start=\"1140\" data-end=\"1194\">\n<p data-start=\"1142\" data-end=\"1194\">Suteikia plaukams glotnumo ir nat\u016bralaus \u017evilgesio<\/p>\n<\/li>\n<li data-start=\"1195\" data-end=\"1259\">\n<p data-start=\"1197\" data-end=\"1259\">Lengva, ergonomi\u0161ka, neslystanti rankena patogiam naudojimui<\/p>\n<\/li>\n<\/ul>\n<p data-start=\"1261\" data-end=\"1351\"><strong data-start=\"1261\" data-end=\"1286\">Produkto informacija:<\/strong><br data-start=\"1286\" data-end=\"1289\" \/>Mink\u0161ti ir lankst\u016bs \u0161ereliai, lengvasvor\u0117 neslystanti rankena.<\/p>\n<p data-start=\"1353\" data-end=\"1457\"><strong data-start=\"1353\" data-end=\"1367\">\u012esp\u0117jimas:<\/strong><br data-start=\"1367\" data-end=\"1370\" \/>\u0160epe\u010dio \u0161ereliai <strong data-start=\"1387\" data-end=\"1456\">nepritaikyti naudoti kartu su kar\u0161ta plauk\u0173 d\u017eiovintuvo oro srove<\/strong>.<\/p>\n","protected":false},"excerpt":{"rendered":"<p data-start=\"1500\" data-end=\"1705\">MILANOBRUSH SPRING MOOD \u2013 limituotos serijos plauk\u0173 \u0161epetys, skirtas \u0161velniam saus\u0173 ir dr\u0117gn\u0173 plauk\u0173 i\u0161\u0161ukavimui. Lankst\u016bs \u0161ereliai masa\u017euoja galvos od\u0105, suteikia plaukams glotnumo ir nat\u016bralaus \u017evilgesio.<\/p>\n","protected":false},"featured_media":64308,"template":"","meta":[],"product_brand":[1541],"product_cat":[767],"product_tag":[1612],"class_list":{"0":"post-64306","1":"product","2":"type-product","3":"status-publish","4":"has-post-thumbnail","6":"product_brand-milano-brush","7":"product_cat-plauku-sukos","8":"product_tag-milanobrush","10":"first","11":"instock","12":"purchasable","13":"product-type-simple"},"yoast_head":"<!-- This site is optimized with the Yoast SEO plugin v27.4 - https:\/\/yoast.com\/product\/yoast-seo-wordpress\/ -->\n<title>MILANOBRUSH SPRING MOOD limituotos serijos plauk\u0173 \u0161epetys - MalinaShop.lt J\u016bs\u0173 sveikatai ir gro\u017eiui.<\/title>\n<meta name=\"description\" content=\"MILANOBRUSH SPRING MOOD \u2013 limituotos serijos plauk\u0173 \u0161epetys sausiems ir dr\u0117gniems plaukams. \u0160velniai i\u0161narplioja ir masa\u017euoja galvos od\u0105.\" \/>\n<meta name=\"robots\" content=\"index, follow, max-snippet:-1, max-image-preview:large, max-video-preview:-1\" \/>\n<link rel=\"canonical\" href=\"https:\/\/www.malinashop.lt\/en\/shop\/milanobrush-spring-mood-limituotos-serijos-plauku-sepetys\/\" \/>\n<meta property=\"og:locale\" content=\"en_GB\" \/>\n<meta property=\"og:type\" content=\"article\" \/>\n<meta property=\"og:title\" content=\"MILANOBRUSH SPRING MOOD limituotos serijos plauk\u0173 \u0161epetys - MalinaShop.lt J\u016bs\u0173 sveikatai ir gro\u017eiui.\" \/>\n<meta property=\"og:description\" content=\"MILANOBRUSH SPRING MOOD \u2013 limituotos serijos plauk\u0173 \u0161epetys sausiems ir dr\u0117gniems plaukams. \u0160velniai i\u0161narplioja ir masa\u017euoja galvos od\u0105.\" \/>\n<meta property=\"og:url\" content=\"https:\/\/www.malinashop.lt\/en\/shop\/milanobrush-spring-mood-limituotos-serijos-plauku-sepetys\/\" \/>\n<meta property=\"og:site_name\" content=\"MalinaShop.lt J\u016bs\u0173 sveikatai ir gro\u017eiui.\" \/>\n<meta property=\"article:modified_time\" content=\"2026-02-10T09:35:04+00:00\" \/>\n<meta property=\"og:image\" content=\"https:\/\/www.malinashop.lt\/wp-content\/uploads\/2025\/11\/milanobrush-limituotos-serijos-plauku-sepetys-spring-mood.png\" \/>\n\t<meta property=\"og:image:width\" content=\"1000\" \/>\n\t<meta property=\"og:image:height\" content=\"1000\" \/>\n\t<meta property=\"og:image:type\" content=\"image\/png\" \/>\n<meta name=\"twitter:card\" content=\"summary_large_image\" \/>\n<script type=\"application\/ld+json\" class=\"yoast-schema-graph\">{\"@context\":\"https:\\\/\\\/schema.org\",\"@graph\":[{\"@type\":\"WebPage\",\"@id\":\"https:\\\/\\\/www.malinashop.lt\\\/shop\\\/milanobrush-spring-mood-limituotos-serijos-plauku-sepetys\\\/\",\"url\":\"https:\\\/\\\/www.malinashop.lt\\\/shop\\\/milanobrush-spring-mood-limituotos-serijos-plauku-sepetys\\\/\",\"name\":\"MILANOBRUSH SPRING MOOD limituotos serijos plauk\u0173 \u0161epetys - MalinaShop.lt J\u016bs\u0173 sveikatai ir gro\u017eiui.\",\"isPartOf\":{\"@id\":\"https:\\\/\\\/www.malinashop.lt\\\/#website\"},\"primaryImageOfPage\":{\"@id\":\"https:\\\/\\\/www.malinashop.lt\\\/shop\\\/milanobrush-spring-mood-limituotos-serijos-plauku-sepetys\\\/#primaryimage\"},\"image\":{\"@id\":\"https:\\\/\\\/www.malinashop.lt\\\/shop\\\/milanobrush-spring-mood-limituotos-serijos-plauku-sepetys\\\/#primaryimage\"},\"thumbnailUrl\":\"https:\\\/\\\/www.malinashop.lt\\\/wp-content\\\/uploads\\\/2025\\\/11\\\/milanobrush-limituotos-serijos-plauku-sepetys-spring-mood.png\",\"datePublished\":\"2025-11-24T15:26:55+00:00\",\"dateModified\":\"2026-02-10T09:35:04+00:00\",\"description\":\"MILANOBRUSH SPRING MOOD \u2013 limituotos serijos plauk\u0173 \u0161epetys sausiems ir dr\u0117gniems plaukams. \u0160velniai i\u0161narplioja ir masa\u017euoja galvos od\u0105.\",\"breadcrumb\":{\"@id\":\"https:\\\/\\\/www.malinashop.lt\\\/shop\\\/milanobrush-spring-mood-limituotos-serijos-plauku-sepetys\\\/#breadcrumb\"},\"inLanguage\":\"en-GB\",\"potentialAction\":[{\"@type\":\"ReadAction\",\"target\":[\"https:\\\/\\\/www.malinashop.lt\\\/shop\\\/milanobrush-spring-mood-limituotos-serijos-plauku-sepetys\\\/\"]}]},{\"@type\":\"ImageObject\",\"inLanguage\":\"en-GB\",\"@id\":\"https:\\\/\\\/www.malinashop.lt\\\/shop\\\/milanobrush-spring-mood-limituotos-serijos-plauku-sepetys\\\/#primaryimage\",\"url\":\"https:\\\/\\\/www.malinashop.lt\\\/wp-content\\\/uploads\\\/2025\\\/11\\\/milanobrush-limituotos-serijos-plauku-sepetys-spring-mood.png\",\"contentUrl\":\"https:\\\/\\\/www.malinashop.lt\\\/wp-content\\\/uploads\\\/2025\\\/11\\\/milanobrush-limituotos-serijos-plauku-sepetys-spring-mood.png\",\"width\":1000,\"height\":1000},{\"@type\":\"BreadcrumbList\",\"@id\":\"https:\\\/\\\/www.malinashop.lt\\\/shop\\\/milanobrush-spring-mood-limituotos-serijos-plauku-sepetys\\\/#breadcrumb\",\"itemListElement\":[{\"@type\":\"ListItem\",\"position\":1,\"name\":\"Pagrindinis\",\"item\":\"https:\\\/\\\/www.malinashop.lt\\\/\"},{\"@type\":\"ListItem\",\"position\":2,\"name\":\"Parduotuv\u0117\",\"item\":\"https:\\\/\\\/www.malinashop.lt\\\/en\\\/parduotuve\\\/\"},{\"@type\":\"ListItem\",\"position\":3,\"name\":\"MILANOBRUSH SPRING MOOD limituotos serijos plauk\u0173 \u0161epetys\"}]},{\"@type\":\"WebSite\",\"@id\":\"https:\\\/\\\/www.malinashop.lt\\\/#website\",\"url\":\"https:\\\/\\\/www.malinashop.lt\\\/\",\"name\":\"COM Group Ecommerce\",\"description\":\"MalinaShop.lt - Gro\u017eio ir sveikatos produktai i\u0161 patikim\u0173 preki\u0173 \u017eenkl\u0173. Atraskite auk\u0161tos kokyb\u0117s kosmetik\u0105 u\u017e puiki\u0105 kain\u0105.\",\"publisher\":{\"@id\":\"https:\\\/\\\/www.malinashop.lt\\\/#organization\"},\"potentialAction\":[{\"@type\":\"SearchAction\",\"target\":{\"@type\":\"EntryPoint\",\"urlTemplate\":\"https:\\\/\\\/www.malinashop.lt\\\/?s={search_term_string}\"},\"query-input\":{\"@type\":\"PropertyValueSpecification\",\"valueRequired\":true,\"valueName\":\"search_term_string\"}}],\"inLanguage\":\"en-GB\"},{\"@type\":\"Organization\",\"@id\":\"https:\\\/\\\/www.malinashop.lt\\\/#organization\",\"name\":\"COM Group Ecommerce\",\"url\":\"https:\\\/\\\/www.malinashop.lt\\\/\",\"logo\":{\"@type\":\"ImageObject\",\"inLanguage\":\"en-GB\",\"@id\":\"https:\\\/\\\/www.malinashop.lt\\\/#\\\/schema\\\/logo\\\/image\\\/\",\"url\":\"https:\\\/\\\/www.malinashop.lt\\\/wp-content\\\/uploads\\\/2024\\\/08\\\/462559670_3787732518133670_9795632669273463_n-e1731525914575.png\",\"contentUrl\":\"https:\\\/\\\/www.malinashop.lt\\\/wp-content\\\/uploads\\\/2024\\\/08\\\/462559670_3787732518133670_9795632669273463_n-e1731525914575.png\",\"width\":180,\"height\":60,\"caption\":\"COM Group Ecommerce\"},\"image\":{\"@id\":\"https:\\\/\\\/www.malinashop.lt\\\/#\\\/schema\\\/logo\\\/image\\\/\"}}]}<\/script>\n<!-- \/ Yoast SEO plugin. -->","yoast_head_json":{"title":"MILANOBRUSH SPRING MOOD limituotos serijos plauk\u0173 \u0161epetys - MalinaShop.lt J\u016bs\u0173 sveikatai ir gro\u017eiui.","description":"MILANOBRUSH SPRING MOOD \u2013 limituotos serijos plauk\u0173 \u0161epetys sausiems ir dr\u0117gniems plaukams. \u0160velniai i\u0161narplioja ir masa\u017euoja galvos od\u0105.","robots":{"index":"index","follow":"follow","max-snippet":"max-snippet:-1","max-image-preview":"max-image-preview:large","max-video-preview":"max-video-preview:-1"},"canonical":"https:\/\/www.malinashop.lt\/en\/shop\/milanobrush-spring-mood-limituotos-serijos-plauku-sepetys\/","og_locale":"en_GB","og_type":"article","og_title":"MILANOBRUSH SPRING MOOD limituotos serijos plauk\u0173 \u0161epetys - MalinaShop.lt J\u016bs\u0173 sveikatai ir gro\u017eiui.","og_description":"MILANOBRUSH SPRING MOOD \u2013 limituotos serijos plauk\u0173 \u0161epetys sausiems ir dr\u0117gniems plaukams. \u0160velniai i\u0161narplioja ir masa\u017euoja galvos od\u0105.","og_url":"https:\/\/www.malinashop.lt\/en\/shop\/milanobrush-spring-mood-limituotos-serijos-plauku-sepetys\/","og_site_name":"MalinaShop.lt J\u016bs\u0173 sveikatai ir gro\u017eiui.","article_modified_time":"2026-02-10T09:35:04+00:00","og_image":[{"width":1000,"height":1000,"url":"https:\/\/www.malinashop.lt\/wp-content\/uploads\/2025\/11\/milanobrush-limituotos-serijos-plauku-sepetys-spring-mood.png","type":"image\/png"}],"twitter_card":"summary_large_image","schema":{"@context":"https:\/\/schema.org","@graph":[{"@type":"WebPage","@id":"https:\/\/www.malinashop.lt\/shop\/milanobrush-spring-mood-limituotos-serijos-plauku-sepetys\/","url":"https:\/\/www.malinashop.lt\/shop\/milanobrush-spring-mood-limituotos-serijos-plauku-sepetys\/","name":"MILANOBRUSH SPRING MOOD limituotos serijos plauk\u0173 \u0161epetys - MalinaShop.lt J\u016bs\u0173 sveikatai ir gro\u017eiui.","isPartOf":{"@id":"https:\/\/www.malinashop.lt\/#website"},"primaryImageOfPage":{"@id":"https:\/\/www.malinashop.lt\/shop\/milanobrush-spring-mood-limituotos-serijos-plauku-sepetys\/#primaryimage"},"image":{"@id":"https:\/\/www.malinashop.lt\/shop\/milanobrush-spring-mood-limituotos-serijos-plauku-sepetys\/#primaryimage"},"thumbnailUrl":"https:\/\/www.malinashop.lt\/wp-content\/uploads\/2025\/11\/milanobrush-limituotos-serijos-plauku-sepetys-spring-mood.png","datePublished":"2025-11-24T15:26:55+00:00","dateModified":"2026-02-10T09:35:04+00:00","description":"MILANOBRUSH SPRING MOOD \u2013 limituotos serijos plauk\u0173 \u0161epetys sausiems ir dr\u0117gniems plaukams. \u0160velniai i\u0161narplioja ir masa\u017euoja galvos od\u0105.","breadcrumb":{"@id":"https:\/\/www.malinashop.lt\/shop\/milanobrush-spring-mood-limituotos-serijos-plauku-sepetys\/#breadcrumb"},"inLanguage":"en-GB","potentialAction":[{"@type":"ReadAction","target":["https:\/\/www.malinashop.lt\/shop\/milanobrush-spring-mood-limituotos-serijos-plauku-sepetys\/"]}]},{"@type":"ImageObject","inLanguage":"en-GB","@id":"https:\/\/www.malinashop.lt\/shop\/milanobrush-spring-mood-limituotos-serijos-plauku-sepetys\/#primaryimage","url":"https:\/\/www.malinashop.lt\/wp-content\/uploads\/2025\/11\/milanobrush-limituotos-serijos-plauku-sepetys-spring-mood.png","contentUrl":"https:\/\/www.malinashop.lt\/wp-content\/uploads\/2025\/11\/milanobrush-limituotos-serijos-plauku-sepetys-spring-mood.png","width":1000,"height":1000},{"@type":"BreadcrumbList","@id":"https:\/\/www.malinashop.lt\/shop\/milanobrush-spring-mood-limituotos-serijos-plauku-sepetys\/#breadcrumb","itemListElement":[{"@type":"ListItem","position":1,"name":"Pagrindinis","item":"https:\/\/www.malinashop.lt\/"},{"@type":"ListItem","position":2,"name":"Parduotuv\u0117","item":"https:\/\/www.malinashop.lt\/en\/parduotuve\/"},{"@type":"ListItem","position":3,"name":"MILANOBRUSH SPRING MOOD limituotos serijos plauk\u0173 \u0161epetys"}]},{"@type":"WebSite","@id":"https:\/\/www.malinashop.lt\/#website","url":"https:\/\/www.malinashop.lt\/","name":"COM Group Ecommerce","description":"MalinaShop.lt - Gro\u017eio ir sveikatos produktai i\u0161 patikim\u0173 preki\u0173 \u017eenkl\u0173. Atraskite auk\u0161tos kokyb\u0117s kosmetik\u0105 u\u017e puiki\u0105 kain\u0105.","publisher":{"@id":"https:\/\/www.malinashop.lt\/#organization"},"potentialAction":[{"@type":"SearchAction","target":{"@type":"EntryPoint","urlTemplate":"https:\/\/www.malinashop.lt\/?s={search_term_string}"},"query-input":{"@type":"PropertyValueSpecification","valueRequired":true,"valueName":"search_term_string"}}],"inLanguage":"en-GB"},{"@type":"Organization","@id":"https:\/\/www.malinashop.lt\/#organization","name":"COM Group Ecommerce","url":"https:\/\/www.malinashop.lt\/","logo":{"@type":"ImageObject","inLanguage":"en-GB","@id":"https:\/\/www.malinashop.lt\/#\/schema\/logo\/image\/","url":"https:\/\/www.malinashop.lt\/wp-content\/uploads\/2024\/08\/462559670_3787732518133670_9795632669273463_n-e1731525914575.png","contentUrl":"https:\/\/www.malinashop.lt\/wp-content\/uploads\/2024\/08\/462559670_3787732518133670_9795632669273463_n-e1731525914575.png","width":180,"height":60,"caption":"COM Group Ecommerce"},"image":{"@id":"https:\/\/www.malinashop.lt\/#\/schema\/logo\/image\/"}}]}},"jetpack_sharing_enabled":true,"_links":{"self":[{"href":"https:\/\/www.malinashop.lt\/en\/wp-json\/wp\/v2\/product\/64306","targetHints":{"allow":["GET"]}}],"collection":[{"href":"https:\/\/www.malinashop.lt\/en\/wp-json\/wp\/v2\/product"}],"about":[{"href":"https:\/\/www.malinashop.lt\/en\/wp-json\/wp\/v2\/types\/product"}],"version-history":[{"count":2,"href":"https:\/\/www.malinashop.lt\/en\/wp-json\/wp\/v2\/product\/64306\/revisions"}],"predecessor-version":[{"id":73155,"href":"https:\/\/www.malinashop.lt\/en\/wp-json\/wp\/v2\/product\/64306\/revisions\/73155"}],"wp:featuredmedia":[{"embeddable":true,"href":"https:\/\/www.malinashop.lt\/en\/wp-json\/wp\/v2\/media\/64308"}],"wp:attachment":[{"href":"https:\/\/www.malinashop.lt\/en\/wp-json\/wp\/v2\/media?parent=64306"}],"wp:term":[{"taxonomy":"product_brand","embeddable":true,"href":"https:\/\/www.malinashop.lt\/en\/wp-json\/wp\/v2\/product_brand?post=64306"},{"taxonomy":"product_cat","embeddable":true,"href":"https:\/\/www.malinashop.lt\/en\/wp-json\/wp\/v2\/product_cat?post=64306"},{"taxonomy":"product_tag","embeddable":true,"href":"https:\/\/www.malinashop.lt\/en\/wp-json\/wp\/v2\/product_tag?post=64306"}],"curies":[{"name":"wp","href":"https:\/\/api.w.org\/{rel}","templated":true}]}}