{"id":64131,"date":"2025-11-24T18:25:37","date_gmt":"2025-11-24T15:25:37","guid":{"rendered":"https:\/\/malinashop.lt\/?post_type=product&#038;p=64131"},"modified":"2026-02-10T12:48:06","modified_gmt":"2026-02-10T09:48:06","slug":"paese-antakiu-piestukas-powder-browpencil-soft-brown","status":"publish","type":"product","link":"https:\/\/www.malinashop.lt\/en\/shop\/paese-antakiu-piestukas-powder-browpencil-soft-brown\/","title":{"rendered":"PAESE antaki\u0173 pie\u0161tukas Powder Browpencil Soft Brown"},"content":{"rendered":"<p data-start=\"48\" data-end=\"616\"><strong data-start=\"48\" data-end=\"75\">PAESE Powder Browpencil<\/strong> \u2013 tai patikimas antaki\u0173 pie\u0161tukas, sukurtas tiksliam antaki\u0173 u\u017epildymui ir formos pakoregavimui. Jo \u0161velni tekst\u016bra leid\u017eia lengvai sukurti nat\u016brali\u0105 antaki\u0173 i\u0161vaizd\u0105, o integruotas silikoninis \u0161epet\u0117lis tolygiai i\u0161\u0161ukuoja plaukelius ir padeda i\u0161gauti norim\u0105 rezultat\u0105. Pie\u0161tukas atsparus vandeniui, nebyra, nelimpa ir i\u0161lieka iki 12 valand\u0173, tod\u0117l puikiai tinka tiek kasdieniam, tiek ilgesniam makia\u017eui. Formul\u0117 be paraben\u0173 u\u017etikrina \u0161veln\u0173 poveik\u012f odai.<br data-start=\"531\" data-end=\"534\" \/><strong data-start=\"534\" data-end=\"548\">Soft Brown<\/strong> atspalvis idealiai tinka vidutinio \u0161iltumo rudos spalvos antakiams.<\/p>\n<p data-start=\"618\" data-end=\"648\"><strong data-start=\"618\" data-end=\"646\">Pagrindiniai privalumai:<\/strong><\/p>\n<ul data-start=\"649\" data-end=\"883\">\n<li data-start=\"649\" data-end=\"697\">\n<p data-start=\"651\" data-end=\"697\">Greitas ir lengvas b\u016bdas pary\u0161kinti antakius<\/p>\n<\/li>\n<li data-start=\"698\" data-end=\"734\">\n<p data-start=\"700\" data-end=\"734\">I\u0161laiko antaki\u0173 form\u0105 vis\u0105 dien\u0105<\/p>\n<\/li>\n<li data-start=\"735\" data-end=\"758\">\n<p data-start=\"737\" data-end=\"758\">I\u0161lieka iki 12 val.<\/p>\n<\/li>\n<li data-start=\"759\" data-end=\"781\">\n<p data-start=\"761\" data-end=\"781\">Nelipina ir nebyra<\/p>\n<\/li>\n<li data-start=\"782\" data-end=\"804\">\n<p data-start=\"784\" data-end=\"804\">Atsparus vandeniui<\/p>\n<\/li>\n<li data-start=\"805\" data-end=\"820\">\n<p data-start=\"807\" data-end=\"820\">Be paraben\u0173<\/p>\n<\/li>\n<li data-start=\"821\" data-end=\"849\">\n<p data-start=\"823\" data-end=\"849\">Su silikoniniu \u0161epet\u0117liu<\/p>\n<\/li>\n<li data-start=\"850\" data-end=\"883\">\n<p data-start=\"852\" data-end=\"883\">Paprastas ir patogus naudojimas<\/p>\n<\/li>\n<\/ul>\n<div class=\"ewa-rteLine\"><\/div>\n","protected":false},"excerpt":{"rendered":"<p data-start=\"996\" data-end=\"1210\">PAESE Powder Browpencil antaki\u0173 pie\u0161tukas su silikoniniu \u0161epet\u0117liu lengvam antaki\u0173 u\u017epildymui ir formos pary\u0161kinimui. Atsparus vandeniui, nelipnus ir i\u0161liekantis iki 12 val. Soft Brown \u2013 nat\u016braliai rudas atspalvis.<\/p>\n","protected":false},"featured_media":64133,"template":"","meta":[],"product_brand":[1534],"product_cat":[1297,102],"product_tag":[1614],"class_list":{"0":"post-64131","1":"product","2":"type-product","3":"status-publish","4":"has-post-thumbnail","6":"product_brand-paese","7":"product_cat-antakiams","8":"product_cat-dekoratyvine-kosmetika","9":"product_tag-paese","11":"first","12":"instock","13":"purchasable","14":"product-type-simple"},"yoast_head":"<!-- This site is optimized with the Yoast SEO plugin v27.4 - https:\/\/yoast.com\/product\/yoast-seo-wordpress\/ -->\n<title>PAESE antaki\u0173 pie\u0161tukas Powder Browpencil Soft Brown - MalinaShop.lt J\u016bs\u0173 sveikatai ir gro\u017eiui.<\/title>\n<meta name=\"description\" content=\"PAESE Powder Browpencil Soft Brown \u2013 vandeniui atsparus antaki\u0173 pie\u0161tukas su silikoniniu \u0161epet\u0117liu, lengvam antaki\u0173 u\u017epildymui ir ilgalaikiam efektui.\" \/>\n<meta name=\"robots\" content=\"index, follow, max-snippet:-1, max-image-preview:large, max-video-preview:-1\" \/>\n<link rel=\"canonical\" href=\"https:\/\/www.malinashop.lt\/en\/shop\/paese-antakiu-piestukas-powder-browpencil-soft-brown\/\" \/>\n<meta property=\"og:locale\" content=\"en_GB\" \/>\n<meta property=\"og:type\" content=\"article\" \/>\n<meta property=\"og:title\" content=\"PAESE antaki\u0173 pie\u0161tukas Powder Browpencil Soft Brown - MalinaShop.lt J\u016bs\u0173 sveikatai ir gro\u017eiui.\" \/>\n<meta property=\"og:description\" content=\"PAESE Powder Browpencil Soft Brown \u2013 vandeniui atsparus antaki\u0173 pie\u0161tukas su silikoniniu \u0161epet\u0117liu, lengvam antaki\u0173 u\u017epildymui ir ilgalaikiam efektui.\" \/>\n<meta property=\"og:url\" content=\"https:\/\/www.malinashop.lt\/en\/shop\/paese-antakiu-piestukas-powder-browpencil-soft-brown\/\" \/>\n<meta property=\"og:site_name\" content=\"MalinaShop.lt J\u016bs\u0173 sveikatai ir gro\u017eiui.\" \/>\n<meta property=\"article:modified_time\" content=\"2026-02-10T09:48:06+00:00\" \/>\n<meta property=\"og:image\" content=\"https:\/\/www.malinashop.lt\/wp-content\/uploads\/2025\/11\/5902627616198-soft-brown.jpg\" \/>\n\t<meta property=\"og:image:width\" content=\"1000\" \/>\n\t<meta property=\"og:image:height\" content=\"1000\" \/>\n\t<meta property=\"og:image:type\" content=\"image\/jpeg\" \/>\n<meta name=\"twitter:card\" content=\"summary_large_image\" \/>\n<script type=\"application\/ld+json\" class=\"yoast-schema-graph\">{\"@context\":\"https:\\\/\\\/schema.org\",\"@graph\":[{\"@type\":\"WebPage\",\"@id\":\"https:\\\/\\\/www.malinashop.lt\\\/en\\\/shop\\\/paese-antakiu-piestukas-powder-browpencil-soft-brown\\\/\",\"url\":\"https:\\\/\\\/www.malinashop.lt\\\/en\\\/shop\\\/paese-antakiu-piestukas-powder-browpencil-soft-brown\\\/\",\"name\":\"PAESE antaki\u0173 pie\u0161tukas Powder Browpencil Soft Brown - MalinaShop.lt J\u016bs\u0173 sveikatai ir gro\u017eiui.\",\"isPartOf\":{\"@id\":\"https:\\\/\\\/www.malinashop.lt\\\/#website\"},\"primaryImageOfPage\":{\"@id\":\"https:\\\/\\\/www.malinashop.lt\\\/en\\\/shop\\\/paese-antakiu-piestukas-powder-browpencil-soft-brown\\\/#primaryimage\"},\"image\":{\"@id\":\"https:\\\/\\\/www.malinashop.lt\\\/en\\\/shop\\\/paese-antakiu-piestukas-powder-browpencil-soft-brown\\\/#primaryimage\"},\"thumbnailUrl\":\"https:\\\/\\\/www.malinashop.lt\\\/wp-content\\\/uploads\\\/2025\\\/11\\\/5902627616198-soft-brown.jpg\",\"datePublished\":\"2025-11-24T15:25:37+00:00\",\"dateModified\":\"2026-02-10T09:48:06+00:00\",\"description\":\"PAESE Powder Browpencil Soft Brown \u2013 vandeniui atsparus antaki\u0173 pie\u0161tukas su silikoniniu \u0161epet\u0117liu, lengvam antaki\u0173 u\u017epildymui ir ilgalaikiam efektui.\",\"breadcrumb\":{\"@id\":\"https:\\\/\\\/www.malinashop.lt\\\/en\\\/shop\\\/paese-antakiu-piestukas-powder-browpencil-soft-brown\\\/#breadcrumb\"},\"inLanguage\":\"en-GB\",\"potentialAction\":[{\"@type\":\"ReadAction\",\"target\":[\"https:\\\/\\\/www.malinashop.lt\\\/en\\\/shop\\\/paese-antakiu-piestukas-powder-browpencil-soft-brown\\\/\"]}]},{\"@type\":\"ImageObject\",\"inLanguage\":\"en-GB\",\"@id\":\"https:\\\/\\\/www.malinashop.lt\\\/en\\\/shop\\\/paese-antakiu-piestukas-powder-browpencil-soft-brown\\\/#primaryimage\",\"url\":\"https:\\\/\\\/www.malinashop.lt\\\/wp-content\\\/uploads\\\/2025\\\/11\\\/5902627616198-soft-brown.jpg\",\"contentUrl\":\"https:\\\/\\\/www.malinashop.lt\\\/wp-content\\\/uploads\\\/2025\\\/11\\\/5902627616198-soft-brown.jpg\",\"width\":1000,\"height\":1000},{\"@type\":\"BreadcrumbList\",\"@id\":\"https:\\\/\\\/www.malinashop.lt\\\/en\\\/shop\\\/paese-antakiu-piestukas-powder-browpencil-soft-brown\\\/#breadcrumb\",\"itemListElement\":[{\"@type\":\"ListItem\",\"position\":1,\"name\":\"Pagrindinis\",\"item\":\"https:\\\/\\\/www.malinashop.lt\\\/\"},{\"@type\":\"ListItem\",\"position\":2,\"name\":\"Parduotuv\u0117\",\"item\":\"https:\\\/\\\/www.malinashop.lt\\\/en\\\/parduotuve\\\/\"},{\"@type\":\"ListItem\",\"position\":3,\"name\":\"PAESE antaki\u0173 pie\u0161tukas Powder Browpencil Soft Brown\"}]},{\"@type\":\"WebSite\",\"@id\":\"https:\\\/\\\/www.malinashop.lt\\\/#website\",\"url\":\"https:\\\/\\\/www.malinashop.lt\\\/\",\"name\":\"COM Group Ecommerce\",\"description\":\"MalinaShop.lt - Gro\u017eio ir sveikatos produktai i\u0161 patikim\u0173 preki\u0173 \u017eenkl\u0173. Atraskite auk\u0161tos kokyb\u0117s kosmetik\u0105 u\u017e puiki\u0105 kain\u0105.\",\"publisher\":{\"@id\":\"https:\\\/\\\/www.malinashop.lt\\\/#organization\"},\"potentialAction\":[{\"@type\":\"SearchAction\",\"target\":{\"@type\":\"EntryPoint\",\"urlTemplate\":\"https:\\\/\\\/www.malinashop.lt\\\/?s={search_term_string}\"},\"query-input\":{\"@type\":\"PropertyValueSpecification\",\"valueRequired\":true,\"valueName\":\"search_term_string\"}}],\"inLanguage\":\"en-GB\"},{\"@type\":\"Organization\",\"@id\":\"https:\\\/\\\/www.malinashop.lt\\\/#organization\",\"name\":\"COM Group Ecommerce\",\"url\":\"https:\\\/\\\/www.malinashop.lt\\\/\",\"logo\":{\"@type\":\"ImageObject\",\"inLanguage\":\"en-GB\",\"@id\":\"https:\\\/\\\/www.malinashop.lt\\\/#\\\/schema\\\/logo\\\/image\\\/\",\"url\":\"https:\\\/\\\/www.malinashop.lt\\\/wp-content\\\/uploads\\\/2024\\\/08\\\/462559670_3787732518133670_9795632669273463_n-e1731525914575.png\",\"contentUrl\":\"https:\\\/\\\/www.malinashop.lt\\\/wp-content\\\/uploads\\\/2024\\\/08\\\/462559670_3787732518133670_9795632669273463_n-e1731525914575.png\",\"width\":180,\"height\":60,\"caption\":\"COM Group Ecommerce\"},\"image\":{\"@id\":\"https:\\\/\\\/www.malinashop.lt\\\/#\\\/schema\\\/logo\\\/image\\\/\"}}]}<\/script>\n<!-- \/ Yoast SEO plugin. -->","yoast_head_json":{"title":"PAESE antaki\u0173 pie\u0161tukas Powder Browpencil Soft Brown - MalinaShop.lt J\u016bs\u0173 sveikatai ir gro\u017eiui.","description":"PAESE Powder Browpencil Soft Brown \u2013 vandeniui atsparus antaki\u0173 pie\u0161tukas su silikoniniu \u0161epet\u0117liu, lengvam antaki\u0173 u\u017epildymui ir ilgalaikiam efektui.","robots":{"index":"index","follow":"follow","max-snippet":"max-snippet:-1","max-image-preview":"max-image-preview:large","max-video-preview":"max-video-preview:-1"},"canonical":"https:\/\/www.malinashop.lt\/en\/shop\/paese-antakiu-piestukas-powder-browpencil-soft-brown\/","og_locale":"en_GB","og_type":"article","og_title":"PAESE antaki\u0173 pie\u0161tukas Powder Browpencil Soft Brown - MalinaShop.lt J\u016bs\u0173 sveikatai ir gro\u017eiui.","og_description":"PAESE Powder Browpencil Soft Brown \u2013 vandeniui atsparus antaki\u0173 pie\u0161tukas su silikoniniu \u0161epet\u0117liu, lengvam antaki\u0173 u\u017epildymui ir ilgalaikiam efektui.","og_url":"https:\/\/www.malinashop.lt\/en\/shop\/paese-antakiu-piestukas-powder-browpencil-soft-brown\/","og_site_name":"MalinaShop.lt J\u016bs\u0173 sveikatai ir gro\u017eiui.","article_modified_time":"2026-02-10T09:48:06+00:00","og_image":[{"width":1000,"height":1000,"url":"https:\/\/www.malinashop.lt\/wp-content\/uploads\/2025\/11\/5902627616198-soft-brown.jpg","type":"image\/jpeg"}],"twitter_card":"summary_large_image","schema":{"@context":"https:\/\/schema.org","@graph":[{"@type":"WebPage","@id":"https:\/\/www.malinashop.lt\/en\/shop\/paese-antakiu-piestukas-powder-browpencil-soft-brown\/","url":"https:\/\/www.malinashop.lt\/en\/shop\/paese-antakiu-piestukas-powder-browpencil-soft-brown\/","name":"PAESE antaki\u0173 pie\u0161tukas Powder Browpencil Soft Brown - MalinaShop.lt J\u016bs\u0173 sveikatai ir gro\u017eiui.","isPartOf":{"@id":"https:\/\/www.malinashop.lt\/#website"},"primaryImageOfPage":{"@id":"https:\/\/www.malinashop.lt\/en\/shop\/paese-antakiu-piestukas-powder-browpencil-soft-brown\/#primaryimage"},"image":{"@id":"https:\/\/www.malinashop.lt\/en\/shop\/paese-antakiu-piestukas-powder-browpencil-soft-brown\/#primaryimage"},"thumbnailUrl":"https:\/\/www.malinashop.lt\/wp-content\/uploads\/2025\/11\/5902627616198-soft-brown.jpg","datePublished":"2025-11-24T15:25:37+00:00","dateModified":"2026-02-10T09:48:06+00:00","description":"PAESE Powder Browpencil Soft Brown \u2013 vandeniui atsparus antaki\u0173 pie\u0161tukas su silikoniniu \u0161epet\u0117liu, lengvam antaki\u0173 u\u017epildymui ir ilgalaikiam efektui.","breadcrumb":{"@id":"https:\/\/www.malinashop.lt\/en\/shop\/paese-antakiu-piestukas-powder-browpencil-soft-brown\/#breadcrumb"},"inLanguage":"en-GB","potentialAction":[{"@type":"ReadAction","target":["https:\/\/www.malinashop.lt\/en\/shop\/paese-antakiu-piestukas-powder-browpencil-soft-brown\/"]}]},{"@type":"ImageObject","inLanguage":"en-GB","@id":"https:\/\/www.malinashop.lt\/en\/shop\/paese-antakiu-piestukas-powder-browpencil-soft-brown\/#primaryimage","url":"https:\/\/www.malinashop.lt\/wp-content\/uploads\/2025\/11\/5902627616198-soft-brown.jpg","contentUrl":"https:\/\/www.malinashop.lt\/wp-content\/uploads\/2025\/11\/5902627616198-soft-brown.jpg","width":1000,"height":1000},{"@type":"BreadcrumbList","@id":"https:\/\/www.malinashop.lt\/en\/shop\/paese-antakiu-piestukas-powder-browpencil-soft-brown\/#breadcrumb","itemListElement":[{"@type":"ListItem","position":1,"name":"Pagrindinis","item":"https:\/\/www.malinashop.lt\/"},{"@type":"ListItem","position":2,"name":"Parduotuv\u0117","item":"https:\/\/www.malinashop.lt\/en\/parduotuve\/"},{"@type":"ListItem","position":3,"name":"PAESE antaki\u0173 pie\u0161tukas Powder Browpencil Soft Brown"}]},{"@type":"WebSite","@id":"https:\/\/www.malinashop.lt\/#website","url":"https:\/\/www.malinashop.lt\/","name":"COM Group Ecommerce","description":"MalinaShop.lt - Gro\u017eio ir sveikatos produktai i\u0161 patikim\u0173 preki\u0173 \u017eenkl\u0173. Atraskite auk\u0161tos kokyb\u0117s kosmetik\u0105 u\u017e puiki\u0105 kain\u0105.","publisher":{"@id":"https:\/\/www.malinashop.lt\/#organization"},"potentialAction":[{"@type":"SearchAction","target":{"@type":"EntryPoint","urlTemplate":"https:\/\/www.malinashop.lt\/?s={search_term_string}"},"query-input":{"@type":"PropertyValueSpecification","valueRequired":true,"valueName":"search_term_string"}}],"inLanguage":"en-GB"},{"@type":"Organization","@id":"https:\/\/www.malinashop.lt\/#organization","name":"COM Group Ecommerce","url":"https:\/\/www.malinashop.lt\/","logo":{"@type":"ImageObject","inLanguage":"en-GB","@id":"https:\/\/www.malinashop.lt\/#\/schema\/logo\/image\/","url":"https:\/\/www.malinashop.lt\/wp-content\/uploads\/2024\/08\/462559670_3787732518133670_9795632669273463_n-e1731525914575.png","contentUrl":"https:\/\/www.malinashop.lt\/wp-content\/uploads\/2024\/08\/462559670_3787732518133670_9795632669273463_n-e1731525914575.png","width":180,"height":60,"caption":"COM Group Ecommerce"},"image":{"@id":"https:\/\/www.malinashop.lt\/#\/schema\/logo\/image\/"}}]}},"jetpack_sharing_enabled":true,"_links":{"self":[{"href":"https:\/\/www.malinashop.lt\/en\/wp-json\/wp\/v2\/product\/64131","targetHints":{"allow":["GET"]}}],"collection":[{"href":"https:\/\/www.malinashop.lt\/en\/wp-json\/wp\/v2\/product"}],"about":[{"href":"https:\/\/www.malinashop.lt\/en\/wp-json\/wp\/v2\/types\/product"}],"version-history":[{"count":2,"href":"https:\/\/www.malinashop.lt\/en\/wp-json\/wp\/v2\/product\/64131\/revisions"}],"predecessor-version":[{"id":72243,"href":"https:\/\/www.malinashop.lt\/en\/wp-json\/wp\/v2\/product\/64131\/revisions\/72243"}],"wp:featuredmedia":[{"embeddable":true,"href":"https:\/\/www.malinashop.lt\/en\/wp-json\/wp\/v2\/media\/64133"}],"wp:attachment":[{"href":"https:\/\/www.malinashop.lt\/en\/wp-json\/wp\/v2\/media?parent=64131"}],"wp:term":[{"taxonomy":"product_brand","embeddable":true,"href":"https:\/\/www.malinashop.lt\/en\/wp-json\/wp\/v2\/product_brand?post=64131"},{"taxonomy":"product_cat","embeddable":true,"href":"https:\/\/www.malinashop.lt\/en\/wp-json\/wp\/v2\/product_cat?post=64131"},{"taxonomy":"product_tag","embeddable":true,"href":"https:\/\/www.malinashop.lt\/en\/wp-json\/wp\/v2\/product_tag?post=64131"}],"curies":[{"name":"wp","href":"https:\/\/api.w.org\/{rel}","templated":true}]}}