{"id":64090,"date":"2025-11-24T18:25:01","date_gmt":"2025-11-24T15:25:01","guid":{"rendered":"https:\/\/malinashop.lt\/?post_type=product&#038;p=64090"},"modified":"2025-12-12T17:43:39","modified_gmt":"2025-12-12T14:43:39","slug":"xiaomi-oclean-melynos-spalvos-flow-elektrinis-dantu-sepetelis-1-vnt","status":"publish","type":"product","link":"https:\/\/www.malinashop.lt\/en\/shop\/xiaomi-oclean-melynos-spalvos-flow-elektrinis-dantu-sepetelis-1-vnt\/","title":{"rendered":"XIAOMI OCLEAN m\u0117lynos spalvos FLOW elektrinis dant\u0173 \u0161epet\u0117lis, 1 vnt"},"content":{"rendered":"<p data-start=\"130\" data-end=\"508\"><strong data-start=\"130\" data-end=\"195\">XIAOMI OCLEAN FLOW elektrinis dant\u0173 \u0161epet\u0117lis m\u0117lynos spalvos<\/strong> \u2013 tai modernus ir patikimas sprendimas kasdienei burnos higienai. Pa\u017eangi <strong data-start=\"270\" data-end=\"307\">Sonic (ultragarsin\u0117) technologija<\/strong> u\u017etikrina itin efektyv\u0173 dant\u0173 valym\u0105, padedant\u012f pa\u0161alinti apna\u0161as net sunkiai pasiekiamose vietose. Su \u0161iuo \u0161epet\u0117liu dantis i\u0161sivalysite <strong data-start=\"446\" data-end=\"507\">iki 3 kart\u0173 grei\u010diau nei naudojant \u012fprast\u0105 dant\u0173 \u0161epet\u0117l\u012f<\/strong>.<\/p>\n<p data-start=\"510\" data-end=\"830\">\u0160epet\u0117lis turi <strong data-start=\"525\" data-end=\"556\">5 skirtingus valymo re\u017eimus<\/strong>, tod\u0117l lengvai prisitaikysite prie savo poreiki\u0173 \u2013 nuo \u0161velnaus valymo jautrioms dantenoms iki intensyvaus naktinio re\u017eimo. <strong data-start=\"681\" data-end=\"702\">Ilgaam\u017e\u0117 baterija<\/strong> leid\u017eia \u0161epet\u0117l\u012f naudoti net iki <strong data-start=\"736\" data-end=\"764\">180 dien\u0173 vienu \u012fkrovimu<\/strong>, tad jis puikiai tiks tiek kasdieniam naudojimui, tiek kelion\u0117ms.<\/p>\n<p data-start=\"832\" data-end=\"1073\"><strong data-start=\"832\" data-end=\"847\">Oclean Flow<\/strong> atitinka <strong data-start=\"857\" data-end=\"895\">IPX7 atsparumo vandeniui standart\u0105<\/strong>, tod\u0117l j\u012f saugu naudoti dr\u0117gnoje aplinkoje ar net du\u0161e. Ergonomi\u0161kas dizainas, patogus valdymas ir patikima \u201eXiaomi Oclean\u201c kokyb\u0117 \u2013 viskas, ko reikia nepriekai\u0161tingai \u0161ypsenai.<\/p>\n<h4 data-start=\"1075\" data-end=\"1094\">Valymo re\u017eimai:<\/h4>\n<ul data-start=\"1095\" data-end=\"1383\">\n<li data-start=\"1095\" data-end=\"1151\">\n<p data-start=\"1097\" data-end=\"1151\"><strong data-start=\"1097\" data-end=\"1116\">Rytinis re\u017eimas<\/strong> \u2013 kasdieniam gaiviam valymui (\u2605\u2605\u2605)<\/p>\n<\/li>\n<li data-start=\"1152\" data-end=\"1213\">\n<p data-start=\"1154\" data-end=\"1213\"><strong data-start=\"1154\" data-end=\"1174\">Naktinis re\u017eimas<\/strong> \u2013 giliam ir kruop\u0161\u010diam valymui (\u2605\u2605\u2605\u2605\u2605)<\/p>\n<\/li>\n<li data-start=\"1214\" data-end=\"1271\">\n<p data-start=\"1216\" data-end=\"1271\"><strong data-start=\"1216\" data-end=\"1240\">Standartinis re\u017eimas<\/strong> \u2013 kasdieniam naudojimui (\u2605\u2605\u2605\u2605)<\/p>\n<\/li>\n<li data-start=\"1272\" data-end=\"1334\">\n<p data-start=\"1274\" data-end=\"1334\"><strong data-start=\"1274\" data-end=\"1294\">Balinimo re\u017eimas<\/strong> \u2013 nat\u016braliai baltesniems dantims (\u2605\u2605\u2605\u2605)<\/p>\n<\/li>\n<li data-start=\"1335\" data-end=\"1383\">\n<p data-start=\"1337\" data-end=\"1383\"><strong data-start=\"1337\" data-end=\"1356\">\u0160velnus re\u017eimas<\/strong> \u2013 jautrioms dantenoms (\u2605\u2605)<\/p>\n<\/li>\n<\/ul>\n<h4 data-start=\"1385\" data-end=\"1406\">Pakuot\u0117s turinys:<\/h4>\n<ul data-start=\"1407\" data-end=\"1515\">\n<li data-start=\"1407\" data-end=\"1441\">\n<p data-start=\"1409\" data-end=\"1441\">1 \u00d7 elektrinis dant\u0173 \u0161epet\u0117lis<\/p>\n<\/li>\n<li data-start=\"1442\" data-end=\"1467\">\n<p data-start=\"1444\" data-end=\"1467\">1 \u00d7 \u0161epet\u0117lio galvut\u0117<\/p>\n<\/li>\n<li data-start=\"1468\" data-end=\"1485\">\n<p data-start=\"1470\" data-end=\"1485\">1 \u00d7 kroviklis<\/p>\n<\/li>\n<li data-start=\"1486\" data-end=\"1515\">\n<p data-start=\"1488\" data-end=\"1515\">1 \u00d7 vartotojo instrukcija<\/p>\n<\/li>\n<\/ul>\n","protected":false},"excerpt":{"rendered":"<p data-start=\"1556\" data-end=\"1754\">XIAOMI OCLEAN FLOW \u2013 m\u0117lynos spalvos elektrinis dant\u0173 \u0161epet\u0117lis su Sonic technologija, 5 valymo re\u017eimais ir itin ilgu baterijos veikimo laiku iki 180 dien\u0173. Efektyvus, patogus ir atsparus vandeniui.<\/p>\n","protected":false},"featured_media":64092,"template":"","meta":[],"product_brand":[1536],"product_cat":[1569],"product_tag":[],"class_list":{"0":"post-64090","1":"product","2":"type-product","3":"status-publish","4":"has-post-thumbnail","6":"product_brand-oclean","7":"product_cat-burnos-higiena","9":"first","10":"instock","11":"purchasable","12":"product-type-simple"},"yoast_head":"<!-- This site is optimized with the Yoast SEO plugin v27.4 - https:\/\/yoast.com\/product\/yoast-seo-wordpress\/ -->\n<title>XIAOMI OCLEAN m\u0117lynos spalvos FLOW elektrinis dant\u0173 \u0161epet\u0117lis, 1 vnt - MalinaShop.lt J\u016bs\u0173 sveikatai ir gro\u017eiui.<\/title>\n<meta name=\"description\" content=\"XIAOMI OCLEAN FLOW elektrinis dant\u0173 \u0161epet\u0117lis m\u0117lynos spalvos su Sonic technologija, 5 valymo re\u017eimais ir iki 180 dien\u0173 veikian\u010dia baterija.\" \/>\n<meta name=\"robots\" content=\"index, follow, max-snippet:-1, max-image-preview:large, max-video-preview:-1\" \/>\n<link rel=\"canonical\" href=\"https:\/\/www.malinashop.lt\/en\/shop\/xiaomi-oclean-melynos-spalvos-flow-elektrinis-dantu-sepetelis-1-vnt\/\" \/>\n<meta property=\"og:locale\" content=\"en_GB\" \/>\n<meta property=\"og:type\" content=\"article\" \/>\n<meta property=\"og:title\" content=\"XIAOMI OCLEAN m\u0117lynos spalvos FLOW elektrinis dant\u0173 \u0161epet\u0117lis, 1 vnt - MalinaShop.lt J\u016bs\u0173 sveikatai ir gro\u017eiui.\" \/>\n<meta property=\"og:description\" content=\"XIAOMI OCLEAN FLOW elektrinis dant\u0173 \u0161epet\u0117lis m\u0117lynos spalvos su Sonic technologija, 5 valymo re\u017eimais ir iki 180 dien\u0173 veikian\u010dia baterija.\" \/>\n<meta property=\"og:url\" content=\"https:\/\/www.malinashop.lt\/en\/shop\/xiaomi-oclean-melynos-spalvos-flow-elektrinis-dantu-sepetelis-1-vnt\/\" \/>\n<meta property=\"og:site_name\" content=\"MalinaShop.lt J\u016bs\u0173 sveikatai ir gro\u017eiui.\" \/>\n<meta property=\"article:modified_time\" content=\"2025-12-12T14:43:39+00:00\" \/>\n<meta property=\"og:image\" content=\"https:\/\/www.malinashop.lt\/wp-content\/uploads\/2025\/11\/Midnight-Blue.jpg\" \/>\n\t<meta property=\"og:image:width\" content=\"1000\" \/>\n\t<meta property=\"og:image:height\" content=\"1000\" \/>\n\t<meta property=\"og:image:type\" content=\"image\/jpeg\" \/>\n<meta name=\"twitter:card\" content=\"summary_large_image\" \/>\n<script type=\"application\/ld+json\" class=\"yoast-schema-graph\">{\"@context\":\"https:\\\/\\\/schema.org\",\"@graph\":[{\"@type\":\"WebPage\",\"@id\":\"https:\\\/\\\/www.malinashop.lt\\\/en\\\/shop\\\/xiaomi-oclean-melynos-spalvos-flow-elektrinis-dantu-sepetelis-1-vnt\\\/\",\"url\":\"https:\\\/\\\/www.malinashop.lt\\\/en\\\/shop\\\/xiaomi-oclean-melynos-spalvos-flow-elektrinis-dantu-sepetelis-1-vnt\\\/\",\"name\":\"XIAOMI OCLEAN m\u0117lynos spalvos FLOW elektrinis dant\u0173 \u0161epet\u0117lis, 1 vnt - MalinaShop.lt J\u016bs\u0173 sveikatai ir gro\u017eiui.\",\"isPartOf\":{\"@id\":\"https:\\\/\\\/www.malinashop.lt\\\/en\\\/#website\"},\"primaryImageOfPage\":{\"@id\":\"https:\\\/\\\/www.malinashop.lt\\\/en\\\/shop\\\/xiaomi-oclean-melynos-spalvos-flow-elektrinis-dantu-sepetelis-1-vnt\\\/#primaryimage\"},\"image\":{\"@id\":\"https:\\\/\\\/www.malinashop.lt\\\/en\\\/shop\\\/xiaomi-oclean-melynos-spalvos-flow-elektrinis-dantu-sepetelis-1-vnt\\\/#primaryimage\"},\"thumbnailUrl\":\"https:\\\/\\\/www.malinashop.lt\\\/wp-content\\\/uploads\\\/2025\\\/11\\\/Midnight-Blue.jpg\",\"datePublished\":\"2025-11-24T15:25:01+00:00\",\"dateModified\":\"2025-12-12T14:43:39+00:00\",\"description\":\"XIAOMI OCLEAN FLOW elektrinis dant\u0173 \u0161epet\u0117lis m\u0117lynos spalvos su Sonic technologija, 5 valymo re\u017eimais ir iki 180 dien\u0173 veikian\u010dia baterija.\",\"breadcrumb\":{\"@id\":\"https:\\\/\\\/www.malinashop.lt\\\/en\\\/shop\\\/xiaomi-oclean-melynos-spalvos-flow-elektrinis-dantu-sepetelis-1-vnt\\\/#breadcrumb\"},\"inLanguage\":\"en-GB\",\"potentialAction\":[{\"@type\":\"ReadAction\",\"target\":[\"https:\\\/\\\/www.malinashop.lt\\\/en\\\/shop\\\/xiaomi-oclean-melynos-spalvos-flow-elektrinis-dantu-sepetelis-1-vnt\\\/\"]}]},{\"@type\":\"ImageObject\",\"inLanguage\":\"en-GB\",\"@id\":\"https:\\\/\\\/www.malinashop.lt\\\/en\\\/shop\\\/xiaomi-oclean-melynos-spalvos-flow-elektrinis-dantu-sepetelis-1-vnt\\\/#primaryimage\",\"url\":\"https:\\\/\\\/www.malinashop.lt\\\/wp-content\\\/uploads\\\/2025\\\/11\\\/Midnight-Blue.jpg\",\"contentUrl\":\"https:\\\/\\\/www.malinashop.lt\\\/wp-content\\\/uploads\\\/2025\\\/11\\\/Midnight-Blue.jpg\",\"width\":1000,\"height\":1000},{\"@type\":\"BreadcrumbList\",\"@id\":\"https:\\\/\\\/www.malinashop.lt\\\/en\\\/shop\\\/xiaomi-oclean-melynos-spalvos-flow-elektrinis-dantu-sepetelis-1-vnt\\\/#breadcrumb\",\"itemListElement\":[{\"@type\":\"ListItem\",\"position\":1,\"name\":\"Home\",\"item\":\"https:\\\/\\\/www.malinashop.lt\\\/en\\\/\"},{\"@type\":\"ListItem\",\"position\":2,\"name\":\"Parduotuv\u0117\",\"item\":\"https:\\\/\\\/www.malinashop.lt\\\/en\\\/parduotuve\\\/\"},{\"@type\":\"ListItem\",\"position\":3,\"name\":\"XIAOMI OCLEAN m\u0117lynos spalvos FLOW elektrinis dant\u0173 \u0161epet\u0117lis, 1 vnt\"}]},{\"@type\":\"WebSite\",\"@id\":\"https:\\\/\\\/www.malinashop.lt\\\/en\\\/#website\",\"url\":\"https:\\\/\\\/www.malinashop.lt\\\/en\\\/\",\"name\":\"COM Group Ecommerce\",\"description\":\"MalinaShop.lt - Gro\u017eio ir sveikatos produktai i\u0161 patikim\u0173 preki\u0173 \u017eenkl\u0173. Atraskite auk\u0161tos kokyb\u0117s kosmetik\u0105 u\u017e puiki\u0105 kain\u0105.\",\"publisher\":{\"@id\":\"https:\\\/\\\/www.malinashop.lt\\\/en\\\/#organization\"},\"potentialAction\":[{\"@type\":\"SearchAction\",\"target\":{\"@type\":\"EntryPoint\",\"urlTemplate\":\"https:\\\/\\\/www.malinashop.lt\\\/en\\\/?s={search_term_string}\"},\"query-input\":{\"@type\":\"PropertyValueSpecification\",\"valueRequired\":true,\"valueName\":\"search_term_string\"}}],\"inLanguage\":\"en-GB\"},{\"@type\":\"Organization\",\"@id\":\"https:\\\/\\\/www.malinashop.lt\\\/en\\\/#organization\",\"name\":\"COM Group Ecommerce\",\"url\":\"https:\\\/\\\/www.malinashop.lt\\\/en\\\/\",\"logo\":{\"@type\":\"ImageObject\",\"inLanguage\":\"en-GB\",\"@id\":\"https:\\\/\\\/www.malinashop.lt\\\/en\\\/#\\\/schema\\\/logo\\\/image\\\/\",\"url\":\"https:\\\/\\\/www.malinashop.lt\\\/wp-content\\\/uploads\\\/2024\\\/08\\\/462559670_3787732518133670_9795632669273463_n-e1731525914575.png\",\"contentUrl\":\"https:\\\/\\\/www.malinashop.lt\\\/wp-content\\\/uploads\\\/2024\\\/08\\\/462559670_3787732518133670_9795632669273463_n-e1731525914575.png\",\"width\":180,\"height\":60,\"caption\":\"COM Group Ecommerce\"},\"image\":{\"@id\":\"https:\\\/\\\/www.malinashop.lt\\\/en\\\/#\\\/schema\\\/logo\\\/image\\\/\"}}]}<\/script>\n<!-- \/ Yoast SEO plugin. -->","yoast_head_json":{"title":"XIAOMI OCLEAN m\u0117lynos spalvos FLOW elektrinis dant\u0173 \u0161epet\u0117lis, 1 vnt - MalinaShop.lt J\u016bs\u0173 sveikatai ir gro\u017eiui.","description":"XIAOMI OCLEAN FLOW elektrinis dant\u0173 \u0161epet\u0117lis m\u0117lynos spalvos su Sonic technologija, 5 valymo re\u017eimais ir iki 180 dien\u0173 veikian\u010dia baterija.","robots":{"index":"index","follow":"follow","max-snippet":"max-snippet:-1","max-image-preview":"max-image-preview:large","max-video-preview":"max-video-preview:-1"},"canonical":"https:\/\/www.malinashop.lt\/en\/shop\/xiaomi-oclean-melynos-spalvos-flow-elektrinis-dantu-sepetelis-1-vnt\/","og_locale":"en_GB","og_type":"article","og_title":"XIAOMI OCLEAN m\u0117lynos spalvos FLOW elektrinis dant\u0173 \u0161epet\u0117lis, 1 vnt - MalinaShop.lt J\u016bs\u0173 sveikatai ir gro\u017eiui.","og_description":"XIAOMI OCLEAN FLOW elektrinis dant\u0173 \u0161epet\u0117lis m\u0117lynos spalvos su Sonic technologija, 5 valymo re\u017eimais ir iki 180 dien\u0173 veikian\u010dia baterija.","og_url":"https:\/\/www.malinashop.lt\/en\/shop\/xiaomi-oclean-melynos-spalvos-flow-elektrinis-dantu-sepetelis-1-vnt\/","og_site_name":"MalinaShop.lt J\u016bs\u0173 sveikatai ir gro\u017eiui.","article_modified_time":"2025-12-12T14:43:39+00:00","og_image":[{"width":1000,"height":1000,"url":"https:\/\/www.malinashop.lt\/wp-content\/uploads\/2025\/11\/Midnight-Blue.jpg","type":"image\/jpeg"}],"twitter_card":"summary_large_image","schema":{"@context":"https:\/\/schema.org","@graph":[{"@type":"WebPage","@id":"https:\/\/www.malinashop.lt\/en\/shop\/xiaomi-oclean-melynos-spalvos-flow-elektrinis-dantu-sepetelis-1-vnt\/","url":"https:\/\/www.malinashop.lt\/en\/shop\/xiaomi-oclean-melynos-spalvos-flow-elektrinis-dantu-sepetelis-1-vnt\/","name":"XIAOMI OCLEAN m\u0117lynos spalvos FLOW elektrinis dant\u0173 \u0161epet\u0117lis, 1 vnt - MalinaShop.lt J\u016bs\u0173 sveikatai ir gro\u017eiui.","isPartOf":{"@id":"https:\/\/www.malinashop.lt\/en\/#website"},"primaryImageOfPage":{"@id":"https:\/\/www.malinashop.lt\/en\/shop\/xiaomi-oclean-melynos-spalvos-flow-elektrinis-dantu-sepetelis-1-vnt\/#primaryimage"},"image":{"@id":"https:\/\/www.malinashop.lt\/en\/shop\/xiaomi-oclean-melynos-spalvos-flow-elektrinis-dantu-sepetelis-1-vnt\/#primaryimage"},"thumbnailUrl":"https:\/\/www.malinashop.lt\/wp-content\/uploads\/2025\/11\/Midnight-Blue.jpg","datePublished":"2025-11-24T15:25:01+00:00","dateModified":"2025-12-12T14:43:39+00:00","description":"XIAOMI OCLEAN FLOW elektrinis dant\u0173 \u0161epet\u0117lis m\u0117lynos spalvos su Sonic technologija, 5 valymo re\u017eimais ir iki 180 dien\u0173 veikian\u010dia baterija.","breadcrumb":{"@id":"https:\/\/www.malinashop.lt\/en\/shop\/xiaomi-oclean-melynos-spalvos-flow-elektrinis-dantu-sepetelis-1-vnt\/#breadcrumb"},"inLanguage":"en-GB","potentialAction":[{"@type":"ReadAction","target":["https:\/\/www.malinashop.lt\/en\/shop\/xiaomi-oclean-melynos-spalvos-flow-elektrinis-dantu-sepetelis-1-vnt\/"]}]},{"@type":"ImageObject","inLanguage":"en-GB","@id":"https:\/\/www.malinashop.lt\/en\/shop\/xiaomi-oclean-melynos-spalvos-flow-elektrinis-dantu-sepetelis-1-vnt\/#primaryimage","url":"https:\/\/www.malinashop.lt\/wp-content\/uploads\/2025\/11\/Midnight-Blue.jpg","contentUrl":"https:\/\/www.malinashop.lt\/wp-content\/uploads\/2025\/11\/Midnight-Blue.jpg","width":1000,"height":1000},{"@type":"BreadcrumbList","@id":"https:\/\/www.malinashop.lt\/en\/shop\/xiaomi-oclean-melynos-spalvos-flow-elektrinis-dantu-sepetelis-1-vnt\/#breadcrumb","itemListElement":[{"@type":"ListItem","position":1,"name":"Home","item":"https:\/\/www.malinashop.lt\/en\/"},{"@type":"ListItem","position":2,"name":"Parduotuv\u0117","item":"https:\/\/www.malinashop.lt\/en\/parduotuve\/"},{"@type":"ListItem","position":3,"name":"XIAOMI OCLEAN m\u0117lynos spalvos FLOW elektrinis dant\u0173 \u0161epet\u0117lis, 1 vnt"}]},{"@type":"WebSite","@id":"https:\/\/www.malinashop.lt\/en\/#website","url":"https:\/\/www.malinashop.lt\/en\/","name":"COM Group Ecommerce","description":"MalinaShop.lt - Gro\u017eio ir sveikatos produktai i\u0161 patikim\u0173 preki\u0173 \u017eenkl\u0173. Atraskite auk\u0161tos kokyb\u0117s kosmetik\u0105 u\u017e puiki\u0105 kain\u0105.","publisher":{"@id":"https:\/\/www.malinashop.lt\/en\/#organization"},"potentialAction":[{"@type":"SearchAction","target":{"@type":"EntryPoint","urlTemplate":"https:\/\/www.malinashop.lt\/en\/?s={search_term_string}"},"query-input":{"@type":"PropertyValueSpecification","valueRequired":true,"valueName":"search_term_string"}}],"inLanguage":"en-GB"},{"@type":"Organization","@id":"https:\/\/www.malinashop.lt\/en\/#organization","name":"COM Group Ecommerce","url":"https:\/\/www.malinashop.lt\/en\/","logo":{"@type":"ImageObject","inLanguage":"en-GB","@id":"https:\/\/www.malinashop.lt\/en\/#\/schema\/logo\/image\/","url":"https:\/\/www.malinashop.lt\/wp-content\/uploads\/2024\/08\/462559670_3787732518133670_9795632669273463_n-e1731525914575.png","contentUrl":"https:\/\/www.malinashop.lt\/wp-content\/uploads\/2024\/08\/462559670_3787732518133670_9795632669273463_n-e1731525914575.png","width":180,"height":60,"caption":"COM Group Ecommerce"},"image":{"@id":"https:\/\/www.malinashop.lt\/en\/#\/schema\/logo\/image\/"}}]}},"jetpack_sharing_enabled":true,"_links":{"self":[{"href":"https:\/\/www.malinashop.lt\/en\/wp-json\/wp\/v2\/product\/64090","targetHints":{"allow":["GET"]}}],"collection":[{"href":"https:\/\/www.malinashop.lt\/en\/wp-json\/wp\/v2\/product"}],"about":[{"href":"https:\/\/www.malinashop.lt\/en\/wp-json\/wp\/v2\/types\/product"}],"version-history":[{"count":2,"href":"https:\/\/www.malinashop.lt\/en\/wp-json\/wp\/v2\/product\/64090\/revisions"}],"predecessor-version":[{"id":72316,"href":"https:\/\/www.malinashop.lt\/en\/wp-json\/wp\/v2\/product\/64090\/revisions\/72316"}],"wp:featuredmedia":[{"embeddable":true,"href":"https:\/\/www.malinashop.lt\/en\/wp-json\/wp\/v2\/media\/64092"}],"wp:attachment":[{"href":"https:\/\/www.malinashop.lt\/en\/wp-json\/wp\/v2\/media?parent=64090"}],"wp:term":[{"taxonomy":"product_brand","embeddable":true,"href":"https:\/\/www.malinashop.lt\/en\/wp-json\/wp\/v2\/product_brand?post=64090"},{"taxonomy":"product_cat","embeddable":true,"href":"https:\/\/www.malinashop.lt\/en\/wp-json\/wp\/v2\/product_cat?post=64090"},{"taxonomy":"product_tag","embeddable":true,"href":"https:\/\/www.malinashop.lt\/en\/wp-json\/wp\/v2\/product_tag?post=64090"}],"curies":[{"name":"wp","href":"https:\/\/api.w.org\/{rel}","templated":true}]}}