{"id":64049,"date":"2025-11-24T18:24:17","date_gmt":"2025-11-24T15:24:17","guid":{"rendered":"https:\/\/malinashop.lt\/?post_type=product&#038;p=64049"},"modified":"2025-12-12T14:55:46","modified_gmt":"2025-12-12T11:55:46","slug":"xiaomi-oclean-x-pro-digital-elektrinis-dantu-sepetelis-auksines-spalvos-1-vnt","status":"publish","type":"product","link":"https:\/\/www.malinashop.lt\/en\/shop\/xiaomi-oclean-x-pro-digital-elektrinis-dantu-sepetelis-auksines-spalvos-1-vnt\/","title":{"rendered":"XIAOMI OCLEAN X PRO DIGITAL elektrinis dant\u0173 \u0161epet\u0117lis auksin\u0117s spalvos, 1 vnt"},"content":{"rendered":"<p data-start=\"284\" data-end=\"582\"><strong data-start=\"284\" data-end=\"308\">Oclean X Pro Digital<\/strong> \u2013 tai pa\u017eangus, i\u0161manusis elektrinis dant\u0173 \u0161epet\u0117lis, sukurtas tiems, kurie siekia maksimalios burnos higienos kontrol\u0117s. Atnaujintas X Pro modelis pasi\u017eymi <strong data-start=\"466\" data-end=\"499\">2 kartus didesne valymo galia<\/strong> ir iki <strong data-start=\"507\" data-end=\"536\">5 kart\u0173 didesniu komfortu<\/strong>, tod\u0117l yra itin \u0161velnus dantims ir dantenoms.<\/p>\n<p data-start=\"584\" data-end=\"897\">\u0160epet\u0117lio pagrindas \u2013 <strong data-start=\"606\" data-end=\"673\">patobulintas patentuotas MAGLEV magnetin\u0117s levitacijos variklis<\/strong>, kuris perduoda virpesius tiesiai \u012f kiekvieno \u0161erelio galiuk\u0105, u\u017etikrindamas itin efektyv\u0173 apna\u0161\u0173 \u0161alinim\u0105 be energijos nuostoli\u0173. Didesnis \u2013 iki <strong data-start=\"820\" data-end=\"853\">12\u00b0 galvut\u0117s pasvirimo kampas<\/strong> leid\u017eia pasiekti sunkiai prieinamas vietas.<\/p>\n<p data-start=\"899\" data-end=\"1063\">Valymo metu susidarantys <strong data-start=\"924\" data-end=\"945\">mikro burbuliukai<\/strong> i\u0161 vandens, dant\u0173 pastos ir seili\u0173 mi\u0161inio padeda pa\u0161alinti bakterijas, maisto liku\u010dius ir apna\u0161as net tarpdan\u010diuose.<\/p>\n<p data-start=\"1065\" data-end=\"1147\">I\u0161maniajame ekrane po kiekvieno valymo matysite <strong data-start=\"1113\" data-end=\"1132\">3D dant\u0173 model\u012f<\/strong>, kuris parodo:<\/p>\n<ul data-start=\"1148\" data-end=\"1253\">\n<li data-start=\"1148\" data-end=\"1202\">\n<p data-start=\"1150\" data-end=\"1202\"><strong data-start=\"1150\" data-end=\"1168\">raudona spalva<\/strong> \u2013 nepakankamai i\u0161valytas vietas<\/p>\n<\/li>\n<li data-start=\"1203\" data-end=\"1253\">\n<p data-start=\"1205\" data-end=\"1253\"><strong data-start=\"1205\" data-end=\"1221\">balta spalva<\/strong> \u2013 kruop\u0161\u010diai i\u0161valytas vietas<\/p>\n<\/li>\n<\/ul>\n<p data-start=\"1255\" data-end=\"1450\">Pa\u017eang\u016bs algoritmai \u012fvertina valym\u0105 balais nuo <strong data-start=\"1302\" data-end=\"1315\">0 iki 100<\/strong>. Jei rezultatas ma\u017eesnis nei 90, \u0161epet\u0117lis rekomenduos pakartotin\u012f valym\u0105 praleistoms vietoms i\u0161valyti \u2013 vos vienu mygtuko paspaudimu.<\/p>\n<p data-start=\"1452\" data-end=\"1499\">Naudodami <strong data-start=\"1462\" data-end=\"1478\">Oclean Care+<\/strong> program\u0117l\u0119 gal\u0117site:<\/p>\n<ul data-start=\"1500\" data-end=\"1693\">\n<li data-start=\"1500\" data-end=\"1565\">\n<p data-start=\"1502\" data-end=\"1565\">steb\u0117ti i\u0161samias valymo ataskaitas (dienos, savait\u0117s, m\u0117nesio),<\/p>\n<\/li>\n<li data-start=\"1566\" data-end=\"1613\">\n<p data-start=\"1568\" data-end=\"1613\">gauti rekomendacijas pagal nei\u0161valytas zonas,<\/p>\n<\/li>\n<li data-start=\"1614\" data-end=\"1651\">\n<p data-start=\"1616\" data-end=\"1651\">susikurti asmenin\u0119 valymo program\u0105,<\/p>\n<\/li>\n<li data-start=\"1652\" data-end=\"1693\">\n<p data-start=\"1654\" data-end=\"1693\">gauti priminimus apie galvut\u0117s keitim\u0105.<\/p>\n<\/li>\n<\/ul>\n<p data-start=\"1695\" data-end=\"1771\">Program\u0117l\u0117 suderinama su <strong data-start=\"1720\" data-end=\"1752\">iOS, Android ir Apple Health<\/strong>, palaiko 15 kalb\u0173.<\/p>\n<p data-start=\"1773\" data-end=\"1836\">Komplekte rasite <strong data-start=\"1790\" data-end=\"1835\">2 auk\u0161tos kokyb\u0117s DuPont pluo\u0161to galvutes<\/strong>:<\/p>\n<ul data-start=\"1837\" data-end=\"1998\">\n<li data-start=\"1837\" data-end=\"1920\">\n<p data-start=\"1839\" data-end=\"1920\">standartin\u0119 balinimo\/valymo galvut\u0119 su \u201eW\u201c formos \u0161ereliais ir lie\u017euvio valikliu;<\/p>\n<\/li>\n<li data-start=\"1921\" data-end=\"1998\">\n<p data-start=\"1923\" data-end=\"1998\">ma\u017eesn\u0119, itin \u0161velni\u0105 galvut\u0119 sunkiai pasiekiamoms vietoms ir tarpdan\u010diams.<\/p>\n<\/li>\n<\/ul>\n<p data-start=\"2000\" data-end=\"2109\">Rinkinyje taip pat yra <strong data-start=\"2023\" data-end=\"2066\">sieninis laikiklis su \u012fkrovimo funkcija<\/strong>, \u012fkrovimo laidas ir naudotojo instrukcija.<\/p>\n","protected":false},"excerpt":{"rendered":"<p data-start=\"2148\" data-end=\"2407\"><strong data-start=\"2148\" data-end=\"2172\">Oclean X Pro Digital<\/strong> \u2013 i\u0161manus elektrinis dant\u0173 \u0161epet\u0117lis su ekranu ir 3D burnos \u017eem\u0117lapiu, u\u017etikrinantis galing\u0105, bet \u0161veln\u0173 valym\u0105. Su magnetin\u0117s levitacijos varikliu, mikro burbuliuk\u0173 technologija ir program\u0117le kasdieniam burnos prie\u017ei\u016bros tobulinimui.<\/p>\n","protected":false},"featured_media":64051,"template":"","meta":[],"product_brand":[1536],"product_cat":[1569],"product_tag":[],"class_list":{"0":"post-64049","1":"product","2":"type-product","3":"status-publish","4":"has-post-thumbnail","6":"product_brand-oclean","7":"product_cat-burnos-higiena","9":"first","10":"instock","11":"purchasable","12":"product-type-simple"},"yoast_head":"<!-- This site is optimized with the Yoast SEO plugin v27.4 - https:\/\/yoast.com\/product\/yoast-seo-wordpress\/ -->\n<title>XIAOMI OCLEAN X PRO DIGITAL elektrinis dant\u0173 \u0161epet\u0117lis auksin\u0117s spalvos, 1 vnt - MalinaShop.lt J\u016bs\u0173 sveikatai ir gro\u017eiui.<\/title>\n<meta name=\"description\" content=\"I\u0161manus Oclean X Pro Digital elektrinis dant\u0173 \u0161epet\u0117lis su ekranu, MAGLEV varikliu ir 3D dant\u0173 analize. Galingas, \u0161velnus ir modernus sprendimas.\" \/>\n<meta name=\"robots\" content=\"index, follow, max-snippet:-1, max-image-preview:large, max-video-preview:-1\" \/>\n<link rel=\"canonical\" href=\"https:\/\/www.malinashop.lt\/en\/shop\/xiaomi-oclean-x-pro-digital-elektrinis-dantu-sepetelis-auksines-spalvos-1-vnt\/\" \/>\n<meta property=\"og:locale\" content=\"en_GB\" \/>\n<meta property=\"og:type\" content=\"article\" \/>\n<meta property=\"og:title\" content=\"XIAOMI OCLEAN X PRO DIGITAL elektrinis dant\u0173 \u0161epet\u0117lis auksin\u0117s spalvos, 1 vnt - MalinaShop.lt J\u016bs\u0173 sveikatai ir gro\u017eiui.\" \/>\n<meta property=\"og:description\" content=\"I\u0161manus Oclean X Pro Digital elektrinis dant\u0173 \u0161epet\u0117lis su ekranu, MAGLEV varikliu ir 3D dant\u0173 analize. Galingas, \u0161velnus ir modernus sprendimas.\" \/>\n<meta property=\"og:url\" content=\"https:\/\/www.malinashop.lt\/en\/shop\/xiaomi-oclean-x-pro-digital-elektrinis-dantu-sepetelis-auksines-spalvos-1-vnt\/\" \/>\n<meta property=\"og:site_name\" content=\"MalinaShop.lt J\u016bs\u0173 sveikatai ir gro\u017eiui.\" \/>\n<meta property=\"article:modified_time\" content=\"2025-12-12T11:55:46+00:00\" \/>\n<meta property=\"og:image\" content=\"https:\/\/www.malinashop.lt\/wp-content\/uploads\/2025\/11\/1-3.jpg\" \/>\n\t<meta property=\"og:image:width\" content=\"1000\" \/>\n\t<meta property=\"og:image:height\" content=\"1000\" \/>\n\t<meta property=\"og:image:type\" content=\"image\/jpeg\" \/>\n<meta name=\"twitter:card\" content=\"summary_large_image\" \/>\n<script type=\"application\/ld+json\" class=\"yoast-schema-graph\">{\"@context\":\"https:\\\/\\\/schema.org\",\"@graph\":[{\"@type\":\"WebPage\",\"@id\":\"https:\\\/\\\/www.malinashop.lt\\\/en\\\/shop\\\/xiaomi-oclean-x-pro-digital-elektrinis-dantu-sepetelis-auksines-spalvos-1-vnt\\\/\",\"url\":\"https:\\\/\\\/www.malinashop.lt\\\/en\\\/shop\\\/xiaomi-oclean-x-pro-digital-elektrinis-dantu-sepetelis-auksines-spalvos-1-vnt\\\/\",\"name\":\"XIAOMI OCLEAN X PRO DIGITAL elektrinis dant\u0173 \u0161epet\u0117lis auksin\u0117s spalvos, 1 vnt - MalinaShop.lt J\u016bs\u0173 sveikatai ir gro\u017eiui.\",\"isPartOf\":{\"@id\":\"https:\\\/\\\/www.malinashop.lt\\\/en\\\/#website\"},\"primaryImageOfPage\":{\"@id\":\"https:\\\/\\\/www.malinashop.lt\\\/en\\\/shop\\\/xiaomi-oclean-x-pro-digital-elektrinis-dantu-sepetelis-auksines-spalvos-1-vnt\\\/#primaryimage\"},\"image\":{\"@id\":\"https:\\\/\\\/www.malinashop.lt\\\/en\\\/shop\\\/xiaomi-oclean-x-pro-digital-elektrinis-dantu-sepetelis-auksines-spalvos-1-vnt\\\/#primaryimage\"},\"thumbnailUrl\":\"https:\\\/\\\/www.malinashop.lt\\\/wp-content\\\/uploads\\\/2025\\\/11\\\/1-3.jpg\",\"datePublished\":\"2025-11-24T15:24:17+00:00\",\"dateModified\":\"2025-12-12T11:55:46+00:00\",\"description\":\"I\u0161manus Oclean X Pro Digital elektrinis dant\u0173 \u0161epet\u0117lis su ekranu, MAGLEV varikliu ir 3D dant\u0173 analize. Galingas, \u0161velnus ir modernus sprendimas.\",\"breadcrumb\":{\"@id\":\"https:\\\/\\\/www.malinashop.lt\\\/en\\\/shop\\\/xiaomi-oclean-x-pro-digital-elektrinis-dantu-sepetelis-auksines-spalvos-1-vnt\\\/#breadcrumb\"},\"inLanguage\":\"en-GB\",\"potentialAction\":[{\"@type\":\"ReadAction\",\"target\":[\"https:\\\/\\\/www.malinashop.lt\\\/en\\\/shop\\\/xiaomi-oclean-x-pro-digital-elektrinis-dantu-sepetelis-auksines-spalvos-1-vnt\\\/\"]}]},{\"@type\":\"ImageObject\",\"inLanguage\":\"en-GB\",\"@id\":\"https:\\\/\\\/www.malinashop.lt\\\/en\\\/shop\\\/xiaomi-oclean-x-pro-digital-elektrinis-dantu-sepetelis-auksines-spalvos-1-vnt\\\/#primaryimage\",\"url\":\"https:\\\/\\\/www.malinashop.lt\\\/wp-content\\\/uploads\\\/2025\\\/11\\\/1-3.jpg\",\"contentUrl\":\"https:\\\/\\\/www.malinashop.lt\\\/wp-content\\\/uploads\\\/2025\\\/11\\\/1-3.jpg\",\"width\":1000,\"height\":1000},{\"@type\":\"BreadcrumbList\",\"@id\":\"https:\\\/\\\/www.malinashop.lt\\\/en\\\/shop\\\/xiaomi-oclean-x-pro-digital-elektrinis-dantu-sepetelis-auksines-spalvos-1-vnt\\\/#breadcrumb\",\"itemListElement\":[{\"@type\":\"ListItem\",\"position\":1,\"name\":\"Home\",\"item\":\"https:\\\/\\\/www.malinashop.lt\\\/en\\\/\"},{\"@type\":\"ListItem\",\"position\":2,\"name\":\"Parduotuv\u0117\",\"item\":\"https:\\\/\\\/www.malinashop.lt\\\/en\\\/parduotuve\\\/\"},{\"@type\":\"ListItem\",\"position\":3,\"name\":\"XIAOMI OCLEAN X PRO DIGITAL elektrinis dant\u0173 \u0161epet\u0117lis auksin\u0117s spalvos, 1 vnt\"}]},{\"@type\":\"WebSite\",\"@id\":\"https:\\\/\\\/www.malinashop.lt\\\/en\\\/#website\",\"url\":\"https:\\\/\\\/www.malinashop.lt\\\/en\\\/\",\"name\":\"COM Group Ecommerce\",\"description\":\"MalinaShop.lt - Gro\u017eio ir sveikatos produktai i\u0161 patikim\u0173 preki\u0173 \u017eenkl\u0173. Atraskite auk\u0161tos kokyb\u0117s kosmetik\u0105 u\u017e puiki\u0105 kain\u0105.\",\"publisher\":{\"@id\":\"https:\\\/\\\/www.malinashop.lt\\\/en\\\/#organization\"},\"potentialAction\":[{\"@type\":\"SearchAction\",\"target\":{\"@type\":\"EntryPoint\",\"urlTemplate\":\"https:\\\/\\\/www.malinashop.lt\\\/en\\\/?s={search_term_string}\"},\"query-input\":{\"@type\":\"PropertyValueSpecification\",\"valueRequired\":true,\"valueName\":\"search_term_string\"}}],\"inLanguage\":\"en-GB\"},{\"@type\":\"Organization\",\"@id\":\"https:\\\/\\\/www.malinashop.lt\\\/en\\\/#organization\",\"name\":\"COM Group Ecommerce\",\"url\":\"https:\\\/\\\/www.malinashop.lt\\\/en\\\/\",\"logo\":{\"@type\":\"ImageObject\",\"inLanguage\":\"en-GB\",\"@id\":\"https:\\\/\\\/www.malinashop.lt\\\/en\\\/#\\\/schema\\\/logo\\\/image\\\/\",\"url\":\"https:\\\/\\\/www.malinashop.lt\\\/wp-content\\\/uploads\\\/2024\\\/08\\\/462559670_3787732518133670_9795632669273463_n-e1731525914575.png\",\"contentUrl\":\"https:\\\/\\\/www.malinashop.lt\\\/wp-content\\\/uploads\\\/2024\\\/08\\\/462559670_3787732518133670_9795632669273463_n-e1731525914575.png\",\"width\":180,\"height\":60,\"caption\":\"COM Group Ecommerce\"},\"image\":{\"@id\":\"https:\\\/\\\/www.malinashop.lt\\\/en\\\/#\\\/schema\\\/logo\\\/image\\\/\"}}]}<\/script>\n<!-- \/ Yoast SEO plugin. -->","yoast_head_json":{"title":"XIAOMI OCLEAN X PRO DIGITAL elektrinis dant\u0173 \u0161epet\u0117lis auksin\u0117s spalvos, 1 vnt - MalinaShop.lt J\u016bs\u0173 sveikatai ir gro\u017eiui.","description":"I\u0161manus Oclean X Pro Digital elektrinis dant\u0173 \u0161epet\u0117lis su ekranu, MAGLEV varikliu ir 3D dant\u0173 analize. Galingas, \u0161velnus ir modernus sprendimas.","robots":{"index":"index","follow":"follow","max-snippet":"max-snippet:-1","max-image-preview":"max-image-preview:large","max-video-preview":"max-video-preview:-1"},"canonical":"https:\/\/www.malinashop.lt\/en\/shop\/xiaomi-oclean-x-pro-digital-elektrinis-dantu-sepetelis-auksines-spalvos-1-vnt\/","og_locale":"en_GB","og_type":"article","og_title":"XIAOMI OCLEAN X PRO DIGITAL elektrinis dant\u0173 \u0161epet\u0117lis auksin\u0117s spalvos, 1 vnt - MalinaShop.lt J\u016bs\u0173 sveikatai ir gro\u017eiui.","og_description":"I\u0161manus Oclean X Pro Digital elektrinis dant\u0173 \u0161epet\u0117lis su ekranu, MAGLEV varikliu ir 3D dant\u0173 analize. Galingas, \u0161velnus ir modernus sprendimas.","og_url":"https:\/\/www.malinashop.lt\/en\/shop\/xiaomi-oclean-x-pro-digital-elektrinis-dantu-sepetelis-auksines-spalvos-1-vnt\/","og_site_name":"MalinaShop.lt J\u016bs\u0173 sveikatai ir gro\u017eiui.","article_modified_time":"2025-12-12T11:55:46+00:00","og_image":[{"width":1000,"height":1000,"url":"https:\/\/www.malinashop.lt\/wp-content\/uploads\/2025\/11\/1-3.jpg","type":"image\/jpeg"}],"twitter_card":"summary_large_image","schema":{"@context":"https:\/\/schema.org","@graph":[{"@type":"WebPage","@id":"https:\/\/www.malinashop.lt\/en\/shop\/xiaomi-oclean-x-pro-digital-elektrinis-dantu-sepetelis-auksines-spalvos-1-vnt\/","url":"https:\/\/www.malinashop.lt\/en\/shop\/xiaomi-oclean-x-pro-digital-elektrinis-dantu-sepetelis-auksines-spalvos-1-vnt\/","name":"XIAOMI OCLEAN X PRO DIGITAL elektrinis dant\u0173 \u0161epet\u0117lis auksin\u0117s spalvos, 1 vnt - MalinaShop.lt J\u016bs\u0173 sveikatai ir gro\u017eiui.","isPartOf":{"@id":"https:\/\/www.malinashop.lt\/en\/#website"},"primaryImageOfPage":{"@id":"https:\/\/www.malinashop.lt\/en\/shop\/xiaomi-oclean-x-pro-digital-elektrinis-dantu-sepetelis-auksines-spalvos-1-vnt\/#primaryimage"},"image":{"@id":"https:\/\/www.malinashop.lt\/en\/shop\/xiaomi-oclean-x-pro-digital-elektrinis-dantu-sepetelis-auksines-spalvos-1-vnt\/#primaryimage"},"thumbnailUrl":"https:\/\/www.malinashop.lt\/wp-content\/uploads\/2025\/11\/1-3.jpg","datePublished":"2025-11-24T15:24:17+00:00","dateModified":"2025-12-12T11:55:46+00:00","description":"I\u0161manus Oclean X Pro Digital elektrinis dant\u0173 \u0161epet\u0117lis su ekranu, MAGLEV varikliu ir 3D dant\u0173 analize. Galingas, \u0161velnus ir modernus sprendimas.","breadcrumb":{"@id":"https:\/\/www.malinashop.lt\/en\/shop\/xiaomi-oclean-x-pro-digital-elektrinis-dantu-sepetelis-auksines-spalvos-1-vnt\/#breadcrumb"},"inLanguage":"en-GB","potentialAction":[{"@type":"ReadAction","target":["https:\/\/www.malinashop.lt\/en\/shop\/xiaomi-oclean-x-pro-digital-elektrinis-dantu-sepetelis-auksines-spalvos-1-vnt\/"]}]},{"@type":"ImageObject","inLanguage":"en-GB","@id":"https:\/\/www.malinashop.lt\/en\/shop\/xiaomi-oclean-x-pro-digital-elektrinis-dantu-sepetelis-auksines-spalvos-1-vnt\/#primaryimage","url":"https:\/\/www.malinashop.lt\/wp-content\/uploads\/2025\/11\/1-3.jpg","contentUrl":"https:\/\/www.malinashop.lt\/wp-content\/uploads\/2025\/11\/1-3.jpg","width":1000,"height":1000},{"@type":"BreadcrumbList","@id":"https:\/\/www.malinashop.lt\/en\/shop\/xiaomi-oclean-x-pro-digital-elektrinis-dantu-sepetelis-auksines-spalvos-1-vnt\/#breadcrumb","itemListElement":[{"@type":"ListItem","position":1,"name":"Home","item":"https:\/\/www.malinashop.lt\/en\/"},{"@type":"ListItem","position":2,"name":"Parduotuv\u0117","item":"https:\/\/www.malinashop.lt\/en\/parduotuve\/"},{"@type":"ListItem","position":3,"name":"XIAOMI OCLEAN X PRO DIGITAL elektrinis dant\u0173 \u0161epet\u0117lis auksin\u0117s spalvos, 1 vnt"}]},{"@type":"WebSite","@id":"https:\/\/www.malinashop.lt\/en\/#website","url":"https:\/\/www.malinashop.lt\/en\/","name":"COM Group Ecommerce","description":"MalinaShop.lt - Gro\u017eio ir sveikatos produktai i\u0161 patikim\u0173 preki\u0173 \u017eenkl\u0173. Atraskite auk\u0161tos kokyb\u0117s kosmetik\u0105 u\u017e puiki\u0105 kain\u0105.","publisher":{"@id":"https:\/\/www.malinashop.lt\/en\/#organization"},"potentialAction":[{"@type":"SearchAction","target":{"@type":"EntryPoint","urlTemplate":"https:\/\/www.malinashop.lt\/en\/?s={search_term_string}"},"query-input":{"@type":"PropertyValueSpecification","valueRequired":true,"valueName":"search_term_string"}}],"inLanguage":"en-GB"},{"@type":"Organization","@id":"https:\/\/www.malinashop.lt\/en\/#organization","name":"COM Group Ecommerce","url":"https:\/\/www.malinashop.lt\/en\/","logo":{"@type":"ImageObject","inLanguage":"en-GB","@id":"https:\/\/www.malinashop.lt\/en\/#\/schema\/logo\/image\/","url":"https:\/\/www.malinashop.lt\/wp-content\/uploads\/2024\/08\/462559670_3787732518133670_9795632669273463_n-e1731525914575.png","contentUrl":"https:\/\/www.malinashop.lt\/wp-content\/uploads\/2024\/08\/462559670_3787732518133670_9795632669273463_n-e1731525914575.png","width":180,"height":60,"caption":"COM Group Ecommerce"},"image":{"@id":"https:\/\/www.malinashop.lt\/en\/#\/schema\/logo\/image\/"}}]}},"jetpack_sharing_enabled":true,"_links":{"self":[{"href":"https:\/\/www.malinashop.lt\/en\/wp-json\/wp\/v2\/product\/64049","targetHints":{"allow":["GET"]}}],"collection":[{"href":"https:\/\/www.malinashop.lt\/en\/wp-json\/wp\/v2\/product"}],"about":[{"href":"https:\/\/www.malinashop.lt\/en\/wp-json\/wp\/v2\/types\/product"}],"version-history":[{"count":2,"href":"https:\/\/www.malinashop.lt\/en\/wp-json\/wp\/v2\/product\/64049\/revisions"}],"predecessor-version":[{"id":72307,"href":"https:\/\/www.malinashop.lt\/en\/wp-json\/wp\/v2\/product\/64049\/revisions\/72307"}],"wp:featuredmedia":[{"embeddable":true,"href":"https:\/\/www.malinashop.lt\/en\/wp-json\/wp\/v2\/media\/64051"}],"wp:attachment":[{"href":"https:\/\/www.malinashop.lt\/en\/wp-json\/wp\/v2\/media?parent=64049"}],"wp:term":[{"taxonomy":"product_brand","embeddable":true,"href":"https:\/\/www.malinashop.lt\/en\/wp-json\/wp\/v2\/product_brand?post=64049"},{"taxonomy":"product_cat","embeddable":true,"href":"https:\/\/www.malinashop.lt\/en\/wp-json\/wp\/v2\/product_cat?post=64049"},{"taxonomy":"product_tag","embeddable":true,"href":"https:\/\/www.malinashop.lt\/en\/wp-json\/wp\/v2\/product_tag?post=64049"}],"curies":[{"name":"wp","href":"https:\/\/api.w.org\/{rel}","templated":true}]}}