{"id":64021,"date":"2025-11-24T18:24:17","date_gmt":"2025-11-24T15:24:17","guid":{"rendered":"https:\/\/malinashop.lt\/?post_type=product&#038;p=64021"},"modified":"2026-02-10T12:48:07","modified_gmt":"2026-02-10T09:48:07","slug":"paese-oda-grazinanti-biri-mieziu-pudra-10-g","status":"publish","type":"product","link":"https:\/\/www.malinashop.lt\/en\/shop\/paese-oda-grazinanti-biri-mieziu-pudra-10-g\/","title":{"rendered":"PAESE od\u0105 gra\u017einanti biri mie\u017ei\u0173 pudra, 10 g"},"content":{"rendered":"<p data-start=\"156\" data-end=\"476\"><strong data-start=\"156\" data-end=\"205\">PAESE od\u0105 gra\u017einanti biri mie\u017ei\u0173 pudra (10 g)<\/strong> \u2013 tai nat\u016brali, \u0161velni ir lengvai prisitaikanti pudra, suteikianti odai lygesn\u0119, sveikesn\u0119 i\u0161vaizd\u0105. Unikali 100% nat\u016brali\u0173 ingredient\u0173 formul\u0117 su mie\u017ei\u0173 ekstraktu padeda suma\u017einti odos blizges\u012f, sulygina tekst\u016br\u0105 ir tobulai prisitaiko prie individualaus odos atspalvio.<\/p>\n<p data-start=\"478\" data-end=\"755\">Mie\u017eiai pasi\u017eymi lyginan\u010diomis savyb\u0117mis, yra turtingi vitaminais ir mineralais, tod\u0117l \u0161i biri pudra puikiai tinka net jautriai ar \u012f raudonum\u0105 linkusiai odai. Priemon\u0117 suteikia subtil\u0173 satinin\u012f efekt\u0105, i\u0161laiko makia\u017e\u0105 vis\u0105 dien\u0105 ir akimirksniu suteikia glotnesn\u012f odos pavir\u0161i\u0173.<\/p>\n<p data-start=\"757\" data-end=\"850\">Biri pudra nesausina, nekem\u0161a por\u0173, neturi kvapo ir atrodo itin nat\u016braliai \u2013 tarsi antra oda.<\/p>\n<p data-start=\"852\" data-end=\"876\"><strong data-start=\"852\" data-end=\"876\">Pagrindin\u0117s savyb\u0117s:<\/strong><\/p>\n<ul data-start=\"877\" data-end=\"1103\">\n<li data-start=\"877\" data-end=\"902\">\n<p data-start=\"879\" data-end=\"902\">100% nat\u016brali sud\u0117tis<\/p>\n<\/li>\n<li data-start=\"903\" data-end=\"957\">\n<p data-start=\"905\" data-end=\"957\">Sulygina odos reljef\u0105 ir sugeria riebal\u0173 pertekli\u0173<\/p>\n<\/li>\n<li data-start=\"958\" data-end=\"1006\">\n<p data-start=\"960\" data-end=\"1006\">Tinka jautriai ir \u012f raudonum\u0105 linkusiai odai<\/p>\n<\/li>\n<li data-start=\"1007\" data-end=\"1045\">\n<p data-start=\"1009\" data-end=\"1045\">Suteikia lengv\u0105 satinin\u012f u\u017ebaigim\u0105<\/p>\n<\/li>\n<li data-start=\"1046\" data-end=\"1072\">\n<p data-start=\"1048\" data-end=\"1072\">I\u0161laiko makia\u017e\u0105 ilgiau<\/p>\n<\/li>\n<li data-start=\"1073\" data-end=\"1103\">\n<p data-start=\"1075\" data-end=\"1103\">Nekem\u0161a por\u0173, neturi kvapo<\/p>\n<\/li>\n<\/ul>\n<p data-start=\"1105\" data-end=\"1120\"><strong data-start=\"1105\" data-end=\"1115\">T\u016bris:<\/strong> 10 g<\/p>\n","protected":false},"excerpt":{"rendered":"<p data-start=\"1164\" data-end=\"1350\">Nat\u016brali biri mie\u017ei\u0173 pudra, kuri sulygina odos reljef\u0105, sugeria riebal\u0173 pertekli\u0173 ir suteikia subtil\u0173 satinin\u012f efekt\u0105. Puikiai tinka jautriai ir \u012f raudonum\u0105 linkusiai odai. T\u016bris \u2013 10 g.<\/p>\n","protected":false},"featured_media":64023,"template":"","meta":[],"product_brand":[1534],"product_cat":[102,792],"product_tag":[1614],"class_list":{"0":"post-64021","1":"product","2":"type-product","3":"status-publish","4":"has-post-thumbnail","6":"product_brand-paese","7":"product_cat-dekoratyvine-kosmetika","8":"product_cat-veido-pudros","9":"product_tag-paese","11":"first","12":"instock","13":"purchasable","14":"product-type-simple"},"yoast_head":"<!-- This site is optimized with the Yoast SEO plugin v27.4 - https:\/\/yoast.com\/product\/yoast-seo-wordpress\/ -->\n<title>PAESE od\u0105 gra\u017einanti biri mie\u017ei\u0173 pudra, 10 g - MalinaShop.lt J\u016bs\u0173 sveikatai ir gro\u017eiui.<\/title>\n<meta name=\"description\" content=\"PAESE nat\u016brali biri mie\u017ei\u0173 pudra sulygina odos reljef\u0105, ma\u017eina blizges\u012f ir suteikia \u0161veln\u0173 satinin\u012f efekt\u0105. Tinka jautriai odai. T\u016bris 10 g.\" \/>\n<meta name=\"robots\" content=\"index, follow, max-snippet:-1, max-image-preview:large, max-video-preview:-1\" \/>\n<link rel=\"canonical\" href=\"https:\/\/www.malinashop.lt\/en\/shop\/paese-oda-grazinanti-biri-mieziu-pudra-10-g\/\" \/>\n<meta property=\"og:locale\" content=\"en_GB\" \/>\n<meta property=\"og:type\" content=\"article\" \/>\n<meta property=\"og:title\" content=\"PAESE od\u0105 gra\u017einanti biri mie\u017ei\u0173 pudra, 10 g - MalinaShop.lt J\u016bs\u0173 sveikatai ir gro\u017eiui.\" \/>\n<meta property=\"og:description\" content=\"PAESE nat\u016brali biri mie\u017ei\u0173 pudra sulygina odos reljef\u0105, ma\u017eina blizges\u012f ir suteikia \u0161veln\u0173 satinin\u012f efekt\u0105. Tinka jautriai odai. T\u016bris 10 g.\" \/>\n<meta property=\"og:url\" content=\"https:\/\/www.malinashop.lt\/en\/shop\/paese-oda-grazinanti-biri-mieziu-pudra-10-g\/\" \/>\n<meta property=\"og:site_name\" content=\"MalinaShop.lt J\u016bs\u0173 sveikatai ir gro\u017eiui.\" \/>\n<meta property=\"article:modified_time\" content=\"2026-02-10T09:48:07+00:00\" \/>\n<meta property=\"og:image\" content=\"https:\/\/www.malinashop.lt\/wp-content\/uploads\/2025\/11\/5902627620133.jpg\" \/>\n\t<meta property=\"og:image:width\" content=\"978\" \/>\n\t<meta property=\"og:image:height\" content=\"977\" \/>\n\t<meta property=\"og:image:type\" content=\"image\/jpeg\" \/>\n<meta name=\"twitter:card\" content=\"summary_large_image\" \/>\n<script type=\"application\/ld+json\" class=\"yoast-schema-graph\">{\"@context\":\"https:\\\/\\\/schema.org\",\"@graph\":[{\"@type\":\"WebPage\",\"@id\":\"https:\\\/\\\/www.malinashop.lt\\\/lt_lt\\\/shop\\\/paese-oda-grazinanti-biri-mieziu-pudra-10-g\\\/\",\"url\":\"https:\\\/\\\/www.malinashop.lt\\\/lt_lt\\\/shop\\\/paese-oda-grazinanti-biri-mieziu-pudra-10-g\\\/\",\"name\":\"PAESE od\u0105 gra\u017einanti biri mie\u017ei\u0173 pudra, 10 g - MalinaShop.lt J\u016bs\u0173 sveikatai ir gro\u017eiui.\",\"isPartOf\":{\"@id\":\"https:\\\/\\\/www.malinashop.lt\\\/#website\"},\"primaryImageOfPage\":{\"@id\":\"https:\\\/\\\/www.malinashop.lt\\\/lt_lt\\\/shop\\\/paese-oda-grazinanti-biri-mieziu-pudra-10-g\\\/#primaryimage\"},\"image\":{\"@id\":\"https:\\\/\\\/www.malinashop.lt\\\/lt_lt\\\/shop\\\/paese-oda-grazinanti-biri-mieziu-pudra-10-g\\\/#primaryimage\"},\"thumbnailUrl\":\"https:\\\/\\\/www.malinashop.lt\\\/wp-content\\\/uploads\\\/2025\\\/11\\\/5902627620133.jpg\",\"datePublished\":\"2025-11-24T15:24:17+00:00\",\"dateModified\":\"2026-02-10T09:48:07+00:00\",\"description\":\"PAESE nat\u016brali biri mie\u017ei\u0173 pudra sulygina odos reljef\u0105, ma\u017eina blizges\u012f ir suteikia \u0161veln\u0173 satinin\u012f efekt\u0105. Tinka jautriai odai. T\u016bris 10 g.\",\"breadcrumb\":{\"@id\":\"https:\\\/\\\/www.malinashop.lt\\\/lt_lt\\\/shop\\\/paese-oda-grazinanti-biri-mieziu-pudra-10-g\\\/#breadcrumb\"},\"inLanguage\":\"en-GB\",\"potentialAction\":[{\"@type\":\"ReadAction\",\"target\":[\"https:\\\/\\\/www.malinashop.lt\\\/lt_lt\\\/shop\\\/paese-oda-grazinanti-biri-mieziu-pudra-10-g\\\/\"]}]},{\"@type\":\"ImageObject\",\"inLanguage\":\"en-GB\",\"@id\":\"https:\\\/\\\/www.malinashop.lt\\\/lt_lt\\\/shop\\\/paese-oda-grazinanti-biri-mieziu-pudra-10-g\\\/#primaryimage\",\"url\":\"https:\\\/\\\/www.malinashop.lt\\\/wp-content\\\/uploads\\\/2025\\\/11\\\/5902627620133.jpg\",\"contentUrl\":\"https:\\\/\\\/www.malinashop.lt\\\/wp-content\\\/uploads\\\/2025\\\/11\\\/5902627620133.jpg\",\"width\":978,\"height\":977},{\"@type\":\"BreadcrumbList\",\"@id\":\"https:\\\/\\\/www.malinashop.lt\\\/lt_lt\\\/shop\\\/paese-oda-grazinanti-biri-mieziu-pudra-10-g\\\/#breadcrumb\",\"itemListElement\":[{\"@type\":\"ListItem\",\"position\":1,\"name\":\"Pagrindinis\",\"item\":\"https:\\\/\\\/www.malinashop.lt\\\/\"},{\"@type\":\"ListItem\",\"position\":2,\"name\":\"Parduotuv\u0117\",\"item\":\"https:\\\/\\\/www.malinashop.lt\\\/en\\\/parduotuve\\\/\"},{\"@type\":\"ListItem\",\"position\":3,\"name\":\"PAESE od\u0105 gra\u017einanti biri mie\u017ei\u0173 pudra, 10 g\"}]},{\"@type\":\"WebSite\",\"@id\":\"https:\\\/\\\/www.malinashop.lt\\\/#website\",\"url\":\"https:\\\/\\\/www.malinashop.lt\\\/\",\"name\":\"COM Group Ecommerce\",\"description\":\"MalinaShop.lt - Gro\u017eio ir sveikatos produktai i\u0161 patikim\u0173 preki\u0173 \u017eenkl\u0173. Atraskite auk\u0161tos kokyb\u0117s kosmetik\u0105 u\u017e puiki\u0105 kain\u0105.\",\"publisher\":{\"@id\":\"https:\\\/\\\/www.malinashop.lt\\\/#organization\"},\"potentialAction\":[{\"@type\":\"SearchAction\",\"target\":{\"@type\":\"EntryPoint\",\"urlTemplate\":\"https:\\\/\\\/www.malinashop.lt\\\/?s={search_term_string}\"},\"query-input\":{\"@type\":\"PropertyValueSpecification\",\"valueRequired\":true,\"valueName\":\"search_term_string\"}}],\"inLanguage\":\"en-GB\"},{\"@type\":\"Organization\",\"@id\":\"https:\\\/\\\/www.malinashop.lt\\\/#organization\",\"name\":\"COM Group Ecommerce\",\"url\":\"https:\\\/\\\/www.malinashop.lt\\\/\",\"logo\":{\"@type\":\"ImageObject\",\"inLanguage\":\"en-GB\",\"@id\":\"https:\\\/\\\/www.malinashop.lt\\\/#\\\/schema\\\/logo\\\/image\\\/\",\"url\":\"https:\\\/\\\/www.malinashop.lt\\\/wp-content\\\/uploads\\\/2024\\\/08\\\/462559670_3787732518133670_9795632669273463_n-e1731525914575.png\",\"contentUrl\":\"https:\\\/\\\/www.malinashop.lt\\\/wp-content\\\/uploads\\\/2024\\\/08\\\/462559670_3787732518133670_9795632669273463_n-e1731525914575.png\",\"width\":180,\"height\":60,\"caption\":\"COM Group Ecommerce\"},\"image\":{\"@id\":\"https:\\\/\\\/www.malinashop.lt\\\/#\\\/schema\\\/logo\\\/image\\\/\"}}]}<\/script>\n<!-- \/ Yoast SEO plugin. -->","yoast_head_json":{"title":"PAESE od\u0105 gra\u017einanti biri mie\u017ei\u0173 pudra, 10 g - MalinaShop.lt J\u016bs\u0173 sveikatai ir gro\u017eiui.","description":"PAESE nat\u016brali biri mie\u017ei\u0173 pudra sulygina odos reljef\u0105, ma\u017eina blizges\u012f ir suteikia \u0161veln\u0173 satinin\u012f efekt\u0105. Tinka jautriai odai. T\u016bris 10 g.","robots":{"index":"index","follow":"follow","max-snippet":"max-snippet:-1","max-image-preview":"max-image-preview:large","max-video-preview":"max-video-preview:-1"},"canonical":"https:\/\/www.malinashop.lt\/en\/shop\/paese-oda-grazinanti-biri-mieziu-pudra-10-g\/","og_locale":"en_GB","og_type":"article","og_title":"PAESE od\u0105 gra\u017einanti biri mie\u017ei\u0173 pudra, 10 g - MalinaShop.lt J\u016bs\u0173 sveikatai ir gro\u017eiui.","og_description":"PAESE nat\u016brali biri mie\u017ei\u0173 pudra sulygina odos reljef\u0105, ma\u017eina blizges\u012f ir suteikia \u0161veln\u0173 satinin\u012f efekt\u0105. Tinka jautriai odai. T\u016bris 10 g.","og_url":"https:\/\/www.malinashop.lt\/en\/shop\/paese-oda-grazinanti-biri-mieziu-pudra-10-g\/","og_site_name":"MalinaShop.lt J\u016bs\u0173 sveikatai ir gro\u017eiui.","article_modified_time":"2026-02-10T09:48:07+00:00","og_image":[{"width":978,"height":977,"url":"https:\/\/www.malinashop.lt\/wp-content\/uploads\/2025\/11\/5902627620133.jpg","type":"image\/jpeg"}],"twitter_card":"summary_large_image","schema":{"@context":"https:\/\/schema.org","@graph":[{"@type":"WebPage","@id":"https:\/\/www.malinashop.lt\/lt_lt\/shop\/paese-oda-grazinanti-biri-mieziu-pudra-10-g\/","url":"https:\/\/www.malinashop.lt\/lt_lt\/shop\/paese-oda-grazinanti-biri-mieziu-pudra-10-g\/","name":"PAESE od\u0105 gra\u017einanti biri mie\u017ei\u0173 pudra, 10 g - MalinaShop.lt J\u016bs\u0173 sveikatai ir gro\u017eiui.","isPartOf":{"@id":"https:\/\/www.malinashop.lt\/#website"},"primaryImageOfPage":{"@id":"https:\/\/www.malinashop.lt\/lt_lt\/shop\/paese-oda-grazinanti-biri-mieziu-pudra-10-g\/#primaryimage"},"image":{"@id":"https:\/\/www.malinashop.lt\/lt_lt\/shop\/paese-oda-grazinanti-biri-mieziu-pudra-10-g\/#primaryimage"},"thumbnailUrl":"https:\/\/www.malinashop.lt\/wp-content\/uploads\/2025\/11\/5902627620133.jpg","datePublished":"2025-11-24T15:24:17+00:00","dateModified":"2026-02-10T09:48:07+00:00","description":"PAESE nat\u016brali biri mie\u017ei\u0173 pudra sulygina odos reljef\u0105, ma\u017eina blizges\u012f ir suteikia \u0161veln\u0173 satinin\u012f efekt\u0105. Tinka jautriai odai. T\u016bris 10 g.","breadcrumb":{"@id":"https:\/\/www.malinashop.lt\/lt_lt\/shop\/paese-oda-grazinanti-biri-mieziu-pudra-10-g\/#breadcrumb"},"inLanguage":"en-GB","potentialAction":[{"@type":"ReadAction","target":["https:\/\/www.malinashop.lt\/lt_lt\/shop\/paese-oda-grazinanti-biri-mieziu-pudra-10-g\/"]}]},{"@type":"ImageObject","inLanguage":"en-GB","@id":"https:\/\/www.malinashop.lt\/lt_lt\/shop\/paese-oda-grazinanti-biri-mieziu-pudra-10-g\/#primaryimage","url":"https:\/\/www.malinashop.lt\/wp-content\/uploads\/2025\/11\/5902627620133.jpg","contentUrl":"https:\/\/www.malinashop.lt\/wp-content\/uploads\/2025\/11\/5902627620133.jpg","width":978,"height":977},{"@type":"BreadcrumbList","@id":"https:\/\/www.malinashop.lt\/lt_lt\/shop\/paese-oda-grazinanti-biri-mieziu-pudra-10-g\/#breadcrumb","itemListElement":[{"@type":"ListItem","position":1,"name":"Pagrindinis","item":"https:\/\/www.malinashop.lt\/"},{"@type":"ListItem","position":2,"name":"Parduotuv\u0117","item":"https:\/\/www.malinashop.lt\/en\/parduotuve\/"},{"@type":"ListItem","position":3,"name":"PAESE od\u0105 gra\u017einanti biri mie\u017ei\u0173 pudra, 10 g"}]},{"@type":"WebSite","@id":"https:\/\/www.malinashop.lt\/#website","url":"https:\/\/www.malinashop.lt\/","name":"COM Group Ecommerce","description":"MalinaShop.lt - Gro\u017eio ir sveikatos produktai i\u0161 patikim\u0173 preki\u0173 \u017eenkl\u0173. Atraskite auk\u0161tos kokyb\u0117s kosmetik\u0105 u\u017e puiki\u0105 kain\u0105.","publisher":{"@id":"https:\/\/www.malinashop.lt\/#organization"},"potentialAction":[{"@type":"SearchAction","target":{"@type":"EntryPoint","urlTemplate":"https:\/\/www.malinashop.lt\/?s={search_term_string}"},"query-input":{"@type":"PropertyValueSpecification","valueRequired":true,"valueName":"search_term_string"}}],"inLanguage":"en-GB"},{"@type":"Organization","@id":"https:\/\/www.malinashop.lt\/#organization","name":"COM Group Ecommerce","url":"https:\/\/www.malinashop.lt\/","logo":{"@type":"ImageObject","inLanguage":"en-GB","@id":"https:\/\/www.malinashop.lt\/#\/schema\/logo\/image\/","url":"https:\/\/www.malinashop.lt\/wp-content\/uploads\/2024\/08\/462559670_3787732518133670_9795632669273463_n-e1731525914575.png","contentUrl":"https:\/\/www.malinashop.lt\/wp-content\/uploads\/2024\/08\/462559670_3787732518133670_9795632669273463_n-e1731525914575.png","width":180,"height":60,"caption":"COM Group Ecommerce"},"image":{"@id":"https:\/\/www.malinashop.lt\/#\/schema\/logo\/image\/"}}]}},"jetpack_sharing_enabled":true,"_links":{"self":[{"href":"https:\/\/www.malinashop.lt\/en\/wp-json\/wp\/v2\/product\/64021","targetHints":{"allow":["GET"]}}],"collection":[{"href":"https:\/\/www.malinashop.lt\/en\/wp-json\/wp\/v2\/product"}],"about":[{"href":"https:\/\/www.malinashop.lt\/en\/wp-json\/wp\/v2\/types\/product"}],"version-history":[{"count":2,"href":"https:\/\/www.malinashop.lt\/en\/wp-json\/wp\/v2\/product\/64021\/revisions"}],"predecessor-version":[{"id":72186,"href":"https:\/\/www.malinashop.lt\/en\/wp-json\/wp\/v2\/product\/64021\/revisions\/72186"}],"wp:featuredmedia":[{"embeddable":true,"href":"https:\/\/www.malinashop.lt\/en\/wp-json\/wp\/v2\/media\/64023"}],"wp:attachment":[{"href":"https:\/\/www.malinashop.lt\/en\/wp-json\/wp\/v2\/media?parent=64021"}],"wp:term":[{"taxonomy":"product_brand","embeddable":true,"href":"https:\/\/www.malinashop.lt\/en\/wp-json\/wp\/v2\/product_brand?post=64021"},{"taxonomy":"product_cat","embeddable":true,"href":"https:\/\/www.malinashop.lt\/en\/wp-json\/wp\/v2\/product_cat?post=64021"},{"taxonomy":"product_tag","embeddable":true,"href":"https:\/\/www.malinashop.lt\/en\/wp-json\/wp\/v2\/product_tag?post=64021"}],"curies":[{"name":"wp","href":"https:\/\/api.w.org\/{rel}","templated":true}]}}