{"id":64004,"date":"2025-11-24T18:23:29","date_gmt":"2025-11-24T15:23:29","guid":{"rendered":"https:\/\/malinashop.lt\/?post_type=product&#038;p=64004"},"modified":"2026-02-10T12:48:08","modified_gmt":"2026-02-10T09:48:08","slug":"paese-drekinantis-ir-senejimo-pozymius-stabdantis-serumas-30-ml","status":"publish","type":"product","link":"https:\/\/www.malinashop.lt\/en\/shop\/paese-drekinantis-ir-senejimo-pozymius-stabdantis-serumas-30-ml\/","title":{"rendered":"PAESE dr\u0117kinantis ir sen\u0117jimo po\u017eymius stabdantis serumas, 30 ml"},"content":{"rendered":"<p data-start=\"221\" data-end=\"569\">PAESE dr\u0117kinantis ir sen\u0117jimo po\u017eymius stabdantis serumas \u2013 tai intensyviai veikianti priemon\u0117, skirta odos dr\u0117gm\u0117s lygiui atkurti ir i\u0161laikyti. Serumas sukurtas pagal pa\u017eangi\u0105 <em data-start=\"398\" data-end=\"409\">Nanorevit<\/em> linijos formul\u0119, pasi\u017eymi net <strong data-start=\"440\" data-end=\"480\">97 % nat\u016bralios kilm\u0117s ingredientais<\/strong> ir yra praturtintas juod\u0173j\u0173 serbent\u0173 aliejumi, kuriame gausu verting\u0173 riebal\u0173j\u0173 r\u016bg\u0161\u010di\u0173.<\/p>\n<p data-start=\"571\" data-end=\"793\">Priemon\u0117 padeda pagerinti odos elastingum\u0105, maitina, ramina ir suteikia glotnumo. Reguliariai naudojant gali suma\u017e\u0117ti smulkios rauk\u0161lel\u0117s, normalizuojasi sebumo i\u0161siskyrimas, o oda tampa tolygesn\u0117, skaistesn\u0117 ir sveikesn\u0117.<\/p>\n<h4 data-start=\"795\" data-end=\"826\"><strong data-start=\"799\" data-end=\"826\">Pagrindiniai privalumai<\/strong><\/h4>\n<ul data-start=\"827\" data-end=\"1107\">\n<li data-start=\"827\" data-end=\"891\">\n<p data-start=\"829\" data-end=\"891\">Intensyviai dr\u0117kina ir palaiko optimal\u0173 odos dr\u0117gm\u0117s balans\u0105<\/p>\n<\/li>\n<li data-start=\"892\" data-end=\"937\">\n<p data-start=\"894\" data-end=\"937\">Gali pad\u0117ti suma\u017einti rauk\u0161li\u0173 atsiradim\u0105<\/p>\n<\/li>\n<li data-start=\"938\" data-end=\"963\">\n<p data-start=\"940\" data-end=\"963\">Ramina ir maitina od\u0105<\/p>\n<\/li>\n<li data-start=\"964\" data-end=\"992\">\n<p data-start=\"966\" data-end=\"992\">Skatina odos elastingum\u0105<\/p>\n<\/li>\n<li data-start=\"993\" data-end=\"1028\">\n<p data-start=\"995\" data-end=\"1028\">Normalizuoja sebumo i\u0161siskyrim\u0105<\/p>\n<\/li>\n<li data-start=\"1029\" data-end=\"1067\">\n<p data-start=\"1031\" data-end=\"1067\">97 % nat\u016bralios kilm\u0117s ingredient\u0173<\/p>\n<\/li>\n<li data-start=\"1068\" data-end=\"1107\">\n<p data-start=\"1070\" data-end=\"1107\">Lengva, greitai \u012fsigerianti formul\u0117<\/p>\n<\/li>\n<\/ul>\n<p data-start=\"1109\" data-end=\"1125\"><strong data-start=\"1109\" data-end=\"1125\">T\u016bris: 30 ml<\/strong><\/p>\n","protected":false},"excerpt":{"rendered":"<p data-start=\"1189\" data-end=\"1369\">Intensyviai dr\u0117kinantis PAESE serumas su juod\u0173j\u0173 serbent\u0173 aliejumi padeda suma\u017einti rauk\u0161leles, normalizuoja sebumo i\u0161siskyrim\u0105 ir pagerina odos elastingum\u0105. 97 % nat\u016brali sud\u0117tis.<\/p>\n","protected":false},"featured_media":64006,"template":"","meta":[],"product_brand":[1534],"product_cat":[550,728],"product_tag":[1614],"class_list":{"0":"post-64004","1":"product","2":"type-product","3":"status-publish","4":"has-post-thumbnail","6":"product_brand-paese","7":"product_cat-veido-serumai","8":"product_cat-veidui","9":"product_tag-paese","11":"first","12":"instock","13":"purchasable","14":"product-type-simple"},"yoast_head":"<!-- This site is optimized with the Yoast SEO plugin v27.4 - https:\/\/yoast.com\/product\/yoast-seo-wordpress\/ -->\n<title>PAESE dr\u0117kinantis ir sen\u0117jimo po\u017eymius stabdantis serumas, 30 ml - MalinaShop.lt J\u016bs\u0173 sveikatai ir gro\u017eiui.<\/title>\n<meta name=\"description\" content=\"PAESE dr\u0117kinantis serumas su juod\u0173j\u0173 serbent\u0173 aliejumi \u2013 ma\u017eina rauk\u0161les, gerina elastingum\u0105 ir normalizuoja sebum\u0105. 97 % nat\u016brali sud\u0117tis.\" \/>\n<meta name=\"robots\" content=\"index, follow, max-snippet:-1, max-image-preview:large, max-video-preview:-1\" \/>\n<link rel=\"canonical\" href=\"https:\/\/www.malinashop.lt\/en\/shop\/paese-drekinantis-ir-senejimo-pozymius-stabdantis-serumas-30-ml\/\" \/>\n<meta property=\"og:locale\" content=\"en_GB\" \/>\n<meta property=\"og:type\" content=\"article\" \/>\n<meta property=\"og:title\" content=\"PAESE dr\u0117kinantis ir sen\u0117jimo po\u017eymius stabdantis serumas, 30 ml - MalinaShop.lt J\u016bs\u0173 sveikatai ir gro\u017eiui.\" \/>\n<meta property=\"og:description\" content=\"PAESE dr\u0117kinantis serumas su juod\u0173j\u0173 serbent\u0173 aliejumi \u2013 ma\u017eina rauk\u0161les, gerina elastingum\u0105 ir normalizuoja sebum\u0105. 97 % nat\u016brali sud\u0117tis.\" \/>\n<meta property=\"og:url\" content=\"https:\/\/www.malinashop.lt\/en\/shop\/paese-drekinantis-ir-senejimo-pozymius-stabdantis-serumas-30-ml\/\" \/>\n<meta property=\"og:site_name\" content=\"MalinaShop.lt J\u016bs\u0173 sveikatai ir gro\u017eiui.\" \/>\n<meta property=\"article:modified_time\" content=\"2026-02-10T09:48:08+00:00\" \/>\n<meta property=\"og:image\" content=\"https:\/\/www.malinashop.lt\/wp-content\/uploads\/2025\/11\/5902627620157.jpg\" \/>\n\t<meta property=\"og:image:width\" content=\"2048\" \/>\n\t<meta property=\"og:image:height\" content=\"2048\" \/>\n\t<meta property=\"og:image:type\" content=\"image\/jpeg\" \/>\n<meta name=\"twitter:card\" content=\"summary_large_image\" \/>\n<script type=\"application\/ld+json\" class=\"yoast-schema-graph\">{\"@context\":\"https:\\\/\\\/schema.org\",\"@graph\":[{\"@type\":\"WebPage\",\"@id\":\"https:\\\/\\\/www.malinashop.lt\\\/shop\\\/paese-drekinantis-ir-senejimo-pozymius-stabdantis-serumas-30-ml\\\/\",\"url\":\"https:\\\/\\\/www.malinashop.lt\\\/shop\\\/paese-drekinantis-ir-senejimo-pozymius-stabdantis-serumas-30-ml\\\/\",\"name\":\"PAESE dr\u0117kinantis ir sen\u0117jimo po\u017eymius stabdantis serumas, 30 ml - MalinaShop.lt J\u016bs\u0173 sveikatai ir gro\u017eiui.\",\"isPartOf\":{\"@id\":\"https:\\\/\\\/www.malinashop.lt\\\/#website\"},\"primaryImageOfPage\":{\"@id\":\"https:\\\/\\\/www.malinashop.lt\\\/shop\\\/paese-drekinantis-ir-senejimo-pozymius-stabdantis-serumas-30-ml\\\/#primaryimage\"},\"image\":{\"@id\":\"https:\\\/\\\/www.malinashop.lt\\\/shop\\\/paese-drekinantis-ir-senejimo-pozymius-stabdantis-serumas-30-ml\\\/#primaryimage\"},\"thumbnailUrl\":\"https:\\\/\\\/www.malinashop.lt\\\/wp-content\\\/uploads\\\/2025\\\/11\\\/5902627620157.jpg\",\"datePublished\":\"2025-11-24T15:23:29+00:00\",\"dateModified\":\"2026-02-10T09:48:08+00:00\",\"description\":\"PAESE dr\u0117kinantis serumas su juod\u0173j\u0173 serbent\u0173 aliejumi \u2013 ma\u017eina rauk\u0161les, gerina elastingum\u0105 ir normalizuoja sebum\u0105. 97 % nat\u016brali sud\u0117tis.\",\"breadcrumb\":{\"@id\":\"https:\\\/\\\/www.malinashop.lt\\\/shop\\\/paese-drekinantis-ir-senejimo-pozymius-stabdantis-serumas-30-ml\\\/#breadcrumb\"},\"inLanguage\":\"en-GB\",\"potentialAction\":[{\"@type\":\"ReadAction\",\"target\":[\"https:\\\/\\\/www.malinashop.lt\\\/shop\\\/paese-drekinantis-ir-senejimo-pozymius-stabdantis-serumas-30-ml\\\/\"]}]},{\"@type\":\"ImageObject\",\"inLanguage\":\"en-GB\",\"@id\":\"https:\\\/\\\/www.malinashop.lt\\\/shop\\\/paese-drekinantis-ir-senejimo-pozymius-stabdantis-serumas-30-ml\\\/#primaryimage\",\"url\":\"https:\\\/\\\/www.malinashop.lt\\\/wp-content\\\/uploads\\\/2025\\\/11\\\/5902627620157.jpg\",\"contentUrl\":\"https:\\\/\\\/www.malinashop.lt\\\/wp-content\\\/uploads\\\/2025\\\/11\\\/5902627620157.jpg\",\"width\":2048,\"height\":2048},{\"@type\":\"BreadcrumbList\",\"@id\":\"https:\\\/\\\/www.malinashop.lt\\\/shop\\\/paese-drekinantis-ir-senejimo-pozymius-stabdantis-serumas-30-ml\\\/#breadcrumb\",\"itemListElement\":[{\"@type\":\"ListItem\",\"position\":1,\"name\":\"Pagrindinis\",\"item\":\"https:\\\/\\\/www.malinashop.lt\\\/\"},{\"@type\":\"ListItem\",\"position\":2,\"name\":\"Parduotuv\u0117\",\"item\":\"https:\\\/\\\/www.malinashop.lt\\\/en\\\/parduotuve\\\/\"},{\"@type\":\"ListItem\",\"position\":3,\"name\":\"PAESE dr\u0117kinantis ir sen\u0117jimo po\u017eymius stabdantis serumas, 30 ml\"}]},{\"@type\":\"WebSite\",\"@id\":\"https:\\\/\\\/www.malinashop.lt\\\/#website\",\"url\":\"https:\\\/\\\/www.malinashop.lt\\\/\",\"name\":\"COM Group Ecommerce\",\"description\":\"MalinaShop.lt - Gro\u017eio ir sveikatos produktai i\u0161 patikim\u0173 preki\u0173 \u017eenkl\u0173. Atraskite auk\u0161tos kokyb\u0117s kosmetik\u0105 u\u017e puiki\u0105 kain\u0105.\",\"publisher\":{\"@id\":\"https:\\\/\\\/www.malinashop.lt\\\/#organization\"},\"potentialAction\":[{\"@type\":\"SearchAction\",\"target\":{\"@type\":\"EntryPoint\",\"urlTemplate\":\"https:\\\/\\\/www.malinashop.lt\\\/?s={search_term_string}\"},\"query-input\":{\"@type\":\"PropertyValueSpecification\",\"valueRequired\":true,\"valueName\":\"search_term_string\"}}],\"inLanguage\":\"en-GB\"},{\"@type\":\"Organization\",\"@id\":\"https:\\\/\\\/www.malinashop.lt\\\/#organization\",\"name\":\"COM Group Ecommerce\",\"url\":\"https:\\\/\\\/www.malinashop.lt\\\/\",\"logo\":{\"@type\":\"ImageObject\",\"inLanguage\":\"en-GB\",\"@id\":\"https:\\\/\\\/www.malinashop.lt\\\/#\\\/schema\\\/logo\\\/image\\\/\",\"url\":\"https:\\\/\\\/www.malinashop.lt\\\/wp-content\\\/uploads\\\/2024\\\/08\\\/462559670_3787732518133670_9795632669273463_n-e1731525914575.png\",\"contentUrl\":\"https:\\\/\\\/www.malinashop.lt\\\/wp-content\\\/uploads\\\/2024\\\/08\\\/462559670_3787732518133670_9795632669273463_n-e1731525914575.png\",\"width\":180,\"height\":60,\"caption\":\"COM Group Ecommerce\"},\"image\":{\"@id\":\"https:\\\/\\\/www.malinashop.lt\\\/#\\\/schema\\\/logo\\\/image\\\/\"}}]}<\/script>\n<!-- \/ Yoast SEO plugin. -->","yoast_head_json":{"title":"PAESE dr\u0117kinantis ir sen\u0117jimo po\u017eymius stabdantis serumas, 30 ml - MalinaShop.lt J\u016bs\u0173 sveikatai ir gro\u017eiui.","description":"PAESE dr\u0117kinantis serumas su juod\u0173j\u0173 serbent\u0173 aliejumi \u2013 ma\u017eina rauk\u0161les, gerina elastingum\u0105 ir normalizuoja sebum\u0105. 97 % nat\u016brali sud\u0117tis.","robots":{"index":"index","follow":"follow","max-snippet":"max-snippet:-1","max-image-preview":"max-image-preview:large","max-video-preview":"max-video-preview:-1"},"canonical":"https:\/\/www.malinashop.lt\/en\/shop\/paese-drekinantis-ir-senejimo-pozymius-stabdantis-serumas-30-ml\/","og_locale":"en_GB","og_type":"article","og_title":"PAESE dr\u0117kinantis ir sen\u0117jimo po\u017eymius stabdantis serumas, 30 ml - MalinaShop.lt J\u016bs\u0173 sveikatai ir gro\u017eiui.","og_description":"PAESE dr\u0117kinantis serumas su juod\u0173j\u0173 serbent\u0173 aliejumi \u2013 ma\u017eina rauk\u0161les, gerina elastingum\u0105 ir normalizuoja sebum\u0105. 97 % nat\u016brali sud\u0117tis.","og_url":"https:\/\/www.malinashop.lt\/en\/shop\/paese-drekinantis-ir-senejimo-pozymius-stabdantis-serumas-30-ml\/","og_site_name":"MalinaShop.lt J\u016bs\u0173 sveikatai ir gro\u017eiui.","article_modified_time":"2026-02-10T09:48:08+00:00","og_image":[{"width":2048,"height":2048,"url":"https:\/\/www.malinashop.lt\/wp-content\/uploads\/2025\/11\/5902627620157.jpg","type":"image\/jpeg"}],"twitter_card":"summary_large_image","schema":{"@context":"https:\/\/schema.org","@graph":[{"@type":"WebPage","@id":"https:\/\/www.malinashop.lt\/shop\/paese-drekinantis-ir-senejimo-pozymius-stabdantis-serumas-30-ml\/","url":"https:\/\/www.malinashop.lt\/shop\/paese-drekinantis-ir-senejimo-pozymius-stabdantis-serumas-30-ml\/","name":"PAESE dr\u0117kinantis ir sen\u0117jimo po\u017eymius stabdantis serumas, 30 ml - MalinaShop.lt J\u016bs\u0173 sveikatai ir gro\u017eiui.","isPartOf":{"@id":"https:\/\/www.malinashop.lt\/#website"},"primaryImageOfPage":{"@id":"https:\/\/www.malinashop.lt\/shop\/paese-drekinantis-ir-senejimo-pozymius-stabdantis-serumas-30-ml\/#primaryimage"},"image":{"@id":"https:\/\/www.malinashop.lt\/shop\/paese-drekinantis-ir-senejimo-pozymius-stabdantis-serumas-30-ml\/#primaryimage"},"thumbnailUrl":"https:\/\/www.malinashop.lt\/wp-content\/uploads\/2025\/11\/5902627620157.jpg","datePublished":"2025-11-24T15:23:29+00:00","dateModified":"2026-02-10T09:48:08+00:00","description":"PAESE dr\u0117kinantis serumas su juod\u0173j\u0173 serbent\u0173 aliejumi \u2013 ma\u017eina rauk\u0161les, gerina elastingum\u0105 ir normalizuoja sebum\u0105. 97 % nat\u016brali sud\u0117tis.","breadcrumb":{"@id":"https:\/\/www.malinashop.lt\/shop\/paese-drekinantis-ir-senejimo-pozymius-stabdantis-serumas-30-ml\/#breadcrumb"},"inLanguage":"en-GB","potentialAction":[{"@type":"ReadAction","target":["https:\/\/www.malinashop.lt\/shop\/paese-drekinantis-ir-senejimo-pozymius-stabdantis-serumas-30-ml\/"]}]},{"@type":"ImageObject","inLanguage":"en-GB","@id":"https:\/\/www.malinashop.lt\/shop\/paese-drekinantis-ir-senejimo-pozymius-stabdantis-serumas-30-ml\/#primaryimage","url":"https:\/\/www.malinashop.lt\/wp-content\/uploads\/2025\/11\/5902627620157.jpg","contentUrl":"https:\/\/www.malinashop.lt\/wp-content\/uploads\/2025\/11\/5902627620157.jpg","width":2048,"height":2048},{"@type":"BreadcrumbList","@id":"https:\/\/www.malinashop.lt\/shop\/paese-drekinantis-ir-senejimo-pozymius-stabdantis-serumas-30-ml\/#breadcrumb","itemListElement":[{"@type":"ListItem","position":1,"name":"Pagrindinis","item":"https:\/\/www.malinashop.lt\/"},{"@type":"ListItem","position":2,"name":"Parduotuv\u0117","item":"https:\/\/www.malinashop.lt\/en\/parduotuve\/"},{"@type":"ListItem","position":3,"name":"PAESE dr\u0117kinantis ir sen\u0117jimo po\u017eymius stabdantis serumas, 30 ml"}]},{"@type":"WebSite","@id":"https:\/\/www.malinashop.lt\/#website","url":"https:\/\/www.malinashop.lt\/","name":"COM Group Ecommerce","description":"MalinaShop.lt - Gro\u017eio ir sveikatos produktai i\u0161 patikim\u0173 preki\u0173 \u017eenkl\u0173. Atraskite auk\u0161tos kokyb\u0117s kosmetik\u0105 u\u017e puiki\u0105 kain\u0105.","publisher":{"@id":"https:\/\/www.malinashop.lt\/#organization"},"potentialAction":[{"@type":"SearchAction","target":{"@type":"EntryPoint","urlTemplate":"https:\/\/www.malinashop.lt\/?s={search_term_string}"},"query-input":{"@type":"PropertyValueSpecification","valueRequired":true,"valueName":"search_term_string"}}],"inLanguage":"en-GB"},{"@type":"Organization","@id":"https:\/\/www.malinashop.lt\/#organization","name":"COM Group Ecommerce","url":"https:\/\/www.malinashop.lt\/","logo":{"@type":"ImageObject","inLanguage":"en-GB","@id":"https:\/\/www.malinashop.lt\/#\/schema\/logo\/image\/","url":"https:\/\/www.malinashop.lt\/wp-content\/uploads\/2024\/08\/462559670_3787732518133670_9795632669273463_n-e1731525914575.png","contentUrl":"https:\/\/www.malinashop.lt\/wp-content\/uploads\/2024\/08\/462559670_3787732518133670_9795632669273463_n-e1731525914575.png","width":180,"height":60,"caption":"COM Group Ecommerce"},"image":{"@id":"https:\/\/www.malinashop.lt\/#\/schema\/logo\/image\/"}}]}},"jetpack_sharing_enabled":true,"_links":{"self":[{"href":"https:\/\/www.malinashop.lt\/en\/wp-json\/wp\/v2\/product\/64004","targetHints":{"allow":["GET"]}}],"collection":[{"href":"https:\/\/www.malinashop.lt\/en\/wp-json\/wp\/v2\/product"}],"about":[{"href":"https:\/\/www.malinashop.lt\/en\/wp-json\/wp\/v2\/types\/product"}],"version-history":[{"count":2,"href":"https:\/\/www.malinashop.lt\/en\/wp-json\/wp\/v2\/product\/64004\/revisions"}],"predecessor-version":[{"id":72259,"href":"https:\/\/www.malinashop.lt\/en\/wp-json\/wp\/v2\/product\/64004\/revisions\/72259"}],"wp:featuredmedia":[{"embeddable":true,"href":"https:\/\/www.malinashop.lt\/en\/wp-json\/wp\/v2\/media\/64006"}],"wp:attachment":[{"href":"https:\/\/www.malinashop.lt\/en\/wp-json\/wp\/v2\/media?parent=64004"}],"wp:term":[{"taxonomy":"product_brand","embeddable":true,"href":"https:\/\/www.malinashop.lt\/en\/wp-json\/wp\/v2\/product_brand?post=64004"},{"taxonomy":"product_cat","embeddable":true,"href":"https:\/\/www.malinashop.lt\/en\/wp-json\/wp\/v2\/product_cat?post=64004"},{"taxonomy":"product_tag","embeddable":true,"href":"https:\/\/www.malinashop.lt\/en\/wp-json\/wp\/v2\/product_tag?post=64004"}],"curies":[{"name":"wp","href":"https:\/\/api.w.org\/{rel}","templated":true}]}}