{"id":63956,"date":"2025-11-24T18:23:09","date_gmt":"2025-11-24T15:23:09","guid":{"rendered":"https:\/\/malinashop.lt\/?post_type=product&#038;p=63956"},"modified":"2026-02-10T13:00:50","modified_gmt":"2026-02-10T10:00:50","slug":"piuma-smilebox-rinkinys-kuno-spalvos-soft","status":"publish","type":"product","link":"https:\/\/www.malinashop.lt\/en\/shop\/piuma-smilebox-rinkinys-kuno-spalvos-soft\/","title":{"rendered":"PIUMA SmileBox rinkinys (k\u016bno spalvos, soft)"},"content":{"rendered":"<p data-start=\"227\" data-end=\"533\"><strong data-start=\"227\" data-end=\"245\">PIUMA SmileBox<\/strong> \u2013 tai eleganti\u0161kas ir funkcionalus dovan\u0173 rinkinys kasdienei burnos higienai, skirtas jautriems dantims ir dantenoms. Rinkin\u012f sudaro <strong data-start=\"379\" data-end=\"435\">PIUMA\u00ae dant\u0173 \u0161epet\u0117lis su mink\u0161tais (soft) \u0161ereliais<\/strong>, <strong data-start=\"437\" data-end=\"475\">patentuotas kalendorinis pagrindas<\/strong> bei <strong data-start=\"480\" data-end=\"508\">\u201ePure White\u201c dant\u0173 pasta<\/strong>, praturtinta vitaminais.<\/p>\n<p data-start=\"535\" data-end=\"877\">Dant\u0173 \u0161epet\u0117lis pasi\u017eymi inovatyviu dizainu ir lanks\u010dia rankena, kuri leid\u017eia patogiai valyti dantis nepa\u017eeid\u017eiant danten\u0173. Auk\u0161tos kokyb\u0117s <strong data-start=\"675\" data-end=\"700\">Tynex\u00ae mikro \u0161ereliai<\/strong> padeda u\u017etikrinti maksimali\u0105 \u0161var\u0105 ir \u0161veln\u0173 valym\u0105. \u0160ereliuose integruotas <strong data-start=\"777\" data-end=\"792\">vitaminas C<\/strong> prisideda prie burnos higienos gerinimo ir yra ypa\u010d tinkamas jautriai burnos ertmei.<\/p>\n<p data-start=\"879\" data-end=\"1131\">Rinkinyje esanti <strong data-start=\"896\" data-end=\"924\">\u201ePure White\u201c dant\u0173 pasta<\/strong> pasi\u017eymi antioksidaciniu poveikiu, yra praturtinta <strong data-start=\"976\" data-end=\"1000\">A, B ir C vitaminais<\/strong>, o sud\u0117tyje esantis fluoridas padeda apsaugoti dantis nuo apna\u0161\u0173 ir \u0117duonies. Gaivus m\u0117t\u0173 skonis suteikia ilgalaik\u012f \u0161varos poj\u016bt\u012f.<\/p>\n<p data-start=\"1133\" data-end=\"1370\">Patentuotas <strong data-start=\"1145\" data-end=\"1171\">kalendorinis pagrindas<\/strong> leid\u017eia \u0161epet\u0117l\u012f laikyti ant bet kokio pavir\u0161iaus, apsaugo nuo vandens kaupimosi ir primena, kada laikas keisti dant\u0173 \u0161epet\u0117l\u012f. Rinkinys yra <strong data-start=\"1313\" data-end=\"1327\">vegani\u0161kas<\/strong> ir <strong data-start=\"1331\" data-end=\"1369\">draugi\u0161kas gyv\u016bnams (cruelty free)<\/strong>.<\/p>\n<blockquote data-start=\"1372\" data-end=\"1457\">\n<p data-start=\"1374\" data-end=\"1457\"><strong data-start=\"1374\" data-end=\"1386\">Pastaba:<\/strong> prie kiekvieno dant\u0173 \u0161epet\u0117lio visada pridedamas apsauginis dangtelis.<\/p>\n<\/blockquote>\n","protected":false},"excerpt":{"rendered":"<p data-start=\"1496\" data-end=\"1703\">PIUMA SmileBox \u2013 dovan\u0173 rinkinys su mink\u0161t\u0173 \u0161ereli\u0173 dant\u0173 \u0161epet\u0117liu, kalendoriniu pagrindu ir \u201ePure White\u201c dant\u0173 pasta su vitaminais. Tinka jautriems dantims, u\u017etikrina \u0161velni\u0105 ir efektyvi\u0105 burnos prie\u017ei\u016br\u0105.<\/p>\n","protected":false},"featured_media":63958,"template":"","meta":[],"product_brand":[1533],"product_cat":[1569],"product_tag":[1615],"class_list":{"0":"post-63956","1":"product","2":"type-product","3":"status-publish","4":"has-post-thumbnail","6":"product_brand-piuma","7":"product_cat-burnos-higiena","8":"product_tag-piuma","10":"first","11":"instock","12":"sale","13":"purchasable","14":"product-type-simple"},"yoast_head":"<!-- This site is optimized with the Yoast SEO plugin v27.4 - https:\/\/yoast.com\/product\/yoast-seo-wordpress\/ -->\n<title>PIUMA SmileBox rinkinys (k\u016bno spalvos, soft) - MalinaShop.lt J\u016bs\u0173 sveikatai ir gro\u017eiui.<\/title>\n<meta name=\"description\" content=\"PIUMA SmileBox dovan\u0173 rinkinys su soft dant\u0173 \u0161epet\u0117liu, kalendoriniu pagrindu ir vitamin\u0173 turtinga \u201ePure White\u201c dant\u0173 pasta jautriems dantims.\" \/>\n<meta name=\"robots\" content=\"index, follow, max-snippet:-1, max-image-preview:large, max-video-preview:-1\" \/>\n<link rel=\"canonical\" href=\"https:\/\/www.malinashop.lt\/en\/shop\/piuma-smilebox-rinkinys-kuno-spalvos-soft\/\" \/>\n<meta property=\"og:locale\" content=\"en_GB\" \/>\n<meta property=\"og:type\" content=\"article\" \/>\n<meta property=\"og:title\" content=\"PIUMA SmileBox rinkinys (k\u016bno spalvos, soft) - MalinaShop.lt J\u016bs\u0173 sveikatai ir gro\u017eiui.\" \/>\n<meta property=\"og:description\" content=\"PIUMA SmileBox dovan\u0173 rinkinys su soft dant\u0173 \u0161epet\u0117liu, kalendoriniu pagrindu ir vitamin\u0173 turtinga \u201ePure White\u201c dant\u0173 pasta jautriems dantims.\" \/>\n<meta property=\"og:url\" content=\"https:\/\/www.malinashop.lt\/en\/shop\/piuma-smilebox-rinkinys-kuno-spalvos-soft\/\" \/>\n<meta property=\"og:site_name\" content=\"MalinaShop.lt J\u016bs\u0173 sveikatai ir gro\u017eiui.\" \/>\n<meta property=\"article:modified_time\" content=\"2026-02-10T10:00:50+00:00\" \/>\n<meta property=\"og:image\" content=\"https:\/\/www.malinashop.lt\/wp-content\/uploads\/2025\/11\/dovana_verslo_klientams_tvaru_tvari_dovana_higiena_sveikata_odontologija_gurmena.lt-600x800-1.jpg\" \/>\n\t<meta property=\"og:image:width\" content=\"600\" \/>\n\t<meta property=\"og:image:height\" content=\"800\" \/>\n\t<meta property=\"og:image:type\" content=\"image\/jpeg\" \/>\n<meta name=\"twitter:card\" content=\"summary_large_image\" \/>\n<script type=\"application\/ld+json\" class=\"yoast-schema-graph\">{\"@context\":\"https:\\\/\\\/schema.org\",\"@graph\":[{\"@type\":\"WebPage\",\"@id\":\"https:\\\/\\\/www.malinashop.lt\\\/en\\\/shop\\\/piuma-smilebox-rinkinys-kuno-spalvos-soft\\\/\",\"url\":\"https:\\\/\\\/www.malinashop.lt\\\/en\\\/shop\\\/piuma-smilebox-rinkinys-kuno-spalvos-soft\\\/\",\"name\":\"PIUMA SmileBox rinkinys (k\u016bno spalvos, soft) - MalinaShop.lt J\u016bs\u0173 sveikatai ir gro\u017eiui.\",\"isPartOf\":{\"@id\":\"https:\\\/\\\/www.malinashop.lt\\\/en\\\/#website\"},\"primaryImageOfPage\":{\"@id\":\"https:\\\/\\\/www.malinashop.lt\\\/en\\\/shop\\\/piuma-smilebox-rinkinys-kuno-spalvos-soft\\\/#primaryimage\"},\"image\":{\"@id\":\"https:\\\/\\\/www.malinashop.lt\\\/en\\\/shop\\\/piuma-smilebox-rinkinys-kuno-spalvos-soft\\\/#primaryimage\"},\"thumbnailUrl\":\"https:\\\/\\\/www.malinashop.lt\\\/wp-content\\\/uploads\\\/2025\\\/11\\\/dovana_verslo_klientams_tvaru_tvari_dovana_higiena_sveikata_odontologija_gurmena.lt-600x800-1.jpg\",\"datePublished\":\"2025-11-24T15:23:09+00:00\",\"dateModified\":\"2026-02-10T10:00:50+00:00\",\"description\":\"PIUMA SmileBox dovan\u0173 rinkinys su soft dant\u0173 \u0161epet\u0117liu, kalendoriniu pagrindu ir vitamin\u0173 turtinga \u201ePure White\u201c dant\u0173 pasta jautriems dantims.\",\"breadcrumb\":{\"@id\":\"https:\\\/\\\/www.malinashop.lt\\\/en\\\/shop\\\/piuma-smilebox-rinkinys-kuno-spalvos-soft\\\/#breadcrumb\"},\"inLanguage\":\"en-GB\",\"potentialAction\":[{\"@type\":\"ReadAction\",\"target\":[\"https:\\\/\\\/www.malinashop.lt\\\/en\\\/shop\\\/piuma-smilebox-rinkinys-kuno-spalvos-soft\\\/\"]}]},{\"@type\":\"ImageObject\",\"inLanguage\":\"en-GB\",\"@id\":\"https:\\\/\\\/www.malinashop.lt\\\/en\\\/shop\\\/piuma-smilebox-rinkinys-kuno-spalvos-soft\\\/#primaryimage\",\"url\":\"https:\\\/\\\/www.malinashop.lt\\\/wp-content\\\/uploads\\\/2025\\\/11\\\/dovana_verslo_klientams_tvaru_tvari_dovana_higiena_sveikata_odontologija_gurmena.lt-600x800-1.jpg\",\"contentUrl\":\"https:\\\/\\\/www.malinashop.lt\\\/wp-content\\\/uploads\\\/2025\\\/11\\\/dovana_verslo_klientams_tvaru_tvari_dovana_higiena_sveikata_odontologija_gurmena.lt-600x800-1.jpg\",\"width\":600,\"height\":800},{\"@type\":\"BreadcrumbList\",\"@id\":\"https:\\\/\\\/www.malinashop.lt\\\/en\\\/shop\\\/piuma-smilebox-rinkinys-kuno-spalvos-soft\\\/#breadcrumb\",\"itemListElement\":[{\"@type\":\"ListItem\",\"position\":1,\"name\":\"Home\",\"item\":\"https:\\\/\\\/www.malinashop.lt\\\/en\\\/\"},{\"@type\":\"ListItem\",\"position\":2,\"name\":\"Parduotuv\u0117\",\"item\":\"https:\\\/\\\/www.malinashop.lt\\\/en\\\/parduotuve\\\/\"},{\"@type\":\"ListItem\",\"position\":3,\"name\":\"PIUMA SmileBox rinkinys (k\u016bno spalvos, soft)\"}]},{\"@type\":\"WebSite\",\"@id\":\"https:\\\/\\\/www.malinashop.lt\\\/en\\\/#website\",\"url\":\"https:\\\/\\\/www.malinashop.lt\\\/en\\\/\",\"name\":\"COM Group Ecommerce\",\"description\":\"MalinaShop.lt - Gro\u017eio ir sveikatos produktai i\u0161 patikim\u0173 preki\u0173 \u017eenkl\u0173. Atraskite auk\u0161tos kokyb\u0117s kosmetik\u0105 u\u017e puiki\u0105 kain\u0105.\",\"publisher\":{\"@id\":\"https:\\\/\\\/www.malinashop.lt\\\/en\\\/#organization\"},\"potentialAction\":[{\"@type\":\"SearchAction\",\"target\":{\"@type\":\"EntryPoint\",\"urlTemplate\":\"https:\\\/\\\/www.malinashop.lt\\\/en\\\/?s={search_term_string}\"},\"query-input\":{\"@type\":\"PropertyValueSpecification\",\"valueRequired\":true,\"valueName\":\"search_term_string\"}}],\"inLanguage\":\"en-GB\"},{\"@type\":\"Organization\",\"@id\":\"https:\\\/\\\/www.malinashop.lt\\\/en\\\/#organization\",\"name\":\"COM Group Ecommerce\",\"url\":\"https:\\\/\\\/www.malinashop.lt\\\/en\\\/\",\"logo\":{\"@type\":\"ImageObject\",\"inLanguage\":\"en-GB\",\"@id\":\"https:\\\/\\\/www.malinashop.lt\\\/en\\\/#\\\/schema\\\/logo\\\/image\\\/\",\"url\":\"https:\\\/\\\/www.malinashop.lt\\\/wp-content\\\/uploads\\\/2024\\\/08\\\/462559670_3787732518133670_9795632669273463_n-e1731525914575.png\",\"contentUrl\":\"https:\\\/\\\/www.malinashop.lt\\\/wp-content\\\/uploads\\\/2024\\\/08\\\/462559670_3787732518133670_9795632669273463_n-e1731525914575.png\",\"width\":180,\"height\":60,\"caption\":\"COM Group Ecommerce\"},\"image\":{\"@id\":\"https:\\\/\\\/www.malinashop.lt\\\/en\\\/#\\\/schema\\\/logo\\\/image\\\/\"}}]}<\/script>\n<!-- \/ Yoast SEO plugin. -->","yoast_head_json":{"title":"PIUMA SmileBox rinkinys (k\u016bno spalvos, soft) - MalinaShop.lt J\u016bs\u0173 sveikatai ir gro\u017eiui.","description":"PIUMA SmileBox dovan\u0173 rinkinys su soft dant\u0173 \u0161epet\u0117liu, kalendoriniu pagrindu ir vitamin\u0173 turtinga \u201ePure White\u201c dant\u0173 pasta jautriems dantims.","robots":{"index":"index","follow":"follow","max-snippet":"max-snippet:-1","max-image-preview":"max-image-preview:large","max-video-preview":"max-video-preview:-1"},"canonical":"https:\/\/www.malinashop.lt\/en\/shop\/piuma-smilebox-rinkinys-kuno-spalvos-soft\/","og_locale":"en_GB","og_type":"article","og_title":"PIUMA SmileBox rinkinys (k\u016bno spalvos, soft) - MalinaShop.lt J\u016bs\u0173 sveikatai ir gro\u017eiui.","og_description":"PIUMA SmileBox dovan\u0173 rinkinys su soft dant\u0173 \u0161epet\u0117liu, kalendoriniu pagrindu ir vitamin\u0173 turtinga \u201ePure White\u201c dant\u0173 pasta jautriems dantims.","og_url":"https:\/\/www.malinashop.lt\/en\/shop\/piuma-smilebox-rinkinys-kuno-spalvos-soft\/","og_site_name":"MalinaShop.lt J\u016bs\u0173 sveikatai ir gro\u017eiui.","article_modified_time":"2026-02-10T10:00:50+00:00","og_image":[{"width":600,"height":800,"url":"https:\/\/www.malinashop.lt\/wp-content\/uploads\/2025\/11\/dovana_verslo_klientams_tvaru_tvari_dovana_higiena_sveikata_odontologija_gurmena.lt-600x800-1.jpg","type":"image\/jpeg"}],"twitter_card":"summary_large_image","schema":{"@context":"https:\/\/schema.org","@graph":[{"@type":"WebPage","@id":"https:\/\/www.malinashop.lt\/en\/shop\/piuma-smilebox-rinkinys-kuno-spalvos-soft\/","url":"https:\/\/www.malinashop.lt\/en\/shop\/piuma-smilebox-rinkinys-kuno-spalvos-soft\/","name":"PIUMA SmileBox rinkinys (k\u016bno spalvos, soft) - MalinaShop.lt J\u016bs\u0173 sveikatai ir gro\u017eiui.","isPartOf":{"@id":"https:\/\/www.malinashop.lt\/en\/#website"},"primaryImageOfPage":{"@id":"https:\/\/www.malinashop.lt\/en\/shop\/piuma-smilebox-rinkinys-kuno-spalvos-soft\/#primaryimage"},"image":{"@id":"https:\/\/www.malinashop.lt\/en\/shop\/piuma-smilebox-rinkinys-kuno-spalvos-soft\/#primaryimage"},"thumbnailUrl":"https:\/\/www.malinashop.lt\/wp-content\/uploads\/2025\/11\/dovana_verslo_klientams_tvaru_tvari_dovana_higiena_sveikata_odontologija_gurmena.lt-600x800-1.jpg","datePublished":"2025-11-24T15:23:09+00:00","dateModified":"2026-02-10T10:00:50+00:00","description":"PIUMA SmileBox dovan\u0173 rinkinys su soft dant\u0173 \u0161epet\u0117liu, kalendoriniu pagrindu ir vitamin\u0173 turtinga \u201ePure White\u201c dant\u0173 pasta jautriems dantims.","breadcrumb":{"@id":"https:\/\/www.malinashop.lt\/en\/shop\/piuma-smilebox-rinkinys-kuno-spalvos-soft\/#breadcrumb"},"inLanguage":"en-GB","potentialAction":[{"@type":"ReadAction","target":["https:\/\/www.malinashop.lt\/en\/shop\/piuma-smilebox-rinkinys-kuno-spalvos-soft\/"]}]},{"@type":"ImageObject","inLanguage":"en-GB","@id":"https:\/\/www.malinashop.lt\/en\/shop\/piuma-smilebox-rinkinys-kuno-spalvos-soft\/#primaryimage","url":"https:\/\/www.malinashop.lt\/wp-content\/uploads\/2025\/11\/dovana_verslo_klientams_tvaru_tvari_dovana_higiena_sveikata_odontologija_gurmena.lt-600x800-1.jpg","contentUrl":"https:\/\/www.malinashop.lt\/wp-content\/uploads\/2025\/11\/dovana_verslo_klientams_tvaru_tvari_dovana_higiena_sveikata_odontologija_gurmena.lt-600x800-1.jpg","width":600,"height":800},{"@type":"BreadcrumbList","@id":"https:\/\/www.malinashop.lt\/en\/shop\/piuma-smilebox-rinkinys-kuno-spalvos-soft\/#breadcrumb","itemListElement":[{"@type":"ListItem","position":1,"name":"Home","item":"https:\/\/www.malinashop.lt\/en\/"},{"@type":"ListItem","position":2,"name":"Parduotuv\u0117","item":"https:\/\/www.malinashop.lt\/en\/parduotuve\/"},{"@type":"ListItem","position":3,"name":"PIUMA SmileBox rinkinys (k\u016bno spalvos, soft)"}]},{"@type":"WebSite","@id":"https:\/\/www.malinashop.lt\/en\/#website","url":"https:\/\/www.malinashop.lt\/en\/","name":"COM Group Ecommerce","description":"MalinaShop.lt - Gro\u017eio ir sveikatos produktai i\u0161 patikim\u0173 preki\u0173 \u017eenkl\u0173. Atraskite auk\u0161tos kokyb\u0117s kosmetik\u0105 u\u017e puiki\u0105 kain\u0105.","publisher":{"@id":"https:\/\/www.malinashop.lt\/en\/#organization"},"potentialAction":[{"@type":"SearchAction","target":{"@type":"EntryPoint","urlTemplate":"https:\/\/www.malinashop.lt\/en\/?s={search_term_string}"},"query-input":{"@type":"PropertyValueSpecification","valueRequired":true,"valueName":"search_term_string"}}],"inLanguage":"en-GB"},{"@type":"Organization","@id":"https:\/\/www.malinashop.lt\/en\/#organization","name":"COM Group Ecommerce","url":"https:\/\/www.malinashop.lt\/en\/","logo":{"@type":"ImageObject","inLanguage":"en-GB","@id":"https:\/\/www.malinashop.lt\/en\/#\/schema\/logo\/image\/","url":"https:\/\/www.malinashop.lt\/wp-content\/uploads\/2024\/08\/462559670_3787732518133670_9795632669273463_n-e1731525914575.png","contentUrl":"https:\/\/www.malinashop.lt\/wp-content\/uploads\/2024\/08\/462559670_3787732518133670_9795632669273463_n-e1731525914575.png","width":180,"height":60,"caption":"COM Group Ecommerce"},"image":{"@id":"https:\/\/www.malinashop.lt\/en\/#\/schema\/logo\/image\/"}}]}},"jetpack_sharing_enabled":true,"_links":{"self":[{"href":"https:\/\/www.malinashop.lt\/en\/wp-json\/wp\/v2\/product\/63956","targetHints":{"allow":["GET"]}}],"collection":[{"href":"https:\/\/www.malinashop.lt\/en\/wp-json\/wp\/v2\/product"}],"about":[{"href":"https:\/\/www.malinashop.lt\/en\/wp-json\/wp\/v2\/types\/product"}],"version-history":[{"count":2,"href":"https:\/\/www.malinashop.lt\/en\/wp-json\/wp\/v2\/product\/63956\/revisions"}],"predecessor-version":[{"id":72306,"href":"https:\/\/www.malinashop.lt\/en\/wp-json\/wp\/v2\/product\/63956\/revisions\/72306"}],"wp:featuredmedia":[{"embeddable":true,"href":"https:\/\/www.malinashop.lt\/en\/wp-json\/wp\/v2\/media\/63958"}],"wp:attachment":[{"href":"https:\/\/www.malinashop.lt\/en\/wp-json\/wp\/v2\/media?parent=63956"}],"wp:term":[{"taxonomy":"product_brand","embeddable":true,"href":"https:\/\/www.malinashop.lt\/en\/wp-json\/wp\/v2\/product_brand?post=63956"},{"taxonomy":"product_cat","embeddable":true,"href":"https:\/\/www.malinashop.lt\/en\/wp-json\/wp\/v2\/product_cat?post=63956"},{"taxonomy":"product_tag","embeddable":true,"href":"https:\/\/www.malinashop.lt\/en\/wp-json\/wp\/v2\/product_tag?post=63956"}],"curies":[{"name":"wp","href":"https:\/\/api.w.org\/{rel}","templated":true}]}}