{"id":63950,"date":"2025-11-24T18:23:09","date_gmt":"2025-11-24T15:23:09","guid":{"rendered":"https:\/\/malinashop.lt\/?post_type=product&#038;p=63950"},"modified":"2026-02-10T13:00:50","modified_gmt":"2026-02-10T10:00:50","slug":"piuma-kit-base-rinkinys-su-vitaminu-c-kuno-spalvos","status":"publish","type":"product","link":"https:\/\/www.malinashop.lt\/en\/shop\/piuma-kit-base-rinkinys-su-vitaminu-c-kuno-spalvos\/","title":{"rendered":"PIUMA KIT BASE rinkinys su vitaminu C k\u016bno spalvos"},"content":{"rendered":"<p data-start=\"622\" data-end=\"961\">PIUMA KIT BASE su vitaminu C (k\u016bno spalvos) \u2013 tai modernus burnos prie\u017ei\u016bros rinkinys, sukurtas kasdieniam naudojimui ir tiems, kurie vertina ne tik \u0161var\u0105, bet ir papildom\u0105 d\u0117mes\u012f burnos sveikatai. Rinkin\u012f sudaro PIUMA\u00ae dant\u0173 \u0161epet\u0117lis, kurio \u0161ereliuose integruotas vitaminas C, bei kalendorinis pagrindas patogiam ir higieni\u0161kam laikymui.<\/p>\n<p data-start=\"963\" data-end=\"1300\">\u0160epet\u0117lis pasi\u017eymi inovatyviu dizainu ir lanks\u010dia rankena, tod\u0117l valant dantis lengviau reguliuoti spaudim\u0105 ir i\u0161laikyti komfort\u0105. Auk\u0161tos kokyb\u0117s <strong data-start=\"1110\" data-end=\"1144\">Tynex\u00ae mikro \u0161ereliai (0,1 mm)<\/strong> sukurti taip, kad pad\u0117t\u0173 efektyviai pa\u0161alinti apna\u0161as, ta\u010diau kartu suma\u017eint\u0173 danten\u0173 dirginimo tikimyb\u0119. Tai ypa\u010d aktualu jautriems dantims bei dantenoms.<\/p>\n<p data-start=\"1302\" data-end=\"1526\">\u0160io rinkinio i\u0161skirtinumas \u2013 <strong data-start=\"1331\" data-end=\"1368\">vitamino C integracija \u0161ereliuose<\/strong>. Novatori\u0161kos technologijos d\u0117ka vitaminas C tampa papildoma pagalba burnos higienai, prisidedant prie geresn\u0117s burnos sveikatos ir kasdienio \u0161varos poj\u016b\u010dio.<\/p>\n<p data-start=\"1528\" data-end=\"1687\">Papildomai \u0161epet\u0117lyje integruotas <strong data-start=\"1562\" data-end=\"1583\">lie\u017euvio valiklis<\/strong>, kuris padeda kruop\u0161\u010diau pri\u017ei\u016br\u0117ti vis\u0105 burnos ertm\u0119 ir sustiprinti gaivos poj\u016bt\u012f po kiekvieno valymo.<\/p>\n<p data-start=\"1689\" data-end=\"1835\">Gamyboje naudojamos med\u017eiagos yra <strong data-start=\"1723\" data-end=\"1741\">antibakterin\u0117s<\/strong> ir sertifikuotos <strong data-start=\"1759\" data-end=\"1766\">FDA<\/strong>, tod\u0117l PIUMA rinkinys yra patikimas sprendimas kasdieninei higienai.<\/p>\n<p data-start=\"1837\" data-end=\"2055\">Komplekte esantis kalendorinis pagrindas leid\u017eia \u0161epet\u0117l\u012f patogiai laikyti ant \u012fvairi\u0173 pavir\u0161i\u0173. Patentuotas dizainas apsaugo nuo vandens kaupimosi, o \u012fmontuotas kalendorius primena, kada reik\u0117t\u0173 keisti dant\u0173 \u0161epet\u0117l\u012f.<\/p>\n<p data-start=\"2057\" data-end=\"2114\">Pastaba: visada pridedamas <strong data-start=\"2084\" data-end=\"2113\">dant\u0173 \u0161epet\u0117lio dangtelis<\/strong>.<\/p>\n<ul data-start=\"2116\" data-end=\"2208\">\n<li data-start=\"2116\" data-end=\"2135\">\n<p data-start=\"2118\" data-end=\"2135\">100 % vegani\u0161ka<\/p>\n<\/li>\n<li data-start=\"2136\" data-end=\"2159\">\n<p data-start=\"2138\" data-end=\"2159\">Pagaminta Italijoje<\/p>\n<\/li>\n<li data-start=\"2160\" data-end=\"2208\">\n<p data-start=\"2162\" data-end=\"2208\">Draugi\u0161kas gyv\u016bnams produktas (Cruelty free)<\/p>\n<\/li>\n<\/ul>\n<p data-start=\"2210\" data-end=\"2240\"><strong data-start=\"2210\" data-end=\"2240\">Gamintojas: PIUMA, Italija<\/strong><\/p>\n","protected":false},"excerpt":{"rendered":"<p data-start=\"282\" data-end=\"596\">PIUMA KIT BASE su vitaminu C \u2013 dovan\u0173 rinkinys burnos higienai, kur\u012f sudaro dant\u0173 \u0161epet\u0117lis su vitamino C integracija \u0161ereliuose ir kalendorinis pagrindas patogiam laikymui. Mikro \u0161ereliai i\u0161 Tynex\u00ae u\u017etikrina \u0161veln\u0173 valym\u0105, o lie\u017euvio valiklis padeda palaikyti gaiv\u0105. Vegani\u0161kas, cruelty free, pagaminta Italijoje.<\/p>\n","protected":false},"featured_media":63952,"template":"","meta":[],"product_brand":[1533],"product_cat":[1569],"product_tag":[1615],"class_list":{"0":"post-63950","1":"product","2":"type-product","3":"status-publish","4":"has-post-thumbnail","6":"product_brand-piuma","7":"product_cat-burnos-higiena","8":"product_tag-piuma","10":"first","11":"instock","12":"sale","13":"purchasable","14":"product-type-simple"},"yoast_head":"<!-- This site is optimized with the Yoast SEO plugin v27.4 - https:\/\/yoast.com\/product\/yoast-seo-wordpress\/ -->\n<title>PIUMA KIT BASE rinkinys su vitaminu C k\u016bno spalvos - MalinaShop.lt J\u016bs\u0173 sveikatai ir gro\u017eiui.<\/title>\n<meta name=\"description\" content=\"PIUMA KIT BASE rinkinys su vitaminu C ir kalendoriniu pagrindu. Vegani\u0161kas, pagaminta Italijoje.\" \/>\n<meta name=\"robots\" content=\"index, follow, max-snippet:-1, max-image-preview:large, max-video-preview:-1\" \/>\n<link rel=\"canonical\" href=\"https:\/\/www.malinashop.lt\/en\/shop\/piuma-kit-base-rinkinys-su-vitaminu-c-kuno-spalvos\/\" \/>\n<meta property=\"og:locale\" content=\"en_GB\" \/>\n<meta property=\"og:type\" content=\"article\" \/>\n<meta property=\"og:title\" content=\"PIUMA KIT BASE rinkinys su vitaminu C k\u016bno spalvos - MalinaShop.lt J\u016bs\u0173 sveikatai ir gro\u017eiui.\" \/>\n<meta property=\"og:description\" content=\"PIUMA KIT BASE rinkinys su vitaminu C ir kalendoriniu pagrindu. Vegani\u0161kas, pagaminta Italijoje.\" \/>\n<meta property=\"og:url\" content=\"https:\/\/www.malinashop.lt\/en\/shop\/piuma-kit-base-rinkinys-su-vitaminu-c-kuno-spalvos\/\" \/>\n<meta property=\"og:site_name\" content=\"MalinaShop.lt J\u016bs\u0173 sveikatai ir gro\u017eiui.\" \/>\n<meta property=\"article:modified_time\" content=\"2026-02-10T10:00:50+00:00\" \/>\n<meta property=\"og:image\" content=\"https:\/\/www.malinashop.lt\/wp-content\/uploads\/2025\/11\/dantu_sepetelis_tvari_verslo_dovana_klientams_vitaminas_c_sveikata_odonrologija_gurmena.lt-600x800-1-1.jpg\" \/>\n\t<meta property=\"og:image:width\" content=\"600\" \/>\n\t<meta property=\"og:image:height\" content=\"800\" \/>\n\t<meta property=\"og:image:type\" content=\"image\/jpeg\" \/>\n<meta name=\"twitter:card\" content=\"summary_large_image\" \/>\n<script type=\"application\/ld+json\" class=\"yoast-schema-graph\">{\"@context\":\"https:\\\/\\\/schema.org\",\"@graph\":[{\"@type\":\"WebPage\",\"@id\":\"https:\\\/\\\/www.malinashop.lt\\\/en\\\/shop\\\/piuma-kit-base-rinkinys-su-vitaminu-c-kuno-spalvos\\\/\",\"url\":\"https:\\\/\\\/www.malinashop.lt\\\/en\\\/shop\\\/piuma-kit-base-rinkinys-su-vitaminu-c-kuno-spalvos\\\/\",\"name\":\"PIUMA KIT BASE rinkinys su vitaminu C k\u016bno spalvos - MalinaShop.lt J\u016bs\u0173 sveikatai ir gro\u017eiui.\",\"isPartOf\":{\"@id\":\"https:\\\/\\\/www.malinashop.lt\\\/#website\"},\"primaryImageOfPage\":{\"@id\":\"https:\\\/\\\/www.malinashop.lt\\\/en\\\/shop\\\/piuma-kit-base-rinkinys-su-vitaminu-c-kuno-spalvos\\\/#primaryimage\"},\"image\":{\"@id\":\"https:\\\/\\\/www.malinashop.lt\\\/en\\\/shop\\\/piuma-kit-base-rinkinys-su-vitaminu-c-kuno-spalvos\\\/#primaryimage\"},\"thumbnailUrl\":\"https:\\\/\\\/www.malinashop.lt\\\/wp-content\\\/uploads\\\/2025\\\/11\\\/dantu_sepetelis_tvari_verslo_dovana_klientams_vitaminas_c_sveikata_odonrologija_gurmena.lt-600x800-1-1.jpg\",\"datePublished\":\"2025-11-24T15:23:09+00:00\",\"dateModified\":\"2026-02-10T10:00:50+00:00\",\"description\":\"PIUMA KIT BASE rinkinys su vitaminu C ir kalendoriniu pagrindu. Vegani\u0161kas, pagaminta Italijoje.\",\"breadcrumb\":{\"@id\":\"https:\\\/\\\/www.malinashop.lt\\\/en\\\/shop\\\/piuma-kit-base-rinkinys-su-vitaminu-c-kuno-spalvos\\\/#breadcrumb\"},\"inLanguage\":\"en-GB\",\"potentialAction\":[{\"@type\":\"ReadAction\",\"target\":[\"https:\\\/\\\/www.malinashop.lt\\\/en\\\/shop\\\/piuma-kit-base-rinkinys-su-vitaminu-c-kuno-spalvos\\\/\"]}]},{\"@type\":\"ImageObject\",\"inLanguage\":\"en-GB\",\"@id\":\"https:\\\/\\\/www.malinashop.lt\\\/en\\\/shop\\\/piuma-kit-base-rinkinys-su-vitaminu-c-kuno-spalvos\\\/#primaryimage\",\"url\":\"https:\\\/\\\/www.malinashop.lt\\\/wp-content\\\/uploads\\\/2025\\\/11\\\/dantu_sepetelis_tvari_verslo_dovana_klientams_vitaminas_c_sveikata_odonrologija_gurmena.lt-600x800-1-1.jpg\",\"contentUrl\":\"https:\\\/\\\/www.malinashop.lt\\\/wp-content\\\/uploads\\\/2025\\\/11\\\/dantu_sepetelis_tvari_verslo_dovana_klientams_vitaminas_c_sveikata_odonrologija_gurmena.lt-600x800-1-1.jpg\",\"width\":600,\"height\":800},{\"@type\":\"BreadcrumbList\",\"@id\":\"https:\\\/\\\/www.malinashop.lt\\\/en\\\/shop\\\/piuma-kit-base-rinkinys-su-vitaminu-c-kuno-spalvos\\\/#breadcrumb\",\"itemListElement\":[{\"@type\":\"ListItem\",\"position\":1,\"name\":\"Pagrindinis\",\"item\":\"https:\\\/\\\/www.malinashop.lt\\\/\"},{\"@type\":\"ListItem\",\"position\":2,\"name\":\"Parduotuv\u0117\",\"item\":\"https:\\\/\\\/www.malinashop.lt\\\/en\\\/parduotuve\\\/\"},{\"@type\":\"ListItem\",\"position\":3,\"name\":\"PIUMA KIT BASE rinkinys su vitaminu C k\u016bno spalvos\"}]},{\"@type\":\"WebSite\",\"@id\":\"https:\\\/\\\/www.malinashop.lt\\\/#website\",\"url\":\"https:\\\/\\\/www.malinashop.lt\\\/\",\"name\":\"COM Group Ecommerce\",\"description\":\"MalinaShop.lt - Gro\u017eio ir sveikatos produktai i\u0161 patikim\u0173 preki\u0173 \u017eenkl\u0173. Atraskite auk\u0161tos kokyb\u0117s kosmetik\u0105 u\u017e puiki\u0105 kain\u0105.\",\"publisher\":{\"@id\":\"https:\\\/\\\/www.malinashop.lt\\\/#organization\"},\"potentialAction\":[{\"@type\":\"SearchAction\",\"target\":{\"@type\":\"EntryPoint\",\"urlTemplate\":\"https:\\\/\\\/www.malinashop.lt\\\/?s={search_term_string}\"},\"query-input\":{\"@type\":\"PropertyValueSpecification\",\"valueRequired\":true,\"valueName\":\"search_term_string\"}}],\"inLanguage\":\"en-GB\"},{\"@type\":\"Organization\",\"@id\":\"https:\\\/\\\/www.malinashop.lt\\\/#organization\",\"name\":\"COM Group Ecommerce\",\"url\":\"https:\\\/\\\/www.malinashop.lt\\\/\",\"logo\":{\"@type\":\"ImageObject\",\"inLanguage\":\"en-GB\",\"@id\":\"https:\\\/\\\/www.malinashop.lt\\\/#\\\/schema\\\/logo\\\/image\\\/\",\"url\":\"https:\\\/\\\/www.malinashop.lt\\\/wp-content\\\/uploads\\\/2024\\\/08\\\/462559670_3787732518133670_9795632669273463_n-e1731525914575.png\",\"contentUrl\":\"https:\\\/\\\/www.malinashop.lt\\\/wp-content\\\/uploads\\\/2024\\\/08\\\/462559670_3787732518133670_9795632669273463_n-e1731525914575.png\",\"width\":180,\"height\":60,\"caption\":\"COM Group Ecommerce\"},\"image\":{\"@id\":\"https:\\\/\\\/www.malinashop.lt\\\/#\\\/schema\\\/logo\\\/image\\\/\"}}]}<\/script>\n<!-- \/ Yoast SEO plugin. -->","yoast_head_json":{"title":"PIUMA KIT BASE rinkinys su vitaminu C k\u016bno spalvos - MalinaShop.lt J\u016bs\u0173 sveikatai ir gro\u017eiui.","description":"PIUMA KIT BASE rinkinys su vitaminu C ir kalendoriniu pagrindu. Vegani\u0161kas, pagaminta Italijoje.","robots":{"index":"index","follow":"follow","max-snippet":"max-snippet:-1","max-image-preview":"max-image-preview:large","max-video-preview":"max-video-preview:-1"},"canonical":"https:\/\/www.malinashop.lt\/en\/shop\/piuma-kit-base-rinkinys-su-vitaminu-c-kuno-spalvos\/","og_locale":"en_GB","og_type":"article","og_title":"PIUMA KIT BASE rinkinys su vitaminu C k\u016bno spalvos - MalinaShop.lt J\u016bs\u0173 sveikatai ir gro\u017eiui.","og_description":"PIUMA KIT BASE rinkinys su vitaminu C ir kalendoriniu pagrindu. Vegani\u0161kas, pagaminta Italijoje.","og_url":"https:\/\/www.malinashop.lt\/en\/shop\/piuma-kit-base-rinkinys-su-vitaminu-c-kuno-spalvos\/","og_site_name":"MalinaShop.lt J\u016bs\u0173 sveikatai ir gro\u017eiui.","article_modified_time":"2026-02-10T10:00:50+00:00","og_image":[{"width":600,"height":800,"url":"https:\/\/www.malinashop.lt\/wp-content\/uploads\/2025\/11\/dantu_sepetelis_tvari_verslo_dovana_klientams_vitaminas_c_sveikata_odonrologija_gurmena.lt-600x800-1-1.jpg","type":"image\/jpeg"}],"twitter_card":"summary_large_image","schema":{"@context":"https:\/\/schema.org","@graph":[{"@type":"WebPage","@id":"https:\/\/www.malinashop.lt\/en\/shop\/piuma-kit-base-rinkinys-su-vitaminu-c-kuno-spalvos\/","url":"https:\/\/www.malinashop.lt\/en\/shop\/piuma-kit-base-rinkinys-su-vitaminu-c-kuno-spalvos\/","name":"PIUMA KIT BASE rinkinys su vitaminu C k\u016bno spalvos - MalinaShop.lt J\u016bs\u0173 sveikatai ir gro\u017eiui.","isPartOf":{"@id":"https:\/\/www.malinashop.lt\/#website"},"primaryImageOfPage":{"@id":"https:\/\/www.malinashop.lt\/en\/shop\/piuma-kit-base-rinkinys-su-vitaminu-c-kuno-spalvos\/#primaryimage"},"image":{"@id":"https:\/\/www.malinashop.lt\/en\/shop\/piuma-kit-base-rinkinys-su-vitaminu-c-kuno-spalvos\/#primaryimage"},"thumbnailUrl":"https:\/\/www.malinashop.lt\/wp-content\/uploads\/2025\/11\/dantu_sepetelis_tvari_verslo_dovana_klientams_vitaminas_c_sveikata_odonrologija_gurmena.lt-600x800-1-1.jpg","datePublished":"2025-11-24T15:23:09+00:00","dateModified":"2026-02-10T10:00:50+00:00","description":"PIUMA KIT BASE rinkinys su vitaminu C ir kalendoriniu pagrindu. Vegani\u0161kas, pagaminta Italijoje.","breadcrumb":{"@id":"https:\/\/www.malinashop.lt\/en\/shop\/piuma-kit-base-rinkinys-su-vitaminu-c-kuno-spalvos\/#breadcrumb"},"inLanguage":"en-GB","potentialAction":[{"@type":"ReadAction","target":["https:\/\/www.malinashop.lt\/en\/shop\/piuma-kit-base-rinkinys-su-vitaminu-c-kuno-spalvos\/"]}]},{"@type":"ImageObject","inLanguage":"en-GB","@id":"https:\/\/www.malinashop.lt\/en\/shop\/piuma-kit-base-rinkinys-su-vitaminu-c-kuno-spalvos\/#primaryimage","url":"https:\/\/www.malinashop.lt\/wp-content\/uploads\/2025\/11\/dantu_sepetelis_tvari_verslo_dovana_klientams_vitaminas_c_sveikata_odonrologija_gurmena.lt-600x800-1-1.jpg","contentUrl":"https:\/\/www.malinashop.lt\/wp-content\/uploads\/2025\/11\/dantu_sepetelis_tvari_verslo_dovana_klientams_vitaminas_c_sveikata_odonrologija_gurmena.lt-600x800-1-1.jpg","width":600,"height":800},{"@type":"BreadcrumbList","@id":"https:\/\/www.malinashop.lt\/en\/shop\/piuma-kit-base-rinkinys-su-vitaminu-c-kuno-spalvos\/#breadcrumb","itemListElement":[{"@type":"ListItem","position":1,"name":"Pagrindinis","item":"https:\/\/www.malinashop.lt\/"},{"@type":"ListItem","position":2,"name":"Parduotuv\u0117","item":"https:\/\/www.malinashop.lt\/en\/parduotuve\/"},{"@type":"ListItem","position":3,"name":"PIUMA KIT BASE rinkinys su vitaminu C k\u016bno spalvos"}]},{"@type":"WebSite","@id":"https:\/\/www.malinashop.lt\/#website","url":"https:\/\/www.malinashop.lt\/","name":"COM Group Ecommerce","description":"MalinaShop.lt - Gro\u017eio ir sveikatos produktai i\u0161 patikim\u0173 preki\u0173 \u017eenkl\u0173. Atraskite auk\u0161tos kokyb\u0117s kosmetik\u0105 u\u017e puiki\u0105 kain\u0105.","publisher":{"@id":"https:\/\/www.malinashop.lt\/#organization"},"potentialAction":[{"@type":"SearchAction","target":{"@type":"EntryPoint","urlTemplate":"https:\/\/www.malinashop.lt\/?s={search_term_string}"},"query-input":{"@type":"PropertyValueSpecification","valueRequired":true,"valueName":"search_term_string"}}],"inLanguage":"en-GB"},{"@type":"Organization","@id":"https:\/\/www.malinashop.lt\/#organization","name":"COM Group Ecommerce","url":"https:\/\/www.malinashop.lt\/","logo":{"@type":"ImageObject","inLanguage":"en-GB","@id":"https:\/\/www.malinashop.lt\/#\/schema\/logo\/image\/","url":"https:\/\/www.malinashop.lt\/wp-content\/uploads\/2024\/08\/462559670_3787732518133670_9795632669273463_n-e1731525914575.png","contentUrl":"https:\/\/www.malinashop.lt\/wp-content\/uploads\/2024\/08\/462559670_3787732518133670_9795632669273463_n-e1731525914575.png","width":180,"height":60,"caption":"COM Group Ecommerce"},"image":{"@id":"https:\/\/www.malinashop.lt\/#\/schema\/logo\/image\/"}}]}},"jetpack_sharing_enabled":true,"_links":{"self":[{"href":"https:\/\/www.malinashop.lt\/en\/wp-json\/wp\/v2\/product\/63950","targetHints":{"allow":["GET"]}}],"collection":[{"href":"https:\/\/www.malinashop.lt\/en\/wp-json\/wp\/v2\/product"}],"about":[{"href":"https:\/\/www.malinashop.lt\/en\/wp-json\/wp\/v2\/types\/product"}],"version-history":[{"count":2,"href":"https:\/\/www.malinashop.lt\/en\/wp-json\/wp\/v2\/product\/63950\/revisions"}],"predecessor-version":[{"id":73365,"href":"https:\/\/www.malinashop.lt\/en\/wp-json\/wp\/v2\/product\/63950\/revisions\/73365"}],"wp:featuredmedia":[{"embeddable":true,"href":"https:\/\/www.malinashop.lt\/en\/wp-json\/wp\/v2\/media\/63952"}],"wp:attachment":[{"href":"https:\/\/www.malinashop.lt\/en\/wp-json\/wp\/v2\/media?parent=63950"}],"wp:term":[{"taxonomy":"product_brand","embeddable":true,"href":"https:\/\/www.malinashop.lt\/en\/wp-json\/wp\/v2\/product_brand?post=63950"},{"taxonomy":"product_cat","embeddable":true,"href":"https:\/\/www.malinashop.lt\/en\/wp-json\/wp\/v2\/product_cat?post=63950"},{"taxonomy":"product_tag","embeddable":true,"href":"https:\/\/www.malinashop.lt\/en\/wp-json\/wp\/v2\/product_tag?post=63950"}],"curies":[{"name":"wp","href":"https:\/\/api.w.org\/{rel}","templated":true}]}}