{"id":63948,"date":"2025-11-24T18:23:09","date_gmt":"2025-11-24T15:23:09","guid":{"rendered":"https:\/\/malinashop.lt\/?post_type=product&#038;p=63948"},"modified":"2026-02-10T13:00:51","modified_gmt":"2026-02-10T10:00:51","slug":"piuma-kit-base-rinkinys-kuno-spalvos-medium","status":"publish","type":"product","link":"https:\/\/www.malinashop.lt\/en\/shop\/piuma-kit-base-rinkinys-kuno-spalvos-medium\/","title":{"rendered":"PIUMA KIT BASE rinkinys k\u016bno spalvos Medium"},"content":{"rendered":"<p data-start=\"561\" data-end=\"877\">PIUMA KIT BASE (k\u016bno spalvos, Medium) \u2013 prakti\u0161kas burnos prie\u017ei\u016bros rinkinys, sukurtas tiems, kurie nori patogaus sprendimo kasdieniam dant\u0173 valymui. Komplekt\u0105 sudaro PIUMA\u00ae Medium dant\u0173 \u0161epet\u0117lis ir specialus kalendorinis pagrindas, leid\u017eiantis \u0161epet\u0117l\u012f laikyti higieni\u0161kai bei tvarkingai ant bet kokio pavir\u0161iaus.<\/p>\n<p data-start=\"879\" data-end=\"1202\">Medium tipo \u0161ereliai suteikia ger\u0105 balans\u0105 tarp \u0161velnumo ir intensyvesnio valymo, tod\u0117l \u0161is \u0161epet\u0117lis puikiai tinka kasdieniam naudojimui. \u0160ereliai pagaminti i\u0161 auk\u0161\u010diausios kokyb\u0117s <strong data-start=\"1061\" data-end=\"1094\">Tynex\u00ae mikro pluo\u0161to (0,1 mm)<\/strong>, kuris padeda pa\u0161alinti apna\u0161as, kartu i\u0161laikant maksimal\u0173 komfort\u0105 ir ma\u017einant danten\u0173 dirginimo tikimyb\u0119.<\/p>\n<p data-start=\"1204\" data-end=\"1408\">\u0160epet\u0117lis taip pat turi ergonomi\u0161k\u0105, lanks\u010di\u0105 ranken\u0105, kuri padeda lengviau kontroliuoti valymo judesius. Integruotas <strong data-start=\"1322\" data-end=\"1343\">lie\u017euvio valiklis<\/strong> u\u017etikrina papildom\u0105 \u0161var\u0105 ir gaivumo poj\u016bt\u012f po kiekvieno valymo.<\/p>\n<p data-start=\"1410\" data-end=\"1566\">\u0160epet\u0117li\u0173 gamyboje naudojamos \u017ealiavos yra <strong data-start=\"1453\" data-end=\"1471\">antibakterin\u0117s<\/strong> ir sertifikuotos <strong data-start=\"1489\" data-end=\"1496\">FDA<\/strong>, tod\u0117l PIUMA yra patikimas pasirinkimas tiek namuose, tiek kelion\u0117se.<\/p>\n<p data-start=\"1568\" data-end=\"1826\">Rinkinyje esantis kalendorinis pagrindas padeda \u0161epet\u0117l\u012f laikyti stabiliai ir higieni\u0161kai, o patentuotas dizainas apsaugo nuo vandens kaupimosi. \u012emontuotas kalendorius primena, kada reik\u0117t\u0173 pakeisti \u0161epet\u0117l\u012f, tod\u0117l burnos higienos rutina tampa dar patogesn\u0117.<\/p>\n<p data-start=\"1828\" data-end=\"1885\">Pastaba: visada pridedamas <strong data-start=\"1855\" data-end=\"1884\">dant\u0173 \u0161epet\u0117lio dangtelis<\/strong>.<\/p>\n<ul data-start=\"1887\" data-end=\"1979\">\n<li data-start=\"1887\" data-end=\"1906\">\n<p data-start=\"1889\" data-end=\"1906\">100 % vegani\u0161ka<\/p>\n<\/li>\n<li data-start=\"1907\" data-end=\"1930\">\n<p data-start=\"1909\" data-end=\"1930\">Pagaminta Italijoje<\/p>\n<\/li>\n<li data-start=\"1931\" data-end=\"1979\">\n<p data-start=\"1933\" data-end=\"1979\">Draugi\u0161kas gyv\u016bnams produktas (Cruelty free)<\/p>\n<\/li>\n<\/ul>\n<p data-start=\"1981\" data-end=\"2011\"><strong data-start=\"1981\" data-end=\"2011\">Gamintojas: PIUMA, Italija<\/strong><\/p>\n","protected":false},"excerpt":{"rendered":"<p data-start=\"1203\" data-end=\"1397\">PIUMA KIT BASE \u2013 tai medium kietumo dant\u0173 \u0161epet\u0117lis su Tynex\u00ae mikro \u0161ereliais ir inovatyviu kalendoriniu pagrindu. \u0160velnus dantenoms, higieni\u0161kas, vegani\u0161kas ir prakti\u0161kas kasdieniam naudojimui.<\/p>\n","protected":false},"featured_media":63944,"template":"","meta":[],"product_brand":[1533],"product_cat":[1569],"product_tag":[1615],"class_list":{"0":"post-63948","1":"product","2":"type-product","3":"status-publish","4":"has-post-thumbnail","6":"product_brand-piuma","7":"product_cat-burnos-higiena","8":"product_tag-piuma","10":"first","11":"instock","12":"purchasable","13":"product-type-simple"},"yoast_head":"<!-- This site is optimized with the Yoast SEO plugin v27.4 - https:\/\/yoast.com\/product\/yoast-seo-wordpress\/ -->\n<title>PIUMA KIT BASE rinkinys k\u016bno spalvos Medium - MalinaShop.lt J\u016bs\u0173 sveikatai ir gro\u017eiui.<\/title>\n<meta name=\"description\" content=\"PIUMA KIT BASE dant\u0173 \u0161epet\u0117lio rinkinys (medium) su kalendoriniu pagrindu. Tynex\u00ae mikro \u0161ereliai, lie\u017euvio valiklis, vegani\u0161kas.\" \/>\n<meta name=\"robots\" content=\"index, follow, max-snippet:-1, max-image-preview:large, max-video-preview:-1\" \/>\n<link rel=\"canonical\" href=\"https:\/\/www.malinashop.lt\/en\/shop\/piuma-kit-base-rinkinys-kuno-spalvos-medium\/\" \/>\n<meta property=\"og:locale\" content=\"en_GB\" \/>\n<meta property=\"og:type\" content=\"article\" \/>\n<meta property=\"og:title\" content=\"PIUMA KIT BASE rinkinys k\u016bno spalvos Medium - MalinaShop.lt J\u016bs\u0173 sveikatai ir gro\u017eiui.\" \/>\n<meta property=\"og:description\" content=\"PIUMA KIT BASE dant\u0173 \u0161epet\u0117lio rinkinys (medium) su kalendoriniu pagrindu. Tynex\u00ae mikro \u0161ereliai, lie\u017euvio valiklis, vegani\u0161kas.\" \/>\n<meta property=\"og:url\" content=\"https:\/\/www.malinashop.lt\/en\/shop\/piuma-kit-base-rinkinys-kuno-spalvos-medium\/\" \/>\n<meta property=\"og:site_name\" content=\"MalinaShop.lt J\u016bs\u0173 sveikatai ir gro\u017eiui.\" \/>\n<meta property=\"article:modified_time\" content=\"2026-02-10T10:00:51+00:00\" \/>\n<meta property=\"og:image\" content=\"https:\/\/www.malinashop.lt\/wp-content\/uploads\/2025\/11\/dantu_sepetelis_dantys_odontologija_tvari_verslo_dovana_klientams_seimai_artimajam_higiena_gurmena.lt-600x800-1.jpg\" \/>\n\t<meta property=\"og:image:width\" content=\"600\" \/>\n\t<meta property=\"og:image:height\" content=\"800\" \/>\n\t<meta property=\"og:image:type\" content=\"image\/jpeg\" \/>\n<meta name=\"twitter:card\" content=\"summary_large_image\" \/>\n<script type=\"application\/ld+json\" class=\"yoast-schema-graph\">{\"@context\":\"https:\\\/\\\/schema.org\",\"@graph\":[{\"@type\":\"WebPage\",\"@id\":\"https:\\\/\\\/www.malinashop.lt\\\/shop\\\/piuma-kit-base-rinkinys-kuno-spalvos-medium\\\/\",\"url\":\"https:\\\/\\\/www.malinashop.lt\\\/shop\\\/piuma-kit-base-rinkinys-kuno-spalvos-medium\\\/\",\"name\":\"PIUMA KIT BASE rinkinys k\u016bno spalvos Medium - MalinaShop.lt J\u016bs\u0173 sveikatai ir gro\u017eiui.\",\"isPartOf\":{\"@id\":\"https:\\\/\\\/www.malinashop.lt\\\/#website\"},\"primaryImageOfPage\":{\"@id\":\"https:\\\/\\\/www.malinashop.lt\\\/shop\\\/piuma-kit-base-rinkinys-kuno-spalvos-medium\\\/#primaryimage\"},\"image\":{\"@id\":\"https:\\\/\\\/www.malinashop.lt\\\/shop\\\/piuma-kit-base-rinkinys-kuno-spalvos-medium\\\/#primaryimage\"},\"thumbnailUrl\":\"https:\\\/\\\/www.malinashop.lt\\\/wp-content\\\/uploads\\\/2025\\\/11\\\/dantu_sepetelis_dantys_odontologija_tvari_verslo_dovana_klientams_seimai_artimajam_higiena_gurmena.lt-600x800-1.jpg\",\"datePublished\":\"2025-11-24T15:23:09+00:00\",\"dateModified\":\"2026-02-10T10:00:51+00:00\",\"description\":\"PIUMA KIT BASE dant\u0173 \u0161epet\u0117lio rinkinys (medium) su kalendoriniu pagrindu. Tynex\u00ae mikro \u0161ereliai, lie\u017euvio valiklis, vegani\u0161kas.\",\"breadcrumb\":{\"@id\":\"https:\\\/\\\/www.malinashop.lt\\\/shop\\\/piuma-kit-base-rinkinys-kuno-spalvos-medium\\\/#breadcrumb\"},\"inLanguage\":\"en-GB\",\"potentialAction\":[{\"@type\":\"ReadAction\",\"target\":[\"https:\\\/\\\/www.malinashop.lt\\\/shop\\\/piuma-kit-base-rinkinys-kuno-spalvos-medium\\\/\"]}]},{\"@type\":\"ImageObject\",\"inLanguage\":\"en-GB\",\"@id\":\"https:\\\/\\\/www.malinashop.lt\\\/shop\\\/piuma-kit-base-rinkinys-kuno-spalvos-medium\\\/#primaryimage\",\"url\":\"https:\\\/\\\/www.malinashop.lt\\\/wp-content\\\/uploads\\\/2025\\\/11\\\/dantu_sepetelis_dantys_odontologija_tvari_verslo_dovana_klientams_seimai_artimajam_higiena_gurmena.lt-600x800-1.jpg\",\"contentUrl\":\"https:\\\/\\\/www.malinashop.lt\\\/wp-content\\\/uploads\\\/2025\\\/11\\\/dantu_sepetelis_dantys_odontologija_tvari_verslo_dovana_klientams_seimai_artimajam_higiena_gurmena.lt-600x800-1.jpg\",\"width\":600,\"height\":800},{\"@type\":\"BreadcrumbList\",\"@id\":\"https:\\\/\\\/www.malinashop.lt\\\/shop\\\/piuma-kit-base-rinkinys-kuno-spalvos-medium\\\/#breadcrumb\",\"itemListElement\":[{\"@type\":\"ListItem\",\"position\":1,\"name\":\"Pagrindinis\",\"item\":\"https:\\\/\\\/www.malinashop.lt\\\/\"},{\"@type\":\"ListItem\",\"position\":2,\"name\":\"Parduotuv\u0117\",\"item\":\"https:\\\/\\\/www.malinashop.lt\\\/en\\\/parduotuve\\\/\"},{\"@type\":\"ListItem\",\"position\":3,\"name\":\"PIUMA KIT BASE rinkinys k\u016bno spalvos Medium\"}]},{\"@type\":\"WebSite\",\"@id\":\"https:\\\/\\\/www.malinashop.lt\\\/#website\",\"url\":\"https:\\\/\\\/www.malinashop.lt\\\/\",\"name\":\"COM Group Ecommerce\",\"description\":\"MalinaShop.lt - Gro\u017eio ir sveikatos produktai i\u0161 patikim\u0173 preki\u0173 \u017eenkl\u0173. Atraskite auk\u0161tos kokyb\u0117s kosmetik\u0105 u\u017e puiki\u0105 kain\u0105.\",\"publisher\":{\"@id\":\"https:\\\/\\\/www.malinashop.lt\\\/#organization\"},\"potentialAction\":[{\"@type\":\"SearchAction\",\"target\":{\"@type\":\"EntryPoint\",\"urlTemplate\":\"https:\\\/\\\/www.malinashop.lt\\\/?s={search_term_string}\"},\"query-input\":{\"@type\":\"PropertyValueSpecification\",\"valueRequired\":true,\"valueName\":\"search_term_string\"}}],\"inLanguage\":\"en-GB\"},{\"@type\":\"Organization\",\"@id\":\"https:\\\/\\\/www.malinashop.lt\\\/#organization\",\"name\":\"COM Group Ecommerce\",\"url\":\"https:\\\/\\\/www.malinashop.lt\\\/\",\"logo\":{\"@type\":\"ImageObject\",\"inLanguage\":\"en-GB\",\"@id\":\"https:\\\/\\\/www.malinashop.lt\\\/#\\\/schema\\\/logo\\\/image\\\/\",\"url\":\"https:\\\/\\\/www.malinashop.lt\\\/wp-content\\\/uploads\\\/2024\\\/08\\\/462559670_3787732518133670_9795632669273463_n-e1731525914575.png\",\"contentUrl\":\"https:\\\/\\\/www.malinashop.lt\\\/wp-content\\\/uploads\\\/2024\\\/08\\\/462559670_3787732518133670_9795632669273463_n-e1731525914575.png\",\"width\":180,\"height\":60,\"caption\":\"COM Group Ecommerce\"},\"image\":{\"@id\":\"https:\\\/\\\/www.malinashop.lt\\\/#\\\/schema\\\/logo\\\/image\\\/\"}}]}<\/script>\n<!-- \/ Yoast SEO plugin. -->","yoast_head_json":{"title":"PIUMA KIT BASE rinkinys k\u016bno spalvos Medium - MalinaShop.lt J\u016bs\u0173 sveikatai ir gro\u017eiui.","description":"PIUMA KIT BASE dant\u0173 \u0161epet\u0117lio rinkinys (medium) su kalendoriniu pagrindu. Tynex\u00ae mikro \u0161ereliai, lie\u017euvio valiklis, vegani\u0161kas.","robots":{"index":"index","follow":"follow","max-snippet":"max-snippet:-1","max-image-preview":"max-image-preview:large","max-video-preview":"max-video-preview:-1"},"canonical":"https:\/\/www.malinashop.lt\/en\/shop\/piuma-kit-base-rinkinys-kuno-spalvos-medium\/","og_locale":"en_GB","og_type":"article","og_title":"PIUMA KIT BASE rinkinys k\u016bno spalvos Medium - MalinaShop.lt J\u016bs\u0173 sveikatai ir gro\u017eiui.","og_description":"PIUMA KIT BASE dant\u0173 \u0161epet\u0117lio rinkinys (medium) su kalendoriniu pagrindu. Tynex\u00ae mikro \u0161ereliai, lie\u017euvio valiklis, vegani\u0161kas.","og_url":"https:\/\/www.malinashop.lt\/en\/shop\/piuma-kit-base-rinkinys-kuno-spalvos-medium\/","og_site_name":"MalinaShop.lt J\u016bs\u0173 sveikatai ir gro\u017eiui.","article_modified_time":"2026-02-10T10:00:51+00:00","og_image":[{"width":600,"height":800,"url":"https:\/\/www.malinashop.lt\/wp-content\/uploads\/2025\/11\/dantu_sepetelis_dantys_odontologija_tvari_verslo_dovana_klientams_seimai_artimajam_higiena_gurmena.lt-600x800-1.jpg","type":"image\/jpeg"}],"twitter_card":"summary_large_image","schema":{"@context":"https:\/\/schema.org","@graph":[{"@type":"WebPage","@id":"https:\/\/www.malinashop.lt\/shop\/piuma-kit-base-rinkinys-kuno-spalvos-medium\/","url":"https:\/\/www.malinashop.lt\/shop\/piuma-kit-base-rinkinys-kuno-spalvos-medium\/","name":"PIUMA KIT BASE rinkinys k\u016bno spalvos Medium - MalinaShop.lt J\u016bs\u0173 sveikatai ir gro\u017eiui.","isPartOf":{"@id":"https:\/\/www.malinashop.lt\/#website"},"primaryImageOfPage":{"@id":"https:\/\/www.malinashop.lt\/shop\/piuma-kit-base-rinkinys-kuno-spalvos-medium\/#primaryimage"},"image":{"@id":"https:\/\/www.malinashop.lt\/shop\/piuma-kit-base-rinkinys-kuno-spalvos-medium\/#primaryimage"},"thumbnailUrl":"https:\/\/www.malinashop.lt\/wp-content\/uploads\/2025\/11\/dantu_sepetelis_dantys_odontologija_tvari_verslo_dovana_klientams_seimai_artimajam_higiena_gurmena.lt-600x800-1.jpg","datePublished":"2025-11-24T15:23:09+00:00","dateModified":"2026-02-10T10:00:51+00:00","description":"PIUMA KIT BASE dant\u0173 \u0161epet\u0117lio rinkinys (medium) su kalendoriniu pagrindu. Tynex\u00ae mikro \u0161ereliai, lie\u017euvio valiklis, vegani\u0161kas.","breadcrumb":{"@id":"https:\/\/www.malinashop.lt\/shop\/piuma-kit-base-rinkinys-kuno-spalvos-medium\/#breadcrumb"},"inLanguage":"en-GB","potentialAction":[{"@type":"ReadAction","target":["https:\/\/www.malinashop.lt\/shop\/piuma-kit-base-rinkinys-kuno-spalvos-medium\/"]}]},{"@type":"ImageObject","inLanguage":"en-GB","@id":"https:\/\/www.malinashop.lt\/shop\/piuma-kit-base-rinkinys-kuno-spalvos-medium\/#primaryimage","url":"https:\/\/www.malinashop.lt\/wp-content\/uploads\/2025\/11\/dantu_sepetelis_dantys_odontologija_tvari_verslo_dovana_klientams_seimai_artimajam_higiena_gurmena.lt-600x800-1.jpg","contentUrl":"https:\/\/www.malinashop.lt\/wp-content\/uploads\/2025\/11\/dantu_sepetelis_dantys_odontologija_tvari_verslo_dovana_klientams_seimai_artimajam_higiena_gurmena.lt-600x800-1.jpg","width":600,"height":800},{"@type":"BreadcrumbList","@id":"https:\/\/www.malinashop.lt\/shop\/piuma-kit-base-rinkinys-kuno-spalvos-medium\/#breadcrumb","itemListElement":[{"@type":"ListItem","position":1,"name":"Pagrindinis","item":"https:\/\/www.malinashop.lt\/"},{"@type":"ListItem","position":2,"name":"Parduotuv\u0117","item":"https:\/\/www.malinashop.lt\/en\/parduotuve\/"},{"@type":"ListItem","position":3,"name":"PIUMA KIT BASE rinkinys k\u016bno spalvos Medium"}]},{"@type":"WebSite","@id":"https:\/\/www.malinashop.lt\/#website","url":"https:\/\/www.malinashop.lt\/","name":"COM Group Ecommerce","description":"MalinaShop.lt - Gro\u017eio ir sveikatos produktai i\u0161 patikim\u0173 preki\u0173 \u017eenkl\u0173. Atraskite auk\u0161tos kokyb\u0117s kosmetik\u0105 u\u017e puiki\u0105 kain\u0105.","publisher":{"@id":"https:\/\/www.malinashop.lt\/#organization"},"potentialAction":[{"@type":"SearchAction","target":{"@type":"EntryPoint","urlTemplate":"https:\/\/www.malinashop.lt\/?s={search_term_string}"},"query-input":{"@type":"PropertyValueSpecification","valueRequired":true,"valueName":"search_term_string"}}],"inLanguage":"en-GB"},{"@type":"Organization","@id":"https:\/\/www.malinashop.lt\/#organization","name":"COM Group Ecommerce","url":"https:\/\/www.malinashop.lt\/","logo":{"@type":"ImageObject","inLanguage":"en-GB","@id":"https:\/\/www.malinashop.lt\/#\/schema\/logo\/image\/","url":"https:\/\/www.malinashop.lt\/wp-content\/uploads\/2024\/08\/462559670_3787732518133670_9795632669273463_n-e1731525914575.png","contentUrl":"https:\/\/www.malinashop.lt\/wp-content\/uploads\/2024\/08\/462559670_3787732518133670_9795632669273463_n-e1731525914575.png","width":180,"height":60,"caption":"COM Group Ecommerce"},"image":{"@id":"https:\/\/www.malinashop.lt\/#\/schema\/logo\/image\/"}}]}},"jetpack_sharing_enabled":true,"_links":{"self":[{"href":"https:\/\/www.malinashop.lt\/en\/wp-json\/wp\/v2\/product\/63948","targetHints":{"allow":["GET"]}}],"collection":[{"href":"https:\/\/www.malinashop.lt\/en\/wp-json\/wp\/v2\/product"}],"about":[{"href":"https:\/\/www.malinashop.lt\/en\/wp-json\/wp\/v2\/types\/product"}],"version-history":[{"count":4,"href":"https:\/\/www.malinashop.lt\/en\/wp-json\/wp\/v2\/product\/63948\/revisions"}],"predecessor-version":[{"id":73364,"href":"https:\/\/www.malinashop.lt\/en\/wp-json\/wp\/v2\/product\/63948\/revisions\/73364"}],"wp:featuredmedia":[{"embeddable":true,"href":"https:\/\/www.malinashop.lt\/en\/wp-json\/wp\/v2\/media\/63944"}],"wp:attachment":[{"href":"https:\/\/www.malinashop.lt\/en\/wp-json\/wp\/v2\/media?parent=63948"}],"wp:term":[{"taxonomy":"product_brand","embeddable":true,"href":"https:\/\/www.malinashop.lt\/en\/wp-json\/wp\/v2\/product_brand?post=63948"},{"taxonomy":"product_cat","embeddable":true,"href":"https:\/\/www.malinashop.lt\/en\/wp-json\/wp\/v2\/product_cat?post=63948"},{"taxonomy":"product_tag","embeddable":true,"href":"https:\/\/www.malinashop.lt\/en\/wp-json\/wp\/v2\/product_tag?post=63948"}],"curies":[{"name":"wp","href":"https:\/\/api.w.org\/{rel}","templated":true}]}}