{"id":63942,"date":"2025-11-24T18:23:09","date_gmt":"2025-11-24T15:23:09","guid":{"rendered":"https:\/\/malinashop.lt\/?post_type=product&#038;p=63942"},"modified":"2026-02-10T13:00:51","modified_gmt":"2026-02-10T10:00:51","slug":"piuma-kit-base-rinkinys-kuno-spalvos-soft","status":"publish","type":"product","link":"https:\/\/www.malinashop.lt\/en\/shop\/piuma-kit-base-rinkinys-kuno-spalvos-soft\/","title":{"rendered":"PIUMA KIT BASE rinkinys k\u016bno spalvos Soft"},"content":{"rendered":"<p data-start=\"583\" data-end=\"920\">PIUMA KIT BASE (k\u016bno spalvos, Soft) \u2013 tai minimalistinis, ta\u010diau labai prakti\u0161kas dovan\u0173 rinkinys, skirtas patogiai ir higieni\u0161kai burnos prie\u017ei\u016brai kiekvien\u0105 dien\u0105. Rinkin\u012f sudaro PIUMA\u00ae dant\u0173 \u0161epet\u0117lis su mink\u0161tais (Soft) \u0161ereliais ir specialus kalendorinis pagrindas, kuris padeda \u0161epet\u0117l\u012f laikyti tvarkingai ant bet kokio pavir\u0161iaus.<\/p>\n<p data-start=\"922\" data-end=\"1304\">PIUMA \u0161epet\u0117lis i\u0161siskiria inovatyviu dizainu bei lanks\u010dia rankena, tod\u0117l valantis lengviau kontroliuojamas spaudimas. Tai padeda u\u017etikrinti efektyv\u0173 valym\u0105, kartu i\u0161laikant \u0161velnum\u0105 dantenoms. \u0160ereliai pagaminti i\u0161 auk\u0161\u010diausios kokyb\u0117s <strong data-start=\"1159\" data-end=\"1192\">Tynex\u00ae mikro pluo\u0161to (0,1 mm)<\/strong>, kuris padeda suma\u017einti danten\u0173 dirginimo rizik\u0105 ir u\u017etikrina kruop\u0161\u010di\u0105 \u0161var\u0105 net sunkiau pasiekiamose vietose.<\/p>\n<p data-start=\"1306\" data-end=\"1554\">\u0160epet\u0117lio gamyboje naudojamos \u017ealiavos yra <strong data-start=\"1349\" data-end=\"1367\">antibakterin\u0117s<\/strong> ir sertifikuotos <strong data-start=\"1385\" data-end=\"1392\">FDA<\/strong>, tod\u0117l tai patikimas pasirinkimas kasdieniam naudojimui. Papildomai integruotas <strong data-start=\"1473\" data-end=\"1494\">lie\u017euvio valiklis<\/strong> padeda palaikyti visapusi\u0161k\u0105 burnos \u0161var\u0105 ir gaivos poj\u016bt\u012f.<\/p>\n<p data-start=\"1556\" data-end=\"1842\">Rinkinyje esantis kalendorinis pagrindas suteikia dar daugiau patogumo \u2013 \u0161epet\u0117l\u012f galima pad\u0117ti ant bet kokio pavir\u0161iaus, o patentuotas dizainas apsaugo nuo vandens kaupimosi. \u012emontuotas kalendorius primena, kada laikas keisti \u0161epet\u0117l\u012f, tod\u0117l burnos higien\u0105 pri\u017ei\u016br\u0117ti tampa papras\u010diau.<\/p>\n<p data-start=\"1844\" data-end=\"1901\">Pastaba: visada pridedamas <strong data-start=\"1871\" data-end=\"1900\">dant\u0173 \u0161epet\u0117lio dangtelis<\/strong>.<\/p>\n<ul data-start=\"1903\" data-end=\"1995\">\n<li data-start=\"1903\" data-end=\"1922\">\n<p data-start=\"1905\" data-end=\"1922\">100 % vegani\u0161ka<\/p>\n<\/li>\n<li data-start=\"1923\" data-end=\"1946\">\n<p data-start=\"1925\" data-end=\"1946\">Pagaminta Italijoje<\/p>\n<\/li>\n<li data-start=\"1947\" data-end=\"1995\">\n<p data-start=\"1949\" data-end=\"1995\">Draugi\u0161kas gyv\u016bnams produktas (Cruelty free)<\/p>\n<\/li>\n<\/ul>\n<p data-start=\"1997\" data-end=\"2027\"><strong data-start=\"1997\" data-end=\"2027\">Gamintojas: PIUMA, Italija<\/strong><\/p>\n","protected":false},"excerpt":{"rendered":"<p>PIUMA KIT BASE \u2013 dovan\u0173 rinkinys kasdienei burnos higienai: Soft dant\u0173 \u0161epet\u0117lis su mikro \u0161ereliais ir kalendorinis pagrindas patogiam laikymui. \u0160velnus dantenoms, su lie\u017euvio valikliu, vegani\u0161kas ir cruelty free. Pagaminta Italijoje.<\/p>\n","protected":false},"featured_media":63944,"template":"","meta":[],"product_brand":[1533],"product_cat":[1569],"product_tag":[1615],"class_list":{"0":"post-63942","1":"product","2":"type-product","3":"status-publish","4":"has-post-thumbnail","6":"product_brand-piuma","7":"product_cat-burnos-higiena","8":"product_tag-piuma","10":"first","11":"instock","12":"purchasable","13":"product-type-simple"},"yoast_head":"<!-- This site is optimized with the Yoast SEO plugin v27.4 - https:\/\/yoast.com\/product\/yoast-seo-wordpress\/ -->\n<title>PIUMA KIT BASE rinkinys k\u016bno spalvos Soft - MalinaShop.lt J\u016bs\u0173 sveikatai ir gro\u017eiui.<\/title>\n<meta name=\"description\" content=\"PIUMA KIT BASE Soft rinkinys su \u0161epet\u0117liu ir kalendoriniu pagrindu. Vegani\u0161kas, pagaminta Italijoje.\" \/>\n<meta name=\"robots\" content=\"index, follow, max-snippet:-1, max-image-preview:large, max-video-preview:-1\" \/>\n<link rel=\"canonical\" href=\"https:\/\/www.malinashop.lt\/en\/shop\/piuma-kit-base-rinkinys-kuno-spalvos-soft\/\" \/>\n<meta property=\"og:locale\" content=\"en_GB\" \/>\n<meta property=\"og:type\" content=\"article\" \/>\n<meta property=\"og:title\" content=\"PIUMA KIT BASE rinkinys k\u016bno spalvos Soft - MalinaShop.lt J\u016bs\u0173 sveikatai ir gro\u017eiui.\" \/>\n<meta property=\"og:description\" content=\"PIUMA KIT BASE Soft rinkinys su \u0161epet\u0117liu ir kalendoriniu pagrindu. Vegani\u0161kas, pagaminta Italijoje.\" \/>\n<meta property=\"og:url\" content=\"https:\/\/www.malinashop.lt\/en\/shop\/piuma-kit-base-rinkinys-kuno-spalvos-soft\/\" \/>\n<meta property=\"og:site_name\" content=\"MalinaShop.lt J\u016bs\u0173 sveikatai ir gro\u017eiui.\" \/>\n<meta property=\"article:modified_time\" content=\"2026-02-10T10:00:51+00:00\" \/>\n<meta property=\"og:image\" content=\"https:\/\/www.malinashop.lt\/wp-content\/uploads\/2025\/11\/dantu_sepetelis_dantys_odontologija_tvari_verslo_dovana_klientams_seimai_artimajam_higiena_gurmena.lt-600x800-1.jpg\" \/>\n\t<meta property=\"og:image:width\" content=\"600\" \/>\n\t<meta property=\"og:image:height\" content=\"800\" \/>\n\t<meta property=\"og:image:type\" content=\"image\/jpeg\" \/>\n<meta name=\"twitter:card\" content=\"summary_large_image\" \/>\n<script type=\"application\/ld+json\" class=\"yoast-schema-graph\">{\"@context\":\"https:\\\/\\\/schema.org\",\"@graph\":[{\"@type\":\"WebPage\",\"@id\":\"https:\\\/\\\/www.malinashop.lt\\\/en\\\/shop\\\/piuma-kit-base-rinkinys-kuno-spalvos-soft\\\/\",\"url\":\"https:\\\/\\\/www.malinashop.lt\\\/en\\\/shop\\\/piuma-kit-base-rinkinys-kuno-spalvos-soft\\\/\",\"name\":\"PIUMA KIT BASE rinkinys k\u016bno spalvos Soft - MalinaShop.lt J\u016bs\u0173 sveikatai ir gro\u017eiui.\",\"isPartOf\":{\"@id\":\"https:\\\/\\\/www.malinashop.lt\\\/en\\\/#website\"},\"primaryImageOfPage\":{\"@id\":\"https:\\\/\\\/www.malinashop.lt\\\/en\\\/shop\\\/piuma-kit-base-rinkinys-kuno-spalvos-soft\\\/#primaryimage\"},\"image\":{\"@id\":\"https:\\\/\\\/www.malinashop.lt\\\/en\\\/shop\\\/piuma-kit-base-rinkinys-kuno-spalvos-soft\\\/#primaryimage\"},\"thumbnailUrl\":\"https:\\\/\\\/www.malinashop.lt\\\/wp-content\\\/uploads\\\/2025\\\/11\\\/dantu_sepetelis_dantys_odontologija_tvari_verslo_dovana_klientams_seimai_artimajam_higiena_gurmena.lt-600x800-1.jpg\",\"datePublished\":\"2025-11-24T15:23:09+00:00\",\"dateModified\":\"2026-02-10T10:00:51+00:00\",\"description\":\"PIUMA KIT BASE Soft rinkinys su \u0161epet\u0117liu ir kalendoriniu pagrindu. Vegani\u0161kas, pagaminta Italijoje.\",\"breadcrumb\":{\"@id\":\"https:\\\/\\\/www.malinashop.lt\\\/en\\\/shop\\\/piuma-kit-base-rinkinys-kuno-spalvos-soft\\\/#breadcrumb\"},\"inLanguage\":\"en-GB\",\"potentialAction\":[{\"@type\":\"ReadAction\",\"target\":[\"https:\\\/\\\/www.malinashop.lt\\\/en\\\/shop\\\/piuma-kit-base-rinkinys-kuno-spalvos-soft\\\/\"]}]},{\"@type\":\"ImageObject\",\"inLanguage\":\"en-GB\",\"@id\":\"https:\\\/\\\/www.malinashop.lt\\\/en\\\/shop\\\/piuma-kit-base-rinkinys-kuno-spalvos-soft\\\/#primaryimage\",\"url\":\"https:\\\/\\\/www.malinashop.lt\\\/wp-content\\\/uploads\\\/2025\\\/11\\\/dantu_sepetelis_dantys_odontologija_tvari_verslo_dovana_klientams_seimai_artimajam_higiena_gurmena.lt-600x800-1.jpg\",\"contentUrl\":\"https:\\\/\\\/www.malinashop.lt\\\/wp-content\\\/uploads\\\/2025\\\/11\\\/dantu_sepetelis_dantys_odontologija_tvari_verslo_dovana_klientams_seimai_artimajam_higiena_gurmena.lt-600x800-1.jpg\",\"width\":600,\"height\":800},{\"@type\":\"BreadcrumbList\",\"@id\":\"https:\\\/\\\/www.malinashop.lt\\\/en\\\/shop\\\/piuma-kit-base-rinkinys-kuno-spalvos-soft\\\/#breadcrumb\",\"itemListElement\":[{\"@type\":\"ListItem\",\"position\":1,\"name\":\"Home\",\"item\":\"https:\\\/\\\/www.malinashop.lt\\\/en\\\/\"},{\"@type\":\"ListItem\",\"position\":2,\"name\":\"Parduotuv\u0117\",\"item\":\"https:\\\/\\\/www.malinashop.lt\\\/en\\\/parduotuve\\\/\"},{\"@type\":\"ListItem\",\"position\":3,\"name\":\"PIUMA KIT BASE rinkinys k\u016bno spalvos Soft\"}]},{\"@type\":\"WebSite\",\"@id\":\"https:\\\/\\\/www.malinashop.lt\\\/en\\\/#website\",\"url\":\"https:\\\/\\\/www.malinashop.lt\\\/en\\\/\",\"name\":\"COM Group Ecommerce\",\"description\":\"MalinaShop.lt - Gro\u017eio ir sveikatos produktai i\u0161 patikim\u0173 preki\u0173 \u017eenkl\u0173. Atraskite auk\u0161tos kokyb\u0117s kosmetik\u0105 u\u017e puiki\u0105 kain\u0105.\",\"publisher\":{\"@id\":\"https:\\\/\\\/www.malinashop.lt\\\/en\\\/#organization\"},\"potentialAction\":[{\"@type\":\"SearchAction\",\"target\":{\"@type\":\"EntryPoint\",\"urlTemplate\":\"https:\\\/\\\/www.malinashop.lt\\\/en\\\/?s={search_term_string}\"},\"query-input\":{\"@type\":\"PropertyValueSpecification\",\"valueRequired\":true,\"valueName\":\"search_term_string\"}}],\"inLanguage\":\"en-GB\"},{\"@type\":\"Organization\",\"@id\":\"https:\\\/\\\/www.malinashop.lt\\\/en\\\/#organization\",\"name\":\"COM Group Ecommerce\",\"url\":\"https:\\\/\\\/www.malinashop.lt\\\/en\\\/\",\"logo\":{\"@type\":\"ImageObject\",\"inLanguage\":\"en-GB\",\"@id\":\"https:\\\/\\\/www.malinashop.lt\\\/en\\\/#\\\/schema\\\/logo\\\/image\\\/\",\"url\":\"https:\\\/\\\/www.malinashop.lt\\\/wp-content\\\/uploads\\\/2024\\\/08\\\/462559670_3787732518133670_9795632669273463_n-e1731525914575.png\",\"contentUrl\":\"https:\\\/\\\/www.malinashop.lt\\\/wp-content\\\/uploads\\\/2024\\\/08\\\/462559670_3787732518133670_9795632669273463_n-e1731525914575.png\",\"width\":180,\"height\":60,\"caption\":\"COM Group Ecommerce\"},\"image\":{\"@id\":\"https:\\\/\\\/www.malinashop.lt\\\/en\\\/#\\\/schema\\\/logo\\\/image\\\/\"}}]}<\/script>\n<!-- \/ Yoast SEO plugin. -->","yoast_head_json":{"title":"PIUMA KIT BASE rinkinys k\u016bno spalvos Soft - MalinaShop.lt J\u016bs\u0173 sveikatai ir gro\u017eiui.","description":"PIUMA KIT BASE Soft rinkinys su \u0161epet\u0117liu ir kalendoriniu pagrindu. Vegani\u0161kas, pagaminta Italijoje.","robots":{"index":"index","follow":"follow","max-snippet":"max-snippet:-1","max-image-preview":"max-image-preview:large","max-video-preview":"max-video-preview:-1"},"canonical":"https:\/\/www.malinashop.lt\/en\/shop\/piuma-kit-base-rinkinys-kuno-spalvos-soft\/","og_locale":"en_GB","og_type":"article","og_title":"PIUMA KIT BASE rinkinys k\u016bno spalvos Soft - MalinaShop.lt J\u016bs\u0173 sveikatai ir gro\u017eiui.","og_description":"PIUMA KIT BASE Soft rinkinys su \u0161epet\u0117liu ir kalendoriniu pagrindu. Vegani\u0161kas, pagaminta Italijoje.","og_url":"https:\/\/www.malinashop.lt\/en\/shop\/piuma-kit-base-rinkinys-kuno-spalvos-soft\/","og_site_name":"MalinaShop.lt J\u016bs\u0173 sveikatai ir gro\u017eiui.","article_modified_time":"2026-02-10T10:00:51+00:00","og_image":[{"width":600,"height":800,"url":"https:\/\/www.malinashop.lt\/wp-content\/uploads\/2025\/11\/dantu_sepetelis_dantys_odontologija_tvari_verslo_dovana_klientams_seimai_artimajam_higiena_gurmena.lt-600x800-1.jpg","type":"image\/jpeg"}],"twitter_card":"summary_large_image","schema":{"@context":"https:\/\/schema.org","@graph":[{"@type":"WebPage","@id":"https:\/\/www.malinashop.lt\/en\/shop\/piuma-kit-base-rinkinys-kuno-spalvos-soft\/","url":"https:\/\/www.malinashop.lt\/en\/shop\/piuma-kit-base-rinkinys-kuno-spalvos-soft\/","name":"PIUMA KIT BASE rinkinys k\u016bno spalvos Soft - MalinaShop.lt J\u016bs\u0173 sveikatai ir gro\u017eiui.","isPartOf":{"@id":"https:\/\/www.malinashop.lt\/en\/#website"},"primaryImageOfPage":{"@id":"https:\/\/www.malinashop.lt\/en\/shop\/piuma-kit-base-rinkinys-kuno-spalvos-soft\/#primaryimage"},"image":{"@id":"https:\/\/www.malinashop.lt\/en\/shop\/piuma-kit-base-rinkinys-kuno-spalvos-soft\/#primaryimage"},"thumbnailUrl":"https:\/\/www.malinashop.lt\/wp-content\/uploads\/2025\/11\/dantu_sepetelis_dantys_odontologija_tvari_verslo_dovana_klientams_seimai_artimajam_higiena_gurmena.lt-600x800-1.jpg","datePublished":"2025-11-24T15:23:09+00:00","dateModified":"2026-02-10T10:00:51+00:00","description":"PIUMA KIT BASE Soft rinkinys su \u0161epet\u0117liu ir kalendoriniu pagrindu. Vegani\u0161kas, pagaminta Italijoje.","breadcrumb":{"@id":"https:\/\/www.malinashop.lt\/en\/shop\/piuma-kit-base-rinkinys-kuno-spalvos-soft\/#breadcrumb"},"inLanguage":"en-GB","potentialAction":[{"@type":"ReadAction","target":["https:\/\/www.malinashop.lt\/en\/shop\/piuma-kit-base-rinkinys-kuno-spalvos-soft\/"]}]},{"@type":"ImageObject","inLanguage":"en-GB","@id":"https:\/\/www.malinashop.lt\/en\/shop\/piuma-kit-base-rinkinys-kuno-spalvos-soft\/#primaryimage","url":"https:\/\/www.malinashop.lt\/wp-content\/uploads\/2025\/11\/dantu_sepetelis_dantys_odontologija_tvari_verslo_dovana_klientams_seimai_artimajam_higiena_gurmena.lt-600x800-1.jpg","contentUrl":"https:\/\/www.malinashop.lt\/wp-content\/uploads\/2025\/11\/dantu_sepetelis_dantys_odontologija_tvari_verslo_dovana_klientams_seimai_artimajam_higiena_gurmena.lt-600x800-1.jpg","width":600,"height":800},{"@type":"BreadcrumbList","@id":"https:\/\/www.malinashop.lt\/en\/shop\/piuma-kit-base-rinkinys-kuno-spalvos-soft\/#breadcrumb","itemListElement":[{"@type":"ListItem","position":1,"name":"Home","item":"https:\/\/www.malinashop.lt\/en\/"},{"@type":"ListItem","position":2,"name":"Parduotuv\u0117","item":"https:\/\/www.malinashop.lt\/en\/parduotuve\/"},{"@type":"ListItem","position":3,"name":"PIUMA KIT BASE rinkinys k\u016bno spalvos Soft"}]},{"@type":"WebSite","@id":"https:\/\/www.malinashop.lt\/en\/#website","url":"https:\/\/www.malinashop.lt\/en\/","name":"COM Group Ecommerce","description":"MalinaShop.lt - Gro\u017eio ir sveikatos produktai i\u0161 patikim\u0173 preki\u0173 \u017eenkl\u0173. Atraskite auk\u0161tos kokyb\u0117s kosmetik\u0105 u\u017e puiki\u0105 kain\u0105.","publisher":{"@id":"https:\/\/www.malinashop.lt\/en\/#organization"},"potentialAction":[{"@type":"SearchAction","target":{"@type":"EntryPoint","urlTemplate":"https:\/\/www.malinashop.lt\/en\/?s={search_term_string}"},"query-input":{"@type":"PropertyValueSpecification","valueRequired":true,"valueName":"search_term_string"}}],"inLanguage":"en-GB"},{"@type":"Organization","@id":"https:\/\/www.malinashop.lt\/en\/#organization","name":"COM Group Ecommerce","url":"https:\/\/www.malinashop.lt\/en\/","logo":{"@type":"ImageObject","inLanguage":"en-GB","@id":"https:\/\/www.malinashop.lt\/en\/#\/schema\/logo\/image\/","url":"https:\/\/www.malinashop.lt\/wp-content\/uploads\/2024\/08\/462559670_3787732518133670_9795632669273463_n-e1731525914575.png","contentUrl":"https:\/\/www.malinashop.lt\/wp-content\/uploads\/2024\/08\/462559670_3787732518133670_9795632669273463_n-e1731525914575.png","width":180,"height":60,"caption":"COM Group Ecommerce"},"image":{"@id":"https:\/\/www.malinashop.lt\/en\/#\/schema\/logo\/image\/"}}]}},"jetpack_sharing_enabled":true,"_links":{"self":[{"href":"https:\/\/www.malinashop.lt\/en\/wp-json\/wp\/v2\/product\/63942","targetHints":{"allow":["GET"]}}],"collection":[{"href":"https:\/\/www.malinashop.lt\/en\/wp-json\/wp\/v2\/product"}],"about":[{"href":"https:\/\/www.malinashop.lt\/en\/wp-json\/wp\/v2\/types\/product"}],"version-history":[{"count":2,"href":"https:\/\/www.malinashop.lt\/en\/wp-json\/wp\/v2\/product\/63942\/revisions"}],"predecessor-version":[{"id":73362,"href":"https:\/\/www.malinashop.lt\/en\/wp-json\/wp\/v2\/product\/63942\/revisions\/73362"}],"wp:featuredmedia":[{"embeddable":true,"href":"https:\/\/www.malinashop.lt\/en\/wp-json\/wp\/v2\/media\/63944"}],"wp:attachment":[{"href":"https:\/\/www.malinashop.lt\/en\/wp-json\/wp\/v2\/media?parent=63942"}],"wp:term":[{"taxonomy":"product_brand","embeddable":true,"href":"https:\/\/www.malinashop.lt\/en\/wp-json\/wp\/v2\/product_brand?post=63942"},{"taxonomy":"product_cat","embeddable":true,"href":"https:\/\/www.malinashop.lt\/en\/wp-json\/wp\/v2\/product_cat?post=63942"},{"taxonomy":"product_tag","embeddable":true,"href":"https:\/\/www.malinashop.lt\/en\/wp-json\/wp\/v2\/product_tag?post=63942"}],"curies":[{"name":"wp","href":"https:\/\/api.w.org\/{rel}","templated":true}]}}