{"id":63935,"date":"2025-11-24T18:23:09","date_gmt":"2025-11-24T15:23:09","guid":{"rendered":"https:\/\/malinashop.lt\/?post_type=product&#038;p=63935"},"modified":"2026-02-10T13:00:51","modified_gmt":"2026-02-10T10:00:51","slug":"piuma-smilebox-rinkinys-pilkas-soft","status":"publish","type":"product","link":"https:\/\/www.malinashop.lt\/en\/shop\/piuma-smilebox-rinkinys-pilkas-soft\/","title":{"rendered":"PIUMA SmileBox rinkinys pilkas Soft"},"content":{"rendered":"<p data-start=\"746\" data-end=\"1048\">PIUMA SmileBox (pilkas, Soft) \u2013 tai kruop\u0161\u010diai sukomplektuotas burnos prie\u017ei\u016bros dovan\u0173 rinkinys, skirtas kasdieninei higienai, gaivai ir \u0161varai palaikyti. \u0160is rinkinys i\u0161siskiria ne tik moderniu dizainu, bet ir funkcionalumu, tod\u0117l puikiai tinka tiek asmeniniam naudojimui, tiek kaip esteti\u0161ka dovana.<\/p>\n<p data-start=\"1050\" data-end=\"1363\">Rinkinyje rasite PIUMA\u00ae Soft dant\u0173 \u0161epet\u0117l\u012f su itin \u0161velniais mikro \u0161ereliais, special\u0173 kalendorin\u012f pagrind\u0105 patogiam laikymui bei \u201ePure White\u201c dant\u0173 past\u0105, praturtint\u0105 vitaminais. Komplektas sukurtas siekiant u\u017etikrinti maksimal\u0173 komfort\u0105 valantis dantis ir pad\u0117ti palaikyti ger\u0105 burnos sveikat\u0105 kiekvien\u0105 dien\u0105.<\/p>\n<h3 data-start=\"1365\" data-end=\"1398\">Kas \u012feina \u012f SmileBox rinkin\u012f?<\/h3>\n<ul data-start=\"1399\" data-end=\"1527\">\n<li data-start=\"1399\" data-end=\"1436\">\n<p data-start=\"1401\" data-end=\"1436\">PIUMA\u00ae dant\u0173 \u0161epet\u0117lis (Soft)<\/p>\n<\/li>\n<li data-start=\"1437\" data-end=\"1477\">\n<p data-start=\"1439\" data-end=\"1477\">Kalendorinis \u0161epet\u0117lio pagrindas<\/p>\n<\/li>\n<li data-start=\"1478\" data-end=\"1527\">\n<p data-start=\"1480\" data-end=\"1527\">\u201ePure White\u201c dant\u0173 pasta su multivitaminais<\/p>\n<\/li>\n<\/ul>\n<h3 data-start=\"1529\" data-end=\"1565\">PIUMA\u00ae Soft \u0161epet\u0117lio privalumai<\/h3>\n<p data-start=\"1566\" data-end=\"1803\">PIUMA \u0161epet\u0117lis sukurtas tiems, kurie nori \u0161velnios, ta\u010diau efektyvios prie\u017ei\u016bros. Jo \u0161ereliai pagaminti i\u0161 auk\u0161tos kokyb\u0117s Tynex\u00ae mikro pluo\u0161to (0,1 mm) \u2013 tai leid\u017eia kruop\u0161\u010diai pa\u0161alinti apna\u0161as, kartu i\u0161vengiant danten\u0173 dirginimo.<\/p>\n<p data-start=\"1805\" data-end=\"1973\">Papildomai \u0161ereliuose integruotas vitaminas C, kuris padeda palaikyti ger\u0105 burnos ertm\u0117s b\u016bkl\u0119 ir higien\u0105. \u0160is sprendimas ypa\u010d tinka jautriems dantims ir dantenoms.<\/p>\n<p data-start=\"1975\" data-end=\"2164\">\u0160epet\u0117lio rankena \u2013 ergonomi\u0161ka ir lanksti, tod\u0117l patogu valdyti spaudim\u0105 valantis. Integruotas lie\u017euvio valiklis padeda palaikyti dar didesn\u0119 \u0161var\u0105 bei ilgiau i\u0161liekant\u012f gaivos poj\u016bt\u012f.<\/p>\n<p data-start=\"2166\" data-end=\"2297\">\u0160epet\u0117li\u0173 gamyboje naudojamos \u017ealiavos yra antibakterin\u0117s ir sertifikuotos FDA (Amerikos Maisto ir vaist\u0173 administracijos).<\/p>\n<h3 data-start=\"2299\" data-end=\"2352\">\u201ePure White\u201c dant\u0173 pasta \u2013 \u0161vara ir gaiva kasdien<\/h3>\n<p data-start=\"2353\" data-end=\"2675\">\u201ePure White\u201c dant\u0173 pasta pasi\u017eymi antioksidacine formule ir yra praturtinta vitaminais A, B ir C. Sud\u0117tyje esantis fluoridas padeda apsaugoti nuo apna\u0161\u0173 bei dant\u0173 ertmi\u0173 susidarymo. Formul\u0117 yra klini\u0161kai patikrinta ir patvirtinta odontolog\u0173, o gaivus m\u0117t\u0173 skonis suteikia \u0161varos poj\u016bt\u012f po kiekvieno valymo.<\/p>\n<h3 data-start=\"2677\" data-end=\"2726\">Kalendorinis pagrindas \u2013 patogu ir higieni\u0161ka<\/h3>\n<p data-start=\"2727\" data-end=\"2979\">Pridedamas \u0161epet\u0117lio pagrindas leid\u017eia j\u012f patogiai pastatyti ant bet kokio pavir\u0161iaus. Patentuotas dizainas padeda i\u0161vengti vandens kaupimosi, tod\u0117l \u0161epet\u0117lis laikomas higieni\u0161kiau. Pagrinde integruotas kalendorius primena, kada laikas keisti \u0161epet\u0117l\u012f.<\/p>\n<p data-start=\"2981\" data-end=\"3038\">Pastaba: visada pridedamas dant\u0173 \u0161epet\u0117lio dangtelis.<\/p>\n<ul data-start=\"3040\" data-end=\"3130\">\n<li data-start=\"3040\" data-end=\"3059\">\n<p data-start=\"3042\" data-end=\"3059\">100 % vegani\u0161ka<\/p>\n<\/li>\n<li data-start=\"3060\" data-end=\"3083\">\n<p data-start=\"3062\" data-end=\"3083\">Pagaminta Italijoje<\/p>\n<\/li>\n<li data-start=\"3084\" data-end=\"3130\">\n<p data-start=\"3086\" data-end=\"3130\">Draugi\u0161kas gyv\u016bnams produktas (Cruelty free)<\/p>\n<\/li>\n<\/ul>\n<p data-start=\"3132\" data-end=\"3162\">Gamintojas: PIUMA, Italija<\/p>\n","protected":false},"excerpt":{"rendered":"<p data-start=\"445\" data-end=\"720\">PIUMA SmileBox \u2013 prakti\u0161kas dovan\u0173 rinkinys burnos higienai: pilkas Soft dant\u0173 \u0161epet\u0117lis su mikro \u0161ereliais, kalendorinis pagrindas ir \u201ePure White\u201c dant\u0173 pasta su multivitaminais. \u0160velnus dantenoms, gaivaus m\u0117t\u0173 skonio, 100 % vegani\u0161kas, pagamintas Italijoje ir cruelty free.<\/p>\n","protected":false},"featured_media":63937,"template":"","meta":[],"product_brand":[1533],"product_cat":[1569],"product_tag":[1615],"class_list":{"0":"post-63935","1":"product","2":"type-product","3":"status-publish","4":"has-post-thumbnail","6":"product_brand-piuma","7":"product_cat-burnos-higiena","8":"product_tag-piuma","10":"first","11":"instock","12":"sale","13":"purchasable","14":"product-type-simple"},"yoast_head":"<!-- This site is optimized with the Yoast SEO plugin v27.4 - https:\/\/yoast.com\/product\/yoast-seo-wordpress\/ -->\n<title>PIUMA SmileBox rinkinys pilkas Soft - MalinaShop.lt J\u016bs\u0173 sveikatai ir gro\u017eiui.<\/title>\n<meta name=\"description\" content=\"PIUMA SmileBox pilkas Soft rinkinys su dant\u0173 pasta ir \u0161epet\u0117lio pagrindu. Vegani\u0161kas, pagaminta Italijoje.\" \/>\n<meta name=\"robots\" content=\"index, follow, max-snippet:-1, max-image-preview:large, max-video-preview:-1\" \/>\n<link rel=\"canonical\" href=\"https:\/\/www.malinashop.lt\/en\/shop\/piuma-smilebox-rinkinys-pilkas-soft\/\" \/>\n<meta property=\"og:locale\" content=\"en_GB\" \/>\n<meta property=\"og:type\" content=\"article\" \/>\n<meta property=\"og:title\" content=\"PIUMA SmileBox rinkinys pilkas Soft - MalinaShop.lt J\u016bs\u0173 sveikatai ir gro\u017eiui.\" \/>\n<meta property=\"og:description\" content=\"PIUMA SmileBox pilkas Soft rinkinys su dant\u0173 pasta ir \u0161epet\u0117lio pagrindu. Vegani\u0161kas, pagaminta Italijoje.\" \/>\n<meta property=\"og:url\" content=\"https:\/\/www.malinashop.lt\/en\/shop\/piuma-smilebox-rinkinys-pilkas-soft\/\" \/>\n<meta property=\"og:site_name\" content=\"MalinaShop.lt J\u016bs\u0173 sveikatai ir gro\u017eiui.\" \/>\n<meta property=\"article:modified_time\" content=\"2026-02-10T10:00:51+00:00\" \/>\n<meta property=\"og:image\" content=\"https:\/\/www.malinashop.lt\/wp-content\/uploads\/2025\/11\/dantu_sepetelis_tvari_verslo_dovana_hiigiena-dantu_pasta_sveikata_gurmena.lt-600x800-1.jpg\" \/>\n\t<meta property=\"og:image:width\" content=\"600\" \/>\n\t<meta property=\"og:image:height\" content=\"800\" \/>\n\t<meta property=\"og:image:type\" content=\"image\/jpeg\" \/>\n<meta name=\"twitter:card\" content=\"summary_large_image\" \/>\n<script type=\"application\/ld+json\" class=\"yoast-schema-graph\">{\"@context\":\"https:\\\/\\\/schema.org\",\"@graph\":[{\"@type\":\"WebPage\",\"@id\":\"https:\\\/\\\/www.malinashop.lt\\\/en\\\/shop\\\/piuma-smilebox-rinkinys-pilkas-soft\\\/\",\"url\":\"https:\\\/\\\/www.malinashop.lt\\\/en\\\/shop\\\/piuma-smilebox-rinkinys-pilkas-soft\\\/\",\"name\":\"PIUMA SmileBox rinkinys pilkas Soft - MalinaShop.lt J\u016bs\u0173 sveikatai ir gro\u017eiui.\",\"isPartOf\":{\"@id\":\"https:\\\/\\\/www.malinashop.lt\\\/en\\\/#website\"},\"primaryImageOfPage\":{\"@id\":\"https:\\\/\\\/www.malinashop.lt\\\/en\\\/shop\\\/piuma-smilebox-rinkinys-pilkas-soft\\\/#primaryimage\"},\"image\":{\"@id\":\"https:\\\/\\\/www.malinashop.lt\\\/en\\\/shop\\\/piuma-smilebox-rinkinys-pilkas-soft\\\/#primaryimage\"},\"thumbnailUrl\":\"https:\\\/\\\/www.malinashop.lt\\\/wp-content\\\/uploads\\\/2025\\\/11\\\/dantu_sepetelis_tvari_verslo_dovana_hiigiena-dantu_pasta_sveikata_gurmena.lt-600x800-1.jpg\",\"datePublished\":\"2025-11-24T15:23:09+00:00\",\"dateModified\":\"2026-02-10T10:00:51+00:00\",\"description\":\"PIUMA SmileBox pilkas Soft rinkinys su dant\u0173 pasta ir \u0161epet\u0117lio pagrindu. Vegani\u0161kas, pagaminta Italijoje.\",\"breadcrumb\":{\"@id\":\"https:\\\/\\\/www.malinashop.lt\\\/en\\\/shop\\\/piuma-smilebox-rinkinys-pilkas-soft\\\/#breadcrumb\"},\"inLanguage\":\"en-GB\",\"potentialAction\":[{\"@type\":\"ReadAction\",\"target\":[\"https:\\\/\\\/www.malinashop.lt\\\/en\\\/shop\\\/piuma-smilebox-rinkinys-pilkas-soft\\\/\"]}]},{\"@type\":\"ImageObject\",\"inLanguage\":\"en-GB\",\"@id\":\"https:\\\/\\\/www.malinashop.lt\\\/en\\\/shop\\\/piuma-smilebox-rinkinys-pilkas-soft\\\/#primaryimage\",\"url\":\"https:\\\/\\\/www.malinashop.lt\\\/wp-content\\\/uploads\\\/2025\\\/11\\\/dantu_sepetelis_tvari_verslo_dovana_hiigiena-dantu_pasta_sveikata_gurmena.lt-600x800-1.jpg\",\"contentUrl\":\"https:\\\/\\\/www.malinashop.lt\\\/wp-content\\\/uploads\\\/2025\\\/11\\\/dantu_sepetelis_tvari_verslo_dovana_hiigiena-dantu_pasta_sveikata_gurmena.lt-600x800-1.jpg\",\"width\":600,\"height\":800},{\"@type\":\"BreadcrumbList\",\"@id\":\"https:\\\/\\\/www.malinashop.lt\\\/en\\\/shop\\\/piuma-smilebox-rinkinys-pilkas-soft\\\/#breadcrumb\",\"itemListElement\":[{\"@type\":\"ListItem\",\"position\":1,\"name\":\"Home\",\"item\":\"https:\\\/\\\/www.malinashop.lt\\\/en\\\/\"},{\"@type\":\"ListItem\",\"position\":2,\"name\":\"Parduotuv\u0117\",\"item\":\"https:\\\/\\\/www.malinashop.lt\\\/en\\\/parduotuve\\\/\"},{\"@type\":\"ListItem\",\"position\":3,\"name\":\"PIUMA SmileBox rinkinys pilkas Soft\"}]},{\"@type\":\"WebSite\",\"@id\":\"https:\\\/\\\/www.malinashop.lt\\\/en\\\/#website\",\"url\":\"https:\\\/\\\/www.malinashop.lt\\\/en\\\/\",\"name\":\"COM Group Ecommerce\",\"description\":\"MalinaShop.lt - Gro\u017eio ir sveikatos produktai i\u0161 patikim\u0173 preki\u0173 \u017eenkl\u0173. Atraskite auk\u0161tos kokyb\u0117s kosmetik\u0105 u\u017e puiki\u0105 kain\u0105.\",\"publisher\":{\"@id\":\"https:\\\/\\\/www.malinashop.lt\\\/en\\\/#organization\"},\"potentialAction\":[{\"@type\":\"SearchAction\",\"target\":{\"@type\":\"EntryPoint\",\"urlTemplate\":\"https:\\\/\\\/www.malinashop.lt\\\/en\\\/?s={search_term_string}\"},\"query-input\":{\"@type\":\"PropertyValueSpecification\",\"valueRequired\":true,\"valueName\":\"search_term_string\"}}],\"inLanguage\":\"en-GB\"},{\"@type\":\"Organization\",\"@id\":\"https:\\\/\\\/www.malinashop.lt\\\/en\\\/#organization\",\"name\":\"COM Group Ecommerce\",\"url\":\"https:\\\/\\\/www.malinashop.lt\\\/en\\\/\",\"logo\":{\"@type\":\"ImageObject\",\"inLanguage\":\"en-GB\",\"@id\":\"https:\\\/\\\/www.malinashop.lt\\\/en\\\/#\\\/schema\\\/logo\\\/image\\\/\",\"url\":\"https:\\\/\\\/www.malinashop.lt\\\/wp-content\\\/uploads\\\/2024\\\/08\\\/462559670_3787732518133670_9795632669273463_n-e1731525914575.png\",\"contentUrl\":\"https:\\\/\\\/www.malinashop.lt\\\/wp-content\\\/uploads\\\/2024\\\/08\\\/462559670_3787732518133670_9795632669273463_n-e1731525914575.png\",\"width\":180,\"height\":60,\"caption\":\"COM Group Ecommerce\"},\"image\":{\"@id\":\"https:\\\/\\\/www.malinashop.lt\\\/en\\\/#\\\/schema\\\/logo\\\/image\\\/\"}}]}<\/script>\n<!-- \/ Yoast SEO plugin. -->","yoast_head_json":{"title":"PIUMA SmileBox rinkinys pilkas Soft - MalinaShop.lt J\u016bs\u0173 sveikatai ir gro\u017eiui.","description":"PIUMA SmileBox pilkas Soft rinkinys su dant\u0173 pasta ir \u0161epet\u0117lio pagrindu. Vegani\u0161kas, pagaminta Italijoje.","robots":{"index":"index","follow":"follow","max-snippet":"max-snippet:-1","max-image-preview":"max-image-preview:large","max-video-preview":"max-video-preview:-1"},"canonical":"https:\/\/www.malinashop.lt\/en\/shop\/piuma-smilebox-rinkinys-pilkas-soft\/","og_locale":"en_GB","og_type":"article","og_title":"PIUMA SmileBox rinkinys pilkas Soft - MalinaShop.lt J\u016bs\u0173 sveikatai ir gro\u017eiui.","og_description":"PIUMA SmileBox pilkas Soft rinkinys su dant\u0173 pasta ir \u0161epet\u0117lio pagrindu. Vegani\u0161kas, pagaminta Italijoje.","og_url":"https:\/\/www.malinashop.lt\/en\/shop\/piuma-smilebox-rinkinys-pilkas-soft\/","og_site_name":"MalinaShop.lt J\u016bs\u0173 sveikatai ir gro\u017eiui.","article_modified_time":"2026-02-10T10:00:51+00:00","og_image":[{"width":600,"height":800,"url":"https:\/\/www.malinashop.lt\/wp-content\/uploads\/2025\/11\/dantu_sepetelis_tvari_verslo_dovana_hiigiena-dantu_pasta_sveikata_gurmena.lt-600x800-1.jpg","type":"image\/jpeg"}],"twitter_card":"summary_large_image","schema":{"@context":"https:\/\/schema.org","@graph":[{"@type":"WebPage","@id":"https:\/\/www.malinashop.lt\/en\/shop\/piuma-smilebox-rinkinys-pilkas-soft\/","url":"https:\/\/www.malinashop.lt\/en\/shop\/piuma-smilebox-rinkinys-pilkas-soft\/","name":"PIUMA SmileBox rinkinys pilkas Soft - MalinaShop.lt J\u016bs\u0173 sveikatai ir gro\u017eiui.","isPartOf":{"@id":"https:\/\/www.malinashop.lt\/en\/#website"},"primaryImageOfPage":{"@id":"https:\/\/www.malinashop.lt\/en\/shop\/piuma-smilebox-rinkinys-pilkas-soft\/#primaryimage"},"image":{"@id":"https:\/\/www.malinashop.lt\/en\/shop\/piuma-smilebox-rinkinys-pilkas-soft\/#primaryimage"},"thumbnailUrl":"https:\/\/www.malinashop.lt\/wp-content\/uploads\/2025\/11\/dantu_sepetelis_tvari_verslo_dovana_hiigiena-dantu_pasta_sveikata_gurmena.lt-600x800-1.jpg","datePublished":"2025-11-24T15:23:09+00:00","dateModified":"2026-02-10T10:00:51+00:00","description":"PIUMA SmileBox pilkas Soft rinkinys su dant\u0173 pasta ir \u0161epet\u0117lio pagrindu. Vegani\u0161kas, pagaminta Italijoje.","breadcrumb":{"@id":"https:\/\/www.malinashop.lt\/en\/shop\/piuma-smilebox-rinkinys-pilkas-soft\/#breadcrumb"},"inLanguage":"en-GB","potentialAction":[{"@type":"ReadAction","target":["https:\/\/www.malinashop.lt\/en\/shop\/piuma-smilebox-rinkinys-pilkas-soft\/"]}]},{"@type":"ImageObject","inLanguage":"en-GB","@id":"https:\/\/www.malinashop.lt\/en\/shop\/piuma-smilebox-rinkinys-pilkas-soft\/#primaryimage","url":"https:\/\/www.malinashop.lt\/wp-content\/uploads\/2025\/11\/dantu_sepetelis_tvari_verslo_dovana_hiigiena-dantu_pasta_sveikata_gurmena.lt-600x800-1.jpg","contentUrl":"https:\/\/www.malinashop.lt\/wp-content\/uploads\/2025\/11\/dantu_sepetelis_tvari_verslo_dovana_hiigiena-dantu_pasta_sveikata_gurmena.lt-600x800-1.jpg","width":600,"height":800},{"@type":"BreadcrumbList","@id":"https:\/\/www.malinashop.lt\/en\/shop\/piuma-smilebox-rinkinys-pilkas-soft\/#breadcrumb","itemListElement":[{"@type":"ListItem","position":1,"name":"Home","item":"https:\/\/www.malinashop.lt\/en\/"},{"@type":"ListItem","position":2,"name":"Parduotuv\u0117","item":"https:\/\/www.malinashop.lt\/en\/parduotuve\/"},{"@type":"ListItem","position":3,"name":"PIUMA SmileBox rinkinys pilkas Soft"}]},{"@type":"WebSite","@id":"https:\/\/www.malinashop.lt\/en\/#website","url":"https:\/\/www.malinashop.lt\/en\/","name":"COM Group Ecommerce","description":"MalinaShop.lt - Gro\u017eio ir sveikatos produktai i\u0161 patikim\u0173 preki\u0173 \u017eenkl\u0173. Atraskite auk\u0161tos kokyb\u0117s kosmetik\u0105 u\u017e puiki\u0105 kain\u0105.","publisher":{"@id":"https:\/\/www.malinashop.lt\/en\/#organization"},"potentialAction":[{"@type":"SearchAction","target":{"@type":"EntryPoint","urlTemplate":"https:\/\/www.malinashop.lt\/en\/?s={search_term_string}"},"query-input":{"@type":"PropertyValueSpecification","valueRequired":true,"valueName":"search_term_string"}}],"inLanguage":"en-GB"},{"@type":"Organization","@id":"https:\/\/www.malinashop.lt\/en\/#organization","name":"COM Group Ecommerce","url":"https:\/\/www.malinashop.lt\/en\/","logo":{"@type":"ImageObject","inLanguage":"en-GB","@id":"https:\/\/www.malinashop.lt\/en\/#\/schema\/logo\/image\/","url":"https:\/\/www.malinashop.lt\/wp-content\/uploads\/2024\/08\/462559670_3787732518133670_9795632669273463_n-e1731525914575.png","contentUrl":"https:\/\/www.malinashop.lt\/wp-content\/uploads\/2024\/08\/462559670_3787732518133670_9795632669273463_n-e1731525914575.png","width":180,"height":60,"caption":"COM Group Ecommerce"},"image":{"@id":"https:\/\/www.malinashop.lt\/en\/#\/schema\/logo\/image\/"}}]}},"jetpack_sharing_enabled":true,"_links":{"self":[{"href":"https:\/\/www.malinashop.lt\/en\/wp-json\/wp\/v2\/product\/63935","targetHints":{"allow":["GET"]}}],"collection":[{"href":"https:\/\/www.malinashop.lt\/en\/wp-json\/wp\/v2\/product"}],"about":[{"href":"https:\/\/www.malinashop.lt\/en\/wp-json\/wp\/v2\/types\/product"}],"version-history":[{"count":3,"href":"https:\/\/www.malinashop.lt\/en\/wp-json\/wp\/v2\/product\/63935\/revisions"}],"predecessor-version":[{"id":73361,"href":"https:\/\/www.malinashop.lt\/en\/wp-json\/wp\/v2\/product\/63935\/revisions\/73361"}],"wp:featuredmedia":[{"embeddable":true,"href":"https:\/\/www.malinashop.lt\/en\/wp-json\/wp\/v2\/media\/63937"}],"wp:attachment":[{"href":"https:\/\/www.malinashop.lt\/en\/wp-json\/wp\/v2\/media?parent=63935"}],"wp:term":[{"taxonomy":"product_brand","embeddable":true,"href":"https:\/\/www.malinashop.lt\/en\/wp-json\/wp\/v2\/product_brand?post=63935"},{"taxonomy":"product_cat","embeddable":true,"href":"https:\/\/www.malinashop.lt\/en\/wp-json\/wp\/v2\/product_cat?post=63935"},{"taxonomy":"product_tag","embeddable":true,"href":"https:\/\/www.malinashop.lt\/en\/wp-json\/wp\/v2\/product_tag?post=63935"}],"curies":[{"name":"wp","href":"https:\/\/api.w.org\/{rel}","templated":true}]}}