{"id":63917,"date":"2025-11-24T18:22:38","date_gmt":"2025-11-24T15:22:38","guid":{"rendered":"https:\/\/malinashop.lt\/?post_type=product&#038;p=63917"},"modified":"2026-02-22T23:11:56","modified_gmt":"2026-02-22T20:11:56","slug":"piuma-pure-white-dantu-pasta-75-ml","status":"publish","type":"product","link":"https:\/\/www.malinashop.lt\/en\/shop\/piuma-pure-white-dantu-pasta-75-ml\/","title":{"rendered":"PIUMA PURE WHITE dant\u0173 pasta, 75 ml"},"content":{"rendered":"<p data-start=\"147\" data-end=\"379\"><strong data-start=\"147\" data-end=\"167\">PIUMA PURE WHITE<\/strong> \u2013 tai antioksidacin\u0117 ir apsaugin\u0117 dant\u0173 pasta, sukurta kasdienei burnos higienai ir dant\u0173 prie\u017ei\u016brai. Formul\u0117 praturtinta <strong data-start=\"290\" data-end=\"314\">A, B ir C vitaminais<\/strong>, kurie padeda stiprinti dantis bei palaikyti sveikas dantenas.<\/p>\n<p data-start=\"381\" data-end=\"644\">Sud\u0117tyje esantis <strong data-start=\"398\" data-end=\"411\">fluoridas<\/strong> efektyviai saugo nuo apna\u0161\u0173 kaupimosi ir dant\u0173 \u0117duonies, o gaivus <strong data-start=\"478\" data-end=\"493\">m\u0117t\u0173 skonis<\/strong> suteikia ilgalaik\u012f \u0161varos ir gaivos poj\u016bt\u012f. Klinikiniais tyrimais patvirtinta formul\u0117 u\u017etikrina patikim\u0105 apsaug\u0105 ir yra tinkama kasdieniam naudojimui.<\/p>\n<h4 data-start=\"646\" data-end=\"670\">Pagrindin\u0117s savyb\u0117s:<\/h4>\n<ul data-start=\"671\" data-end=\"932\">\n<li data-start=\"671\" data-end=\"711\">\n<p data-start=\"673\" data-end=\"711\">Praturtinta <strong data-start=\"685\" data-end=\"709\">A, B ir C vitaminais<\/strong><\/p>\n<\/li>\n<li data-start=\"712\" data-end=\"778\">\n<p data-start=\"714\" data-end=\"778\"><strong data-start=\"714\" data-end=\"727\">Fluoridas<\/strong> padeda apsaugoti nuo apna\u0161\u0173 ir ertmi\u0173 susidarymo<\/p>\n<\/li>\n<li data-start=\"779\" data-end=\"818\">\n<p data-start=\"781\" data-end=\"818\">Antioksidacin\u0117 ir apsaugin\u0117 formul\u0117<\/p>\n<\/li>\n<li data-start=\"819\" data-end=\"845\">\n<p data-start=\"821\" data-end=\"845\">Gaivus <strong data-start=\"828\" data-end=\"843\">m\u0117t\u0173 skonis<\/strong><\/p>\n<\/li>\n<li data-start=\"846\" data-end=\"896\">\n<p data-start=\"848\" data-end=\"896\">Klini\u0161kai patikrinta ir odontolog\u0173 patvirtinta<\/p>\n<\/li>\n<li data-start=\"897\" data-end=\"932\">\n<p data-start=\"899\" data-end=\"932\">Tinka kasdienei burnos higienai<\/p>\n<\/li>\n<\/ul>\n<p data-start=\"934\" data-end=\"950\"><strong data-start=\"934\" data-end=\"944\">Talpa:<\/strong> 75 ml<\/p>\n","protected":false},"excerpt":{"rendered":"<p data-start=\"990\" data-end=\"1149\">Antioksidacin\u0117 PIUMA PURE WHITE dant\u0173 pasta su A, B ir C vitaminais bei fluoridu padeda apsaugoti dantis, stiprinti emal\u012f ir u\u017etikrina ilgalaik\u012f gaivos poj\u016bt\u012f.<\/p>\n","protected":false},"featured_media":63919,"template":"","meta":[],"product_brand":[1533],"product_cat":[1569],"product_tag":[1615],"class_list":{"0":"post-63917","1":"product","2":"type-product","3":"status-publish","4":"has-post-thumbnail","6":"product_brand-piuma","7":"product_cat-burnos-higiena","8":"product_tag-piuma","10":"first","11":"outofstock","12":"purchasable","13":"product-type-simple"},"yoast_head":"<!-- This site is optimized with the Yoast SEO plugin v27.4 - https:\/\/yoast.com\/product\/yoast-seo-wordpress\/ -->\n<title>PIUMA PURE WHITE dant\u0173 pasta, 75 ml - MalinaShop.lt J\u016bs\u0173 sveikatai ir gro\u017eiui.<\/title>\n<meta name=\"description\" content=\"PIUMA PURE WHITE dant\u0173 pasta su vitaminais A, B ir C bei fluoridu. Apsaugo nuo apna\u0161\u0173, padeda stiprinti dantis ir suteikia gaiv\u0173 m\u0117t\u0173 poj\u016bt\u012f.\" \/>\n<meta name=\"robots\" content=\"index, follow, max-snippet:-1, max-image-preview:large, max-video-preview:-1\" \/>\n<link rel=\"canonical\" href=\"https:\/\/www.malinashop.lt\/en\/shop\/piuma-pure-white-dantu-pasta-75-ml\/\" \/>\n<meta property=\"og:locale\" content=\"en_GB\" \/>\n<meta property=\"og:type\" content=\"article\" \/>\n<meta property=\"og:title\" content=\"PIUMA PURE WHITE dant\u0173 pasta, 75 ml - MalinaShop.lt J\u016bs\u0173 sveikatai ir gro\u017eiui.\" \/>\n<meta property=\"og:description\" content=\"PIUMA PURE WHITE dant\u0173 pasta su vitaminais A, B ir C bei fluoridu. Apsaugo nuo apna\u0161\u0173, padeda stiprinti dantis ir suteikia gaiv\u0173 m\u0117t\u0173 poj\u016bt\u012f.\" \/>\n<meta property=\"og:url\" content=\"https:\/\/www.malinashop.lt\/en\/shop\/piuma-pure-white-dantu-pasta-75-ml\/\" \/>\n<meta property=\"og:site_name\" content=\"MalinaShop.lt J\u016bs\u0173 sveikatai ir gro\u017eiui.\" \/>\n<meta property=\"article:modified_time\" content=\"2026-02-22T20:11:56+00:00\" \/>\n<meta property=\"og:image\" content=\"https:\/\/www.malinashop.lt\/wp-content\/uploads\/2025\/11\/dantu_pasta_siu_vitaminais_white_higiena_odontologija_gurmena.lt-600x800-1.png\" \/>\n\t<meta property=\"og:image:width\" content=\"600\" \/>\n\t<meta property=\"og:image:height\" content=\"800\" \/>\n\t<meta property=\"og:image:type\" content=\"image\/png\" \/>\n<meta name=\"twitter:card\" content=\"summary_large_image\" \/>\n<script type=\"application\/ld+json\" class=\"yoast-schema-graph\">{\"@context\":\"https:\\\/\\\/schema.org\",\"@graph\":[{\"@type\":\"WebPage\",\"@id\":\"https:\\\/\\\/www.malinashop.lt\\\/en\\\/shop\\\/piuma-pure-white-dantu-pasta-75-ml\\\/\",\"url\":\"https:\\\/\\\/www.malinashop.lt\\\/en\\\/shop\\\/piuma-pure-white-dantu-pasta-75-ml\\\/\",\"name\":\"PIUMA PURE WHITE dant\u0173 pasta, 75 ml - MalinaShop.lt J\u016bs\u0173 sveikatai ir gro\u017eiui.\",\"isPartOf\":{\"@id\":\"https:\\\/\\\/www.malinashop.lt\\\/en\\\/#website\"},\"primaryImageOfPage\":{\"@id\":\"https:\\\/\\\/www.malinashop.lt\\\/en\\\/shop\\\/piuma-pure-white-dantu-pasta-75-ml\\\/#primaryimage\"},\"image\":{\"@id\":\"https:\\\/\\\/www.malinashop.lt\\\/en\\\/shop\\\/piuma-pure-white-dantu-pasta-75-ml\\\/#primaryimage\"},\"thumbnailUrl\":\"https:\\\/\\\/www.malinashop.lt\\\/wp-content\\\/uploads\\\/2025\\\/11\\\/dantu_pasta_siu_vitaminais_white_higiena_odontologija_gurmena.lt-600x800-1.png\",\"datePublished\":\"2025-11-24T15:22:38+00:00\",\"dateModified\":\"2026-02-22T20:11:56+00:00\",\"description\":\"PIUMA PURE WHITE dant\u0173 pasta su vitaminais A, B ir C bei fluoridu. Apsaugo nuo apna\u0161\u0173, padeda stiprinti dantis ir suteikia gaiv\u0173 m\u0117t\u0173 poj\u016bt\u012f.\",\"breadcrumb\":{\"@id\":\"https:\\\/\\\/www.malinashop.lt\\\/en\\\/shop\\\/piuma-pure-white-dantu-pasta-75-ml\\\/#breadcrumb\"},\"inLanguage\":\"en-GB\",\"potentialAction\":[{\"@type\":\"ReadAction\",\"target\":[\"https:\\\/\\\/www.malinashop.lt\\\/en\\\/shop\\\/piuma-pure-white-dantu-pasta-75-ml\\\/\"]}]},{\"@type\":\"ImageObject\",\"inLanguage\":\"en-GB\",\"@id\":\"https:\\\/\\\/www.malinashop.lt\\\/en\\\/shop\\\/piuma-pure-white-dantu-pasta-75-ml\\\/#primaryimage\",\"url\":\"https:\\\/\\\/www.malinashop.lt\\\/wp-content\\\/uploads\\\/2025\\\/11\\\/dantu_pasta_siu_vitaminais_white_higiena_odontologija_gurmena.lt-600x800-1.png\",\"contentUrl\":\"https:\\\/\\\/www.malinashop.lt\\\/wp-content\\\/uploads\\\/2025\\\/11\\\/dantu_pasta_siu_vitaminais_white_higiena_odontologija_gurmena.lt-600x800-1.png\",\"width\":600,\"height\":800},{\"@type\":\"BreadcrumbList\",\"@id\":\"https:\\\/\\\/www.malinashop.lt\\\/en\\\/shop\\\/piuma-pure-white-dantu-pasta-75-ml\\\/#breadcrumb\",\"itemListElement\":[{\"@type\":\"ListItem\",\"position\":1,\"name\":\"Home\",\"item\":\"https:\\\/\\\/www.malinashop.lt\\\/en\\\/\"},{\"@type\":\"ListItem\",\"position\":2,\"name\":\"Parduotuv\u0117\",\"item\":\"https:\\\/\\\/www.malinashop.lt\\\/en\\\/parduotuve\\\/\"},{\"@type\":\"ListItem\",\"position\":3,\"name\":\"PIUMA PURE WHITE dant\u0173 pasta, 75 ml\"}]},{\"@type\":\"WebSite\",\"@id\":\"https:\\\/\\\/www.malinashop.lt\\\/en\\\/#website\",\"url\":\"https:\\\/\\\/www.malinashop.lt\\\/en\\\/\",\"name\":\"COM Group Ecommerce\",\"description\":\"MalinaShop.lt - Gro\u017eio ir sveikatos produktai i\u0161 patikim\u0173 preki\u0173 \u017eenkl\u0173. Atraskite auk\u0161tos kokyb\u0117s kosmetik\u0105 u\u017e puiki\u0105 kain\u0105.\",\"publisher\":{\"@id\":\"https:\\\/\\\/www.malinashop.lt\\\/en\\\/#organization\"},\"potentialAction\":[{\"@type\":\"SearchAction\",\"target\":{\"@type\":\"EntryPoint\",\"urlTemplate\":\"https:\\\/\\\/www.malinashop.lt\\\/en\\\/?s={search_term_string}\"},\"query-input\":{\"@type\":\"PropertyValueSpecification\",\"valueRequired\":true,\"valueName\":\"search_term_string\"}}],\"inLanguage\":\"en-GB\"},{\"@type\":\"Organization\",\"@id\":\"https:\\\/\\\/www.malinashop.lt\\\/en\\\/#organization\",\"name\":\"COM Group Ecommerce\",\"url\":\"https:\\\/\\\/www.malinashop.lt\\\/en\\\/\",\"logo\":{\"@type\":\"ImageObject\",\"inLanguage\":\"en-GB\",\"@id\":\"https:\\\/\\\/www.malinashop.lt\\\/en\\\/#\\\/schema\\\/logo\\\/image\\\/\",\"url\":\"https:\\\/\\\/www.malinashop.lt\\\/wp-content\\\/uploads\\\/2024\\\/08\\\/462559670_3787732518133670_9795632669273463_n-e1731525914575.png\",\"contentUrl\":\"https:\\\/\\\/www.malinashop.lt\\\/wp-content\\\/uploads\\\/2024\\\/08\\\/462559670_3787732518133670_9795632669273463_n-e1731525914575.png\",\"width\":180,\"height\":60,\"caption\":\"COM Group Ecommerce\"},\"image\":{\"@id\":\"https:\\\/\\\/www.malinashop.lt\\\/en\\\/#\\\/schema\\\/logo\\\/image\\\/\"}}]}<\/script>\n<!-- \/ Yoast SEO plugin. -->","yoast_head_json":{"title":"PIUMA PURE WHITE dant\u0173 pasta, 75 ml - MalinaShop.lt J\u016bs\u0173 sveikatai ir gro\u017eiui.","description":"PIUMA PURE WHITE dant\u0173 pasta su vitaminais A, B ir C bei fluoridu. Apsaugo nuo apna\u0161\u0173, padeda stiprinti dantis ir suteikia gaiv\u0173 m\u0117t\u0173 poj\u016bt\u012f.","robots":{"index":"index","follow":"follow","max-snippet":"max-snippet:-1","max-image-preview":"max-image-preview:large","max-video-preview":"max-video-preview:-1"},"canonical":"https:\/\/www.malinashop.lt\/en\/shop\/piuma-pure-white-dantu-pasta-75-ml\/","og_locale":"en_GB","og_type":"article","og_title":"PIUMA PURE WHITE dant\u0173 pasta, 75 ml - MalinaShop.lt J\u016bs\u0173 sveikatai ir gro\u017eiui.","og_description":"PIUMA PURE WHITE dant\u0173 pasta su vitaminais A, B ir C bei fluoridu. Apsaugo nuo apna\u0161\u0173, padeda stiprinti dantis ir suteikia gaiv\u0173 m\u0117t\u0173 poj\u016bt\u012f.","og_url":"https:\/\/www.malinashop.lt\/en\/shop\/piuma-pure-white-dantu-pasta-75-ml\/","og_site_name":"MalinaShop.lt J\u016bs\u0173 sveikatai ir gro\u017eiui.","article_modified_time":"2026-02-22T20:11:56+00:00","og_image":[{"width":600,"height":800,"url":"https:\/\/www.malinashop.lt\/wp-content\/uploads\/2025\/11\/dantu_pasta_siu_vitaminais_white_higiena_odontologija_gurmena.lt-600x800-1.png","type":"image\/png"}],"twitter_card":"summary_large_image","schema":{"@context":"https:\/\/schema.org","@graph":[{"@type":"WebPage","@id":"https:\/\/www.malinashop.lt\/en\/shop\/piuma-pure-white-dantu-pasta-75-ml\/","url":"https:\/\/www.malinashop.lt\/en\/shop\/piuma-pure-white-dantu-pasta-75-ml\/","name":"PIUMA PURE WHITE dant\u0173 pasta, 75 ml - MalinaShop.lt J\u016bs\u0173 sveikatai ir gro\u017eiui.","isPartOf":{"@id":"https:\/\/www.malinashop.lt\/en\/#website"},"primaryImageOfPage":{"@id":"https:\/\/www.malinashop.lt\/en\/shop\/piuma-pure-white-dantu-pasta-75-ml\/#primaryimage"},"image":{"@id":"https:\/\/www.malinashop.lt\/en\/shop\/piuma-pure-white-dantu-pasta-75-ml\/#primaryimage"},"thumbnailUrl":"https:\/\/www.malinashop.lt\/wp-content\/uploads\/2025\/11\/dantu_pasta_siu_vitaminais_white_higiena_odontologija_gurmena.lt-600x800-1.png","datePublished":"2025-11-24T15:22:38+00:00","dateModified":"2026-02-22T20:11:56+00:00","description":"PIUMA PURE WHITE dant\u0173 pasta su vitaminais A, B ir C bei fluoridu. Apsaugo nuo apna\u0161\u0173, padeda stiprinti dantis ir suteikia gaiv\u0173 m\u0117t\u0173 poj\u016bt\u012f.","breadcrumb":{"@id":"https:\/\/www.malinashop.lt\/en\/shop\/piuma-pure-white-dantu-pasta-75-ml\/#breadcrumb"},"inLanguage":"en-GB","potentialAction":[{"@type":"ReadAction","target":["https:\/\/www.malinashop.lt\/en\/shop\/piuma-pure-white-dantu-pasta-75-ml\/"]}]},{"@type":"ImageObject","inLanguage":"en-GB","@id":"https:\/\/www.malinashop.lt\/en\/shop\/piuma-pure-white-dantu-pasta-75-ml\/#primaryimage","url":"https:\/\/www.malinashop.lt\/wp-content\/uploads\/2025\/11\/dantu_pasta_siu_vitaminais_white_higiena_odontologija_gurmena.lt-600x800-1.png","contentUrl":"https:\/\/www.malinashop.lt\/wp-content\/uploads\/2025\/11\/dantu_pasta_siu_vitaminais_white_higiena_odontologija_gurmena.lt-600x800-1.png","width":600,"height":800},{"@type":"BreadcrumbList","@id":"https:\/\/www.malinashop.lt\/en\/shop\/piuma-pure-white-dantu-pasta-75-ml\/#breadcrumb","itemListElement":[{"@type":"ListItem","position":1,"name":"Home","item":"https:\/\/www.malinashop.lt\/en\/"},{"@type":"ListItem","position":2,"name":"Parduotuv\u0117","item":"https:\/\/www.malinashop.lt\/en\/parduotuve\/"},{"@type":"ListItem","position":3,"name":"PIUMA PURE WHITE dant\u0173 pasta, 75 ml"}]},{"@type":"WebSite","@id":"https:\/\/www.malinashop.lt\/en\/#website","url":"https:\/\/www.malinashop.lt\/en\/","name":"COM Group Ecommerce","description":"MalinaShop.lt - Gro\u017eio ir sveikatos produktai i\u0161 patikim\u0173 preki\u0173 \u017eenkl\u0173. Atraskite auk\u0161tos kokyb\u0117s kosmetik\u0105 u\u017e puiki\u0105 kain\u0105.","publisher":{"@id":"https:\/\/www.malinashop.lt\/en\/#organization"},"potentialAction":[{"@type":"SearchAction","target":{"@type":"EntryPoint","urlTemplate":"https:\/\/www.malinashop.lt\/en\/?s={search_term_string}"},"query-input":{"@type":"PropertyValueSpecification","valueRequired":true,"valueName":"search_term_string"}}],"inLanguage":"en-GB"},{"@type":"Organization","@id":"https:\/\/www.malinashop.lt\/en\/#organization","name":"COM Group Ecommerce","url":"https:\/\/www.malinashop.lt\/en\/","logo":{"@type":"ImageObject","inLanguage":"en-GB","@id":"https:\/\/www.malinashop.lt\/en\/#\/schema\/logo\/image\/","url":"https:\/\/www.malinashop.lt\/wp-content\/uploads\/2024\/08\/462559670_3787732518133670_9795632669273463_n-e1731525914575.png","contentUrl":"https:\/\/www.malinashop.lt\/wp-content\/uploads\/2024\/08\/462559670_3787732518133670_9795632669273463_n-e1731525914575.png","width":180,"height":60,"caption":"COM Group Ecommerce"},"image":{"@id":"https:\/\/www.malinashop.lt\/en\/#\/schema\/logo\/image\/"}}]}},"jetpack_sharing_enabled":true,"_links":{"self":[{"href":"https:\/\/www.malinashop.lt\/en\/wp-json\/wp\/v2\/product\/63917","targetHints":{"allow":["GET"]}}],"collection":[{"href":"https:\/\/www.malinashop.lt\/en\/wp-json\/wp\/v2\/product"}],"about":[{"href":"https:\/\/www.malinashop.lt\/en\/wp-json\/wp\/v2\/types\/product"}],"version-history":[{"count":2,"href":"https:\/\/www.malinashop.lt\/en\/wp-json\/wp\/v2\/product\/63917\/revisions"}],"predecessor-version":[{"id":72300,"href":"https:\/\/www.malinashop.lt\/en\/wp-json\/wp\/v2\/product\/63917\/revisions\/72300"}],"wp:featuredmedia":[{"embeddable":true,"href":"https:\/\/www.malinashop.lt\/en\/wp-json\/wp\/v2\/media\/63919"}],"wp:attachment":[{"href":"https:\/\/www.malinashop.lt\/en\/wp-json\/wp\/v2\/media?parent=63917"}],"wp:term":[{"taxonomy":"product_brand","embeddable":true,"href":"https:\/\/www.malinashop.lt\/en\/wp-json\/wp\/v2\/product_brand?post=63917"},{"taxonomy":"product_cat","embeddable":true,"href":"https:\/\/www.malinashop.lt\/en\/wp-json\/wp\/v2\/product_cat?post=63917"},{"taxonomy":"product_tag","embeddable":true,"href":"https:\/\/www.malinashop.lt\/en\/wp-json\/wp\/v2\/product_tag?post=63917"}],"curies":[{"name":"wp","href":"https:\/\/api.w.org\/{rel}","templated":true}]}}